{"id":77050,"date":"2024-06-03T13:01:47","date_gmt":"2024-06-03T13:01:47","guid":{"rendered":"https:\/\/www.accuratereviews.com\/?page_id=77050"},"modified":"2024-06-04T09:09:57","modified_gmt":"2024-06-04T09:09:57","slug":"sweet-recensione","status":"publish","type":"page","link":"https:\/\/www.accuratereviews.com\/it\/piattaforme-per-fundraising\/sweet-recensione\/","title":{"rendered":"Sweet"},"content":{"rendered":"<p><strong>Sweet<\/strong>, sviluppato da <strong>Blue Sky Collaborative<\/strong>, \u00e8 una <strong>soluzione di raccolta fondi<\/strong> peer-to-peer basata sul <strong>cloud<\/strong>, che fornisce agli utenti strumenti e funzionalit\u00e0 per gestire le routine di raccolta fondi e le comunicazioni relative alla missione con i donatori. Le funzionalit\u00e0 principali includono registrazioni individuali e di squadra, pagine di raccolta fondi, reporting amministrativo e altro ancora.<br \/>\n<strong>Sweet <\/strong>aiuta gli utenti a creare<strong> campagne personalizzate<\/strong> e presenta moduli di donazione, un account manager dedicato, strumenti di gestione dei volontari, dashb oard di reporting e analisi, pi\u00f9 livelli amministrativi e cambio di piattaforma gestito. La soluzione fornisce una dashboard centrale, che permette di monitorare e tenere traccia di varie attivit\u00e0 e routine. Gli utenti possono anche<strong> creare siti web<\/strong> di eventi e pagine di raccolta fondi con lo strumento di creazione di siti web integrato.<\/p>\n<h2>SWEET &#8211; TUTORIAL<\/h2>\n<div id=\"fluid-wrapper-counter-1\" class=\"g1-fluid-wrapper \" style=\"width:686px;\">\n<div style=\"padding-bottom:56.268221574344%;\"><iframe loading=\"lazy\" title=\"Blue Sky Collaborative SWEET! fundraising platform &#039;How To&#039; send a fundraiser email video.\" width=\"515\" height=\"386\" src=\"https:\/\/www.youtube.com\/embed\/f0q6V7d_Zek?feature=oembed&amp;wmode=transparent&amp;autohide=1&amp;autoplay=0&amp;disablekb=0&amp;fs=1&amp;loop=0&amp;enablejsapi=1&amp;rel=0&amp;controls=2&amp;showinfo=0&amp;wmode=transparent&amp;autohide=2&amp;autoplay=0&amp;disablekb=0&amp;fs=1&amp;loop=0&amp;enablejsapi=1&amp;rel=0&amp;controls=2&amp;showinfo=1\" frameborder=\"0\" allow=\"accelerometer; autoplay; clipboard-write; encrypted-media; gyroscope; picture-in-picture; web-share\" referrerpolicy=\"strict-origin-when-cross-origin\" allowfullscreen><\/iframe><\/div>\n<\/div>\n<h3>SWEET &#8211; CARATTERISTICHE<\/h3>\n<ul>\n<li>Email di gratitudine automatizzate<\/li>\n<li>Schermate ottimizzate per i contenuti<\/li>\n<li>Rapporti facili da scaricare<\/li>\n<li>Moduli di registrazione configurabili<\/li>\n<li>Fornisci raccolte fondi sia di classe che individuali con pagine di supporto per la raccolta fondi<\/li>\n<li>Consenti ai camminatori, ciclisti o atleti di selezionare la taglia della maglietta<\/li>\n<li>Classifica i migliori partecipanti o corsi per la raccolta fondi<\/li>\n<li>Riscuoti una quota di registrazione, se necessario<\/li>\n<li>Includere un impegno per giro e impegni generali<\/li>\n<li>Classifica degli atleti che hanno indirizzato pi\u00f9 persone all&#8217;evento.<\/li>\n<li>Consenti al programma di impostare un livello minimo di raccolta fondi o donazioni<\/li>\n<li>Fornire la flessibilit\u00e0 necessaria per supportare le misure di sicurezza desiderate per proteggere i giovani<\/li>\n<li>Offrire l&#8217;uso di foto e video per raccontare una storia<\/li>\n<li>Promuovere opportunit\u00e0 di sponsorizzazione e loghi aziendali<\/li>\n<li>Supportare i volontari nella registrazione<\/li>\n<li>Classifica i migliori atleti e team che hanno raccolto fondi<\/li>\n<\/ul>\n<h4>LE RECENSIONI DEGLI UTENTI<\/h4>\n<p><strong>Stephanie &#8220;Eccellente servizio clienti, altamente personalizzabile, buon prezzo&#8221;<\/strong><br \/>\n<strong>Commenti<\/strong>: Il servizio clienti \u00e8 eccezionale! Apprezziamo molto che quando abbiamo avuto una richiesta o un problema, il team SWEET sia stato reattivo e pronto ad affrontarlo. Siamo davvero soddisfatti del prodotto e prevediamo che aiuter\u00e0 la nostra organizzazione a raccogliere fondi sostanziali.<br \/>\n<strong>Pro<\/strong>: SWEET \u00e8 facile ed intuitivo da usare. Anche per le persone senza molta esperienza precedente di lavoro con CRM, piattaforme di crowdfunding o tecnologia in generale, non ci \u00e8 voluto molto per prendere confidenza con il prodotto. SWEET \u00e8 stata in grado di personalizzare quasi tutto per assomigliare esattamente al nostro sito web. Dai caratteri e colori, alle foto e ai loghi, SWEET \u00e8 un&#8217;estensione del nostro marchio.<br \/>\n<strong>Contro<\/strong>: Abbiamo dovuto affrontare alcune sfide per assicurarci che tutto funzionasse e funzionasse come volevamo, ma in ogni caso c&#8217;era una soluzione che abbiamo trovato rapidamente.<\/p>\n<p><strong>Jillian &#8220;Nel complesso, abbiamo avuto una buona esperienza con il software.&#8221;<\/strong><br \/>\n<strong>Pro<\/strong>: Il software ci consente di avere una piattaforma di raccolta fondi per il nostro evento di raccolta fondi peer-to-peer che \u00e8 una delle nostre vie di raccolta fondi pi\u00f9 importanti.<br \/>\n<strong>Contro<\/strong>: Nel complesso, siamo soddisfatti. Non credo che sia il pi\u00f9 sofisticato in circolazione, ma siamo un piccolo negozio e questo soddisfa le nostre esigenze a un prezzo relativamente buono.<\/p>\n<p><strong>Aneena &#8220;Fin qui tutto bene.&#8221;<\/strong><br \/>\n<strong>Pro<\/strong>: Adoro il fatto che ci sia una connettivit\u00e0 perfetta con Paypal. \u00c8 affidabile e facile da usare anche per i non addetti ai lavori.<br \/>\n<strong>Contro<\/strong>: Mancanza di funzionalit\u00e0 di reporting. Mi piacerebbe vedere rapporti migliori come rapporti di squadra, saldo dovuto e altre funzionalit\u00e0<\/p>\n","protected":false},"excerpt":{"rendered":"<p>Sweet, sviluppato da Blue Sky Collaborative, \u00e8 una soluzione di raccolta fondi peer-to-peer basata sul cloud, che fornisce agli utenti strumenti e funzionalit\u00e0 per gestire le routine di raccolta fondi e le comunicazioni relative alla missione con i donatori. Le funzionalit\u00e0 principali includono registrazioni individuali e di squadra, pagine di raccolta fondi, reporting amministrativo e altro ancora.<\/p>\n","protected":false},"author":19,"featured_media":77051,"parent":35419,"menu_order":0,"comment_status":"open","ping_status":"closed","template":"g1_template_page_review_new.php","meta":{"_acf_changed":false,"cwp_meta_box_check":"Yes","cwp_rev_product_name":"","cwp_rev_product_image":"","wppr_links":[],"cwp_rev_price":"0.00","wppr_options":[{"name":"Usability","value":"0"},{"name":"Speed","value":"0"},{"name":"Features","value":"0"},{"name":"Support","value":"0"},{"name":"Pricing","value":"0"}],"wppr_pros":["","","","",""],"wppr_cons":["","","","",""],"_monsterinsights_skip_tracking":false,"_monsterinsights_sitenote_active":false,"_monsterinsights_sitenote_note":"","_monsterinsights_sitenote_category":0,"footnotes":""},"categories":[4851],"tags":[4852,4878,4855,4877,4859,4854,4875,4909,4876,15108],"features":[],"class_list":{"0":"post-77050","1":"page","2":"type-page","3":"status-publish","4":"has-post-thumbnail","6":"category-piattaforme-per-fundraising-categoria","7":"tag-piattaforma-per-fundraising","8":"tag-piattaforma-raccolta-fondi","9":"tag-programma-per-fundraising","10":"tag-programma-raccolta-fondi","11":"tag-raccolta-fondi","12":"tag-software-per-fundraising","13":"tag-software-raccolta-fondi","14":"tag-soluzione-per-fundraising","15":"tag-soluzione-raccolta-fondi","16":"tag-sweet"},"wppr_data":{"cwp_meta_box_check":"Yes","_wppr_review_template":"default","cwp_rev_product_image":"","cwp_image_link":"image","wppr_links":[],"cwp_rev_price":"0.00","wppr_pros":["","","","",""],"wppr_cons":["","","","",""],"wppr_rating":"0.00","wppr_options":{"1":{"name":"Usability","value":"0"},"2":{"name":"Speed","value":"0"},"3":{"name":"Features","value":"0"},"4":{"name":"Support","value":"0"},"5":{"name":"Pricing","value":"0"}},"wppr_review_type":"Product","wppr_review_custom_fields":{"additionalProperty":"","additionalType":"","aggregateRating":"","alternateName":"","audience":"","award":"","awards":"","brand":"","color":"","depth":"","description":"","disambiguatingDescription":"","gtin12":"","gtin13":"","gtin14":"","gtin8":"","height":"","identifier":"","image":"","isAccessoryOrSparePartFor":"","isConsumableFor":"","isRelatedTo":"","isSimilarTo":"","itemCondition":"","logo":"","mainEntityOfPage":"","manufacturer":"","material":"","model":"","mpn":"","name":"","offers":"","potentialAction":"","productID":"","productionDate":"","purchaseDate":"","releaseDate":"","review":"","reviews":"","sameAs":"","sku":"","slogan":"","subjectOf":"","url":"","weight":"","width":""}},"acf":[],"yoast_head":"<!-- This site is optimized with the Yoast SEO plugin v27.4 - https:\/\/yoast.com\/product\/yoast-seo-wordpress\/ -->\n<title>Sweet: recensione software di fundraising - Accurate Reviews<\/title>\n<meta name=\"description\" content=\"Sweet: recensione soluzione di raccolta fondi peer-to-peer basata sul cloud che fornisce agli utenti strumenti per gestire la routine.\" \/>\n<meta name=\"robots\" content=\"index, follow, max-snippet:-1, max-image-preview:large, max-video-preview:-1\" \/>\n<link rel=\"canonical\" href=\"https:\/\/www.accuratereviews.com\/it\/piattaforme-per-fundraising\/sweet-recensione\/\" \/>\n<meta property=\"og:locale\" content=\"it_IT\" \/>\n<meta property=\"og:type\" content=\"article\" \/>\n<meta property=\"og:title\" content=\"Sweet: recensione software di fundraising - Accurate Reviews\" \/>\n<meta property=\"og:description\" content=\"Sweet: recensione soluzione di raccolta fondi peer-to-peer basata sul cloud che fornisce agli utenti strumenti per gestire la routine.\" \/>\n<meta property=\"og:url\" content=\"https:\/\/www.accuratereviews.com\/it\/piattaforme-per-fundraising\/sweet-recensione\/\" \/>\n<meta property=\"og:site_name\" content=\"Accurate Reviews\" \/>\n<meta property=\"article:modified_time\" content=\"2024-06-04T09:09:57+00:00\" \/>\n<meta property=\"og:image\" content=\"https:\/\/www.accuratereviews.com\/wp-content\/uploads\/2024\/06\/Screenshot-2024-06-03-alle-09.45.07.png\" \/>\n\t<meta property=\"og:image:width\" content=\"824\" \/>\n\t<meta property=\"og:image:height\" content=\"268\" \/>\n\t<meta property=\"og:image:type\" content=\"image\/png\" \/>\n<meta name=\"twitter:card\" content=\"summary_large_image\" \/>\n<meta name=\"twitter:label1\" content=\"Tempo di lettura stimato\" \/>\n\t<meta name=\"twitter:data1\" content=\"4 minuti\" \/>\n<script type=\"application\/ld+json\" class=\"yoast-schema-graph\">{\"@context\":\"https:\\\/\\\/schema.org\",\"@graph\":[{\"@type\":\"WebPage\",\"@id\":\"https:\\\/\\\/www.accuratereviews.com\\\/it\\\/piattaforme-per-fundraising\\\/sweet-recensione\\\/\",\"url\":\"https:\\\/\\\/www.accuratereviews.com\\\/it\\\/piattaforme-per-fundraising\\\/sweet-recensione\\\/\",\"name\":\"Sweet: recensione software di fundraising - Accurate Reviews\",\"isPartOf\":{\"@id\":\"https:\\\/\\\/www.accuratereviews.com\\\/it\\\/#website\"},\"primaryImageOfPage\":{\"@id\":\"https:\\\/\\\/www.accuratereviews.com\\\/it\\\/piattaforme-per-fundraising\\\/sweet-recensione\\\/#primaryimage\"},\"image\":{\"@id\":\"https:\\\/\\\/www.accuratereviews.com\\\/it\\\/piattaforme-per-fundraising\\\/sweet-recensione\\\/#primaryimage\"},\"thumbnailUrl\":\"https:\\\/\\\/www.accuratereviews.com\\\/wp-content\\\/uploads\\\/2024\\\/06\\\/Screenshot-2024-06-03-alle-09.45.07.png\",\"datePublished\":\"2024-06-03T13:01:47+00:00\",\"dateModified\":\"2024-06-04T09:09:57+00:00\",\"description\":\"Sweet: recensione soluzione di raccolta fondi peer-to-peer basata sul cloud che fornisce agli utenti strumenti per gestire la routine.\",\"breadcrumb\":{\"@id\":\"https:\\\/\\\/www.accuratereviews.com\\\/it\\\/piattaforme-per-fundraising\\\/sweet-recensione\\\/#breadcrumb\"},\"inLanguage\":\"it-IT\",\"potentialAction\":[{\"@type\":\"ReadAction\",\"target\":[\"https:\\\/\\\/www.accuratereviews.com\\\/it\\\/piattaforme-per-fundraising\\\/sweet-recensione\\\/\"]}]},{\"@type\":\"ImageObject\",\"inLanguage\":\"it-IT\",\"@id\":\"https:\\\/\\\/www.accuratereviews.com\\\/it\\\/piattaforme-per-fundraising\\\/sweet-recensione\\\/#primaryimage\",\"url\":\"https:\\\/\\\/www.accuratereviews.com\\\/wp-content\\\/uploads\\\/2024\\\/06\\\/Screenshot-2024-06-03-alle-09.45.07.png\",\"contentUrl\":\"https:\\\/\\\/www.accuratereviews.com\\\/wp-content\\\/uploads\\\/2024\\\/06\\\/Screenshot-2024-06-03-alle-09.45.07.png\",\"width\":824,\"height\":268},{\"@type\":\"BreadcrumbList\",\"@id\":\"https:\\\/\\\/www.accuratereviews.com\\\/it\\\/piattaforme-per-fundraising\\\/sweet-recensione\\\/#breadcrumb\",\"itemListElement\":[{\"@type\":\"ListItem\",\"position\":1,\"name\":\"Home\",\"item\":\"https:\\\/\\\/www.accuratereviews.com\\\/it\\\/\"},{\"@type\":\"ListItem\",\"position\":2,\"name\":\"Piattaforme per fundraising\",\"item\":\"https:\\\/\\\/www.accuratereviews.com\\\/it\\\/piattaforme-per-fundraising\\\/\"},{\"@type\":\"ListItem\",\"position\":3,\"name\":\"Sweet\"}]},{\"@type\":\"WebSite\",\"@id\":\"https:\\\/\\\/www.accuratereviews.com\\\/it\\\/#website\",\"url\":\"https:\\\/\\\/www.accuratereviews.com\\\/it\\\/\",\"name\":\"Accurate Reviews\",\"description\":\"\",\"potentialAction\":[{\"@type\":\"SearchAction\",\"target\":{\"@type\":\"EntryPoint\",\"urlTemplate\":\"https:\\\/\\\/www.accuratereviews.com\\\/it\\\/?s={search_term_string}\"},\"query-input\":{\"@type\":\"PropertyValueSpecification\",\"valueRequired\":true,\"valueName\":\"search_term_string\"}}],\"inLanguage\":\"it-IT\"}]}<\/script>\n<!-- \/ Yoast SEO plugin. -->","yoast_head_json":{"title":"Sweet: recensione software di fundraising - Accurate Reviews","description":"Sweet: recensione soluzione di raccolta fondi peer-to-peer basata sul cloud che fornisce agli utenti strumenti per gestire la routine.","robots":{"index":"index","follow":"follow","max-snippet":"max-snippet:-1","max-image-preview":"max-image-preview:large","max-video-preview":"max-video-preview:-1"},"canonical":"https:\/\/www.accuratereviews.com\/it\/piattaforme-per-fundraising\/sweet-recensione\/","og_locale":"it_IT","og_type":"article","og_title":"Sweet: recensione software di fundraising - Accurate Reviews","og_description":"Sweet: recensione soluzione di raccolta fondi peer-to-peer basata sul cloud che fornisce agli utenti strumenti per gestire la routine.","og_url":"https:\/\/www.accuratereviews.com\/it\/piattaforme-per-fundraising\/sweet-recensione\/","og_site_name":"Accurate Reviews","article_modified_time":"2024-06-04T09:09:57+00:00","og_image":[{"width":824,"height":268,"url":"https:\/\/www.accuratereviews.com\/wp-content\/uploads\/2024\/06\/Screenshot-2024-06-03-alle-09.45.07.png","type":"image\/png"}],"twitter_card":"summary_large_image","twitter_misc":{"Tempo di lettura stimato":"4 minuti"},"schema":{"@context":"https:\/\/schema.org","@graph":[{"@type":"WebPage","@id":"https:\/\/www.accuratereviews.com\/it\/piattaforme-per-fundraising\/sweet-recensione\/","url":"https:\/\/www.accuratereviews.com\/it\/piattaforme-per-fundraising\/sweet-recensione\/","name":"Sweet: recensione software di fundraising - Accurate Reviews","isPartOf":{"@id":"https:\/\/www.accuratereviews.com\/it\/#website"},"primaryImageOfPage":{"@id":"https:\/\/www.accuratereviews.com\/it\/piattaforme-per-fundraising\/sweet-recensione\/#primaryimage"},"image":{"@id":"https:\/\/www.accuratereviews.com\/it\/piattaforme-per-fundraising\/sweet-recensione\/#primaryimage"},"thumbnailUrl":"https:\/\/www.accuratereviews.com\/wp-content\/uploads\/2024\/06\/Screenshot-2024-06-03-alle-09.45.07.png","datePublished":"2024-06-03T13:01:47+00:00","dateModified":"2024-06-04T09:09:57+00:00","description":"Sweet: recensione soluzione di raccolta fondi peer-to-peer basata sul cloud che fornisce agli utenti strumenti per gestire la routine.","breadcrumb":{"@id":"https:\/\/www.accuratereviews.com\/it\/piattaforme-per-fundraising\/sweet-recensione\/#breadcrumb"},"inLanguage":"it-IT","potentialAction":[{"@type":"ReadAction","target":["https:\/\/www.accuratereviews.com\/it\/piattaforme-per-fundraising\/sweet-recensione\/"]}]},{"@type":"ImageObject","inLanguage":"it-IT","@id":"https:\/\/www.accuratereviews.com\/it\/piattaforme-per-fundraising\/sweet-recensione\/#primaryimage","url":"https:\/\/www.accuratereviews.com\/wp-content\/uploads\/2024\/06\/Screenshot-2024-06-03-alle-09.45.07.png","contentUrl":"https:\/\/www.accuratereviews.com\/wp-content\/uploads\/2024\/06\/Screenshot-2024-06-03-alle-09.45.07.png","width":824,"height":268},{"@type":"BreadcrumbList","@id":"https:\/\/www.accuratereviews.com\/it\/piattaforme-per-fundraising\/sweet-recensione\/#breadcrumb","itemListElement":[{"@type":"ListItem","position":1,"name":"Home","item":"https:\/\/www.accuratereviews.com\/it\/"},{"@type":"ListItem","position":2,"name":"Piattaforme per fundraising","item":"https:\/\/www.accuratereviews.com\/it\/piattaforme-per-fundraising\/"},{"@type":"ListItem","position":3,"name":"Sweet"}]},{"@type":"WebSite","@id":"https:\/\/www.accuratereviews.com\/it\/#website","url":"https:\/\/www.accuratereviews.com\/it\/","name":"Accurate Reviews","description":"","potentialAction":[{"@type":"SearchAction","target":{"@type":"EntryPoint","urlTemplate":"https:\/\/www.accuratereviews.com\/it\/?s={search_term_string}"},"query-input":{"@type":"PropertyValueSpecification","valueRequired":true,"valueName":"search_term_string"}}],"inLanguage":"it-IT"}]}},"_links":{"self":[{"href":"https:\/\/www.accuratereviews.com\/it\/wp-json\/wp\/v2\/pages\/77050","targetHints":{"allow":["GET"]}}],"collection":[{"href":"https:\/\/www.accuratereviews.com\/it\/wp-json\/wp\/v2\/pages"}],"about":[{"href":"https:\/\/www.accuratereviews.com\/it\/wp-json\/wp\/v2\/types\/page"}],"author":[{"embeddable":true,"href":"https:\/\/www.accuratereviews.com\/it\/wp-json\/wp\/v2\/users\/19"}],"replies":[{"embeddable":true,"href":"https:\/\/www.accuratereviews.com\/it\/wp-json\/wp\/v2\/comments?post=77050"}],"version-history":[{"count":8,"href":"https:\/\/www.accuratereviews.com\/it\/wp-json\/wp\/v2\/pages\/77050\/revisions"}],"predecessor-version":[{"id":77079,"href":"https:\/\/www.accuratereviews.com\/it\/wp-json\/wp\/v2\/pages\/77050\/revisions\/77079"}],"up":[{"embeddable":true,"href":"https:\/\/www.accuratereviews.com\/it\/wp-json\/wp\/v2\/pages\/35419"}],"wp:featuredmedia":[{"embeddable":true,"href":"https:\/\/www.accuratereviews.com\/it\/wp-json\/wp\/v2\/media\/77051"}],"wp:attachment":[{"href":"https:\/\/www.accuratereviews.com\/it\/wp-json\/wp\/v2\/media?parent=77050"}],"wp:term":[{"taxonomy":"category","embeddable":true,"href":"https:\/\/www.accuratereviews.com\/it\/wp-json\/wp\/v2\/categories?post=77050"},{"taxonomy":"post_tag","embeddable":true,"href":"https:\/\/www.accuratereviews.com\/it\/wp-json\/wp\/v2\/tags?post=77050"},{"taxonomy":"features","embeddable":true,"href":"https:\/\/www.accuratereviews.com\/it\/wp-json\/wp\/v2\/features?post=77050"}],"curies":[{"name":"wp","href":"https:\/\/api.w.org\/{rel}","templated":true}]}}