{"id":77076,"date":"2024-06-04T17:36:58","date_gmt":"2024-06-04T17:36:58","guid":{"rendered":"https:\/\/www.accuratereviews.com\/?page_id=77076"},"modified":"2024-06-04T17:36:58","modified_gmt":"2024-06-04T17:36:58","slug":"engaging-networks-recensione","status":"publish","type":"page","link":"https:\/\/www.accuratereviews.com\/it\/piattaforme-per-fundraising\/engaging-networks-recensione\/","title":{"rendered":"Engaging Networks"},"content":{"rendered":"<p><strong>Engaging Networks<\/strong> aiuta le organizzazioni non profit a massimizzare il loro impatto attraverso una suite di strumenti di livello mondiale per la <strong>raccolta fondi online<\/strong> e il coinvolgimento digitale. Le organizzazioni non profit di ogni dimensione e causa, dai diritti umani ai soccorsi in caso di calamit\u00e0, utilizzano la piattaforma per raccogliere fondi, coinvolgere le loro comunit\u00e0 e portare avanti le loro missioni. Per oltre 20 anni, hanno alimentato decine di milioni di donazioni da oltre 190 paesi e raccolto oltre 2 miliardi di dollari per il bene sociale.<br \/>\nLa piattaforma <strong>Engaging Networks<\/strong> viene aggiornata costantemente con nuove funzionalit\u00e0 e aggiornamenti ogni sei-otto settimane in modo da poter fornire una piattaforma innovativa adatta ad ogni esigenza. Pu\u00f2 sostituire i sistemi di patrocinio, raccolta fondi, email, P2P, eventi e gestione dei dati di cui disponi o conservare qualsiasi cosa desideri.<\/p>\n<h2>ENGAGING NETWORKS &#8211; TUTORIAL<\/h2>\n<div id=\"fluid-wrapper-counter-1\" class=\"g1-fluid-wrapper \" style=\"width:686px;\">\n<div style=\"padding-bottom:56.268221574344%;\"><iframe loading=\"lazy\" title=\"Engaging Networks Release 5.7.0 Highlights May 2024\" width=\"686\" height=\"386\" src=\"https:\/\/www.youtube.com\/embed\/_7lHB0nPhYU?feature=oembed&amp;wmode=transparent&amp;autohide=1&amp;autoplay=0&amp;disablekb=0&amp;fs=1&amp;loop=0&amp;enablejsapi=1&amp;rel=0&amp;controls=2&amp;showinfo=0&amp;wmode=transparent&amp;autohide=2&amp;autoplay=0&amp;disablekb=0&amp;fs=1&amp;loop=0&amp;enablejsapi=1&amp;rel=0&amp;controls=2&amp;showinfo=1\" frameborder=\"0\" allow=\"accelerometer; autoplay; clipboard-write; encrypted-media; gyroscope; picture-in-picture; web-share\" referrerpolicy=\"strict-origin-when-cross-origin\" allowfullscreen><\/iframe><\/div>\n<\/div>\n<h3>ENGAGING NETWORKS &#8211; CARATTERISTICHE<\/h3>\n<ul>\n<li>Invia e-mail broadcast e SMS utilizzando le funzionalit\u00e0 di messaggistica drag-and-drop. Utilizza SMS con parole chiave e contenuti condizionali per personalizzare le campagne. Raggiungerai pi\u00f9 sostenitori in meno tempo<\/li>\n<li>Crea bellissimi modelli di pagina e moduli di donazione in modo rapido e semplice da solo o con i modelli gratuiti predefiniti. Crea moduli a uno o pi\u00f9 passaggi \u2013 o entrambi \u2013 e testali utilizzando gli strumenti nativi di test delle pagine A\/B per massimizzare i risultati.<\/li>\n<li>Porta le tue azioni e i tuoi successi a un nuovo livello e risparmia tempo e grattacapi al personale nella creazione di pagine. Crea petizioni, moduli di acquisizione dati, sondaggi, azioni di sostegno e altro ancora.<\/li>\n<li>Costruisci un intero sito web, non solo una pagina, per la tua campagna<\/li>\n<li>Crea e gestisci pi\u00f9 tipi di programmi di abbonamento come individuale e familiare<\/li>\n<li>Imposta durate personalizzate per i programmi di abbonamento in mesi o anni<\/li>\n<li>Consenti ai sostenitori di iscriversi come membro o di rinnovare un&#8217;iscrizione per i membri attuali<\/li>\n<li>Personalizza le ricevute del programma di adesione e le pagine di ringraziamento con le informazioni sul programma di adesione<\/li>\n<li>I sostenitori possono rinnovare, gestire i pagamenti e visualizzare la cronologia completa della loro iscrizione nel tuo portale HUB personalizzato<\/li>\n<li>Accetta pagamenti in pi\u00f9 valute<\/li>\n<li>Codici promozionali per quote associative scontate durante gli eventi<\/li>\n<li>Possibilit\u00e0 di accettare pagamenti rateali sulle quote associative<\/li>\n<li>Funzionalit\u00e0 di gestione del prodotto che offrono funzionalit\u00e0 SKU, prezzo di vendita e inventario<\/li>\n<li>Codici promozionali per scontare il totale del carrello<\/li>\n<li>Offri un&#8217;opzione di importo &#8220;donazione aggiuntiva&#8221; al momento del pagamento<\/li>\n<li>Cartoline elettroniche reattive e programmabili da inviare ai destinatari<\/li>\n<li>Facile organizzazione in categorie e sezioni in primo piano per aiutare gli acquirenti<\/li>\n<li>Gli acquirenti diventano sostenitori e donatori mantenendo tutti i tuoi dati in un unico posto<\/li>\n<li>Utilizza il programma per inviare email a donatori o acquirenti, aggiungerli alle automazioni di marketing e altro ancora<\/li>\n<li>Sincronizza i dati dei tuoi donatori con database esterni con le numerose integrazioni e API aperte<\/li>\n<li>Accetta pagamenti in qualsiasi valuta e visualizza le pagine in oltre 140 lingue<\/li>\n<\/ul>\n<h4>LE RECENSIONI DEGLI UTENTI<\/h4>\n<p><strong>Jack &#8220;Engaging Networks continua a dare risultati&#8221;<\/strong><br \/>\n<strong>Commenti<\/strong>: La mia esperienza complessiva \u00e8 estremamente positiva. Sono in grado di creare campagne entusiasmanti, esteticamente gradevoli e coinvolgenti con il minimo sforzo. Posso condividerle facilmente sulle nostre email e sui social media. Per l&#8217;utente finale, sono passo dopo passo e sono facili da coinvolgere.<br \/>\n<strong>Pro<\/strong>: Engaging Networks ci consente di lanciare in modo efficace petizioni online e iniziative di advocacy. \u00c8 uno strumento semplice e facile da usare per l&#8217;utente finale che offre un&#8217;esperienza diretta e un processo facile da seguire che ha portato a un forte coinvolgimento da parte della nostra base di utenti. Ogni volta che abbiamo riscontrato problemi, che sono rari, il team di assistenza clienti \u00e8 stato fenomenale &#8211; ho risposto al telefono in pochi istanti e tutti quelli con cui ho parlato sono stati molto competenti ed efficaci nel risolvere il problema e mi sento sempre a mio agio quando chiamo per fare una domanda. Abbiamo utilizzato il sito per lanciare campagne sugli aumenti salariali, sul costo della vita e sulla riclassificazione degli operatori sanitari nel Regno Unito. \u00c8 un ottimo strumento e continuiamo a vedere risultati.<br \/>\n<strong>Contro<\/strong>: Ci vuole un po\u2019 di tempo per abituarsi ad alcune delle \u201cstranezze\u201d della piattaforma. A volte l&#8217;interfaccia non \u00e8 delle pi\u00f9 intuitive, ma abbiamo impostato dei modelli per cercare di mitigare questo problema. Allo stesso modo, come sopra, il loro servizio clienti \u00e8 davvero tra i migliori che abbia mai sperimentato, ogni volta che ho avuto un problema mi hanno risposto sei a una telefonata di distanza.<\/p>\n<p><strong>Ryan &#8220;Engaging Networks \u00e8 la piattaforma semplice, flessibile e potente di cui il tuo ente di beneficenza o no-profit ha bisogno.&#8221;<\/strong><br \/>\n<strong>Pro<\/strong>: Molti eCRMS moderni sono impantanati in un compromesso tra facilit\u00e0 d\u2019uso e sofisticatezza. Come si crea una piattaforma di raccolta fondi e patrocinio potente e facile da usare? Questa \u00e8 stata la sfida continua su cui Engaging Networks si \u00e8 concentrata nello sviluppo dei propri strumenti. Qui i compromessi sono minimi, e ci\u00f2 \u00e8 dovuto al costante investimento in nuove funzionalit\u00e0 e ottimizzazioni della piattaforma che apportano pi\u00f9 volte all&#8217;anno. Non c&#8217;\u00e8 nessun&#8217;altra piattaforma da noi supportata che sia stata in grado di tenere il passo con le esigenze dei propri clienti e la natura dinamica del settore NP.<br \/>\n<strong>Contro<\/strong>: Gli strumenti di automazione del marketing sono generalmente molto buoni e soddisfano la maggior parte dei casi d&#8217;uso, ma altre piattaforme hanno logiche e strumenti di percorso pi\u00f9 robusti. Capisco che questo, insieme all&#8217;email marketing, \u00e8 sulla tabella di marcia per miglioramenti presto. Sarebbe utile anche un miglioramento nel testare le automazioni del marketing prima della produzione.<\/p>\n<p><strong>Suzanne &#8220;Ottima esperienza e un ottimo team con cui lavorare.&#8221;<\/strong><br \/>\n<strong>Pro<\/strong>: L&#8217;interfaccia rende abbastanza facile la navigazione. \u00c8 intuitivo. Fondamentale \u00e8 il continuo aggiornamento delle funzioni a disposizione dell&#8217;utente.<br \/>\n<strong>Contro<\/strong>: La formazione associata al software deve essere un po\u2019 pi\u00f9 solida. Esistono vari approcci per rendere questo software e le sue funzionalit\u00e0 pi\u00f9 adatti alle esigenze di un&#8217;organizzazione. Per identificare la migliore soluzione da seguire \u00e8 necessario un maggiore coinvolgimento iniziale del team EN.<\/p>\n","protected":false},"excerpt":{"rendered":"<p>Engaging Networks aiuta le organizzazioni non profit a massimizzare il loro impatto attraverso una suite di strumenti di livello mondiale per la raccolta fondi online e il coinvolgimento digitale. Le organizzazioni non profit di ogni dimensione e causa, dai diritti umani ai soccorsi in caso di calamit\u00e0, utilizzano la piattaforma per raccogliere fondi, coinvolgere le loro comunit\u00e0 e portare avanti le loro missioni.<\/p>\n","protected":false},"author":19,"featured_media":77080,"parent":35419,"menu_order":0,"comment_status":"open","ping_status":"closed","template":"g1_template_page_review_new.php","meta":{"_acf_changed":false,"cwp_meta_box_check":"Yes","cwp_rev_product_name":"","cwp_rev_product_image":"","wppr_links":[],"cwp_rev_price":"0.00","wppr_options":[{"name":"Usability","value":"0"},{"name":"Speed","value":"0"},{"name":"Features","value":"0"},{"name":"Support","value":"0"},{"name":"Pricing","value":"0"}],"wppr_pros":["","","","",""],"wppr_cons":["","","","",""],"_monsterinsights_skip_tracking":false,"_monsterinsights_sitenote_active":false,"_monsterinsights_sitenote_note":"","_monsterinsights_sitenote_category":0,"footnotes":""},"categories":[4851],"tags":[15111,4852,4878,4855,4877,4859,4854,4875,4909,4876],"features":[],"class_list":{"0":"post-77076","1":"page","2":"type-page","3":"status-publish","4":"has-post-thumbnail","6":"category-piattaforme-per-fundraising-categoria","7":"tag-engaging-networks","8":"tag-piattaforma-per-fundraising","9":"tag-piattaforma-raccolta-fondi","10":"tag-programma-per-fundraising","11":"tag-programma-raccolta-fondi","12":"tag-raccolta-fondi","13":"tag-software-per-fundraising","14":"tag-software-raccolta-fondi","15":"tag-soluzione-per-fundraising","16":"tag-soluzione-raccolta-fondi"},"wppr_data":{"cwp_meta_box_check":"Yes","_wppr_review_template":"default","cwp_rev_product_image":"","cwp_image_link":"image","wppr_links":[],"cwp_rev_price":"0.00","wppr_pros":["","","","",""],"wppr_cons":["","","","",""],"wppr_rating":"0.00","wppr_options":{"1":{"name":"Usability","value":"0"},"2":{"name":"Speed","value":"0"},"3":{"name":"Features","value":"0"},"4":{"name":"Support","value":"0"},"5":{"name":"Pricing","value":"0"}},"wppr_review_type":"Product","wppr_review_custom_fields":{"additionalProperty":"","additionalType":"","aggregateRating":"","alternateName":"","audience":"","award":"","awards":"","brand":"","color":"","depth":"","description":"","disambiguatingDescription":"","gtin12":"","gtin13":"","gtin14":"","gtin8":"","height":"","identifier":"","image":"","isAccessoryOrSparePartFor":"","isConsumableFor":"","isRelatedTo":"","isSimilarTo":"","itemCondition":"","logo":"","mainEntityOfPage":"","manufacturer":"","material":"","model":"","mpn":"","name":"","offers":"","potentialAction":"","productID":"","productionDate":"","purchaseDate":"","releaseDate":"","review":"","reviews":"","sameAs":"","sku":"","slogan":"","subjectOf":"","url":"","weight":"","width":""}},"acf":[],"yoast_head":"<!-- This site is optimized with the Yoast SEO plugin v27.4 - https:\/\/yoast.com\/product\/yoast-seo-wordpress\/ -->\n<title>Engaging Networks: recensione software di fundraising - Accurate Reviews<\/title>\n<meta name=\"description\" content=\"Engaging Networks: recensione soluzione raccolta fondi online che aiuta le organizzazioni non profit a massimizzare il loro impatto.\" \/>\n<meta name=\"robots\" content=\"index, follow, max-snippet:-1, max-image-preview:large, max-video-preview:-1\" \/>\n<link rel=\"canonical\" href=\"https:\/\/www.accuratereviews.com\/it\/piattaforme-per-fundraising\/engaging-networks-recensione\/\" \/>\n<meta property=\"og:locale\" content=\"it_IT\" \/>\n<meta property=\"og:type\" content=\"article\" \/>\n<meta property=\"og:title\" content=\"Engaging Networks: recensione software di fundraising - Accurate Reviews\" \/>\n<meta property=\"og:description\" content=\"Engaging Networks: recensione soluzione raccolta fondi online che aiuta le organizzazioni non profit a massimizzare il loro impatto.\" \/>\n<meta property=\"og:url\" content=\"https:\/\/www.accuratereviews.com\/it\/piattaforme-per-fundraising\/engaging-networks-recensione\/\" \/>\n<meta property=\"og:site_name\" content=\"Accurate Reviews\" \/>\n<meta property=\"og:image\" content=\"https:\/\/www.accuratereviews.com\/wp-content\/uploads\/2024\/06\/Engaging-Networks.png\" \/>\n\t<meta property=\"og:image:width\" content=\"720\" \/>\n\t<meta property=\"og:image:height\" content=\"325\" \/>\n\t<meta property=\"og:image:type\" content=\"image\/png\" \/>\n<meta name=\"twitter:card\" content=\"summary_large_image\" \/>\n<meta name=\"twitter:label1\" content=\"Tempo di lettura stimato\" \/>\n\t<meta name=\"twitter:data1\" content=\"7 minuti\" \/>\n<script type=\"application\/ld+json\" class=\"yoast-schema-graph\">{\"@context\":\"https:\\\/\\\/schema.org\",\"@graph\":[{\"@type\":\"WebPage\",\"@id\":\"https:\\\/\\\/www.accuratereviews.com\\\/it\\\/piattaforme-per-fundraising\\\/engaging-networks-recensione\\\/\",\"url\":\"https:\\\/\\\/www.accuratereviews.com\\\/it\\\/piattaforme-per-fundraising\\\/engaging-networks-recensione\\\/\",\"name\":\"Engaging Networks: recensione software di fundraising - Accurate Reviews\",\"isPartOf\":{\"@id\":\"https:\\\/\\\/www.accuratereviews.com\\\/it\\\/#website\"},\"primaryImageOfPage\":{\"@id\":\"https:\\\/\\\/www.accuratereviews.com\\\/it\\\/piattaforme-per-fundraising\\\/engaging-networks-recensione\\\/#primaryimage\"},\"image\":{\"@id\":\"https:\\\/\\\/www.accuratereviews.com\\\/it\\\/piattaforme-per-fundraising\\\/engaging-networks-recensione\\\/#primaryimage\"},\"thumbnailUrl\":\"https:\\\/\\\/www.accuratereviews.com\\\/wp-content\\\/uploads\\\/2024\\\/06\\\/Engaging-Networks.png\",\"datePublished\":\"2024-06-04T17:36:58+00:00\",\"description\":\"Engaging Networks: recensione soluzione raccolta fondi online che aiuta le organizzazioni non profit a massimizzare il loro impatto.\",\"breadcrumb\":{\"@id\":\"https:\\\/\\\/www.accuratereviews.com\\\/it\\\/piattaforme-per-fundraising\\\/engaging-networks-recensione\\\/#breadcrumb\"},\"inLanguage\":\"it-IT\",\"potentialAction\":[{\"@type\":\"ReadAction\",\"target\":[\"https:\\\/\\\/www.accuratereviews.com\\\/it\\\/piattaforme-per-fundraising\\\/engaging-networks-recensione\\\/\"]}]},{\"@type\":\"ImageObject\",\"inLanguage\":\"it-IT\",\"@id\":\"https:\\\/\\\/www.accuratereviews.com\\\/it\\\/piattaforme-per-fundraising\\\/engaging-networks-recensione\\\/#primaryimage\",\"url\":\"https:\\\/\\\/www.accuratereviews.com\\\/wp-content\\\/uploads\\\/2024\\\/06\\\/Engaging-Networks.png\",\"contentUrl\":\"https:\\\/\\\/www.accuratereviews.com\\\/wp-content\\\/uploads\\\/2024\\\/06\\\/Engaging-Networks.png\",\"width\":720,\"height\":325},{\"@type\":\"BreadcrumbList\",\"@id\":\"https:\\\/\\\/www.accuratereviews.com\\\/it\\\/piattaforme-per-fundraising\\\/engaging-networks-recensione\\\/#breadcrumb\",\"itemListElement\":[{\"@type\":\"ListItem\",\"position\":1,\"name\":\"Home\",\"item\":\"https:\\\/\\\/www.accuratereviews.com\\\/it\\\/\"},{\"@type\":\"ListItem\",\"position\":2,\"name\":\"Piattaforme per fundraising\",\"item\":\"https:\\\/\\\/www.accuratereviews.com\\\/it\\\/piattaforme-per-fundraising\\\/\"},{\"@type\":\"ListItem\",\"position\":3,\"name\":\"Engaging Networks\"}]},{\"@type\":\"WebSite\",\"@id\":\"https:\\\/\\\/www.accuratereviews.com\\\/it\\\/#website\",\"url\":\"https:\\\/\\\/www.accuratereviews.com\\\/it\\\/\",\"name\":\"Accurate Reviews\",\"description\":\"\",\"potentialAction\":[{\"@type\":\"SearchAction\",\"target\":{\"@type\":\"EntryPoint\",\"urlTemplate\":\"https:\\\/\\\/www.accuratereviews.com\\\/it\\\/?s={search_term_string}\"},\"query-input\":{\"@type\":\"PropertyValueSpecification\",\"valueRequired\":true,\"valueName\":\"search_term_string\"}}],\"inLanguage\":\"it-IT\"}]}<\/script>\n<!-- \/ Yoast SEO plugin. -->","yoast_head_json":{"title":"Engaging Networks: recensione software di fundraising - Accurate Reviews","description":"Engaging Networks: recensione soluzione raccolta fondi online che aiuta le organizzazioni non profit a massimizzare il loro impatto.","robots":{"index":"index","follow":"follow","max-snippet":"max-snippet:-1","max-image-preview":"max-image-preview:large","max-video-preview":"max-video-preview:-1"},"canonical":"https:\/\/www.accuratereviews.com\/it\/piattaforme-per-fundraising\/engaging-networks-recensione\/","og_locale":"it_IT","og_type":"article","og_title":"Engaging Networks: recensione software di fundraising - Accurate Reviews","og_description":"Engaging Networks: recensione soluzione raccolta fondi online che aiuta le organizzazioni non profit a massimizzare il loro impatto.","og_url":"https:\/\/www.accuratereviews.com\/it\/piattaforme-per-fundraising\/engaging-networks-recensione\/","og_site_name":"Accurate Reviews","og_image":[{"width":720,"height":325,"url":"https:\/\/www.accuratereviews.com\/wp-content\/uploads\/2024\/06\/Engaging-Networks.png","type":"image\/png"}],"twitter_card":"summary_large_image","twitter_misc":{"Tempo di lettura stimato":"7 minuti"},"schema":{"@context":"https:\/\/schema.org","@graph":[{"@type":"WebPage","@id":"https:\/\/www.accuratereviews.com\/it\/piattaforme-per-fundraising\/engaging-networks-recensione\/","url":"https:\/\/www.accuratereviews.com\/it\/piattaforme-per-fundraising\/engaging-networks-recensione\/","name":"Engaging Networks: recensione software di fundraising - Accurate Reviews","isPartOf":{"@id":"https:\/\/www.accuratereviews.com\/it\/#website"},"primaryImageOfPage":{"@id":"https:\/\/www.accuratereviews.com\/it\/piattaforme-per-fundraising\/engaging-networks-recensione\/#primaryimage"},"image":{"@id":"https:\/\/www.accuratereviews.com\/it\/piattaforme-per-fundraising\/engaging-networks-recensione\/#primaryimage"},"thumbnailUrl":"https:\/\/www.accuratereviews.com\/wp-content\/uploads\/2024\/06\/Engaging-Networks.png","datePublished":"2024-06-04T17:36:58+00:00","description":"Engaging Networks: recensione soluzione raccolta fondi online che aiuta le organizzazioni non profit a massimizzare il loro impatto.","breadcrumb":{"@id":"https:\/\/www.accuratereviews.com\/it\/piattaforme-per-fundraising\/engaging-networks-recensione\/#breadcrumb"},"inLanguage":"it-IT","potentialAction":[{"@type":"ReadAction","target":["https:\/\/www.accuratereviews.com\/it\/piattaforme-per-fundraising\/engaging-networks-recensione\/"]}]},{"@type":"ImageObject","inLanguage":"it-IT","@id":"https:\/\/www.accuratereviews.com\/it\/piattaforme-per-fundraising\/engaging-networks-recensione\/#primaryimage","url":"https:\/\/www.accuratereviews.com\/wp-content\/uploads\/2024\/06\/Engaging-Networks.png","contentUrl":"https:\/\/www.accuratereviews.com\/wp-content\/uploads\/2024\/06\/Engaging-Networks.png","width":720,"height":325},{"@type":"BreadcrumbList","@id":"https:\/\/www.accuratereviews.com\/it\/piattaforme-per-fundraising\/engaging-networks-recensione\/#breadcrumb","itemListElement":[{"@type":"ListItem","position":1,"name":"Home","item":"https:\/\/www.accuratereviews.com\/it\/"},{"@type":"ListItem","position":2,"name":"Piattaforme per fundraising","item":"https:\/\/www.accuratereviews.com\/it\/piattaforme-per-fundraising\/"},{"@type":"ListItem","position":3,"name":"Engaging Networks"}]},{"@type":"WebSite","@id":"https:\/\/www.accuratereviews.com\/it\/#website","url":"https:\/\/www.accuratereviews.com\/it\/","name":"Accurate Reviews","description":"","potentialAction":[{"@type":"SearchAction","target":{"@type":"EntryPoint","urlTemplate":"https:\/\/www.accuratereviews.com\/it\/?s={search_term_string}"},"query-input":{"@type":"PropertyValueSpecification","valueRequired":true,"valueName":"search_term_string"}}],"inLanguage":"it-IT"}]}},"_links":{"self":[{"href":"https:\/\/www.accuratereviews.com\/it\/wp-json\/wp\/v2\/pages\/77076","targetHints":{"allow":["GET"]}}],"collection":[{"href":"https:\/\/www.accuratereviews.com\/it\/wp-json\/wp\/v2\/pages"}],"about":[{"href":"https:\/\/www.accuratereviews.com\/it\/wp-json\/wp\/v2\/types\/page"}],"author":[{"embeddable":true,"href":"https:\/\/www.accuratereviews.com\/it\/wp-json\/wp\/v2\/users\/19"}],"replies":[{"embeddable":true,"href":"https:\/\/www.accuratereviews.com\/it\/wp-json\/wp\/v2\/comments?post=77076"}],"version-history":[{"count":11,"href":"https:\/\/www.accuratereviews.com\/it\/wp-json\/wp\/v2\/pages\/77076\/revisions"}],"predecessor-version":[{"id":77093,"href":"https:\/\/www.accuratereviews.com\/it\/wp-json\/wp\/v2\/pages\/77076\/revisions\/77093"}],"up":[{"embeddable":true,"href":"https:\/\/www.accuratereviews.com\/it\/wp-json\/wp\/v2\/pages\/35419"}],"wp:featuredmedia":[{"embeddable":true,"href":"https:\/\/www.accuratereviews.com\/it\/wp-json\/wp\/v2\/media\/77080"}],"wp:attachment":[{"href":"https:\/\/www.accuratereviews.com\/it\/wp-json\/wp\/v2\/media?parent=77076"}],"wp:term":[{"taxonomy":"category","embeddable":true,"href":"https:\/\/www.accuratereviews.com\/it\/wp-json\/wp\/v2\/categories?post=77076"},{"taxonomy":"post_tag","embeddable":true,"href":"https:\/\/www.accuratereviews.com\/it\/wp-json\/wp\/v2\/tags?post=77076"},{"taxonomy":"features","embeddable":true,"href":"https:\/\/www.accuratereviews.com\/it\/wp-json\/wp\/v2\/features?post=77076"}],"curies":[{"name":"wp","href":"https:\/\/api.w.org\/{rel}","templated":true}]}}