{"id":77103,"date":"2024-06-05T15:31:40","date_gmt":"2024-06-05T15:31:40","guid":{"rendered":"https:\/\/www.accuratereviews.com\/?page_id=77103"},"modified":"2024-06-05T15:31:40","modified_gmt":"2024-06-05T15:31:40","slug":"digisigner-recensione","status":"publish","type":"page","link":"https:\/\/www.accuratereviews.com\/it\/software-creare-firme-email\/digisigner-recensione\/","title":{"rendered":"DigiSigner"},"content":{"rendered":"<p><strong>DigiSigner<\/strong> \u00e8 una soluzione online dedicata alla <strong>creazione e gestione delle firme digitali<\/strong>, pensata per semplificare il processo di firma dei documenti in modo sicuro ed efficiente. Questo strumento si rivolge a professionisti e aziende che desiderano eliminare la necessit\u00e0 di firme cartacee, riducendo cos\u00ec i tempi e i costi associati alla gestione documentale tradizionale.<br \/>\n<strong>DigiSigner<\/strong> offre una piattaforma user-friendly che permette agli utenti di caricare documenti, aggiungere firme digitali e inviarli per la firma in pochi semplici passaggi. Grazie alla sua compatibilit\u00e0 con i principali formati di documenti e alla possibilit\u00e0 di accesso da qualsiasi dispositivo connesso a Internet, DigiSigner garantisce flessibilit\u00e0 e comodit\u00e0.<\/p>\n<h2>DIGISIGNER &#8211; TUTORIAL<\/h2>\n<div id=\"fluid-wrapper-counter-1\" class=\"g1-fluid-wrapper \" style=\"width:686px;\">\n<div style=\"padding-bottom:56.268221574344%;\"><iframe loading=\"lazy\" title=\"How to Use DigiSigner to Complete Documents Online | Quick Tip\" width=\"515\" height=\"386\" src=\"https:\/\/www.youtube.com\/embed\/ZLdImencKNE?feature=oembed&amp;wmode=transparent&amp;autohide=1&amp;autoplay=0&amp;disablekb=0&amp;fs=1&amp;loop=0&amp;enablejsapi=1&amp;rel=0&amp;controls=2&amp;showinfo=0&amp;wmode=transparent&amp;autohide=2&amp;autoplay=0&amp;disablekb=0&amp;fs=1&amp;loop=0&amp;enablejsapi=1&amp;rel=0&amp;controls=2&amp;showinfo=1\" frameborder=\"0\" allow=\"accelerometer; autoplay; clipboard-write; encrypted-media; gyroscope; picture-in-picture; web-share\" referrerpolicy=\"strict-origin-when-cross-origin\" allowfullscreen><\/iframe><\/div>\n<\/div>\n<h3>DIGISIGNER &#8211; CARATTERISTICHE<\/h3>\n<ul>\n<li>Firma digitale: permette di aggiungere firme elettroniche sicure e legalmente vincolanti ai documenti.<\/li>\n<li>Firma multipla: consente a pi\u00f9 utenti di firmare lo stesso documento.<\/li>\n<li>Integrazione API: offre un&#8217;API per l&#8217;integrazione con altre applicazioni aziendali.<\/li>\n<li>Notifiche via email: invia notifiche automatiche ai firmatari quando un documento \u00e8 pronto per essere firmato.<\/li>\n<li>Modelli di documenti: permette di creare e salvare modelli di documenti per un uso futuro.<\/li>\n<li>Supporto multi-dispositivo: accessibile da qualsiasi dispositivo con connessione Internet.<\/li>\n<li>Tracciamento dei documenti: consente di monitorare lo stato dei documenti in tempo reale.<\/li>\n<li>Certificati di completamento: genera certificati per ogni documento firmato.<\/li>\n<li>Interfaccia intuitiva: progettata per essere user-friendly e facile da navigare.<\/li>\n<li>Sicurezza avanzata: utilizza crittografia SSL per proteggere i dati.<\/li>\n<\/ul>\n<h4>LE RECENSIONI DEGLI UTENTI<\/h4>\n<p><strong>Tammy \u201cFacile da usare e da configurare\u201d<\/strong><br \/>\nCommenti: Ho testato molte opzioni di firma elettronica prima di acquistare DigiSigner, ho scelto DigiSigner per la sua facilit\u00e0 d&#8217;uso e il suo costo. \u00c8 stato facile insegnare al mio team come utilizzare i modelli per gli articoli che firmiamo ogni giorno, pi\u00f9 volte al giorno.<br \/>\nPro: mi \u00e8 piaciuto che fosse facile da configurare, da gestire e funzionale.<br \/>\nContro: Non mi piace l&#8217;impossibilit\u00e0 di trascinare i documenti.<\/p>\n<p><strong>Brandy \u201cIl miglior rapporto qualit\u00e0\/prezzo\u201d<\/strong><br \/>\nCommenti: Finora sono rimasto molto colpito. Sono sicuro che mi piacer\u00e0 ancora di pi\u00f9 man mano che imparer\u00f2 a conoscere le sue caratteristiche.<br \/>\nPro: Digisigner offre una maggiore personalizzazione rispetto ad altri programmi in circolazione. La configurazione \u00e8 molto facile da usare o, almeno, intuitiva. La possibilit\u00e0 di creare link che possono essere inviati via sms \u00e8 un&#8217;ottima funzione, e Digisigner non fa pagare un extra per questo come altri software disponibili. Molti dei nostri clienti non hanno la posta elettronica. Questo software ci ha salvato la vita!<br \/>\nContro: Per ora non ho trovato nulla che non mi piaccia.<\/p>\n<p><strong>John \u201cSemplice, facile da capire, efficace dal punto di vista dei costi\u201d.<\/strong><br \/>\nCommenti: La mia esperienza complessiva \u00e8 stata positiva e credo che offra una buona scelta per le firme digitali con costi non troppo elevati.<br \/>\nPro: Mi piace la semplicit\u00e0, dalla creazione di un account all&#8217;invio di un documento. Inizialmente mi aspettavo di dover spendere pi\u00f9 tempo per imparare, ma non \u00e8 stato cos\u00ec.<br \/>\nContro: Avrei voluto che fosse un po&#8217; pi\u00f9 intuitivo sapere come personalizzare i campi.<\/p>\n","protected":false},"excerpt":{"rendered":"<p>DigiSigner \u00e8 una soluzione online dedicata alla creazione e gestione delle firme digitali, pensata per semplificare il processo di firma dei documenti in modo sicuro ed efficiente. Questo strumento si rivolge a professionisti e aziende che desiderano eliminare la necessit\u00e0 di firme cartacee, riducendo cos\u00ec i tempi e i costi associati alla gestione documentale tradizionale.<\/p>\n","protected":false},"author":17,"featured_media":77104,"parent":57751,"menu_order":0,"comment_status":"open","ping_status":"closed","template":"g1_template_page_review_new.php","meta":{"_acf_changed":false,"cwp_meta_box_check":"No","cwp_rev_product_name":"","cwp_rev_product_image":"","wppr_links":[],"cwp_rev_price":"","wppr_options":[],"wppr_pros":[],"wppr_cons":[],"_monsterinsights_skip_tracking":false,"_monsterinsights_sitenote_active":false,"_monsterinsights_sitenote_note":"","_monsterinsights_sitenote_category":0,"footnotes":""},"categories":[12645],"tags":[12746,12744,12651,12741,12742],"features":[],"class_list":{"0":"post-77103","1":"page","2":"type-page","3":"status-publish","4":"has-post-thumbnail","6":"category-software-firme-email-cat","7":"tag-creazione-firme-email","8":"tag-piattaforma-per-creare-firme-email","9":"tag-programma-per-creare-firme-per-email","10":"tag-software-per-creare-firme-email","11":"tag-soluzione-per-creare-firme-email"},"wppr_data":{"cwp_meta_box_check":"No"},"acf":[],"yoast_head":"<!-- This site is optimized with the Yoast SEO plugin v27.4 - https:\/\/yoast.com\/product\/yoast-seo-wordpress\/ -->\n<title>DigiSigner: recensione software creazione firme digitali - Accurate Reviews<\/title>\n<meta name=\"description\" content=\"DigiSigner: recensione della soluzione online dedicata alla creazione e gestione delle firme digitali, per email e documenti.\" \/>\n<meta name=\"robots\" content=\"index, follow, max-snippet:-1, max-image-preview:large, max-video-preview:-1\" \/>\n<link rel=\"canonical\" href=\"https:\/\/www.accuratereviews.com\/it\/software-creare-firme-email\/digisigner-recensione\/\" \/>\n<meta property=\"og:locale\" content=\"it_IT\" \/>\n<meta property=\"og:type\" content=\"article\" \/>\n<meta property=\"og:title\" content=\"DigiSigner: recensione software creazione firme digitali - Accurate Reviews\" \/>\n<meta property=\"og:description\" content=\"DigiSigner: recensione della soluzione online dedicata alla creazione e gestione delle firme digitali, per email e documenti.\" \/>\n<meta property=\"og:url\" content=\"https:\/\/www.accuratereviews.com\/it\/software-creare-firme-email\/digisigner-recensione\/\" \/>\n<meta property=\"og:site_name\" content=\"Accurate Reviews\" \/>\n<meta property=\"og:image\" content=\"https:\/\/www.accuratereviews.com\/wp-content\/uploads\/2024\/06\/Logo_0.png.webp.png.webp\" \/>\n\t<meta property=\"og:image:width\" content=\"220\" \/>\n\t<meta property=\"og:image:height\" content=\"220\" \/>\n\t<meta property=\"og:image:type\" content=\"image\/webp\" \/>\n<meta name=\"twitter:card\" content=\"summary_large_image\" \/>\n<meta name=\"twitter:label1\" content=\"Tempo di lettura stimato\" \/>\n\t<meta name=\"twitter:data1\" content=\"4 minuti\" \/>\n<script type=\"application\/ld+json\" class=\"yoast-schema-graph\">{\"@context\":\"https:\\\/\\\/schema.org\",\"@graph\":[{\"@type\":\"WebPage\",\"@id\":\"https:\\\/\\\/www.accuratereviews.com\\\/it\\\/software-creare-firme-email\\\/digisigner-recensione\\\/\",\"url\":\"https:\\\/\\\/www.accuratereviews.com\\\/it\\\/software-creare-firme-email\\\/digisigner-recensione\\\/\",\"name\":\"DigiSigner: recensione software creazione firme digitali - Accurate Reviews\",\"isPartOf\":{\"@id\":\"https:\\\/\\\/www.accuratereviews.com\\\/it\\\/#website\"},\"primaryImageOfPage\":{\"@id\":\"https:\\\/\\\/www.accuratereviews.com\\\/it\\\/software-creare-firme-email\\\/digisigner-recensione\\\/#primaryimage\"},\"image\":{\"@id\":\"https:\\\/\\\/www.accuratereviews.com\\\/it\\\/software-creare-firme-email\\\/digisigner-recensione\\\/#primaryimage\"},\"thumbnailUrl\":\"https:\\\/\\\/www.accuratereviews.com\\\/wp-content\\\/uploads\\\/2024\\\/06\\\/Logo_0.png.webp.png.webp\",\"datePublished\":\"2024-06-05T15:31:40+00:00\",\"description\":\"DigiSigner: recensione della soluzione online dedicata alla creazione e gestione delle firme digitali, per email e documenti.\",\"breadcrumb\":{\"@id\":\"https:\\\/\\\/www.accuratereviews.com\\\/it\\\/software-creare-firme-email\\\/digisigner-recensione\\\/#breadcrumb\"},\"inLanguage\":\"it-IT\",\"potentialAction\":[{\"@type\":\"ReadAction\",\"target\":[\"https:\\\/\\\/www.accuratereviews.com\\\/it\\\/software-creare-firme-email\\\/digisigner-recensione\\\/\"]}]},{\"@type\":\"ImageObject\",\"inLanguage\":\"it-IT\",\"@id\":\"https:\\\/\\\/www.accuratereviews.com\\\/it\\\/software-creare-firme-email\\\/digisigner-recensione\\\/#primaryimage\",\"url\":\"https:\\\/\\\/www.accuratereviews.com\\\/wp-content\\\/uploads\\\/2024\\\/06\\\/Logo_0.png.webp.png.webp\",\"contentUrl\":\"https:\\\/\\\/www.accuratereviews.com\\\/wp-content\\\/uploads\\\/2024\\\/06\\\/Logo_0.png.webp.png.webp\",\"width\":220,\"height\":220},{\"@type\":\"BreadcrumbList\",\"@id\":\"https:\\\/\\\/www.accuratereviews.com\\\/it\\\/software-creare-firme-email\\\/digisigner-recensione\\\/#breadcrumb\",\"itemListElement\":[{\"@type\":\"ListItem\",\"position\":1,\"name\":\"Home\",\"item\":\"https:\\\/\\\/www.accuratereviews.com\\\/it\\\/\"},{\"@type\":\"ListItem\",\"position\":2,\"name\":\"Software per creare firme per email\",\"item\":\"https:\\\/\\\/www.accuratereviews.com\\\/it\\\/software-creare-firme-email\\\/\"},{\"@type\":\"ListItem\",\"position\":3,\"name\":\"DigiSigner\"}]},{\"@type\":\"WebSite\",\"@id\":\"https:\\\/\\\/www.accuratereviews.com\\\/it\\\/#website\",\"url\":\"https:\\\/\\\/www.accuratereviews.com\\\/it\\\/\",\"name\":\"Accurate Reviews\",\"description\":\"\",\"potentialAction\":[{\"@type\":\"SearchAction\",\"target\":{\"@type\":\"EntryPoint\",\"urlTemplate\":\"https:\\\/\\\/www.accuratereviews.com\\\/it\\\/?s={search_term_string}\"},\"query-input\":{\"@type\":\"PropertyValueSpecification\",\"valueRequired\":true,\"valueName\":\"search_term_string\"}}],\"inLanguage\":\"it-IT\"}]}<\/script>\n<!-- \/ Yoast SEO plugin. -->","yoast_head_json":{"title":"DigiSigner: recensione software creazione firme digitali - Accurate Reviews","description":"DigiSigner: recensione della soluzione online dedicata alla creazione e gestione delle firme digitali, per email e documenti.","robots":{"index":"index","follow":"follow","max-snippet":"max-snippet:-1","max-image-preview":"max-image-preview:large","max-video-preview":"max-video-preview:-1"},"canonical":"https:\/\/www.accuratereviews.com\/it\/software-creare-firme-email\/digisigner-recensione\/","og_locale":"it_IT","og_type":"article","og_title":"DigiSigner: recensione software creazione firme digitali - Accurate Reviews","og_description":"DigiSigner: recensione della soluzione online dedicata alla creazione e gestione delle firme digitali, per email e documenti.","og_url":"https:\/\/www.accuratereviews.com\/it\/software-creare-firme-email\/digisigner-recensione\/","og_site_name":"Accurate Reviews","og_image":[{"width":220,"height":220,"url":"https:\/\/www.accuratereviews.com\/wp-content\/uploads\/2024\/06\/Logo_0.png.webp.png.webp","type":"image\/webp"}],"twitter_card":"summary_large_image","twitter_misc":{"Tempo di lettura stimato":"4 minuti"},"schema":{"@context":"https:\/\/schema.org","@graph":[{"@type":"WebPage","@id":"https:\/\/www.accuratereviews.com\/it\/software-creare-firme-email\/digisigner-recensione\/","url":"https:\/\/www.accuratereviews.com\/it\/software-creare-firme-email\/digisigner-recensione\/","name":"DigiSigner: recensione software creazione firme digitali - Accurate Reviews","isPartOf":{"@id":"https:\/\/www.accuratereviews.com\/it\/#website"},"primaryImageOfPage":{"@id":"https:\/\/www.accuratereviews.com\/it\/software-creare-firme-email\/digisigner-recensione\/#primaryimage"},"image":{"@id":"https:\/\/www.accuratereviews.com\/it\/software-creare-firme-email\/digisigner-recensione\/#primaryimage"},"thumbnailUrl":"https:\/\/www.accuratereviews.com\/wp-content\/uploads\/2024\/06\/Logo_0.png.webp.png.webp","datePublished":"2024-06-05T15:31:40+00:00","description":"DigiSigner: recensione della soluzione online dedicata alla creazione e gestione delle firme digitali, per email e documenti.","breadcrumb":{"@id":"https:\/\/www.accuratereviews.com\/it\/software-creare-firme-email\/digisigner-recensione\/#breadcrumb"},"inLanguage":"it-IT","potentialAction":[{"@type":"ReadAction","target":["https:\/\/www.accuratereviews.com\/it\/software-creare-firme-email\/digisigner-recensione\/"]}]},{"@type":"ImageObject","inLanguage":"it-IT","@id":"https:\/\/www.accuratereviews.com\/it\/software-creare-firme-email\/digisigner-recensione\/#primaryimage","url":"https:\/\/www.accuratereviews.com\/wp-content\/uploads\/2024\/06\/Logo_0.png.webp.png.webp","contentUrl":"https:\/\/www.accuratereviews.com\/wp-content\/uploads\/2024\/06\/Logo_0.png.webp.png.webp","width":220,"height":220},{"@type":"BreadcrumbList","@id":"https:\/\/www.accuratereviews.com\/it\/software-creare-firme-email\/digisigner-recensione\/#breadcrumb","itemListElement":[{"@type":"ListItem","position":1,"name":"Home","item":"https:\/\/www.accuratereviews.com\/it\/"},{"@type":"ListItem","position":2,"name":"Software per creare firme per email","item":"https:\/\/www.accuratereviews.com\/it\/software-creare-firme-email\/"},{"@type":"ListItem","position":3,"name":"DigiSigner"}]},{"@type":"WebSite","@id":"https:\/\/www.accuratereviews.com\/it\/#website","url":"https:\/\/www.accuratereviews.com\/it\/","name":"Accurate Reviews","description":"","potentialAction":[{"@type":"SearchAction","target":{"@type":"EntryPoint","urlTemplate":"https:\/\/www.accuratereviews.com\/it\/?s={search_term_string}"},"query-input":{"@type":"PropertyValueSpecification","valueRequired":true,"valueName":"search_term_string"}}],"inLanguage":"it-IT"}]}},"_links":{"self":[{"href":"https:\/\/www.accuratereviews.com\/it\/wp-json\/wp\/v2\/pages\/77103","targetHints":{"allow":["GET"]}}],"collection":[{"href":"https:\/\/www.accuratereviews.com\/it\/wp-json\/wp\/v2\/pages"}],"about":[{"href":"https:\/\/www.accuratereviews.com\/it\/wp-json\/wp\/v2\/types\/page"}],"author":[{"embeddable":true,"href":"https:\/\/www.accuratereviews.com\/it\/wp-json\/wp\/v2\/users\/17"}],"replies":[{"embeddable":true,"href":"https:\/\/www.accuratereviews.com\/it\/wp-json\/wp\/v2\/comments?post=77103"}],"version-history":[{"count":1,"href":"https:\/\/www.accuratereviews.com\/it\/wp-json\/wp\/v2\/pages\/77103\/revisions"}],"predecessor-version":[{"id":77109,"href":"https:\/\/www.accuratereviews.com\/it\/wp-json\/wp\/v2\/pages\/77103\/revisions\/77109"}],"up":[{"embeddable":true,"href":"https:\/\/www.accuratereviews.com\/it\/wp-json\/wp\/v2\/pages\/57751"}],"wp:featuredmedia":[{"embeddable":true,"href":"https:\/\/www.accuratereviews.com\/it\/wp-json\/wp\/v2\/media\/77104"}],"wp:attachment":[{"href":"https:\/\/www.accuratereviews.com\/it\/wp-json\/wp\/v2\/media?parent=77103"}],"wp:term":[{"taxonomy":"category","embeddable":true,"href":"https:\/\/www.accuratereviews.com\/it\/wp-json\/wp\/v2\/categories?post=77103"},{"taxonomy":"post_tag","embeddable":true,"href":"https:\/\/www.accuratereviews.com\/it\/wp-json\/wp\/v2\/tags?post=77103"},{"taxonomy":"features","embeddable":true,"href":"https:\/\/www.accuratereviews.com\/it\/wp-json\/wp\/v2\/features?post=77103"}],"curies":[{"name":"wp","href":"https:\/\/api.w.org\/{rel}","templated":true}]}}