{"id":77171,"date":"2024-06-10T17:10:17","date_gmt":"2024-06-10T17:10:17","guid":{"rendered":"https:\/\/www.accuratereviews.com\/?page_id=77171"},"modified":"2024-06-11T08:55:54","modified_gmt":"2024-06-11T08:55:54","slug":"raisely-recensione","status":"publish","type":"page","link":"https:\/\/www.accuratereviews.com\/it\/piattaforme-per-fundraising\/raisely-recensione\/","title":{"rendered":"Raisely"},"content":{"rendered":"<p><strong>Raisely<\/strong> \u00e8 una <strong>piattaforma di raccolta fondi<\/strong>, basata sul <strong>cloud<\/strong>, che aiuta le organizzazioni no-profit e gli enti di beneficenza a condurre campagne di raccolta fondi e raccogliere donazioni. Le funzionalit\u00e0 principali includono la creazione di moduli, il monitoraggio dei progressi, la creazione di pagine di destinazione personalizzate, autorizzazioni basate sui ruoli, distribuzione di premi, gestione dell&#8217;account e reporting.<br \/>\nL&#8217;applicazione aiuta le organizzazioni a gestire pi\u00f9 profili di donatori aggiornando le informazioni personali e classificando i gruppi di donatori in base ai tag. Inoltre, la soluzione consente agli utenti di misurare i <strong>progressi della campagna<\/strong> monitorando il numero di visitatori, nuovi partecipanti e profili attivi. Il modulo CRM consente ai dipendenti di creare database di membri, gestire abbonamenti e registrare le interazioni delle chiamate per riferimento futuro. Gli esperti di marketing possono preparare moduli di donazione, automatizzare i promemoria via email per i donatori abituali e riscuotere i pagamenti.<\/p>\n<h2>RAISELY &#8211; TUTORIAL<\/h2>\n<div id=\"fluid-wrapper-counter-1\" class=\"g1-fluid-wrapper \" style=\"width:686px;\">\n<div style=\"padding-bottom:56.268221574344%;\"><iframe loading=\"lazy\" title=\"Speed up page building with Row Templates\" width=\"686\" height=\"386\" src=\"https:\/\/www.youtube.com\/embed\/DrPuGSw5M2U?feature=oembed&amp;wmode=transparent&amp;autohide=1&amp;autoplay=0&amp;disablekb=0&amp;fs=1&amp;loop=0&amp;enablejsapi=1&amp;rel=0&amp;controls=2&amp;showinfo=0&amp;wmode=transparent&amp;autohide=2&amp;autoplay=0&amp;disablekb=0&amp;fs=1&amp;loop=0&amp;enablejsapi=1&amp;rel=0&amp;controls=2&amp;showinfo=1\" frameborder=\"0\" allow=\"accelerometer; autoplay; clipboard-write; encrypted-media; gyroscope; picture-in-picture; web-share\" referrerpolicy=\"strict-origin-when-cross-origin\" allowfullscreen><\/iframe><\/div>\n<\/div>\n<h2>RAISELY &#8211; CARATTERISTICHE<\/h2>\n<ul>\n<li>Registrazione facile per individui e \u00a0squadre<\/li>\n<li>La soluzione rende incredibilmente semplice per i sostenitori iscriversi come organizzazioni o raccolte fondi, creare o unirsi a una squadra.<\/li>\n<li>Condivisione social e generatore di codici QR<\/li>\n<li>Aiuta i tuoi sostenitori a spargere la voce con anteprime personalizzate su Facebook, Twitter e Linkedin e un generatore di codici QR con un solo clic.<\/li>\n<li>Crea una straordinaria pagina di raccolta fondi che i tuoi sostenitori possono personalizzare per raccontare le loro storie.<\/li>\n<li>Incoraggia chi raccoglie fondi a pubblicare brevi aggiornamenti, immagini e video per mantenere attiva la propria campagna.<\/li>\n<li>Gestisci le tue raccolte fondi, tieni traccia dei tuoi dati e genera report personalizzati con facilit\u00e0.<\/li>\n<li>Risparmia tempo con il nostro percorso di onboarding gi\u00e0 pronto e le email transazionali.<\/li>\n<li>Coinvolgi i tuoi sostenitori con percorsi email personalizzati, attivati \u200b\u200bquando e come vuoi.<\/li>\n<li>Promuovi le tue raccolte fondi pi\u00f9 dedicate con classifiche e feed delle donazioni.<\/li>\n<li>Coinvolgi i tuoi sostenitori con badge per traguardi chiave, come donazioni personali, raggiungimento di un obiettivo, adesione a una squadra o qualsiasi altra cosa tu possa immaginare.<\/li>\n<li>Sfrutta le informazioni presenti sul tuo CRM per creare e-mail e percorsi e-mail personalizzati basati sui dati, sui segmenti o sui tag del tuo sostenitore.<\/li>\n<li>Importa facilmente nuove persone esterne alla soluzione nel tuo database.<\/li>\n<li>Crea rapidamente segmenti dettagliati del tuo database in base alle tue regole e condizioni. Visualizza i risultati in tempo reale, esportali o inviali via email.<\/li>\n<li>Risparmia tempo con i modelli predefiniti. Applica il tuo marchio con un clic e modifica qualsiasi cosa con un generatore di pagine drag and drop.<\/li>\n<li>Personalizza diverse tipologie di biglietti scegliendo nome, prezzo, descrizione, immagine e periodo. Il tuo partecipante ricever\u00e0 il biglietto automaticamente via email.<\/li>\n<li>Aggiungi codici promozionali come sconto o importo fisso. Imposta un limite, se lo desideri, e un periodo di tempo.<\/li>\n<li>Crea classifiche personalizzate e sostieni i tuoi sostenitori pi\u00f9 devoti con badge e premi basati sui progressi di ciascun partecipante.<\/li>\n<\/ul>\n<h4>LE RECENSIONI DEGLI UTENTI<\/h4>\n<p><strong>Roxanne &#8220;Costruttore di campagne&#8221;<\/strong><br \/>\n<strong>Commenti<\/strong>: Il personale di supporto \u00e8 stato molto disponibile e il servizio clienti era irreale.<br \/>\nSono grato alla squadra perch\u00e9 avevo una scadenza molto stretta e tutti intervengono<br \/>\n<strong>Pro<\/strong>: il software \u00e8 molto facile da apprendere da solo una volta compreso il percorso di cui hai bisogno, \u00e8 facile creare pi\u00f9 pagine.<br \/>\n<strong>Contro<\/strong>: Non avevo familiarit\u00e0 con la codifica\/collegamento del back-end, tuttavia con una formazione extra e lavorando su di esso in modo regolare dovrebbe diventare pi\u00f9 semplice.<\/p>\n<p><strong>Rebekah &#8220;Servizio clienti e prodotto straordinari!&#8221;<\/strong><br \/>\n<strong>Commenti<\/strong>: \u00c8 stata un&#8217;esperienza fantastica dall&#8217;inizio alla fine: \u00e8 stato di grande aiuto e molto paziente nel passare attraverso ogni area della dashboard. Mi sentivo sicuro di poter andare via e completare la configurazione da solo e, se avessi avuto domande, mi avrebbero risposto rapidamente con una risposta utile. Consiglio vivamente Raisely!<br \/>\n<strong>Pro<\/strong>: Adoro la personalizzazione del generatore di campagne<br \/>\n<strong>Contro<\/strong>: Onestamente non riesco a pensare a nulla, mi piace molto l&#8217;usabilit\u00e0<\/p>\n<p><strong>Felix &#8220;Pollice su&#8221;<\/strong><br \/>\n<strong>Pro<\/strong>: Un sistema semplice ma efficace per gestire le campagne e monitorare le donazioni. Utile anche per generare report personalizzati per estrarre informazioni sui nostri sostenitori e sui tipi di donazioni ricevute. Vale anche la pena notare l&#8217;alto livello del servizio clienti: sebbene siamo un&#8217;organizzazione britannica, la risposta del team Raisely (in Australia credo!) \u00e8 sempre stata efficiente.<br \/>\n<strong>Contro<\/strong>: Pensavo di preferire il vecchio formato durante la generazione di report personalizzati, ma penso che ora mi sto abituando a quello nuovo!<\/p>\n","protected":false},"excerpt":{"rendered":"<p>Raisely \u00e8 una piattaforma di raccolta fondi basata sul cloud che aiuta le organizzazioni no-profit e gli enti di beneficenza a condurre campagne di raccolta fondi e raccogliere donazioni. Le funzionalit\u00e0 principali includono la creazione di moduli, il monitoraggio dei progressi, la creazione di pagine di destinazione personalizzate, autorizzazioni basate sui ruoli, distribuzione di premi, gestione dell&#8217;account e reporting.<\/p>\n","protected":false},"author":19,"featured_media":77177,"parent":35419,"menu_order":0,"comment_status":"open","ping_status":"closed","template":"g1_template_page_review_new.php","meta":{"_acf_changed":false,"cwp_meta_box_check":"No","cwp_rev_product_name":"","cwp_rev_product_image":"","wppr_links":[],"cwp_rev_price":"","wppr_options":[],"wppr_pros":[],"wppr_cons":[],"_monsterinsights_skip_tracking":false,"_monsterinsights_sitenote_active":false,"_monsterinsights_sitenote_note":"","_monsterinsights_sitenote_category":0,"footnotes":""},"categories":[4851],"tags":[4853,4852,4878,4855,4877,4859,15116,4854,4875,4909,4876],"features":[],"class_list":{"0":"post-77171","1":"page","2":"type-page","3":"status-publish","4":"has-post-thumbnail","6":"category-piattaforme-per-fundraising-categoria","7":"tag-fundraising","8":"tag-piattaforma-per-fundraising","9":"tag-piattaforma-raccolta-fondi","10":"tag-programma-per-fundraising","11":"tag-programma-raccolta-fondi","12":"tag-raccolta-fondi","13":"tag-raisely","14":"tag-software-per-fundraising","15":"tag-software-raccolta-fondi","16":"tag-soluzione-per-fundraising","17":"tag-soluzione-raccolta-fondi"},"wppr_data":{"cwp_meta_box_check":"No"},"acf":[],"yoast_head":"<!-- This site is optimized with the Yoast SEO plugin v27.4 - https:\/\/yoast.com\/product\/yoast-seo-wordpress\/ -->\n<title>Raisely: recensione software per fundraising - Accurate Reviews<\/title>\n<meta name=\"description\" content=\"Raisely: recensione software per fundraising fondi basata sul cloud che aiuta a condurre campagne di raccolta fondi e raccogliere donazioni.\" \/>\n<meta name=\"robots\" content=\"index, follow, max-snippet:-1, max-image-preview:large, max-video-preview:-1\" \/>\n<link rel=\"canonical\" href=\"https:\/\/www.accuratereviews.com\/it\/piattaforme-per-fundraising\/raisely-recensione\/\" \/>\n<meta property=\"og:locale\" content=\"it_IT\" \/>\n<meta property=\"og:type\" content=\"article\" \/>\n<meta property=\"og:title\" content=\"Raisely: recensione software per fundraising - Accurate Reviews\" \/>\n<meta property=\"og:description\" content=\"Raisely: recensione software per fundraising fondi basata sul cloud che aiuta a condurre campagne di raccolta fondi e raccogliere donazioni.\" \/>\n<meta property=\"og:url\" content=\"https:\/\/www.accuratereviews.com\/it\/piattaforme-per-fundraising\/raisely-recensione\/\" \/>\n<meta property=\"og:site_name\" content=\"Accurate Reviews\" \/>\n<meta property=\"article:modified_time\" content=\"2024-06-11T08:55:54+00:00\" \/>\n<meta property=\"og:image\" content=\"https:\/\/www.accuratereviews.com\/wp-content\/uploads\/2024\/06\/Raisely2.png\" \/>\n\t<meta property=\"og:image:width\" content=\"1788\" \/>\n\t<meta property=\"og:image:height\" content=\"904\" \/>\n\t<meta property=\"og:image:type\" content=\"image\/png\" \/>\n<meta name=\"twitter:card\" content=\"summary_large_image\" \/>\n<meta name=\"twitter:label1\" content=\"Tempo di lettura stimato\" \/>\n\t<meta name=\"twitter:data1\" content=\"5 minuti\" \/>\n<script type=\"application\/ld+json\" class=\"yoast-schema-graph\">{\"@context\":\"https:\\\/\\\/schema.org\",\"@graph\":[{\"@type\":\"WebPage\",\"@id\":\"https:\\\/\\\/www.accuratereviews.com\\\/it\\\/piattaforme-per-fundraising\\\/raisely-recensione\\\/\",\"url\":\"https:\\\/\\\/www.accuratereviews.com\\\/it\\\/piattaforme-per-fundraising\\\/raisely-recensione\\\/\",\"name\":\"Raisely: recensione software per fundraising - Accurate Reviews\",\"isPartOf\":{\"@id\":\"https:\\\/\\\/www.accuratereviews.com\\\/it\\\/#website\"},\"primaryImageOfPage\":{\"@id\":\"https:\\\/\\\/www.accuratereviews.com\\\/it\\\/piattaforme-per-fundraising\\\/raisely-recensione\\\/#primaryimage\"},\"image\":{\"@id\":\"https:\\\/\\\/www.accuratereviews.com\\\/it\\\/piattaforme-per-fundraising\\\/raisely-recensione\\\/#primaryimage\"},\"thumbnailUrl\":\"https:\\\/\\\/www.accuratereviews.com\\\/wp-content\\\/uploads\\\/2024\\\/06\\\/Raisely2.png\",\"datePublished\":\"2024-06-10T17:10:17+00:00\",\"dateModified\":\"2024-06-11T08:55:54+00:00\",\"description\":\"Raisely: recensione software per fundraising fondi basata sul cloud che aiuta a condurre campagne di raccolta fondi e raccogliere donazioni.\",\"breadcrumb\":{\"@id\":\"https:\\\/\\\/www.accuratereviews.com\\\/it\\\/piattaforme-per-fundraising\\\/raisely-recensione\\\/#breadcrumb\"},\"inLanguage\":\"it-IT\",\"potentialAction\":[{\"@type\":\"ReadAction\",\"target\":[\"https:\\\/\\\/www.accuratereviews.com\\\/it\\\/piattaforme-per-fundraising\\\/raisely-recensione\\\/\"]}]},{\"@type\":\"ImageObject\",\"inLanguage\":\"it-IT\",\"@id\":\"https:\\\/\\\/www.accuratereviews.com\\\/it\\\/piattaforme-per-fundraising\\\/raisely-recensione\\\/#primaryimage\",\"url\":\"https:\\\/\\\/www.accuratereviews.com\\\/wp-content\\\/uploads\\\/2024\\\/06\\\/Raisely2.png\",\"contentUrl\":\"https:\\\/\\\/www.accuratereviews.com\\\/wp-content\\\/uploads\\\/2024\\\/06\\\/Raisely2.png\",\"width\":1788,\"height\":904},{\"@type\":\"BreadcrumbList\",\"@id\":\"https:\\\/\\\/www.accuratereviews.com\\\/it\\\/piattaforme-per-fundraising\\\/raisely-recensione\\\/#breadcrumb\",\"itemListElement\":[{\"@type\":\"ListItem\",\"position\":1,\"name\":\"Home\",\"item\":\"https:\\\/\\\/www.accuratereviews.com\\\/it\\\/\"},{\"@type\":\"ListItem\",\"position\":2,\"name\":\"Piattaforme per fundraising\",\"item\":\"https:\\\/\\\/www.accuratereviews.com\\\/it\\\/piattaforme-per-fundraising\\\/\"},{\"@type\":\"ListItem\",\"position\":3,\"name\":\"Raisely\"}]},{\"@type\":\"WebSite\",\"@id\":\"https:\\\/\\\/www.accuratereviews.com\\\/it\\\/#website\",\"url\":\"https:\\\/\\\/www.accuratereviews.com\\\/it\\\/\",\"name\":\"Accurate Reviews\",\"description\":\"\",\"potentialAction\":[{\"@type\":\"SearchAction\",\"target\":{\"@type\":\"EntryPoint\",\"urlTemplate\":\"https:\\\/\\\/www.accuratereviews.com\\\/it\\\/?s={search_term_string}\"},\"query-input\":{\"@type\":\"PropertyValueSpecification\",\"valueRequired\":true,\"valueName\":\"search_term_string\"}}],\"inLanguage\":\"it-IT\"}]}<\/script>\n<!-- \/ Yoast SEO plugin. -->","yoast_head_json":{"title":"Raisely: recensione software per fundraising - Accurate Reviews","description":"Raisely: recensione software per fundraising fondi basata sul cloud che aiuta a condurre campagne di raccolta fondi e raccogliere donazioni.","robots":{"index":"index","follow":"follow","max-snippet":"max-snippet:-1","max-image-preview":"max-image-preview:large","max-video-preview":"max-video-preview:-1"},"canonical":"https:\/\/www.accuratereviews.com\/it\/piattaforme-per-fundraising\/raisely-recensione\/","og_locale":"it_IT","og_type":"article","og_title":"Raisely: recensione software per fundraising - Accurate Reviews","og_description":"Raisely: recensione software per fundraising fondi basata sul cloud che aiuta a condurre campagne di raccolta fondi e raccogliere donazioni.","og_url":"https:\/\/www.accuratereviews.com\/it\/piattaforme-per-fundraising\/raisely-recensione\/","og_site_name":"Accurate Reviews","article_modified_time":"2024-06-11T08:55:54+00:00","og_image":[{"width":1788,"height":904,"url":"https:\/\/www.accuratereviews.com\/wp-content\/uploads\/2024\/06\/Raisely2.png","type":"image\/png"}],"twitter_card":"summary_large_image","twitter_misc":{"Tempo di lettura stimato":"5 minuti"},"schema":{"@context":"https:\/\/schema.org","@graph":[{"@type":"WebPage","@id":"https:\/\/www.accuratereviews.com\/it\/piattaforme-per-fundraising\/raisely-recensione\/","url":"https:\/\/www.accuratereviews.com\/it\/piattaforme-per-fundraising\/raisely-recensione\/","name":"Raisely: recensione software per fundraising - Accurate Reviews","isPartOf":{"@id":"https:\/\/www.accuratereviews.com\/it\/#website"},"primaryImageOfPage":{"@id":"https:\/\/www.accuratereviews.com\/it\/piattaforme-per-fundraising\/raisely-recensione\/#primaryimage"},"image":{"@id":"https:\/\/www.accuratereviews.com\/it\/piattaforme-per-fundraising\/raisely-recensione\/#primaryimage"},"thumbnailUrl":"https:\/\/www.accuratereviews.com\/wp-content\/uploads\/2024\/06\/Raisely2.png","datePublished":"2024-06-10T17:10:17+00:00","dateModified":"2024-06-11T08:55:54+00:00","description":"Raisely: recensione software per fundraising fondi basata sul cloud che aiuta a condurre campagne di raccolta fondi e raccogliere donazioni.","breadcrumb":{"@id":"https:\/\/www.accuratereviews.com\/it\/piattaforme-per-fundraising\/raisely-recensione\/#breadcrumb"},"inLanguage":"it-IT","potentialAction":[{"@type":"ReadAction","target":["https:\/\/www.accuratereviews.com\/it\/piattaforme-per-fundraising\/raisely-recensione\/"]}]},{"@type":"ImageObject","inLanguage":"it-IT","@id":"https:\/\/www.accuratereviews.com\/it\/piattaforme-per-fundraising\/raisely-recensione\/#primaryimage","url":"https:\/\/www.accuratereviews.com\/wp-content\/uploads\/2024\/06\/Raisely2.png","contentUrl":"https:\/\/www.accuratereviews.com\/wp-content\/uploads\/2024\/06\/Raisely2.png","width":1788,"height":904},{"@type":"BreadcrumbList","@id":"https:\/\/www.accuratereviews.com\/it\/piattaforme-per-fundraising\/raisely-recensione\/#breadcrumb","itemListElement":[{"@type":"ListItem","position":1,"name":"Home","item":"https:\/\/www.accuratereviews.com\/it\/"},{"@type":"ListItem","position":2,"name":"Piattaforme per fundraising","item":"https:\/\/www.accuratereviews.com\/it\/piattaforme-per-fundraising\/"},{"@type":"ListItem","position":3,"name":"Raisely"}]},{"@type":"WebSite","@id":"https:\/\/www.accuratereviews.com\/it\/#website","url":"https:\/\/www.accuratereviews.com\/it\/","name":"Accurate Reviews","description":"","potentialAction":[{"@type":"SearchAction","target":{"@type":"EntryPoint","urlTemplate":"https:\/\/www.accuratereviews.com\/it\/?s={search_term_string}"},"query-input":{"@type":"PropertyValueSpecification","valueRequired":true,"valueName":"search_term_string"}}],"inLanguage":"it-IT"}]}},"_links":{"self":[{"href":"https:\/\/www.accuratereviews.com\/it\/wp-json\/wp\/v2\/pages\/77171","targetHints":{"allow":["GET"]}}],"collection":[{"href":"https:\/\/www.accuratereviews.com\/it\/wp-json\/wp\/v2\/pages"}],"about":[{"href":"https:\/\/www.accuratereviews.com\/it\/wp-json\/wp\/v2\/types\/page"}],"author":[{"embeddable":true,"href":"https:\/\/www.accuratereviews.com\/it\/wp-json\/wp\/v2\/users\/19"}],"replies":[{"embeddable":true,"href":"https:\/\/www.accuratereviews.com\/it\/wp-json\/wp\/v2\/comments?post=77171"}],"version-history":[{"count":8,"href":"https:\/\/www.accuratereviews.com\/it\/wp-json\/wp\/v2\/pages\/77171\/revisions"}],"predecessor-version":[{"id":77213,"href":"https:\/\/www.accuratereviews.com\/it\/wp-json\/wp\/v2\/pages\/77171\/revisions\/77213"}],"up":[{"embeddable":true,"href":"https:\/\/www.accuratereviews.com\/it\/wp-json\/wp\/v2\/pages\/35419"}],"wp:featuredmedia":[{"embeddable":true,"href":"https:\/\/www.accuratereviews.com\/it\/wp-json\/wp\/v2\/media\/77177"}],"wp:attachment":[{"href":"https:\/\/www.accuratereviews.com\/it\/wp-json\/wp\/v2\/media?parent=77171"}],"wp:term":[{"taxonomy":"category","embeddable":true,"href":"https:\/\/www.accuratereviews.com\/it\/wp-json\/wp\/v2\/categories?post=77171"},{"taxonomy":"post_tag","embeddable":true,"href":"https:\/\/www.accuratereviews.com\/it\/wp-json\/wp\/v2\/tags?post=77171"},{"taxonomy":"features","embeddable":true,"href":"https:\/\/www.accuratereviews.com\/it\/wp-json\/wp\/v2\/features?post=77171"}],"curies":[{"name":"wp","href":"https:\/\/api.w.org\/{rel}","templated":true}]}}