{"id":7719,"date":"2016-10-17T09:19:18","date_gmt":"2016-10-17T09:19:18","guid":{"rendered":"http:\/\/www.accuratereviews.com\/?page_id=7719\/"},"modified":"2017-02-01T16:43:50","modified_gmt":"2017-02-01T16:43:50","slug":"backblaze","status":"publish","type":"page","link":"https:\/\/www.accuratereviews.com\/it\/backup-i-migliori-software-e-servizi-software-lista\/backblaze\/","title":{"rendered":"Backblaze"},"content":{"rendered":"<p><img loading=\"lazy\" decoding=\"async\" class=\"size-large wp-image-5865\" src=\"http:\/\/www.accuratereviews.com\/wp-content\/uploads\/2016\/10\/backblaze-1-1024x481.png\" alt=\"backblaze\" width=\"686\" height=\"322\" srcset=\"https:\/\/www.accuratereviews.com\/wp-content\/uploads\/2016\/10\/backblaze-1-1024x481.png 1024w, https:\/\/www.accuratereviews.com\/wp-content\/uploads\/2016\/10\/backblaze-1-300x141.png 300w, https:\/\/www.accuratereviews.com\/wp-content\/uploads\/2016\/10\/backblaze-1-768x360.png 768w, https:\/\/www.accuratereviews.com\/wp-content\/uploads\/2016\/10\/backblaze-1-260x122.png 260w, https:\/\/www.accuratereviews.com\/wp-content\/uploads\/2016\/10\/backblaze-1-50x23.png 50w, https:\/\/www.accuratereviews.com\/wp-content\/uploads\/2016\/10\/backblaze-1-968x454.png 968w, https:\/\/www.accuratereviews.com\/wp-content\/uploads\/2016\/10\/backblaze-1-636x299.png 636w, https:\/\/www.accuratereviews.com\/wp-content\/uploads\/2016\/10\/backblaze-1-320x150.png 320w, https:\/\/www.accuratereviews.com\/wp-content\/uploads\/2016\/10\/backblaze-1-239x112.png 239w, https:\/\/www.accuratereviews.com\/wp-content\/uploads\/2016\/10\/backblaze-1.png 1225w\" sizes=\"auto, (max-width: 686px) 100vw, 686px\" \/><\/p>\n<p>Se fare il backup del proprio computer \u00e8 un po\u2019 come comprare un\u2019assicurazione, allora <strong>Backblaze \u00e8 l\u2019assicurazione sulla vita che non sapevate di avere<\/strong>. Fa il suo lavoro, se per lavoro si intende qualcosa che va fatto senza che ci si accorga che viene fatto.<\/p>\n<p>Iniziamo dal prezzo. <strong>Costa 5$ al mese, il che lo rende una delle opzioni pi\u00f9 economiche per i vostri backup<\/strong>\u2026 almeno, per il singolo computer. Nonostante diversi concorrenti offrano pacchetti che riducono il costo sul singolo computer, come sconti per famiglie, Backblaze semplicemente fa pagare altri 5$ a computer. <strong>Se in casa vostra ci sono pi\u00f9 macchine, vi conviene dare un\u2019occhiata alla concorrenza<\/strong>.<\/p>\n<p>La semplicit\u00e0 del piano a pagamento si riflette nella semplicit\u00e0 delle funzioni. <strong>Non appena installerete Backblaze, inizer\u00e0 a eseguire un backup dei vostri documenti e file multimediali<\/strong>. Se volete escludere certi particolari file, dovrete entrare nelle Preferenze e selezionare le cartelle che volete siano ignorare. Backblaze presume che vogliate eseguire un backup di tutti i vostri file, e inizia immediatamente. Non far\u00e0 il backup di file di sistema, o applicazioni.<\/p>\n<p>Allo stesso modo, anche se potete impostare un backup programmato, per esempio di notte mentre il computer non \u00e8 in uso, <strong>l\u2019impostazione di default di Backblaze prevede che vengano cercate delle modifiche ai vostri file, e che vengano salvati ogni volta che ne vengono trovate<\/strong>. \u00c8 un\u2019opzione sensata, e significa soprattutto che non perderete praticamente niente se durante la notte spegnete il computer, oppure se esplode tra un backup e l\u2019altro. Significa anche che l\u2019impiego di risorse \u00e8 davvero limitato, visto che i cambiamenti da caricare sono relativamente piccoli. Backblaze non render\u00e0 il vostro computer inutilizzabile mentre cerca di aiutarvi.<\/p>\n<div id=\"attachment_5866\" style=\"width: 582px\" class=\"wp-caption aligncenter\"><a href=\"http:\/\/www.accuratereviews.com\/wp-content\/uploads\/2016\/10\/backblaze-2.png\"><img loading=\"lazy\" decoding=\"async\" aria-describedby=\"caption-attachment-5866\" class=\"size-full wp-image-5866\" src=\"http:\/\/www.accuratereviews.com\/wp-content\/uploads\/2016\/10\/backblaze-2.png\" alt=\"backblaze\" width=\"572\" height=\"453\" srcset=\"https:\/\/www.accuratereviews.com\/wp-content\/uploads\/2016\/10\/backblaze-2.png 572w, https:\/\/www.accuratereviews.com\/wp-content\/uploads\/2016\/10\/backblaze-2-300x238.png 300w, https:\/\/www.accuratereviews.com\/wp-content\/uploads\/2016\/10\/backblaze-2-158x125.png 158w, https:\/\/www.accuratereviews.com\/wp-content\/uploads\/2016\/10\/backblaze-2-50x40.png 50w, https:\/\/www.accuratereviews.com\/wp-content\/uploads\/2016\/10\/backblaze-2-320x253.png 320w, https:\/\/www.accuratereviews.com\/wp-content\/uploads\/2016\/10\/backblaze-2-239x189.png 239w\" sizes=\"auto, (max-width: 572px) 100vw, 572px\" \/><\/a><p id=\"caption-attachment-5866\" class=\"wp-caption-text\">Programmate i vostri backup senza sforzo.<\/p><\/div>\n<p><strong>I backup sono protetti con crittografia a 128 bit<\/strong>, e salvati su diversi dischi, in diverse server farm. Mentre altri servizi offrono gradi di protezione pi\u00f9 alti, Backblaze \u00e8 abbastanza sicuro per la maggior parte degli scopi, e la sua funzione Trova il mio computer offre un livello di sicurezza extra. <strong>Ma gli upload sono lenti<\/strong> &#8211; a volte anche quattro volte pi\u00f9 lenti dei suoi concorrenti, e il processo di recupero dei file \u00e8 un po\u2019 bizzarro. Anzich\u00e9 dare accesso diretto a una directory di file che si possano scaricare direttamente su un nuovo computer, Backblaze invia un\u2019email con uno zip di tutti i file. Dall\u2019interfaccia web si possono scegliere i file che interessano: il che significa che o si scarica un file zip gigantesco, oppure si ricevere un link a un file che si sarebbe potuto scaricare senza troppe difficolt\u00e0.<\/p>\n<p>L\u2019opzione alternativa, ricevere una pen drive USB, o un hard disk via posta, ovviamente per un costo extra, non sono tanto meglio. Per fortuna, <strong>le app mobili di Backblaze permettono di accedere a tutti i file caricati<\/strong>.<\/p>\n","protected":false},"excerpt":{"rendered":"<p>Se fare il backup del proprio computer \u00e8 un po\u2019 come comprare un\u2019assicurazione, allora Backblaze \u00e8 l\u2019assicurazione sulla vita che non sapevate di avere. Fa il suo lavoro, se per lavoro si intende qualcosa che va fatto senza che ci si accorga che viene fatto.<\/p>\n","protected":false},"author":16,"featured_media":0,"parent":6671,"menu_order":2,"comment_status":"open","ping_status":"closed","template":"g1_template_page_review_new.php","meta":{"_acf_changed":false,"cwp_meta_box_check":"Yes","cwp_rev_product_name":"","cwp_rev_product_image":"","wppr_links":[],"cwp_rev_price":"","wppr_options":[],"wppr_pros":[],"wppr_cons":[],"_monsterinsights_skip_tracking":false,"_monsterinsights_sitenote_active":false,"_monsterinsights_sitenote_note":"","_monsterinsights_sitenote_category":0,"footnotes":""},"categories":[135],"tags":[],"features":[],"class_list":{"0":"post-7719","1":"page","2":"type-page","3":"status-publish","5":"category-online-backup-it"},"wppr_data":{"cwp_meta_box_check":"Yes","cwp_rev_product_name":"","cwp_rev_product_image":"","cwp_image_link":"image","cwp_rev_price":"","wppr_rating":"0.00"},"acf":[],"yoast_head":"<!-- This site is optimized with the Yoast SEO plugin v27.4 - https:\/\/yoast.com\/product\/yoast-seo-wordpress\/ -->\n<title>Backblaze recensione miglior servizio di backup | Accurate Reviews<\/title>\n<meta name=\"description\" content=\"Backblaze \u00e8 uno dei pi\u00f9 famosi servizi di backup a disposizione. Molto semplice ed economico: forse non \u00e8 la scelta giusta se avete pi\u00f9 di un computer.\" \/>\n<meta name=\"robots\" content=\"index, follow, max-snippet:-1, max-image-preview:large, max-video-preview:-1\" \/>\n<link rel=\"canonical\" href=\"https:\/\/www.accuratereviews.com\/it\/backup-i-migliori-software-e-servizi-software-lista\/backblaze\/\" \/>\n<meta property=\"og:locale\" content=\"it_IT\" \/>\n<meta property=\"og:type\" content=\"article\" \/>\n<meta property=\"og:title\" content=\"Backblaze recensione miglior servizio di backup | Accurate Reviews\" \/>\n<meta property=\"og:description\" content=\"Backblaze \u00e8 uno dei pi\u00f9 famosi servizi di backup a disposizione. Molto semplice ed economico: forse non \u00e8 la scelta giusta se avete pi\u00f9 di un computer.\" \/>\n<meta property=\"og:url\" content=\"https:\/\/www.accuratereviews.com\/it\/backup-i-migliori-software-e-servizi-software-lista\/backblaze\/\" \/>\n<meta property=\"og:site_name\" content=\"Accurate Reviews\" \/>\n<meta property=\"article:modified_time\" content=\"2017-02-01T16:43:50+00:00\" \/>\n<meta property=\"og:image\" content=\"http:\/\/www.accuratereviews.com\/wp-content\/uploads\/2016\/10\/backblaze-1-1024x481.png\" \/>\n<meta name=\"twitter:card\" content=\"summary_large_image\" \/>\n<meta name=\"twitter:label1\" content=\"Tempo di lettura stimato\" \/>\n\t<meta name=\"twitter:data1\" content=\"2 minuti\" \/>\n<script type=\"application\/ld+json\" class=\"yoast-schema-graph\">{\"@context\":\"https:\\\/\\\/schema.org\",\"@graph\":[{\"@type\":\"WebPage\",\"@id\":\"https:\\\/\\\/www.accuratereviews.com\\\/it\\\/backup-i-migliori-software-e-servizi-software-lista\\\/backblaze\\\/\",\"url\":\"https:\\\/\\\/www.accuratereviews.com\\\/it\\\/backup-i-migliori-software-e-servizi-software-lista\\\/backblaze\\\/\",\"name\":\"Backblaze recensione miglior servizio di backup | Accurate Reviews\",\"isPartOf\":{\"@id\":\"https:\\\/\\\/www.accuratereviews.com\\\/it\\\/#website\"},\"primaryImageOfPage\":{\"@id\":\"https:\\\/\\\/www.accuratereviews.com\\\/it\\\/backup-i-migliori-software-e-servizi-software-lista\\\/backblaze\\\/#primaryimage\"},\"image\":{\"@id\":\"https:\\\/\\\/www.accuratereviews.com\\\/it\\\/backup-i-migliori-software-e-servizi-software-lista\\\/backblaze\\\/#primaryimage\"},\"thumbnailUrl\":\"http:\\\/\\\/www.accuratereviews.com\\\/wp-content\\\/uploads\\\/2016\\\/10\\\/backblaze-1-1024x481.png\",\"datePublished\":\"2016-10-17T09:19:18+00:00\",\"dateModified\":\"2017-02-01T16:43:50+00:00\",\"description\":\"Backblaze \u00e8 uno dei pi\u00f9 famosi servizi di backup a disposizione. Molto semplice ed economico: forse non \u00e8 la scelta giusta se avete pi\u00f9 di un computer.\",\"breadcrumb\":{\"@id\":\"https:\\\/\\\/www.accuratereviews.com\\\/it\\\/backup-i-migliori-software-e-servizi-software-lista\\\/backblaze\\\/#breadcrumb\"},\"inLanguage\":\"it-IT\",\"potentialAction\":[{\"@type\":\"ReadAction\",\"target\":[\"https:\\\/\\\/www.accuratereviews.com\\\/it\\\/backup-i-migliori-software-e-servizi-software-lista\\\/backblaze\\\/\"]}]},{\"@type\":\"ImageObject\",\"inLanguage\":\"it-IT\",\"@id\":\"https:\\\/\\\/www.accuratereviews.com\\\/it\\\/backup-i-migliori-software-e-servizi-software-lista\\\/backblaze\\\/#primaryimage\",\"url\":\"http:\\\/\\\/www.accuratereviews.com\\\/wp-content\\\/uploads\\\/2016\\\/10\\\/backblaze-1-1024x481.png\",\"contentUrl\":\"http:\\\/\\\/www.accuratereviews.com\\\/wp-content\\\/uploads\\\/2016\\\/10\\\/backblaze-1-1024x481.png\"},{\"@type\":\"BreadcrumbList\",\"@id\":\"https:\\\/\\\/www.accuratereviews.com\\\/it\\\/backup-i-migliori-software-e-servizi-software-lista\\\/backblaze\\\/#breadcrumb\",\"itemListElement\":[{\"@type\":\"ListItem\",\"position\":1,\"name\":\"Home\",\"item\":\"https:\\\/\\\/www.accuratereviews.com\\\/it\\\/\"},{\"@type\":\"ListItem\",\"position\":2,\"name\":\"Backup: i migliori software e servizi\",\"item\":\"https:\\\/\\\/www.accuratereviews.com\\\/it\\\/backup-i-migliori-software-e-servizi-software-lista\\\/\"},{\"@type\":\"ListItem\",\"position\":3,\"name\":\"Backblaze\"}]},{\"@type\":\"WebSite\",\"@id\":\"https:\\\/\\\/www.accuratereviews.com\\\/it\\\/#website\",\"url\":\"https:\\\/\\\/www.accuratereviews.com\\\/it\\\/\",\"name\":\"Accurate Reviews\",\"description\":\"\",\"potentialAction\":[{\"@type\":\"SearchAction\",\"target\":{\"@type\":\"EntryPoint\",\"urlTemplate\":\"https:\\\/\\\/www.accuratereviews.com\\\/it\\\/?s={search_term_string}\"},\"query-input\":{\"@type\":\"PropertyValueSpecification\",\"valueRequired\":true,\"valueName\":\"search_term_string\"}}],\"inLanguage\":\"it-IT\"}]}<\/script>\n<!-- \/ Yoast SEO plugin. -->","yoast_head_json":{"title":"Backblaze recensione miglior servizio di backup | Accurate Reviews","description":"Backblaze \u00e8 uno dei pi\u00f9 famosi servizi di backup a disposizione. Molto semplice ed economico: forse non \u00e8 la scelta giusta se avete pi\u00f9 di un computer.","robots":{"index":"index","follow":"follow","max-snippet":"max-snippet:-1","max-image-preview":"max-image-preview:large","max-video-preview":"max-video-preview:-1"},"canonical":"https:\/\/www.accuratereviews.com\/it\/backup-i-migliori-software-e-servizi-software-lista\/backblaze\/","og_locale":"it_IT","og_type":"article","og_title":"Backblaze recensione miglior servizio di backup | Accurate Reviews","og_description":"Backblaze \u00e8 uno dei pi\u00f9 famosi servizi di backup a disposizione. Molto semplice ed economico: forse non \u00e8 la scelta giusta se avete pi\u00f9 di un computer.","og_url":"https:\/\/www.accuratereviews.com\/it\/backup-i-migliori-software-e-servizi-software-lista\/backblaze\/","og_site_name":"Accurate Reviews","article_modified_time":"2017-02-01T16:43:50+00:00","og_image":[{"url":"http:\/\/www.accuratereviews.com\/wp-content\/uploads\/2016\/10\/backblaze-1-1024x481.png","type":"","width":"","height":""}],"twitter_card":"summary_large_image","twitter_misc":{"Tempo di lettura stimato":"2 minuti"},"schema":{"@context":"https:\/\/schema.org","@graph":[{"@type":"WebPage","@id":"https:\/\/www.accuratereviews.com\/it\/backup-i-migliori-software-e-servizi-software-lista\/backblaze\/","url":"https:\/\/www.accuratereviews.com\/it\/backup-i-migliori-software-e-servizi-software-lista\/backblaze\/","name":"Backblaze recensione miglior servizio di backup | Accurate Reviews","isPartOf":{"@id":"https:\/\/www.accuratereviews.com\/it\/#website"},"primaryImageOfPage":{"@id":"https:\/\/www.accuratereviews.com\/it\/backup-i-migliori-software-e-servizi-software-lista\/backblaze\/#primaryimage"},"image":{"@id":"https:\/\/www.accuratereviews.com\/it\/backup-i-migliori-software-e-servizi-software-lista\/backblaze\/#primaryimage"},"thumbnailUrl":"http:\/\/www.accuratereviews.com\/wp-content\/uploads\/2016\/10\/backblaze-1-1024x481.png","datePublished":"2016-10-17T09:19:18+00:00","dateModified":"2017-02-01T16:43:50+00:00","description":"Backblaze \u00e8 uno dei pi\u00f9 famosi servizi di backup a disposizione. Molto semplice ed economico: forse non \u00e8 la scelta giusta se avete pi\u00f9 di un computer.","breadcrumb":{"@id":"https:\/\/www.accuratereviews.com\/it\/backup-i-migliori-software-e-servizi-software-lista\/backblaze\/#breadcrumb"},"inLanguage":"it-IT","potentialAction":[{"@type":"ReadAction","target":["https:\/\/www.accuratereviews.com\/it\/backup-i-migliori-software-e-servizi-software-lista\/backblaze\/"]}]},{"@type":"ImageObject","inLanguage":"it-IT","@id":"https:\/\/www.accuratereviews.com\/it\/backup-i-migliori-software-e-servizi-software-lista\/backblaze\/#primaryimage","url":"http:\/\/www.accuratereviews.com\/wp-content\/uploads\/2016\/10\/backblaze-1-1024x481.png","contentUrl":"http:\/\/www.accuratereviews.com\/wp-content\/uploads\/2016\/10\/backblaze-1-1024x481.png"},{"@type":"BreadcrumbList","@id":"https:\/\/www.accuratereviews.com\/it\/backup-i-migliori-software-e-servizi-software-lista\/backblaze\/#breadcrumb","itemListElement":[{"@type":"ListItem","position":1,"name":"Home","item":"https:\/\/www.accuratereviews.com\/it\/"},{"@type":"ListItem","position":2,"name":"Backup: i migliori software e servizi","item":"https:\/\/www.accuratereviews.com\/it\/backup-i-migliori-software-e-servizi-software-lista\/"},{"@type":"ListItem","position":3,"name":"Backblaze"}]},{"@type":"WebSite","@id":"https:\/\/www.accuratereviews.com\/it\/#website","url":"https:\/\/www.accuratereviews.com\/it\/","name":"Accurate Reviews","description":"","potentialAction":[{"@type":"SearchAction","target":{"@type":"EntryPoint","urlTemplate":"https:\/\/www.accuratereviews.com\/it\/?s={search_term_string}"},"query-input":{"@type":"PropertyValueSpecification","valueRequired":true,"valueName":"search_term_string"}}],"inLanguage":"it-IT"}]}},"_links":{"self":[{"href":"https:\/\/www.accuratereviews.com\/it\/wp-json\/wp\/v2\/pages\/7719","targetHints":{"allow":["GET"]}}],"collection":[{"href":"https:\/\/www.accuratereviews.com\/it\/wp-json\/wp\/v2\/pages"}],"about":[{"href":"https:\/\/www.accuratereviews.com\/it\/wp-json\/wp\/v2\/types\/page"}],"author":[{"embeddable":true,"href":"https:\/\/www.accuratereviews.com\/it\/wp-json\/wp\/v2\/users\/16"}],"replies":[{"embeddable":true,"href":"https:\/\/www.accuratereviews.com\/it\/wp-json\/wp\/v2\/comments?post=7719"}],"version-history":[{"count":3,"href":"https:\/\/www.accuratereviews.com\/it\/wp-json\/wp\/v2\/pages\/7719\/revisions"}],"predecessor-version":[{"id":7722,"href":"https:\/\/www.accuratereviews.com\/it\/wp-json\/wp\/v2\/pages\/7719\/revisions\/7722"}],"up":[{"embeddable":true,"href":"https:\/\/www.accuratereviews.com\/it\/wp-json\/wp\/v2\/pages\/6671"}],"wp:attachment":[{"href":"https:\/\/www.accuratereviews.com\/it\/wp-json\/wp\/v2\/media?parent=7719"}],"wp:term":[{"taxonomy":"category","embeddable":true,"href":"https:\/\/www.accuratereviews.com\/it\/wp-json\/wp\/v2\/categories?post=7719"},{"taxonomy":"post_tag","embeddable":true,"href":"https:\/\/www.accuratereviews.com\/it\/wp-json\/wp\/v2\/tags?post=7719"},{"taxonomy":"features","embeddable":true,"href":"https:\/\/www.accuratereviews.com\/it\/wp-json\/wp\/v2\/features?post=7719"}],"curies":[{"name":"wp","href":"https:\/\/api.w.org\/{rel}","templated":true}]}}