{"id":77226,"date":"2024-06-12T14:20:54","date_gmt":"2024-06-12T14:20:54","guid":{"rendered":"https:\/\/www.accuratereviews.com\/?page_id=77226"},"modified":"2024-06-13T09:59:11","modified_gmt":"2024-06-13T09:59:11","slug":"givingfuel-recensione","status":"publish","type":"page","link":"https:\/\/www.accuratereviews.com\/it\/piattaforme-per-fundraising\/givingfuel-recensione\/","title":{"rendered":"GivingFuel"},"content":{"rendered":"<p><strong>GivingFuel<\/strong> \u00e8 una <strong>piattaforma di donazioni<\/strong> online e flessibile, che offre un set completo di funzionalit\u00e0 rivolte alle organizzazioni e alle chiese che desiderano massimizzare le proprie donazioni. La piattaforma fornisce gli strumenti per la gestione di donazioni ricorrenti, condivisione sui social, messaggi, raccolta fondi peer-to-peer, compatibilit\u00e0 mobile e altro ancora. Il generatore di campagne della soluzione consente di creare campagne di raccolta fondi in pochi minuti e senza alcuna conoscenza tecnica.<br \/>\nLa piattaforma fornisce agli utenti report dettagliati, dashboard e analisi in tempo reale. Le organizzazioni possono ottenere visibilit\u00e0 sulle prestazioni delle loro donazioni, nonch\u00e9 sul traffico, sui visitatori, sui tassi di conversione, sull&#8217;utilizzo dei dispositivi mobili e altro ancora, da un&#8217;unica schermata. Tutti i dati sono ricercabili ed esportabili. Gli utenti possono trovare e visualizzare il profilo di qualsiasi donatore e vedere un&#8217;istantanea della sua cronologia con collegamenti a transazioni passate, programmi ricorrenti o impegni.<br \/>\nInoltre, <strong>GivingFuel<\/strong> supporta la funzionalit\u00e0 Text to Give, che consente agli utenti di donare tramite SMS\/messaggi di testo.<\/p>\n<h2>GIVINGFUEL &#8211; TUTORIAL<\/h2>\n<div id=\"fluid-wrapper-counter-1\" class=\"g1-fluid-wrapper \" style=\"width:686px;\">\n<div style=\"padding-bottom:56.268221574344%;\"><iframe loading=\"lazy\" title=\"Manual Donor Entry using GivingFuel\" width=\"686\" height=\"386\" src=\"https:\/\/www.youtube.com\/embed\/7i9ZPkQvEj8?feature=oembed&amp;wmode=transparent&amp;autohide=1&amp;autoplay=0&amp;disablekb=0&amp;fs=1&amp;loop=0&amp;enablejsapi=1&amp;rel=0&amp;controls=2&amp;showinfo=0&amp;wmode=transparent&amp;autohide=2&amp;autoplay=0&amp;disablekb=0&amp;fs=1&amp;loop=0&amp;enablejsapi=1&amp;rel=0&amp;controls=2&amp;showinfo=1\" frameborder=\"0\" allow=\"accelerometer; autoplay; clipboard-write; encrypted-media; gyroscope; picture-in-picture; web-share\" referrerpolicy=\"strict-origin-when-cross-origin\" allowfullscreen><\/iframe><\/div>\n<\/div>\n<h3>GIVINGFUEL &#8211; CARATTERISTICHE<\/h3>\n<ul>\n<li>Crea facilmente le pagine per le donazioni perfette per adattarle al tuo marchio e alla tua strategia di raccolta fondi.<\/li>\n<li>Tieni traccia delle donazioni, gestisci le relazioni e coltiva i contatti.<\/li>\n<li>Lancia e gestisci campagne di crowdfunding all&#8217;interno del software<\/li>\n<li>Ogni pagina di donazione \u00e8 dotata di un numero di telefono gratuito di 10 cifre per inviare facilmente messaggi di testo.<\/li>\n<li>Offre il miglior software di registrazione, biglietteria e gestione degli eventi.<\/li>\n<li>Visibilit\u00e0 in tempo reale sulla performance della tua raccolta fondi e semplici report personalizzati<\/li>\n<li>Ottieni regali dal datore di lavoro con ogni donazione e raddoppia l&#8217;impatto della tua raccolta fondi.<\/li>\n<li>Acquisisci, elabora e gestisci facilmente donazioni ricorrenti di tutti i tipi.<\/li>\n<li>Consenti ai tuoi donatori di accedere al proprio account per visualizzare e aggiornare le informazioni sulle donazioni.<\/li>\n<li>Acquisizione dati personalizzati per la formattazione condizionale e la visibilit\u00e0.<\/li>\n<li>Grazie alla partnership con VOMO, puoi gestire i volontari, tenere traccia delle ore e altro ancora.<\/li>\n<li>Assegna doni a vari fondi e supporta pi\u00f9 di un fondo nella stessa transazione.<\/li>\n<li>Con un clic, i donatori possono coprire le spese di elaborazione della loro donazione, aiutandoti a recuperare preziose entrate dalle donazioni.<\/li>\n<li>Il nostro strumento di ricerca e supporto consente a un&#8217;unica pagina di donazione di ospitare centinaia di persone o progetti per cui raccogliere fondi.<\/li>\n<li>Aggiungi merce alle pagine delle donazioni per venderla o regalarla. Include foto, opzioni di dimensionamento e colore e monitoraggio dell&#8217;inventario.<\/li>\n<li>Configura le esportazioni di dati da eseguire a intervalli automatici e inviale tramite email ai membri del team.<\/li>\n<li>Raccogli donazioni in tutto il mondo ed elaborale in 15 valute globali.<\/li>\n<li>Personalizza i messaggi e invia tramite email ai donatori le dichiarazioni fiscali di fine anno.<\/li>\n<li>Assegna ai membri del tuo team i propri account con autorizzazioni utente rigorose su reporting, dati finanziari e creazione di pagine.<\/li>\n<li>Personalizza esattamente ci\u00f2 che viene condiviso e come appare sui canali dei social media.<\/li>\n<\/ul>\n<h4>LE RECENSIONI DEGLI UTENTI<\/h4>\n<p><strong>Scott &#8220;Ottima opzione per le organizzazioni no-profit&#8221;<\/strong><br \/>\n<strong>Commenti<\/strong>: Avevamo bisogno di una piattaforma per le donazioni online e non riuscivamo a trovarla adatta alle nostre esigenze! GivingFuel era esattamente ci\u00f2 di cui avevamo bisogno. \u00c8 stato facile configurarlo e il servizio clienti non \u00e8 secondo a nessuno!<br \/>\n<strong>Pro<\/strong>: Est da configurare, ottimo servizio clienti e personalizzabile per le nostre esigenze.<br \/>\n<strong>Contro<\/strong>: Ci auguriamo che ci sia un&#8217;opzione Codice QR per pubblicizzare un collegamento di donazione.<\/p>\n<p><strong>Harvey &#8220;Strumenti perfetti per le organizzazioni no-profit che accettano donazioni&#8221;<\/strong><br \/>\n<strong>Commenti<\/strong>: Ottimo per tenere traccia dei donatori e delle donazioni<br \/>\n<strong>Pro<\/strong>: Facile da usare, ottima guida in linea con il vantaggio aggiuntivo di un supporto rapido.<br \/>\n<strong>Contro<\/strong>: Alcune funzionalit\u00e0 di creazione di pagine sono difficili da utilizzare<\/p>\n<p><strong>Kierstin &#8220;Funzionalit\u00e0 limitate per la gestione delle donazioni&#8221;<\/strong><br \/>\n<strong>Commenti<\/strong>: \u00c8 stato positivo per un periodo di tempo poich\u00e9 la nostra organizzazione \u00e8 rimasta relativamente piccola. Non appena abbiamo assunto un dipartimento di raccolta fondi separato, le nostre esigenze sono diventate troppo grandi per la piattaforma.<br \/>\n<strong>Pro<\/strong>: Essendo una piccola organizzazione no-profit, abbiamo apprezzato l&#8217;aspetto professionale delle pagine delle donazioni e la facilit\u00e0 d&#8217;uso nel progettarle. Inoltre, \u00e8 stato facile visualizzare report, informazioni di contatto dei donatori e approfondimenti sulla pagina delle donazioni. \u00c8 un prodotto conveniente se stai solo cercando una pagina di donazione pulita e semplice.<br \/>\n<strong>Contro<\/strong>: Non eravamo entusiasti della mancanza di funzionalit\u00e0 di automazione e comunicazione, in particolare per i report di fine anno. Non siamo stati in grado di personalizzare il report di fine anno e abbiamo dovuto inviare i report individualmente da un&#8217;e-mail dell&#8217;organizzazione. Ogni anno il completamento di questa operazione ha richiesto diversi giorni. Inoltre, non \u00e8 possibile assegnare attivit\u00e0 o contatti a un lead di portafoglio. La funzionalit\u00e0 di comunicazione con i donatori \u00e8 minima. Man mano che il numero del personale e delle attivit\u00e0 di raccolta fondi cresceva, le nostre esigenze superavano rapidamente ci\u00f2 che il prodotto poteva offrire.<\/p>\n","protected":false},"excerpt":{"rendered":"<p>GivingFuel \u00e8 una piattaforma di donazioni online e flessibile, che offre un set completo di funzionalit\u00e0 rivolte alle organizzazioni e alle chiese che desiderano massimizzare le proprie donazioni. La piattaforma fornisce gli strumenti per la gestione di donazioni ricorrenti, condivisione sui social, messaggi, raccolta fondi peer-to-peer, compatibilit\u00e0 mobile e altro ancora.<\/p>\n","protected":false},"author":19,"featured_media":77236,"parent":35419,"menu_order":0,"comment_status":"open","ping_status":"closed","template":"g1_template_page_review_new.php","meta":{"_acf_changed":false,"cwp_meta_box_check":"Yes","cwp_rev_product_name":"","cwp_rev_product_image":"","wppr_links":[],"cwp_rev_price":"0.00","wppr_options":[{"name":"Usability","value":"0"},{"name":"Speed","value":"0"},{"name":"Features","value":"0"},{"name":"Support","value":"0"},{"name":"Pricing","value":"0"}],"wppr_pros":["","","","",""],"wppr_cons":["","","","",""],"_monsterinsights_skip_tracking":false,"_monsterinsights_sitenote_active":false,"_monsterinsights_sitenote_note":"","_monsterinsights_sitenote_category":0,"footnotes":""},"categories":[4851],"tags":[15120,4852,4878,15121,4877,4859,4854,4875,4909,4876],"features":[],"class_list":{"0":"post-77226","1":"page","2":"type-page","3":"status-publish","4":"has-post-thumbnail","6":"category-piattaforme-per-fundraising-categoria","7":"tag-givingfuel","8":"tag-piattaforma-per-fundraising","9":"tag-piattaforma-raccolta-fondi","10":"tag-programma-di-fundraising","11":"tag-programma-raccolta-fondi","12":"tag-raccolta-fondi","13":"tag-software-per-fundraising","14":"tag-software-raccolta-fondi","15":"tag-soluzione-per-fundraising","16":"tag-soluzione-raccolta-fondi"},"wppr_data":{"cwp_meta_box_check":"Yes","_wppr_review_template":"default","cwp_rev_product_image":"","cwp_image_link":"image","wppr_links":[],"cwp_rev_price":"0.00","wppr_pros":["","","","",""],"wppr_cons":["","","","",""],"wppr_rating":"0.00","wppr_options":{"1":{"name":"Usability","value":"0"},"2":{"name":"Speed","value":"0"},"3":{"name":"Features","value":"0"},"4":{"name":"Support","value":"0"},"5":{"name":"Pricing","value":"0"}},"wppr_review_type":"Product","wppr_review_custom_fields":{"additionalProperty":"","additionalType":"","aggregateRating":"","alternateName":"","audience":"","award":"","awards":"","brand":"","color":"","depth":"","description":"","disambiguatingDescription":"","gtin12":"","gtin13":"","gtin14":"","gtin8":"","height":"","identifier":"","image":"","isAccessoryOrSparePartFor":"","isConsumableFor":"","isRelatedTo":"","isSimilarTo":"","itemCondition":"","logo":"","mainEntityOfPage":"","manufacturer":"","material":"","model":"","mpn":"","name":"","offers":"","potentialAction":"","productID":"","productionDate":"","purchaseDate":"","releaseDate":"","review":"","reviews":"","sameAs":"","sku":"","slogan":"","subjectOf":"","url":"","weight":"","width":""}},"acf":[],"yoast_head":"<!-- This site is optimized with the Yoast SEO plugin v27.4 - https:\/\/yoast.com\/product\/yoast-seo-wordpress\/ -->\n<title>GivingFuel: recensione software per fundraising - Accurate Reviews<\/title>\n<meta name=\"description\" content=\"GivingFuel: recensione piattaforma di donazioni online flessibile con un set completo di funzionalit\u00e0 rivolte alle organizzazioni no profit.\" \/>\n<meta name=\"robots\" content=\"index, follow, max-snippet:-1, max-image-preview:large, max-video-preview:-1\" \/>\n<link rel=\"canonical\" href=\"https:\/\/www.accuratereviews.com\/it\/piattaforme-per-fundraising\/givingfuel-recensione\/\" \/>\n<meta property=\"og:locale\" content=\"it_IT\" \/>\n<meta property=\"og:type\" content=\"article\" \/>\n<meta property=\"og:title\" content=\"GivingFuel: recensione software per fundraising - Accurate Reviews\" \/>\n<meta property=\"og:description\" content=\"GivingFuel: recensione piattaforma di donazioni online flessibile con un set completo di funzionalit\u00e0 rivolte alle organizzazioni no profit.\" \/>\n<meta property=\"og:url\" content=\"https:\/\/www.accuratereviews.com\/it\/piattaforme-per-fundraising\/givingfuel-recensione\/\" \/>\n<meta property=\"og:site_name\" content=\"Accurate Reviews\" \/>\n<meta property=\"article:modified_time\" content=\"2024-06-13T09:59:11+00:00\" \/>\n<meta property=\"og:image\" content=\"https:\/\/www.accuratereviews.com\/wp-content\/uploads\/2024\/06\/GivingFuel2.png\" \/>\n\t<meta property=\"og:image:width\" content=\"240\" \/>\n\t<meta property=\"og:image:height\" content=\"240\" \/>\n\t<meta property=\"og:image:type\" content=\"image\/png\" \/>\n<meta name=\"twitter:card\" content=\"summary_large_image\" \/>\n<meta name=\"twitter:label1\" content=\"Tempo di lettura stimato\" \/>\n\t<meta name=\"twitter:data1\" content=\"6 minuti\" \/>\n<script type=\"application\/ld+json\" class=\"yoast-schema-graph\">{\"@context\":\"https:\\\/\\\/schema.org\",\"@graph\":[{\"@type\":\"WebPage\",\"@id\":\"https:\\\/\\\/www.accuratereviews.com\\\/it\\\/piattaforme-per-fundraising\\\/givingfuel-recensione\\\/\",\"url\":\"https:\\\/\\\/www.accuratereviews.com\\\/it\\\/piattaforme-per-fundraising\\\/givingfuel-recensione\\\/\",\"name\":\"GivingFuel: recensione software per fundraising - Accurate Reviews\",\"isPartOf\":{\"@id\":\"https:\\\/\\\/www.accuratereviews.com\\\/it\\\/#website\"},\"primaryImageOfPage\":{\"@id\":\"https:\\\/\\\/www.accuratereviews.com\\\/it\\\/piattaforme-per-fundraising\\\/givingfuel-recensione\\\/#primaryimage\"},\"image\":{\"@id\":\"https:\\\/\\\/www.accuratereviews.com\\\/it\\\/piattaforme-per-fundraising\\\/givingfuel-recensione\\\/#primaryimage\"},\"thumbnailUrl\":\"https:\\\/\\\/www.accuratereviews.com\\\/wp-content\\\/uploads\\\/2024\\\/06\\\/GivingFuel2.png\",\"datePublished\":\"2024-06-12T14:20:54+00:00\",\"dateModified\":\"2024-06-13T09:59:11+00:00\",\"description\":\"GivingFuel: recensione piattaforma di donazioni online flessibile con un set completo di funzionalit\u00e0 rivolte alle organizzazioni no profit.\",\"breadcrumb\":{\"@id\":\"https:\\\/\\\/www.accuratereviews.com\\\/it\\\/piattaforme-per-fundraising\\\/givingfuel-recensione\\\/#breadcrumb\"},\"inLanguage\":\"it-IT\",\"potentialAction\":[{\"@type\":\"ReadAction\",\"target\":[\"https:\\\/\\\/www.accuratereviews.com\\\/it\\\/piattaforme-per-fundraising\\\/givingfuel-recensione\\\/\"]}]},{\"@type\":\"ImageObject\",\"inLanguage\":\"it-IT\",\"@id\":\"https:\\\/\\\/www.accuratereviews.com\\\/it\\\/piattaforme-per-fundraising\\\/givingfuel-recensione\\\/#primaryimage\",\"url\":\"https:\\\/\\\/www.accuratereviews.com\\\/wp-content\\\/uploads\\\/2024\\\/06\\\/GivingFuel2.png\",\"contentUrl\":\"https:\\\/\\\/www.accuratereviews.com\\\/wp-content\\\/uploads\\\/2024\\\/06\\\/GivingFuel2.png\",\"width\":240,\"height\":240},{\"@type\":\"BreadcrumbList\",\"@id\":\"https:\\\/\\\/www.accuratereviews.com\\\/it\\\/piattaforme-per-fundraising\\\/givingfuel-recensione\\\/#breadcrumb\",\"itemListElement\":[{\"@type\":\"ListItem\",\"position\":1,\"name\":\"Home\",\"item\":\"https:\\\/\\\/www.accuratereviews.com\\\/it\\\/\"},{\"@type\":\"ListItem\",\"position\":2,\"name\":\"Piattaforme per fundraising\",\"item\":\"https:\\\/\\\/www.accuratereviews.com\\\/it\\\/piattaforme-per-fundraising\\\/\"},{\"@type\":\"ListItem\",\"position\":3,\"name\":\"GivingFuel\"}]},{\"@type\":\"WebSite\",\"@id\":\"https:\\\/\\\/www.accuratereviews.com\\\/it\\\/#website\",\"url\":\"https:\\\/\\\/www.accuratereviews.com\\\/it\\\/\",\"name\":\"Accurate Reviews\",\"description\":\"\",\"potentialAction\":[{\"@type\":\"SearchAction\",\"target\":{\"@type\":\"EntryPoint\",\"urlTemplate\":\"https:\\\/\\\/www.accuratereviews.com\\\/it\\\/?s={search_term_string}\"},\"query-input\":{\"@type\":\"PropertyValueSpecification\",\"valueRequired\":true,\"valueName\":\"search_term_string\"}}],\"inLanguage\":\"it-IT\"}]}<\/script>\n<!-- \/ Yoast SEO plugin. -->","yoast_head_json":{"title":"GivingFuel: recensione software per fundraising - Accurate Reviews","description":"GivingFuel: recensione piattaforma di donazioni online flessibile con un set completo di funzionalit\u00e0 rivolte alle organizzazioni no profit.","robots":{"index":"index","follow":"follow","max-snippet":"max-snippet:-1","max-image-preview":"max-image-preview:large","max-video-preview":"max-video-preview:-1"},"canonical":"https:\/\/www.accuratereviews.com\/it\/piattaforme-per-fundraising\/givingfuel-recensione\/","og_locale":"it_IT","og_type":"article","og_title":"GivingFuel: recensione software per fundraising - Accurate Reviews","og_description":"GivingFuel: recensione piattaforma di donazioni online flessibile con un set completo di funzionalit\u00e0 rivolte alle organizzazioni no profit.","og_url":"https:\/\/www.accuratereviews.com\/it\/piattaforme-per-fundraising\/givingfuel-recensione\/","og_site_name":"Accurate Reviews","article_modified_time":"2024-06-13T09:59:11+00:00","og_image":[{"width":240,"height":240,"url":"https:\/\/www.accuratereviews.com\/wp-content\/uploads\/2024\/06\/GivingFuel2.png","type":"image\/png"}],"twitter_card":"summary_large_image","twitter_misc":{"Tempo di lettura stimato":"6 minuti"},"schema":{"@context":"https:\/\/schema.org","@graph":[{"@type":"WebPage","@id":"https:\/\/www.accuratereviews.com\/it\/piattaforme-per-fundraising\/givingfuel-recensione\/","url":"https:\/\/www.accuratereviews.com\/it\/piattaforme-per-fundraising\/givingfuel-recensione\/","name":"GivingFuel: recensione software per fundraising - Accurate Reviews","isPartOf":{"@id":"https:\/\/www.accuratereviews.com\/it\/#website"},"primaryImageOfPage":{"@id":"https:\/\/www.accuratereviews.com\/it\/piattaforme-per-fundraising\/givingfuel-recensione\/#primaryimage"},"image":{"@id":"https:\/\/www.accuratereviews.com\/it\/piattaforme-per-fundraising\/givingfuel-recensione\/#primaryimage"},"thumbnailUrl":"https:\/\/www.accuratereviews.com\/wp-content\/uploads\/2024\/06\/GivingFuel2.png","datePublished":"2024-06-12T14:20:54+00:00","dateModified":"2024-06-13T09:59:11+00:00","description":"GivingFuel: recensione piattaforma di donazioni online flessibile con un set completo di funzionalit\u00e0 rivolte alle organizzazioni no profit.","breadcrumb":{"@id":"https:\/\/www.accuratereviews.com\/it\/piattaforme-per-fundraising\/givingfuel-recensione\/#breadcrumb"},"inLanguage":"it-IT","potentialAction":[{"@type":"ReadAction","target":["https:\/\/www.accuratereviews.com\/it\/piattaforme-per-fundraising\/givingfuel-recensione\/"]}]},{"@type":"ImageObject","inLanguage":"it-IT","@id":"https:\/\/www.accuratereviews.com\/it\/piattaforme-per-fundraising\/givingfuel-recensione\/#primaryimage","url":"https:\/\/www.accuratereviews.com\/wp-content\/uploads\/2024\/06\/GivingFuel2.png","contentUrl":"https:\/\/www.accuratereviews.com\/wp-content\/uploads\/2024\/06\/GivingFuel2.png","width":240,"height":240},{"@type":"BreadcrumbList","@id":"https:\/\/www.accuratereviews.com\/it\/piattaforme-per-fundraising\/givingfuel-recensione\/#breadcrumb","itemListElement":[{"@type":"ListItem","position":1,"name":"Home","item":"https:\/\/www.accuratereviews.com\/it\/"},{"@type":"ListItem","position":2,"name":"Piattaforme per fundraising","item":"https:\/\/www.accuratereviews.com\/it\/piattaforme-per-fundraising\/"},{"@type":"ListItem","position":3,"name":"GivingFuel"}]},{"@type":"WebSite","@id":"https:\/\/www.accuratereviews.com\/it\/#website","url":"https:\/\/www.accuratereviews.com\/it\/","name":"Accurate Reviews","description":"","potentialAction":[{"@type":"SearchAction","target":{"@type":"EntryPoint","urlTemplate":"https:\/\/www.accuratereviews.com\/it\/?s={search_term_string}"},"query-input":{"@type":"PropertyValueSpecification","valueRequired":true,"valueName":"search_term_string"}}],"inLanguage":"it-IT"}]}},"_links":{"self":[{"href":"https:\/\/www.accuratereviews.com\/it\/wp-json\/wp\/v2\/pages\/77226","targetHints":{"allow":["GET"]}}],"collection":[{"href":"https:\/\/www.accuratereviews.com\/it\/wp-json\/wp\/v2\/pages"}],"about":[{"href":"https:\/\/www.accuratereviews.com\/it\/wp-json\/wp\/v2\/types\/page"}],"author":[{"embeddable":true,"href":"https:\/\/www.accuratereviews.com\/it\/wp-json\/wp\/v2\/users\/19"}],"replies":[{"embeddable":true,"href":"https:\/\/www.accuratereviews.com\/it\/wp-json\/wp\/v2\/comments?post=77226"}],"version-history":[{"count":13,"href":"https:\/\/www.accuratereviews.com\/it\/wp-json\/wp\/v2\/pages\/77226\/revisions"}],"predecessor-version":[{"id":77275,"href":"https:\/\/www.accuratereviews.com\/it\/wp-json\/wp\/v2\/pages\/77226\/revisions\/77275"}],"up":[{"embeddable":true,"href":"https:\/\/www.accuratereviews.com\/it\/wp-json\/wp\/v2\/pages\/35419"}],"wp:featuredmedia":[{"embeddable":true,"href":"https:\/\/www.accuratereviews.com\/it\/wp-json\/wp\/v2\/media\/77236"}],"wp:attachment":[{"href":"https:\/\/www.accuratereviews.com\/it\/wp-json\/wp\/v2\/media?parent=77226"}],"wp:term":[{"taxonomy":"category","embeddable":true,"href":"https:\/\/www.accuratereviews.com\/it\/wp-json\/wp\/v2\/categories?post=77226"},{"taxonomy":"post_tag","embeddable":true,"href":"https:\/\/www.accuratereviews.com\/it\/wp-json\/wp\/v2\/tags?post=77226"},{"taxonomy":"features","embeddable":true,"href":"https:\/\/www.accuratereviews.com\/it\/wp-json\/wp\/v2\/features?post=77226"}],"curies":[{"name":"wp","href":"https:\/\/api.w.org\/{rel}","templated":true}]}}