{"id":77287,"date":"2024-06-14T16:00:25","date_gmt":"2024-06-14T16:00:25","guid":{"rendered":"https:\/\/www.accuratereviews.com\/?page_id=77287"},"modified":"2024-06-21T09:58:30","modified_gmt":"2024-06-21T09:58:30","slug":"actblue-recensione","status":"publish","type":"page","link":"https:\/\/www.accuratereviews.com\/it\/piattaforme-per-fundraising\/actblue-recensione\/","title":{"rendered":"ActBlue"},"content":{"rendered":"<p><strong>ActBlue<\/strong> \u00e8 una <strong>soluzione flessibile di raccolta fondi<\/strong> che offre strumenti per creare moduli di contribuzione brandizzati e funzionalit\u00e0 di analisi per monitorare i tassi di conversione. I moduli creati sono ottimizzati per l&#8217;uso, da parte dei donatori, sui dispositivi mobili. Questa soluzione fornisce strumenti A\/B integrati che testano i tassi di conversione per i moduli di contribuzione.<br \/>\nCon <strong>ActBlue Express<\/strong>, gli utenti possono incorporare collegamenti di pagamento con un solo clic nelle email di <strong>raccolta fondi.<\/strong> Inoltre, in qualit\u00e0 di commerciante certificato PCI Livello 1, <strong>ActBlue<\/strong> mantiene un elevato livello di sicurezza dei pagamenti.<br \/>\nPer gli eventi con biglietti, le organizzazioni possono facilmente impostare i prezzi dei biglietti, aggiungere dettagli sull&#8217;evento e accedere agli elenchi degli invitati per ogni modulo.<\/p>\n<h2>ACTBLUE &#8211; TUTORIAL<\/h2>\n<div id=\"fluid-wrapper-counter-1\" class=\"g1-fluid-wrapper \" style=\"width:686px;\">\n<div style=\"padding-bottom:56.268221574344%;\"><iframe loading=\"lazy\" title=\"What is ActBlue?\" width=\"686\" height=\"386\" src=\"https:\/\/www.youtube.com\/embed\/-J74IxhV-_Y?feature=oembed&amp;wmode=transparent&amp;autohide=1&amp;autoplay=0&amp;disablekb=0&amp;fs=1&amp;loop=0&amp;enablejsapi=1&amp;rel=0&amp;controls=2&amp;showinfo=0&amp;wmode=transparent&amp;autohide=2&amp;autoplay=0&amp;disablekb=0&amp;fs=1&amp;loop=0&amp;enablejsapi=1&amp;rel=0&amp;controls=2&amp;showinfo=1\" frameborder=\"0\" allow=\"accelerometer; autoplay; clipboard-write; encrypted-media; gyroscope; picture-in-picture; web-share\" referrerpolicy=\"strict-origin-when-cross-origin\" allowfullscreen><\/iframe><\/div>\n<\/div>\n<h3>ACTBLUE &#8211; CARATTERISTICHE<\/h3>\n<ul>\n<li><strong>Configurazione rapida<\/strong>: puoi creare campagne federali in pochi minuti in modo che tu possa iniziare a sfruttare il potenza di questo software.<\/li>\n<li><strong>Supporto amichevole<\/strong>: per te e i tuoi donatori.<\/li>\n<li><strong>ActBlue Express Lane<\/strong>: sistema di pagamento con un solo clic che ti consente di incorporare collegamenti nelle tue email di raccolta fondi. Aumenta i tuoi tassi di conversione fino al 200%.<\/li>\n<li><strong>Mobile<\/strong>:\u00a0creazione della piattaforma di pagamento pi\u00f9 veloce e ottimizzata per dispositivi mobili disponibile sul mercato. Ogni modulo di contributo \u00e8 automaticamente mobile responsive.<\/li>\n<li><strong>Marchi<\/strong>: personalizza i moduli di contributo in pochi minuti per adattarli al tuo marchio. Crea un numero illimitato di moduli e modificali quando ti rivolgi a diversi gruppi di interesse, oppure progetta un marchio speciale per la raccolta fondi.<\/li>\n<li><strong>Strumenti A\/B<\/strong>: fornisce strumenti A\/B integrati per ogni modulo di contributo, cos\u00ec puoi testare la tua strada verso tassi di conversione pi\u00f9 elevati. E se ti viene in mente un test diverso che desideri eseguire, il supporto \u00e8 pronto ad aiutarti a configurarlo.<\/li>\n<li><strong>Eventi con biglietto<\/strong>: imposta i prezzi dei biglietti e i livelli dei sostenitori, aggiungi i dettagli dell&#8217;evento, assegna a ciascun host il proprio numero di tracciamento e accedi alla tua lista degli invitati.<\/li>\n<li><strong>Conformit\u00e0 e Integrazione<\/strong>: integrazione dei dati\u00a0con tutti i principali fornitori di software CRM organizzativo, comprese integrazioni di dati in tempo reale con Action Network, ActionKit e Blue State Digital. Puoi anche importare i tuoi dati direttamente in NGP per una gestione della conformit\u00e0 rapida e accurata.<\/li>\n<\/ul>\n<h4>LE RECENSIONI DEGLI UTENTI<\/h4>\n<p><strong>Andrea &#8220;Facile iniziare, facile renderlo mensile, facile interrompere, facile contribuire con suggerimenti opzionali o meno.&#8221;<\/strong><br \/>\n<strong>Commenti<\/strong>: Faccio donazioni tramite questa piattaforma da anni, donazioni una tantum, donazioni ripetute e suggerimenti<br \/>\n<strong>Pro<\/strong>: Facile iniziare, facile renderlo mensile, facile interrompere, facile contribuire con suggerimenti opzionali o meno. \u00c8 necessario tenere registri facili per dimostrare che tutti i donatori sono idonei e non cittadini stranieri o altrimenti non idonei.<br \/>\n<strong>Contro<\/strong>: Tutte le funzionalit\u00e0 che utilizzo funzionano perfettamente. Nessun reclamo.<\/p>\n<p><strong>Noelle &#8220;Piattaforma per le donazioni facile da usare&#8221;<\/strong><br \/>\n<strong>Commenti<\/strong>: I donatori hanno familiarit\u00e0 con ActBlue e si sentono a proprio agio nell&#8217;usarlo per i loro contributi. Le opzioni di donazione ricorrente consentono di ottenere facilmente il massimo dalle visite dei donatori alla pagina della tua campagna e forniscono una base di reddito sostenibile per la tua campagna.<br \/>\n<strong>Pro<\/strong>: La facilit\u00e0 di configurazione e le funzionalit\u00e0 di campagna personalizzate facilitano il monitoraggio dei rendimenti su specifiche iniziative di raccolta fondi. Il loro ampio database esistente di informazioni sui donatori semplifica l&#8217;invio di un contributo rapido da parte dei donatori, in particolare con la funzione ActBlue Express. Le loro opzioni di reporting semplificano la conformit\u00e0 della tua campagna alle normative FEC.<br \/>\n<strong>Contro<\/strong>: \u00c8 sbalorditivo che gli esborsi siano disponibili solo sotto forma di assegni cartacei inviati tramite posta ordinaria. Un&#8217;opzione elettronica \u00e8 attesa da tempo!<\/p>\n<p><strong>Sandi &#8220;Non ho mai avuto problemi a donare o annullare una donazione ricorrente&#8221;<\/strong><br \/>\n<strong>Commenti<\/strong>: Ottimo modo per donare. \u00c8 pi\u00f9 semplice che cercare di individuare un indirizzo a cui spedire un assegno.<br \/>\n<strong>Pro<\/strong>: Lo strumento semplifica la ricerca di persone o organizzazioni specifiche per le mie donazioni. Ha persino annullato automaticamente una donazione ricorrente quando la mia persona preferita ha abbandonato la gara.<br \/>\n<strong>Contro<\/strong>: All&#8217;inizio ero nervoso perch\u00e9 non ero sicuro della legittimit\u00e0. Adesso va meglio.<\/p>\n","protected":false},"excerpt":{"rendered":"<p>ActBlue \u00e8 una soluzione flessibile di raccolta fondi\u00a0 che offre strumenti per creare moduli di contribuzione brandizzati e funzionalit\u00e0 di analisi per monitorare i tassi di conversione. I moduli creati sono ottimizzati per l&#8217;uso da parte dei donatori sui dispositivi mobili. Questa soluzione fornisce strumenti A\/B integrati che testano i tassi di conversione per i moduli di contribuzione.<\/p>\n","protected":false},"author":19,"featured_media":77289,"parent":35419,"menu_order":0,"comment_status":"open","ping_status":"closed","template":"g1_template_page_review_new.php","meta":{"_acf_changed":false,"cwp_meta_box_check":"Yes","cwp_rev_product_name":"","cwp_rev_product_image":"","wppr_links":[],"cwp_rev_price":"0.00","wppr_options":[{"name":"Usability","value":"0"},{"name":"Speed","value":"0"},{"name":"Features","value":"0"},{"name":"Support","value":"0"},{"name":"Pricing","value":"0"}],"wppr_pros":["","","","",""],"wppr_cons":["","","","",""],"_monsterinsights_skip_tracking":false,"_monsterinsights_sitenote_active":false,"_monsterinsights_sitenote_note":"","_monsterinsights_sitenote_category":0,"footnotes":""},"categories":[4851],"tags":[15123,4852,4878,4855,4877,4859,4854,4875,4909,4876],"features":[],"class_list":{"0":"post-77287","1":"page","2":"type-page","3":"status-publish","4":"has-post-thumbnail","6":"category-piattaforme-per-fundraising-categoria","7":"tag-actblue","8":"tag-piattaforma-per-fundraising","9":"tag-piattaforma-raccolta-fondi","10":"tag-programma-per-fundraising","11":"tag-programma-raccolta-fondi","12":"tag-raccolta-fondi","13":"tag-software-per-fundraising","14":"tag-software-raccolta-fondi","15":"tag-soluzione-per-fundraising","16":"tag-soluzione-raccolta-fondi"},"wppr_data":{"cwp_meta_box_check":"Yes","_wppr_review_template":"default","cwp_rev_product_image":"","cwp_image_link":"image","wppr_links":[],"cwp_rev_price":"0.00","wppr_pros":["","","","",""],"wppr_cons":["","","","",""],"wppr_rating":"0.00","wppr_options":{"1":{"name":"Usability","value":"0"},"2":{"name":"Speed","value":"0"},"3":{"name":"Features","value":"0"},"4":{"name":"Support","value":"0"},"5":{"name":"Pricing","value":"0"}},"wppr_review_type":"Product","wppr_review_custom_fields":{"additionalProperty":"","additionalType":"","aggregateRating":"","alternateName":"","audience":"","award":"","awards":"","brand":"","color":"","depth":"","description":"","disambiguatingDescription":"","gtin12":"","gtin13":"","gtin14":"","gtin8":"","height":"","identifier":"","image":"","isAccessoryOrSparePartFor":"","isConsumableFor":"","isRelatedTo":"","isSimilarTo":"","itemCondition":"","logo":"","mainEntityOfPage":"","manufacturer":"","material":"","model":"","mpn":"","name":"","offers":"","potentialAction":"","productID":"","productionDate":"","purchaseDate":"","releaseDate":"","review":"","reviews":"","sameAs":"","sku":"","slogan":"","subjectOf":"","url":"","weight":"","width":""}},"acf":[],"yoast_head":"<!-- This site is optimized with the Yoast SEO plugin v27.4 - https:\/\/yoast.com\/product\/yoast-seo-wordpress\/ -->\n<title>ActBlue: recensione software di fundraising - Accurate Reviews<\/title>\n<meta name=\"description\" content=\"ActBlue: recensione soluzione flessibile di raccolta fondi\u00a0 che offre strumenti per creare moduli di contribuzione brandizzati.\" \/>\n<meta name=\"robots\" content=\"index, follow, max-snippet:-1, max-image-preview:large, max-video-preview:-1\" \/>\n<link rel=\"canonical\" href=\"https:\/\/www.accuratereviews.com\/it\/piattaforme-per-fundraising\/actblue-recensione\/\" \/>\n<meta property=\"og:locale\" content=\"it_IT\" \/>\n<meta property=\"og:type\" content=\"article\" \/>\n<meta property=\"og:title\" content=\"ActBlue: recensione software di fundraising - Accurate Reviews\" \/>\n<meta property=\"og:description\" content=\"ActBlue: recensione soluzione flessibile di raccolta fondi\u00a0 che offre strumenti per creare moduli di contribuzione brandizzati.\" \/>\n<meta property=\"og:url\" content=\"https:\/\/www.accuratereviews.com\/it\/piattaforme-per-fundraising\/actblue-recensione\/\" \/>\n<meta property=\"og:site_name\" content=\"Accurate Reviews\" \/>\n<meta property=\"article:modified_time\" content=\"2024-06-21T09:58:30+00:00\" \/>\n<meta property=\"og:image\" content=\"https:\/\/www.accuratereviews.com\/wp-content\/uploads\/2024\/06\/actblue.png\" \/>\n\t<meta property=\"og:image:width\" content=\"225\" \/>\n\t<meta property=\"og:image:height\" content=\"225\" \/>\n\t<meta property=\"og:image:type\" content=\"image\/png\" \/>\n<meta name=\"twitter:card\" content=\"summary_large_image\" \/>\n<meta name=\"twitter:label1\" content=\"Tempo di lettura stimato\" \/>\n\t<meta name=\"twitter:data1\" content=\"5 minuti\" \/>\n<script type=\"application\/ld+json\" class=\"yoast-schema-graph\">{\"@context\":\"https:\\\/\\\/schema.org\",\"@graph\":[{\"@type\":\"WebPage\",\"@id\":\"https:\\\/\\\/www.accuratereviews.com\\\/it\\\/piattaforme-per-fundraising\\\/actblue-recensione\\\/\",\"url\":\"https:\\\/\\\/www.accuratereviews.com\\\/it\\\/piattaforme-per-fundraising\\\/actblue-recensione\\\/\",\"name\":\"ActBlue: recensione software di fundraising - Accurate Reviews\",\"isPartOf\":{\"@id\":\"https:\\\/\\\/www.accuratereviews.com\\\/it\\\/#website\"},\"primaryImageOfPage\":{\"@id\":\"https:\\\/\\\/www.accuratereviews.com\\\/it\\\/piattaforme-per-fundraising\\\/actblue-recensione\\\/#primaryimage\"},\"image\":{\"@id\":\"https:\\\/\\\/www.accuratereviews.com\\\/it\\\/piattaforme-per-fundraising\\\/actblue-recensione\\\/#primaryimage\"},\"thumbnailUrl\":\"https:\\\/\\\/www.accuratereviews.com\\\/wp-content\\\/uploads\\\/2024\\\/06\\\/actblue.png\",\"datePublished\":\"2024-06-14T16:00:25+00:00\",\"dateModified\":\"2024-06-21T09:58:30+00:00\",\"description\":\"ActBlue: recensione soluzione flessibile di raccolta fondi\u00a0 che offre strumenti per creare moduli di contribuzione brandizzati.\",\"breadcrumb\":{\"@id\":\"https:\\\/\\\/www.accuratereviews.com\\\/it\\\/piattaforme-per-fundraising\\\/actblue-recensione\\\/#breadcrumb\"},\"inLanguage\":\"it-IT\",\"potentialAction\":[{\"@type\":\"ReadAction\",\"target\":[\"https:\\\/\\\/www.accuratereviews.com\\\/it\\\/piattaforme-per-fundraising\\\/actblue-recensione\\\/\"]}]},{\"@type\":\"ImageObject\",\"inLanguage\":\"it-IT\",\"@id\":\"https:\\\/\\\/www.accuratereviews.com\\\/it\\\/piattaforme-per-fundraising\\\/actblue-recensione\\\/#primaryimage\",\"url\":\"https:\\\/\\\/www.accuratereviews.com\\\/wp-content\\\/uploads\\\/2024\\\/06\\\/actblue.png\",\"contentUrl\":\"https:\\\/\\\/www.accuratereviews.com\\\/wp-content\\\/uploads\\\/2024\\\/06\\\/actblue.png\",\"width\":225,\"height\":225},{\"@type\":\"BreadcrumbList\",\"@id\":\"https:\\\/\\\/www.accuratereviews.com\\\/it\\\/piattaforme-per-fundraising\\\/actblue-recensione\\\/#breadcrumb\",\"itemListElement\":[{\"@type\":\"ListItem\",\"position\":1,\"name\":\"Home\",\"item\":\"https:\\\/\\\/www.accuratereviews.com\\\/it\\\/\"},{\"@type\":\"ListItem\",\"position\":2,\"name\":\"Piattaforme per fundraising\",\"item\":\"https:\\\/\\\/www.accuratereviews.com\\\/it\\\/piattaforme-per-fundraising\\\/\"},{\"@type\":\"ListItem\",\"position\":3,\"name\":\"ActBlue\"}]},{\"@type\":\"WebSite\",\"@id\":\"https:\\\/\\\/www.accuratereviews.com\\\/it\\\/#website\",\"url\":\"https:\\\/\\\/www.accuratereviews.com\\\/it\\\/\",\"name\":\"Accurate Reviews\",\"description\":\"\",\"potentialAction\":[{\"@type\":\"SearchAction\",\"target\":{\"@type\":\"EntryPoint\",\"urlTemplate\":\"https:\\\/\\\/www.accuratereviews.com\\\/it\\\/?s={search_term_string}\"},\"query-input\":{\"@type\":\"PropertyValueSpecification\",\"valueRequired\":true,\"valueName\":\"search_term_string\"}}],\"inLanguage\":\"it-IT\"}]}<\/script>\n<!-- \/ Yoast SEO plugin. -->","yoast_head_json":{"title":"ActBlue: recensione software di fundraising - Accurate Reviews","description":"ActBlue: recensione soluzione flessibile di raccolta fondi\u00a0 che offre strumenti per creare moduli di contribuzione brandizzati.","robots":{"index":"index","follow":"follow","max-snippet":"max-snippet:-1","max-image-preview":"max-image-preview:large","max-video-preview":"max-video-preview:-1"},"canonical":"https:\/\/www.accuratereviews.com\/it\/piattaforme-per-fundraising\/actblue-recensione\/","og_locale":"it_IT","og_type":"article","og_title":"ActBlue: recensione software di fundraising - Accurate Reviews","og_description":"ActBlue: recensione soluzione flessibile di raccolta fondi\u00a0 che offre strumenti per creare moduli di contribuzione brandizzati.","og_url":"https:\/\/www.accuratereviews.com\/it\/piattaforme-per-fundraising\/actblue-recensione\/","og_site_name":"Accurate Reviews","article_modified_time":"2024-06-21T09:58:30+00:00","og_image":[{"width":225,"height":225,"url":"https:\/\/www.accuratereviews.com\/wp-content\/uploads\/2024\/06\/actblue.png","type":"image\/png"}],"twitter_card":"summary_large_image","twitter_misc":{"Tempo di lettura stimato":"5 minuti"},"schema":{"@context":"https:\/\/schema.org","@graph":[{"@type":"WebPage","@id":"https:\/\/www.accuratereviews.com\/it\/piattaforme-per-fundraising\/actblue-recensione\/","url":"https:\/\/www.accuratereviews.com\/it\/piattaforme-per-fundraising\/actblue-recensione\/","name":"ActBlue: recensione software di fundraising - Accurate Reviews","isPartOf":{"@id":"https:\/\/www.accuratereviews.com\/it\/#website"},"primaryImageOfPage":{"@id":"https:\/\/www.accuratereviews.com\/it\/piattaforme-per-fundraising\/actblue-recensione\/#primaryimage"},"image":{"@id":"https:\/\/www.accuratereviews.com\/it\/piattaforme-per-fundraising\/actblue-recensione\/#primaryimage"},"thumbnailUrl":"https:\/\/www.accuratereviews.com\/wp-content\/uploads\/2024\/06\/actblue.png","datePublished":"2024-06-14T16:00:25+00:00","dateModified":"2024-06-21T09:58:30+00:00","description":"ActBlue: recensione soluzione flessibile di raccolta fondi\u00a0 che offre strumenti per creare moduli di contribuzione brandizzati.","breadcrumb":{"@id":"https:\/\/www.accuratereviews.com\/it\/piattaforme-per-fundraising\/actblue-recensione\/#breadcrumb"},"inLanguage":"it-IT","potentialAction":[{"@type":"ReadAction","target":["https:\/\/www.accuratereviews.com\/it\/piattaforme-per-fundraising\/actblue-recensione\/"]}]},{"@type":"ImageObject","inLanguage":"it-IT","@id":"https:\/\/www.accuratereviews.com\/it\/piattaforme-per-fundraising\/actblue-recensione\/#primaryimage","url":"https:\/\/www.accuratereviews.com\/wp-content\/uploads\/2024\/06\/actblue.png","contentUrl":"https:\/\/www.accuratereviews.com\/wp-content\/uploads\/2024\/06\/actblue.png","width":225,"height":225},{"@type":"BreadcrumbList","@id":"https:\/\/www.accuratereviews.com\/it\/piattaforme-per-fundraising\/actblue-recensione\/#breadcrumb","itemListElement":[{"@type":"ListItem","position":1,"name":"Home","item":"https:\/\/www.accuratereviews.com\/it\/"},{"@type":"ListItem","position":2,"name":"Piattaforme per fundraising","item":"https:\/\/www.accuratereviews.com\/it\/piattaforme-per-fundraising\/"},{"@type":"ListItem","position":3,"name":"ActBlue"}]},{"@type":"WebSite","@id":"https:\/\/www.accuratereviews.com\/it\/#website","url":"https:\/\/www.accuratereviews.com\/it\/","name":"Accurate Reviews","description":"","potentialAction":[{"@type":"SearchAction","target":{"@type":"EntryPoint","urlTemplate":"https:\/\/www.accuratereviews.com\/it\/?s={search_term_string}"},"query-input":{"@type":"PropertyValueSpecification","valueRequired":true,"valueName":"search_term_string"}}],"inLanguage":"it-IT"}]}},"_links":{"self":[{"href":"https:\/\/www.accuratereviews.com\/it\/wp-json\/wp\/v2\/pages\/77287","targetHints":{"allow":["GET"]}}],"collection":[{"href":"https:\/\/www.accuratereviews.com\/it\/wp-json\/wp\/v2\/pages"}],"about":[{"href":"https:\/\/www.accuratereviews.com\/it\/wp-json\/wp\/v2\/types\/page"}],"author":[{"embeddable":true,"href":"https:\/\/www.accuratereviews.com\/it\/wp-json\/wp\/v2\/users\/19"}],"replies":[{"embeddable":true,"href":"https:\/\/www.accuratereviews.com\/it\/wp-json\/wp\/v2\/comments?post=77287"}],"version-history":[{"count":14,"href":"https:\/\/www.accuratereviews.com\/it\/wp-json\/wp\/v2\/pages\/77287\/revisions"}],"predecessor-version":[{"id":77443,"href":"https:\/\/www.accuratereviews.com\/it\/wp-json\/wp\/v2\/pages\/77287\/revisions\/77443"}],"up":[{"embeddable":true,"href":"https:\/\/www.accuratereviews.com\/it\/wp-json\/wp\/v2\/pages\/35419"}],"wp:featuredmedia":[{"embeddable":true,"href":"https:\/\/www.accuratereviews.com\/it\/wp-json\/wp\/v2\/media\/77289"}],"wp:attachment":[{"href":"https:\/\/www.accuratereviews.com\/it\/wp-json\/wp\/v2\/media?parent=77287"}],"wp:term":[{"taxonomy":"category","embeddable":true,"href":"https:\/\/www.accuratereviews.com\/it\/wp-json\/wp\/v2\/categories?post=77287"},{"taxonomy":"post_tag","embeddable":true,"href":"https:\/\/www.accuratereviews.com\/it\/wp-json\/wp\/v2\/tags?post=77287"},{"taxonomy":"features","embeddable":true,"href":"https:\/\/www.accuratereviews.com\/it\/wp-json\/wp\/v2\/features?post=77287"}],"curies":[{"name":"wp","href":"https:\/\/api.w.org\/{rel}","templated":true}]}}