{"id":77356,"date":"2024-06-18T15:02:40","date_gmt":"2024-06-18T15:02:40","guid":{"rendered":"https:\/\/www.accuratereviews.com\/?page_id=77356"},"modified":"2024-06-19T10:04:54","modified_gmt":"2024-06-19T10:04:54","slug":"benevity-recensione","status":"publish","type":"page","link":"https:\/\/www.accuratereviews.com\/it\/piattaforme-per-fundraising\/benevity-recensione\/","title":{"rendered":"Benevity"},"content":{"rendered":"<p><strong>Benevity<\/strong> \u00e8 una <strong>piattaforma di responsabilit\u00e0 sociale<\/strong> d&#8217;impresa che aiuta le aziende di tutte le dimensioni a definire e gestire il proprio scopo aziendale. Attraverso la soluzione, i dipendenti possono facilmente trovare e impegnarsi in opportunit\u00e0 di volontariato in linea con i valori di un&#8217;azienda. Infatti, <strong>Benevity<\/strong> ha informazioni dettagliate sull&#8217;impatto di questi sforzi sulle comunit\u00e0 che serve.<br \/>\nIl software consente ai marchi iconici di attrarre, trattenere e coinvolgere forza lavoro diversificata, incorporare l&#8217;azione sociale nelle esperienze dei clienti, supportare le comunit\u00e0 e comprendere il loro impatto nel mondo.<\/p>\n<h2>BENEVITY &#8211; TUTORIAL<\/h2>\n<div id=\"fluid-wrapper-counter-1\" class=\"g1-fluid-wrapper \" style=\"width:686px;\">\n<div style=\"padding-bottom:56.268221574344%;\"><iframe loading=\"lazy\" title=\"Introducing Peer Matching at Benevity\" width=\"686\" height=\"386\" src=\"https:\/\/www.youtube.com\/embed\/mVCypHQ7yjs?feature=oembed&amp;wmode=transparent&amp;autohide=1&amp;autoplay=0&amp;disablekb=0&amp;fs=1&amp;loop=0&amp;enablejsapi=1&amp;rel=0&amp;controls=2&amp;showinfo=0&amp;wmode=transparent&amp;autohide=2&amp;autoplay=0&amp;disablekb=0&amp;fs=1&amp;loop=0&amp;enablejsapi=1&amp;rel=0&amp;controls=2&amp;showinfo=1\" frameborder=\"0\" allow=\"accelerometer; autoplay; clipboard-write; encrypted-media; gyroscope; picture-in-picture; web-share\" referrerpolicy=\"strict-origin-when-cross-origin\" allowfullscreen><\/iframe><\/div>\n<\/div>\n<h3>BENEVITY &#8211; CARATTERISTICHE<\/h3>\n<ul>\n<li>Sostieni il tuo scopo con un partner tecnologico che fa tutto: coinvolgimento dei dipendenti, investimento nella comunit\u00e0 e coinvolgimento dei clienti.<\/li>\n<li>Ti offre la tecnologia, le risorse e il supporto per gestire i tuoi programmi con meno tempo e fatica.<\/li>\n<li>La soluzione \u00e8 progettata per adattarsi e crescere insieme a te quando ne hai bisogno.<\/li>\n<li>Donazioni, volontariato, microazioni, ERG, risposta alle crisi: la piattaforma offre molteplici modi affinch\u00e9 i tuoi dipendenti possano avere un aiuto.<\/li>\n<li>Una piattaforma coinvolgente che aiuta i tuoi dipendenti a raggiungere i propri obiettivi individuali porta a dipendenti pi\u00f9 coinvolti, a un turnover inferiore e a una maggiore produttivit\u00e0 e redditivit\u00e0.<\/li>\n<li>La soluzione automatizza le attivit\u00e0 amministrative, cos\u00ec puoi eseguire il tuo programma CSR in modo pi\u00f9 semplice ed efficiente e concentrare il tuo tempo su ci\u00f2 che conta.<\/li>\n<li>Offri ai tuoi dipendenti la scelta, con accesso a oltre 2 milioni di organizzazioni no profit locali e internazionali controllate, su una piattaforma che supporta 22 lingue e quasi tutte le valute.<\/li>\n<li>Il software di gestione delle sovvenzioni semplifica il raggiungimento e la dimostrazione del tuo scopo, la creazione di relazioni pi\u00f9 profonde e la fedelt\u00e0 al marchio.<\/li>\n<li>Acquisisci informazioni per aiutare a scegliere i destinatari delle sovvenzioni, esaminare le domande e riferire su ci\u00f2 che conta. Con un software robusto e una consulenza strategica, il tuo programma sar\u00e0 pronto per ottenere il massimo impatto misurabile.<\/li>\n<li>La piattaforma invia automaticamente sondaggi di follow-up ai beneficiari in modo che tu possa creare una storia di impatto avvincente da condividere con le parti interessate. Gli strumenti di reporting tengono traccia dei parametri e individuano le opportunit\u00e0 di crescita.<\/li>\n<li>\u00c8 facile rendere le donazioni parte integrante dell&#8217;esperienza del tuo marchio con la potente API, il portale di donazioni pubbliche e i buoni regalo di beneficenza.<\/li>\n<\/ul>\n<h4>LE RECENSIONI DEGLI UTENTI<\/h4>\n<p><strong>Cat &#8220;Ottimo per tenere traccia delle donazioni&#8221;<\/strong><br \/>\n<strong>Pro<\/strong>: Facile da usare e tiene traccia delle donazioni e degli abbinamenti aziendali.<br \/>\n<strong>Contro<\/strong>: A volte i rapporti sono un po&#8217; confusi riguardo ai dettagli ma puoi capirlo.<\/p>\n<p><strong>Ivy &#8220;Cos\u00ec facile&#8221;<\/strong><br \/>\n<strong>Commenti<\/strong>: \u00c8 facile da navigare e tendo a insegnare ai miei amici come registrare il loro tempo di volontariato.<br \/>\n<strong>Pro<\/strong>: Mi piace il fatto che Benevity colleghi l&#8217;azienda e i suoi dipendenti a varie organizzazioni no profit controllate dal sistema. Rende semplicissimo impostare eventi di volontariato nel sistema e organizzare eventi di volontariato divertenti per il coinvolgimento dei dipendenti.<br \/>\n<strong>Contro<\/strong>: Non mi piace che tu non possa cancellare le ore di volontariato nel sistema se sbagli.<\/p>\n<p><strong>Frances &#8220;Strumento facile da usare&#8221;<\/strong><br \/>\n<strong>Pro<\/strong>: L&#8217;interfaccia utente \u00e8 semplice e facile da usare. Ti aiuta a tenere traccia delle ore di volontariato.<br \/>\n<strong>Contro<\/strong>: Non riesco a pensare a nessun contro in questo momento.<\/p>\n","protected":false},"excerpt":{"rendered":"<p>Benevity \u00e8 una piattaforma di responsabilit\u00e0 sociale d&#8217;impresa che aiuta le aziende di tutte le dimensioni a definire e gestire il proprio scopo aziendale. Attraverso la soluzione, i dipendenti possono facilmente trovare e impegnarsi in opportunit\u00e0 di volontariato in linea con i valori di un&#8217;azienda. Infatti, Benevity ha informazioni dettagliate sull&#8217;impatto di questi sforzi sulle comunit\u00e0 che serve.<\/p>\n","protected":false},"author":19,"featured_media":77359,"parent":35419,"menu_order":0,"comment_status":"open","ping_status":"closed","template":"g1_template_page_review_new.php","meta":{"_acf_changed":false,"cwp_meta_box_check":"Yes","cwp_rev_product_name":"","cwp_rev_product_image":"","wppr_links":[],"cwp_rev_price":"0.00","wppr_options":[{"name":"Usability","value":"0"},{"name":"Speed","value":"0"},{"name":"Features","value":"0"},{"name":"Support","value":"0"},{"name":"Pricing","value":"0"}],"wppr_pros":["","","","",""],"wppr_cons":["","","","",""],"_monsterinsights_skip_tracking":false,"_monsterinsights_sitenote_active":false,"_monsterinsights_sitenote_note":"","_monsterinsights_sitenote_category":0,"footnotes":""},"categories":[4851],"tags":[15125,4852,4878,4855,4877,4859,4854,4875,4909,4876],"features":[],"class_list":{"0":"post-77356","1":"page","2":"type-page","3":"status-publish","4":"has-post-thumbnail","6":"category-piattaforme-per-fundraising-categoria","7":"tag-benevity","8":"tag-piattaforma-per-fundraising","9":"tag-piattaforma-raccolta-fondi","10":"tag-programma-per-fundraising","11":"tag-programma-raccolta-fondi","12":"tag-raccolta-fondi","13":"tag-software-per-fundraising","14":"tag-software-raccolta-fondi","15":"tag-soluzione-per-fundraising","16":"tag-soluzione-raccolta-fondi"},"wppr_data":{"cwp_meta_box_check":"Yes","_wppr_review_template":"default","cwp_rev_product_image":"","cwp_image_link":"image","wppr_links":[],"cwp_rev_price":"0.00","wppr_pros":["","","","",""],"wppr_cons":["","","","",""],"wppr_rating":"0.00","wppr_options":{"1":{"name":"Usability","value":"0"},"2":{"name":"Speed","value":"0"},"3":{"name":"Features","value":"0"},"4":{"name":"Support","value":"0"},"5":{"name":"Pricing","value":"0"}},"wppr_review_type":"Product","wppr_review_custom_fields":{"additionalProperty":"","additionalType":"","aggregateRating":"","alternateName":"","audience":"","award":"","awards":"","brand":"","color":"","depth":"","description":"","disambiguatingDescription":"","gtin12":"","gtin13":"","gtin14":"","gtin8":"","height":"","identifier":"","image":"","isAccessoryOrSparePartFor":"","isConsumableFor":"","isRelatedTo":"","isSimilarTo":"","itemCondition":"","logo":"","mainEntityOfPage":"","manufacturer":"","material":"","model":"","mpn":"","name":"","offers":"","potentialAction":"","productID":"","productionDate":"","purchaseDate":"","releaseDate":"","review":"","reviews":"","sameAs":"","sku":"","slogan":"","subjectOf":"","url":"","weight":"","width":""}},"acf":[],"yoast_head":"<!-- This site is optimized with the Yoast SEO plugin v27.4 - https:\/\/yoast.com\/product\/yoast-seo-wordpress\/ -->\n<title>Benevity: recensione software per fundraising - Accurate Reviews<\/title>\n<meta name=\"description\" content=\"Benevity: recensione piattaforma per raccolta fondi che aiuta le aziende a definire e gestire il proprio scopo finale.\" \/>\n<meta name=\"robots\" content=\"index, follow, max-snippet:-1, max-image-preview:large, max-video-preview:-1\" \/>\n<link rel=\"canonical\" href=\"https:\/\/www.accuratereviews.com\/it\/piattaforme-per-fundraising\/benevity-recensione\/\" \/>\n<meta property=\"og:locale\" content=\"it_IT\" \/>\n<meta property=\"og:type\" content=\"article\" \/>\n<meta property=\"og:title\" content=\"Benevity: recensione software per fundraising - Accurate Reviews\" \/>\n<meta property=\"og:description\" content=\"Benevity: recensione piattaforma per raccolta fondi che aiuta le aziende a definire e gestire il proprio scopo finale.\" \/>\n<meta property=\"og:url\" content=\"https:\/\/www.accuratereviews.com\/it\/piattaforme-per-fundraising\/benevity-recensione\/\" \/>\n<meta property=\"og:site_name\" content=\"Accurate Reviews\" \/>\n<meta property=\"article:modified_time\" content=\"2024-06-19T10:04:54+00:00\" \/>\n<meta property=\"og:image\" content=\"https:\/\/www.accuratereviews.com\/wp-content\/uploads\/2024\/06\/Benevity.png\" \/>\n\t<meta property=\"og:image:width\" content=\"200\" \/>\n\t<meta property=\"og:image:height\" content=\"200\" \/>\n\t<meta property=\"og:image:type\" content=\"image\/png\" \/>\n<meta name=\"twitter:card\" content=\"summary_large_image\" \/>\n<meta name=\"twitter:label1\" content=\"Tempo di lettura stimato\" \/>\n\t<meta name=\"twitter:data1\" content=\"4 minuti\" \/>\n<script type=\"application\/ld+json\" class=\"yoast-schema-graph\">{\"@context\":\"https:\\\/\\\/schema.org\",\"@graph\":[{\"@type\":\"WebPage\",\"@id\":\"https:\\\/\\\/www.accuratereviews.com\\\/it\\\/piattaforme-per-fundraising\\\/benevity-recensione\\\/\",\"url\":\"https:\\\/\\\/www.accuratereviews.com\\\/it\\\/piattaforme-per-fundraising\\\/benevity-recensione\\\/\",\"name\":\"Benevity: recensione software per fundraising - Accurate Reviews\",\"isPartOf\":{\"@id\":\"https:\\\/\\\/www.accuratereviews.com\\\/it\\\/#website\"},\"primaryImageOfPage\":{\"@id\":\"https:\\\/\\\/www.accuratereviews.com\\\/it\\\/piattaforme-per-fundraising\\\/benevity-recensione\\\/#primaryimage\"},\"image\":{\"@id\":\"https:\\\/\\\/www.accuratereviews.com\\\/it\\\/piattaforme-per-fundraising\\\/benevity-recensione\\\/#primaryimage\"},\"thumbnailUrl\":\"https:\\\/\\\/www.accuratereviews.com\\\/wp-content\\\/uploads\\\/2024\\\/06\\\/Benevity.png\",\"datePublished\":\"2024-06-18T15:02:40+00:00\",\"dateModified\":\"2024-06-19T10:04:54+00:00\",\"description\":\"Benevity: recensione piattaforma per raccolta fondi che aiuta le aziende a definire e gestire il proprio scopo finale.\",\"breadcrumb\":{\"@id\":\"https:\\\/\\\/www.accuratereviews.com\\\/it\\\/piattaforme-per-fundraising\\\/benevity-recensione\\\/#breadcrumb\"},\"inLanguage\":\"it-IT\",\"potentialAction\":[{\"@type\":\"ReadAction\",\"target\":[\"https:\\\/\\\/www.accuratereviews.com\\\/it\\\/piattaforme-per-fundraising\\\/benevity-recensione\\\/\"]}]},{\"@type\":\"ImageObject\",\"inLanguage\":\"it-IT\",\"@id\":\"https:\\\/\\\/www.accuratereviews.com\\\/it\\\/piattaforme-per-fundraising\\\/benevity-recensione\\\/#primaryimage\",\"url\":\"https:\\\/\\\/www.accuratereviews.com\\\/wp-content\\\/uploads\\\/2024\\\/06\\\/Benevity.png\",\"contentUrl\":\"https:\\\/\\\/www.accuratereviews.com\\\/wp-content\\\/uploads\\\/2024\\\/06\\\/Benevity.png\",\"width\":200,\"height\":200},{\"@type\":\"BreadcrumbList\",\"@id\":\"https:\\\/\\\/www.accuratereviews.com\\\/it\\\/piattaforme-per-fundraising\\\/benevity-recensione\\\/#breadcrumb\",\"itemListElement\":[{\"@type\":\"ListItem\",\"position\":1,\"name\":\"Home\",\"item\":\"https:\\\/\\\/www.accuratereviews.com\\\/it\\\/\"},{\"@type\":\"ListItem\",\"position\":2,\"name\":\"Piattaforme per fundraising\",\"item\":\"https:\\\/\\\/www.accuratereviews.com\\\/it\\\/piattaforme-per-fundraising\\\/\"},{\"@type\":\"ListItem\",\"position\":3,\"name\":\"Benevity\"}]},{\"@type\":\"WebSite\",\"@id\":\"https:\\\/\\\/www.accuratereviews.com\\\/it\\\/#website\",\"url\":\"https:\\\/\\\/www.accuratereviews.com\\\/it\\\/\",\"name\":\"Accurate Reviews\",\"description\":\"\",\"potentialAction\":[{\"@type\":\"SearchAction\",\"target\":{\"@type\":\"EntryPoint\",\"urlTemplate\":\"https:\\\/\\\/www.accuratereviews.com\\\/it\\\/?s={search_term_string}\"},\"query-input\":{\"@type\":\"PropertyValueSpecification\",\"valueRequired\":true,\"valueName\":\"search_term_string\"}}],\"inLanguage\":\"it-IT\"}]}<\/script>\n<!-- \/ Yoast SEO plugin. -->","yoast_head_json":{"title":"Benevity: recensione software per fundraising - Accurate Reviews","description":"Benevity: recensione piattaforma per raccolta fondi che aiuta le aziende a definire e gestire il proprio scopo finale.","robots":{"index":"index","follow":"follow","max-snippet":"max-snippet:-1","max-image-preview":"max-image-preview:large","max-video-preview":"max-video-preview:-1"},"canonical":"https:\/\/www.accuratereviews.com\/it\/piattaforme-per-fundraising\/benevity-recensione\/","og_locale":"it_IT","og_type":"article","og_title":"Benevity: recensione software per fundraising - Accurate Reviews","og_description":"Benevity: recensione piattaforma per raccolta fondi che aiuta le aziende a definire e gestire il proprio scopo finale.","og_url":"https:\/\/www.accuratereviews.com\/it\/piattaforme-per-fundraising\/benevity-recensione\/","og_site_name":"Accurate Reviews","article_modified_time":"2024-06-19T10:04:54+00:00","og_image":[{"width":200,"height":200,"url":"https:\/\/www.accuratereviews.com\/wp-content\/uploads\/2024\/06\/Benevity.png","type":"image\/png"}],"twitter_card":"summary_large_image","twitter_misc":{"Tempo di lettura stimato":"4 minuti"},"schema":{"@context":"https:\/\/schema.org","@graph":[{"@type":"WebPage","@id":"https:\/\/www.accuratereviews.com\/it\/piattaforme-per-fundraising\/benevity-recensione\/","url":"https:\/\/www.accuratereviews.com\/it\/piattaforme-per-fundraising\/benevity-recensione\/","name":"Benevity: recensione software per fundraising - Accurate Reviews","isPartOf":{"@id":"https:\/\/www.accuratereviews.com\/it\/#website"},"primaryImageOfPage":{"@id":"https:\/\/www.accuratereviews.com\/it\/piattaforme-per-fundraising\/benevity-recensione\/#primaryimage"},"image":{"@id":"https:\/\/www.accuratereviews.com\/it\/piattaforme-per-fundraising\/benevity-recensione\/#primaryimage"},"thumbnailUrl":"https:\/\/www.accuratereviews.com\/wp-content\/uploads\/2024\/06\/Benevity.png","datePublished":"2024-06-18T15:02:40+00:00","dateModified":"2024-06-19T10:04:54+00:00","description":"Benevity: recensione piattaforma per raccolta fondi che aiuta le aziende a definire e gestire il proprio scopo finale.","breadcrumb":{"@id":"https:\/\/www.accuratereviews.com\/it\/piattaforme-per-fundraising\/benevity-recensione\/#breadcrumb"},"inLanguage":"it-IT","potentialAction":[{"@type":"ReadAction","target":["https:\/\/www.accuratereviews.com\/it\/piattaforme-per-fundraising\/benevity-recensione\/"]}]},{"@type":"ImageObject","inLanguage":"it-IT","@id":"https:\/\/www.accuratereviews.com\/it\/piattaforme-per-fundraising\/benevity-recensione\/#primaryimage","url":"https:\/\/www.accuratereviews.com\/wp-content\/uploads\/2024\/06\/Benevity.png","contentUrl":"https:\/\/www.accuratereviews.com\/wp-content\/uploads\/2024\/06\/Benevity.png","width":200,"height":200},{"@type":"BreadcrumbList","@id":"https:\/\/www.accuratereviews.com\/it\/piattaforme-per-fundraising\/benevity-recensione\/#breadcrumb","itemListElement":[{"@type":"ListItem","position":1,"name":"Home","item":"https:\/\/www.accuratereviews.com\/it\/"},{"@type":"ListItem","position":2,"name":"Piattaforme per fundraising","item":"https:\/\/www.accuratereviews.com\/it\/piattaforme-per-fundraising\/"},{"@type":"ListItem","position":3,"name":"Benevity"}]},{"@type":"WebSite","@id":"https:\/\/www.accuratereviews.com\/it\/#website","url":"https:\/\/www.accuratereviews.com\/it\/","name":"Accurate Reviews","description":"","potentialAction":[{"@type":"SearchAction","target":{"@type":"EntryPoint","urlTemplate":"https:\/\/www.accuratereviews.com\/it\/?s={search_term_string}"},"query-input":{"@type":"PropertyValueSpecification","valueRequired":true,"valueName":"search_term_string"}}],"inLanguage":"it-IT"}]}},"_links":{"self":[{"href":"https:\/\/www.accuratereviews.com\/it\/wp-json\/wp\/v2\/pages\/77356","targetHints":{"allow":["GET"]}}],"collection":[{"href":"https:\/\/www.accuratereviews.com\/it\/wp-json\/wp\/v2\/pages"}],"about":[{"href":"https:\/\/www.accuratereviews.com\/it\/wp-json\/wp\/v2\/types\/page"}],"author":[{"embeddable":true,"href":"https:\/\/www.accuratereviews.com\/it\/wp-json\/wp\/v2\/users\/19"}],"replies":[{"embeddable":true,"href":"https:\/\/www.accuratereviews.com\/it\/wp-json\/wp\/v2\/comments?post=77356"}],"version-history":[{"count":12,"href":"https:\/\/www.accuratereviews.com\/it\/wp-json\/wp\/v2\/pages\/77356\/revisions"}],"predecessor-version":[{"id":77371,"href":"https:\/\/www.accuratereviews.com\/it\/wp-json\/wp\/v2\/pages\/77356\/revisions\/77371"}],"up":[{"embeddable":true,"href":"https:\/\/www.accuratereviews.com\/it\/wp-json\/wp\/v2\/pages\/35419"}],"wp:featuredmedia":[{"embeddable":true,"href":"https:\/\/www.accuratereviews.com\/it\/wp-json\/wp\/v2\/media\/77359"}],"wp:attachment":[{"href":"https:\/\/www.accuratereviews.com\/it\/wp-json\/wp\/v2\/media?parent=77356"}],"wp:term":[{"taxonomy":"category","embeddable":true,"href":"https:\/\/www.accuratereviews.com\/it\/wp-json\/wp\/v2\/categories?post=77356"},{"taxonomy":"post_tag","embeddable":true,"href":"https:\/\/www.accuratereviews.com\/it\/wp-json\/wp\/v2\/tags?post=77356"},{"taxonomy":"features","embeddable":true,"href":"https:\/\/www.accuratereviews.com\/it\/wp-json\/wp\/v2\/features?post=77356"}],"curies":[{"name":"wp","href":"https:\/\/api.w.org\/{rel}","templated":true}]}}