{"id":77374,"date":"2024-06-19T16:03:57","date_gmt":"2024-06-19T16:03:57","guid":{"rendered":"https:\/\/www.accuratereviews.com\/?page_id=77374"},"modified":"2024-06-19T16:03:57","modified_gmt":"2024-06-19T16:03:57","slug":"civicrm-recensione","status":"publish","type":"page","link":"https:\/\/www.accuratereviews.com\/it\/piattaforme-per-fundraising\/civicrm-recensione\/","title":{"rendered":"CiviCRM"},"content":{"rendered":"<p><strong>CiviCrm<\/strong>\u00a0\u00e8 un <strong>sistema CRM<\/strong> (Constituent Relationship Management), basato su <strong>cloud<\/strong> e <strong>open source<\/strong>, sviluppato appositamente per soddisfare le esigenze delle organizzazioni no-profit, del settore civico e delle associazioni. Soluzione altamente personalizzabile e gratuito da utilizzare e sviluppare.<br \/>\nOffre una variet\u00e0 di strumenti come raccolta fondi online e offline, monitoraggio delle sovvenzioni, pianificazione di eventi, gestione di donatori e membri, campagne di patrocinio, gestione dei casi, comunicazioni ed email di massa e altro ancora. Puoi avere utenti e contatti illimitati e memorizza tutti i dati e le informazioni di contatto in un unico posto. L&#8217;inserimento e l&#8217;uscita dei dati da <strong>CiviCRM<\/strong> \u00e8 pi\u00f9 semplice che mai con Form Builder e Search Kit.<\/p>\n<h2>CIVICRM &#8211; TUTORIAL<\/h2>\n<div id=\"fluid-wrapper-counter-1\" class=\"g1-fluid-wrapper \" style=\"width:686px;\">\n<div style=\"padding-bottom:56.268221574344%;\"><iframe loading=\"lazy\" title=\"Fundraising with CiviCRM - CiviCRM North East\" width=\"686\" height=\"386\" src=\"https:\/\/www.youtube.com\/embed\/WG6JRzv0uUY?feature=oembed&amp;wmode=transparent&amp;autohide=1&amp;autoplay=0&amp;disablekb=0&amp;fs=1&amp;loop=0&amp;enablejsapi=1&amp;rel=0&amp;controls=2&amp;showinfo=0&amp;wmode=transparent&amp;autohide=2&amp;autoplay=0&amp;disablekb=0&amp;fs=1&amp;loop=0&amp;enablejsapi=1&amp;rel=0&amp;controls=2&amp;showinfo=1\" frameborder=\"0\" allow=\"accelerometer; autoplay; clipboard-write; encrypted-media; gyroscope; picture-in-picture; web-share\" referrerpolicy=\"strict-origin-when-cross-origin\" allowfullscreen><\/iframe><\/div>\n<\/div>\n<h3>CIVICRM &#8211; CARATTERISTICHE<\/h3>\n<ul>\n<li><strong>Contatta la direzione<\/strong>: archivia automaticamente tutti i dati per ciascun contatto in un unico posto, creando un record unificato e olistico per ciascun componente.<\/li>\n<li><strong>Configurabile e personalizzabile<\/strong>: la licenza open source ti consentir\u00e0 la libert\u00e0 di trovare il programmatore giusto per personalizzare la tua installazione in base alle tue esigenze.<\/li>\n<li><strong>Gestione degli abbonamenti<\/strong>: gli individui possono iscriversi e pagare la propria iscrizione online, ricevere promemoria di rinnovo automatico dell&#8217;iscrizione e ricevere email riservate ai membri.<\/li>\n<li><strong>Marketing via email:<\/strong> crea e gestisci elenchi di posta elettronica in blocco. Puoi anche segmentare i tuoi elenchi, eseguire test A\/B e monitorare le statistiche.<\/li>\n<li><strong>Gestione del caso<\/strong>:\u00a0consente alle organizzazioni di creare, gestire e monitorare flussi di lavoro di gestione dei casi semplici o complicati.<\/li>\n<li><strong>Integrazione contabile<\/strong>: inserisci i tuoi dati una volta ed esportali nel formato contabile che preferisci.<\/li>\n<li><strong>Gestione di eventi<\/strong>: la soluzione\u00a0fornisce una serie completa di strumenti per gestire eventi e registrare la presenza di un elettore nel registro delle attivit\u00e0.<\/li>\n<li><strong>Campagne di sensibilizzazione<\/strong>: costruisci campagne di sensibilizzazione collegando e monitorando l&#8217;avanzamento di eventi, mailing, attivit\u00e0 e contributi di una campagna.<\/li>\n<li><strong>Gestione dei contributi<\/strong>: elabora e monitora i contributi, invia conferme di regali e crea report sui tuoi dati in un processo di flusso di lavoro elegante e intuitivo.<\/li>\n<li><strong>Raccolta fondi peer-to-peer<\/strong>: i\u00a0tuoi membri e donatori possono raccogliere fondi per conto della tua organizzazione attraverso campagne personali.<\/li>\n<li><strong>Rapporti<\/strong>: scegli uno dei 40 report standard oppure configura e crea un report personalizzato per valutare l&#8217;impatto della tua organizzazione.<\/li>\n<li><strong>Compatibile con Drupal, WordPress e Joomla<\/strong>: integra il programma direttamente nel tuo CMS per ricevere donazioni, annunciare eventi e altro ancora.<\/li>\n<\/ul>\n<h4>LE RECENSIONI DEGLI UTENTI<\/h4>\n<p><strong>Brian &#8220;Serve al suo scopo&#8221;<\/strong><br \/>\n<strong>Commenti<\/strong>: Nel complesso, ha fatto ci\u00f2 di cui avevamo bisogno, in modo affidabile, per molto tempo.<br \/>\n<strong>Pro<\/strong>: Utilizziamo CiviCRM da anni per gestire tutte le nostre registrazioni pari. Anche se potrebbe non essere la cosa pi\u00f9 intelligente l\u00e0 fuori, \u00e8 stato molto in grado di assumersi questo compito.<br \/>\n<strong>Contro<\/strong>: Questo pu\u00f2 essere o meno un problema per alcuni, ma \u00e8 rimasto sostanzialmente invariato per anni. La consistenza lo rende abbastanza facile da usare, ma probabilmente sta invecchiando un po&#8217;.<\/p>\n<p><strong>Youssef &#8220;Grandi potenzialit\u00e0 e caratteristiche&#8221;<\/strong><br \/>\n<strong>Pro<\/strong>: La flessibilit\u00e0 di questa piattaforma \u00e8 davvero sorprendente. Puoi personalizzarlo in base alle tue esigenze e la gamma di funzionalit\u00e0 \u00e8 imbattibile. Il CRM pi\u00f9 potente che abbia mai incontrato.<br \/>\n<strong>Contro<\/strong>: L&#8217;interfaccia utente \u00e8 ci\u00f2 che delude questa piattaforma. Non \u00e8 reattivo e sebbene uno sviluppatore abbia creato un&#8217;app mobile, \u00e8 troppo tardi per il gioco e non ti d\u00e0 adeguatamente la potenza di CiviCRM sul tuo cellulare. Considerando che la maggior parte delle persone ora vorr\u00e0 accedere a queste piattaforme dai telefoni, questo \u00e8 ci\u00f2 che rende CiviCRM purtroppo non proprio a prova di futuro.<\/p>\n<p><strong>Richard &#8220;Un&#8217;ottima opzione per un CRM se hai il personale per mantenere il software&#8221;<\/strong><br \/>\n<strong>Commenti<\/strong>: Nel complesso, CiviCRM \u00e8 un&#8217;ottima scelta per quelle organizzazioni che hanno il personale qualificato per mantenere le complessit\u00e0 del back-end insieme a quelle che possono eseguire le personalizzazioni e quelle per inserire i dati.<br \/>\n<strong>Pro<\/strong>: Mi \u00e8 piaciuto che fosse open source e gestito da volontari. \u00c8 stato abbastanza facile da aggiungere al nostro sito Web WordPress e molto flessibile per quanto riguarda le personalizzazioni e la modellazione per adattarlo ai nostri processi.<br \/>\n<strong>Contro<\/strong>: Era difficile eseguire l&#8217;aggiornamento se passavano troppe versioni poich\u00e9 dovevi farne una alla volta. Ho quasi avuto un disastro del database durante uno degli aggiornamenti e ho perso un paio di giorni per recuperare i dati. Da quel momento, abbiamo dovuto eseguire solo con l&#8217;ultima versione funzionante. Inoltre, non si integra con QuickBooks Online, quindi \u00e8 stata coinvolta una doppia contabilit\u00e0.<\/p>\n","protected":false},"excerpt":{"rendered":"<p>CiviCrm\u00a0\u00e8 un sistema CRM (Constituent Relationship Management) basato su cloud e open source, sviluppato appositamente per soddisfare le esigenze delle organizzazioni no-profit, del settore civico e delle associazioni. Soluzione altamente personalizzabile e gratuito da utilizzare e sviluppare.<\/p>\n","protected":false},"author":19,"featured_media":77377,"parent":35419,"menu_order":0,"comment_status":"open","ping_status":"closed","template":"g1_template_page_review_new.php","meta":{"_acf_changed":false,"cwp_meta_box_check":"Yes","cwp_rev_product_name":"","cwp_rev_product_image":"","wppr_links":[],"cwp_rev_price":"0.00","wppr_options":[{"name":"Usability","value":"0"},{"name":"Speed","value":"0"},{"name":"Features","value":"0"},{"name":"Support","value":"0"},{"name":"Pricing","value":"0"}],"wppr_pros":["","","","",""],"wppr_cons":["","","","",""],"_monsterinsights_skip_tracking":false,"_monsterinsights_sitenote_active":false,"_monsterinsights_sitenote_note":"","_monsterinsights_sitenote_category":0,"footnotes":""},"categories":[4851],"tags":[15126,4852,5010,4855,5013,4859,4854,5012,4909,5011],"features":[],"class_list":{"0":"post-77374","1":"page","2":"type-page","3":"status-publish","4":"has-post-thumbnail","6":"category-piattaforme-per-fundraising-categoria","7":"tag-civicrm","8":"tag-piattaforma-per-fundraising","9":"tag-piattaforma-per-raccolta-fondi","10":"tag-programma-per-fundraising","11":"tag-programma-per-raccolta-fondi","12":"tag-raccolta-fondi","13":"tag-software-per-fundraising","14":"tag-software-per-raccolta-fondi","15":"tag-soluzione-per-fundraising","16":"tag-soluzione-per-raccolta-fondi"},"wppr_data":{"cwp_meta_box_check":"Yes","_wppr_review_template":"default","cwp_rev_product_image":"","cwp_image_link":"image","wppr_links":[],"cwp_rev_price":"0.00","wppr_pros":["","","","",""],"wppr_cons":["","","","",""],"wppr_rating":"0.00","wppr_options":{"1":{"name":"Usability","value":"0"},"2":{"name":"Speed","value":"0"},"3":{"name":"Features","value":"0"},"4":{"name":"Support","value":"0"},"5":{"name":"Pricing","value":"0"}},"wppr_review_type":"Product","wppr_review_custom_fields":{"additionalProperty":"","additionalType":"","aggregateRating":"","alternateName":"","audience":"","award":"","awards":"","brand":"","color":"","depth":"","description":"","disambiguatingDescription":"","gtin12":"","gtin13":"","gtin14":"","gtin8":"","height":"","identifier":"","image":"","isAccessoryOrSparePartFor":"","isConsumableFor":"","isRelatedTo":"","isSimilarTo":"","itemCondition":"","logo":"","mainEntityOfPage":"","manufacturer":"","material":"","model":"","mpn":"","name":"","offers":"","potentialAction":"","productID":"","productionDate":"","purchaseDate":"","releaseDate":"","review":"","reviews":"","sameAs":"","sku":"","slogan":"","subjectOf":"","url":"","weight":"","width":""}},"acf":[],"yoast_head":"<!-- This site is optimized with the Yoast SEO plugin v27.4 - https:\/\/yoast.com\/product\/yoast-seo-wordpress\/ -->\n<title>CiviCrm: recensione software per fundraising - Accurate Reviews<\/title>\n<meta name=\"description\" content=\"CiviCrm: recensione sistema CRM basato su cloud e open source, sviluppato appositamente per organizzazioni no-profit.\" \/>\n<meta name=\"robots\" content=\"index, follow, max-snippet:-1, max-image-preview:large, max-video-preview:-1\" \/>\n<link rel=\"canonical\" href=\"https:\/\/www.accuratereviews.com\/it\/piattaforme-per-fundraising\/civicrm-recensione\/\" \/>\n<meta property=\"og:locale\" content=\"it_IT\" \/>\n<meta property=\"og:type\" content=\"article\" \/>\n<meta property=\"og:title\" content=\"CiviCrm: recensione software per fundraising - Accurate Reviews\" \/>\n<meta property=\"og:description\" content=\"CiviCrm: recensione sistema CRM basato su cloud e open source, sviluppato appositamente per organizzazioni no-profit.\" \/>\n<meta property=\"og:url\" content=\"https:\/\/www.accuratereviews.com\/it\/piattaforme-per-fundraising\/civicrm-recensione\/\" \/>\n<meta property=\"og:site_name\" content=\"Accurate Reviews\" \/>\n<meta property=\"og:image\" content=\"https:\/\/www.accuratereviews.com\/wp-content\/uploads\/2024\/06\/CiviCrm.webp\" \/>\n\t<meta property=\"og:image:width\" content=\"300\" \/>\n\t<meta property=\"og:image:height\" content=\"221\" \/>\n\t<meta property=\"og:image:type\" content=\"image\/webp\" \/>\n<meta name=\"twitter:card\" content=\"summary_large_image\" \/>\n<meta name=\"twitter:label1\" content=\"Tempo di lettura stimato\" \/>\n\t<meta name=\"twitter:data1\" content=\"5 minuti\" \/>\n<script type=\"application\/ld+json\" class=\"yoast-schema-graph\">{\"@context\":\"https:\\\/\\\/schema.org\",\"@graph\":[{\"@type\":\"WebPage\",\"@id\":\"https:\\\/\\\/www.accuratereviews.com\\\/it\\\/piattaforme-per-fundraising\\\/civicrm-recensione\\\/\",\"url\":\"https:\\\/\\\/www.accuratereviews.com\\\/it\\\/piattaforme-per-fundraising\\\/civicrm-recensione\\\/\",\"name\":\"CiviCrm: recensione software per fundraising - Accurate Reviews\",\"isPartOf\":{\"@id\":\"https:\\\/\\\/www.accuratereviews.com\\\/it\\\/#website\"},\"primaryImageOfPage\":{\"@id\":\"https:\\\/\\\/www.accuratereviews.com\\\/it\\\/piattaforme-per-fundraising\\\/civicrm-recensione\\\/#primaryimage\"},\"image\":{\"@id\":\"https:\\\/\\\/www.accuratereviews.com\\\/it\\\/piattaforme-per-fundraising\\\/civicrm-recensione\\\/#primaryimage\"},\"thumbnailUrl\":\"https:\\\/\\\/www.accuratereviews.com\\\/wp-content\\\/uploads\\\/2024\\\/06\\\/CiviCrm.webp\",\"datePublished\":\"2024-06-19T16:03:57+00:00\",\"description\":\"CiviCrm: recensione sistema CRM basato su cloud e open source, sviluppato appositamente per organizzazioni no-profit.\",\"breadcrumb\":{\"@id\":\"https:\\\/\\\/www.accuratereviews.com\\\/it\\\/piattaforme-per-fundraising\\\/civicrm-recensione\\\/#breadcrumb\"},\"inLanguage\":\"it-IT\",\"potentialAction\":[{\"@type\":\"ReadAction\",\"target\":[\"https:\\\/\\\/www.accuratereviews.com\\\/it\\\/piattaforme-per-fundraising\\\/civicrm-recensione\\\/\"]}]},{\"@type\":\"ImageObject\",\"inLanguage\":\"it-IT\",\"@id\":\"https:\\\/\\\/www.accuratereviews.com\\\/it\\\/piattaforme-per-fundraising\\\/civicrm-recensione\\\/#primaryimage\",\"url\":\"https:\\\/\\\/www.accuratereviews.com\\\/wp-content\\\/uploads\\\/2024\\\/06\\\/CiviCrm.webp\",\"contentUrl\":\"https:\\\/\\\/www.accuratereviews.com\\\/wp-content\\\/uploads\\\/2024\\\/06\\\/CiviCrm.webp\",\"width\":300,\"height\":221},{\"@type\":\"BreadcrumbList\",\"@id\":\"https:\\\/\\\/www.accuratereviews.com\\\/it\\\/piattaforme-per-fundraising\\\/civicrm-recensione\\\/#breadcrumb\",\"itemListElement\":[{\"@type\":\"ListItem\",\"position\":1,\"name\":\"Home\",\"item\":\"https:\\\/\\\/www.accuratereviews.com\\\/it\\\/\"},{\"@type\":\"ListItem\",\"position\":2,\"name\":\"Piattaforme per fundraising\",\"item\":\"https:\\\/\\\/www.accuratereviews.com\\\/it\\\/piattaforme-per-fundraising\\\/\"},{\"@type\":\"ListItem\",\"position\":3,\"name\":\"CiviCRM\"}]},{\"@type\":\"WebSite\",\"@id\":\"https:\\\/\\\/www.accuratereviews.com\\\/it\\\/#website\",\"url\":\"https:\\\/\\\/www.accuratereviews.com\\\/it\\\/\",\"name\":\"Accurate Reviews\",\"description\":\"\",\"potentialAction\":[{\"@type\":\"SearchAction\",\"target\":{\"@type\":\"EntryPoint\",\"urlTemplate\":\"https:\\\/\\\/www.accuratereviews.com\\\/it\\\/?s={search_term_string}\"},\"query-input\":{\"@type\":\"PropertyValueSpecification\",\"valueRequired\":true,\"valueName\":\"search_term_string\"}}],\"inLanguage\":\"it-IT\"}]}<\/script>\n<!-- \/ Yoast SEO plugin. -->","yoast_head_json":{"title":"CiviCrm: recensione software per fundraising - Accurate Reviews","description":"CiviCrm: recensione sistema CRM basato su cloud e open source, sviluppato appositamente per organizzazioni no-profit.","robots":{"index":"index","follow":"follow","max-snippet":"max-snippet:-1","max-image-preview":"max-image-preview:large","max-video-preview":"max-video-preview:-1"},"canonical":"https:\/\/www.accuratereviews.com\/it\/piattaforme-per-fundraising\/civicrm-recensione\/","og_locale":"it_IT","og_type":"article","og_title":"CiviCrm: recensione software per fundraising - Accurate Reviews","og_description":"CiviCrm: recensione sistema CRM basato su cloud e open source, sviluppato appositamente per organizzazioni no-profit.","og_url":"https:\/\/www.accuratereviews.com\/it\/piattaforme-per-fundraising\/civicrm-recensione\/","og_site_name":"Accurate Reviews","og_image":[{"width":300,"height":221,"url":"https:\/\/www.accuratereviews.com\/wp-content\/uploads\/2024\/06\/CiviCrm.webp","type":"image\/webp"}],"twitter_card":"summary_large_image","twitter_misc":{"Tempo di lettura stimato":"5 minuti"},"schema":{"@context":"https:\/\/schema.org","@graph":[{"@type":"WebPage","@id":"https:\/\/www.accuratereviews.com\/it\/piattaforme-per-fundraising\/civicrm-recensione\/","url":"https:\/\/www.accuratereviews.com\/it\/piattaforme-per-fundraising\/civicrm-recensione\/","name":"CiviCrm: recensione software per fundraising - Accurate Reviews","isPartOf":{"@id":"https:\/\/www.accuratereviews.com\/it\/#website"},"primaryImageOfPage":{"@id":"https:\/\/www.accuratereviews.com\/it\/piattaforme-per-fundraising\/civicrm-recensione\/#primaryimage"},"image":{"@id":"https:\/\/www.accuratereviews.com\/it\/piattaforme-per-fundraising\/civicrm-recensione\/#primaryimage"},"thumbnailUrl":"https:\/\/www.accuratereviews.com\/wp-content\/uploads\/2024\/06\/CiviCrm.webp","datePublished":"2024-06-19T16:03:57+00:00","description":"CiviCrm: recensione sistema CRM basato su cloud e open source, sviluppato appositamente per organizzazioni no-profit.","breadcrumb":{"@id":"https:\/\/www.accuratereviews.com\/it\/piattaforme-per-fundraising\/civicrm-recensione\/#breadcrumb"},"inLanguage":"it-IT","potentialAction":[{"@type":"ReadAction","target":["https:\/\/www.accuratereviews.com\/it\/piattaforme-per-fundraising\/civicrm-recensione\/"]}]},{"@type":"ImageObject","inLanguage":"it-IT","@id":"https:\/\/www.accuratereviews.com\/it\/piattaforme-per-fundraising\/civicrm-recensione\/#primaryimage","url":"https:\/\/www.accuratereviews.com\/wp-content\/uploads\/2024\/06\/CiviCrm.webp","contentUrl":"https:\/\/www.accuratereviews.com\/wp-content\/uploads\/2024\/06\/CiviCrm.webp","width":300,"height":221},{"@type":"BreadcrumbList","@id":"https:\/\/www.accuratereviews.com\/it\/piattaforme-per-fundraising\/civicrm-recensione\/#breadcrumb","itemListElement":[{"@type":"ListItem","position":1,"name":"Home","item":"https:\/\/www.accuratereviews.com\/it\/"},{"@type":"ListItem","position":2,"name":"Piattaforme per fundraising","item":"https:\/\/www.accuratereviews.com\/it\/piattaforme-per-fundraising\/"},{"@type":"ListItem","position":3,"name":"CiviCRM"}]},{"@type":"WebSite","@id":"https:\/\/www.accuratereviews.com\/it\/#website","url":"https:\/\/www.accuratereviews.com\/it\/","name":"Accurate Reviews","description":"","potentialAction":[{"@type":"SearchAction","target":{"@type":"EntryPoint","urlTemplate":"https:\/\/www.accuratereviews.com\/it\/?s={search_term_string}"},"query-input":{"@type":"PropertyValueSpecification","valueRequired":true,"valueName":"search_term_string"}}],"inLanguage":"it-IT"}]}},"_links":{"self":[{"href":"https:\/\/www.accuratereviews.com\/it\/wp-json\/wp\/v2\/pages\/77374","targetHints":{"allow":["GET"]}}],"collection":[{"href":"https:\/\/www.accuratereviews.com\/it\/wp-json\/wp\/v2\/pages"}],"about":[{"href":"https:\/\/www.accuratereviews.com\/it\/wp-json\/wp\/v2\/types\/page"}],"author":[{"embeddable":true,"href":"https:\/\/www.accuratereviews.com\/it\/wp-json\/wp\/v2\/users\/19"}],"replies":[{"embeddable":true,"href":"https:\/\/www.accuratereviews.com\/it\/wp-json\/wp\/v2\/comments?post=77374"}],"version-history":[{"count":11,"href":"https:\/\/www.accuratereviews.com\/it\/wp-json\/wp\/v2\/pages\/77374\/revisions"}],"predecessor-version":[{"id":77393,"href":"https:\/\/www.accuratereviews.com\/it\/wp-json\/wp\/v2\/pages\/77374\/revisions\/77393"}],"up":[{"embeddable":true,"href":"https:\/\/www.accuratereviews.com\/it\/wp-json\/wp\/v2\/pages\/35419"}],"wp:featuredmedia":[{"embeddable":true,"href":"https:\/\/www.accuratereviews.com\/it\/wp-json\/wp\/v2\/media\/77377"}],"wp:attachment":[{"href":"https:\/\/www.accuratereviews.com\/it\/wp-json\/wp\/v2\/media?parent=77374"}],"wp:term":[{"taxonomy":"category","embeddable":true,"href":"https:\/\/www.accuratereviews.com\/it\/wp-json\/wp\/v2\/categories?post=77374"},{"taxonomy":"post_tag","embeddable":true,"href":"https:\/\/www.accuratereviews.com\/it\/wp-json\/wp\/v2\/tags?post=77374"},{"taxonomy":"features","embeddable":true,"href":"https:\/\/www.accuratereviews.com\/it\/wp-json\/wp\/v2\/features?post=77374"}],"curies":[{"name":"wp","href":"https:\/\/api.w.org\/{rel}","templated":true}]}}