{"id":77394,"date":"2024-06-20T16:05:51","date_gmt":"2024-06-20T16:05:51","guid":{"rendered":"https:\/\/www.accuratereviews.com\/?page_id=77394"},"modified":"2024-06-20T16:05:51","modified_gmt":"2024-06-20T16:05:51","slug":"nationbuilder-recensione","status":"publish","type":"page","link":"https:\/\/www.accuratereviews.com\/it\/piattaforme-per-fundraising\/nationbuilder-recensione\/","title":{"rendered":"NationBuilder"},"content":{"rendered":"<p><strong>NationBuilder<\/strong> \u00e8 una <strong>soluzione di gestione delle campagne<\/strong>, basata sul web, adatta a campagne politiche e organizzazioni no-profit. Include funzionalit\u00e0 integrate di gestione dei contenuti e degli abbonamenti che aiutano i clienti a raggiungere il proprio pubblico e a interagire con i sostenitori. Consente alle organizzazioni politiche di mappare geograficamente le posizioni dei propri sostenitori e creare elenchi personalizzati per tenere traccia delle informazioni sui sostenitori per un targeting efficiente.<br \/>\nInoltre, <strong>NationBuilder<\/strong> aiuta ad acquisire le informazioni di contatto di persone e organizzazioni e a collegarle a varie piattaforme di social media tra cui Facebook, LinkedIn e Twitter per interagire con i sostenitori. I clienti possono anche creare siti web personalizzati per interagire con i sostenitori e monitorare l&#8217;avanzamento generale dell&#8217;impegno attraverso una dashboard in tempo reale.<\/p>\n<h2>NATIONBUILDER &#8211; TUTORIAL<\/h2>\n<div id=\"fluid-wrapper-counter-1\" class=\"g1-fluid-wrapper \" style=\"width:686px;\">\n<div style=\"padding-bottom:56.268221574344%;\"><iframe loading=\"lazy\" title=\"Workflow guide: Managing relationships\" width=\"686\" height=\"386\" src=\"https:\/\/www.youtube.com\/embed\/FCcyGphsYao?feature=oembed&amp;wmode=transparent&amp;autohide=1&amp;autoplay=0&amp;disablekb=0&amp;fs=1&amp;loop=0&amp;enablejsapi=1&amp;rel=0&amp;controls=2&amp;showinfo=0&amp;wmode=transparent&amp;autohide=2&amp;autoplay=0&amp;disablekb=0&amp;fs=1&amp;loop=0&amp;enablejsapi=1&amp;rel=0&amp;controls=2&amp;showinfo=1\" frameborder=\"0\" allow=\"accelerometer; autoplay; clipboard-write; encrypted-media; gyroscope; picture-in-picture; web-share\" referrerpolicy=\"strict-origin-when-cross-origin\" allowfullscreen><\/iframe><\/div>\n<\/div>\n<h2>NATIONBUILDER &#8211; CARATTERISTICHE<\/h2>\n<ul>\n<li><strong>Avvia le pagine in pochi minuti con modelli gi\u00e0 pronti<\/strong>: Ispira i tuoi sostenitori, acquisisci informazioni e monitora ininterrottamente le azioni sul tuo sito, promuovendo al tempo stesso la condivisione sui social.<\/li>\n<li><strong>Scegli come target i tuoi sostenitori in base ai dati in tempo reale<\/strong>: crea elenchi, filtri e tag in un database che si aggiorna dinamicamente con ogni interazione con il sostenitore<\/li>\n<li><strong>Invia le email e gli sms giusti al momento giusto<\/strong>: personalizza email, messaggi di testo e attivit\u00e0 di sensibilizzazione sul campo per i sostenitori in base ai loro interessi e alla storia della tua campagna<\/li>\n<li><strong>Raccogli di pi\u00f9 con l&#8217;elaborazione dei pagamenti integrata<\/strong>: raccogli ed elabora senza problemi donazioni singole e ricorrenti per massimizzare i contributi alle campagne e semplificare il lavoro<\/li>\n<li><strong>Aumenta l&#8217;affluenza agli eventi quando conta<\/strong>: raccogli biglietti o risposte e recluta partecipanti per manifestazioni, raccolte fondi e incontri di volontari<\/li>\n<li><strong>Rimani aggiornato sulla tua comunit\u00e0<\/strong>: utilizza le pagine di impegno di voto per raccogliere e assegnare livelli di supporto alle persone nel tuo database<\/li>\n<li><strong>Mantieni connessi i tuoi sforzi di raccolta fondi<\/strong>: raccogli donazioni su pagine integrate con il tuo database e attrezzate per elaborare i pagamenti<\/li>\n<li><strong>Donazioni mensili e annuali<\/strong>: imposta donazioni ricorrenti per sfruttare al meglio il sostegno dei donatori durante la tua campagna<\/li>\n<li><strong>Monitoraggio del reclutatore:<\/strong> identifica, riconosci e premia le persone che hanno il maggiore impatto sui tuoi sforzi di raccolta fondi<\/li>\n<li><strong>Personalizza le email<\/strong>: utilizza i dati dinamici dei sostenitori per personalizzare le comunicazioni mentre scrivi<\/li>\n<li><strong>Misurare il successo:<\/strong> tieni traccia facilmente di parametri come aperture, clic, rimbalzi e annullamenti dell&#8217;iscrizione<\/li>\n<li><strong>Segmentare il pubblico<\/strong>: utilizza filtri e tag sofisticati per identificare le persone giuste per email e sms<\/li>\n<li><strong>Imposta le autorizzazioni<\/strong>: personalizza gli strumenti per diversi tipi di volontari in base ai loro ruoli<\/li>\n<li><strong>Gestire i volontari<\/strong>: offri ai tuoi dipendenti pagine di iscrizione volontaria in cui possano gestire i turni e altro ancora<\/li>\n<\/ul>\n<h4>LE RECENSIONI DEGLI UTENTI<\/h4>\n<p><strong>Robert &#8220;Vasta gamma di funzionalit\u00e0&#8221;<\/strong><br \/>\n<strong>Commenti<\/strong>: Davvero fantastico. Ha semplificato enormemente le mie attivit\u00e0 di marketing e il monitoraggio della mia rete.<br \/>\n<strong>Pro<\/strong>: NationBuilder \u00e8 uno sportello unico per le esigenze di CRM, sito Web e sensibilizzazione. L&#8217;assistenza clienti \u00e8 incredibilmente diligente, puoi dire che le persone l\u00ec si preoccupano.<br \/>\n<strong>Contro<\/strong>: La UX \u00e8 un po\u2019 un miscuglio. Risolvono i problemi con un&#8217;assistenza clienti estremamente valida, ma ci sono sicuramente momenti in cui preferirei riuscire a capire come farlo da solo.<\/p>\n<p><strong>Jim &#8220;Comunica facilmente con tutti i tuoi membri&#8221;<\/strong><br \/>\n<strong>Commenti<\/strong>: NationBuilder ha aiutato ogni volta che avevo bisogno di sapere come fare qualcosa. Sono molto contento del prodotto.<br \/>\n<strong>Pro<\/strong>: \u00c8 cos\u00ec facile da modificare e aggiornare. Ogni volta che ho bisogno di creare nuove informazioni o modificare il Menu, non \u00e8 stato un problema. Il sito ha sempre sostenuto il nostro club.<br \/>\n<strong>Contro<\/strong>: Dopo un paio d&#8217;anni c&#8217;erano cos\u00ec tante pagine che \u00e8 un po&#8217; complicato trovare una pagina specifica da aggiornare.<\/p>\n<p><strong>John &#8220;Facile da iniziare&#8221;<\/strong><br \/>\n<strong>Commenti<\/strong>: Uso NationBuilder da oltre 10 anni, in diverse campagne. Il prodotto \u00e8 altamente affidabile e il supporto per l&#8217;utente \u00e8 ottimo.<br \/>\n<strong>Pro<\/strong>: Per qualcuno che ha appena iniziato una campagna o si \u00e8 appena trasferito a una piattaforma di gestione delle relazioni elettorali, NationBuilder \u00e8 un ottimo modo per iniziare. Il sistema ha molte, molte caratteristiche; ma non \u00e8 necessario usarli tutti subito. Inoltre, se inizi con un piccolo numero di record (persone nel tuo database) NationBuilder \u00e8 abbastanza economico!<br \/>\n<strong>Contro<\/strong>: Se voglio analizzare i dati di registrazione porta a porta sul mio telefono, dovrei collegare i miei dati di NationBuilder a un&#8217;app di terze parti. Altrimenti, NationBuilder ha tutte le funzionalit\u00e0 di cui ho bisogno!<\/p>\n","protected":false},"excerpt":{"rendered":"<p>NationBuilder \u00e8 una soluzione di gestione delle campagne, basata sul web, adatta a campagne politiche e organizzazioni no-profit. Include funzionalit\u00e0 integrate di gestione dei contenuti e degli abbonamenti che aiutano i clienti a raggiungere il proprio pubblico e a interagire con i sostenitori.<\/p>\n","protected":false},"author":19,"featured_media":77395,"parent":35419,"menu_order":0,"comment_status":"open","ping_status":"closed","template":"g1_template_page_review_new.php","meta":{"_acf_changed":false,"cwp_meta_box_check":"No","cwp_rev_product_name":"","cwp_rev_product_image":"","wppr_links":[],"cwp_rev_price":"","wppr_options":[],"wppr_pros":[],"wppr_cons":[],"_monsterinsights_skip_tracking":false,"_monsterinsights_sitenote_active":false,"_monsterinsights_sitenote_note":"","_monsterinsights_sitenote_category":0,"footnotes":""},"categories":[4851],"tags":[15127,4852,4878,4855,4877,4859,4854,4875,4909,4876],"features":[],"class_list":{"0":"post-77394","1":"page","2":"type-page","3":"status-publish","4":"has-post-thumbnail","6":"category-piattaforme-per-fundraising-categoria","7":"tag-nationbuilder","8":"tag-piattaforma-per-fundraising","9":"tag-piattaforma-raccolta-fondi","10":"tag-programma-per-fundraising","11":"tag-programma-raccolta-fondi","12":"tag-raccolta-fondi","13":"tag-software-per-fundraising","14":"tag-software-raccolta-fondi","15":"tag-soluzione-per-fundraising","16":"tag-soluzione-raccolta-fondi"},"wppr_data":{"cwp_meta_box_check":"No"},"acf":[],"yoast_head":"<!-- This site is optimized with the Yoast SEO plugin v27.4 - https:\/\/yoast.com\/product\/yoast-seo-wordpress\/ -->\n<title>NationBuilder: recensione software per fundraising - Accurate Reviews<\/title>\n<meta name=\"description\" content=\"NationBuilder: recensione soluzione di gestione delle campagne, basata sul web, adatta a campagne politiche e organizzazioni no-profit.\" \/>\n<meta name=\"robots\" content=\"index, follow, max-snippet:-1, max-image-preview:large, max-video-preview:-1\" \/>\n<link rel=\"canonical\" href=\"https:\/\/www.accuratereviews.com\/it\/piattaforme-per-fundraising\/nationbuilder-recensione\/\" \/>\n<meta property=\"og:locale\" content=\"it_IT\" \/>\n<meta property=\"og:type\" content=\"article\" \/>\n<meta property=\"og:title\" content=\"NationBuilder: recensione software per fundraising - Accurate Reviews\" \/>\n<meta property=\"og:description\" content=\"NationBuilder: recensione soluzione di gestione delle campagne, basata sul web, adatta a campagne politiche e organizzazioni no-profit.\" \/>\n<meta property=\"og:url\" content=\"https:\/\/www.accuratereviews.com\/it\/piattaforme-per-fundraising\/nationbuilder-recensione\/\" \/>\n<meta property=\"og:site_name\" content=\"Accurate Reviews\" \/>\n<meta property=\"og:image\" content=\"https:\/\/www.accuratereviews.com\/wp-content\/uploads\/2024\/06\/NationBuilder.png\" \/>\n\t<meta property=\"og:image:width\" content=\"720\" \/>\n\t<meta property=\"og:image:height\" content=\"480\" \/>\n\t<meta property=\"og:image:type\" content=\"image\/png\" \/>\n<meta name=\"twitter:card\" content=\"summary_large_image\" \/>\n<meta name=\"twitter:label1\" content=\"Tempo di lettura stimato\" \/>\n\t<meta name=\"twitter:data1\" content=\"5 minuti\" \/>\n<script type=\"application\/ld+json\" class=\"yoast-schema-graph\">{\"@context\":\"https:\\\/\\\/schema.org\",\"@graph\":[{\"@type\":\"WebPage\",\"@id\":\"https:\\\/\\\/www.accuratereviews.com\\\/it\\\/piattaforme-per-fundraising\\\/nationbuilder-recensione\\\/\",\"url\":\"https:\\\/\\\/www.accuratereviews.com\\\/it\\\/piattaforme-per-fundraising\\\/nationbuilder-recensione\\\/\",\"name\":\"NationBuilder: recensione software per fundraising - Accurate Reviews\",\"isPartOf\":{\"@id\":\"https:\\\/\\\/www.accuratereviews.com\\\/it\\\/#website\"},\"primaryImageOfPage\":{\"@id\":\"https:\\\/\\\/www.accuratereviews.com\\\/it\\\/piattaforme-per-fundraising\\\/nationbuilder-recensione\\\/#primaryimage\"},\"image\":{\"@id\":\"https:\\\/\\\/www.accuratereviews.com\\\/it\\\/piattaforme-per-fundraising\\\/nationbuilder-recensione\\\/#primaryimage\"},\"thumbnailUrl\":\"https:\\\/\\\/www.accuratereviews.com\\\/wp-content\\\/uploads\\\/2024\\\/06\\\/NationBuilder.png\",\"datePublished\":\"2024-06-20T16:05:51+00:00\",\"description\":\"NationBuilder: recensione soluzione di gestione delle campagne, basata sul web, adatta a campagne politiche e organizzazioni no-profit.\",\"breadcrumb\":{\"@id\":\"https:\\\/\\\/www.accuratereviews.com\\\/it\\\/piattaforme-per-fundraising\\\/nationbuilder-recensione\\\/#breadcrumb\"},\"inLanguage\":\"it-IT\",\"potentialAction\":[{\"@type\":\"ReadAction\",\"target\":[\"https:\\\/\\\/www.accuratereviews.com\\\/it\\\/piattaforme-per-fundraising\\\/nationbuilder-recensione\\\/\"]}]},{\"@type\":\"ImageObject\",\"inLanguage\":\"it-IT\",\"@id\":\"https:\\\/\\\/www.accuratereviews.com\\\/it\\\/piattaforme-per-fundraising\\\/nationbuilder-recensione\\\/#primaryimage\",\"url\":\"https:\\\/\\\/www.accuratereviews.com\\\/wp-content\\\/uploads\\\/2024\\\/06\\\/NationBuilder.png\",\"contentUrl\":\"https:\\\/\\\/www.accuratereviews.com\\\/wp-content\\\/uploads\\\/2024\\\/06\\\/NationBuilder.png\",\"width\":720,\"height\":480},{\"@type\":\"BreadcrumbList\",\"@id\":\"https:\\\/\\\/www.accuratereviews.com\\\/it\\\/piattaforme-per-fundraising\\\/nationbuilder-recensione\\\/#breadcrumb\",\"itemListElement\":[{\"@type\":\"ListItem\",\"position\":1,\"name\":\"Home\",\"item\":\"https:\\\/\\\/www.accuratereviews.com\\\/it\\\/\"},{\"@type\":\"ListItem\",\"position\":2,\"name\":\"Piattaforme per fundraising\",\"item\":\"https:\\\/\\\/www.accuratereviews.com\\\/it\\\/piattaforme-per-fundraising\\\/\"},{\"@type\":\"ListItem\",\"position\":3,\"name\":\"NationBuilder\"}]},{\"@type\":\"WebSite\",\"@id\":\"https:\\\/\\\/www.accuratereviews.com\\\/it\\\/#website\",\"url\":\"https:\\\/\\\/www.accuratereviews.com\\\/it\\\/\",\"name\":\"Accurate Reviews\",\"description\":\"\",\"potentialAction\":[{\"@type\":\"SearchAction\",\"target\":{\"@type\":\"EntryPoint\",\"urlTemplate\":\"https:\\\/\\\/www.accuratereviews.com\\\/it\\\/?s={search_term_string}\"},\"query-input\":{\"@type\":\"PropertyValueSpecification\",\"valueRequired\":true,\"valueName\":\"search_term_string\"}}],\"inLanguage\":\"it-IT\"}]}<\/script>\n<!-- \/ Yoast SEO plugin. -->","yoast_head_json":{"title":"NationBuilder: recensione software per fundraising - Accurate Reviews","description":"NationBuilder: recensione soluzione di gestione delle campagne, basata sul web, adatta a campagne politiche e organizzazioni no-profit.","robots":{"index":"index","follow":"follow","max-snippet":"max-snippet:-1","max-image-preview":"max-image-preview:large","max-video-preview":"max-video-preview:-1"},"canonical":"https:\/\/www.accuratereviews.com\/it\/piattaforme-per-fundraising\/nationbuilder-recensione\/","og_locale":"it_IT","og_type":"article","og_title":"NationBuilder: recensione software per fundraising - Accurate Reviews","og_description":"NationBuilder: recensione soluzione di gestione delle campagne, basata sul web, adatta a campagne politiche e organizzazioni no-profit.","og_url":"https:\/\/www.accuratereviews.com\/it\/piattaforme-per-fundraising\/nationbuilder-recensione\/","og_site_name":"Accurate Reviews","og_image":[{"width":720,"height":480,"url":"https:\/\/www.accuratereviews.com\/wp-content\/uploads\/2024\/06\/NationBuilder.png","type":"image\/png"}],"twitter_card":"summary_large_image","twitter_misc":{"Tempo di lettura stimato":"5 minuti"},"schema":{"@context":"https:\/\/schema.org","@graph":[{"@type":"WebPage","@id":"https:\/\/www.accuratereviews.com\/it\/piattaforme-per-fundraising\/nationbuilder-recensione\/","url":"https:\/\/www.accuratereviews.com\/it\/piattaforme-per-fundraising\/nationbuilder-recensione\/","name":"NationBuilder: recensione software per fundraising - Accurate Reviews","isPartOf":{"@id":"https:\/\/www.accuratereviews.com\/it\/#website"},"primaryImageOfPage":{"@id":"https:\/\/www.accuratereviews.com\/it\/piattaforme-per-fundraising\/nationbuilder-recensione\/#primaryimage"},"image":{"@id":"https:\/\/www.accuratereviews.com\/it\/piattaforme-per-fundraising\/nationbuilder-recensione\/#primaryimage"},"thumbnailUrl":"https:\/\/www.accuratereviews.com\/wp-content\/uploads\/2024\/06\/NationBuilder.png","datePublished":"2024-06-20T16:05:51+00:00","description":"NationBuilder: recensione soluzione di gestione delle campagne, basata sul web, adatta a campagne politiche e organizzazioni no-profit.","breadcrumb":{"@id":"https:\/\/www.accuratereviews.com\/it\/piattaforme-per-fundraising\/nationbuilder-recensione\/#breadcrumb"},"inLanguage":"it-IT","potentialAction":[{"@type":"ReadAction","target":["https:\/\/www.accuratereviews.com\/it\/piattaforme-per-fundraising\/nationbuilder-recensione\/"]}]},{"@type":"ImageObject","inLanguage":"it-IT","@id":"https:\/\/www.accuratereviews.com\/it\/piattaforme-per-fundraising\/nationbuilder-recensione\/#primaryimage","url":"https:\/\/www.accuratereviews.com\/wp-content\/uploads\/2024\/06\/NationBuilder.png","contentUrl":"https:\/\/www.accuratereviews.com\/wp-content\/uploads\/2024\/06\/NationBuilder.png","width":720,"height":480},{"@type":"BreadcrumbList","@id":"https:\/\/www.accuratereviews.com\/it\/piattaforme-per-fundraising\/nationbuilder-recensione\/#breadcrumb","itemListElement":[{"@type":"ListItem","position":1,"name":"Home","item":"https:\/\/www.accuratereviews.com\/it\/"},{"@type":"ListItem","position":2,"name":"Piattaforme per fundraising","item":"https:\/\/www.accuratereviews.com\/it\/piattaforme-per-fundraising\/"},{"@type":"ListItem","position":3,"name":"NationBuilder"}]},{"@type":"WebSite","@id":"https:\/\/www.accuratereviews.com\/it\/#website","url":"https:\/\/www.accuratereviews.com\/it\/","name":"Accurate Reviews","description":"","potentialAction":[{"@type":"SearchAction","target":{"@type":"EntryPoint","urlTemplate":"https:\/\/www.accuratereviews.com\/it\/?s={search_term_string}"},"query-input":{"@type":"PropertyValueSpecification","valueRequired":true,"valueName":"search_term_string"}}],"inLanguage":"it-IT"}]}},"_links":{"self":[{"href":"https:\/\/www.accuratereviews.com\/it\/wp-json\/wp\/v2\/pages\/77394","targetHints":{"allow":["GET"]}}],"collection":[{"href":"https:\/\/www.accuratereviews.com\/it\/wp-json\/wp\/v2\/pages"}],"about":[{"href":"https:\/\/www.accuratereviews.com\/it\/wp-json\/wp\/v2\/types\/page"}],"author":[{"embeddable":true,"href":"https:\/\/www.accuratereviews.com\/it\/wp-json\/wp\/v2\/users\/19"}],"replies":[{"embeddable":true,"href":"https:\/\/www.accuratereviews.com\/it\/wp-json\/wp\/v2\/comments?post=77394"}],"version-history":[{"count":9,"href":"https:\/\/www.accuratereviews.com\/it\/wp-json\/wp\/v2\/pages\/77394\/revisions"}],"predecessor-version":[{"id":77408,"href":"https:\/\/www.accuratereviews.com\/it\/wp-json\/wp\/v2\/pages\/77394\/revisions\/77408"}],"up":[{"embeddable":true,"href":"https:\/\/www.accuratereviews.com\/it\/wp-json\/wp\/v2\/pages\/35419"}],"wp:featuredmedia":[{"embeddable":true,"href":"https:\/\/www.accuratereviews.com\/it\/wp-json\/wp\/v2\/media\/77395"}],"wp:attachment":[{"href":"https:\/\/www.accuratereviews.com\/it\/wp-json\/wp\/v2\/media?parent=77394"}],"wp:term":[{"taxonomy":"category","embeddable":true,"href":"https:\/\/www.accuratereviews.com\/it\/wp-json\/wp\/v2\/categories?post=77394"},{"taxonomy":"post_tag","embeddable":true,"href":"https:\/\/www.accuratereviews.com\/it\/wp-json\/wp\/v2\/tags?post=77394"},{"taxonomy":"features","embeddable":true,"href":"https:\/\/www.accuratereviews.com\/it\/wp-json\/wp\/v2\/features?post=77394"}],"curies":[{"name":"wp","href":"https:\/\/api.w.org\/{rel}","templated":true}]}}