{"id":77430,"date":"2024-06-21T15:34:06","date_gmt":"2024-06-21T15:34:06","guid":{"rendered":"https:\/\/www.accuratereviews.com\/?page_id=77430"},"modified":"2024-06-21T15:34:06","modified_gmt":"2024-06-21T15:34:06","slug":"virtuous-recensione","status":"publish","type":"page","link":"https:\/\/www.accuratereviews.com\/it\/piattaforme-per-fundraising\/virtuous-recensione\/","title":{"rendered":"Virtuous"},"content":{"rendered":"<p><strong>Virtuous<\/strong> \u00e8 una <strong>soluzione di gestione delle relazioni con i clienti<\/strong> (CRM), email marketing e gestione dei donatori, basata sul <strong>cloud.<\/strong> Si rivolge a organizzazioni no-profit, che mira a contribuire a costruire relazioni durature con i donatori e ad aumentare le raccolte fondi. Sono inclusi strumenti per il monitoraggio delle donazioni, le donazioni online, il punteggio predittivo dei componenti, l&#8217;email marketing e altro ancora.<br \/>\n<strong>Virtuous <\/strong>include un database di donatori che offre agli utenti l&#8217;accesso a visualizzazioni ricche di dati dei loro contatti e donatori e consente la gestione delle relazioni. Dati e immagini possono essere estratti dai profili social e da altre fonti di dati pubbliche e le relazioni tra i donatori possono essere mappate per identificare il valore delle reti di donatori esistenti. La mappa integrata mostra i donatori vicini per consentire la creazione di connessioni locali. L&#8217;analisi predittiva assegna un punteggio ai donatori in base ai loro dati sociali e finanziari per identificare forti opportunit\u00e0 e genera richieste di regali suggerite per spingere gli utenti a fare le richieste giuste al momento ottimale.<\/p>\n<h2>VIRTUOUS &#8211; TUTORIAL<\/h2>\n<div id=\"fluid-wrapper-counter-1\" class=\"g1-fluid-wrapper \" style=\"width:686px;\">\n<div style=\"padding-bottom:56.268221574344%;\"><iframe loading=\"lazy\" title=\"Discover Virtuous: Custom Dashboards\" width=\"686\" height=\"386\" src=\"https:\/\/www.youtube.com\/embed\/aIytrgKAc6c?feature=oembed&amp;wmode=transparent&amp;autohide=1&amp;autoplay=0&amp;disablekb=0&amp;fs=1&amp;loop=0&amp;enablejsapi=1&amp;rel=0&amp;controls=2&amp;showinfo=0&amp;wmode=transparent&amp;autohide=2&amp;autoplay=0&amp;disablekb=0&amp;fs=1&amp;loop=0&amp;enablejsapi=1&amp;rel=0&amp;controls=2&amp;showinfo=1\" frameborder=\"0\" allow=\"accelerometer; autoplay; clipboard-write; encrypted-media; gyroscope; picture-in-picture; web-share\" referrerpolicy=\"strict-origin-when-cross-origin\" allowfullscreen><\/iframe><\/div>\n<\/div>\n<h3>VIRTUOUS &#8211; CARATTERISTICHE<\/h3>\n<div class=\"QcsUad BDJ8fb BLojaf sMVRZe hCXDsb wneUed\">\n<div class=\"usGWQd\">\n<div class=\"KkbLmb\">\n<ul>\n<li class=\"lRu31\" dir=\"ltr\"><span class=\"HwtZe\" lang=\"it\"><span class=\"jCAhz JxVs2d ChMk0b\"><span class=\"ryNqvb\"><strong>CRM senza scopo di lucro<\/strong>: t<\/span><\/span><span class=\"jCAhz JxVs2d ChMk0b\"><span class=\"ryNqvb\">utto ci\u00f2 di cui hai bisogno per costruire relazioni migliori e aumentare l&#8217;impatto con sicurezza. <\/span><\/span><\/span><\/li>\n<li class=\"lRu31\" dir=\"ltr\"><span class=\"HwtZe\" lang=\"it\"><span class=\"jCAhz JxVs2d\"><span class=\"ryNqvb\"><strong>Marketing ed e-mail<\/strong>: i<\/span><\/span><span class=\"jCAhz JxVs2d ChMk0b\"><span class=\"ryNqvb\">nvia campagne complete e multicanale per attivare i donatori e aumentare il coinvolgimento. <\/span><\/span><\/span><\/li>\n<li class=\"lRu31\" dir=\"ltr\"><span class=\"HwtZe\" lang=\"it\"><span class=\"jCAhz JxVs2d\"><span class=\"ryNqvb\"><strong>Eventi:<\/strong> p<\/span><\/span><span class=\"jCAhz JxVs2d ChMk0b\"><span class=\"ryNqvb\">roduci eventi virtuali, ibridi o di persona personalizzati e raccogli di pi\u00f9. <\/span><\/span><\/span><\/li>\n<li class=\"lRu31\" dir=\"ltr\"><span class=\"HwtZe\" lang=\"it\"><span class=\"jCAhz JxVs2d\"><span class=\"ryNqvb\"><strong>Mobilitazione dei volontari<\/strong>: r<\/span><\/span><span class=\"jCAhz JxVs2d ChMk0b\"><span class=\"ryNqvb\">ecluta e mobilita volontari per soddisfare le esigenze mission-critical senza grattacapi di back-office. <\/span><\/span><\/span><\/li>\n<li class=\"lRu31\" dir=\"ltr\"><span class=\"HwtZe\" lang=\"it\"><span class=\"jCAhz JxVs2d\"><span class=\"ryNqvb\"><strong>Automazione<\/strong>: p<\/span><\/span><span class=\"jCAhz JxVs2d ChMk0b\"><span class=\"ryNqvb\">rogetta percorsi personalizzati per i donatori e automatizza i processi di back-office e la gestione delle attivit\u00e0. <\/span><\/span><\/span><\/li>\n<li class=\"lRu31\" dir=\"ltr\"><span class=\"HwtZe\" lang=\"it\"><span class=\"jCAhz JxVs2d\"><span class=\"ryNqvb\"><strong>Segnali<\/strong>: i<\/span><\/span><span class=\"jCAhz JxVs2d ChMk0b\"><span class=\"ryNqvb\">nformazioni utili per fidelizzare i donatori ed estendere il coinvolgimento. <\/span><\/span><\/span><\/li>\n<li class=\"lRu31\" dir=\"ltr\"><span class=\"HwtZe\" lang=\"it\"><span class=\"jCAhz JxVs2d\"><span class=\"ryNqvb\"><strong>Donazioni in linea<\/strong>: p<\/span><\/span><span class=\"jCAhz JxVs2d ChMk0b\"><span class=\"ryNqvb\">rogetta esperienze di donazione online efficaci che celebrino l&#8217;impatto di ogni donazione.<\/span><\/span><\/span><\/li>\n<li dir=\"ltr\"><strong>Trasforma i partecipanti in sostenitori per tutta la vita<\/strong>: ispira e trasforma i partecipanti in sostenitori permanenti consentendo loro di personalizzare la registrazione, condividere il tuo evento in modo organico e connettersi profondamente con la tua causa.<\/li>\n<\/ul>\n<h4><strong>LE RECENSIONI DEGLI UTENTI<\/strong><\/h4>\n<p><strong>Emily &#8220;Virtuous \u00e8 il compagno di squadra di cui abbiamo sempre avuto bisogno!&#8221;<\/strong><br \/>\n<strong>Pro<\/strong>: Virtuous \u00e8 uno dei CRM pi\u00f9 intuitivi e facili da usare che abbia utilizzato nella mia carriera di raccolta fondi, pur fornendo dati e analisi affidabili. Questo \u00e8 il terzo database di donatori che la mia attuale organizzazione no-profit ha utilizzato nel corso degli anni, il primo che ho potuto scegliere personalmente, e dopo diversi anni di utilizzo della piattaforma, siamo ancora tutti molto soddisfatti. Apprezziamo l&#8217;accesso immediato agli aggiornamenti e alle nuove funzionalit\u00e0 e non posso iniziare a dire quanto sia stata meravigliosa la nostra esperienza con le PERSONE di Virtuous. Il nostro addetto alle vendite, il team di migrazione dei dati, lo specialista del successo dei clienti e il personale dell&#8217;help desk hanno fornito assistenza rapida, efficiente, completa, competente e proattiva in ogni fase.<br \/>\n<strong>Contro<\/strong>: Si tratta in gran parte di una soluzione pronta all&#8217;uso che non richiede un significativo investimento iniziale di tempo e manodopera (due cose che notoriamente mancano alle organizzazioni no-profit) per costruire da zero. Potrebbe non essere la scelta giusta per chi ha bisogno o desidera una maggiore personalizzazione, ma per noi lo \u00e8 stata. Esistono ancora molte funzionalit\u00e0 integrate\/best practice che possono essere adattate alle nostre esigenze specifiche.<\/p>\n<p><strong>Joe &#8220;Porta la tua organizzazione no-profit al livello successivo&#8221;<\/strong><br \/>\n<strong>Commenti<\/strong>: Virtuous consente di estrarre qualsiasi numero di parametri grazie all&#8217;ampia quantit\u00e0 di dati che pu\u00f2 ospitare. \u00c8 abbastanza facile da usare per iniziare, ma abbastanza completo da poter sempre trovare qualcosa di nuovo da analizzare.<br \/>\n<strong>Pro<\/strong>: Virtuous \u00e8 un gradino sopra gli altri CRM no-profit. Esistono infinite funzionalit\u00e0, report e metriche che possono essere estratte da Virtuous. Virtuous \u00e8 abbastanza intuitivo da focalizzare la tua attenzione sui dati che contano di pi\u00f9.<br \/>\n<strong>Contro<\/strong>: Alcuni dati potrebbero essere organizzati meglio. La sincronizzazione con QBO potrebbe essere migliorata. La creazione di report personalizzati potrebbe essere ottimizzata per essere pi\u00f9 efficiente e rapida.<\/p>\n<p><strong>Toby &#8220;Virtuous \u00e8 il CRM no-profit pi\u00f9 potente, facile da usare e ricco di funzionalit\u00e0 sul mercato&#8221;<\/strong><br \/>\n<strong>Commenti<\/strong>: Eccellente onboarding con i partner, ottima formazione, software robusto e solide integrazioni. Siamo inoltre grati per le comunicazioni regolari da parte del fornitore, inclusi i miglioramenti del software che vengono distribuiti automaticamente mensilmente.<br \/>\n<strong>Pro<\/strong>: L&#8217;interfaccia estremamente intuitiva e la solida documentazione scritta e video rendono Virtuous facile da imparare a utilizzare per il personale. Le funzionalit\u00e0 sono ricche, tra cui la gestione dei donatori, le donazioni online, le integrazioni, la gestione e il reporting di volontari ed eventi.<br \/>\n<strong>Contro<\/strong>: Non \u00e8 il sistema pi\u00f9 economico sul mercato che potrebbe costarlo per organizzazioni no-profit molto piccole, ma sicuramente ottieni quello per cui paghi!<\/p>\n<\/div>\n<\/div>\n<\/div>\n","protected":false},"excerpt":{"rendered":"<p>Virtuous \u00e8 una soluzione di gestione delle relazioni con i clienti (CRM), email marketing e gestione dei donatori basata sul cloud per organizzazioni no-profit, che mira a contribuire a costruire relazioni durature con i donatori e ad aumentare le raccolte fondi. Sono inclusi strumenti per il monitoraggio delle donazioni, le donazioni online, il punteggio predittivo dei componenti, l&#8217;email marketing e altro ancora<\/p>\n","protected":false},"author":19,"featured_media":77435,"parent":35419,"menu_order":0,"comment_status":"open","ping_status":"closed","template":"g1_template_page_review_new.php","meta":{"_acf_changed":false,"cwp_meta_box_check":"Yes","cwp_rev_product_name":"","cwp_rev_product_image":"","wppr_links":[],"cwp_rev_price":"0.00","wppr_options":[{"name":"Usability","value":"0"},{"name":"Speed","value":"0"},{"name":"Features","value":"0"},{"name":"Support","value":"0"},{"name":"Pricing","value":"0"}],"wppr_pros":["","","","",""],"wppr_cons":["","","","",""],"_monsterinsights_skip_tracking":false,"_monsterinsights_sitenote_active":false,"_monsterinsights_sitenote_note":"","_monsterinsights_sitenote_category":0,"footnotes":""},"categories":[4851],"tags":[4852,5010,4855,4877,4859,4854,4875,4909,4876,15132],"features":[],"class_list":{"0":"post-77430","1":"page","2":"type-page","3":"status-publish","4":"has-post-thumbnail","6":"category-piattaforme-per-fundraising-categoria","7":"tag-piattaforma-per-fundraising","8":"tag-piattaforma-per-raccolta-fondi","9":"tag-programma-per-fundraising","10":"tag-programma-raccolta-fondi","11":"tag-raccolta-fondi","12":"tag-software-per-fundraising","13":"tag-software-raccolta-fondi","14":"tag-soluzione-per-fundraising","15":"tag-soluzione-raccolta-fondi","16":"tag-virtuous"},"wppr_data":{"cwp_meta_box_check":"Yes","_wppr_review_template":"default","cwp_rev_product_image":"","cwp_image_link":"image","wppr_links":[],"cwp_rev_price":"0.00","wppr_pros":["","","","",""],"wppr_cons":["","","","",""],"wppr_rating":"0.00","wppr_options":{"1":{"name":"Usability","value":"0"},"2":{"name":"Speed","value":"0"},"3":{"name":"Features","value":"0"},"4":{"name":"Support","value":"0"},"5":{"name":"Pricing","value":"0"}},"wppr_review_type":"Product","wppr_review_custom_fields":{"additionalProperty":"","additionalType":"","aggregateRating":"","alternateName":"","audience":"","award":"","awards":"","brand":"","color":"","depth":"","description":"","disambiguatingDescription":"","gtin12":"","gtin13":"","gtin14":"","gtin8":"","height":"","identifier":"","image":"","isAccessoryOrSparePartFor":"","isConsumableFor":"","isRelatedTo":"","isSimilarTo":"","itemCondition":"","logo":"","mainEntityOfPage":"","manufacturer":"","material":"","model":"","mpn":"","name":"","offers":"","potentialAction":"","productID":"","productionDate":"","purchaseDate":"","releaseDate":"","review":"","reviews":"","sameAs":"","sku":"","slogan":"","subjectOf":"","url":"","weight":"","width":""}},"acf":[],"yoast_head":"<!-- This site is optimized with the Yoast SEO plugin v27.4 - https:\/\/yoast.com\/product\/yoast-seo-wordpress\/ -->\n<title>Virtuous: recensione software per fundraising - Accurate Reviews<\/title>\n<meta name=\"description\" content=\"Virtuous: soluzione di gestione delle relazioni con i clienti, email marketing e gestione dei donatori per organizzazioni no profit.\" \/>\n<meta name=\"robots\" content=\"index, follow, max-snippet:-1, max-image-preview:large, max-video-preview:-1\" \/>\n<link rel=\"canonical\" href=\"https:\/\/www.accuratereviews.com\/it\/piattaforme-per-fundraising\/virtuous-recensione\/\" \/>\n<meta property=\"og:locale\" content=\"it_IT\" \/>\n<meta property=\"og:type\" content=\"article\" \/>\n<meta property=\"og:title\" content=\"Virtuous: recensione software per fundraising - Accurate Reviews\" \/>\n<meta property=\"og:description\" content=\"Virtuous: soluzione di gestione delle relazioni con i clienti, email marketing e gestione dei donatori per organizzazioni no profit.\" \/>\n<meta property=\"og:url\" content=\"https:\/\/www.accuratereviews.com\/it\/piattaforme-per-fundraising\/virtuous-recensione\/\" \/>\n<meta property=\"og:site_name\" content=\"Accurate Reviews\" \/>\n<meta property=\"og:image\" content=\"https:\/\/www.accuratereviews.com\/wp-content\/uploads\/2024\/06\/virtuous.webp\" \/>\n\t<meta property=\"og:image:width\" content=\"400\" \/>\n\t<meta property=\"og:image:height\" content=\"400\" \/>\n\t<meta property=\"og:image:type\" content=\"image\/webp\" \/>\n<meta name=\"twitter:card\" content=\"summary_large_image\" \/>\n<meta name=\"twitter:label1\" content=\"Tempo di lettura stimato\" \/>\n\t<meta name=\"twitter:data1\" content=\"6 minuti\" \/>\n<script type=\"application\/ld+json\" class=\"yoast-schema-graph\">{\"@context\":\"https:\\\/\\\/schema.org\",\"@graph\":[{\"@type\":\"WebPage\",\"@id\":\"https:\\\/\\\/www.accuratereviews.com\\\/it\\\/piattaforme-per-fundraising\\\/virtuous-recensione\\\/\",\"url\":\"https:\\\/\\\/www.accuratereviews.com\\\/it\\\/piattaforme-per-fundraising\\\/virtuous-recensione\\\/\",\"name\":\"Virtuous: recensione software per fundraising - Accurate Reviews\",\"isPartOf\":{\"@id\":\"https:\\\/\\\/www.accuratereviews.com\\\/it\\\/#website\"},\"primaryImageOfPage\":{\"@id\":\"https:\\\/\\\/www.accuratereviews.com\\\/it\\\/piattaforme-per-fundraising\\\/virtuous-recensione\\\/#primaryimage\"},\"image\":{\"@id\":\"https:\\\/\\\/www.accuratereviews.com\\\/it\\\/piattaforme-per-fundraising\\\/virtuous-recensione\\\/#primaryimage\"},\"thumbnailUrl\":\"https:\\\/\\\/www.accuratereviews.com\\\/wp-content\\\/uploads\\\/2024\\\/06\\\/virtuous.webp\",\"datePublished\":\"2024-06-21T15:34:06+00:00\",\"description\":\"Virtuous: soluzione di gestione delle relazioni con i clienti, email marketing e gestione dei donatori per organizzazioni no profit.\",\"breadcrumb\":{\"@id\":\"https:\\\/\\\/www.accuratereviews.com\\\/it\\\/piattaforme-per-fundraising\\\/virtuous-recensione\\\/#breadcrumb\"},\"inLanguage\":\"it-IT\",\"potentialAction\":[{\"@type\":\"ReadAction\",\"target\":[\"https:\\\/\\\/www.accuratereviews.com\\\/it\\\/piattaforme-per-fundraising\\\/virtuous-recensione\\\/\"]}]},{\"@type\":\"ImageObject\",\"inLanguage\":\"it-IT\",\"@id\":\"https:\\\/\\\/www.accuratereviews.com\\\/it\\\/piattaforme-per-fundraising\\\/virtuous-recensione\\\/#primaryimage\",\"url\":\"https:\\\/\\\/www.accuratereviews.com\\\/wp-content\\\/uploads\\\/2024\\\/06\\\/virtuous.webp\",\"contentUrl\":\"https:\\\/\\\/www.accuratereviews.com\\\/wp-content\\\/uploads\\\/2024\\\/06\\\/virtuous.webp\",\"width\":400,\"height\":400},{\"@type\":\"BreadcrumbList\",\"@id\":\"https:\\\/\\\/www.accuratereviews.com\\\/it\\\/piattaforme-per-fundraising\\\/virtuous-recensione\\\/#breadcrumb\",\"itemListElement\":[{\"@type\":\"ListItem\",\"position\":1,\"name\":\"Home\",\"item\":\"https:\\\/\\\/www.accuratereviews.com\\\/it\\\/\"},{\"@type\":\"ListItem\",\"position\":2,\"name\":\"Piattaforme per fundraising\",\"item\":\"https:\\\/\\\/www.accuratereviews.com\\\/it\\\/piattaforme-per-fundraising\\\/\"},{\"@type\":\"ListItem\",\"position\":3,\"name\":\"Virtuous\"}]},{\"@type\":\"WebSite\",\"@id\":\"https:\\\/\\\/www.accuratereviews.com\\\/it\\\/#website\",\"url\":\"https:\\\/\\\/www.accuratereviews.com\\\/it\\\/\",\"name\":\"Accurate Reviews\",\"description\":\"\",\"potentialAction\":[{\"@type\":\"SearchAction\",\"target\":{\"@type\":\"EntryPoint\",\"urlTemplate\":\"https:\\\/\\\/www.accuratereviews.com\\\/it\\\/?s={search_term_string}\"},\"query-input\":{\"@type\":\"PropertyValueSpecification\",\"valueRequired\":true,\"valueName\":\"search_term_string\"}}],\"inLanguage\":\"it-IT\"}]}<\/script>\n<!-- \/ Yoast SEO plugin. -->","yoast_head_json":{"title":"Virtuous: recensione software per fundraising - Accurate Reviews","description":"Virtuous: soluzione di gestione delle relazioni con i clienti, email marketing e gestione dei donatori per organizzazioni no profit.","robots":{"index":"index","follow":"follow","max-snippet":"max-snippet:-1","max-image-preview":"max-image-preview:large","max-video-preview":"max-video-preview:-1"},"canonical":"https:\/\/www.accuratereviews.com\/it\/piattaforme-per-fundraising\/virtuous-recensione\/","og_locale":"it_IT","og_type":"article","og_title":"Virtuous: recensione software per fundraising - Accurate Reviews","og_description":"Virtuous: soluzione di gestione delle relazioni con i clienti, email marketing e gestione dei donatori per organizzazioni no profit.","og_url":"https:\/\/www.accuratereviews.com\/it\/piattaforme-per-fundraising\/virtuous-recensione\/","og_site_name":"Accurate Reviews","og_image":[{"width":400,"height":400,"url":"https:\/\/www.accuratereviews.com\/wp-content\/uploads\/2024\/06\/virtuous.webp","type":"image\/webp"}],"twitter_card":"summary_large_image","twitter_misc":{"Tempo di lettura stimato":"6 minuti"},"schema":{"@context":"https:\/\/schema.org","@graph":[{"@type":"WebPage","@id":"https:\/\/www.accuratereviews.com\/it\/piattaforme-per-fundraising\/virtuous-recensione\/","url":"https:\/\/www.accuratereviews.com\/it\/piattaforme-per-fundraising\/virtuous-recensione\/","name":"Virtuous: recensione software per fundraising - Accurate Reviews","isPartOf":{"@id":"https:\/\/www.accuratereviews.com\/it\/#website"},"primaryImageOfPage":{"@id":"https:\/\/www.accuratereviews.com\/it\/piattaforme-per-fundraising\/virtuous-recensione\/#primaryimage"},"image":{"@id":"https:\/\/www.accuratereviews.com\/it\/piattaforme-per-fundraising\/virtuous-recensione\/#primaryimage"},"thumbnailUrl":"https:\/\/www.accuratereviews.com\/wp-content\/uploads\/2024\/06\/virtuous.webp","datePublished":"2024-06-21T15:34:06+00:00","description":"Virtuous: soluzione di gestione delle relazioni con i clienti, email marketing e gestione dei donatori per organizzazioni no profit.","breadcrumb":{"@id":"https:\/\/www.accuratereviews.com\/it\/piattaforme-per-fundraising\/virtuous-recensione\/#breadcrumb"},"inLanguage":"it-IT","potentialAction":[{"@type":"ReadAction","target":["https:\/\/www.accuratereviews.com\/it\/piattaforme-per-fundraising\/virtuous-recensione\/"]}]},{"@type":"ImageObject","inLanguage":"it-IT","@id":"https:\/\/www.accuratereviews.com\/it\/piattaforme-per-fundraising\/virtuous-recensione\/#primaryimage","url":"https:\/\/www.accuratereviews.com\/wp-content\/uploads\/2024\/06\/virtuous.webp","contentUrl":"https:\/\/www.accuratereviews.com\/wp-content\/uploads\/2024\/06\/virtuous.webp","width":400,"height":400},{"@type":"BreadcrumbList","@id":"https:\/\/www.accuratereviews.com\/it\/piattaforme-per-fundraising\/virtuous-recensione\/#breadcrumb","itemListElement":[{"@type":"ListItem","position":1,"name":"Home","item":"https:\/\/www.accuratereviews.com\/it\/"},{"@type":"ListItem","position":2,"name":"Piattaforme per fundraising","item":"https:\/\/www.accuratereviews.com\/it\/piattaforme-per-fundraising\/"},{"@type":"ListItem","position":3,"name":"Virtuous"}]},{"@type":"WebSite","@id":"https:\/\/www.accuratereviews.com\/it\/#website","url":"https:\/\/www.accuratereviews.com\/it\/","name":"Accurate Reviews","description":"","potentialAction":[{"@type":"SearchAction","target":{"@type":"EntryPoint","urlTemplate":"https:\/\/www.accuratereviews.com\/it\/?s={search_term_string}"},"query-input":{"@type":"PropertyValueSpecification","valueRequired":true,"valueName":"search_term_string"}}],"inLanguage":"it-IT"}]}},"_links":{"self":[{"href":"https:\/\/www.accuratereviews.com\/it\/wp-json\/wp\/v2\/pages\/77430","targetHints":{"allow":["GET"]}}],"collection":[{"href":"https:\/\/www.accuratereviews.com\/it\/wp-json\/wp\/v2\/pages"}],"about":[{"href":"https:\/\/www.accuratereviews.com\/it\/wp-json\/wp\/v2\/types\/page"}],"author":[{"embeddable":true,"href":"https:\/\/www.accuratereviews.com\/it\/wp-json\/wp\/v2\/users\/19"}],"replies":[{"embeddable":true,"href":"https:\/\/www.accuratereviews.com\/it\/wp-json\/wp\/v2\/comments?post=77430"}],"version-history":[{"count":5,"href":"https:\/\/www.accuratereviews.com\/it\/wp-json\/wp\/v2\/pages\/77430\/revisions"}],"predecessor-version":[{"id":77468,"href":"https:\/\/www.accuratereviews.com\/it\/wp-json\/wp\/v2\/pages\/77430\/revisions\/77468"}],"up":[{"embeddable":true,"href":"https:\/\/www.accuratereviews.com\/it\/wp-json\/wp\/v2\/pages\/35419"}],"wp:featuredmedia":[{"embeddable":true,"href":"https:\/\/www.accuratereviews.com\/it\/wp-json\/wp\/v2\/media\/77435"}],"wp:attachment":[{"href":"https:\/\/www.accuratereviews.com\/it\/wp-json\/wp\/v2\/media?parent=77430"}],"wp:term":[{"taxonomy":"category","embeddable":true,"href":"https:\/\/www.accuratereviews.com\/it\/wp-json\/wp\/v2\/categories?post=77430"},{"taxonomy":"post_tag","embeddable":true,"href":"https:\/\/www.accuratereviews.com\/it\/wp-json\/wp\/v2\/tags?post=77430"},{"taxonomy":"features","embeddable":true,"href":"https:\/\/www.accuratereviews.com\/it\/wp-json\/wp\/v2\/features?post=77430"}],"curies":[{"name":"wp","href":"https:\/\/api.w.org\/{rel}","templated":true}]}}