{"id":77469,"date":"2024-06-24T14:39:49","date_gmt":"2024-06-24T14:39:49","guid":{"rendered":"https:\/\/www.accuratereviews.com\/?page_id=77469"},"modified":"2024-06-24T14:39:49","modified_gmt":"2024-06-24T14:39:49","slug":"4agoodcause-recensione","status":"publish","type":"page","link":"https:\/\/www.accuratereviews.com\/it\/piattaforme-per-fundraising\/4agoodcause-recensione\/","title":{"rendered":"4aGoodCause"},"content":{"rendered":"<p><strong>4aGoodCause<\/strong> \u00e8 il <strong>CRM<\/strong> per la <strong>raccolta fondi<\/strong> che semplifica le donazioni mensili ricorrenti per le piccole organizzazioni no profit. Lancia campagne illimitate per donazioni online, donazioni mensili, registrazione a eventi, iscrizione, sms per donare, crowdfunding e peer-to-peer.<br \/>\nAumenta le tue entrate con le pagine semplici e ottimizzate per i dispositivi mobili che i tuoi donatori adoreranno. Risparmia tempo e denaro con il semplice CRM e le integrazioni con oltre 6000 app di terze parti come Salesforce, Quickbooks, Mailchimp e altre. Collabora con un&#8217;azienda supportata da un servizio clienti a 5 stelle e da oltre 25 anni di esperienza.<\/p>\n<h2>4AGOODCAUSE &#8211; TUTORIAL<\/h2>\n<div id=\"fluid-wrapper-counter-1\" class=\"g1-fluid-wrapper \" style=\"width:686px;\">\n<div style=\"padding-bottom:56.268221574344%;\"><iframe loading=\"lazy\" title=\"4aGoodCause - New Features- Oct 2023\" width=\"686\" height=\"386\" src=\"https:\/\/www.youtube.com\/embed\/W6McXOBWCuw?feature=oembed&amp;wmode=transparent&amp;autohide=1&amp;autoplay=0&amp;disablekb=0&amp;fs=1&amp;loop=0&amp;enablejsapi=1&amp;rel=0&amp;controls=2&amp;showinfo=0&amp;wmode=transparent&amp;autohide=2&amp;autoplay=0&amp;disablekb=0&amp;fs=1&amp;loop=0&amp;enablejsapi=1&amp;rel=0&amp;controls=2&amp;showinfo=1\" frameborder=\"0\" allow=\"accelerometer; autoplay; clipboard-write; encrypted-media; gyroscope; picture-in-picture; web-share\" referrerpolicy=\"strict-origin-when-cross-origin\" allowfullscreen><\/iframe><\/div>\n<\/div>\n<h3>4AGOODCAUSE &#8211; CARATTERISTICHE<\/h3>\n<ul>\n<li><strong>Invogliare i donatori a iscriversi<\/strong>: iscrivi pi\u00f9 donatori ricorrenti, su qualsiasi dispositivo, con le pagine di donazione semplici e ottimizzate per dispositivi mobili che enfatizzano le donazioni mensili.<\/li>\n<li><strong>Comunicare l&#8217;impatto dei regali mensili<\/strong>: ottieni regali di dimensioni maggiori mostrando ai donatori come i loro doni fanno la differenza attraverso dichiarazioni di impatto.<\/li>\n<li><strong>Converti i donatori occasionali in donatori mensili<\/strong>: offri automaticamente ai donatori occasionali un&#8217;offerta per la conversione in supporto mensile al momento del pagamento.<\/li>\n<li><strong>Dai il controllo ai donatori<\/strong>: i donatori possono aggiornare facilmente i metodi di pagamento e gli importi delle donazioni o annullare i regali in un portale per donatori con marchio no-profit.<\/li>\n<li><strong>Avvisare i donatori quando \u00e8 necessario intervenire<\/strong>: avvisa automaticamente i donatori (e il personale) quando i pagamenti non vanno a buon fine.<\/li>\n<li><strong>Offrire ai donatori un\u2019alternativa alla partenza<\/strong>: offri ai donatori l&#8217;opportunit\u00e0 di ridurre l&#8217;importo del loro regalo invece di annullarlo.<\/li>\n<li><strong>Esprimi gratitudine ad ogni passo<\/strong>: \u00e8 possibile inviare email di ringraziamento ai donatori per ogni regalo mensile, aggiornamento o cancellazione.<\/li>\n<li><strong>Aggiornamento dell&#8217;account<\/strong>: aggiorna automaticamente i dettagli della tua carta donatore mensile ogni volta che cambiano informazioni come numeri o date di scadenza.<\/li>\n<li><strong>Processo di pagamento<\/strong>: unisciti ai milioni di altre aziende che si affidano ai partner di pagamento, Authorize.net, Stripe e PayPal, per gestire le loro transazioni con carta di debito, carta di credito e ACH.<\/li>\n<li><strong>Aggiornamenti con un clic<\/strong>: incoraggia i donatori ricorrenti ad aggiornare il loro regalo mensile con un solo clic tramite un banner di invito all&#8217;azione nel loro account donatore.<\/li>\n<li><strong>Testo per donare<\/strong>: in qualsiasi campagna della pagina di donazione, puoi configurare una parola chiave di testo per donare.<\/li>\n<li><strong>Sicurezza<\/strong>: con la conformit\u00e0 PCI certificata e gli audit di scansione delle vulnerabilit\u00e0, i tuoi donatori sono tenuti al sicuro.<\/li>\n<li><strong>Pagine di donazione con il tuo marchio, il tuo design su tutti i dispositivi<\/strong>: aumenta le conversioni delle tue donazioni online e l&#8217;importo medio dei tuoi regali salutando i donatori, su qualsiasi dispositivo, con le pagine semplici e ottimizzate per i dispositivi mobili.<\/li>\n<li><strong>Vendi biglietti e monitora la partecipazione al tuo prossimo evento<\/strong>: indipendentemente dall&#8217;evento, i tuoi partecipanti potranno usufruire di un semplice processo di registrazione. Abbina il tuo evento alla raccolta fondi peer-to-peer per un successo ancora maggiore.<\/li>\n<li><strong>Condivisione social<\/strong>: moltiplica l&#8217;impatto di un regalo con semplici strumenti di condivisione sui social media che consentono ai donatori di dire ad amici e familiari, su Facebook e altri siti, perch\u00e9 ti sostengono.<\/li>\n<li><strong>Email di ringraziamento automatiche:<\/strong> i donatori ricevono un&#8217;email automatica di ringraziamento dalla tua organizzazione con il tuo messaggio personalizzato.<\/li>\n<li><strong>Appunti<\/strong>: registra le tue interazioni con donatori e altri contatti aggiungendo una nota al profilo del contatto.<\/li>\n<li><strong>Campi personalizzati<\/strong>: tieni traccia dei dati importanti per la tua organizzazione aggiungendo campi personalizzati ai profili dei donatori.<\/li>\n<li><strong>Notifiche<\/strong>: ricevi notifiche email in tempo reale man mano che le transazioni avvengono.<\/li>\n<li><strong>Donazioni offline<\/strong>: aggiungi facilmente donazioni offline sotto forma di assegni o contanti ai tuoi rapporti sulle donazioni.<\/li>\n<\/ul>\n<h4>LE RECENSIONI DEGLI UTENTI<\/h4>\n<p><strong>Victoria&#8221;Molto soddisfatto di 4AGoodCause&#8221;<\/strong><br \/>\n<strong>Commenti<\/strong>: Molto bene.<br \/>\n<strong>Pro<\/strong>: \u00c8 molto facile e semplice da configurare. Le donazioni sono facilissime da monitorare e non ho problemi a vedere quali contributi vanno a campagne specifiche.<br \/>\n<strong>Contro<\/strong>: Vorrei poter aggiungere URL personalizzati in modo che sia pi\u00f9 semplice e pi\u00f9 breve senza dover utilizzare Bitly. Se dovessi essere davvero pignolo, mi piacerebbe anche che ci fosse una funzione di controllo ortografico.<\/p>\n<p><strong>Carol&#8221;Il miglior software per monitorare le donazioni&#8221;<\/strong><br \/>\n<strong>Commenti<\/strong>: Eccellente<br \/>\n<strong>Pro<\/strong>: Il software era facile da usare e il servizio clienti \u00e8 eccellente se avessi domande.<br \/>\n<strong>Contro<\/strong>: Penso che questo sia un sistema eccellente e non ho avuto problemi ad impararlo o ad usarlo.<\/p>\n<p><strong>Kelly&#8221;Prodotto eccellente: facile da usare e vantaggioso per gli utenti&#8221;<\/strong><br \/>\n<strong>Commenti<\/strong>: 4aGoodCause \u00e8 stata gentile, accogliente, disponibile e reattiva. \u00c8 chiaro che si concentrano sull&#8217;assistenza clienti e sulla fornitura di un prodotto di qualit\u00e0 e di un servizio eccellente. \u00c8 facile consigliare un prodotto che \u00e8 stato facile integrare con un supporto meraviglioso.<br \/>\n<strong>Pro<\/strong>: Ho trovato il software facile da usare e facile da navigare durante la configurazione delle nostre campagne. \u00c8 bello avere anche funzionalit\u00e0 personalizzabili. Avevo previsto che il processo sarebbe stato impegnativo, ma in realt\u00e0 non lo era. Grazie, 4aGoodCause, per l&#8217;impostazione e l&#8217;esecuzione senza stress!<br \/>\n<strong>Contro<\/strong>: Non ho riscontrato alcun problema durante la navigazione nel software. Tutte le mie domande hanno ricevuto una risposta o una soluzione semplice con il loro sistema.<\/p>\n","protected":false},"excerpt":{"rendered":"<p>4aGoodCause \u00e8 il CRM per la raccolta fondi che semplifica le donazioni mensili ricorrenti per le piccole organizzazioni no profit. Lancia campagne illimitate per donazioni online, donazioni mensili, registrazione a eventi, iscrizione, sms per donare, crowdfunding e peer-to-peer. Aumenta le tue entrate con le pagine semplici e ottimizzate per i dispositivi mobili che i tuoi donatori adoreranno.<\/p>\n","protected":false},"author":19,"featured_media":77477,"parent":35419,"menu_order":0,"comment_status":"open","ping_status":"closed","template":"g1_template_page_review_new.php","meta":{"_acf_changed":false,"cwp_meta_box_check":"Yes","cwp_rev_product_name":"","cwp_rev_product_image":"","wppr_links":[],"cwp_rev_price":"0.00","wppr_options":[{"name":"Usability","value":"0"},{"name":"Speed","value":"0"},{"name":"Features","value":"0"},{"name":"Support","value":"0"},{"name":"Pricing","value":"0"}],"wppr_pros":["","","","",""],"wppr_cons":["","","","",""],"_monsterinsights_skip_tracking":false,"_monsterinsights_sitenote_active":false,"_monsterinsights_sitenote_note":"","_monsterinsights_sitenote_category":0,"footnotes":""},"categories":[4851],"tags":[15134,4852,4878,4855,4877,4859,4854,4875,4909,4876],"features":[],"class_list":{"0":"post-77469","1":"page","2":"type-page","3":"status-publish","4":"has-post-thumbnail","6":"category-piattaforme-per-fundraising-categoria","7":"tag-4agoodcause","8":"tag-piattaforma-per-fundraising","9":"tag-piattaforma-raccolta-fondi","10":"tag-programma-per-fundraising","11":"tag-programma-raccolta-fondi","12":"tag-raccolta-fondi","13":"tag-software-per-fundraising","14":"tag-software-raccolta-fondi","15":"tag-soluzione-per-fundraising","16":"tag-soluzione-raccolta-fondi"},"wppr_data":{"cwp_meta_box_check":"Yes","_wppr_review_template":"default","cwp_rev_product_image":"","cwp_image_link":"image","wppr_links":[],"cwp_rev_price":"0.00","wppr_pros":["","","","",""],"wppr_cons":["","","","",""],"wppr_rating":"0.00","wppr_options":{"1":{"name":"Usability","value":"0"},"2":{"name":"Speed","value":"0"},"3":{"name":"Features","value":"0"},"4":{"name":"Support","value":"0"},"5":{"name":"Pricing","value":"0"}},"wppr_review_type":"Product","wppr_review_custom_fields":{"additionalProperty":"","additionalType":"","aggregateRating":"","alternateName":"","audience":"","award":"","awards":"","brand":"","color":"","depth":"","description":"","disambiguatingDescription":"","gtin12":"","gtin13":"","gtin14":"","gtin8":"","height":"","identifier":"","image":"","isAccessoryOrSparePartFor":"","isConsumableFor":"","isRelatedTo":"","isSimilarTo":"","itemCondition":"","logo":"","mainEntityOfPage":"","manufacturer":"","material":"","model":"","mpn":"","name":"","offers":"","potentialAction":"","productID":"","productionDate":"","purchaseDate":"","releaseDate":"","review":"","reviews":"","sameAs":"","sku":"","slogan":"","subjectOf":"","url":"","weight":"","width":""}},"acf":[],"yoast_head":"<!-- This site is optimized with the Yoast SEO plugin v27.4 - https:\/\/yoast.com\/product\/yoast-seo-wordpress\/ -->\n<title>4aGoodCause: recensione software per fundraising - Accurate Reviews<\/title>\n<meta name=\"description\" content=\"4aGoodCause: recensione CRM per la raccolta fondi che semplifica le donazioni mensili ricorrenti per le piccole organizzazioni no profit.\" \/>\n<meta name=\"robots\" content=\"index, follow, max-snippet:-1, max-image-preview:large, max-video-preview:-1\" \/>\n<link rel=\"canonical\" href=\"https:\/\/www.accuratereviews.com\/it\/piattaforme-per-fundraising\/4agoodcause-recensione\/\" \/>\n<meta property=\"og:locale\" content=\"it_IT\" \/>\n<meta property=\"og:type\" content=\"article\" \/>\n<meta property=\"og:title\" content=\"4aGoodCause: recensione software per fundraising - Accurate Reviews\" \/>\n<meta property=\"og:description\" content=\"4aGoodCause: recensione CRM per la raccolta fondi che semplifica le donazioni mensili ricorrenti per le piccole organizzazioni no profit.\" \/>\n<meta property=\"og:url\" content=\"https:\/\/www.accuratereviews.com\/it\/piattaforme-per-fundraising\/4agoodcause-recensione\/\" \/>\n<meta property=\"og:site_name\" content=\"Accurate Reviews\" \/>\n<meta property=\"og:image\" content=\"https:\/\/www.accuratereviews.com\/wp-content\/uploads\/2024\/06\/Screenshot-2024-06-24-alle-10.50.10.png\" \/>\n\t<meta property=\"og:image:width\" content=\"1372\" \/>\n\t<meta property=\"og:image:height\" content=\"408\" \/>\n\t<meta property=\"og:image:type\" content=\"image\/png\" \/>\n<meta name=\"twitter:card\" content=\"summary_large_image\" \/>\n<meta name=\"twitter:label1\" content=\"Tempo di lettura stimato\" \/>\n\t<meta name=\"twitter:data1\" content=\"6 minuti\" \/>\n<script type=\"application\/ld+json\" class=\"yoast-schema-graph\">{\"@context\":\"https:\\\/\\\/schema.org\",\"@graph\":[{\"@type\":\"WebPage\",\"@id\":\"https:\\\/\\\/www.accuratereviews.com\\\/it\\\/piattaforme-per-fundraising\\\/4agoodcause-recensione\\\/\",\"url\":\"https:\\\/\\\/www.accuratereviews.com\\\/it\\\/piattaforme-per-fundraising\\\/4agoodcause-recensione\\\/\",\"name\":\"4aGoodCause: recensione software per fundraising - Accurate Reviews\",\"isPartOf\":{\"@id\":\"https:\\\/\\\/www.accuratereviews.com\\\/it\\\/#website\"},\"primaryImageOfPage\":{\"@id\":\"https:\\\/\\\/www.accuratereviews.com\\\/it\\\/piattaforme-per-fundraising\\\/4agoodcause-recensione\\\/#primaryimage\"},\"image\":{\"@id\":\"https:\\\/\\\/www.accuratereviews.com\\\/it\\\/piattaforme-per-fundraising\\\/4agoodcause-recensione\\\/#primaryimage\"},\"thumbnailUrl\":\"https:\\\/\\\/www.accuratereviews.com\\\/wp-content\\\/uploads\\\/2024\\\/06\\\/Screenshot-2024-06-24-alle-10.50.10.png\",\"datePublished\":\"2024-06-24T14:39:49+00:00\",\"description\":\"4aGoodCause: recensione CRM per la raccolta fondi che semplifica le donazioni mensili ricorrenti per le piccole organizzazioni no profit.\",\"breadcrumb\":{\"@id\":\"https:\\\/\\\/www.accuratereviews.com\\\/it\\\/piattaforme-per-fundraising\\\/4agoodcause-recensione\\\/#breadcrumb\"},\"inLanguage\":\"it-IT\",\"potentialAction\":[{\"@type\":\"ReadAction\",\"target\":[\"https:\\\/\\\/www.accuratereviews.com\\\/it\\\/piattaforme-per-fundraising\\\/4agoodcause-recensione\\\/\"]}]},{\"@type\":\"ImageObject\",\"inLanguage\":\"it-IT\",\"@id\":\"https:\\\/\\\/www.accuratereviews.com\\\/it\\\/piattaforme-per-fundraising\\\/4agoodcause-recensione\\\/#primaryimage\",\"url\":\"https:\\\/\\\/www.accuratereviews.com\\\/wp-content\\\/uploads\\\/2024\\\/06\\\/Screenshot-2024-06-24-alle-10.50.10.png\",\"contentUrl\":\"https:\\\/\\\/www.accuratereviews.com\\\/wp-content\\\/uploads\\\/2024\\\/06\\\/Screenshot-2024-06-24-alle-10.50.10.png\",\"width\":1372,\"height\":408},{\"@type\":\"BreadcrumbList\",\"@id\":\"https:\\\/\\\/www.accuratereviews.com\\\/it\\\/piattaforme-per-fundraising\\\/4agoodcause-recensione\\\/#breadcrumb\",\"itemListElement\":[{\"@type\":\"ListItem\",\"position\":1,\"name\":\"Home\",\"item\":\"https:\\\/\\\/www.accuratereviews.com\\\/it\\\/\"},{\"@type\":\"ListItem\",\"position\":2,\"name\":\"Piattaforme per fundraising\",\"item\":\"https:\\\/\\\/www.accuratereviews.com\\\/it\\\/piattaforme-per-fundraising\\\/\"},{\"@type\":\"ListItem\",\"position\":3,\"name\":\"4aGoodCause\"}]},{\"@type\":\"WebSite\",\"@id\":\"https:\\\/\\\/www.accuratereviews.com\\\/it\\\/#website\",\"url\":\"https:\\\/\\\/www.accuratereviews.com\\\/it\\\/\",\"name\":\"Accurate Reviews\",\"description\":\"\",\"potentialAction\":[{\"@type\":\"SearchAction\",\"target\":{\"@type\":\"EntryPoint\",\"urlTemplate\":\"https:\\\/\\\/www.accuratereviews.com\\\/it\\\/?s={search_term_string}\"},\"query-input\":{\"@type\":\"PropertyValueSpecification\",\"valueRequired\":true,\"valueName\":\"search_term_string\"}}],\"inLanguage\":\"it-IT\"}]}<\/script>\n<!-- \/ Yoast SEO plugin. -->","yoast_head_json":{"title":"4aGoodCause: recensione software per fundraising - Accurate Reviews","description":"4aGoodCause: recensione CRM per la raccolta fondi che semplifica le donazioni mensili ricorrenti per le piccole organizzazioni no profit.","robots":{"index":"index","follow":"follow","max-snippet":"max-snippet:-1","max-image-preview":"max-image-preview:large","max-video-preview":"max-video-preview:-1"},"canonical":"https:\/\/www.accuratereviews.com\/it\/piattaforme-per-fundraising\/4agoodcause-recensione\/","og_locale":"it_IT","og_type":"article","og_title":"4aGoodCause: recensione software per fundraising - Accurate Reviews","og_description":"4aGoodCause: recensione CRM per la raccolta fondi che semplifica le donazioni mensili ricorrenti per le piccole organizzazioni no profit.","og_url":"https:\/\/www.accuratereviews.com\/it\/piattaforme-per-fundraising\/4agoodcause-recensione\/","og_site_name":"Accurate Reviews","og_image":[{"width":1372,"height":408,"url":"https:\/\/www.accuratereviews.com\/wp-content\/uploads\/2024\/06\/Screenshot-2024-06-24-alle-10.50.10.png","type":"image\/png"}],"twitter_card":"summary_large_image","twitter_misc":{"Tempo di lettura stimato":"6 minuti"},"schema":{"@context":"https:\/\/schema.org","@graph":[{"@type":"WebPage","@id":"https:\/\/www.accuratereviews.com\/it\/piattaforme-per-fundraising\/4agoodcause-recensione\/","url":"https:\/\/www.accuratereviews.com\/it\/piattaforme-per-fundraising\/4agoodcause-recensione\/","name":"4aGoodCause: recensione software per fundraising - Accurate Reviews","isPartOf":{"@id":"https:\/\/www.accuratereviews.com\/it\/#website"},"primaryImageOfPage":{"@id":"https:\/\/www.accuratereviews.com\/it\/piattaforme-per-fundraising\/4agoodcause-recensione\/#primaryimage"},"image":{"@id":"https:\/\/www.accuratereviews.com\/it\/piattaforme-per-fundraising\/4agoodcause-recensione\/#primaryimage"},"thumbnailUrl":"https:\/\/www.accuratereviews.com\/wp-content\/uploads\/2024\/06\/Screenshot-2024-06-24-alle-10.50.10.png","datePublished":"2024-06-24T14:39:49+00:00","description":"4aGoodCause: recensione CRM per la raccolta fondi che semplifica le donazioni mensili ricorrenti per le piccole organizzazioni no profit.","breadcrumb":{"@id":"https:\/\/www.accuratereviews.com\/it\/piattaforme-per-fundraising\/4agoodcause-recensione\/#breadcrumb"},"inLanguage":"it-IT","potentialAction":[{"@type":"ReadAction","target":["https:\/\/www.accuratereviews.com\/it\/piattaforme-per-fundraising\/4agoodcause-recensione\/"]}]},{"@type":"ImageObject","inLanguage":"it-IT","@id":"https:\/\/www.accuratereviews.com\/it\/piattaforme-per-fundraising\/4agoodcause-recensione\/#primaryimage","url":"https:\/\/www.accuratereviews.com\/wp-content\/uploads\/2024\/06\/Screenshot-2024-06-24-alle-10.50.10.png","contentUrl":"https:\/\/www.accuratereviews.com\/wp-content\/uploads\/2024\/06\/Screenshot-2024-06-24-alle-10.50.10.png","width":1372,"height":408},{"@type":"BreadcrumbList","@id":"https:\/\/www.accuratereviews.com\/it\/piattaforme-per-fundraising\/4agoodcause-recensione\/#breadcrumb","itemListElement":[{"@type":"ListItem","position":1,"name":"Home","item":"https:\/\/www.accuratereviews.com\/it\/"},{"@type":"ListItem","position":2,"name":"Piattaforme per fundraising","item":"https:\/\/www.accuratereviews.com\/it\/piattaforme-per-fundraising\/"},{"@type":"ListItem","position":3,"name":"4aGoodCause"}]},{"@type":"WebSite","@id":"https:\/\/www.accuratereviews.com\/it\/#website","url":"https:\/\/www.accuratereviews.com\/it\/","name":"Accurate Reviews","description":"","potentialAction":[{"@type":"SearchAction","target":{"@type":"EntryPoint","urlTemplate":"https:\/\/www.accuratereviews.com\/it\/?s={search_term_string}"},"query-input":{"@type":"PropertyValueSpecification","valueRequired":true,"valueName":"search_term_string"}}],"inLanguage":"it-IT"}]}},"_links":{"self":[{"href":"https:\/\/www.accuratereviews.com\/it\/wp-json\/wp\/v2\/pages\/77469","targetHints":{"allow":["GET"]}}],"collection":[{"href":"https:\/\/www.accuratereviews.com\/it\/wp-json\/wp\/v2\/pages"}],"about":[{"href":"https:\/\/www.accuratereviews.com\/it\/wp-json\/wp\/v2\/types\/page"}],"author":[{"embeddable":true,"href":"https:\/\/www.accuratereviews.com\/it\/wp-json\/wp\/v2\/users\/19"}],"replies":[{"embeddable":true,"href":"https:\/\/www.accuratereviews.com\/it\/wp-json\/wp\/v2\/comments?post=77469"}],"version-history":[{"count":11,"href":"https:\/\/www.accuratereviews.com\/it\/wp-json\/wp\/v2\/pages\/77469\/revisions"}],"predecessor-version":[{"id":77491,"href":"https:\/\/www.accuratereviews.com\/it\/wp-json\/wp\/v2\/pages\/77469\/revisions\/77491"}],"up":[{"embeddable":true,"href":"https:\/\/www.accuratereviews.com\/it\/wp-json\/wp\/v2\/pages\/35419"}],"wp:featuredmedia":[{"embeddable":true,"href":"https:\/\/www.accuratereviews.com\/it\/wp-json\/wp\/v2\/media\/77477"}],"wp:attachment":[{"href":"https:\/\/www.accuratereviews.com\/it\/wp-json\/wp\/v2\/media?parent=77469"}],"wp:term":[{"taxonomy":"category","embeddable":true,"href":"https:\/\/www.accuratereviews.com\/it\/wp-json\/wp\/v2\/categories?post=77469"},{"taxonomy":"post_tag","embeddable":true,"href":"https:\/\/www.accuratereviews.com\/it\/wp-json\/wp\/v2\/tags?post=77469"},{"taxonomy":"features","embeddable":true,"href":"https:\/\/www.accuratereviews.com\/it\/wp-json\/wp\/v2\/features?post=77469"}],"curies":[{"name":"wp","href":"https:\/\/api.w.org\/{rel}","templated":true}]}}