{"id":77493,"date":"2024-06-25T13:36:29","date_gmt":"2024-06-25T13:36:29","guid":{"rendered":"https:\/\/www.accuratereviews.com\/?page_id=77493"},"modified":"2024-06-26T10:04:02","modified_gmt":"2024-06-26T10:04:02","slug":"evertrue-recensione","status":"publish","type":"page","link":"https:\/\/www.accuratereviews.com\/it\/piattaforme-per-fundraising\/evertrue-recensione\/","title":{"rendered":"EverTrue"},"content":{"rendered":"<p><strong>EverTrue<\/strong> \u00e8 una<strong> piattaforma di raccolta fondi<\/strong>, basata sul <strong>cloud<\/strong>, che aiuta i team di promozione di piccole e grandi aziende no-profit a identificare, comprendere e coinvolgere i benefattori, semplificando l&#8217;accesso ai dati dei donatori e la risposta alle opportunit\u00e0 di donazione. Le funzionalit\u00e0 principali includono la gestione di campagne, volontari, scoperta di donatori, eventi, ex studenti e donazioni ricorrenti.<br \/>\nDotato di strumenti di collaborazione, <strong>EverTrue <\/strong>permette agli utenti di creare elenchi, monitorare i migliori potenziali clienti, bilanciare i portafogli e condividere approfondimenti con i colleghi tramite commenti. Consente alle aziende di segmentare e identificare rapidamente potenziali clienti e fornire profili. Inoltre, le aziende possono visualizzare risultati filtrati o generare report sui contatti basati su parametri che includono parole chiave, data, tipo e profili dei componenti.<\/p>\n<h2>EVERTRUE &#8211; TUTORIAL<\/h2>\n<div id=\"fluid-wrapper-counter-1\" class=\"g1-fluid-wrapper \" style=\"width:686px;\">\n<div style=\"padding-bottom:56.268221574344%;\"><iframe loading=\"lazy\" title=\"EverTrue Explainer Video\" width=\"686\" height=\"386\" src=\"https:\/\/www.youtube.com\/embed\/dN3VU8hvBzo?feature=oembed&amp;wmode=transparent&amp;autohide=1&amp;autoplay=0&amp;disablekb=0&amp;fs=1&amp;loop=0&amp;enablejsapi=1&amp;rel=0&amp;controls=2&amp;showinfo=0&amp;wmode=transparent&amp;autohide=2&amp;autoplay=0&amp;disablekb=0&amp;fs=1&amp;loop=0&amp;enablejsapi=1&amp;rel=0&amp;controls=2&amp;showinfo=1\" frameborder=\"0\" allow=\"accelerometer; autoplay; clipboard-write; encrypted-media; gyroscope; picture-in-picture; web-share\" referrerpolicy=\"strict-origin-when-cross-origin\" allowfullscreen><\/iframe><\/div>\n<\/div>\n<h3>EVERTRUE &#8211; CARATTERISTICHE<\/h3>\n<ul>\n<li>Accesso mobile a tutte le informazioni di cui hai bisogno<\/li>\n<li>Gestione del portafoglio drag-and-drop<\/li>\n<li>Pianificazione ed esecuzione semplice del viaggio<\/li>\n<li>Scrivere o dettare rapporti di contatto<\/li>\n<li>Gestione e reporting individuale e di gruppo<\/li>\n<li>Fai emergere automaticamente nuovi potenziali clienti qualificati<\/li>\n<li>Gestione quotidiana delle attivit\u00e0 e richieste di attivit\u00e0<\/li>\n<li>Avvisi e notifiche sui regali<\/li>\n<li>Ricerca per parole chiave per i rapporti sui contatti<\/li>\n<li>Creare e scrivere proposte<\/li>\n<li>Reporting e analisi in tempo reale<\/li>\n<li>Gestione del programma Donor Experience<\/li>\n<li>Dati costantemente aggiornati su ricchezza, impegno e carriera<\/li>\n<li>Gestione delle liste, segmentazione e prospezione per l&#8217;intero team<\/li>\n<li>Coinvolgimento multicanale dei donatori tramite video, testo e stampa<\/li>\n<li>Gestione viaggi e inserimento report contatti<\/li>\n<li>Potente gestione e amministrazione delle risorse<\/li>\n<li>Creare e scrivere proposte<\/li>\n<li>Segmentazione facile da usare<\/li>\n<li>Gestione liste e collaborazione<\/li>\n<li>Informazioni sul coinvolgimento da Facebook<\/li>\n<li>Tieni traccia degli interessi dei donatori, degli indicatori di ricchezza e della cronologia delle donazioni<\/li>\n<li>Accesso mobile per lavorare ovunque<\/li>\n<\/ul>\n<h4>LE RECENSIONI DEGLI UTENTI<\/h4>\n<p><strong>Nicole &#8220;Ottimo per pagine di donazioni personalizzate&#8221;<\/strong><br \/>\n<strong>Pro<\/strong>: Utilizzo principalmente EverTrue per le pagine di donazioni personalizzate. L&#8217;utilizzo di questi ci ha permesso di rispecchiare le nostre e-mail per adattarle alla pagina delle donazioni. A sua volta, ci\u00f2 ha aumentato i nostri tassi di conversione. EverTrue ci d\u00e0 anche la possibilit\u00e0 di vedere i visitatori che hanno avviato il modulo e i regali. Queste cifre non sono mai state a nostra disposizione e questo ci ha permesso di dimostrare meglio il nostro valore. I moduli sono semplicissimi da configurare e compilare come utente. C&#8217;\u00e8 anche un&#8217;opzione ricorrente che \u00e8 enorme per noi.<br \/>\n<strong>Contro<\/strong>: Sebbene le pagine siano semplicissime da configurare e utilizzare, mancano di spazio per ulteriore testo. Capisco che le pagine non dovrebbero aver bisogno di molto testo in quanto le persone dovrebbero sapere di cosa si tratta prima di arrivare alla pagina, ma a volte sarebbe utile spazio di testo aggiuntivo poich\u00e9 inserire il testo sull&#8217;immagine in background non \u00e8 conforme ad ADA. La funzionalit\u00e0 principale di EverTrue risiede nelle capacit\u00e0 di prospezione. Quell&#8217;area non \u00e8 rilevante per la mia posizione, quindi non mi piace il fatto di aver pagato il prezzo intero per EverTrue quando molte funzionalit\u00e0 non vengono utilizzate.<\/p>\n<p><strong>Annette &#8220;Recensione EverTrue&#8221;<\/strong><br \/>\n<strong>Commenti<\/strong>: Abbiamo sei persone nel nostro ufficio che lo utilizzano e a tutti noi piace molto il modo in cui ci d\u00e0 ci\u00f2 che vogliamo. Proprio oggi stavo cercando alcuni figli di un ex dipendente della SUU che era morto, quindi ho cercato in base al nome di uno dei figli e ho trovato molto utile un vecchio messaggio pubblicato sul donatore.<br \/>\n<strong>Pro<\/strong>: \u00c8 cos\u00ec facile da usare e posso scoprire tutto ci\u00f2 di cui ho bisogno in pochi minuti. Posso abbinare le loro pagine Facebook e LinkedIn per ottenere maggiori informazioni sui nostri potenziali clienti. Molto utile<br \/>\n<strong>Contro<\/strong>: Non c&#8217;\u00e8 davvero nulla che non mi piaccia. Lo trovo molto utile.<\/p>\n<p><strong>Jordan &#8220;Consiglio vivamente questa piattaforma!&#8221;<\/strong><br \/>\n<strong>Commenti<\/strong>: Adoro la piattaforma EverTrue. Ci\u00f2 semplifica la vita dei nostri addetti ai regali e fa risparmiare tempo ed energia al nostro personale di ricerca.<br \/>\n<strong>Pro<\/strong>: Trovo che EverTrue sia estremamente facile da usare e che consenta anche un enorme risparmio di tempo ed energia per il mio staff. Utilizziamo questa piattaforma da quasi 4 anni e prevediamo di continuare a utilizzarla per diversi anni.<br \/>\n<strong>Contro<\/strong>: Trovo che tutti gli elementi della piattaforma (web e mobile) siano incredibilmente facili da usare. Non ho alcun contro riguardo a questa piattaforma.<\/p>\n","protected":false},"excerpt":{"rendered":"<p>EverTrue \u00e8 una piattaforma di raccolta fondi, basata sul cloud, che aiuta i team di promozione di piccole e grandi aziende no-profit a identificare, comprendere e coinvolgere i benefattori, semplificando l&#8217;accesso ai dati dei donatori e la risposta alle opportunit\u00e0 di donazione. Le funzionalit\u00e0 principali includono la gestione di campagne, volontari, scoperta di donatori, eventi, ex studenti e donazioni ricorrenti.<\/p>\n","protected":false},"author":19,"featured_media":77499,"parent":35419,"menu_order":0,"comment_status":"open","ping_status":"closed","template":"g1_template_page_review_new.php","meta":{"_acf_changed":false,"cwp_meta_box_check":"Yes","cwp_rev_product_name":"","cwp_rev_product_image":"","wppr_links":[],"cwp_rev_price":"0.00","wppr_options":[{"name":"Usability","value":"0"},{"name":"Speed","value":"0"},{"name":"Features","value":"0"},{"name":"Support","value":"0"},{"name":"Pricing","value":"0"}],"wppr_pros":["","","","",""],"wppr_cons":["","","","",""],"_monsterinsights_skip_tracking":false,"_monsterinsights_sitenote_active":false,"_monsterinsights_sitenote_note":"","_monsterinsights_sitenote_category":0,"footnotes":""},"categories":[4851],"tags":[15135,2209,4852,4855,4877,4859,4854,4875,4909,4876],"features":[],"class_list":{"0":"post-77493","1":"page","2":"type-page","3":"status-publish","4":"has-post-thumbnail","6":"category-piattaforme-per-fundraising-categoria","7":"tag-evertrue","8":"tag-piattaforma-di-raccolta-fondi","9":"tag-piattaforma-per-fundraising","10":"tag-programma-per-fundraising","11":"tag-programma-raccolta-fondi","12":"tag-raccolta-fondi","13":"tag-software-per-fundraising","14":"tag-software-raccolta-fondi","15":"tag-soluzione-per-fundraising","16":"tag-soluzione-raccolta-fondi"},"wppr_data":{"cwp_meta_box_check":"Yes","_wppr_review_template":"default","cwp_rev_product_image":"","cwp_image_link":"image","wppr_links":[],"cwp_rev_price":"0.00","wppr_pros":["","","","",""],"wppr_cons":["","","","",""],"wppr_rating":"0.00","wppr_options":{"1":{"name":"Usability","value":"0"},"2":{"name":"Speed","value":"0"},"3":{"name":"Features","value":"0"},"4":{"name":"Support","value":"0"},"5":{"name":"Pricing","value":"0"}},"wppr_review_type":"Product","wppr_review_custom_fields":{"additionalProperty":"","additionalType":"","aggregateRating":"","alternateName":"","audience":"","award":"","awards":"","brand":"","color":"","depth":"","description":"","disambiguatingDescription":"","gtin12":"","gtin13":"","gtin14":"","gtin8":"","height":"","identifier":"","image":"","isAccessoryOrSparePartFor":"","isConsumableFor":"","isRelatedTo":"","isSimilarTo":"","itemCondition":"","logo":"","mainEntityOfPage":"","manufacturer":"","material":"","model":"","mpn":"","name":"","offers":"","potentialAction":"","productID":"","productionDate":"","purchaseDate":"","releaseDate":"","review":"","reviews":"","sameAs":"","sku":"","slogan":"","subjectOf":"","url":"","weight":"","width":""}},"acf":[],"yoast_head":"<!-- This site is optimized with the Yoast SEO plugin v27.4 - https:\/\/yoast.com\/product\/yoast-seo-wordpress\/ -->\n<title>EverTrue: recensione software per fundraising - Accurate Reviews<\/title>\n<meta name=\"description\" content=\"EverTrue: recensione piattaforma di raccolta fondi, basata sul cloud, che aiuta i team di promozione di piccole e grandi aziende no profit.\" \/>\n<meta name=\"robots\" content=\"index, follow, max-snippet:-1, max-image-preview:large, max-video-preview:-1\" \/>\n<link rel=\"canonical\" href=\"https:\/\/www.accuratereviews.com\/it\/piattaforme-per-fundraising\/evertrue-recensione\/\" \/>\n<meta property=\"og:locale\" content=\"it_IT\" \/>\n<meta property=\"og:type\" content=\"article\" \/>\n<meta property=\"og:title\" content=\"EverTrue: recensione software per fundraising - Accurate Reviews\" \/>\n<meta property=\"og:description\" content=\"EverTrue: recensione piattaforma di raccolta fondi, basata sul cloud, che aiuta i team di promozione di piccole e grandi aziende no profit.\" \/>\n<meta property=\"og:url\" content=\"https:\/\/www.accuratereviews.com\/it\/piattaforme-per-fundraising\/evertrue-recensione\/\" \/>\n<meta property=\"og:site_name\" content=\"Accurate Reviews\" \/>\n<meta property=\"article:modified_time\" content=\"2024-06-26T10:04:02+00:00\" \/>\n<meta property=\"og:image\" content=\"https:\/\/www.accuratereviews.com\/wp-content\/uploads\/2024\/06\/Screenshot-2024-06-25-alle-10.51.44.png\" \/>\n\t<meta property=\"og:image:width\" content=\"1284\" \/>\n\t<meta property=\"og:image:height\" content=\"320\" \/>\n\t<meta property=\"og:image:type\" content=\"image\/png\" \/>\n<meta name=\"twitter:card\" content=\"summary_large_image\" \/>\n<meta name=\"twitter:label1\" content=\"Tempo di lettura stimato\" \/>\n\t<meta name=\"twitter:data1\" content=\"5 minuti\" \/>\n<script type=\"application\/ld+json\" class=\"yoast-schema-graph\">{\"@context\":\"https:\\\/\\\/schema.org\",\"@graph\":[{\"@type\":\"WebPage\",\"@id\":\"https:\\\/\\\/www.accuratereviews.com\\\/it\\\/piattaforme-per-fundraising\\\/evertrue-recensione\\\/\",\"url\":\"https:\\\/\\\/www.accuratereviews.com\\\/it\\\/piattaforme-per-fundraising\\\/evertrue-recensione\\\/\",\"name\":\"EverTrue: recensione software per fundraising - Accurate Reviews\",\"isPartOf\":{\"@id\":\"https:\\\/\\\/www.accuratereviews.com\\\/it\\\/#website\"},\"primaryImageOfPage\":{\"@id\":\"https:\\\/\\\/www.accuratereviews.com\\\/it\\\/piattaforme-per-fundraising\\\/evertrue-recensione\\\/#primaryimage\"},\"image\":{\"@id\":\"https:\\\/\\\/www.accuratereviews.com\\\/it\\\/piattaforme-per-fundraising\\\/evertrue-recensione\\\/#primaryimage\"},\"thumbnailUrl\":\"https:\\\/\\\/www.accuratereviews.com\\\/wp-content\\\/uploads\\\/2024\\\/06\\\/Screenshot-2024-06-25-alle-10.51.44.png\",\"datePublished\":\"2024-06-25T13:36:29+00:00\",\"dateModified\":\"2024-06-26T10:04:02+00:00\",\"description\":\"EverTrue: recensione piattaforma di raccolta fondi, basata sul cloud, che aiuta i team di promozione di piccole e grandi aziende no profit.\",\"breadcrumb\":{\"@id\":\"https:\\\/\\\/www.accuratereviews.com\\\/it\\\/piattaforme-per-fundraising\\\/evertrue-recensione\\\/#breadcrumb\"},\"inLanguage\":\"it-IT\",\"potentialAction\":[{\"@type\":\"ReadAction\",\"target\":[\"https:\\\/\\\/www.accuratereviews.com\\\/it\\\/piattaforme-per-fundraising\\\/evertrue-recensione\\\/\"]}]},{\"@type\":\"ImageObject\",\"inLanguage\":\"it-IT\",\"@id\":\"https:\\\/\\\/www.accuratereviews.com\\\/it\\\/piattaforme-per-fundraising\\\/evertrue-recensione\\\/#primaryimage\",\"url\":\"https:\\\/\\\/www.accuratereviews.com\\\/wp-content\\\/uploads\\\/2024\\\/06\\\/Screenshot-2024-06-25-alle-10.51.44.png\",\"contentUrl\":\"https:\\\/\\\/www.accuratereviews.com\\\/wp-content\\\/uploads\\\/2024\\\/06\\\/Screenshot-2024-06-25-alle-10.51.44.png\",\"width\":1284,\"height\":320},{\"@type\":\"BreadcrumbList\",\"@id\":\"https:\\\/\\\/www.accuratereviews.com\\\/it\\\/piattaforme-per-fundraising\\\/evertrue-recensione\\\/#breadcrumb\",\"itemListElement\":[{\"@type\":\"ListItem\",\"position\":1,\"name\":\"Home\",\"item\":\"https:\\\/\\\/www.accuratereviews.com\\\/it\\\/\"},{\"@type\":\"ListItem\",\"position\":2,\"name\":\"Piattaforme per fundraising\",\"item\":\"https:\\\/\\\/www.accuratereviews.com\\\/it\\\/piattaforme-per-fundraising\\\/\"},{\"@type\":\"ListItem\",\"position\":3,\"name\":\"EverTrue\"}]},{\"@type\":\"WebSite\",\"@id\":\"https:\\\/\\\/www.accuratereviews.com\\\/it\\\/#website\",\"url\":\"https:\\\/\\\/www.accuratereviews.com\\\/it\\\/\",\"name\":\"Accurate Reviews\",\"description\":\"\",\"potentialAction\":[{\"@type\":\"SearchAction\",\"target\":{\"@type\":\"EntryPoint\",\"urlTemplate\":\"https:\\\/\\\/www.accuratereviews.com\\\/it\\\/?s={search_term_string}\"},\"query-input\":{\"@type\":\"PropertyValueSpecification\",\"valueRequired\":true,\"valueName\":\"search_term_string\"}}],\"inLanguage\":\"it-IT\"}]}<\/script>\n<!-- \/ Yoast SEO plugin. -->","yoast_head_json":{"title":"EverTrue: recensione software per fundraising - Accurate Reviews","description":"EverTrue: recensione piattaforma di raccolta fondi, basata sul cloud, che aiuta i team di promozione di piccole e grandi aziende no profit.","robots":{"index":"index","follow":"follow","max-snippet":"max-snippet:-1","max-image-preview":"max-image-preview:large","max-video-preview":"max-video-preview:-1"},"canonical":"https:\/\/www.accuratereviews.com\/it\/piattaforme-per-fundraising\/evertrue-recensione\/","og_locale":"it_IT","og_type":"article","og_title":"EverTrue: recensione software per fundraising - Accurate Reviews","og_description":"EverTrue: recensione piattaforma di raccolta fondi, basata sul cloud, che aiuta i team di promozione di piccole e grandi aziende no profit.","og_url":"https:\/\/www.accuratereviews.com\/it\/piattaforme-per-fundraising\/evertrue-recensione\/","og_site_name":"Accurate Reviews","article_modified_time":"2024-06-26T10:04:02+00:00","og_image":[{"width":1284,"height":320,"url":"https:\/\/www.accuratereviews.com\/wp-content\/uploads\/2024\/06\/Screenshot-2024-06-25-alle-10.51.44.png","type":"image\/png"}],"twitter_card":"summary_large_image","twitter_misc":{"Tempo di lettura stimato":"5 minuti"},"schema":{"@context":"https:\/\/schema.org","@graph":[{"@type":"WebPage","@id":"https:\/\/www.accuratereviews.com\/it\/piattaforme-per-fundraising\/evertrue-recensione\/","url":"https:\/\/www.accuratereviews.com\/it\/piattaforme-per-fundraising\/evertrue-recensione\/","name":"EverTrue: recensione software per fundraising - Accurate Reviews","isPartOf":{"@id":"https:\/\/www.accuratereviews.com\/it\/#website"},"primaryImageOfPage":{"@id":"https:\/\/www.accuratereviews.com\/it\/piattaforme-per-fundraising\/evertrue-recensione\/#primaryimage"},"image":{"@id":"https:\/\/www.accuratereviews.com\/it\/piattaforme-per-fundraising\/evertrue-recensione\/#primaryimage"},"thumbnailUrl":"https:\/\/www.accuratereviews.com\/wp-content\/uploads\/2024\/06\/Screenshot-2024-06-25-alle-10.51.44.png","datePublished":"2024-06-25T13:36:29+00:00","dateModified":"2024-06-26T10:04:02+00:00","description":"EverTrue: recensione piattaforma di raccolta fondi, basata sul cloud, che aiuta i team di promozione di piccole e grandi aziende no profit.","breadcrumb":{"@id":"https:\/\/www.accuratereviews.com\/it\/piattaforme-per-fundraising\/evertrue-recensione\/#breadcrumb"},"inLanguage":"it-IT","potentialAction":[{"@type":"ReadAction","target":["https:\/\/www.accuratereviews.com\/it\/piattaforme-per-fundraising\/evertrue-recensione\/"]}]},{"@type":"ImageObject","inLanguage":"it-IT","@id":"https:\/\/www.accuratereviews.com\/it\/piattaforme-per-fundraising\/evertrue-recensione\/#primaryimage","url":"https:\/\/www.accuratereviews.com\/wp-content\/uploads\/2024\/06\/Screenshot-2024-06-25-alle-10.51.44.png","contentUrl":"https:\/\/www.accuratereviews.com\/wp-content\/uploads\/2024\/06\/Screenshot-2024-06-25-alle-10.51.44.png","width":1284,"height":320},{"@type":"BreadcrumbList","@id":"https:\/\/www.accuratereviews.com\/it\/piattaforme-per-fundraising\/evertrue-recensione\/#breadcrumb","itemListElement":[{"@type":"ListItem","position":1,"name":"Home","item":"https:\/\/www.accuratereviews.com\/it\/"},{"@type":"ListItem","position":2,"name":"Piattaforme per fundraising","item":"https:\/\/www.accuratereviews.com\/it\/piattaforme-per-fundraising\/"},{"@type":"ListItem","position":3,"name":"EverTrue"}]},{"@type":"WebSite","@id":"https:\/\/www.accuratereviews.com\/it\/#website","url":"https:\/\/www.accuratereviews.com\/it\/","name":"Accurate Reviews","description":"","potentialAction":[{"@type":"SearchAction","target":{"@type":"EntryPoint","urlTemplate":"https:\/\/www.accuratereviews.com\/it\/?s={search_term_string}"},"query-input":{"@type":"PropertyValueSpecification","valueRequired":true,"valueName":"search_term_string"}}],"inLanguage":"it-IT"}]}},"_links":{"self":[{"href":"https:\/\/www.accuratereviews.com\/it\/wp-json\/wp\/v2\/pages\/77493","targetHints":{"allow":["GET"]}}],"collection":[{"href":"https:\/\/www.accuratereviews.com\/it\/wp-json\/wp\/v2\/pages"}],"about":[{"href":"https:\/\/www.accuratereviews.com\/it\/wp-json\/wp\/v2\/types\/page"}],"author":[{"embeddable":true,"href":"https:\/\/www.accuratereviews.com\/it\/wp-json\/wp\/v2\/users\/19"}],"replies":[{"embeddable":true,"href":"https:\/\/www.accuratereviews.com\/it\/wp-json\/wp\/v2\/comments?post=77493"}],"version-history":[{"count":7,"href":"https:\/\/www.accuratereviews.com\/it\/wp-json\/wp\/v2\/pages\/77493\/revisions"}],"predecessor-version":[{"id":77539,"href":"https:\/\/www.accuratereviews.com\/it\/wp-json\/wp\/v2\/pages\/77493\/revisions\/77539"}],"up":[{"embeddable":true,"href":"https:\/\/www.accuratereviews.com\/it\/wp-json\/wp\/v2\/pages\/35419"}],"wp:featuredmedia":[{"embeddable":true,"href":"https:\/\/www.accuratereviews.com\/it\/wp-json\/wp\/v2\/media\/77499"}],"wp:attachment":[{"href":"https:\/\/www.accuratereviews.com\/it\/wp-json\/wp\/v2\/media?parent=77493"}],"wp:term":[{"taxonomy":"category","embeddable":true,"href":"https:\/\/www.accuratereviews.com\/it\/wp-json\/wp\/v2\/categories?post=77493"},{"taxonomy":"post_tag","embeddable":true,"href":"https:\/\/www.accuratereviews.com\/it\/wp-json\/wp\/v2\/tags?post=77493"},{"taxonomy":"features","embeddable":true,"href":"https:\/\/www.accuratereviews.com\/it\/wp-json\/wp\/v2\/features?post=77493"}],"curies":[{"name":"wp","href":"https:\/\/api.w.org\/{rel}","templated":true}]}}