{"id":77522,"date":"2024-06-26T17:19:50","date_gmt":"2024-06-26T17:19:50","guid":{"rendered":"https:\/\/www.accuratereviews.com\/?page_id=77522"},"modified":"2024-07-01T13:28:22","modified_gmt":"2024-07-01T13:28:22","slug":"givingtools-recensione","status":"publish","type":"page","link":"https:\/\/www.accuratereviews.com\/it\/piattaforme-per-fundraising\/givingtools-recensione\/","title":{"rendered":"GivingTools"},"content":{"rendered":"<p><strong>GivingTools<\/strong> offre un <strong>software di gestione raccolta fondi<\/strong> senza scopo di lucro, basato sul <strong>cloud,<\/strong> ad organizzazioni di piccole e medie dimensioni. \u00a0La soluzione fornisce funzionalit\u00e0 quali la gestione dei donatori, il monitoraggio dei contributi, l&#8217;elaborazione dei pagamenti e le donazioni ricorrenti. Aiuta le aziende a gestire le donazioni online, tenere traccia dei regali e consentire ai donatori di impostare donazioni ricorrenti. Consente agli utenti di tenere traccia delle donazioni e generare report mensili.<br \/>\nGli strumenti di donazione mobile permettono di ridimensionare le pagine delle donazioni per i dispositivi mobili e di collegare gli appelli alle donazioni ai codici QR. \u00c8 possibile impostare periodi di impegno, consentendo ai donatori di pagare nei tempi stabiliti. Gli utenti possono impostare pagine di donazioni autonome che includono video, foto, un grafico del termometro dell&#8217;obiettivo e altro ancora.<\/p>\n<h2>GIVINGTOOLS &#8211; TUTORIAL<\/h2>\n<div id=\"fluid-wrapper-counter-1\" class=\"g1-fluid-wrapper \" style=\"width:686px;\">\n<div style=\"padding-bottom:56.268221574344%;\"><iframe loading=\"lazy\" title=\"fixing the recurring payment issues in giving tools\" width=\"686\" height=\"386\" src=\"https:\/\/www.youtube.com\/embed\/D-zRLkZXpw4?feature=oembed&amp;wmode=transparent&amp;autohide=1&amp;autoplay=0&amp;disablekb=0&amp;fs=1&amp;loop=0&amp;enablejsapi=1&amp;rel=0&amp;controls=2&amp;showinfo=0&amp;wmode=transparent&amp;autohide=2&amp;autoplay=0&amp;disablekb=0&amp;fs=1&amp;loop=0&amp;enablejsapi=1&amp;rel=0&amp;controls=2&amp;showinfo=1\" frameborder=\"0\" allow=\"accelerometer; autoplay; clipboard-write; encrypted-media; gyroscope; picture-in-picture; web-share\" referrerpolicy=\"strict-origin-when-cross-origin\" allowfullscreen><\/iframe><\/div>\n<\/div>\n<h3>GIVINGTOOLS &#8211; CARATTERISTICHE<\/h3>\n<ul>\n<li>Pagina di donazione personalizzabile<\/li>\n<li>Moduli di donazione personalizzabili illimitati<\/li>\n<li>Collegati alla pagina delle donazioni o ai moduli per le donazioni oppure incorporali perfettamente nel tuo sito web<\/li>\n<li>Crea campi personalizzati per ogni ricorso<\/li>\n<li>Designazioni regalo<\/li>\n<li>Crea campi personalizzati per checkout<\/li>\n<li>Rendi obbligatori i campi personalizzati<\/li>\n<li>Scegli Stripe, CardConnect o Bambora per l&#8217;elaborazione. Aggiungi un&#8217;opzione PayPal a ognuno di essi, se lo desideri (senza costi aggiuntivi).<\/li>\n<li>Elaborazione ACH a tariffa forfettaria tramite CardConnect o Bambora<\/li>\n<li>Consenti al donatore di pagare la tassa di elaborazione<\/li>\n<li>Disattiva le transazioni AmEx<\/li>\n<li>Scoraggiare l&#8217;uso della carta di credito<\/li>\n<li>Crea e monitora i ricorsi sui dispositivi mobili<\/li>\n<li>Configura pi\u00f9 gestori<\/li>\n<li>Visualizza lo stato di avanzamento del ricorso per ricorso o periodo<\/li>\n<li>Reporting fiscale automatizzato di fine anno<\/li>\n<li>Visualizza la cronologia dei donatori<\/li>\n<li>Esporta il tuo database come file .csv<\/li>\n<li>Opzioni di ribasso<\/li>\n<li>Molteplici opzioni di esportazione del database inclusa la preformattazione per Quickbooks e Mailchimp<\/li>\n<li>API<\/li>\n<\/ul>\n<h4>LE RECENSIONI DEGLI UTENTI<\/h4>\n<p><strong>Jennifer &#8220;Per lo pi\u00f9 felice&#8221;<\/strong><br \/>\n<strong>Commenti<\/strong>: Bene<br \/>\n<strong>Pro<\/strong>: Facilit\u00e0 d&#8217;uso e integrazione nel sito web<br \/>\n<strong>Contro<\/strong>: Reporting e notifica dei pagamenti rifiutati dal donatore<\/p>\n<p><strong>David&#8221; Buono strumento di raccolta fondi economico&#8221;<\/strong><br \/>\n<strong>Commenti<\/strong>: Giving Tools ci ha aiutato a raccogliere fondi per la nostra organizzazione no-profit. Fornisce tutti i componenti di base della raccolta fondi e semplifica il trasferimento di denaro.<br \/>\n<strong>Pro<\/strong>: Fornisce strumenti poco costosi e di grande aiuto per impostare campagne di raccolta fondi efficaci per la nostra organizzazione no-profit.<br \/>\n<strong>Contro<\/strong>: Lo usiamo per coordinarci con Bambora, un servizio che riceve fondi e li trasferisce alla nostra banca. Bambora dispone di un sistema complesso per l&#8217;invio di fondi alla nostra banca che \u00e8 piuttosto difficile da integrare nel nostro software di contabilit\u00e0. Non \u00e8 stato facile capirlo. \u00c8 necessario renderlo molto pi\u00f9 semplice affinch\u00e9 Giving Tools diventi un programma di altissimo livello.<\/p>\n<p><strong>Kyle &#8220;Funziona bene per la nostra chiesa!&#8221;<\/strong><br \/>\n<strong>Pro<\/strong>: \u00c8 stato facile da configurare e fornisce facilmente a tutti le informazioni di cui hanno bisogno<br \/>\n<strong>Contro<\/strong>: A volte mi confondo tra le pagine delle donazioni e le campagne, ma alla fine trovo quello che cerco.<\/p>\n","protected":false},"excerpt":{"rendered":"<p>GivingTools offre un software di gestione raccolta fondi senza scopo di lucro, basato sul cloud, ad organizzazioni di piccole e medie dimensioni. \u00a0La soluzione fornisce funzionalit\u00e0 quali la gestione dei donatori, il monitoraggio dei contributi, l&#8217;elaborazione dei pagamenti e le donazioni ricorrenti.<\/p>\n","protected":false},"author":19,"featured_media":77531,"parent":35419,"menu_order":0,"comment_status":"open","ping_status":"closed","template":"g1_template_page_review_new.php","meta":{"_acf_changed":false,"cwp_meta_box_check":"Yes","cwp_rev_product_name":"","cwp_rev_product_image":"","wppr_links":[],"cwp_rev_price":"0.00","wppr_options":[{"name":"Usability","value":"0"},{"name":"Speed","value":"0"},{"name":"Features","value":"0"},{"name":"Support","value":"0"},{"name":"Pricing","value":"0"}],"wppr_pros":["","","","",""],"wppr_cons":["","","","",""],"_monsterinsights_skip_tracking":false,"_monsterinsights_sitenote_active":false,"_monsterinsights_sitenote_note":"","_monsterinsights_sitenote_category":0,"footnotes":""},"categories":[4851],"tags":[15137,4852,4878,4855,4877,4859,4854,4875,4909,4876],"features":[],"class_list":{"0":"post-77522","1":"page","2":"type-page","3":"status-publish","4":"has-post-thumbnail","6":"category-piattaforme-per-fundraising-categoria","7":"tag-givingtools","8":"tag-piattaforma-per-fundraising","9":"tag-piattaforma-raccolta-fondi","10":"tag-programma-per-fundraising","11":"tag-programma-raccolta-fondi","12":"tag-raccolta-fondi","13":"tag-software-per-fundraising","14":"tag-software-raccolta-fondi","15":"tag-soluzione-per-fundraising","16":"tag-soluzione-raccolta-fondi"},"wppr_data":{"cwp_meta_box_check":"Yes","_wppr_review_template":"default","cwp_rev_product_image":"","cwp_image_link":"image","wppr_links":[],"cwp_rev_price":"0.00","wppr_pros":["","","","",""],"wppr_cons":["","","","",""],"wppr_rating":"0.00","wppr_options":{"1":{"name":"Usability","value":"0"},"2":{"name":"Speed","value":"0"},"3":{"name":"Features","value":"0"},"4":{"name":"Support","value":"0"},"5":{"name":"Pricing","value":"0"}},"wppr_review_type":"Product","wppr_review_custom_fields":{"additionalProperty":"","additionalType":"","aggregateRating":"","alternateName":"","audience":"","award":"","awards":"","brand":"","color":"","depth":"","description":"","disambiguatingDescription":"","gtin12":"","gtin13":"","gtin14":"","gtin8":"","height":"","identifier":"","image":"","isAccessoryOrSparePartFor":"","isConsumableFor":"","isRelatedTo":"","isSimilarTo":"","itemCondition":"","logo":"","mainEntityOfPage":"","manufacturer":"","material":"","model":"","mpn":"","name":"","offers":"","potentialAction":"","productID":"","productionDate":"","purchaseDate":"","releaseDate":"","review":"","reviews":"","sameAs":"","sku":"","slogan":"","subjectOf":"","url":"","weight":"","width":""}},"acf":[],"yoast_head":"<!-- This site is optimized with the Yoast SEO plugin v27.4 - https:\/\/yoast.com\/product\/yoast-seo-wordpress\/ -->\n<title>GivingTools: recensione software raccolta fondi - Accurate Reviews<\/title>\n<meta name=\"description\" content=\"GivingTools: recensione software di gestione raccolta fondi, basato sul cloud, per organizzazioni di piccole e medie dimensioni.\" \/>\n<meta name=\"robots\" content=\"index, follow, max-snippet:-1, max-image-preview:large, max-video-preview:-1\" \/>\n<link rel=\"canonical\" href=\"https:\/\/www.accuratereviews.com\/it\/piattaforme-per-fundraising\/givingtools-recensione\/\" \/>\n<meta property=\"og:locale\" content=\"it_IT\" \/>\n<meta property=\"og:type\" content=\"article\" \/>\n<meta property=\"og:title\" content=\"GivingTools: recensione software raccolta fondi - Accurate Reviews\" \/>\n<meta property=\"og:description\" content=\"GivingTools: recensione software di gestione raccolta fondi, basato sul cloud, per organizzazioni di piccole e medie dimensioni.\" \/>\n<meta property=\"og:url\" content=\"https:\/\/www.accuratereviews.com\/it\/piattaforme-per-fundraising\/givingtools-recensione\/\" \/>\n<meta property=\"og:site_name\" content=\"Accurate Reviews\" \/>\n<meta property=\"article:modified_time\" content=\"2024-07-01T13:28:22+00:00\" \/>\n<meta property=\"og:image\" content=\"https:\/\/www.accuratereviews.com\/wp-content\/uploads\/2024\/06\/GivingTools2.png\" \/>\n\t<meta property=\"og:image:width\" content=\"200\" \/>\n\t<meta property=\"og:image:height\" content=\"309\" \/>\n\t<meta property=\"og:image:type\" content=\"image\/png\" \/>\n<meta name=\"twitter:card\" content=\"summary_large_image\" \/>\n<meta name=\"twitter:label1\" content=\"Tempo di lettura stimato\" \/>\n\t<meta name=\"twitter:data1\" content=\"4 minuti\" \/>\n<script type=\"application\/ld+json\" class=\"yoast-schema-graph\">{\"@context\":\"https:\\\/\\\/schema.org\",\"@graph\":[{\"@type\":\"WebPage\",\"@id\":\"https:\\\/\\\/www.accuratereviews.com\\\/it\\\/piattaforme-per-fundraising\\\/givingtools-recensione\\\/\",\"url\":\"https:\\\/\\\/www.accuratereviews.com\\\/it\\\/piattaforme-per-fundraising\\\/givingtools-recensione\\\/\",\"name\":\"GivingTools: recensione software raccolta fondi - Accurate Reviews\",\"isPartOf\":{\"@id\":\"https:\\\/\\\/www.accuratereviews.com\\\/it\\\/#website\"},\"primaryImageOfPage\":{\"@id\":\"https:\\\/\\\/www.accuratereviews.com\\\/it\\\/piattaforme-per-fundraising\\\/givingtools-recensione\\\/#primaryimage\"},\"image\":{\"@id\":\"https:\\\/\\\/www.accuratereviews.com\\\/it\\\/piattaforme-per-fundraising\\\/givingtools-recensione\\\/#primaryimage\"},\"thumbnailUrl\":\"https:\\\/\\\/www.accuratereviews.com\\\/wp-content\\\/uploads\\\/2024\\\/06\\\/GivingTools2.png\",\"datePublished\":\"2024-06-26T17:19:50+00:00\",\"dateModified\":\"2024-07-01T13:28:22+00:00\",\"description\":\"GivingTools: recensione software di gestione raccolta fondi, basato sul cloud, per organizzazioni di piccole e medie dimensioni.\",\"breadcrumb\":{\"@id\":\"https:\\\/\\\/www.accuratereviews.com\\\/it\\\/piattaforme-per-fundraising\\\/givingtools-recensione\\\/#breadcrumb\"},\"inLanguage\":\"it-IT\",\"potentialAction\":[{\"@type\":\"ReadAction\",\"target\":[\"https:\\\/\\\/www.accuratereviews.com\\\/it\\\/piattaforme-per-fundraising\\\/givingtools-recensione\\\/\"]}]},{\"@type\":\"ImageObject\",\"inLanguage\":\"it-IT\",\"@id\":\"https:\\\/\\\/www.accuratereviews.com\\\/it\\\/piattaforme-per-fundraising\\\/givingtools-recensione\\\/#primaryimage\",\"url\":\"https:\\\/\\\/www.accuratereviews.com\\\/wp-content\\\/uploads\\\/2024\\\/06\\\/GivingTools2.png\",\"contentUrl\":\"https:\\\/\\\/www.accuratereviews.com\\\/wp-content\\\/uploads\\\/2024\\\/06\\\/GivingTools2.png\",\"width\":200,\"height\":309},{\"@type\":\"BreadcrumbList\",\"@id\":\"https:\\\/\\\/www.accuratereviews.com\\\/it\\\/piattaforme-per-fundraising\\\/givingtools-recensione\\\/#breadcrumb\",\"itemListElement\":[{\"@type\":\"ListItem\",\"position\":1,\"name\":\"Home\",\"item\":\"https:\\\/\\\/www.accuratereviews.com\\\/it\\\/\"},{\"@type\":\"ListItem\",\"position\":2,\"name\":\"Piattaforme per fundraising\",\"item\":\"https:\\\/\\\/www.accuratereviews.com\\\/it\\\/piattaforme-per-fundraising\\\/\"},{\"@type\":\"ListItem\",\"position\":3,\"name\":\"GivingTools\"}]},{\"@type\":\"WebSite\",\"@id\":\"https:\\\/\\\/www.accuratereviews.com\\\/it\\\/#website\",\"url\":\"https:\\\/\\\/www.accuratereviews.com\\\/it\\\/\",\"name\":\"Accurate Reviews\",\"description\":\"\",\"potentialAction\":[{\"@type\":\"SearchAction\",\"target\":{\"@type\":\"EntryPoint\",\"urlTemplate\":\"https:\\\/\\\/www.accuratereviews.com\\\/it\\\/?s={search_term_string}\"},\"query-input\":{\"@type\":\"PropertyValueSpecification\",\"valueRequired\":true,\"valueName\":\"search_term_string\"}}],\"inLanguage\":\"it-IT\"}]}<\/script>\n<!-- \/ Yoast SEO plugin. -->","yoast_head_json":{"title":"GivingTools: recensione software raccolta fondi - Accurate Reviews","description":"GivingTools: recensione software di gestione raccolta fondi, basato sul cloud, per organizzazioni di piccole e medie dimensioni.","robots":{"index":"index","follow":"follow","max-snippet":"max-snippet:-1","max-image-preview":"max-image-preview:large","max-video-preview":"max-video-preview:-1"},"canonical":"https:\/\/www.accuratereviews.com\/it\/piattaforme-per-fundraising\/givingtools-recensione\/","og_locale":"it_IT","og_type":"article","og_title":"GivingTools: recensione software raccolta fondi - Accurate Reviews","og_description":"GivingTools: recensione software di gestione raccolta fondi, basato sul cloud, per organizzazioni di piccole e medie dimensioni.","og_url":"https:\/\/www.accuratereviews.com\/it\/piattaforme-per-fundraising\/givingtools-recensione\/","og_site_name":"Accurate Reviews","article_modified_time":"2024-07-01T13:28:22+00:00","og_image":[{"width":200,"height":309,"url":"https:\/\/www.accuratereviews.com\/wp-content\/uploads\/2024\/06\/GivingTools2.png","type":"image\/png"}],"twitter_card":"summary_large_image","twitter_misc":{"Tempo di lettura stimato":"4 minuti"},"schema":{"@context":"https:\/\/schema.org","@graph":[{"@type":"WebPage","@id":"https:\/\/www.accuratereviews.com\/it\/piattaforme-per-fundraising\/givingtools-recensione\/","url":"https:\/\/www.accuratereviews.com\/it\/piattaforme-per-fundraising\/givingtools-recensione\/","name":"GivingTools: recensione software raccolta fondi - Accurate Reviews","isPartOf":{"@id":"https:\/\/www.accuratereviews.com\/it\/#website"},"primaryImageOfPage":{"@id":"https:\/\/www.accuratereviews.com\/it\/piattaforme-per-fundraising\/givingtools-recensione\/#primaryimage"},"image":{"@id":"https:\/\/www.accuratereviews.com\/it\/piattaforme-per-fundraising\/givingtools-recensione\/#primaryimage"},"thumbnailUrl":"https:\/\/www.accuratereviews.com\/wp-content\/uploads\/2024\/06\/GivingTools2.png","datePublished":"2024-06-26T17:19:50+00:00","dateModified":"2024-07-01T13:28:22+00:00","description":"GivingTools: recensione software di gestione raccolta fondi, basato sul cloud, per organizzazioni di piccole e medie dimensioni.","breadcrumb":{"@id":"https:\/\/www.accuratereviews.com\/it\/piattaforme-per-fundraising\/givingtools-recensione\/#breadcrumb"},"inLanguage":"it-IT","potentialAction":[{"@type":"ReadAction","target":["https:\/\/www.accuratereviews.com\/it\/piattaforme-per-fundraising\/givingtools-recensione\/"]}]},{"@type":"ImageObject","inLanguage":"it-IT","@id":"https:\/\/www.accuratereviews.com\/it\/piattaforme-per-fundraising\/givingtools-recensione\/#primaryimage","url":"https:\/\/www.accuratereviews.com\/wp-content\/uploads\/2024\/06\/GivingTools2.png","contentUrl":"https:\/\/www.accuratereviews.com\/wp-content\/uploads\/2024\/06\/GivingTools2.png","width":200,"height":309},{"@type":"BreadcrumbList","@id":"https:\/\/www.accuratereviews.com\/it\/piattaforme-per-fundraising\/givingtools-recensione\/#breadcrumb","itemListElement":[{"@type":"ListItem","position":1,"name":"Home","item":"https:\/\/www.accuratereviews.com\/it\/"},{"@type":"ListItem","position":2,"name":"Piattaforme per fundraising","item":"https:\/\/www.accuratereviews.com\/it\/piattaforme-per-fundraising\/"},{"@type":"ListItem","position":3,"name":"GivingTools"}]},{"@type":"WebSite","@id":"https:\/\/www.accuratereviews.com\/it\/#website","url":"https:\/\/www.accuratereviews.com\/it\/","name":"Accurate Reviews","description":"","potentialAction":[{"@type":"SearchAction","target":{"@type":"EntryPoint","urlTemplate":"https:\/\/www.accuratereviews.com\/it\/?s={search_term_string}"},"query-input":{"@type":"PropertyValueSpecification","valueRequired":true,"valueName":"search_term_string"}}],"inLanguage":"it-IT"}]}},"_links":{"self":[{"href":"https:\/\/www.accuratereviews.com\/it\/wp-json\/wp\/v2\/pages\/77522","targetHints":{"allow":["GET"]}}],"collection":[{"href":"https:\/\/www.accuratereviews.com\/it\/wp-json\/wp\/v2\/pages"}],"about":[{"href":"https:\/\/www.accuratereviews.com\/it\/wp-json\/wp\/v2\/types\/page"}],"author":[{"embeddable":true,"href":"https:\/\/www.accuratereviews.com\/it\/wp-json\/wp\/v2\/users\/19"}],"replies":[{"embeddable":true,"href":"https:\/\/www.accuratereviews.com\/it\/wp-json\/wp\/v2\/comments?post=77522"}],"version-history":[{"count":11,"href":"https:\/\/www.accuratereviews.com\/it\/wp-json\/wp\/v2\/pages\/77522\/revisions"}],"predecessor-version":[{"id":77613,"href":"https:\/\/www.accuratereviews.com\/it\/wp-json\/wp\/v2\/pages\/77522\/revisions\/77613"}],"up":[{"embeddable":true,"href":"https:\/\/www.accuratereviews.com\/it\/wp-json\/wp\/v2\/pages\/35419"}],"wp:featuredmedia":[{"embeddable":true,"href":"https:\/\/www.accuratereviews.com\/it\/wp-json\/wp\/v2\/media\/77531"}],"wp:attachment":[{"href":"https:\/\/www.accuratereviews.com\/it\/wp-json\/wp\/v2\/media?parent=77522"}],"wp:term":[{"taxonomy":"category","embeddable":true,"href":"https:\/\/www.accuratereviews.com\/it\/wp-json\/wp\/v2\/categories?post=77522"},{"taxonomy":"post_tag","embeddable":true,"href":"https:\/\/www.accuratereviews.com\/it\/wp-json\/wp\/v2\/tags?post=77522"},{"taxonomy":"features","embeddable":true,"href":"https:\/\/www.accuratereviews.com\/it\/wp-json\/wp\/v2\/features?post=77522"}],"curies":[{"name":"wp","href":"https:\/\/api.w.org\/{rel}","templated":true}]}}