{"id":77577,"date":"2024-06-28T16:36:18","date_gmt":"2024-06-28T16:36:18","guid":{"rendered":"https:\/\/www.accuratereviews.com\/?page_id=77577"},"modified":"2024-06-28T16:36:18","modified_gmt":"2024-06-28T16:36:18","slug":"trail-blazer-non-profit-manager-recensione","status":"publish","type":"page","link":"https:\/\/www.accuratereviews.com\/it\/piattaforme-per-fundraising\/trail-blazer-non-profit-manager-recensione\/","title":{"rendered":"Trail Blazer Non-Profit Manager"},"content":{"rendered":"<p><strong>Trail Blazer Non-Profit Manager<\/strong> \u00e8 un <strong>software di raccolta fondi<\/strong> basato su <strong>cloud<\/strong>, che si rivolge ad\u00a0organizzazioni no-profit per gestire donazioni ed eventi di raccolta fondi. La soluzione viene installata sui dispositivi mentre i dati sono ospitati in una struttura cloud sicura, offrendo la flessibilit\u00e0 di accedere alle informazioni da un Mac, PC, iPad o qualsiasi dispositivo cellulare abilitato al web.<br \/>\n<strong>Trail Blazer Non-Profit Manager <\/strong>fornisce l&#8217;insieme di strumenti necessari per gestire le attivit\u00e0 coinvolte nell&#8217;organizzazione di un evento di raccolta fondi, tra cui la registrazione dei donatori, le relazioni e delle comunicazioni, le promesse, la contabilit\u00e0 e altro ancora. Gli organizzatori possono creare messaggi di invito e condividere informazioni sull&#8217;evento con i propri membri tramite email o messaggi di testo. La soluzione locale visualizza i risultati della ricerca pi\u00f9 velocemente di una soluzione basata sul web. Gli organizzatori possono generare una newsletter mensile e automatizzarne la condivisione con i membri. Le organizzazioni no-profit possono anche sfruttare i vantaggi delle piattaforme di social media e raccogliere donazioni dalla propria pagina Facebook. La soluzione aiuta a tenere traccia dei dettagli dell&#8217;abbonamento come il profilo del membro, il piano di abbonamento, le date di rinnovo e la cronologia delle donazioni, tra gli altri.<\/p>\n<h2>TRAIL BLAZER NON-PROFIT MANAGER &#8211; TUTORIAL<\/h2>\n<div id=\"fluid-wrapper-counter-1\" class=\"g1-fluid-wrapper \" style=\"width:686px;\">\n<div style=\"padding-bottom:56.268221574344%;\"><iframe loading=\"lazy\" title=\"Getting Started 106a   Entering Contributions NON PROFIT ONLY\" width=\"686\" height=\"386\" src=\"https:\/\/www.youtube.com\/embed\/0gUH2ibeoms?feature=oembed&amp;wmode=transparent&amp;autohide=1&amp;autoplay=0&amp;disablekb=0&amp;fs=1&amp;loop=0&amp;enablejsapi=1&amp;rel=0&amp;controls=2&amp;showinfo=0&amp;wmode=transparent&amp;autohide=2&amp;autoplay=0&amp;disablekb=0&amp;fs=1&amp;loop=0&amp;enablejsapi=1&amp;rel=0&amp;controls=2&amp;showinfo=1\" frameborder=\"0\" allow=\"accelerometer; autoplay; clipboard-write; encrypted-media; gyroscope; picture-in-picture; web-share\" referrerpolicy=\"strict-origin-when-cross-origin\" allowfullscreen><\/iframe><\/div>\n<\/div>\n<h3>TRAIL BLAZER NON-PROFIT MANAGER &#8211; CARATTERISTICHE<\/h3>\n<ul>\n<li><strong>Diffondi il tuo messaggio<\/strong>: aumentare la consapevolezza al livello successivo. Indirizza il tuo messaggio a individui o gruppi specifici. Raggiungi il tuo pubblico con email di massa illimitate, chiamate in uscita o posta diretta.<\/li>\n<li><strong>Tieni traccia dei tuoi donatori<\/strong>: sarai in grado di tenere traccia dei tuoi donatori, membri e volontari utilizzando questo software. Fai un uso efficiente del tuo tempo. Organizza le tue iniziative di raccolta fondi e mantieni i tuoi volontari sulla buona strada.<\/li>\n<li><strong>Scarica l&#8217;app per telefono<\/strong>: con l&#8217;app Mobile Base Camp, puoi visualizzare e aggiornare i record dei donatori, vedere la cronologia delle donazioni, le promesse e aggiornare le note del registro. Inoltre, filtra i gruppi di donatori per attributo.<\/li>\n<li><strong>Donazioni mobili<\/strong>: accetta donazioni mentre sei in movimento \u00e8 ora possibile.<\/li>\n<li><strong>Opzione di screening patrimoniale DonorSearch<\/strong>: con l&#8217;opzione di screening patrimoniale DonorSearch, saprai chi sono i tuoi donatori principali e qual \u00e8 la loro storia di donazioni con organizzazioni non profit esterne. Coordina i tuoi sforzi di raccolta fondi e scopri quali donatori sono fondamentali per il tuo successo. Inoltre puoi estrarre elenchi di donatori per le spedizioni.<\/li>\n<li><strong>Strumenti per la raccolta fondi<\/strong>: raggiungi i tuoi obiettivi di raccolta fondi sempre pi\u00f9 velocemente. Il pacchetto CRM ti offre moduli web integrati per donazioni, iscrizioni a eventi, coordinamento dei volontari e iscrizioni di contatti.<\/li>\n<li><strong>Software basato sul cloud<\/strong>: proteggi i tuoi dati con backup regolari. I tuoi dati sono accessibili da qualsiasi computer connesso a Internet.<\/li>\n<li><strong>Raccogli fondi su Facebook<\/strong>: raccogli ancora di pi\u00f9 dalla tua pagina Facebook. Il modulo di donazione \u00e8 direttamente collegato.<\/li>\n<li><strong>Tieni traccia degli abbonamenti<\/strong>: tieni traccia dei membri e dei tipi di abbonamento. Monitora le date di rinnovo e vendi abbonamenti online. Inoltre, genera report sugli abbonamenti e invia facilmente notifiche di rinnovo personalizzate.<\/li>\n<li><strong>Posti riservati<\/strong>: ora i tuoi partecipanti possono prenotare e acquistare i loro posti online dal proprio smartphone. I partecipanti al tuo prossimo spettacolo teatrale, mostra, cena o seminario adoreranno vedere quali posti rimangono.<\/li>\n<li><strong>Lettere di ringraziamento<\/strong>: invia lettere di ringraziamento personalizzate individualmente o in gruppi con lo strumento di stampa unione.<\/li>\n<li><strong>Archiviare documenti<\/strong>: centralizza e gestisci i tuoi documenti direttamente nel registro del donatore, nel registro dell&#8217;organizzazione o nella galleria principale affinch\u00e9 tutti possano utilizzarli. Archivia lettere, proposte di sovvenzione, loghi, ecc.<\/li>\n<li><strong>Email di massa<\/strong>: rimani in contatto con i tuoi donatori con aggiornamenti regolari via email. Invia tutte le email che desideri al tuo elenco di partecipazione. Saprai chi ha aperto le tue email e chi no.<\/li>\n<li><strong>Nessuna commissione a sorpresa<\/strong>: non sono previsti costi di aggiornamento, costi di backup o costi di manutenzione.<\/li>\n<\/ul>\n<h4>LE RECENSIONI DEGLI UTENTI<\/h4>\n<p><strong>Katlyn &#8220;Facile da usare e ottimo servizio clienti&#8221;<\/strong><br \/>\n<strong>Commenti<\/strong>: Ottima esperienza nel complesso. Il servizio clienti \u00e8 sempre molto disponibile e pronto a guidarti attraverso qualsiasi problema.<br \/>\n<strong>Pro<\/strong>: Trailblazer \u00e8 estremamente facile da usare e quando sai come usarlo, rende il lavoro molto pi\u00f9 semplice. Adoro il modo in cui riesco a scrivere tutte le lettere di ringraziamento in un unico posto e tolgo spazio agli errori.<br \/>\n<strong>Contro<\/strong>: L&#8217;unica cosa che non mi piace \u00e8 il fatto che, quando si sceglie il ciclo o l&#8217;anno per una donazione, siano presenti gli anni precedenti. Posso capire tornare indietro di un paio d&#8217;anni per una scelta, ma non 10. Ma immagino che possa essere utile per coloro che stanno cercando di inserire i record precedenti<\/p>\n<p><strong>Bekka &#8220;Adoro&#8221;<\/strong><br \/>\n<strong>Commenti<\/strong>: Fantastico<br \/>\n<strong>Pro<\/strong>: Il team di supporto \u00e8 reattivo, sempre amichevole<br \/>\n<strong>Contro<\/strong>: Ci sono alcune funzionalit\u00e0 che il team ha gi\u00e0 incorporato dopo il mio suggerimento. Mi aspetto che ci\u00f2 continui man mano che scopriremo le funzionalit\u00e0 desiderate.<\/p>\n<p><strong>Mara &#8220;Piccolo ufficio, grande funzionalit\u00e0&#8221;<\/strong><br \/>\n<strong>Pro<\/strong>: Utilizzo Trail Blazer per monitorare e aggiornare le informazioni sui contatti e sui contributi dei donatori e per registrare la corrispondenza. \u00c8 facile da usare e abbastanza intuitivo.<br \/>\n<strong>Contro<\/strong>: Vorrei poter copiare\/incollare i dati dell&#8217;indirizzo del donatore da utilizzare nella corrispondenza dei documenti MSWord. Sarebbe anche utile se potessi navigare tra i donatori senza tornare indietro fino alla dashboard.<\/p>\n","protected":false},"excerpt":{"rendered":"<p>Trail Blazer Non-Profit Manager \u00e8 un software di raccolta fondi basato su cloud, che si rivolge ad organizzazioni no-profit per gestire donazioni ed eventi di raccolta fondi. La soluzione viene installata sui dispositivi mentre i dati sono ospitati in una struttura cloud sicura, offrendo la flessibilit\u00e0 di accedere alle informazioni da un Mac, PC, iPad o qualsiasi dispositivo cellulare abilitato al web.<\/p>\n","protected":false},"author":19,"featured_media":77579,"parent":35419,"menu_order":0,"comment_status":"open","ping_status":"closed","template":"g1_template_page_review_new.php","meta":{"_acf_changed":false,"cwp_meta_box_check":"Yes","cwp_rev_product_name":"","cwp_rev_product_image":"","wppr_links":[],"cwp_rev_price":"0.00","wppr_options":[{"name":"Usability","value":"0"},{"name":"Speed","value":"0"},{"name":"Features","value":"0"},{"name":"Support","value":"0"},{"name":"Pricing","value":"0"}],"wppr_pros":["","","","",""],"wppr_cons":["","","","",""],"_monsterinsights_skip_tracking":false,"_monsterinsights_sitenote_active":false,"_monsterinsights_sitenote_note":"","_monsterinsights_sitenote_category":0,"footnotes":""},"categories":[4851],"tags":[4852,4878,15141,4877,4859,4854,4875,15140,4876,15139],"features":[],"class_list":{"0":"post-77577","1":"page","2":"type-page","3":"status-publish","4":"has-post-thumbnail","6":"category-piattaforme-per-fundraising-categoria","7":"tag-piattaforma-per-fundraising","8":"tag-piattaforma-raccolta-fondi","9":"tag-programma-per-fudraising","10":"tag-programma-raccolta-fondi","11":"tag-raccolta-fondi","12":"tag-software-per-fundraising","13":"tag-software-raccolta-fondi","14":"tag-soluzione-per-fudraising","15":"tag-soluzione-raccolta-fondi","16":"tag-trail-blazer-non-profit-manager"},"wppr_data":{"cwp_meta_box_check":"Yes","_wppr_review_template":"default","cwp_rev_product_image":"","cwp_image_link":"image","wppr_links":[],"cwp_rev_price":"0.00","wppr_pros":["","","","",""],"wppr_cons":["","","","",""],"wppr_rating":"0.00","wppr_options":{"1":{"name":"Usability","value":"0"},"2":{"name":"Speed","value":"0"},"3":{"name":"Features","value":"0"},"4":{"name":"Support","value":"0"},"5":{"name":"Pricing","value":"0"}},"wppr_review_type":"Product","wppr_review_custom_fields":{"additionalProperty":"","additionalType":"","aggregateRating":"","alternateName":"","audience":"","award":"","awards":"","brand":"","color":"","depth":"","description":"","disambiguatingDescription":"","gtin12":"","gtin13":"","gtin14":"","gtin8":"","height":"","identifier":"","image":"","isAccessoryOrSparePartFor":"","isConsumableFor":"","isRelatedTo":"","isSimilarTo":"","itemCondition":"","logo":"","mainEntityOfPage":"","manufacturer":"","material":"","model":"","mpn":"","name":"","offers":"","potentialAction":"","productID":"","productionDate":"","purchaseDate":"","releaseDate":"","review":"","reviews":"","sameAs":"","sku":"","slogan":"","subjectOf":"","url":"","weight":"","width":""}},"acf":[],"yoast_head":"<!-- This site is optimized with the Yoast SEO plugin v27.4 - https:\/\/yoast.com\/product\/yoast-seo-wordpress\/ -->\n<title>Trail Blazer Non-Profit Manager: recensione software raccolta fondi - Accurate Reviews<\/title>\n<meta name=\"description\" content=\"Trail Blazer: recensione software di raccolta fondi basato su cloud, per organizzazioni no-profit per gestire donazioni ed eventi.\" \/>\n<meta name=\"robots\" content=\"index, follow, max-snippet:-1, max-image-preview:large, max-video-preview:-1\" \/>\n<link rel=\"canonical\" href=\"https:\/\/www.accuratereviews.com\/it\/piattaforme-per-fundraising\/trail-blazer-non-profit-manager-recensione\/\" \/>\n<meta property=\"og:locale\" content=\"it_IT\" \/>\n<meta property=\"og:type\" content=\"article\" \/>\n<meta property=\"og:title\" content=\"Trail Blazer Non-Profit Manager: recensione software raccolta fondi - Accurate Reviews\" \/>\n<meta property=\"og:description\" content=\"Trail Blazer: recensione software di raccolta fondi basato su cloud, per organizzazioni no-profit per gestire donazioni ed eventi.\" \/>\n<meta property=\"og:url\" content=\"https:\/\/www.accuratereviews.com\/it\/piattaforme-per-fundraising\/trail-blazer-non-profit-manager-recensione\/\" \/>\n<meta property=\"og:site_name\" content=\"Accurate Reviews\" \/>\n<meta property=\"og:image\" content=\"https:\/\/www.accuratereviews.com\/wp-content\/uploads\/2024\/06\/Trail-Blazer.jpeg\" \/>\n\t<meta property=\"og:image:width\" content=\"237\" \/>\n\t<meta property=\"og:image:height\" content=\"212\" \/>\n\t<meta property=\"og:image:type\" content=\"image\/jpeg\" \/>\n<meta name=\"twitter:card\" content=\"summary_large_image\" \/>\n<meta name=\"twitter:label1\" content=\"Tempo di lettura stimato\" \/>\n\t<meta name=\"twitter:data1\" content=\"6 minuti\" \/>\n<script type=\"application\/ld+json\" class=\"yoast-schema-graph\">{\"@context\":\"https:\\\/\\\/schema.org\",\"@graph\":[{\"@type\":\"WebPage\",\"@id\":\"https:\\\/\\\/www.accuratereviews.com\\\/it\\\/piattaforme-per-fundraising\\\/trail-blazer-non-profit-manager-recensione\\\/\",\"url\":\"https:\\\/\\\/www.accuratereviews.com\\\/it\\\/piattaforme-per-fundraising\\\/trail-blazer-non-profit-manager-recensione\\\/\",\"name\":\"Trail Blazer Non-Profit Manager: recensione software raccolta fondi - Accurate Reviews\",\"isPartOf\":{\"@id\":\"https:\\\/\\\/www.accuratereviews.com\\\/it\\\/#website\"},\"primaryImageOfPage\":{\"@id\":\"https:\\\/\\\/www.accuratereviews.com\\\/it\\\/piattaforme-per-fundraising\\\/trail-blazer-non-profit-manager-recensione\\\/#primaryimage\"},\"image\":{\"@id\":\"https:\\\/\\\/www.accuratereviews.com\\\/it\\\/piattaforme-per-fundraising\\\/trail-blazer-non-profit-manager-recensione\\\/#primaryimage\"},\"thumbnailUrl\":\"https:\\\/\\\/www.accuratereviews.com\\\/wp-content\\\/uploads\\\/2024\\\/06\\\/Trail-Blazer.jpeg\",\"datePublished\":\"2024-06-28T16:36:18+00:00\",\"description\":\"Trail Blazer: recensione software di raccolta fondi basato su cloud, per organizzazioni no-profit per gestire donazioni ed eventi.\",\"breadcrumb\":{\"@id\":\"https:\\\/\\\/www.accuratereviews.com\\\/it\\\/piattaforme-per-fundraising\\\/trail-blazer-non-profit-manager-recensione\\\/#breadcrumb\"},\"inLanguage\":\"it-IT\",\"potentialAction\":[{\"@type\":\"ReadAction\",\"target\":[\"https:\\\/\\\/www.accuratereviews.com\\\/it\\\/piattaforme-per-fundraising\\\/trail-blazer-non-profit-manager-recensione\\\/\"]}]},{\"@type\":\"ImageObject\",\"inLanguage\":\"it-IT\",\"@id\":\"https:\\\/\\\/www.accuratereviews.com\\\/it\\\/piattaforme-per-fundraising\\\/trail-blazer-non-profit-manager-recensione\\\/#primaryimage\",\"url\":\"https:\\\/\\\/www.accuratereviews.com\\\/wp-content\\\/uploads\\\/2024\\\/06\\\/Trail-Blazer.jpeg\",\"contentUrl\":\"https:\\\/\\\/www.accuratereviews.com\\\/wp-content\\\/uploads\\\/2024\\\/06\\\/Trail-Blazer.jpeg\",\"width\":237,\"height\":212},{\"@type\":\"BreadcrumbList\",\"@id\":\"https:\\\/\\\/www.accuratereviews.com\\\/it\\\/piattaforme-per-fundraising\\\/trail-blazer-non-profit-manager-recensione\\\/#breadcrumb\",\"itemListElement\":[{\"@type\":\"ListItem\",\"position\":1,\"name\":\"Home\",\"item\":\"https:\\\/\\\/www.accuratereviews.com\\\/it\\\/\"},{\"@type\":\"ListItem\",\"position\":2,\"name\":\"Piattaforme per fundraising\",\"item\":\"https:\\\/\\\/www.accuratereviews.com\\\/it\\\/piattaforme-per-fundraising\\\/\"},{\"@type\":\"ListItem\",\"position\":3,\"name\":\"Trail Blazer Non-Profit Manager\"}]},{\"@type\":\"WebSite\",\"@id\":\"https:\\\/\\\/www.accuratereviews.com\\\/it\\\/#website\",\"url\":\"https:\\\/\\\/www.accuratereviews.com\\\/it\\\/\",\"name\":\"Accurate Reviews\",\"description\":\"\",\"potentialAction\":[{\"@type\":\"SearchAction\",\"target\":{\"@type\":\"EntryPoint\",\"urlTemplate\":\"https:\\\/\\\/www.accuratereviews.com\\\/it\\\/?s={search_term_string}\"},\"query-input\":{\"@type\":\"PropertyValueSpecification\",\"valueRequired\":true,\"valueName\":\"search_term_string\"}}],\"inLanguage\":\"it-IT\"}]}<\/script>\n<!-- \/ Yoast SEO plugin. -->","yoast_head_json":{"title":"Trail Blazer Non-Profit Manager: recensione software raccolta fondi - Accurate Reviews","description":"Trail Blazer: recensione software di raccolta fondi basato su cloud, per organizzazioni no-profit per gestire donazioni ed eventi.","robots":{"index":"index","follow":"follow","max-snippet":"max-snippet:-1","max-image-preview":"max-image-preview:large","max-video-preview":"max-video-preview:-1"},"canonical":"https:\/\/www.accuratereviews.com\/it\/piattaforme-per-fundraising\/trail-blazer-non-profit-manager-recensione\/","og_locale":"it_IT","og_type":"article","og_title":"Trail Blazer Non-Profit Manager: recensione software raccolta fondi - Accurate Reviews","og_description":"Trail Blazer: recensione software di raccolta fondi basato su cloud, per organizzazioni no-profit per gestire donazioni ed eventi.","og_url":"https:\/\/www.accuratereviews.com\/it\/piattaforme-per-fundraising\/trail-blazer-non-profit-manager-recensione\/","og_site_name":"Accurate Reviews","og_image":[{"width":237,"height":212,"url":"https:\/\/www.accuratereviews.com\/wp-content\/uploads\/2024\/06\/Trail-Blazer.jpeg","type":"image\/jpeg"}],"twitter_card":"summary_large_image","twitter_misc":{"Tempo di lettura stimato":"6 minuti"},"schema":{"@context":"https:\/\/schema.org","@graph":[{"@type":"WebPage","@id":"https:\/\/www.accuratereviews.com\/it\/piattaforme-per-fundraising\/trail-blazer-non-profit-manager-recensione\/","url":"https:\/\/www.accuratereviews.com\/it\/piattaforme-per-fundraising\/trail-blazer-non-profit-manager-recensione\/","name":"Trail Blazer Non-Profit Manager: recensione software raccolta fondi - Accurate Reviews","isPartOf":{"@id":"https:\/\/www.accuratereviews.com\/it\/#website"},"primaryImageOfPage":{"@id":"https:\/\/www.accuratereviews.com\/it\/piattaforme-per-fundraising\/trail-blazer-non-profit-manager-recensione\/#primaryimage"},"image":{"@id":"https:\/\/www.accuratereviews.com\/it\/piattaforme-per-fundraising\/trail-blazer-non-profit-manager-recensione\/#primaryimage"},"thumbnailUrl":"https:\/\/www.accuratereviews.com\/wp-content\/uploads\/2024\/06\/Trail-Blazer.jpeg","datePublished":"2024-06-28T16:36:18+00:00","description":"Trail Blazer: recensione software di raccolta fondi basato su cloud, per organizzazioni no-profit per gestire donazioni ed eventi.","breadcrumb":{"@id":"https:\/\/www.accuratereviews.com\/it\/piattaforme-per-fundraising\/trail-blazer-non-profit-manager-recensione\/#breadcrumb"},"inLanguage":"it-IT","potentialAction":[{"@type":"ReadAction","target":["https:\/\/www.accuratereviews.com\/it\/piattaforme-per-fundraising\/trail-blazer-non-profit-manager-recensione\/"]}]},{"@type":"ImageObject","inLanguage":"it-IT","@id":"https:\/\/www.accuratereviews.com\/it\/piattaforme-per-fundraising\/trail-blazer-non-profit-manager-recensione\/#primaryimage","url":"https:\/\/www.accuratereviews.com\/wp-content\/uploads\/2024\/06\/Trail-Blazer.jpeg","contentUrl":"https:\/\/www.accuratereviews.com\/wp-content\/uploads\/2024\/06\/Trail-Blazer.jpeg","width":237,"height":212},{"@type":"BreadcrumbList","@id":"https:\/\/www.accuratereviews.com\/it\/piattaforme-per-fundraising\/trail-blazer-non-profit-manager-recensione\/#breadcrumb","itemListElement":[{"@type":"ListItem","position":1,"name":"Home","item":"https:\/\/www.accuratereviews.com\/it\/"},{"@type":"ListItem","position":2,"name":"Piattaforme per fundraising","item":"https:\/\/www.accuratereviews.com\/it\/piattaforme-per-fundraising\/"},{"@type":"ListItem","position":3,"name":"Trail Blazer Non-Profit Manager"}]},{"@type":"WebSite","@id":"https:\/\/www.accuratereviews.com\/it\/#website","url":"https:\/\/www.accuratereviews.com\/it\/","name":"Accurate Reviews","description":"","potentialAction":[{"@type":"SearchAction","target":{"@type":"EntryPoint","urlTemplate":"https:\/\/www.accuratereviews.com\/it\/?s={search_term_string}"},"query-input":{"@type":"PropertyValueSpecification","valueRequired":true,"valueName":"search_term_string"}}],"inLanguage":"it-IT"}]}},"_links":{"self":[{"href":"https:\/\/www.accuratereviews.com\/it\/wp-json\/wp\/v2\/pages\/77577","targetHints":{"allow":["GET"]}}],"collection":[{"href":"https:\/\/www.accuratereviews.com\/it\/wp-json\/wp\/v2\/pages"}],"about":[{"href":"https:\/\/www.accuratereviews.com\/it\/wp-json\/wp\/v2\/types\/page"}],"author":[{"embeddable":true,"href":"https:\/\/www.accuratereviews.com\/it\/wp-json\/wp\/v2\/users\/19"}],"replies":[{"embeddable":true,"href":"https:\/\/www.accuratereviews.com\/it\/wp-json\/wp\/v2\/comments?post=77577"}],"version-history":[{"count":12,"href":"https:\/\/www.accuratereviews.com\/it\/wp-json\/wp\/v2\/pages\/77577\/revisions"}],"predecessor-version":[{"id":77598,"href":"https:\/\/www.accuratereviews.com\/it\/wp-json\/wp\/v2\/pages\/77577\/revisions\/77598"}],"up":[{"embeddable":true,"href":"https:\/\/www.accuratereviews.com\/it\/wp-json\/wp\/v2\/pages\/35419"}],"wp:featuredmedia":[{"embeddable":true,"href":"https:\/\/www.accuratereviews.com\/it\/wp-json\/wp\/v2\/media\/77579"}],"wp:attachment":[{"href":"https:\/\/www.accuratereviews.com\/it\/wp-json\/wp\/v2\/media?parent=77577"}],"wp:term":[{"taxonomy":"category","embeddable":true,"href":"https:\/\/www.accuratereviews.com\/it\/wp-json\/wp\/v2\/categories?post=77577"},{"taxonomy":"post_tag","embeddable":true,"href":"https:\/\/www.accuratereviews.com\/it\/wp-json\/wp\/v2\/tags?post=77577"},{"taxonomy":"features","embeddable":true,"href":"https:\/\/www.accuratereviews.com\/it\/wp-json\/wp\/v2\/features?post=77577"}],"curies":[{"name":"wp","href":"https:\/\/api.w.org\/{rel}","templated":true}]}}