{"id":77599,"date":"2024-07-02T16:14:03","date_gmt":"2024-07-02T16:14:03","guid":{"rendered":"https:\/\/www.accuratereviews.com\/?page_id=77599"},"modified":"2024-07-03T18:01:32","modified_gmt":"2024-07-03T18:01:32","slug":"mightycause-recensione","status":"publish","type":"page","link":"https:\/\/www.accuratereviews.com\/it\/piattaforme-per-fundraising\/mightycause-recensione\/","title":{"rendered":"Mightycause"},"content":{"rendered":"<p><strong>Mightycause<\/strong> (in precedenza conosciuto come Razoo) \u00e8 una <strong>soluzione gratuita per la raccolta fondi<\/strong> e la gestione dei donatori online che fornisce efficaci strumenti peer-to-peer per la raccolta fondi giornaliera e di gruppo per le organizzazioni no-profit. Le funzionalit\u00e0 principali includono moduli, pagine e widget per la raccolta fondi online con marchio, gestione dei donatori e analisi approfondita dei dati.<br \/>\nLa piattaforma \u00e8 ottimizzata per i <strong>dispositivi mobili<\/strong> e offre un&#8217;interfaccia utente semplice e pulita per l&#8217;impostazione di campagne di crowdfunding per qualsiasi causa, inclusi eventi personali, di beneficenza, donazioni, progetti e altro ancora. Include un hub di <strong>strumenti di gestione e finanziamento<\/strong> che consentono agli utenti di gestire gli amministratori delle pagine, i donatori, gli organizzatori e ottenere report e analisi per il monitoraggio del supporto. Le funzionalit\u00e0 per la gestione dei donatori includono l&#8217;etichettatura dei sostenitori, la modifica delle voci e la raccolta dati personalizzata.<\/p>\n<h2>MIGHTYCAUSE &#8211; TUTORIAL<\/h2>\n<div id=\"fluid-wrapper-counter-1\" class=\"g1-fluid-wrapper \" style=\"width:686px;\">\n<div style=\"padding-bottom:56.268221574344%;\"><iframe loading=\"lazy\" title=\"Metrics Reset Walkthrough\" width=\"686\" height=\"386\" src=\"https:\/\/www.youtube.com\/embed\/Tu51vWTsv_c?feature=oembed&amp;wmode=transparent&amp;autohide=1&amp;autoplay=0&amp;disablekb=0&amp;fs=1&amp;loop=0&amp;enablejsapi=1&amp;rel=0&amp;controls=2&amp;showinfo=0&amp;wmode=transparent&amp;autohide=2&amp;autoplay=0&amp;disablekb=0&amp;fs=1&amp;loop=0&amp;enablejsapi=1&amp;rel=0&amp;controls=2&amp;showinfo=1\" frameborder=\"0\" allow=\"accelerometer; autoplay; clipboard-write; encrypted-media; gyroscope; picture-in-picture; web-share\" referrerpolicy=\"strict-origin-when-cross-origin\" allowfullscreen><\/iframe><\/div>\n<\/div>\n<h3>MIGHTYCAUSE &#8211; CARATTERISTICHE<\/h3>\n<div class=\"QFw9Te BLojaf\">\n<div class=\"cEWAef\">\n<div class=\"QcsUad BDJ8fb BLojaf sMVRZe hCXDsb wneUed\">\n<div class=\"usGWQd\">\n<div class=\"KkbLmb\">\n<ul>\n<li class=\"lRu31\" dir=\"ltr\"><span class=\"HwtZe\" lang=\"it\"><span class=\"jCAhz JxVs2d ChMk0b\"><span class=\"ryNqvb\">Pagina del profilo dell&#8217;organizzazione per donazioni tutto l&#8217;anno <\/span><\/span><\/span><\/li>\n<li class=\"lRu31\" dir=\"ltr\"><span class=\"HwtZe\" lang=\"it\"><span class=\"jCAhz JxVs2d ChMk0b\"><span class=\"ryNqvb\">Campagne di raccolta fondi illimitate <\/span><\/span><\/span><\/li>\n<li class=\"lRu31\" dir=\"ltr\"><span class=\"HwtZe\" lang=\"it\"><span class=\"jCAhz JxVs2d ChMk0b\"><span class=\"ryNqvb\">Raccolta fondi illimitata peer-to-peer, di squadra e per eventi <\/span><\/span><\/span><\/li>\n<li class=\"lRu31\" dir=\"ltr\"><span class=\"HwtZe\" lang=\"it\"><span class=\"jCAhz JxVs2d ChMk0b\"><span class=\"ryNqvb\">Modulo di donazione incorporabile e widget di donazione per il tuo sito web <\/span><\/span><\/span><\/li>\n<li class=\"lRu31\" dir=\"ltr\"><span class=\"HwtZe\" lang=\"it\"><span class=\"jCAhz JxVs2d ChMk0b\"><span class=\"ryNqvb\">Creazione e gestione delle sovvenzioni paritarie <\/span><\/span><\/span><\/li>\n<li class=\"lRu31\" dir=\"ltr\"><span class=\"HwtZe\" lang=\"it\"><span class=\"jCAhz JxVs2d ChMk0b\"><span class=\"ryNqvb\">Esperienza di donazione personalizzabile <\/span><\/span><\/span><\/li>\n<li class=\"lRu31\" dir=\"ltr\"><span class=\"HwtZe\" lang=\"it\"><span class=\"jCAhz JxVs2d ChMk0b\"><span class=\"ryNqvb\">Gestione delle donazioni ricorrenti <\/span><\/span><\/span><\/li>\n<li class=\"lRu31\" dir=\"ltr\"><span class=\"HwtZe\" lang=\"it\"><span class=\"jCAhz JxVs2d ChMk0b\"><span class=\"ryNqvb\">Rapporti sulle donazioni in tempo reale <\/span><\/span><\/span><\/li>\n<li class=\"lRu31\" dir=\"ltr\"><span class=\"HwtZe\" lang=\"it\"><span class=\"jCAhz JxVs2d ChMk0b\"><span class=\"ryNqvb\">Gestione dei donatori <\/span><\/span><\/span><span class=\"HwtZe\" lang=\"it\"><span class=\"jCAhz JxVs2d ChMk0b\"><span class=\"ryNqvb\">CRM <\/span><\/span><\/span><\/li>\n<li class=\"lRu31\" dir=\"ltr\"><span class=\"HwtZe\" lang=\"it\"><span class=\"jCAhz JxVs2d ChMk0b\"><span class=\"ryNqvb\">Analisi dettagliate della raccolta fondi <\/span><\/span><\/span><\/li>\n<li class=\"lRu31\" dir=\"ltr\"><span class=\"HwtZe\" lang=\"it\"><span class=\"jCAhz JxVs2d ChMk0b\"><span class=\"ryNqvb\">Raccolta fondi tramite SMS <\/span><\/span><\/span><\/li>\n<li class=\"lRu31\" dir=\"ltr\"><span class=\"HwtZe\" lang=\"it\"><span class=\"jCAhz JxVs2d ChMk0b\"><span class=\"ryNqvb\">Opportunit\u00e0 di volontariato <\/span><\/span><\/span><\/li>\n<li class=\"lRu31\" dir=\"ltr\"><span class=\"HwtZe\" lang=\"it\"><span class=\"jCAhz JxVs2d ChMk0b\"><span class=\"ryNqvb\">Incoraggia le donazioni dirette, una tantum e ricorrenti, e la creazione di campagne peer-to-peer. <\/span><\/span><\/span><\/li>\n<li class=\"lRu31\" dir=\"ltr\"><span class=\"HwtZe\" lang=\"it\"><span class=\"jCAhz JxVs2d ChMk0b\"><span class=\"ryNqvb\">Utilizza la modifica di testo e contenuti in linea per dichiarazioni di intenti, eventi attuali e gallerie multimediali. <\/span><\/span><\/span><\/li>\n<li class=\"lRu31\" dir=\"ltr\"><span class=\"HwtZe\" lang=\"it\"><span class=\"jCAhz JxVs2d ChMk0b\"><span class=\"ryNqvb\">Scegli di impostare un obiettivo di raccolta fondi e mostra parametri allettanti come il numero dei donatori e l&#8217;importo raccolto. <\/span><\/span><\/span><\/li>\n<li class=\"lRu31\" dir=\"ltr\"><span class=\"HwtZe\" lang=\"it\"><span class=\"jCAhz JxVs2d ChMk0b\"><span class=\"ryNqvb\">Usalo come portale per evidenziare campagne e cause che supportano direttamente la tua organizzazione no profit.<\/span><\/span> <span class=\"jCAhz JxVs2d ChMk0b\"><span class=\"ryNqvb\">Donare \u00e8 a portata di clic.<\/span><\/span><\/span><\/li>\n<li class=\"lRu31\" dir=\"ltr\"><span class=\"HwtZe\" lang=\"it\"><span class=\"jCAhz JxVs2d ChMk0b\"><span class=\"ryNqvb\">Anni di esperienza in un forum di supporto gestito da esperti di raccolta fondi con video dimostrativi, articoli di aiuto, suggerimenti e domande frequenti. <\/span><\/span><\/span><\/li>\n<li class=\"lRu31\" dir=\"ltr\"><span class=\"HwtZe\" lang=\"it\"><span class=\"jCAhz JxVs2d ChMk0b\"><span class=\"ryNqvb\">Libreria gratuita e costantemente aggiornata di risorse interne con webinar, casi di studio, ebook e guide.<\/span><\/span><\/span><\/li>\n<\/ul>\n<h4>LE RECENSIONI DEGLI UTENTI<\/h4>\n<p><strong>Kristy &#8220;Ottima piattaforma per l&#8217;amministrazione dei donatori e la raccolta fondi&#8221;<\/strong><br \/>\n<strong>Pro<\/strong>: Mightycause ci ha davvero aiutato a avviare la raccolta fondi in modo semplice e veloce. Essendo un&#8217;organizzazione no-profit appena costituita, non disponevamo di molte risorse di personale e ci affidavamo ai volontari per impostare il nostro sito Mightycause e la raccolta fondi. Ci \u00e8 piaciuto molto il fatto che le ricevute delle donazioni vengano inviate automaticamente e che possiamo gestire e comunicare con i nostri donatori attraverso strumenti avanzati.<br \/>\n<strong>Contro<\/strong>: Niente, tutto ha funzionato perfettamente sulla piattaforma.<\/p>\n<p><strong>Jilliana &#8220;Facile e gratuito!&#8221;<\/strong><br \/>\n<strong>Commenti<\/strong>: Nel complesso, va bene. Sembra che il personale del servizio clienti non sappia tutto, quindi ho ricevuto risposte diverse da persone diverse.<br \/>\n<strong>Pro<\/strong>: Mi piace il modo in cui puoi organizzare un evento e poi avere squadre all&#8217;interno di ogni evento e organizzare una competizione. Usiamo &#8220;votare&#8221; con le donazioni, quindi questo \u00e8 importante per me.<br \/>\n<strong>Contro<\/strong>: L&#8217;immagine deve essere ritagliata a una dimensione impostata.<\/p>\n<p><strong>Austin &#8220;Semplice ed efficace&#8221;<\/strong><br \/>\n<strong>Pro<\/strong>: La parte migliore di Mightycause \u00e8 la sua semplicit\u00e0, sia per la raccolta fondi che per il donatore. Usando Mightycause, posso facilmente creare una bellissima pagina di raccolta fondi in circa dieci minuti. Dal lato del donatore \u00e8 il pi\u00f9 semplice possibile. Credimi, non dovresti MAI rendere difficile a qualcuno darti dei soldi. Allo stesso tempo, Mightycause \u00e8 potente. Ho programmato email di ringraziamento pianificate con video, ho scaricato elenchi di donatori e ho persino impostato sovvenzioni corrispondenti in tempo reale. \u00c8 una piattaforma semplice ma potente.<br \/>\n<strong>Contro<\/strong>: Manca un po&#8217; nella possibilit\u00e0 di personalizzazione. Ad esempio, il colore delle pagine delle donazioni \u00e8 tutto uguale, i caratteri sono tutti uguali, il layout della pagina \u00e8 tutto uguale. Sarebbe bello avere un po&#8217; di possibilit\u00e0 di cambiare la presentazione della pagina.<\/p>\n<\/div>\n<\/div>\n<\/div>\n<\/div>\n<\/div>\n","protected":false},"excerpt":{"rendered":"<p>Mightycause (in precedenza conosciuto come Razoo) \u00e8 una soluzione gratuita per la raccolta fondi e la gestione dei donatori online che fornisce efficaci strumenti peer-to-peer per la raccolta fondi giornaliera e di gruppo per le organizzazioni no-profit. Le funzionalit\u00e0 principali includono moduli, pagine e widget per la raccolta fondi online con marchio, gestione dei donatori e analisi approfondita dei dati.<\/p>\n","protected":false},"author":19,"featured_media":77602,"parent":35419,"menu_order":0,"comment_status":"open","ping_status":"closed","template":"g1_template_page_review_new.php","meta":{"_acf_changed":false,"cwp_meta_box_check":"Yes","cwp_rev_product_name":"","cwp_rev_product_image":"","wppr_links":[],"cwp_rev_price":"0.00","wppr_options":[{"name":"Usability","value":"0"},{"name":"Speed","value":"0"},{"name":"Features","value":"0"},{"name":"Support","value":"0"},{"name":"Pricing","value":"0"}],"wppr_pros":["","","","",""],"wppr_cons":["","","","",""],"_monsterinsights_skip_tracking":false,"_monsterinsights_sitenote_active":false,"_monsterinsights_sitenote_note":"","_monsterinsights_sitenote_category":0,"footnotes":""},"categories":[4851],"tags":[15144,4852,4878,4855,4877,4854,4875,4909,4876],"features":[],"class_list":{"0":"post-77599","1":"page","2":"type-page","3":"status-publish","4":"has-post-thumbnail","6":"category-piattaforme-per-fundraising-categoria","7":"tag-mightycause","8":"tag-piattaforma-per-fundraising","9":"tag-piattaforma-raccolta-fondi","10":"tag-programma-per-fundraising","11":"tag-programma-raccolta-fondi","12":"tag-software-per-fundraising","13":"tag-software-raccolta-fondi","14":"tag-soluzione-per-fundraising","15":"tag-soluzione-raccolta-fondi"},"wppr_data":{"cwp_meta_box_check":"Yes","_wppr_review_template":"default","cwp_rev_product_image":"","cwp_image_link":"image","wppr_links":[],"cwp_rev_price":"0.00","wppr_pros":["","","","",""],"wppr_cons":["","","","",""],"wppr_rating":"0.00","wppr_options":{"1":{"name":"Usability","value":"0"},"2":{"name":"Speed","value":"0"},"3":{"name":"Features","value":"0"},"4":{"name":"Support","value":"0"},"5":{"name":"Pricing","value":"0"}},"wppr_review_type":"Product","wppr_review_custom_fields":{"additionalProperty":"","additionalType":"","aggregateRating":"","alternateName":"","audience":"","award":"","awards":"","brand":"","color":"","depth":"","description":"","disambiguatingDescription":"","gtin12":"","gtin13":"","gtin14":"","gtin8":"","height":"","identifier":"","image":"","isAccessoryOrSparePartFor":"","isConsumableFor":"","isRelatedTo":"","isSimilarTo":"","itemCondition":"","logo":"","mainEntityOfPage":"","manufacturer":"","material":"","model":"","mpn":"","name":"","offers":"","potentialAction":"","productID":"","productionDate":"","purchaseDate":"","releaseDate":"","review":"","reviews":"","sameAs":"","sku":"","slogan":"","subjectOf":"","url":"","weight":"","width":""}},"acf":[],"yoast_head":"<!-- This site is optimized with the Yoast SEO plugin v27.4 - https:\/\/yoast.com\/product\/yoast-seo-wordpress\/ -->\n<title>Mightycause: recensione software per fundraising - Accurate Reviews<\/title>\n<meta name=\"description\" content=\"Mightycause: recensione soluzione per la raccolta fondi e la gestione dei donatori online che fornisce efficaci strumenti peer-to-peer.\" \/>\n<meta name=\"robots\" content=\"index, follow, max-snippet:-1, max-image-preview:large, max-video-preview:-1\" \/>\n<link rel=\"canonical\" href=\"https:\/\/www.accuratereviews.com\/it\/piattaforme-per-fundraising\/mightycause-recensione\/\" \/>\n<meta property=\"og:locale\" content=\"it_IT\" \/>\n<meta property=\"og:type\" content=\"article\" \/>\n<meta property=\"og:title\" content=\"Mightycause: recensione software per fundraising - Accurate Reviews\" \/>\n<meta property=\"og:description\" content=\"Mightycause: recensione soluzione per la raccolta fondi e la gestione dei donatori online che fornisce efficaci strumenti peer-to-peer.\" \/>\n<meta property=\"og:url\" content=\"https:\/\/www.accuratereviews.com\/it\/piattaforme-per-fundraising\/mightycause-recensione\/\" \/>\n<meta property=\"og:site_name\" content=\"Accurate Reviews\" \/>\n<meta property=\"article:modified_time\" content=\"2024-07-03T18:01:32+00:00\" \/>\n<meta property=\"og:image\" content=\"https:\/\/www.accuratereviews.com\/wp-content\/uploads\/2024\/07\/Mightycause.png\" \/>\n\t<meta property=\"og:image:width\" content=\"400\" \/>\n\t<meta property=\"og:image:height\" content=\"260\" \/>\n\t<meta property=\"og:image:type\" content=\"image\/png\" \/>\n<meta name=\"twitter:card\" content=\"summary_large_image\" \/>\n<meta name=\"twitter:label1\" content=\"Tempo di lettura stimato\" \/>\n\t<meta name=\"twitter:data1\" content=\"5 minuti\" \/>\n<script type=\"application\/ld+json\" class=\"yoast-schema-graph\">{\"@context\":\"https:\\\/\\\/schema.org\",\"@graph\":[{\"@type\":\"WebPage\",\"@id\":\"https:\\\/\\\/www.accuratereviews.com\\\/it\\\/piattaforme-per-fundraising\\\/mightycause-recensione\\\/\",\"url\":\"https:\\\/\\\/www.accuratereviews.com\\\/it\\\/piattaforme-per-fundraising\\\/mightycause-recensione\\\/\",\"name\":\"Mightycause: recensione software per fundraising - Accurate Reviews\",\"isPartOf\":{\"@id\":\"https:\\\/\\\/www.accuratereviews.com\\\/it\\\/#website\"},\"primaryImageOfPage\":{\"@id\":\"https:\\\/\\\/www.accuratereviews.com\\\/it\\\/piattaforme-per-fundraising\\\/mightycause-recensione\\\/#primaryimage\"},\"image\":{\"@id\":\"https:\\\/\\\/www.accuratereviews.com\\\/it\\\/piattaforme-per-fundraising\\\/mightycause-recensione\\\/#primaryimage\"},\"thumbnailUrl\":\"https:\\\/\\\/www.accuratereviews.com\\\/wp-content\\\/uploads\\\/2024\\\/07\\\/Mightycause.png\",\"datePublished\":\"2024-07-02T16:14:03+00:00\",\"dateModified\":\"2024-07-03T18:01:32+00:00\",\"description\":\"Mightycause: recensione soluzione per la raccolta fondi e la gestione dei donatori online che fornisce efficaci strumenti peer-to-peer.\",\"breadcrumb\":{\"@id\":\"https:\\\/\\\/www.accuratereviews.com\\\/it\\\/piattaforme-per-fundraising\\\/mightycause-recensione\\\/#breadcrumb\"},\"inLanguage\":\"it-IT\",\"potentialAction\":[{\"@type\":\"ReadAction\",\"target\":[\"https:\\\/\\\/www.accuratereviews.com\\\/it\\\/piattaforme-per-fundraising\\\/mightycause-recensione\\\/\"]}]},{\"@type\":\"ImageObject\",\"inLanguage\":\"it-IT\",\"@id\":\"https:\\\/\\\/www.accuratereviews.com\\\/it\\\/piattaforme-per-fundraising\\\/mightycause-recensione\\\/#primaryimage\",\"url\":\"https:\\\/\\\/www.accuratereviews.com\\\/wp-content\\\/uploads\\\/2024\\\/07\\\/Mightycause.png\",\"contentUrl\":\"https:\\\/\\\/www.accuratereviews.com\\\/wp-content\\\/uploads\\\/2024\\\/07\\\/Mightycause.png\",\"width\":400,\"height\":260},{\"@type\":\"BreadcrumbList\",\"@id\":\"https:\\\/\\\/www.accuratereviews.com\\\/it\\\/piattaforme-per-fundraising\\\/mightycause-recensione\\\/#breadcrumb\",\"itemListElement\":[{\"@type\":\"ListItem\",\"position\":1,\"name\":\"Home\",\"item\":\"https:\\\/\\\/www.accuratereviews.com\\\/it\\\/\"},{\"@type\":\"ListItem\",\"position\":2,\"name\":\"Piattaforme per fundraising\",\"item\":\"https:\\\/\\\/www.accuratereviews.com\\\/it\\\/piattaforme-per-fundraising\\\/\"},{\"@type\":\"ListItem\",\"position\":3,\"name\":\"Mightycause\"}]},{\"@type\":\"WebSite\",\"@id\":\"https:\\\/\\\/www.accuratereviews.com\\\/it\\\/#website\",\"url\":\"https:\\\/\\\/www.accuratereviews.com\\\/it\\\/\",\"name\":\"Accurate Reviews\",\"description\":\"\",\"potentialAction\":[{\"@type\":\"SearchAction\",\"target\":{\"@type\":\"EntryPoint\",\"urlTemplate\":\"https:\\\/\\\/www.accuratereviews.com\\\/it\\\/?s={search_term_string}\"},\"query-input\":{\"@type\":\"PropertyValueSpecification\",\"valueRequired\":true,\"valueName\":\"search_term_string\"}}],\"inLanguage\":\"it-IT\"}]}<\/script>\n<!-- \/ Yoast SEO plugin. -->","yoast_head_json":{"title":"Mightycause: recensione software per fundraising - Accurate Reviews","description":"Mightycause: recensione soluzione per la raccolta fondi e la gestione dei donatori online che fornisce efficaci strumenti peer-to-peer.","robots":{"index":"index","follow":"follow","max-snippet":"max-snippet:-1","max-image-preview":"max-image-preview:large","max-video-preview":"max-video-preview:-1"},"canonical":"https:\/\/www.accuratereviews.com\/it\/piattaforme-per-fundraising\/mightycause-recensione\/","og_locale":"it_IT","og_type":"article","og_title":"Mightycause: recensione software per fundraising - Accurate Reviews","og_description":"Mightycause: recensione soluzione per la raccolta fondi e la gestione dei donatori online che fornisce efficaci strumenti peer-to-peer.","og_url":"https:\/\/www.accuratereviews.com\/it\/piattaforme-per-fundraising\/mightycause-recensione\/","og_site_name":"Accurate Reviews","article_modified_time":"2024-07-03T18:01:32+00:00","og_image":[{"width":400,"height":260,"url":"https:\/\/www.accuratereviews.com\/wp-content\/uploads\/2024\/07\/Mightycause.png","type":"image\/png"}],"twitter_card":"summary_large_image","twitter_misc":{"Tempo di lettura stimato":"5 minuti"},"schema":{"@context":"https:\/\/schema.org","@graph":[{"@type":"WebPage","@id":"https:\/\/www.accuratereviews.com\/it\/piattaforme-per-fundraising\/mightycause-recensione\/","url":"https:\/\/www.accuratereviews.com\/it\/piattaforme-per-fundraising\/mightycause-recensione\/","name":"Mightycause: recensione software per fundraising - Accurate Reviews","isPartOf":{"@id":"https:\/\/www.accuratereviews.com\/it\/#website"},"primaryImageOfPage":{"@id":"https:\/\/www.accuratereviews.com\/it\/piattaforme-per-fundraising\/mightycause-recensione\/#primaryimage"},"image":{"@id":"https:\/\/www.accuratereviews.com\/it\/piattaforme-per-fundraising\/mightycause-recensione\/#primaryimage"},"thumbnailUrl":"https:\/\/www.accuratereviews.com\/wp-content\/uploads\/2024\/07\/Mightycause.png","datePublished":"2024-07-02T16:14:03+00:00","dateModified":"2024-07-03T18:01:32+00:00","description":"Mightycause: recensione soluzione per la raccolta fondi e la gestione dei donatori online che fornisce efficaci strumenti peer-to-peer.","breadcrumb":{"@id":"https:\/\/www.accuratereviews.com\/it\/piattaforme-per-fundraising\/mightycause-recensione\/#breadcrumb"},"inLanguage":"it-IT","potentialAction":[{"@type":"ReadAction","target":["https:\/\/www.accuratereviews.com\/it\/piattaforme-per-fundraising\/mightycause-recensione\/"]}]},{"@type":"ImageObject","inLanguage":"it-IT","@id":"https:\/\/www.accuratereviews.com\/it\/piattaforme-per-fundraising\/mightycause-recensione\/#primaryimage","url":"https:\/\/www.accuratereviews.com\/wp-content\/uploads\/2024\/07\/Mightycause.png","contentUrl":"https:\/\/www.accuratereviews.com\/wp-content\/uploads\/2024\/07\/Mightycause.png","width":400,"height":260},{"@type":"BreadcrumbList","@id":"https:\/\/www.accuratereviews.com\/it\/piattaforme-per-fundraising\/mightycause-recensione\/#breadcrumb","itemListElement":[{"@type":"ListItem","position":1,"name":"Home","item":"https:\/\/www.accuratereviews.com\/it\/"},{"@type":"ListItem","position":2,"name":"Piattaforme per fundraising","item":"https:\/\/www.accuratereviews.com\/it\/piattaforme-per-fundraising\/"},{"@type":"ListItem","position":3,"name":"Mightycause"}]},{"@type":"WebSite","@id":"https:\/\/www.accuratereviews.com\/it\/#website","url":"https:\/\/www.accuratereviews.com\/it\/","name":"Accurate Reviews","description":"","potentialAction":[{"@type":"SearchAction","target":{"@type":"EntryPoint","urlTemplate":"https:\/\/www.accuratereviews.com\/it\/?s={search_term_string}"},"query-input":{"@type":"PropertyValueSpecification","valueRequired":true,"valueName":"search_term_string"}}],"inLanguage":"it-IT"}]}},"_links":{"self":[{"href":"https:\/\/www.accuratereviews.com\/it\/wp-json\/wp\/v2\/pages\/77599","targetHints":{"allow":["GET"]}}],"collection":[{"href":"https:\/\/www.accuratereviews.com\/it\/wp-json\/wp\/v2\/pages"}],"about":[{"href":"https:\/\/www.accuratereviews.com\/it\/wp-json\/wp\/v2\/types\/page"}],"author":[{"embeddable":true,"href":"https:\/\/www.accuratereviews.com\/it\/wp-json\/wp\/v2\/users\/19"}],"replies":[{"embeddable":true,"href":"https:\/\/www.accuratereviews.com\/it\/wp-json\/wp\/v2\/comments?post=77599"}],"version-history":[{"count":11,"href":"https:\/\/www.accuratereviews.com\/it\/wp-json\/wp\/v2\/pages\/77599\/revisions"}],"predecessor-version":[{"id":77664,"href":"https:\/\/www.accuratereviews.com\/it\/wp-json\/wp\/v2\/pages\/77599\/revisions\/77664"}],"up":[{"embeddable":true,"href":"https:\/\/www.accuratereviews.com\/it\/wp-json\/wp\/v2\/pages\/35419"}],"wp:featuredmedia":[{"embeddable":true,"href":"https:\/\/www.accuratereviews.com\/it\/wp-json\/wp\/v2\/media\/77602"}],"wp:attachment":[{"href":"https:\/\/www.accuratereviews.com\/it\/wp-json\/wp\/v2\/media?parent=77599"}],"wp:term":[{"taxonomy":"category","embeddable":true,"href":"https:\/\/www.accuratereviews.com\/it\/wp-json\/wp\/v2\/categories?post=77599"},{"taxonomy":"post_tag","embeddable":true,"href":"https:\/\/www.accuratereviews.com\/it\/wp-json\/wp\/v2\/tags?post=77599"},{"taxonomy":"features","embeddable":true,"href":"https:\/\/www.accuratereviews.com\/it\/wp-json\/wp\/v2\/features?post=77599"}],"curies":[{"name":"wp","href":"https:\/\/api.w.org\/{rel}","templated":true}]}}