{"id":77671,"date":"2024-07-04T17:06:41","date_gmt":"2024-07-04T17:06:41","guid":{"rendered":"https:\/\/www.accuratereviews.com\/?page_id=77671"},"modified":"2024-07-08T10:19:13","modified_gmt":"2024-07-08T10:19:13","slug":"funraise-recensione","status":"publish","type":"page","link":"https:\/\/www.accuratereviews.com\/it\/piattaforme-per-fundraising\/funraise-recensione\/","title":{"rendered":"Funraise"},"content":{"rendered":"<p><strong>Funraise<\/strong> \u00e8 una piattaforma completa di <strong>raccolta fondi<\/strong> senza scopo di lucro che ospita funzionalit\u00e0 avanzate di raccolta fondi all&#8217;interno di una piattaforma web intuitiva. Le funzionalit\u00e0 includono moduli per donazioni, screening patrimoniali, siti web per fundraising peer-to-peer, automazione della posta elettronica, gestione dei donatori, analisi dei dati di raccolta fondi e una variet\u00e0 di integrazioni, il tutto a una vasta gamma di prezzi, incluso <strong>Funraise Free<\/strong>.<br \/>\nGli utenti possono creare pagine di donazioni e siti web nonch\u00e9 utilizzare i modelli di siti web progettati da professionisti della raccolta fondi senza scopo di lucro, che possono essere inseriti in un editor con pochi clic. Gli utenti possono creare moduli di donazione personalizzabili e inserirli ovunque nel proprio sito web. Le organizzazioni possono anche inviare email automatizzate attivate dall&#8217;attivit\u00e0 dei sostenitori.<\/p>\n<h2>FUNRAISE &#8211; TUTORIAL<\/h2>\n<div id=\"fluid-wrapper-counter-1\" class=\"g1-fluid-wrapper \" style=\"width:686px;\">\n<div style=\"padding-bottom:56.268221574344%;\"><iframe loading=\"lazy\" title=\"Navigating Funraise | Funraise 101 | Lesson 02\" width=\"686\" height=\"386\" src=\"https:\/\/www.youtube.com\/embed\/6cnQvnbdXQI?feature=oembed&amp;wmode=transparent&amp;autohide=1&amp;autoplay=0&amp;disablekb=0&amp;fs=1&amp;loop=0&amp;enablejsapi=1&amp;rel=0&amp;controls=2&amp;showinfo=0&amp;wmode=transparent&amp;autohide=2&amp;autoplay=0&amp;disablekb=0&amp;fs=1&amp;loop=0&amp;enablejsapi=1&amp;rel=0&amp;controls=2&amp;showinfo=1\" frameborder=\"0\" allow=\"accelerometer; autoplay; clipboard-write; encrypted-media; gyroscope; picture-in-picture; web-share\" referrerpolicy=\"strict-origin-when-cross-origin\" allowfullscreen><\/iframe><\/div>\n<\/div>\n<h3>FUNRAISE &#8211; CARATTERISTICHE<\/h3>\n<ul>\n<li><strong>Moduli di donazione incorporat<\/strong>i: aggiungi facilmente moduli di donazione al sito web della tua organizzazione in modo che la tua organizzazione no profit possa raccogliere donazioni direttamente sul tuo sito web.<\/li>\n<li><strong>Apprendimento automatico<\/strong>: utilizza l&#8217;apprendimento automatico per aumentare i tassi di conversione visualizzando gli importi richiesti personalizzati per i tuoi donatori.<\/li>\n<li><strong>Moduli di donazione popup<\/strong>: i moduli popup per le donazioni forniscono un&#8217;esperienza di donazione eccezionale sia su desktop che su dispositivi mobili.<\/li>\n<li><strong>Aggiornamenti ricorrenti<\/strong>: aumenta le donazioni ricorrenti con un suggerimento di aggiornamento ricorrente automatizzato nel flusso di donazioni.<\/li>\n<li><strong>Altre opzioni di pagamento<\/strong>: incoraggia i donatori a utilizzare il metodo di pagamento preferito nei moduli di raccolta fondi. I moduli di donazione possono raccogliere donazioni con carta di credito, PayPal, eCheck e persino Bitcoin.<\/li>\n<li><strong>Donazioni protette da SSL<\/strong>: tutte le donazioni vengono effettuate tramite la connessione pi\u00f9 sicura disponibile, cos\u00ec i tuoi donatori possono donare con fiducia. SSL o &#8220;Secure Socket Layer&#8221; \u00e8 lo standard di riferimento nella sicurezza delle informazioni digitali, utilizzato dalle banche e dagli strumenti di pagamento online, nonch\u00e9 dai moduli di donazione del sito web.<\/li>\n<li><strong>Abbinamento aziendale<\/strong>: incoraggia i tuoi donatori a trarre vantaggio dalle donazioni corrispondenti del loro datore di lavoro. Attraverso le integrazioni, i tuoi donatori possono facilmente cercare il proprio datore di lavoro e richiedere un abbinamento di donazioni aziendali sul modulo di donazione.<\/li>\n<li><strong>Monitoraggio dell&#8217;UTM<\/strong>: acquisisci parametri UTM con donazioni per tenere traccia dei dati di origine. Dai un senso al tuo traffico online e al ROI della spesa pubblicitaria.<\/li>\n<li><strong>Dediche di donazione<\/strong>: consenti ai donatori di dedicare la loro donazione a una persona cara e di condividere automaticamente la loro dedizione tramite un&#8217;e-mail attivata dal modulo di donazione.<\/li>\n<\/ul>\n<h4>LE RECENSIONI DEGLI UTENTI<\/h4>\n<p><strong>Lea &#8220;L&#8217;assistenza clienti di Funraise \u00e8 fantastica&#8221;<\/strong><br \/>\n<strong>Pro<\/strong>: Possibilit\u00e0 di accedere ai donatori e alle informazioni sulle donazioni<br \/>\n<strong>Contro<\/strong>: Le commissioni per le transazioni online sono troppo elevate quando i donatori coprono le commissioni<\/p>\n<p><strong>Megan &#8220;Ottimo servizio clienti e funzionalit\u00e0 preziose&#8221;<\/strong><br \/>\n<strong>Commenti<\/strong>: Funraise \u00e8 un&#8217;ottima soluzione per la nostra organizzazione. Abbiamo preso la decisione di passare a Funraise alla ricerca di un ottimo servizio clienti e di funzionalit\u00e0 coerenti e l&#8217;abbiamo ottenuto.<br \/>\n<strong>Pro<\/strong>: Funraise ha un ottimo servizio clienti. Non ho mai ricevuto una risposta a una domanda o richiesta di supporto che sembrava preconfezionata o che l&#8217;agente dell&#8217;assistenza non si fosse preso del tempo per leggere e indagare effettivamente sul problema. Apprezzo molto anche il fatto che ti mettano in contatto direttamente con il loro team di ingegneri quando appropriato. \u00c8 molto utile parlare direttamente con gli ingegneri ogni volta che c&#8217;\u00e8 una domanda o un problema tecnico.<br \/>\n<strong>Contro<\/strong>: Vorrei che ci fossero pi\u00f9 opzioni per personalizzare le email automatizzate e le attivit\u00e0 impostate in Funraise. Ci sono alcuni casi d&#8217;uso o automazioni che mi piacerebbe creare o personalizzare, ma non sempre riesco a farlo.<\/p>\n<p><strong>Ellie &#8220;Questo \u00e8 ottimo per le donazioni mensili&#8221;<\/strong><br \/>\n<strong>Pro<\/strong>: Ho scelto questo prodotto per il semplice widget di donazioni mensili disponibile sul nostro sito web. Utilizza l&#8217;intelligenza artificiale per determinare quanto chiedere alla persona, il che \u00e8 piuttosto interessante.<br \/>\n<strong>Contro<\/strong>: Pagare qualsiasi software come organizzazione no-profit \u00e8 doloroso, ma ne vale la pena.<\/p>\n","protected":false},"excerpt":{"rendered":"<p>Funraise \u00e8 una piattaforma completa di raccolta fondi senza scopo di lucro che ospita funzionalit\u00e0 avanzate di raccolta fondi all&#8217;interno di una piattaforma web intuitiva. Le funzionalit\u00e0 includono moduli per donazioni, screening patrimoniali, siti web per fundraising peer-to-peer, automazione della posta elettronica, gestione dei donatori, analisi dei dati di raccolta fondi e una variet\u00e0 di integrazioni, il tutto a una vasta gamma di prezzi, incluso Funraise Free.<\/p>\n","protected":false},"author":19,"featured_media":77673,"parent":35419,"menu_order":0,"comment_status":"open","ping_status":"closed","template":"g1_template_page_review_new.php","meta":{"_acf_changed":false,"cwp_meta_box_check":"Yes","cwp_rev_product_name":"","cwp_rev_product_image":"","wppr_links":[],"cwp_rev_price":"0.00","wppr_options":[{"name":"Usability","value":"0"},{"name":"Speed","value":"0"},{"name":"Features","value":"0"},{"name":"Support","value":"0"},{"name":"Pricing","value":"0"}],"wppr_pros":["","","","",""],"wppr_cons":["","","","",""],"_monsterinsights_skip_tracking":false,"_monsterinsights_sitenote_active":false,"_monsterinsights_sitenote_note":"","_monsterinsights_sitenote_category":0,"footnotes":""},"categories":[4851],"tags":[15156,4852,4878,4855,4877,4859,4854,4875,4909,4876],"features":[],"class_list":{"0":"post-77671","1":"page","2":"type-page","3":"status-publish","4":"has-post-thumbnail","6":"category-piattaforme-per-fundraising-categoria","7":"tag-funraise","8":"tag-piattaforma-per-fundraising","9":"tag-piattaforma-raccolta-fondi","10":"tag-programma-per-fundraising","11":"tag-programma-raccolta-fondi","12":"tag-raccolta-fondi","13":"tag-software-per-fundraising","14":"tag-software-raccolta-fondi","15":"tag-soluzione-per-fundraising","16":"tag-soluzione-raccolta-fondi"},"wppr_data":{"cwp_meta_box_check":"Yes","_wppr_review_template":"default","cwp_rev_product_image":"","cwp_image_link":"image","wppr_links":[],"cwp_rev_price":"0.00","wppr_pros":["","","","",""],"wppr_cons":["","","","",""],"wppr_rating":"0.00","wppr_options":{"1":{"name":"Usability","value":"0"},"2":{"name":"Speed","value":"0"},"3":{"name":"Features","value":"0"},"4":{"name":"Support","value":"0"},"5":{"name":"Pricing","value":"0"}},"wppr_review_type":"Product","wppr_review_custom_fields":{"additionalProperty":"","additionalType":"","aggregateRating":"","alternateName":"","audience":"","award":"","awards":"","brand":"","color":"","depth":"","description":"","disambiguatingDescription":"","gtin12":"","gtin13":"","gtin14":"","gtin8":"","height":"","identifier":"","image":"","isAccessoryOrSparePartFor":"","isConsumableFor":"","isRelatedTo":"","isSimilarTo":"","itemCondition":"","logo":"","mainEntityOfPage":"","manufacturer":"","material":"","model":"","mpn":"","name":"","offers":"","potentialAction":"","productID":"","productionDate":"","purchaseDate":"","releaseDate":"","review":"","reviews":"","sameAs":"","sku":"","slogan":"","subjectOf":"","url":"","weight":"","width":""}},"acf":[],"yoast_head":"<!-- This site is optimized with the Yoast SEO plugin v27.4 - https:\/\/yoast.com\/product\/yoast-seo-wordpress\/ -->\n<title>Funraise: recensione software per raccolta fondi - Accurate Reviews<\/title>\n<meta name=\"description\" content=\"Funraise: recensione piattaforma completa che ospita funzionalit\u00e0 avanzate di raccolta fondi all&#039;interno di una piattaforma web intuitiva.\" \/>\n<meta name=\"robots\" content=\"index, follow, max-snippet:-1, max-image-preview:large, max-video-preview:-1\" \/>\n<link rel=\"canonical\" href=\"https:\/\/www.accuratereviews.com\/it\/piattaforme-per-fundraising\/funraise-recensione\/\" \/>\n<meta property=\"og:locale\" content=\"it_IT\" \/>\n<meta property=\"og:type\" content=\"article\" \/>\n<meta property=\"og:title\" content=\"Funraise: recensione software per raccolta fondi - Accurate Reviews\" \/>\n<meta property=\"og:description\" content=\"Funraise: recensione piattaforma completa che ospita funzionalit\u00e0 avanzate di raccolta fondi all&#039;interno di una piattaforma web intuitiva.\" \/>\n<meta property=\"og:url\" content=\"https:\/\/www.accuratereviews.com\/it\/piattaforme-per-fundraising\/funraise-recensione\/\" \/>\n<meta property=\"og:site_name\" content=\"Accurate Reviews\" \/>\n<meta property=\"article:modified_time\" content=\"2024-07-08T10:19:13+00:00\" \/>\n<meta property=\"og:image\" content=\"https:\/\/www.accuratereviews.com\/wp-content\/uploads\/2024\/07\/Funraise.png\" \/>\n\t<meta property=\"og:image:width\" content=\"200\" \/>\n\t<meta property=\"og:image:height\" content=\"200\" \/>\n\t<meta property=\"og:image:type\" content=\"image\/png\" \/>\n<meta name=\"twitter:card\" content=\"summary_large_image\" \/>\n<meta name=\"twitter:label1\" content=\"Tempo di lettura stimato\" \/>\n\t<meta name=\"twitter:data1\" content=\"5 minuti\" \/>\n<script type=\"application\/ld+json\" class=\"yoast-schema-graph\">{\"@context\":\"https:\\\/\\\/schema.org\",\"@graph\":[{\"@type\":\"WebPage\",\"@id\":\"https:\\\/\\\/www.accuratereviews.com\\\/it\\\/piattaforme-per-fundraising\\\/funraise-recensione\\\/\",\"url\":\"https:\\\/\\\/www.accuratereviews.com\\\/it\\\/piattaforme-per-fundraising\\\/funraise-recensione\\\/\",\"name\":\"Funraise: recensione software per raccolta fondi - Accurate Reviews\",\"isPartOf\":{\"@id\":\"https:\\\/\\\/www.accuratereviews.com\\\/it\\\/#website\"},\"primaryImageOfPage\":{\"@id\":\"https:\\\/\\\/www.accuratereviews.com\\\/it\\\/piattaforme-per-fundraising\\\/funraise-recensione\\\/#primaryimage\"},\"image\":{\"@id\":\"https:\\\/\\\/www.accuratereviews.com\\\/it\\\/piattaforme-per-fundraising\\\/funraise-recensione\\\/#primaryimage\"},\"thumbnailUrl\":\"https:\\\/\\\/www.accuratereviews.com\\\/wp-content\\\/uploads\\\/2024\\\/07\\\/Funraise.png\",\"datePublished\":\"2024-07-04T17:06:41+00:00\",\"dateModified\":\"2024-07-08T10:19:13+00:00\",\"description\":\"Funraise: recensione piattaforma completa che ospita funzionalit\u00e0 avanzate di raccolta fondi all'interno di una piattaforma web intuitiva.\",\"breadcrumb\":{\"@id\":\"https:\\\/\\\/www.accuratereviews.com\\\/it\\\/piattaforme-per-fundraising\\\/funraise-recensione\\\/#breadcrumb\"},\"inLanguage\":\"it-IT\",\"potentialAction\":[{\"@type\":\"ReadAction\",\"target\":[\"https:\\\/\\\/www.accuratereviews.com\\\/it\\\/piattaforme-per-fundraising\\\/funraise-recensione\\\/\"]}]},{\"@type\":\"ImageObject\",\"inLanguage\":\"it-IT\",\"@id\":\"https:\\\/\\\/www.accuratereviews.com\\\/it\\\/piattaforme-per-fundraising\\\/funraise-recensione\\\/#primaryimage\",\"url\":\"https:\\\/\\\/www.accuratereviews.com\\\/wp-content\\\/uploads\\\/2024\\\/07\\\/Funraise.png\",\"contentUrl\":\"https:\\\/\\\/www.accuratereviews.com\\\/wp-content\\\/uploads\\\/2024\\\/07\\\/Funraise.png\",\"width\":200,\"height\":200},{\"@type\":\"BreadcrumbList\",\"@id\":\"https:\\\/\\\/www.accuratereviews.com\\\/it\\\/piattaforme-per-fundraising\\\/funraise-recensione\\\/#breadcrumb\",\"itemListElement\":[{\"@type\":\"ListItem\",\"position\":1,\"name\":\"Home\",\"item\":\"https:\\\/\\\/www.accuratereviews.com\\\/it\\\/\"},{\"@type\":\"ListItem\",\"position\":2,\"name\":\"Piattaforme per fundraising\",\"item\":\"https:\\\/\\\/www.accuratereviews.com\\\/it\\\/piattaforme-per-fundraising\\\/\"},{\"@type\":\"ListItem\",\"position\":3,\"name\":\"Funraise\"}]},{\"@type\":\"WebSite\",\"@id\":\"https:\\\/\\\/www.accuratereviews.com\\\/it\\\/#website\",\"url\":\"https:\\\/\\\/www.accuratereviews.com\\\/it\\\/\",\"name\":\"Accurate Reviews\",\"description\":\"\",\"potentialAction\":[{\"@type\":\"SearchAction\",\"target\":{\"@type\":\"EntryPoint\",\"urlTemplate\":\"https:\\\/\\\/www.accuratereviews.com\\\/it\\\/?s={search_term_string}\"},\"query-input\":{\"@type\":\"PropertyValueSpecification\",\"valueRequired\":true,\"valueName\":\"search_term_string\"}}],\"inLanguage\":\"it-IT\"}]}<\/script>\n<!-- \/ Yoast SEO plugin. -->","yoast_head_json":{"title":"Funraise: recensione software per raccolta fondi - Accurate Reviews","description":"Funraise: recensione piattaforma completa che ospita funzionalit\u00e0 avanzate di raccolta fondi all'interno di una piattaforma web intuitiva.","robots":{"index":"index","follow":"follow","max-snippet":"max-snippet:-1","max-image-preview":"max-image-preview:large","max-video-preview":"max-video-preview:-1"},"canonical":"https:\/\/www.accuratereviews.com\/it\/piattaforme-per-fundraising\/funraise-recensione\/","og_locale":"it_IT","og_type":"article","og_title":"Funraise: recensione software per raccolta fondi - Accurate Reviews","og_description":"Funraise: recensione piattaforma completa che ospita funzionalit\u00e0 avanzate di raccolta fondi all'interno di una piattaforma web intuitiva.","og_url":"https:\/\/www.accuratereviews.com\/it\/piattaforme-per-fundraising\/funraise-recensione\/","og_site_name":"Accurate Reviews","article_modified_time":"2024-07-08T10:19:13+00:00","og_image":[{"width":200,"height":200,"url":"https:\/\/www.accuratereviews.com\/wp-content\/uploads\/2024\/07\/Funraise.png","type":"image\/png"}],"twitter_card":"summary_large_image","twitter_misc":{"Tempo di lettura stimato":"5 minuti"},"schema":{"@context":"https:\/\/schema.org","@graph":[{"@type":"WebPage","@id":"https:\/\/www.accuratereviews.com\/it\/piattaforme-per-fundraising\/funraise-recensione\/","url":"https:\/\/www.accuratereviews.com\/it\/piattaforme-per-fundraising\/funraise-recensione\/","name":"Funraise: recensione software per raccolta fondi - Accurate Reviews","isPartOf":{"@id":"https:\/\/www.accuratereviews.com\/it\/#website"},"primaryImageOfPage":{"@id":"https:\/\/www.accuratereviews.com\/it\/piattaforme-per-fundraising\/funraise-recensione\/#primaryimage"},"image":{"@id":"https:\/\/www.accuratereviews.com\/it\/piattaforme-per-fundraising\/funraise-recensione\/#primaryimage"},"thumbnailUrl":"https:\/\/www.accuratereviews.com\/wp-content\/uploads\/2024\/07\/Funraise.png","datePublished":"2024-07-04T17:06:41+00:00","dateModified":"2024-07-08T10:19:13+00:00","description":"Funraise: recensione piattaforma completa che ospita funzionalit\u00e0 avanzate di raccolta fondi all'interno di una piattaforma web intuitiva.","breadcrumb":{"@id":"https:\/\/www.accuratereviews.com\/it\/piattaforme-per-fundraising\/funraise-recensione\/#breadcrumb"},"inLanguage":"it-IT","potentialAction":[{"@type":"ReadAction","target":["https:\/\/www.accuratereviews.com\/it\/piattaforme-per-fundraising\/funraise-recensione\/"]}]},{"@type":"ImageObject","inLanguage":"it-IT","@id":"https:\/\/www.accuratereviews.com\/it\/piattaforme-per-fundraising\/funraise-recensione\/#primaryimage","url":"https:\/\/www.accuratereviews.com\/wp-content\/uploads\/2024\/07\/Funraise.png","contentUrl":"https:\/\/www.accuratereviews.com\/wp-content\/uploads\/2024\/07\/Funraise.png","width":200,"height":200},{"@type":"BreadcrumbList","@id":"https:\/\/www.accuratereviews.com\/it\/piattaforme-per-fundraising\/funraise-recensione\/#breadcrumb","itemListElement":[{"@type":"ListItem","position":1,"name":"Home","item":"https:\/\/www.accuratereviews.com\/it\/"},{"@type":"ListItem","position":2,"name":"Piattaforme per fundraising","item":"https:\/\/www.accuratereviews.com\/it\/piattaforme-per-fundraising\/"},{"@type":"ListItem","position":3,"name":"Funraise"}]},{"@type":"WebSite","@id":"https:\/\/www.accuratereviews.com\/it\/#website","url":"https:\/\/www.accuratereviews.com\/it\/","name":"Accurate Reviews","description":"","potentialAction":[{"@type":"SearchAction","target":{"@type":"EntryPoint","urlTemplate":"https:\/\/www.accuratereviews.com\/it\/?s={search_term_string}"},"query-input":{"@type":"PropertyValueSpecification","valueRequired":true,"valueName":"search_term_string"}}],"inLanguage":"it-IT"}]}},"_links":{"self":[{"href":"https:\/\/www.accuratereviews.com\/it\/wp-json\/wp\/v2\/pages\/77671","targetHints":{"allow":["GET"]}}],"collection":[{"href":"https:\/\/www.accuratereviews.com\/it\/wp-json\/wp\/v2\/pages"}],"about":[{"href":"https:\/\/www.accuratereviews.com\/it\/wp-json\/wp\/v2\/types\/page"}],"author":[{"embeddable":true,"href":"https:\/\/www.accuratereviews.com\/it\/wp-json\/wp\/v2\/users\/19"}],"replies":[{"embeddable":true,"href":"https:\/\/www.accuratereviews.com\/it\/wp-json\/wp\/v2\/comments?post=77671"}],"version-history":[{"count":12,"href":"https:\/\/www.accuratereviews.com\/it\/wp-json\/wp\/v2\/pages\/77671\/revisions"}],"predecessor-version":[{"id":77731,"href":"https:\/\/www.accuratereviews.com\/it\/wp-json\/wp\/v2\/pages\/77671\/revisions\/77731"}],"up":[{"embeddable":true,"href":"https:\/\/www.accuratereviews.com\/it\/wp-json\/wp\/v2\/pages\/35419"}],"wp:featuredmedia":[{"embeddable":true,"href":"https:\/\/www.accuratereviews.com\/it\/wp-json\/wp\/v2\/media\/77673"}],"wp:attachment":[{"href":"https:\/\/www.accuratereviews.com\/it\/wp-json\/wp\/v2\/media?parent=77671"}],"wp:term":[{"taxonomy":"category","embeddable":true,"href":"https:\/\/www.accuratereviews.com\/it\/wp-json\/wp\/v2\/categories?post=77671"},{"taxonomy":"post_tag","embeddable":true,"href":"https:\/\/www.accuratereviews.com\/it\/wp-json\/wp\/v2\/tags?post=77671"},{"taxonomy":"features","embeddable":true,"href":"https:\/\/www.accuratereviews.com\/it\/wp-json\/wp\/v2\/features?post=77671"}],"curies":[{"name":"wp","href":"https:\/\/api.w.org\/{rel}","templated":true}]}}