{"id":77690,"date":"2024-07-04T16:56:03","date_gmt":"2024-07-04T16:56:03","guid":{"rendered":"https:\/\/www.accuratereviews.com\/?page_id=77690"},"modified":"2024-07-04T16:56:03","modified_gmt":"2024-07-04T16:56:03","slug":"onespan-sign-recensione","status":"publish","type":"page","link":"https:\/\/www.accuratereviews.com\/it\/software-creare-firme-email\/onespan-sign-recensione\/","title":{"rendered":"OneSpan Sign"},"content":{"rendered":"<p><strong>OneSpan Sign<\/strong> (precedentemente noto come eSignLive) \u00e8 una piattaforma avanzata per la <strong>gestione delle firme digitali<\/strong> e l&#8217;automazione dei processi aziendali, rivolta a soddisfare le esigenze delle organizzazioni di varie dimensioni. Con la sua solida infrastruttura e funzionalit\u00e0 di sicurezza avanzate, <strong>OneSpan Sign<\/strong>\u00a0\u00e8 progettato per facilitare la trasformazione digitale dei flussi di lavoro documentali. La piattaforma offre soluzioni per la creazione, la gestione e l&#8217;esecuzione di documenti firmati digitalmente, garantendo conformit\u00e0 alle normative globali come eIDAS e UETA\/ESIGN negli Stati Uniti.<br \/>\n<strong>OneSpan Sign<\/strong> supporta un&#8217;ampia gamma di settori tra cui bancario, assicurativo, sanitario e governativo, offrendo un&#8217;interfaccia intuitiva e strumenti integrati per migliorare la produttivit\u00e0 e ridurre i tempi di ciclo del documento.<\/p>\n<h2>ONESPAN SIGN &#8211; TUTORIAL<\/h2>\n<div id=\"fluid-wrapper-counter-1\" class=\"g1-fluid-wrapper \" style=\"width:686px;\">\n<div style=\"padding-bottom:56.268221574344%;\"><iframe loading=\"lazy\" title=\"Signing Documents with OneSpan\" width=\"686\" height=\"386\" src=\"https:\/\/www.youtube.com\/embed\/1P3hJxdPZHs?feature=oembed&amp;wmode=transparent&amp;autohide=1&amp;autoplay=0&amp;disablekb=0&amp;fs=1&amp;loop=0&amp;enablejsapi=1&amp;rel=0&amp;controls=2&amp;showinfo=0&amp;wmode=transparent&amp;autohide=2&amp;autoplay=0&amp;disablekb=0&amp;fs=1&amp;loop=0&amp;enablejsapi=1&amp;rel=0&amp;controls=2&amp;showinfo=1\" frameborder=\"0\" allow=\"accelerometer; autoplay; clipboard-write; encrypted-media; gyroscope; picture-in-picture; web-share\" referrerpolicy=\"strict-origin-when-cross-origin\" allowfullscreen><\/iframe><\/div>\n<\/div>\n<h3>ONESPAN SIGN &#8211; CARATTERISTICHE<\/h3>\n<ul>\n<li><strong>Firma digitale<\/strong>: permette di firmare documenti con firme elettroniche avanzate conformi alle normative internazionali.<\/li>\n<li><strong>Gestione documenti<\/strong>: consente la creazione, la revisione e l&#8217;organizzazione di documenti elettronici.<\/li>\n<li><strong>Automazione dei flussi di lavoro<\/strong>: offre strumenti per automatizzare i processi di invio, revisione e approvazione dei documenti.<\/li>\n<li><strong>Integrazioni API<\/strong>: si integra facilmente con CRM, ERP e altre applicazioni aziendali tramite API.<\/li>\n<li><strong>Autenticazione multifattoriale<\/strong>: fornisce opzioni di sicurezza avanzate per autenticare firmatari tramite SMS, e-mail o autenticatori hardware.<\/li>\n<li><strong>Audit trail<\/strong>: mantiene un registro completo delle attivit\u00e0 di firma per garantire la trasparenza e la conformit\u00e0.<\/li>\n<li><strong>Modelli personalizzabili<\/strong>: offre la possibilit\u00e0 di creare modelli di documento e firma per un uso ripetuto.<\/li>\n<li><strong>Mobile support<\/strong>: consente di gestire e firmare documenti da dispositivi mobili, garantendo accesso e operativit\u00e0 ovunque.<\/li>\n<li><strong>Condivisione sicura<\/strong>: fornisce strumenti per condividere documenti in modo sicuro con utenti interni ed esterni.<\/li>\n<li><strong>Notifiche e promemoria<\/strong>: invia notifiche automatiche per ricordare ai firmatari le azioni necessarie sui documenti.<\/li>\n<\/ul>\n<h4>LE RECENSIONI DEGLI UTENTI<\/h4>\n<p><strong>Varnika &#8220;Firma facile e veloce: niente pi\u00f9 firme umide&#8221;.<\/strong><br \/>\nCommenti: Ottimo<br \/>\nPro: Permette di firmare i documenti ovunque e da qualsiasi dispositivo, si integra facilmente con Postman e vari altri software maturi come Appian, Decisions ecc. Inoltre, offre la possibilit\u00e0 di personalizzare i messaggi di posta elettronica per l&#8217;invio dei documenti da firmare e per la ricezione dei documenti stessi. Nel complesso, un ottimo strumento per la firma.<br \/>\nContro: Non ci sono conseguenze dal punto di vista delle funzionalit\u00e0, ma onespan \u00e8 nuovo rispetto a DocuSign, che oggi \u00e8 il pi\u00f9 utilizzato nei settori industriali.<\/p>\n<p><strong>Giovanni &#8220;Alla ricerca di alternative&#8221;<\/strong><br \/>\nCommenti: Il prodotto va bene per iniziare, ma stiamo cercando delle alternative.<br \/>\nPro: Le licenze individuali possono essere riassegnate a seconda delle necessit\u00e0. A patto che il numero totale di licenze attive non superi quello del contratto.<br \/>\nContro: Il servizio clienti e le vendite sono estremamente lenti nel rispondere alle richieste di licenze aggiuntive. In 7 anni il prodotto non si \u00e8 evoluto molto in relazione agli aumenti di prezzo.<\/p>\n<p><strong>Mbonjo &#8220;un&#8217;eccezionale piattaforma di gestione delle transazioni elettroniche e digitali per le aziende&#8221;.<\/strong><br \/>\nCommenti: Il mio viaggio con OneSpan Sign \u00e8 stato positivo. La piattaforma ha un&#8217;interfaccia semplice che rende facile la navigazione e la segnalazione dei documenti. Le caratteristiche di sicurezza della piattaforma, come la crittografia e la tracciabilit\u00e0 dei documenti in tempo reale, mi hanno dato la tranquillit\u00e0 di sapere che i miei dati sensibili sono inclusi.<br \/>\nPro: Una cosa che mi piace di Onespan \u00e8 l&#8217;alto livello di sicurezza e di crittografia per proteggere le informazioni sensibili.<br \/>\nContro: Non ci sono grandi difetti negativi su Onespan.<\/p>\n","protected":false},"excerpt":{"rendered":"<p>OneSpan Sign (precedentemente noto come eSignLive) \u00e8 una piattaforma avanzata per la gestione delle firme digitali e l&#8217;automazione dei processi aziendali, rivolta a soddisfare le esigenze delle organizzazioni di varie dimensioni. Con la sua solida infrastruttura e funzionalit\u00e0 di sicurezza avanzate, OneSpan Sign\u00a0\u00e8 progettato per facilitare la trasformazione digitale dei flussi di lavoro documentali.<\/p>\n","protected":false},"author":17,"featured_media":77691,"parent":57751,"menu_order":0,"comment_status":"open","ping_status":"closed","template":"g1_template_page_review_new.php","meta":{"_acf_changed":false,"cwp_meta_box_check":"No","cwp_rev_product_name":"","cwp_rev_product_image":"","wppr_links":[],"cwp_rev_price":"","wppr_options":[],"wppr_pros":[],"wppr_cons":[],"_monsterinsights_skip_tracking":false,"_monsterinsights_sitenote_active":false,"_monsterinsights_sitenote_note":"","_monsterinsights_sitenote_category":0,"footnotes":""},"categories":[12645],"tags":[12746,374,15124,12743,12741,12742],"features":[],"class_list":{"0":"post-77690","1":"page","2":"type-page","3":"status-publish","4":"has-post-thumbnail","6":"category-software-firme-email-cat","7":"tag-creazione-firme-email","8":"tag-firma-digitale","9":"tag-firme-digitali","10":"tag-programma-per-creare-firme-email","11":"tag-software-per-creare-firme-email","12":"tag-soluzione-per-creare-firme-email"},"wppr_data":{"cwp_meta_box_check":"No"},"acf":[],"yoast_head":"<!-- This site is optimized with the Yoast SEO plugin v27.4 - https:\/\/yoast.com\/product\/yoast-seo-wordpress\/ -->\n<title>OneSpan Sign: recensione software firme email - Accurate Reviews<\/title>\n<meta name=\"description\" content=\"OneSpan Sign: recensione della piattaforma avanzata per la gestione delle firme digitali e l&#039;automazione dei processi aziendali.\" \/>\n<meta name=\"robots\" content=\"index, follow, max-snippet:-1, max-image-preview:large, max-video-preview:-1\" \/>\n<link rel=\"canonical\" href=\"https:\/\/www.accuratereviews.com\/it\/software-creare-firme-email\/onespan-sign-recensione\/\" \/>\n<meta property=\"og:locale\" content=\"it_IT\" \/>\n<meta property=\"og:type\" content=\"article\" \/>\n<meta property=\"og:title\" content=\"OneSpan Sign: recensione software firme email - Accurate Reviews\" \/>\n<meta property=\"og:description\" content=\"OneSpan Sign: recensione della piattaforma avanzata per la gestione delle firme digitali e l&#039;automazione dei processi aziendali.\" \/>\n<meta property=\"og:url\" content=\"https:\/\/www.accuratereviews.com\/it\/software-creare-firme-email\/onespan-sign-recensione\/\" \/>\n<meta property=\"og:site_name\" content=\"Accurate Reviews\" \/>\n<meta property=\"og:image\" content=\"https:\/\/www.accuratereviews.com\/wp-content\/uploads\/2024\/07\/images.png\" \/>\n\t<meta property=\"og:image:width\" content=\"225\" \/>\n\t<meta property=\"og:image:height\" content=\"225\" \/>\n\t<meta property=\"og:image:type\" content=\"image\/png\" \/>\n<meta name=\"twitter:card\" content=\"summary_large_image\" \/>\n<meta name=\"twitter:label1\" content=\"Tempo di lettura stimato\" \/>\n\t<meta name=\"twitter:data1\" content=\"4 minuti\" \/>\n<script type=\"application\/ld+json\" class=\"yoast-schema-graph\">{\"@context\":\"https:\\\/\\\/schema.org\",\"@graph\":[{\"@type\":\"WebPage\",\"@id\":\"https:\\\/\\\/www.accuratereviews.com\\\/it\\\/software-creare-firme-email\\\/onespan-sign-recensione\\\/\",\"url\":\"https:\\\/\\\/www.accuratereviews.com\\\/it\\\/software-creare-firme-email\\\/onespan-sign-recensione\\\/\",\"name\":\"OneSpan Sign: recensione software firme email - Accurate Reviews\",\"isPartOf\":{\"@id\":\"https:\\\/\\\/www.accuratereviews.com\\\/it\\\/#website\"},\"primaryImageOfPage\":{\"@id\":\"https:\\\/\\\/www.accuratereviews.com\\\/it\\\/software-creare-firme-email\\\/onespan-sign-recensione\\\/#primaryimage\"},\"image\":{\"@id\":\"https:\\\/\\\/www.accuratereviews.com\\\/it\\\/software-creare-firme-email\\\/onespan-sign-recensione\\\/#primaryimage\"},\"thumbnailUrl\":\"https:\\\/\\\/www.accuratereviews.com\\\/wp-content\\\/uploads\\\/2024\\\/07\\\/images.png\",\"datePublished\":\"2024-07-04T16:56:03+00:00\",\"description\":\"OneSpan Sign: recensione della piattaforma avanzata per la gestione delle firme digitali e l'automazione dei processi aziendali.\",\"breadcrumb\":{\"@id\":\"https:\\\/\\\/www.accuratereviews.com\\\/it\\\/software-creare-firme-email\\\/onespan-sign-recensione\\\/#breadcrumb\"},\"inLanguage\":\"it-IT\",\"potentialAction\":[{\"@type\":\"ReadAction\",\"target\":[\"https:\\\/\\\/www.accuratereviews.com\\\/it\\\/software-creare-firme-email\\\/onespan-sign-recensione\\\/\"]}]},{\"@type\":\"ImageObject\",\"inLanguage\":\"it-IT\",\"@id\":\"https:\\\/\\\/www.accuratereviews.com\\\/it\\\/software-creare-firme-email\\\/onespan-sign-recensione\\\/#primaryimage\",\"url\":\"https:\\\/\\\/www.accuratereviews.com\\\/wp-content\\\/uploads\\\/2024\\\/07\\\/images.png\",\"contentUrl\":\"https:\\\/\\\/www.accuratereviews.com\\\/wp-content\\\/uploads\\\/2024\\\/07\\\/images.png\",\"width\":225,\"height\":225},{\"@type\":\"BreadcrumbList\",\"@id\":\"https:\\\/\\\/www.accuratereviews.com\\\/it\\\/software-creare-firme-email\\\/onespan-sign-recensione\\\/#breadcrumb\",\"itemListElement\":[{\"@type\":\"ListItem\",\"position\":1,\"name\":\"Home\",\"item\":\"https:\\\/\\\/www.accuratereviews.com\\\/it\\\/\"},{\"@type\":\"ListItem\",\"position\":2,\"name\":\"Software per creare firme per email\",\"item\":\"https:\\\/\\\/www.accuratereviews.com\\\/it\\\/software-creare-firme-email\\\/\"},{\"@type\":\"ListItem\",\"position\":3,\"name\":\"OneSpan Sign\"}]},{\"@type\":\"WebSite\",\"@id\":\"https:\\\/\\\/www.accuratereviews.com\\\/it\\\/#website\",\"url\":\"https:\\\/\\\/www.accuratereviews.com\\\/it\\\/\",\"name\":\"Accurate Reviews\",\"description\":\"\",\"potentialAction\":[{\"@type\":\"SearchAction\",\"target\":{\"@type\":\"EntryPoint\",\"urlTemplate\":\"https:\\\/\\\/www.accuratereviews.com\\\/it\\\/?s={search_term_string}\"},\"query-input\":{\"@type\":\"PropertyValueSpecification\",\"valueRequired\":true,\"valueName\":\"search_term_string\"}}],\"inLanguage\":\"it-IT\"}]}<\/script>\n<!-- \/ Yoast SEO plugin. -->","yoast_head_json":{"title":"OneSpan Sign: recensione software firme email - Accurate Reviews","description":"OneSpan Sign: recensione della piattaforma avanzata per la gestione delle firme digitali e l'automazione dei processi aziendali.","robots":{"index":"index","follow":"follow","max-snippet":"max-snippet:-1","max-image-preview":"max-image-preview:large","max-video-preview":"max-video-preview:-1"},"canonical":"https:\/\/www.accuratereviews.com\/it\/software-creare-firme-email\/onespan-sign-recensione\/","og_locale":"it_IT","og_type":"article","og_title":"OneSpan Sign: recensione software firme email - Accurate Reviews","og_description":"OneSpan Sign: recensione della piattaforma avanzata per la gestione delle firme digitali e l'automazione dei processi aziendali.","og_url":"https:\/\/www.accuratereviews.com\/it\/software-creare-firme-email\/onespan-sign-recensione\/","og_site_name":"Accurate Reviews","og_image":[{"width":225,"height":225,"url":"https:\/\/www.accuratereviews.com\/wp-content\/uploads\/2024\/07\/images.png","type":"image\/png"}],"twitter_card":"summary_large_image","twitter_misc":{"Tempo di lettura stimato":"4 minuti"},"schema":{"@context":"https:\/\/schema.org","@graph":[{"@type":"WebPage","@id":"https:\/\/www.accuratereviews.com\/it\/software-creare-firme-email\/onespan-sign-recensione\/","url":"https:\/\/www.accuratereviews.com\/it\/software-creare-firme-email\/onespan-sign-recensione\/","name":"OneSpan Sign: recensione software firme email - Accurate Reviews","isPartOf":{"@id":"https:\/\/www.accuratereviews.com\/it\/#website"},"primaryImageOfPage":{"@id":"https:\/\/www.accuratereviews.com\/it\/software-creare-firme-email\/onespan-sign-recensione\/#primaryimage"},"image":{"@id":"https:\/\/www.accuratereviews.com\/it\/software-creare-firme-email\/onespan-sign-recensione\/#primaryimage"},"thumbnailUrl":"https:\/\/www.accuratereviews.com\/wp-content\/uploads\/2024\/07\/images.png","datePublished":"2024-07-04T16:56:03+00:00","description":"OneSpan Sign: recensione della piattaforma avanzata per la gestione delle firme digitali e l'automazione dei processi aziendali.","breadcrumb":{"@id":"https:\/\/www.accuratereviews.com\/it\/software-creare-firme-email\/onespan-sign-recensione\/#breadcrumb"},"inLanguage":"it-IT","potentialAction":[{"@type":"ReadAction","target":["https:\/\/www.accuratereviews.com\/it\/software-creare-firme-email\/onespan-sign-recensione\/"]}]},{"@type":"ImageObject","inLanguage":"it-IT","@id":"https:\/\/www.accuratereviews.com\/it\/software-creare-firme-email\/onespan-sign-recensione\/#primaryimage","url":"https:\/\/www.accuratereviews.com\/wp-content\/uploads\/2024\/07\/images.png","contentUrl":"https:\/\/www.accuratereviews.com\/wp-content\/uploads\/2024\/07\/images.png","width":225,"height":225},{"@type":"BreadcrumbList","@id":"https:\/\/www.accuratereviews.com\/it\/software-creare-firme-email\/onespan-sign-recensione\/#breadcrumb","itemListElement":[{"@type":"ListItem","position":1,"name":"Home","item":"https:\/\/www.accuratereviews.com\/it\/"},{"@type":"ListItem","position":2,"name":"Software per creare firme per email","item":"https:\/\/www.accuratereviews.com\/it\/software-creare-firme-email\/"},{"@type":"ListItem","position":3,"name":"OneSpan Sign"}]},{"@type":"WebSite","@id":"https:\/\/www.accuratereviews.com\/it\/#website","url":"https:\/\/www.accuratereviews.com\/it\/","name":"Accurate Reviews","description":"","potentialAction":[{"@type":"SearchAction","target":{"@type":"EntryPoint","urlTemplate":"https:\/\/www.accuratereviews.com\/it\/?s={search_term_string}"},"query-input":{"@type":"PropertyValueSpecification","valueRequired":true,"valueName":"search_term_string"}}],"inLanguage":"it-IT"}]}},"_links":{"self":[{"href":"https:\/\/www.accuratereviews.com\/it\/wp-json\/wp\/v2\/pages\/77690","targetHints":{"allow":["GET"]}}],"collection":[{"href":"https:\/\/www.accuratereviews.com\/it\/wp-json\/wp\/v2\/pages"}],"about":[{"href":"https:\/\/www.accuratereviews.com\/it\/wp-json\/wp\/v2\/types\/page"}],"author":[{"embeddable":true,"href":"https:\/\/www.accuratereviews.com\/it\/wp-json\/wp\/v2\/users\/17"}],"replies":[{"embeddable":true,"href":"https:\/\/www.accuratereviews.com\/it\/wp-json\/wp\/v2\/comments?post=77690"}],"version-history":[{"count":1,"href":"https:\/\/www.accuratereviews.com\/it\/wp-json\/wp\/v2\/pages\/77690\/revisions"}],"predecessor-version":[{"id":77696,"href":"https:\/\/www.accuratereviews.com\/it\/wp-json\/wp\/v2\/pages\/77690\/revisions\/77696"}],"up":[{"embeddable":true,"href":"https:\/\/www.accuratereviews.com\/it\/wp-json\/wp\/v2\/pages\/57751"}],"wp:featuredmedia":[{"embeddable":true,"href":"https:\/\/www.accuratereviews.com\/it\/wp-json\/wp\/v2\/media\/77691"}],"wp:attachment":[{"href":"https:\/\/www.accuratereviews.com\/it\/wp-json\/wp\/v2\/media?parent=77690"}],"wp:term":[{"taxonomy":"category","embeddable":true,"href":"https:\/\/www.accuratereviews.com\/it\/wp-json\/wp\/v2\/categories?post=77690"},{"taxonomy":"post_tag","embeddable":true,"href":"https:\/\/www.accuratereviews.com\/it\/wp-json\/wp\/v2\/tags?post=77690"},{"taxonomy":"features","embeddable":true,"href":"https:\/\/www.accuratereviews.com\/it\/wp-json\/wp\/v2\/features?post=77690"}],"curies":[{"name":"wp","href":"https:\/\/api.w.org\/{rel}","templated":true}]}}