{"id":77701,"date":"2024-07-05T15:06:36","date_gmt":"2024-07-05T15:06:36","guid":{"rendered":"https:\/\/www.accuratereviews.com\/?page_id=77701"},"modified":"2024-07-05T16:04:09","modified_gmt":"2024-07-05T16:04:09","slug":"docubee-recensione","status":"publish","type":"page","link":"https:\/\/www.accuratereviews.com\/it\/software-creare-firme-email\/docubee-recensione\/","title":{"rendered":"Docubee"},"content":{"rendered":"<p><strong>Docubee<\/strong> \u00e8 una piattaforma moderna e intuitiva progettata per semplificare la <strong>gestione dei documenti e le firme digitali<\/strong> in vari contesti aziendali. Con il suo design user-friendly e funzionalit\u00e0 avanzate, mira a rivoluzionare la gestione del flusso di lavoro documentale, facilitando la creazione, la firma e l&#8217;archiviazione di documenti in modo sicuro ed efficiente.<br \/>\nIl software \u00e8 orientato a supportare organizzazioni di diverse dimensioni, offrendo strumenti che riducono i tempi e i costi associati alla gestione manuale dei documenti. Le sue caratteristiche distintive includono la possibilit\u00e0 di personalizzare i flussi di lavoro, la gestione delle autorizzazioni e la tracciabilit\u00e0 delle modifiche, garantendo al contempo la conformit\u00e0 alle normative legali in materia di firme digitali.<\/p>\n<h2>DOCUBEE &#8211; TUTORIAL<\/h2>\n<div id=\"fluid-wrapper-counter-1\" class=\"g1-fluid-wrapper \" style=\"width:686px;\">\n<div style=\"padding-bottom:56.268221574344%;\"><iframe loading=\"lazy\" title=\"Meet Docubee, Your All-in-One Contract Automation Solution!\" width=\"686\" height=\"386\" src=\"https:\/\/www.youtube.com\/embed\/w9WhX0AdJzw?feature=oembed&amp;wmode=transparent&amp;autohide=1&amp;autoplay=0&amp;disablekb=0&amp;fs=1&amp;loop=0&amp;enablejsapi=1&amp;rel=0&amp;controls=2&amp;showinfo=0&amp;wmode=transparent&amp;autohide=2&amp;autoplay=0&amp;disablekb=0&amp;fs=1&amp;loop=0&amp;enablejsapi=1&amp;rel=0&amp;controls=2&amp;showinfo=1\" frameborder=\"0\" allow=\"accelerometer; autoplay; clipboard-write; encrypted-media; gyroscope; picture-in-picture; web-share\" referrerpolicy=\"strict-origin-when-cross-origin\" allowfullscreen><\/iframe><\/div>\n<\/div>\n<h3>DOCUBEE &#8211; CARATTERISTICHE<\/h3>\n<ul>\n<li><strong>Firma digitale<\/strong>: consente di apporre firme elettroniche su documenti, conformi alle normative internazionali.<\/li>\n<li><strong>Gestione documenti<\/strong>: facilita la creazione, l&#8217;archiviazione e l&#8217;organizzazione di documenti in vari formati.<\/li>\n<li><strong>Automazione dei flussi di lavoro<\/strong>: permette di automatizzare i processi di approvazione e revisione dei documenti.<\/li>\n<li><strong>Integrazioni API<\/strong>: offre API per integrare il sistema con altre applicazioni aziendali come CRM e ERP.<\/li>\n<li><strong>Audit trail<\/strong>: registra tutte le azioni sui documenti, fornendo un tracciamento completo per conformit\u00e0 e sicurezza.<\/li>\n<li><strong>Modelli personalizzabili<\/strong>: supporta la creazione di modelli di documenti per velocizzare la preparazione di documenti ricorrenti.<\/li>\n<li><strong>Collaborazione in tempo reale<\/strong>: consente a pi\u00f9 utenti di lavorare simultaneamente su un documento, con aggiornamenti in tempo reale.<\/li>\n<li><strong>Mobile support<\/strong>: permette la gestione e la firma dei documenti da dispositivi mobili.<\/li>\n<li><strong>Notifiche e promemoria<\/strong>: invia notifiche per avvisare gli utenti delle scadenze e delle azioni necessarie sui documenti.<\/li>\n<li><strong>Condivisione sicura<\/strong>: abilita la condivisione sicura di documenti con controlli di accesso personalizzati.<\/li>\n<\/ul>\n<h4>LE RECENSIONI DEGLI UTENTI<\/h4>\n<p><strong>Igor &#8220;Dal team di integrazione DocuBee\/Smart Advocate&#8221;<\/strong><br \/>\nCommenti: Esperienza positiva, Dev Team e Supporto collaborativi, disponibile una buona documentazione API con esempi.<br \/>\nPro: API REST aperte, buon rapporto qualit\u00e0\/prezzo, supporto tecnico e Dev Team con cui abbiamo collaborato buoni e reattivi.<br \/>\nContro: Il prodotto \u00e8 piuttosto nuovo, alcune funzionalit\u00e0 sono state aggiunte di recente, a volte gli errori API non sono chiari da gestire.<\/p>\n<p><strong>Wallace &#8220;Utilizzo di OnTask&#8221;<\/strong><br \/>\nCommenti: \u00c8 facile da usare ma non fornisce abbastanza funzionalit\u00e0<br \/>\nPro: \u00c8 molto facile da usare e intuitivo per qualsiasi utente.<br \/>\nContro: Non posso tornare indietro e rivedere quali PTO sono state approvate in precedenza.<\/p>\n<p><strong>Sonya &#8220;On Task&#8221;<\/strong><br \/>\nCommenti: \u00c8 stato un po&#8217; strano da capire all&#8217;inizio, ma funziona bene.<br \/>\nPro: Il prezzo di OnTask era la met\u00e0 di quello di un concorrente ed \u00e8 facile da usare.<br \/>\nContro: Vorrei che la piattaforma salvasse gli indirizzi e-mail usati in precedenza per risparmiare tempo.<\/p>\n","protected":false},"excerpt":{"rendered":"<p>Docubee \u00e8 una piattaforma moderna e intuitiva progettata per semplificare la gestione dei documenti e le firme digitali in vari contesti aziendali. Con il suo design user-friendly e funzionalit\u00e0 avanzate, mira a rivoluzionare la gestione del flusso di lavoro documentale, facilitando la creazione, la firma e l&#8217;archiviazione di documenti in modo sicuro ed efficiente.<\/p>\n","protected":false},"author":17,"featured_media":77702,"parent":57751,"menu_order":0,"comment_status":"open","ping_status":"closed","template":"g1_template_page_review_new.php","meta":{"_acf_changed":false,"cwp_meta_box_check":"No","cwp_rev_product_name":"","cwp_rev_product_image":"","wppr_links":[],"cwp_rev_price":"","wppr_options":[],"wppr_pros":[],"wppr_cons":[],"_monsterinsights_skip_tracking":false,"_monsterinsights_sitenote_active":false,"_monsterinsights_sitenote_note":"","_monsterinsights_sitenote_category":0,"footnotes":""},"categories":[12645],"tags":[12652,15124,12743,12741,12650],"features":[],"class_list":{"0":"post-77701","1":"page","2":"type-page","3":"status-publish","4":"has-post-thumbnail","6":"category-software-firme-email-cat","7":"tag-app-per-creare-firme-per-email","8":"tag-firme-digitali","9":"tag-programma-per-creare-firme-email","10":"tag-software-per-creare-firme-email","11":"tag-soluzione-per-creare-firme-per-email"},"wppr_data":{"cwp_meta_box_check":"No"},"acf":[],"yoast_head":"<!-- This site is optimized with the Yoast SEO plugin v27.4 - https:\/\/yoast.com\/product\/yoast-seo-wordpress\/ -->\n<title>Docubee: recensione software firme digitali - Accurate Reviews<\/title>\n<meta name=\"description\" content=\"Docubee: recensione della piattaforma moderna e intuitiva progettata per semplificare la gestione dei documenti e le firme digitali.\" \/>\n<meta name=\"robots\" content=\"index, follow, max-snippet:-1, max-image-preview:large, max-video-preview:-1\" \/>\n<link rel=\"canonical\" href=\"https:\/\/www.accuratereviews.com\/it\/software-creare-firme-email\/docubee-recensione\/\" \/>\n<meta property=\"og:locale\" content=\"it_IT\" \/>\n<meta property=\"og:type\" content=\"article\" \/>\n<meta property=\"og:title\" content=\"Docubee: recensione software firme digitali - Accurate Reviews\" \/>\n<meta property=\"og:description\" content=\"Docubee: recensione della piattaforma moderna e intuitiva progettata per semplificare la gestione dei documenti e le firme digitali.\" \/>\n<meta property=\"og:url\" content=\"https:\/\/www.accuratereviews.com\/it\/software-creare-firme-email\/docubee-recensione\/\" \/>\n<meta property=\"og:site_name\" content=\"Accurate Reviews\" \/>\n<meta property=\"article:modified_time\" content=\"2024-07-05T16:04:09+00:00\" \/>\n<meta property=\"og:image\" content=\"https:\/\/www.accuratereviews.com\/wp-content\/uploads\/2024\/07\/images-1.png\" \/>\n\t<meta property=\"og:image:width\" content=\"225\" \/>\n\t<meta property=\"og:image:height\" content=\"225\" \/>\n\t<meta property=\"og:image:type\" content=\"image\/png\" \/>\n<meta name=\"twitter:card\" content=\"summary_large_image\" \/>\n<meta name=\"twitter:label1\" content=\"Tempo di lettura stimato\" \/>\n\t<meta name=\"twitter:data1\" content=\"4 minuti\" \/>\n<script type=\"application\/ld+json\" class=\"yoast-schema-graph\">{\"@context\":\"https:\\\/\\\/schema.org\",\"@graph\":[{\"@type\":\"WebPage\",\"@id\":\"https:\\\/\\\/www.accuratereviews.com\\\/it\\\/software-creare-firme-email\\\/docubee-recensione\\\/\",\"url\":\"https:\\\/\\\/www.accuratereviews.com\\\/it\\\/software-creare-firme-email\\\/docubee-recensione\\\/\",\"name\":\"Docubee: recensione software firme digitali - Accurate Reviews\",\"isPartOf\":{\"@id\":\"https:\\\/\\\/www.accuratereviews.com\\\/it\\\/#website\"},\"primaryImageOfPage\":{\"@id\":\"https:\\\/\\\/www.accuratereviews.com\\\/it\\\/software-creare-firme-email\\\/docubee-recensione\\\/#primaryimage\"},\"image\":{\"@id\":\"https:\\\/\\\/www.accuratereviews.com\\\/it\\\/software-creare-firme-email\\\/docubee-recensione\\\/#primaryimage\"},\"thumbnailUrl\":\"https:\\\/\\\/www.accuratereviews.com\\\/wp-content\\\/uploads\\\/2024\\\/07\\\/images-1.png\",\"datePublished\":\"2024-07-05T15:06:36+00:00\",\"dateModified\":\"2024-07-05T16:04:09+00:00\",\"description\":\"Docubee: recensione della piattaforma moderna e intuitiva progettata per semplificare la gestione dei documenti e le firme digitali.\",\"breadcrumb\":{\"@id\":\"https:\\\/\\\/www.accuratereviews.com\\\/it\\\/software-creare-firme-email\\\/docubee-recensione\\\/#breadcrumb\"},\"inLanguage\":\"it-IT\",\"potentialAction\":[{\"@type\":\"ReadAction\",\"target\":[\"https:\\\/\\\/www.accuratereviews.com\\\/it\\\/software-creare-firme-email\\\/docubee-recensione\\\/\"]}]},{\"@type\":\"ImageObject\",\"inLanguage\":\"it-IT\",\"@id\":\"https:\\\/\\\/www.accuratereviews.com\\\/it\\\/software-creare-firme-email\\\/docubee-recensione\\\/#primaryimage\",\"url\":\"https:\\\/\\\/www.accuratereviews.com\\\/wp-content\\\/uploads\\\/2024\\\/07\\\/images-1.png\",\"contentUrl\":\"https:\\\/\\\/www.accuratereviews.com\\\/wp-content\\\/uploads\\\/2024\\\/07\\\/images-1.png\",\"width\":225,\"height\":225},{\"@type\":\"BreadcrumbList\",\"@id\":\"https:\\\/\\\/www.accuratereviews.com\\\/it\\\/software-creare-firme-email\\\/docubee-recensione\\\/#breadcrumb\",\"itemListElement\":[{\"@type\":\"ListItem\",\"position\":1,\"name\":\"Home\",\"item\":\"https:\\\/\\\/www.accuratereviews.com\\\/it\\\/\"},{\"@type\":\"ListItem\",\"position\":2,\"name\":\"Software per creare firme per email\",\"item\":\"https:\\\/\\\/www.accuratereviews.com\\\/it\\\/software-creare-firme-email\\\/\"},{\"@type\":\"ListItem\",\"position\":3,\"name\":\"Docubee\"}]},{\"@type\":\"WebSite\",\"@id\":\"https:\\\/\\\/www.accuratereviews.com\\\/it\\\/#website\",\"url\":\"https:\\\/\\\/www.accuratereviews.com\\\/it\\\/\",\"name\":\"Accurate Reviews\",\"description\":\"\",\"potentialAction\":[{\"@type\":\"SearchAction\",\"target\":{\"@type\":\"EntryPoint\",\"urlTemplate\":\"https:\\\/\\\/www.accuratereviews.com\\\/it\\\/?s={search_term_string}\"},\"query-input\":{\"@type\":\"PropertyValueSpecification\",\"valueRequired\":true,\"valueName\":\"search_term_string\"}}],\"inLanguage\":\"it-IT\"}]}<\/script>\n<!-- \/ Yoast SEO plugin. -->","yoast_head_json":{"title":"Docubee: recensione software firme digitali - Accurate Reviews","description":"Docubee: recensione della piattaforma moderna e intuitiva progettata per semplificare la gestione dei documenti e le firme digitali.","robots":{"index":"index","follow":"follow","max-snippet":"max-snippet:-1","max-image-preview":"max-image-preview:large","max-video-preview":"max-video-preview:-1"},"canonical":"https:\/\/www.accuratereviews.com\/it\/software-creare-firme-email\/docubee-recensione\/","og_locale":"it_IT","og_type":"article","og_title":"Docubee: recensione software firme digitali - Accurate Reviews","og_description":"Docubee: recensione della piattaforma moderna e intuitiva progettata per semplificare la gestione dei documenti e le firme digitali.","og_url":"https:\/\/www.accuratereviews.com\/it\/software-creare-firme-email\/docubee-recensione\/","og_site_name":"Accurate Reviews","article_modified_time":"2024-07-05T16:04:09+00:00","og_image":[{"width":225,"height":225,"url":"https:\/\/www.accuratereviews.com\/wp-content\/uploads\/2024\/07\/images-1.png","type":"image\/png"}],"twitter_card":"summary_large_image","twitter_misc":{"Tempo di lettura stimato":"4 minuti"},"schema":{"@context":"https:\/\/schema.org","@graph":[{"@type":"WebPage","@id":"https:\/\/www.accuratereviews.com\/it\/software-creare-firme-email\/docubee-recensione\/","url":"https:\/\/www.accuratereviews.com\/it\/software-creare-firme-email\/docubee-recensione\/","name":"Docubee: recensione software firme digitali - Accurate Reviews","isPartOf":{"@id":"https:\/\/www.accuratereviews.com\/it\/#website"},"primaryImageOfPage":{"@id":"https:\/\/www.accuratereviews.com\/it\/software-creare-firme-email\/docubee-recensione\/#primaryimage"},"image":{"@id":"https:\/\/www.accuratereviews.com\/it\/software-creare-firme-email\/docubee-recensione\/#primaryimage"},"thumbnailUrl":"https:\/\/www.accuratereviews.com\/wp-content\/uploads\/2024\/07\/images-1.png","datePublished":"2024-07-05T15:06:36+00:00","dateModified":"2024-07-05T16:04:09+00:00","description":"Docubee: recensione della piattaforma moderna e intuitiva progettata per semplificare la gestione dei documenti e le firme digitali.","breadcrumb":{"@id":"https:\/\/www.accuratereviews.com\/it\/software-creare-firme-email\/docubee-recensione\/#breadcrumb"},"inLanguage":"it-IT","potentialAction":[{"@type":"ReadAction","target":["https:\/\/www.accuratereviews.com\/it\/software-creare-firme-email\/docubee-recensione\/"]}]},{"@type":"ImageObject","inLanguage":"it-IT","@id":"https:\/\/www.accuratereviews.com\/it\/software-creare-firme-email\/docubee-recensione\/#primaryimage","url":"https:\/\/www.accuratereviews.com\/wp-content\/uploads\/2024\/07\/images-1.png","contentUrl":"https:\/\/www.accuratereviews.com\/wp-content\/uploads\/2024\/07\/images-1.png","width":225,"height":225},{"@type":"BreadcrumbList","@id":"https:\/\/www.accuratereviews.com\/it\/software-creare-firme-email\/docubee-recensione\/#breadcrumb","itemListElement":[{"@type":"ListItem","position":1,"name":"Home","item":"https:\/\/www.accuratereviews.com\/it\/"},{"@type":"ListItem","position":2,"name":"Software per creare firme per email","item":"https:\/\/www.accuratereviews.com\/it\/software-creare-firme-email\/"},{"@type":"ListItem","position":3,"name":"Docubee"}]},{"@type":"WebSite","@id":"https:\/\/www.accuratereviews.com\/it\/#website","url":"https:\/\/www.accuratereviews.com\/it\/","name":"Accurate Reviews","description":"","potentialAction":[{"@type":"SearchAction","target":{"@type":"EntryPoint","urlTemplate":"https:\/\/www.accuratereviews.com\/it\/?s={search_term_string}"},"query-input":{"@type":"PropertyValueSpecification","valueRequired":true,"valueName":"search_term_string"}}],"inLanguage":"it-IT"}]}},"_links":{"self":[{"href":"https:\/\/www.accuratereviews.com\/it\/wp-json\/wp\/v2\/pages\/77701","targetHints":{"allow":["GET"]}}],"collection":[{"href":"https:\/\/www.accuratereviews.com\/it\/wp-json\/wp\/v2\/pages"}],"about":[{"href":"https:\/\/www.accuratereviews.com\/it\/wp-json\/wp\/v2\/types\/page"}],"author":[{"embeddable":true,"href":"https:\/\/www.accuratereviews.com\/it\/wp-json\/wp\/v2\/users\/17"}],"replies":[{"embeddable":true,"href":"https:\/\/www.accuratereviews.com\/it\/wp-json\/wp\/v2\/comments?post=77701"}],"version-history":[{"count":4,"href":"https:\/\/www.accuratereviews.com\/it\/wp-json\/wp\/v2\/pages\/77701\/revisions"}],"predecessor-version":[{"id":77715,"href":"https:\/\/www.accuratereviews.com\/it\/wp-json\/wp\/v2\/pages\/77701\/revisions\/77715"}],"up":[{"embeddable":true,"href":"https:\/\/www.accuratereviews.com\/it\/wp-json\/wp\/v2\/pages\/57751"}],"wp:featuredmedia":[{"embeddable":true,"href":"https:\/\/www.accuratereviews.com\/it\/wp-json\/wp\/v2\/media\/77702"}],"wp:attachment":[{"href":"https:\/\/www.accuratereviews.com\/it\/wp-json\/wp\/v2\/media?parent=77701"}],"wp:term":[{"taxonomy":"category","embeddable":true,"href":"https:\/\/www.accuratereviews.com\/it\/wp-json\/wp\/v2\/categories?post=77701"},{"taxonomy":"post_tag","embeddable":true,"href":"https:\/\/www.accuratereviews.com\/it\/wp-json\/wp\/v2\/tags?post=77701"},{"taxonomy":"features","embeddable":true,"href":"https:\/\/www.accuratereviews.com\/it\/wp-json\/wp\/v2\/features?post=77701"}],"curies":[{"name":"wp","href":"https:\/\/api.w.org\/{rel}","templated":true}]}}