{"id":77719,"date":"2024-07-08T17:59:35","date_gmt":"2024-07-08T17:59:35","guid":{"rendered":"https:\/\/www.accuratereviews.com\/?page_id=77719"},"modified":"2024-07-08T17:59:35","modified_gmt":"2024-07-08T17:59:35","slug":"callhub-recensione","status":"publish","type":"page","link":"https:\/\/www.accuratereviews.com\/it\/piattaforme-per-fundraising\/callhub-recensione\/","title":{"rendered":"CallHub"},"content":{"rendered":"<p><strong>CallHub<\/strong> \u00e8 una <strong>piattaforma multifunzione per campagne e organizzazione<\/strong> facile da usare. Ospita strumenti chiave come chiamate in entrata e in uscita, trasmissione di messaggi, messaggistica peer to peer, trasmissione vocale e organizzazione relazionale. Con i prezzi competitivi a consumo, puoi aumentare o ridurre le tue campagne in base alle tue esigenze.<br \/>\n<strong>CallHub <\/strong>dispone anche di un&#8217;app mobile per i volontari in modo che gli agenti o volontari possano avviare una campagna direttamente dai loro telefoni senza la necessit\u00e0 di altri dispositivi.<\/p>\n<h2>CALLHUB &#8211; TUTORIAL<\/h2>\n<div id=\"fluid-wrapper-counter-1\" class=\"g1-fluid-wrapper \" style=\"width:686px;\">\n<div style=\"padding-bottom:56.268221574344%;\"><iframe loading=\"lazy\" title=\"AI Powered Smart Insights Overview\" width=\"686\" height=\"386\" src=\"https:\/\/www.youtube.com\/embed\/ubIyIaRyo7Q?feature=oembed&amp;wmode=transparent&amp;autohide=1&amp;autoplay=0&amp;disablekb=0&amp;fs=1&amp;loop=0&amp;enablejsapi=1&amp;rel=0&amp;controls=2&amp;showinfo=0&amp;wmode=transparent&amp;autohide=2&amp;autoplay=0&amp;disablekb=0&amp;fs=1&amp;loop=0&amp;enablejsapi=1&amp;rel=0&amp;controls=2&amp;showinfo=1\" frameborder=\"0\" allow=\"accelerometer; autoplay; clipboard-write; encrypted-media; gyroscope; picture-in-picture; web-share\" referrerpolicy=\"strict-origin-when-cross-origin\" allowfullscreen><\/iframe><\/div>\n<\/div>\n<h3>CALLHUB &#8211; CARATTERISTICHE<\/h3>\n<ul>\n<li><strong>Call center<\/strong>: software per call center in uscita per effettuare e ricevere chiamate. Scegli tra pi\u00f9 dialer per ogni esigenza. Posti agenti illimitati.<\/li>\n<li><strong>SMS personalizzati e scalabili<\/strong>: partecipa a conversazioni 1:1 tramite SMS. Parla con centinaia di contatti contemporaneamente con risposte personalizzate e basate su modelli.<\/li>\n<li><strong>Trasmissione vocale<\/strong>: raggiungi centinaia di contatti in pochi minuti. Invia messaggi personalizzati al tuo pubblico istantaneamente durante una chiamata.<\/li>\n<li><strong>SMS di massa<\/strong>: trasmetti sms a migliaia di persone in pochi minuti. Migliorali con immagini, video e PDF per migliorare il coinvolgimento.<\/li>\n<li><strong>Chiamate in entrata<\/strong>: non perdere i contatti occupati. Ottieni una percentuale di contatti fino a 2 volte migliore consentendo ai contatti di richiamarti. Supportato anche sull&#8217;app mobile di CallHub.<\/li>\n<li><strong>Monitoraggio delle chiamate in tempo reale<\/strong>: assicurati che gli agenti seguano i tuoi standard di qualit\u00e0 con il monitoraggio delle chiamate in tempo reale.<\/li>\n<li><strong>ID chiamante dinamico<\/strong>: mantieni una presenza locale per le tue chiamate, indipendentemente da dove chiami. Migliora i tassi di coinvolgimento e risposta fino al 20% sulla tua campagna di chiamate.<\/li>\n<li><strong>Sondaggi:<\/strong> raccogli dati attraverso sondaggi di testo peer-to-peer. Gli agenti possono salvare le risposte dei contatti utilizzando i moduli di sondaggio.<\/li>\n<li><strong>Riprova le chiamate senza risposta<\/strong>: ricomporre automaticamente le chiamate senza risposta utilizzando la funzione di riprova. Ottieni percentuali di successo migliori assicurandoti che i contatti ricevano il tuo messaggio<\/li>\n<li><strong>Scrivi il tuo messaggio vocale:<\/strong> converti testo in audio per le campagne di trasmissione vocale.<\/li>\n<\/ul>\n<h4>LA RECENSIONI DEGLI UTENTI<\/h4>\n<p><strong>Matthew &#8220;Campagne di chiamata facili da usare per la nostra organizzazione no profit&#8221;<\/strong><br \/>\n<strong>Commenti<\/strong>: Continuiamo a utilizzare CallHub anno dopo anno e lo faremo nel prossimo futuro. \u00c8 un ottimo strumento per aiutarci a rimanere in contatto con il nostro database.<br \/>\n<strong>Pro<\/strong>: Mi piace il fatto che il mio team di personale e volontari possa facilmente effettuare molte chiamate ai nostri elettori. Cerchiamo di chiamare tutti quelli che possiamo due volte l&#8217;anno.<br \/>\n<strong>Contro<\/strong>: Quando abbiamo iniziato a usarlo per la prima volta non avevano un&#8217;app per telefoni o iPhone. Ma ora hanno quella funzionalit\u00e0.<\/p>\n<p><strong>Norman &#8220;CallHub \u00e8 adatto alle aziende di piccole e medie dimensioni&#8221;<\/strong><br \/>\n<strong>Commenti<\/strong>: Nel complesso \u00e8 buono e soddisfa le mie esigenze.<br \/>\n<strong>Pro<\/strong>: La cosa migliore di Callhub \u00e8 che non ci sono requisiti di licenza. Ci\u00f2 ti consente di aumentare o ridurre le dimensioni secondo necessit\u00e0 senza la necessit\u00e0 di impegnarti in alcuna licenza.<br \/>\n<strong>Contro<\/strong>: Il reporting e l&#8217;analisi possono essere migliorati. L&#8217;app a volte pu\u00f2 essere difettosa (ma non spesso). Il costo al secondo \u00e8 pi\u00f9 alto rispetto ad altre app (ma non \u00e8 necessario acquistare alcuna licenza). Ogni chiamata viene arrotondata al minuto successivo, indipendentemente da quanto tempo sei rimasto connesso. \u00c8 pi\u00f9 progettato per le campagne B2C che per le campagne B2B.<\/p>\n<p><strong>Bill &#8220;Sono un fan di Callhub&#8221;<\/strong><br \/>\n<strong>Commenti<\/strong>: Utilizzo Callhub probabilmente dal 2018. Adoro la piattaforma. L&#8217;ho usato su dozzine di progetti, sia legati al settore politico che a quello privato. L&#8217;ho consigliato anche ad altri e continuer\u00f2 a farlo.<br \/>\n<strong>Pro<\/strong>: Mi piace la natura intuitiva della piattaforma, cos\u00ec come la suite dinamica di servizi che puoi offrire da essa.<br \/>\n<strong>Contro<\/strong>: Il costo per aggiungere membri del team al tuo account \u00e8 un po&#8217; alto.<\/p>\n","protected":false},"excerpt":{"rendered":"<p>CallHub \u00e8 una piattaforma multifunzione per campagne e organizzazione facile da usare. Ospita strumenti chiave come chiamate in entrata e in uscita, trasmissione di messaggi, messaggistica peer to peer, trasmissione vocale e organizzazione relazionale. Con i prezzi competitivi a consumo, puoi aumentare o ridurre le tue campagne in base alle tue esigenze.<\/p>\n","protected":false},"author":19,"featured_media":77722,"parent":35419,"menu_order":0,"comment_status":"open","ping_status":"closed","template":"g1_template_page_review_new.php","meta":{"_acf_changed":false,"cwp_meta_box_check":"Yes","cwp_rev_product_name":"","cwp_rev_product_image":"","wppr_links":[],"cwp_rev_price":"0.00","wppr_options":[{"name":"Usability","value":"0"},{"name":"Speed","value":"0"},{"name":"Features","value":"0"},{"name":"Support","value":"0"},{"name":"Pricing","value":"0"}],"wppr_pros":["","","","",""],"wppr_cons":["","","","",""],"_monsterinsights_skip_tracking":false,"_monsterinsights_sitenote_active":false,"_monsterinsights_sitenote_note":"","_monsterinsights_sitenote_category":0,"footnotes":""},"categories":[4851],"tags":[15161,4852,4878,4855,4877,4859,4854,4875,4909,4876],"features":[],"class_list":{"0":"post-77719","1":"page","2":"type-page","3":"status-publish","4":"has-post-thumbnail","6":"category-piattaforme-per-fundraising-categoria","7":"tag-callhub","8":"tag-piattaforma-per-fundraising","9":"tag-piattaforma-raccolta-fondi","10":"tag-programma-per-fundraising","11":"tag-programma-raccolta-fondi","12":"tag-raccolta-fondi","13":"tag-software-per-fundraising","14":"tag-software-raccolta-fondi","15":"tag-soluzione-per-fundraising","16":"tag-soluzione-raccolta-fondi"},"wppr_data":{"cwp_meta_box_check":"Yes","_wppr_review_template":"default","cwp_rev_product_image":"","cwp_image_link":"image","wppr_links":[],"cwp_rev_price":"0.00","wppr_pros":["","","","",""],"wppr_cons":["","","","",""],"wppr_rating":"0.00","wppr_options":{"1":{"name":"Usability","value":"0"},"2":{"name":"Speed","value":"0"},"3":{"name":"Features","value":"0"},"4":{"name":"Support","value":"0"},"5":{"name":"Pricing","value":"0"}},"wppr_review_type":"Product","wppr_review_custom_fields":{"additionalProperty":"","additionalType":"","aggregateRating":"","alternateName":"","audience":"","award":"","awards":"","brand":"","color":"","depth":"","description":"","disambiguatingDescription":"","gtin12":"","gtin13":"","gtin14":"","gtin8":"","height":"","identifier":"","image":"","isAccessoryOrSparePartFor":"","isConsumableFor":"","isRelatedTo":"","isSimilarTo":"","itemCondition":"","logo":"","mainEntityOfPage":"","manufacturer":"","material":"","model":"","mpn":"","name":"","offers":"","potentialAction":"","productID":"","productionDate":"","purchaseDate":"","releaseDate":"","review":"","reviews":"","sameAs":"","sku":"","slogan":"","subjectOf":"","url":"","weight":"","width":""}},"acf":[],"yoast_head":"<!-- This site is optimized with the Yoast SEO plugin v27.4 - https:\/\/yoast.com\/product\/yoast-seo-wordpress\/ -->\n<title>CallHub: recensione software di raccolta fondi - Accurate Reviews<\/title>\n<meta name=\"description\" content=\"CallHub: recensione soluzione multifunzione per campagne e organizzazione facile da usare per organizzazioni no-profit, patrocinio e sindacati\" \/>\n<meta name=\"robots\" content=\"index, follow, max-snippet:-1, max-image-preview:large, max-video-preview:-1\" \/>\n<link rel=\"canonical\" href=\"https:\/\/www.accuratereviews.com\/it\/piattaforme-per-fundraising\/callhub-recensione\/\" \/>\n<meta property=\"og:locale\" content=\"it_IT\" \/>\n<meta property=\"og:type\" content=\"article\" \/>\n<meta property=\"og:title\" content=\"CallHub: recensione software di raccolta fondi - Accurate Reviews\" \/>\n<meta property=\"og:description\" content=\"CallHub: recensione soluzione multifunzione per campagne e organizzazione facile da usare per organizzazioni no-profit, patrocinio e sindacati\" \/>\n<meta property=\"og:url\" content=\"https:\/\/www.accuratereviews.com\/it\/piattaforme-per-fundraising\/callhub-recensione\/\" \/>\n<meta property=\"og:site_name\" content=\"Accurate Reviews\" \/>\n<meta property=\"og:image\" content=\"https:\/\/www.accuratereviews.com\/wp-content\/uploads\/2024\/07\/CallHub.png\" \/>\n\t<meta property=\"og:image:width\" content=\"364\" \/>\n\t<meta property=\"og:image:height\" content=\"364\" \/>\n\t<meta property=\"og:image:type\" content=\"image\/png\" \/>\n<meta name=\"twitter:card\" content=\"summary_large_image\" \/>\n<meta name=\"twitter:label1\" content=\"Tempo di lettura stimato\" \/>\n\t<meta name=\"twitter:data1\" content=\"5 minuti\" \/>\n<script type=\"application\/ld+json\" class=\"yoast-schema-graph\">{\"@context\":\"https:\\\/\\\/schema.org\",\"@graph\":[{\"@type\":\"WebPage\",\"@id\":\"https:\\\/\\\/www.accuratereviews.com\\\/it\\\/piattaforme-per-fundraising\\\/callhub-recensione\\\/\",\"url\":\"https:\\\/\\\/www.accuratereviews.com\\\/it\\\/piattaforme-per-fundraising\\\/callhub-recensione\\\/\",\"name\":\"CallHub: recensione software di raccolta fondi - Accurate Reviews\",\"isPartOf\":{\"@id\":\"https:\\\/\\\/www.accuratereviews.com\\\/it\\\/#website\"},\"primaryImageOfPage\":{\"@id\":\"https:\\\/\\\/www.accuratereviews.com\\\/it\\\/piattaforme-per-fundraising\\\/callhub-recensione\\\/#primaryimage\"},\"image\":{\"@id\":\"https:\\\/\\\/www.accuratereviews.com\\\/it\\\/piattaforme-per-fundraising\\\/callhub-recensione\\\/#primaryimage\"},\"thumbnailUrl\":\"https:\\\/\\\/www.accuratereviews.com\\\/wp-content\\\/uploads\\\/2024\\\/07\\\/CallHub.png\",\"datePublished\":\"2024-07-08T17:59:35+00:00\",\"description\":\"CallHub: recensione soluzione multifunzione per campagne e organizzazione facile da usare per organizzazioni no-profit, patrocinio e sindacati\",\"breadcrumb\":{\"@id\":\"https:\\\/\\\/www.accuratereviews.com\\\/it\\\/piattaforme-per-fundraising\\\/callhub-recensione\\\/#breadcrumb\"},\"inLanguage\":\"it-IT\",\"potentialAction\":[{\"@type\":\"ReadAction\",\"target\":[\"https:\\\/\\\/www.accuratereviews.com\\\/it\\\/piattaforme-per-fundraising\\\/callhub-recensione\\\/\"]}]},{\"@type\":\"ImageObject\",\"inLanguage\":\"it-IT\",\"@id\":\"https:\\\/\\\/www.accuratereviews.com\\\/it\\\/piattaforme-per-fundraising\\\/callhub-recensione\\\/#primaryimage\",\"url\":\"https:\\\/\\\/www.accuratereviews.com\\\/wp-content\\\/uploads\\\/2024\\\/07\\\/CallHub.png\",\"contentUrl\":\"https:\\\/\\\/www.accuratereviews.com\\\/wp-content\\\/uploads\\\/2024\\\/07\\\/CallHub.png\",\"width\":364,\"height\":364},{\"@type\":\"BreadcrumbList\",\"@id\":\"https:\\\/\\\/www.accuratereviews.com\\\/it\\\/piattaforme-per-fundraising\\\/callhub-recensione\\\/#breadcrumb\",\"itemListElement\":[{\"@type\":\"ListItem\",\"position\":1,\"name\":\"Home\",\"item\":\"https:\\\/\\\/www.accuratereviews.com\\\/it\\\/\"},{\"@type\":\"ListItem\",\"position\":2,\"name\":\"Piattaforme per fundraising\",\"item\":\"https:\\\/\\\/www.accuratereviews.com\\\/it\\\/piattaforme-per-fundraising\\\/\"},{\"@type\":\"ListItem\",\"position\":3,\"name\":\"CallHub\"}]},{\"@type\":\"WebSite\",\"@id\":\"https:\\\/\\\/www.accuratereviews.com\\\/it\\\/#website\",\"url\":\"https:\\\/\\\/www.accuratereviews.com\\\/it\\\/\",\"name\":\"Accurate Reviews\",\"description\":\"\",\"potentialAction\":[{\"@type\":\"SearchAction\",\"target\":{\"@type\":\"EntryPoint\",\"urlTemplate\":\"https:\\\/\\\/www.accuratereviews.com\\\/it\\\/?s={search_term_string}\"},\"query-input\":{\"@type\":\"PropertyValueSpecification\",\"valueRequired\":true,\"valueName\":\"search_term_string\"}}],\"inLanguage\":\"it-IT\"}]}<\/script>\n<!-- \/ Yoast SEO plugin. -->","yoast_head_json":{"title":"CallHub: recensione software di raccolta fondi - Accurate Reviews","description":"CallHub: recensione soluzione multifunzione per campagne e organizzazione facile da usare per organizzazioni no-profit, patrocinio e sindacati","robots":{"index":"index","follow":"follow","max-snippet":"max-snippet:-1","max-image-preview":"max-image-preview:large","max-video-preview":"max-video-preview:-1"},"canonical":"https:\/\/www.accuratereviews.com\/it\/piattaforme-per-fundraising\/callhub-recensione\/","og_locale":"it_IT","og_type":"article","og_title":"CallHub: recensione software di raccolta fondi - Accurate Reviews","og_description":"CallHub: recensione soluzione multifunzione per campagne e organizzazione facile da usare per organizzazioni no-profit, patrocinio e sindacati","og_url":"https:\/\/www.accuratereviews.com\/it\/piattaforme-per-fundraising\/callhub-recensione\/","og_site_name":"Accurate Reviews","og_image":[{"width":364,"height":364,"url":"https:\/\/www.accuratereviews.com\/wp-content\/uploads\/2024\/07\/CallHub.png","type":"image\/png"}],"twitter_card":"summary_large_image","twitter_misc":{"Tempo di lettura stimato":"5 minuti"},"schema":{"@context":"https:\/\/schema.org","@graph":[{"@type":"WebPage","@id":"https:\/\/www.accuratereviews.com\/it\/piattaforme-per-fundraising\/callhub-recensione\/","url":"https:\/\/www.accuratereviews.com\/it\/piattaforme-per-fundraising\/callhub-recensione\/","name":"CallHub: recensione software di raccolta fondi - Accurate Reviews","isPartOf":{"@id":"https:\/\/www.accuratereviews.com\/it\/#website"},"primaryImageOfPage":{"@id":"https:\/\/www.accuratereviews.com\/it\/piattaforme-per-fundraising\/callhub-recensione\/#primaryimage"},"image":{"@id":"https:\/\/www.accuratereviews.com\/it\/piattaforme-per-fundraising\/callhub-recensione\/#primaryimage"},"thumbnailUrl":"https:\/\/www.accuratereviews.com\/wp-content\/uploads\/2024\/07\/CallHub.png","datePublished":"2024-07-08T17:59:35+00:00","description":"CallHub: recensione soluzione multifunzione per campagne e organizzazione facile da usare per organizzazioni no-profit, patrocinio e sindacati","breadcrumb":{"@id":"https:\/\/www.accuratereviews.com\/it\/piattaforme-per-fundraising\/callhub-recensione\/#breadcrumb"},"inLanguage":"it-IT","potentialAction":[{"@type":"ReadAction","target":["https:\/\/www.accuratereviews.com\/it\/piattaforme-per-fundraising\/callhub-recensione\/"]}]},{"@type":"ImageObject","inLanguage":"it-IT","@id":"https:\/\/www.accuratereviews.com\/it\/piattaforme-per-fundraising\/callhub-recensione\/#primaryimage","url":"https:\/\/www.accuratereviews.com\/wp-content\/uploads\/2024\/07\/CallHub.png","contentUrl":"https:\/\/www.accuratereviews.com\/wp-content\/uploads\/2024\/07\/CallHub.png","width":364,"height":364},{"@type":"BreadcrumbList","@id":"https:\/\/www.accuratereviews.com\/it\/piattaforme-per-fundraising\/callhub-recensione\/#breadcrumb","itemListElement":[{"@type":"ListItem","position":1,"name":"Home","item":"https:\/\/www.accuratereviews.com\/it\/"},{"@type":"ListItem","position":2,"name":"Piattaforme per fundraising","item":"https:\/\/www.accuratereviews.com\/it\/piattaforme-per-fundraising\/"},{"@type":"ListItem","position":3,"name":"CallHub"}]},{"@type":"WebSite","@id":"https:\/\/www.accuratereviews.com\/it\/#website","url":"https:\/\/www.accuratereviews.com\/it\/","name":"Accurate Reviews","description":"","potentialAction":[{"@type":"SearchAction","target":{"@type":"EntryPoint","urlTemplate":"https:\/\/www.accuratereviews.com\/it\/?s={search_term_string}"},"query-input":{"@type":"PropertyValueSpecification","valueRequired":true,"valueName":"search_term_string"}}],"inLanguage":"it-IT"}]}},"_links":{"self":[{"href":"https:\/\/www.accuratereviews.com\/it\/wp-json\/wp\/v2\/pages\/77719","targetHints":{"allow":["GET"]}}],"collection":[{"href":"https:\/\/www.accuratereviews.com\/it\/wp-json\/wp\/v2\/pages"}],"about":[{"href":"https:\/\/www.accuratereviews.com\/it\/wp-json\/wp\/v2\/types\/page"}],"author":[{"embeddable":true,"href":"https:\/\/www.accuratereviews.com\/it\/wp-json\/wp\/v2\/users\/19"}],"replies":[{"embeddable":true,"href":"https:\/\/www.accuratereviews.com\/it\/wp-json\/wp\/v2\/comments?post=77719"}],"version-history":[{"count":10,"href":"https:\/\/www.accuratereviews.com\/it\/wp-json\/wp\/v2\/pages\/77719\/revisions"}],"predecessor-version":[{"id":77735,"href":"https:\/\/www.accuratereviews.com\/it\/wp-json\/wp\/v2\/pages\/77719\/revisions\/77735"}],"up":[{"embeddable":true,"href":"https:\/\/www.accuratereviews.com\/it\/wp-json\/wp\/v2\/pages\/35419"}],"wp:featuredmedia":[{"embeddable":true,"href":"https:\/\/www.accuratereviews.com\/it\/wp-json\/wp\/v2\/media\/77722"}],"wp:attachment":[{"href":"https:\/\/www.accuratereviews.com\/it\/wp-json\/wp\/v2\/media?parent=77719"}],"wp:term":[{"taxonomy":"category","embeddable":true,"href":"https:\/\/www.accuratereviews.com\/it\/wp-json\/wp\/v2\/categories?post=77719"},{"taxonomy":"post_tag","embeddable":true,"href":"https:\/\/www.accuratereviews.com\/it\/wp-json\/wp\/v2\/tags?post=77719"},{"taxonomy":"features","embeddable":true,"href":"https:\/\/www.accuratereviews.com\/it\/wp-json\/wp\/v2\/features?post=77719"}],"curies":[{"name":"wp","href":"https:\/\/api.w.org\/{rel}","templated":true}]}}