{"id":77739,"date":"2024-07-09T15:57:37","date_gmt":"2024-07-09T15:57:37","guid":{"rendered":"https:\/\/www.accuratereviews.com\/?page_id=77739"},"modified":"2024-07-10T10:18:43","modified_gmt":"2024-07-10T10:18:43","slug":"sumac-recensione","status":"publish","type":"page","link":"https:\/\/www.accuratereviews.com\/it\/piattaforme-per-fundraising\/sumac-recensione\/","title":{"rendered":"Sumac"},"content":{"rendered":"<p><strong>Sumac<\/strong> \u00e8 un sistema progettato per facilitare le organizzazioni no-profit nella <strong>gestione delle loro operazioni quotidiane<\/strong>. Dispone di una soluzione completa per la <strong>raccolta fondi<\/strong>, la gestione dei donatori, i volontari, la gestione dei membri e la gestione dei casi. Attraverso l&#8217;uso della tecnologia recente, questo software rende alle organizzazioni automatizzare il flusso di lavoro e personalizzare le proprie capacit\u00e0 di gestione.<br \/>\n<strong>Sumac<\/strong> riunisce tutte le funzionalit\u00e0 essenziali in un unico pacchetto, consentendo alle aziende di creare un database centralizzato ed eccellere nel condurre i propri flussi di lavoro nella giusta direzione. Le organizzazioni sono inoltre invitate ad aggiungere moduli aggiuntivi al proprio sistema di gestione di base, quando necessario.<\/p>\n<h2><a href=\"https:\/\/www.accuratereviews.com\/wp-content\/uploads\/2024\/07\/Screenshot-2024-07-09-alle-11.52.20.png\"><img loading=\"lazy\" decoding=\"async\" class=\"aligncenter wp-image-77752 size-full\" src=\"https:\/\/www.accuratereviews.com\/wp-content\/uploads\/2024\/07\/Screenshot-2024-07-09-alle-11.52.20.png\" alt=\"\" width=\"3352\" height=\"1150\" srcset=\"https:\/\/www.accuratereviews.com\/wp-content\/uploads\/2024\/07\/Screenshot-2024-07-09-alle-11.52.20.png 3352w, https:\/\/www.accuratereviews.com\/wp-content\/uploads\/2024\/07\/Screenshot-2024-07-09-alle-11.52.20-300x103.png 300w, https:\/\/www.accuratereviews.com\/wp-content\/uploads\/2024\/07\/Screenshot-2024-07-09-alle-11.52.20-1024x351.png 1024w, https:\/\/www.accuratereviews.com\/wp-content\/uploads\/2024\/07\/Screenshot-2024-07-09-alle-11.52.20-768x263.png 768w, https:\/\/www.accuratereviews.com\/wp-content\/uploads\/2024\/07\/Screenshot-2024-07-09-alle-11.52.20-1536x527.png 1536w, https:\/\/www.accuratereviews.com\/wp-content\/uploads\/2024\/07\/Screenshot-2024-07-09-alle-11.52.20-2048x703.png 2048w, https:\/\/www.accuratereviews.com\/wp-content\/uploads\/2024\/07\/Screenshot-2024-07-09-alle-11.52.20-50x17.png 50w, https:\/\/www.accuratereviews.com\/wp-content\/uploads\/2024\/07\/Screenshot-2024-07-09-alle-11.52.20-260x89.png 260w, https:\/\/www.accuratereviews.com\/wp-content\/uploads\/2024\/07\/Screenshot-2024-07-09-alle-11.52.20-968x332.png 968w, https:\/\/www.accuratereviews.com\/wp-content\/uploads\/2024\/07\/Screenshot-2024-07-09-alle-11.52.20-636x218.png 636w, https:\/\/www.accuratereviews.com\/wp-content\/uploads\/2024\/07\/Screenshot-2024-07-09-alle-11.52.20-320x110.png 320w, https:\/\/www.accuratereviews.com\/wp-content\/uploads\/2024\/07\/Screenshot-2024-07-09-alle-11.52.20-239x82.png 239w\" sizes=\"auto, (max-width: 3352px) 100vw, 3352px\" \/><\/a><\/h2>\n<h2>SUMAC &#8211; CARATTERISTICHE<\/h2>\n<ul>\n<li>Monitoraggio dei donatori e delle donazioni<\/li>\n<li>Donazioni mensili ricorrenti<\/li>\n<li>Campagne ed eventi di raccolta fondi<\/li>\n<li>Monitoraggio delle comunicazioni dei donatori<\/li>\n<li>Basato sul cloud<\/li>\n<li>Email collettive e individuali<\/li>\n<li>Gestione del flusso di lavoro<\/li>\n<li>Reporting basato sui risultati<\/li>\n<li>Integrazione contabile<\/li>\n<li>Moduli web per le donazioni<\/li>\n<li>Gestione delle sovvenzioni<\/li>\n<li>Moduli web per la gestione dei casi e l&#8217;assunzione dei clienti<\/li>\n<li>Abbonamenti e moduli web di iscrizione dei membri<\/li>\n<li>Volontari e moduli web di iscrizione dei volontari<\/li>\n<li>Estensione specializzata<\/li>\n<li>Moduli Web specializzati<\/li>\n<\/ul>\n<h3>LE RECENSIONI DEGLI UTENTI<\/h3>\n<p><strong>Laura \u00a0&#8220;Gestione dei casi per il supporto e l&#8217;educazione all&#8217;epilessia su base comunitaria&#8221;<\/strong><br \/>\n<strong>Commenti<\/strong>: positivo: facilit\u00e0 di implementazione, buon prezzo.<br \/>\n<strong>Pro<\/strong>: gestione dei file migliorata: Sumac ha migliorato la condivisione e la gestione dei file dei clienti tra gli operatori di supporto, garantendo un&#8217;esperienza di servizio senza soluzione di continuit\u00e0 per i clienti. Gestione efficiente dei casi: il personale in prima linea ora ha accesso a un sistema di gestione dei casi professionale, ottimizzando la propria efficienza ed efficacia in fornire servizi.<br \/>\n<strong>Contro<\/strong>: stiamo ancora lavorando per perfezionare i processi di reporting con l&#8217;obiettivo di migliorare la competenza nella creazione di report standardizzati per donatori e finanziatori. La nostra speranza \u00e8 quella di poter formare e assegnare un membro dedicato del team per aiutare a gestire strumenti e risorse all&#8217;interno di un ambiente operativo sempre pi\u00f9 digitalizzato.<\/p>\n<p><strong>Catherine \u00a0&#8220;Sumac \u00e8 un ottimo prodotto.&#8221;<\/strong><br \/>\n<strong>Commenti<\/strong>: Sumac \u00e8 un prodotto eccellente. Ho avuto un grande successo con Sumac. Lo consiglio vivamente.<br \/>\n<strong>Pro<\/strong>: La nostra organizzazione fa affidamento quotidianamente sulla funzionalit\u00e0 database di questo software. Facciamo affidamento anche sulle capacit\u00e0 di gestione dei donatori. Adesso utilizziamo la piattaforma del Consiglio di Amministrazione, che \u00e8 molto utile.<br \/>\n<strong>Contro<\/strong>: Non ho davvero alcun contro da menzionare. Ho sempre avuto un ottimo supporto tecnico da quando lo utilizzo.<\/p>\n<p><strong>Todd &#8220;Servizio cordiale&#8221;<\/strong><br \/>\n<strong>Commenti<\/strong>: La funzionalit\u00e0 dei nostri siti e l&#8217;apprezzamento dei nostri membri parlano del nostro successo.<br \/>\n<strong>Pro<\/strong>: Ci siamo incontrati regolarmente online per impostare il nostro sito. Si \u00e8 sinceramente interessato a me e alla nostra organizzazione per aiutarci al meglio a farla funzionare.<br \/>\n<strong>Contro<\/strong>: Nessuna lamentela, \u00e8 stata una bella esperienza<\/p>\n","protected":false},"excerpt":{"rendered":"<p>Sumac \u00e8 un sistema progettato per facilitare le organizzazioni no-profit nella gestione delle loro operazioni quotidiane. Dispone di una soluzione completa per la raccolta fondi, la gestione dei donatori, i volontari, la gestione dei membri e la gestione dei casi. Attraverso l&#8217;uso della tecnologia recente, questo software rende alle organizzazioni automatizzare il flusso di lavoro e personalizzare le proprie capacit\u00e0 di gestione.\u00a0<\/p>\n","protected":false},"author":19,"featured_media":77747,"parent":35419,"menu_order":0,"comment_status":"open","ping_status":"closed","template":"g1_template_page_review_new.php","meta":{"_acf_changed":false,"cwp_meta_box_check":"No","cwp_rev_product_name":"","cwp_rev_product_image":"","wppr_links":[],"cwp_rev_price":"","wppr_options":[],"wppr_pros":[],"wppr_cons":[],"_monsterinsights_skip_tracking":false,"_monsterinsights_sitenote_active":false,"_monsterinsights_sitenote_note":"","_monsterinsights_sitenote_category":0,"footnotes":""},"categories":[4851],"tags":[4852,4878,4855,4877,4859,4854,4875,4909,4876,15162],"features":[],"class_list":{"0":"post-77739","1":"page","2":"type-page","3":"status-publish","4":"has-post-thumbnail","6":"category-piattaforme-per-fundraising-categoria","7":"tag-piattaforma-per-fundraising","8":"tag-piattaforma-raccolta-fondi","9":"tag-programma-per-fundraising","10":"tag-programma-raccolta-fondi","11":"tag-raccolta-fondi","12":"tag-software-per-fundraising","13":"tag-software-raccolta-fondi","14":"tag-soluzione-per-fundraising","15":"tag-soluzione-raccolta-fondi","16":"tag-sumac"},"wppr_data":{"cwp_meta_box_check":"No"},"acf":[],"yoast_head":"<!-- This site is optimized with the Yoast SEO plugin v27.4 - https:\/\/yoast.com\/product\/yoast-seo-wordpress\/ -->\n<title>Sumac: recensione software raccolta fondi - Accurate Reviews<\/title>\n<meta name=\"description\" content=\"Sumac: recensione sistema progettato per facilitare le organizzazioni no-profit nella gestione delle loro operazioni quotidiane.\" \/>\n<meta name=\"robots\" content=\"index, follow, max-snippet:-1, max-image-preview:large, max-video-preview:-1\" \/>\n<link rel=\"canonical\" href=\"https:\/\/www.accuratereviews.com\/it\/piattaforme-per-fundraising\/sumac-recensione\/\" \/>\n<meta property=\"og:locale\" content=\"it_IT\" \/>\n<meta property=\"og:type\" content=\"article\" \/>\n<meta property=\"og:title\" content=\"Sumac: recensione software raccolta fondi - Accurate Reviews\" \/>\n<meta property=\"og:description\" content=\"Sumac: recensione sistema progettato per facilitare le organizzazioni no-profit nella gestione delle loro operazioni quotidiane.\" \/>\n<meta property=\"og:url\" content=\"https:\/\/www.accuratereviews.com\/it\/piattaforme-per-fundraising\/sumac-recensione\/\" \/>\n<meta property=\"og:site_name\" content=\"Accurate Reviews\" \/>\n<meta property=\"article:modified_time\" content=\"2024-07-10T10:18:43+00:00\" \/>\n<meta property=\"og:image\" content=\"https:\/\/www.accuratereviews.com\/wp-content\/uploads\/2024\/07\/Sumac.webp\" \/>\n\t<meta property=\"og:image:width\" content=\"235\" \/>\n\t<meta property=\"og:image:height\" content=\"270\" \/>\n\t<meta property=\"og:image:type\" content=\"image\/webp\" \/>\n<meta name=\"twitter:card\" content=\"summary_large_image\" \/>\n<meta name=\"twitter:label1\" content=\"Tempo di lettura stimato\" \/>\n\t<meta name=\"twitter:data1\" content=\"4 minuti\" \/>\n<script type=\"application\/ld+json\" class=\"yoast-schema-graph\">{\"@context\":\"https:\\\/\\\/schema.org\",\"@graph\":[{\"@type\":\"WebPage\",\"@id\":\"https:\\\/\\\/www.accuratereviews.com\\\/it\\\/piattaforme-per-fundraising\\\/sumac-recensione\\\/\",\"url\":\"https:\\\/\\\/www.accuratereviews.com\\\/it\\\/piattaforme-per-fundraising\\\/sumac-recensione\\\/\",\"name\":\"Sumac: recensione software raccolta fondi - Accurate Reviews\",\"isPartOf\":{\"@id\":\"https:\\\/\\\/www.accuratereviews.com\\\/it\\\/#website\"},\"primaryImageOfPage\":{\"@id\":\"https:\\\/\\\/www.accuratereviews.com\\\/it\\\/piattaforme-per-fundraising\\\/sumac-recensione\\\/#primaryimage\"},\"image\":{\"@id\":\"https:\\\/\\\/www.accuratereviews.com\\\/it\\\/piattaforme-per-fundraising\\\/sumac-recensione\\\/#primaryimage\"},\"thumbnailUrl\":\"https:\\\/\\\/www.accuratereviews.com\\\/wp-content\\\/uploads\\\/2024\\\/07\\\/Sumac.webp\",\"datePublished\":\"2024-07-09T15:57:37+00:00\",\"dateModified\":\"2024-07-10T10:18:43+00:00\",\"description\":\"Sumac: recensione sistema progettato per facilitare le organizzazioni no-profit nella gestione delle loro operazioni quotidiane.\",\"breadcrumb\":{\"@id\":\"https:\\\/\\\/www.accuratereviews.com\\\/it\\\/piattaforme-per-fundraising\\\/sumac-recensione\\\/#breadcrumb\"},\"inLanguage\":\"it-IT\",\"potentialAction\":[{\"@type\":\"ReadAction\",\"target\":[\"https:\\\/\\\/www.accuratereviews.com\\\/it\\\/piattaforme-per-fundraising\\\/sumac-recensione\\\/\"]}]},{\"@type\":\"ImageObject\",\"inLanguage\":\"it-IT\",\"@id\":\"https:\\\/\\\/www.accuratereviews.com\\\/it\\\/piattaforme-per-fundraising\\\/sumac-recensione\\\/#primaryimage\",\"url\":\"https:\\\/\\\/www.accuratereviews.com\\\/wp-content\\\/uploads\\\/2024\\\/07\\\/Sumac.webp\",\"contentUrl\":\"https:\\\/\\\/www.accuratereviews.com\\\/wp-content\\\/uploads\\\/2024\\\/07\\\/Sumac.webp\",\"width\":235,\"height\":270},{\"@type\":\"BreadcrumbList\",\"@id\":\"https:\\\/\\\/www.accuratereviews.com\\\/it\\\/piattaforme-per-fundraising\\\/sumac-recensione\\\/#breadcrumb\",\"itemListElement\":[{\"@type\":\"ListItem\",\"position\":1,\"name\":\"Home\",\"item\":\"https:\\\/\\\/www.accuratereviews.com\\\/it\\\/\"},{\"@type\":\"ListItem\",\"position\":2,\"name\":\"Piattaforme per fundraising\",\"item\":\"https:\\\/\\\/www.accuratereviews.com\\\/it\\\/piattaforme-per-fundraising\\\/\"},{\"@type\":\"ListItem\",\"position\":3,\"name\":\"Sumac\"}]},{\"@type\":\"WebSite\",\"@id\":\"https:\\\/\\\/www.accuratereviews.com\\\/it\\\/#website\",\"url\":\"https:\\\/\\\/www.accuratereviews.com\\\/it\\\/\",\"name\":\"Accurate Reviews\",\"description\":\"\",\"potentialAction\":[{\"@type\":\"SearchAction\",\"target\":{\"@type\":\"EntryPoint\",\"urlTemplate\":\"https:\\\/\\\/www.accuratereviews.com\\\/it\\\/?s={search_term_string}\"},\"query-input\":{\"@type\":\"PropertyValueSpecification\",\"valueRequired\":true,\"valueName\":\"search_term_string\"}}],\"inLanguage\":\"it-IT\"}]}<\/script>\n<!-- \/ Yoast SEO plugin. -->","yoast_head_json":{"title":"Sumac: recensione software raccolta fondi - Accurate Reviews","description":"Sumac: recensione sistema progettato per facilitare le organizzazioni no-profit nella gestione delle loro operazioni quotidiane.","robots":{"index":"index","follow":"follow","max-snippet":"max-snippet:-1","max-image-preview":"max-image-preview:large","max-video-preview":"max-video-preview:-1"},"canonical":"https:\/\/www.accuratereviews.com\/it\/piattaforme-per-fundraising\/sumac-recensione\/","og_locale":"it_IT","og_type":"article","og_title":"Sumac: recensione software raccolta fondi - Accurate Reviews","og_description":"Sumac: recensione sistema progettato per facilitare le organizzazioni no-profit nella gestione delle loro operazioni quotidiane.","og_url":"https:\/\/www.accuratereviews.com\/it\/piattaforme-per-fundraising\/sumac-recensione\/","og_site_name":"Accurate Reviews","article_modified_time":"2024-07-10T10:18:43+00:00","og_image":[{"width":235,"height":270,"url":"https:\/\/www.accuratereviews.com\/wp-content\/uploads\/2024\/07\/Sumac.webp","type":"image\/webp"}],"twitter_card":"summary_large_image","twitter_misc":{"Tempo di lettura stimato":"4 minuti"},"schema":{"@context":"https:\/\/schema.org","@graph":[{"@type":"WebPage","@id":"https:\/\/www.accuratereviews.com\/it\/piattaforme-per-fundraising\/sumac-recensione\/","url":"https:\/\/www.accuratereviews.com\/it\/piattaforme-per-fundraising\/sumac-recensione\/","name":"Sumac: recensione software raccolta fondi - Accurate Reviews","isPartOf":{"@id":"https:\/\/www.accuratereviews.com\/it\/#website"},"primaryImageOfPage":{"@id":"https:\/\/www.accuratereviews.com\/it\/piattaforme-per-fundraising\/sumac-recensione\/#primaryimage"},"image":{"@id":"https:\/\/www.accuratereviews.com\/it\/piattaforme-per-fundraising\/sumac-recensione\/#primaryimage"},"thumbnailUrl":"https:\/\/www.accuratereviews.com\/wp-content\/uploads\/2024\/07\/Sumac.webp","datePublished":"2024-07-09T15:57:37+00:00","dateModified":"2024-07-10T10:18:43+00:00","description":"Sumac: recensione sistema progettato per facilitare le organizzazioni no-profit nella gestione delle loro operazioni quotidiane.","breadcrumb":{"@id":"https:\/\/www.accuratereviews.com\/it\/piattaforme-per-fundraising\/sumac-recensione\/#breadcrumb"},"inLanguage":"it-IT","potentialAction":[{"@type":"ReadAction","target":["https:\/\/www.accuratereviews.com\/it\/piattaforme-per-fundraising\/sumac-recensione\/"]}]},{"@type":"ImageObject","inLanguage":"it-IT","@id":"https:\/\/www.accuratereviews.com\/it\/piattaforme-per-fundraising\/sumac-recensione\/#primaryimage","url":"https:\/\/www.accuratereviews.com\/wp-content\/uploads\/2024\/07\/Sumac.webp","contentUrl":"https:\/\/www.accuratereviews.com\/wp-content\/uploads\/2024\/07\/Sumac.webp","width":235,"height":270},{"@type":"BreadcrumbList","@id":"https:\/\/www.accuratereviews.com\/it\/piattaforme-per-fundraising\/sumac-recensione\/#breadcrumb","itemListElement":[{"@type":"ListItem","position":1,"name":"Home","item":"https:\/\/www.accuratereviews.com\/it\/"},{"@type":"ListItem","position":2,"name":"Piattaforme per fundraising","item":"https:\/\/www.accuratereviews.com\/it\/piattaforme-per-fundraising\/"},{"@type":"ListItem","position":3,"name":"Sumac"}]},{"@type":"WebSite","@id":"https:\/\/www.accuratereviews.com\/it\/#website","url":"https:\/\/www.accuratereviews.com\/it\/","name":"Accurate Reviews","description":"","potentialAction":[{"@type":"SearchAction","target":{"@type":"EntryPoint","urlTemplate":"https:\/\/www.accuratereviews.com\/it\/?s={search_term_string}"},"query-input":{"@type":"PropertyValueSpecification","valueRequired":true,"valueName":"search_term_string"}}],"inLanguage":"it-IT"}]}},"_links":{"self":[{"href":"https:\/\/www.accuratereviews.com\/it\/wp-json\/wp\/v2\/pages\/77739","targetHints":{"allow":["GET"]}}],"collection":[{"href":"https:\/\/www.accuratereviews.com\/it\/wp-json\/wp\/v2\/pages"}],"about":[{"href":"https:\/\/www.accuratereviews.com\/it\/wp-json\/wp\/v2\/types\/page"}],"author":[{"embeddable":true,"href":"https:\/\/www.accuratereviews.com\/it\/wp-json\/wp\/v2\/users\/19"}],"replies":[{"embeddable":true,"href":"https:\/\/www.accuratereviews.com\/it\/wp-json\/wp\/v2\/comments?post=77739"}],"version-history":[{"count":10,"href":"https:\/\/www.accuratereviews.com\/it\/wp-json\/wp\/v2\/pages\/77739\/revisions"}],"predecessor-version":[{"id":77788,"href":"https:\/\/www.accuratereviews.com\/it\/wp-json\/wp\/v2\/pages\/77739\/revisions\/77788"}],"up":[{"embeddable":true,"href":"https:\/\/www.accuratereviews.com\/it\/wp-json\/wp\/v2\/pages\/35419"}],"wp:featuredmedia":[{"embeddable":true,"href":"https:\/\/www.accuratereviews.com\/it\/wp-json\/wp\/v2\/media\/77747"}],"wp:attachment":[{"href":"https:\/\/www.accuratereviews.com\/it\/wp-json\/wp\/v2\/media?parent=77739"}],"wp:term":[{"taxonomy":"category","embeddable":true,"href":"https:\/\/www.accuratereviews.com\/it\/wp-json\/wp\/v2\/categories?post=77739"},{"taxonomy":"post_tag","embeddable":true,"href":"https:\/\/www.accuratereviews.com\/it\/wp-json\/wp\/v2\/tags?post=77739"},{"taxonomy":"features","embeddable":true,"href":"https:\/\/www.accuratereviews.com\/it\/wp-json\/wp\/v2\/features?post=77739"}],"curies":[{"name":"wp","href":"https:\/\/api.w.org\/{rel}","templated":true}]}}