{"id":77777,"date":"2024-07-10T11:49:41","date_gmt":"2024-07-10T11:49:41","guid":{"rendered":"https:\/\/www.accuratereviews.com\/?page_id=77777"},"modified":"2024-07-10T11:49:41","modified_gmt":"2024-07-10T11:49:41","slug":"bonterra-development-digital-recensione","status":"publish","type":"page","link":"https:\/\/www.accuratereviews.com\/it\/piattaforme-per-fundraising\/bonterra-development-digital-recensione\/","title":{"rendered":"Bonterra Development + Digital"},"content":{"rendered":"<p><strong>Bonterra Development + Digital<\/strong> potenzia il tuo <strong>programma di raccolta fondi<\/strong> all&#8217;interno di questo CRM unificato. Scoprirai una piattaforma migliore e intuitiva per sviluppare le relazioni con i donatori, monitorare potenziali clienti, sovvenzioni e impegni, coltivare donazioni pianificate, eseguire report personalizzati e, infine, raccogliere pi\u00f9 denaro.<br \/>\nL&#8217;inserimento in batch dei regali, le pagine self-service dei donatori e altro ancora semplificano la gestione dei dati per l&#8217;intero team.<\/p>\n<h2>BONTERRA DEVELOPMENT + DIGITAL &#8211; TUTORIAL<\/h2>\n<div id=\"fluid-wrapper-counter-1\" class=\"g1-fluid-wrapper \" style=\"width:686px;\">\n<div style=\"padding-bottom:56.268221574344%;\"><iframe loading=\"lazy\" title=\"Maximize impact while saving staff time | Bonterra Impact Management with Chad Trim\" width=\"686\" height=\"386\" src=\"https:\/\/www.youtube.com\/embed\/ZpysY-uGv4U?feature=oembed&amp;wmode=transparent&amp;autohide=1&amp;autoplay=0&amp;disablekb=0&amp;fs=1&amp;loop=0&amp;enablejsapi=1&amp;rel=0&amp;controls=2&amp;showinfo=0&amp;wmode=transparent&amp;autohide=2&amp;autoplay=0&amp;disablekb=0&amp;fs=1&amp;loop=0&amp;enablejsapi=1&amp;rel=0&amp;controls=2&amp;showinfo=1\" frameborder=\"0\" allow=\"accelerometer; autoplay; clipboard-write; encrypted-media; gyroscope; picture-in-picture; web-share\" referrerpolicy=\"strict-origin-when-cross-origin\" allowfullscreen><\/iframe><\/div>\n<\/div>\n<h3>BONTERRA DEVELOPMENT + DIGITAL &#8211; CARATTERISTICHE<\/h3>\n<ul>\n<li><strong>Raccogli pi\u00f9 fondi<\/strong>.: ottieni risultati migliori nella raccolta fondi semplificando le donazioni per i tuoi sostenitori. Le best practice integrate e le automazioni che fanno risparmiare tempo ti consentono di supportare ci\u00f2 che conta di pi\u00f9: la tua missione.<\/li>\n<li><strong>Costruisci migliori relazioni con i sostenitori<\/strong>: consentire ai sostenitori di intraprendere azioni di advocacy. Rafforza gli insight monitorandone e gestindone l&#8217;impatto in una posizione centralizzata. Crea elenchi, raggiungi e coinvolgi gli elettori giusti e gestisci gli eventi.<\/li>\n<li><strong>Aumenta il coinvolgimento<\/strong>: offri al tuo pubblico l&#8217;esperienza coesa e personalizzata che meritano. La piattaforma Bonterra Fundraising and Engagement mette a tua disposizione profili completi di sostenitori, cos\u00ec puoi creare esperienze di donazione che portino a legami duraturi.<\/li>\n<li><strong>Eventi e aste<\/strong>: organizza e ottimizza l&#8217;esperienza dei sostenitori per eventi con biglietto, video in live streaming e aste silenziose, dal vivo, a prezzo fisso o online.<\/li>\n<li><strong>CRM senza scopo di lucro<\/strong>: crea un&#8217;unica fonte di verit\u00e0 per tutte le interazioni con i donatori con una soluzione CRM specifica per le organizzazioni non profit.<\/li>\n<\/ul>\n<h4>LE RECENSIONI DEGLI UTENTI<\/h4>\n<p><strong>Liz &#8220;Sistema Bonterra&#8221;<\/strong><br \/>\n<strong>Pro<\/strong>: Aiuta a tenere traccia dei servizi al cliente forniti e completati.<br \/>\n<strong>Contro<\/strong>: Non lo stiamo ancora usando molto perch\u00e9 siamo nuovi.<\/p>\n<p><strong>Aaron &#8220;Ottimo prodotto completo&#8221;<\/strong><br \/>\n<strong>Pro<\/strong>: EveryAction \u00e8 uno sportello unico per la gestione delle operazioni di sviluppo tra singoli donatori, donazioni online, sollecitazioni via e-mail e gestione delle sovvenzioni.<br \/>\n<strong>Contro<\/strong>: All&#8217;inizio l&#8217;installazione e l&#8217;apprendimento dei potenti strumenti possono essere travolgenti, ma con il tempo trascorso a utilizzare l&#8217;applicazione e nella libreria di articoli della guida e video registrati di EveryAction, puoi diventare rapidamente un utente esperto.<\/p>\n<p><strong>Kelly &#8220;Sviluppo Bonterra + Digitale&#8221;<\/strong><br \/>\n<strong>Pro<\/strong>: Bonterra Development + Digital \u00e8 un prodotto di alto valore che \u00e8 anche facile da usare e intuitivo. Abbracciare le sue funzionalit\u00e0 ci ha aiutato a migliorare la produttivit\u00e0 e ad aumentare le entrate dell&#8217;organizzazione.<br \/>\n<strong>Contro<\/strong>: Esistono alcuni limiti alle capacit\u00e0 del digitale. Abbiamo scoperto che il desiderio di personalizzare le pagine o le funzionalit\u00e0 per soddisfare le nostre esigenze spesso non \u00e8 fattibile o richiede molto tempo e denaro.<\/p>\n","protected":false},"excerpt":{"rendered":"<p>Bonterra Development + Digital potenzia il tuo programma di raccolta fondi all&#8217;interno di questo CRM unificato. Scoprirai una piattaforma migliore e intuitiva per sviluppare le relazioni con i donatori, monitorare potenziali clienti, sovvenzioni e impegni, coltivare donazioni pianificate, eseguire report personalizzati e, infine, raccogliere pi\u00f9 denaro<\/p>\n","protected":false},"author":19,"featured_media":77780,"parent":35419,"menu_order":0,"comment_status":"open","ping_status":"closed","template":"g1_template_page_review_new.php","meta":{"_acf_changed":false,"cwp_meta_box_check":"Yes","cwp_rev_product_name":"","cwp_rev_product_image":"","wppr_links":[],"cwp_rev_price":"0.00","wppr_options":[{"name":"Usability","value":"0"},{"name":"Speed","value":"0"},{"name":"Features","value":"0"},{"name":"Support","value":"0"},{"name":"Pricing","value":"0"}],"wppr_pros":["","","","",""],"wppr_cons":["","","","",""],"_monsterinsights_skip_tracking":false,"_monsterinsights_sitenote_active":false,"_monsterinsights_sitenote_note":"","_monsterinsights_sitenote_category":0,"footnotes":""},"categories":[4851],"tags":[15164,4852,4878,15141,4877,4859,15165,4875,15140,4876],"features":[],"class_list":{"0":"post-77777","1":"page","2":"type-page","3":"status-publish","4":"has-post-thumbnail","6":"category-piattaforme-per-fundraising-categoria","7":"tag-bonterra-development-digital","8":"tag-piattaforma-per-fundraising","9":"tag-piattaforma-raccolta-fondi","10":"tag-programma-per-fudraising","11":"tag-programma-raccolta-fondi","12":"tag-raccolta-fondi","13":"tag-software-per-fudraising","14":"tag-software-raccolta-fondi","15":"tag-soluzione-per-fudraising","16":"tag-soluzione-raccolta-fondi"},"wppr_data":{"cwp_meta_box_check":"Yes","_wppr_review_template":"default","cwp_rev_product_image":"","cwp_image_link":"image","wppr_links":[],"cwp_rev_price":"0.00","wppr_pros":["","","","",""],"wppr_cons":["","","","",""],"wppr_rating":"0.00","wppr_options":{"1":{"name":"Usability","value":"0"},"2":{"name":"Speed","value":"0"},"3":{"name":"Features","value":"0"},"4":{"name":"Support","value":"0"},"5":{"name":"Pricing","value":"0"}},"wppr_review_type":"Product","wppr_review_custom_fields":{"additionalProperty":"","additionalType":"","aggregateRating":"","alternateName":"","audience":"","award":"","awards":"","brand":"","color":"","depth":"","description":"","disambiguatingDescription":"","gtin12":"","gtin13":"","gtin14":"","gtin8":"","height":"","identifier":"","image":"","isAccessoryOrSparePartFor":"","isConsumableFor":"","isRelatedTo":"","isSimilarTo":"","itemCondition":"","logo":"","mainEntityOfPage":"","manufacturer":"","material":"","model":"","mpn":"","name":"","offers":"","potentialAction":"","productID":"","productionDate":"","purchaseDate":"","releaseDate":"","review":"","reviews":"","sameAs":"","sku":"","slogan":"","subjectOf":"","url":"","weight":"","width":""}},"acf":[],"yoast_head":"<!-- This site is optimized with the Yoast SEO plugin v27.4 - https:\/\/yoast.com\/product\/yoast-seo-wordpress\/ -->\n<title>Bonterra Development + Digital: recensione software raccolta fondi Accurate Reviews<\/title>\n<meta name=\"description\" content=\"Bonterra Development + Digital: recensione soluzione che potenzia il tuo programma di raccolta fondi all&#039;interno di questo CRM unificato.\" \/>\n<meta name=\"robots\" content=\"index, follow, max-snippet:-1, max-image-preview:large, max-video-preview:-1\" \/>\n<link rel=\"canonical\" href=\"https:\/\/www.accuratereviews.com\/it\/piattaforme-per-fundraising\/bonterra-development-digital-recensione\/\" \/>\n<meta property=\"og:locale\" content=\"it_IT\" \/>\n<meta property=\"og:type\" content=\"article\" \/>\n<meta property=\"og:title\" content=\"Bonterra Development + Digital: recensione software raccolta fondi Accurate Reviews\" \/>\n<meta property=\"og:description\" content=\"Bonterra Development + Digital: recensione soluzione che potenzia il tuo programma di raccolta fondi all&#039;interno di questo CRM unificato.\" \/>\n<meta property=\"og:url\" content=\"https:\/\/www.accuratereviews.com\/it\/piattaforme-per-fundraising\/bonterra-development-digital-recensione\/\" \/>\n<meta property=\"og:site_name\" content=\"Accurate Reviews\" \/>\n<meta property=\"og:image\" content=\"https:\/\/www.accuratereviews.com\/wp-content\/uploads\/2024\/07\/bonterra.png\" \/>\n\t<meta property=\"og:image:width\" content=\"364\" \/>\n\t<meta property=\"og:image:height\" content=\"364\" \/>\n\t<meta property=\"og:image:type\" content=\"image\/png\" \/>\n<meta name=\"twitter:card\" content=\"summary_large_image\" \/>\n<meta name=\"twitter:label1\" content=\"Tempo di lettura stimato\" \/>\n\t<meta name=\"twitter:data1\" content=\"4 minuti\" \/>\n<script type=\"application\/ld+json\" class=\"yoast-schema-graph\">{\"@context\":\"https:\\\/\\\/schema.org\",\"@graph\":[{\"@type\":\"WebPage\",\"@id\":\"https:\\\/\\\/www.accuratereviews.com\\\/it\\\/piattaforme-per-fundraising\\\/bonterra-development-digital-recensione\\\/\",\"url\":\"https:\\\/\\\/www.accuratereviews.com\\\/it\\\/piattaforme-per-fundraising\\\/bonterra-development-digital-recensione\\\/\",\"name\":\"Bonterra Development + Digital: recensione software raccolta fondi Accurate Reviews\",\"isPartOf\":{\"@id\":\"https:\\\/\\\/www.accuratereviews.com\\\/it\\\/#website\"},\"primaryImageOfPage\":{\"@id\":\"https:\\\/\\\/www.accuratereviews.com\\\/it\\\/piattaforme-per-fundraising\\\/bonterra-development-digital-recensione\\\/#primaryimage\"},\"image\":{\"@id\":\"https:\\\/\\\/www.accuratereviews.com\\\/it\\\/piattaforme-per-fundraising\\\/bonterra-development-digital-recensione\\\/#primaryimage\"},\"thumbnailUrl\":\"https:\\\/\\\/www.accuratereviews.com\\\/wp-content\\\/uploads\\\/2024\\\/07\\\/bonterra.png\",\"datePublished\":\"2024-07-10T11:49:41+00:00\",\"description\":\"Bonterra Development + Digital: recensione soluzione che potenzia il tuo programma di raccolta fondi all'interno di questo CRM unificato.\",\"breadcrumb\":{\"@id\":\"https:\\\/\\\/www.accuratereviews.com\\\/it\\\/piattaforme-per-fundraising\\\/bonterra-development-digital-recensione\\\/#breadcrumb\"},\"inLanguage\":\"it-IT\",\"potentialAction\":[{\"@type\":\"ReadAction\",\"target\":[\"https:\\\/\\\/www.accuratereviews.com\\\/it\\\/piattaforme-per-fundraising\\\/bonterra-development-digital-recensione\\\/\"]}]},{\"@type\":\"ImageObject\",\"inLanguage\":\"it-IT\",\"@id\":\"https:\\\/\\\/www.accuratereviews.com\\\/it\\\/piattaforme-per-fundraising\\\/bonterra-development-digital-recensione\\\/#primaryimage\",\"url\":\"https:\\\/\\\/www.accuratereviews.com\\\/wp-content\\\/uploads\\\/2024\\\/07\\\/bonterra.png\",\"contentUrl\":\"https:\\\/\\\/www.accuratereviews.com\\\/wp-content\\\/uploads\\\/2024\\\/07\\\/bonterra.png\",\"width\":364,\"height\":364},{\"@type\":\"BreadcrumbList\",\"@id\":\"https:\\\/\\\/www.accuratereviews.com\\\/it\\\/piattaforme-per-fundraising\\\/bonterra-development-digital-recensione\\\/#breadcrumb\",\"itemListElement\":[{\"@type\":\"ListItem\",\"position\":1,\"name\":\"Home\",\"item\":\"https:\\\/\\\/www.accuratereviews.com\\\/it\\\/\"},{\"@type\":\"ListItem\",\"position\":2,\"name\":\"Piattaforme per fundraising\",\"item\":\"https:\\\/\\\/www.accuratereviews.com\\\/it\\\/piattaforme-per-fundraising\\\/\"},{\"@type\":\"ListItem\",\"position\":3,\"name\":\"Bonterra Development + Digital\"}]},{\"@type\":\"WebSite\",\"@id\":\"https:\\\/\\\/www.accuratereviews.com\\\/it\\\/#website\",\"url\":\"https:\\\/\\\/www.accuratereviews.com\\\/it\\\/\",\"name\":\"Accurate Reviews\",\"description\":\"\",\"potentialAction\":[{\"@type\":\"SearchAction\",\"target\":{\"@type\":\"EntryPoint\",\"urlTemplate\":\"https:\\\/\\\/www.accuratereviews.com\\\/it\\\/?s={search_term_string}\"},\"query-input\":{\"@type\":\"PropertyValueSpecification\",\"valueRequired\":true,\"valueName\":\"search_term_string\"}}],\"inLanguage\":\"it-IT\"}]}<\/script>\n<!-- \/ Yoast SEO plugin. -->","yoast_head_json":{"title":"Bonterra Development + Digital: recensione software raccolta fondi Accurate Reviews","description":"Bonterra Development + Digital: recensione soluzione che potenzia il tuo programma di raccolta fondi all'interno di questo CRM unificato.","robots":{"index":"index","follow":"follow","max-snippet":"max-snippet:-1","max-image-preview":"max-image-preview:large","max-video-preview":"max-video-preview:-1"},"canonical":"https:\/\/www.accuratereviews.com\/it\/piattaforme-per-fundraising\/bonterra-development-digital-recensione\/","og_locale":"it_IT","og_type":"article","og_title":"Bonterra Development + Digital: recensione software raccolta fondi Accurate Reviews","og_description":"Bonterra Development + Digital: recensione soluzione che potenzia il tuo programma di raccolta fondi all'interno di questo CRM unificato.","og_url":"https:\/\/www.accuratereviews.com\/it\/piattaforme-per-fundraising\/bonterra-development-digital-recensione\/","og_site_name":"Accurate Reviews","og_image":[{"width":364,"height":364,"url":"https:\/\/www.accuratereviews.com\/wp-content\/uploads\/2024\/07\/bonterra.png","type":"image\/png"}],"twitter_card":"summary_large_image","twitter_misc":{"Tempo di lettura stimato":"4 minuti"},"schema":{"@context":"https:\/\/schema.org","@graph":[{"@type":"WebPage","@id":"https:\/\/www.accuratereviews.com\/it\/piattaforme-per-fundraising\/bonterra-development-digital-recensione\/","url":"https:\/\/www.accuratereviews.com\/it\/piattaforme-per-fundraising\/bonterra-development-digital-recensione\/","name":"Bonterra Development + Digital: recensione software raccolta fondi Accurate Reviews","isPartOf":{"@id":"https:\/\/www.accuratereviews.com\/it\/#website"},"primaryImageOfPage":{"@id":"https:\/\/www.accuratereviews.com\/it\/piattaforme-per-fundraising\/bonterra-development-digital-recensione\/#primaryimage"},"image":{"@id":"https:\/\/www.accuratereviews.com\/it\/piattaforme-per-fundraising\/bonterra-development-digital-recensione\/#primaryimage"},"thumbnailUrl":"https:\/\/www.accuratereviews.com\/wp-content\/uploads\/2024\/07\/bonterra.png","datePublished":"2024-07-10T11:49:41+00:00","description":"Bonterra Development + Digital: recensione soluzione che potenzia il tuo programma di raccolta fondi all'interno di questo CRM unificato.","breadcrumb":{"@id":"https:\/\/www.accuratereviews.com\/it\/piattaforme-per-fundraising\/bonterra-development-digital-recensione\/#breadcrumb"},"inLanguage":"it-IT","potentialAction":[{"@type":"ReadAction","target":["https:\/\/www.accuratereviews.com\/it\/piattaforme-per-fundraising\/bonterra-development-digital-recensione\/"]}]},{"@type":"ImageObject","inLanguage":"it-IT","@id":"https:\/\/www.accuratereviews.com\/it\/piattaforme-per-fundraising\/bonterra-development-digital-recensione\/#primaryimage","url":"https:\/\/www.accuratereviews.com\/wp-content\/uploads\/2024\/07\/bonterra.png","contentUrl":"https:\/\/www.accuratereviews.com\/wp-content\/uploads\/2024\/07\/bonterra.png","width":364,"height":364},{"@type":"BreadcrumbList","@id":"https:\/\/www.accuratereviews.com\/it\/piattaforme-per-fundraising\/bonterra-development-digital-recensione\/#breadcrumb","itemListElement":[{"@type":"ListItem","position":1,"name":"Home","item":"https:\/\/www.accuratereviews.com\/it\/"},{"@type":"ListItem","position":2,"name":"Piattaforme per fundraising","item":"https:\/\/www.accuratereviews.com\/it\/piattaforme-per-fundraising\/"},{"@type":"ListItem","position":3,"name":"Bonterra Development + Digital"}]},{"@type":"WebSite","@id":"https:\/\/www.accuratereviews.com\/it\/#website","url":"https:\/\/www.accuratereviews.com\/it\/","name":"Accurate Reviews","description":"","potentialAction":[{"@type":"SearchAction","target":{"@type":"EntryPoint","urlTemplate":"https:\/\/www.accuratereviews.com\/it\/?s={search_term_string}"},"query-input":{"@type":"PropertyValueSpecification","valueRequired":true,"valueName":"search_term_string"}}],"inLanguage":"it-IT"}]}},"_links":{"self":[{"href":"https:\/\/www.accuratereviews.com\/it\/wp-json\/wp\/v2\/pages\/77777","targetHints":{"allow":["GET"]}}],"collection":[{"href":"https:\/\/www.accuratereviews.com\/it\/wp-json\/wp\/v2\/pages"}],"about":[{"href":"https:\/\/www.accuratereviews.com\/it\/wp-json\/wp\/v2\/types\/page"}],"author":[{"embeddable":true,"href":"https:\/\/www.accuratereviews.com\/it\/wp-json\/wp\/v2\/users\/19"}],"replies":[{"embeddable":true,"href":"https:\/\/www.accuratereviews.com\/it\/wp-json\/wp\/v2\/comments?post=77777"}],"version-history":[{"count":10,"href":"https:\/\/www.accuratereviews.com\/it\/wp-json\/wp\/v2\/pages\/77777\/revisions"}],"predecessor-version":[{"id":77793,"href":"https:\/\/www.accuratereviews.com\/it\/wp-json\/wp\/v2\/pages\/77777\/revisions\/77793"}],"up":[{"embeddable":true,"href":"https:\/\/www.accuratereviews.com\/it\/wp-json\/wp\/v2\/pages\/35419"}],"wp:featuredmedia":[{"embeddable":true,"href":"https:\/\/www.accuratereviews.com\/it\/wp-json\/wp\/v2\/media\/77780"}],"wp:attachment":[{"href":"https:\/\/www.accuratereviews.com\/it\/wp-json\/wp\/v2\/media?parent=77777"}],"wp:term":[{"taxonomy":"category","embeddable":true,"href":"https:\/\/www.accuratereviews.com\/it\/wp-json\/wp\/v2\/categories?post=77777"},{"taxonomy":"post_tag","embeddable":true,"href":"https:\/\/www.accuratereviews.com\/it\/wp-json\/wp\/v2\/tags?post=77777"},{"taxonomy":"features","embeddable":true,"href":"https:\/\/www.accuratereviews.com\/it\/wp-json\/wp\/v2\/features?post=77777"}],"curies":[{"name":"wp","href":"https:\/\/api.w.org\/{rel}","templated":true}]}}