{"id":77800,"date":"2024-07-11T14:56:58","date_gmt":"2024-07-11T14:56:58","guid":{"rendered":"https:\/\/www.accuratereviews.com\/?page_id=77800"},"modified":"2024-07-12T09:59:08","modified_gmt":"2024-07-12T09:59:08","slug":"donorview-recensione","status":"publish","type":"page","link":"https:\/\/www.accuratereviews.com\/it\/piattaforme-per-fundraising\/donorview-recensione\/","title":{"rendered":"DonorView"},"content":{"rendered":"<p><strong>DonorView<\/strong> \u00e8 il tuo alleato nel mondo della <strong>raccolta fondi<\/strong> senza scopo di lucro. Una piattaforma fluida che gestisce facilmente qualsiasi cosa, dall&#8217;organizzazione di eventi al coinvolgimento dei donatori e al lancio di campagne di raccolta fondi, tutto in un unico posto. Tieni traccia delle sovvenzioni e delle donazioni, coltiva le relazioni con i donatori ed esegui campagne mirate senza sforzo.<br \/>\nDi&#8217; addio al fastidio dei processi manuali, poich\u00e9 <strong>DonorView<\/strong> automatizza l&#8217;elaborazione delle donazioni online, la pianificazione degli eventi, la gestione dei volontari e altro ancora. Unisciti a innumerevoli altre organizzazioni non profit per massimizzare il tuo impatto e raggiungere i tuoi obiettivi. Con questa soluzione al tuo fianco, le possibilit\u00e0 sono infinite.<\/p>\n<p><a href=\"https:\/\/www.accuratereviews.com\/wp-content\/uploads\/2024\/07\/Screenshot-2024-07-11-alle-11.56.21.png\"><img loading=\"lazy\" decoding=\"async\" class=\"aligncenter wp-image-77811 size-full\" src=\"https:\/\/www.accuratereviews.com\/wp-content\/uploads\/2024\/07\/Screenshot-2024-07-11-alle-11.56.21.png\" alt=\"\" width=\"1276\" height=\"1540\" srcset=\"https:\/\/www.accuratereviews.com\/wp-content\/uploads\/2024\/07\/Screenshot-2024-07-11-alle-11.56.21.png 1276w, https:\/\/www.accuratereviews.com\/wp-content\/uploads\/2024\/07\/Screenshot-2024-07-11-alle-11.56.21-249x300.png 249w, https:\/\/www.accuratereviews.com\/wp-content\/uploads\/2024\/07\/Screenshot-2024-07-11-alle-11.56.21-848x1024.png 848w, https:\/\/www.accuratereviews.com\/wp-content\/uploads\/2024\/07\/Screenshot-2024-07-11-alle-11.56.21-768x927.png 768w, https:\/\/www.accuratereviews.com\/wp-content\/uploads\/2024\/07\/Screenshot-2024-07-11-alle-11.56.21-1273x1536.png 1273w, https:\/\/www.accuratereviews.com\/wp-content\/uploads\/2024\/07\/Screenshot-2024-07-11-alle-11.56.21-41x50.png 41w, https:\/\/www.accuratereviews.com\/wp-content\/uploads\/2024\/07\/Screenshot-2024-07-11-alle-11.56.21-104x125.png 104w, https:\/\/www.accuratereviews.com\/wp-content\/uploads\/2024\/07\/Screenshot-2024-07-11-alle-11.56.21-968x1168.png 968w, https:\/\/www.accuratereviews.com\/wp-content\/uploads\/2024\/07\/Screenshot-2024-07-11-alle-11.56.21-636x768.png 636w, https:\/\/www.accuratereviews.com\/wp-content\/uploads\/2024\/07\/Screenshot-2024-07-11-alle-11.56.21-320x386.png 320w, https:\/\/www.accuratereviews.com\/wp-content\/uploads\/2024\/07\/Screenshot-2024-07-11-alle-11.56.21-239x288.png 239w\" sizes=\"auto, (max-width: 1276px) 100vw, 1276px\" \/><\/a><\/p>\n<h2>DONORVIEW &#8211; CARATTERISTICHE<\/h2>\n<ul>\n<li><strong>Contatta la direzione<\/strong>: niente pi\u00f9 file e documenti: ora puoi filtrare, ordinare e tenere traccia di tutti i tuoi record in un unico posto.<\/li>\n<li><strong>Raccolta fondi<\/strong>: raggiungi i tuoi obiettivi monitorando le donazioni in modo accurato ed efficiente.<\/li>\n<li><strong>Gestione di eventi<\/strong>: lascia che la soluzione tenga traccia di tutti i dettagli in modo che il tuo evento possa svolgersi nel modo migliore possibile.<\/li>\n<li><strong>Marketing via email<\/strong>: con oltre 200 modelli integrati, ti semplifica l&#8217;invio di email alle tue liste con un solo clic.<\/li>\n<li><strong>Raccolta fondi peer-to-peer<\/strong>: utilizza il potere dei tuoi sostenitori e permetti loro di creare una raccolta fondi individuale o di squadra per tuo conto.<\/li>\n<li><strong>Aste virtuali e lotterie<\/strong>: crea e gestisci semplicemente pagine di aste online, aggiungi articoli e consenti agli ospiti di fare offerte online o tramite sms.<\/li>\n<li><strong>Gestione del volontariato<\/strong>: rimanere in contatto con i tuoi volontari non \u00e8 mai stato cos\u00ec facile grazie alle funzionalit\u00e0 e al portale tutto in uno per la gestione dei volontari.<\/li>\n<li><strong>Marketing mobile e Text2Give<\/strong>: raggiungi i tuoi elettori in qualsiasi momento con le funzionalit\u00e0 di mobile marketing e Text2Give.<\/li>\n<li><strong>Donazioni e pagamenti online<\/strong>: elaborazione integrata che trasferisce fondi in un giorno lavorativo e consente agli elettori di pagare tramite carta di credito, ACH, Paypal e Apple Pay.<\/li>\n<li><strong>Portale donatori e membri<\/strong>: migliora il tuo rapporto con gli elettori dando loro l&#8217;accesso al proprio account del portale.<\/li>\n<li><strong>Integrazione QuickBooks:<\/strong> trasferisci senza problemi tutto ci\u00f2 di cui hai bisogno dal software a QuickBooks.<\/li>\n<li><strong>Analisi e report:<\/strong> utilizza l&#8217;analisi unica per filtrare e ordinare elenchi e personalizzare i report.<\/li>\n<li><strong>Creazione di siti web<\/strong>: migliora la tua esperienza elettorale con un sito web bello, sicuro e ottimizzato per i dispositivi mobili!<\/li>\n<\/ul>\n<h3>LE RECENSIONI DEGLI UTENTI<\/h3>\n<p><strong>Kate &#8220;Servizio clienti eccellente; prodotto olistico&#8221;<\/strong><br \/>\n<strong>Commenti<\/strong>: Molto soddisfatto. La maggior parte delle funzionalit\u00e0 funziona bene e qualsiasi problema viene facilmente risolto dal team di assistenza clienti pi\u00f9 che competente.<br \/>\n<strong>Pro<\/strong>: Ha un grande potenziale che la nostra organizzazione non ha sfruttato. C&#8217;\u00e8 spazio per crescere all&#8217;interno del prodotto.<br \/>\n<strong>Contro<\/strong>: Vorrei maggiore flessibilit\u00e0 nella progettazione di un evento\/pagina web.<\/p>\n<p><strong>Sagar &#8220;DonorView ha semplificato varie attivit\u00e0 ed eliminato la necessit\u00e0 di pi\u00f9 programmi software&#8221;<\/strong><br \/>\n<strong>Pro<\/strong>: Il nostro team \u00e8 rimasto piuttosto colpito dalle molteplici funzionalit\u00e0 che DonorView ha da offrire quando abbiamo visto per la prima volta la demo. Prima di passare a DonorView, la nostra organizzazione utilizzava quattro fornitori di software per raggiungere i nostri obiettivi.<br \/>\n<strong>Contro<\/strong>: Finora nulla di specifico da segnalare! Il software ha cos\u00ec tante funzionalit\u00e0 che il nostro team non ha avuto bisogno di esplorare altre funzionalit\u00e0 che potrebbero essere rilevanti per altre organizzazioni no-profit.<\/p>\n<p><strong>Susan &#8220;Valore eccellente&#8221;<\/strong><br \/>\n<strong>Commenti<\/strong>: DonorView ha reso molto pi\u00f9 semplice tenere traccia dei tuoi donatori e delle tue mailing list. \u00c8 tutto in un unico posto invece di essere distribuito su una variet\u00e0 di applicazioni.<br \/>\n<strong>Pro<\/strong>: DonorView \u00e8 facile da usare ed \u00e8 molto ricco di funzionalit\u00e0 e paragonabile a prodotti molto pi\u00f9 costosi. Avere mailing list e gestione dei donatori in un unico posto \u00e8 stato molto utile e ha consentito un grande risparmio di tempo.<br \/>\n<strong>Contro<\/strong>: Parte della navigazione \u00e8 un po&#8217; confusa.<\/p>\n","protected":false},"excerpt":{"rendered":"<p>DonorView \u00e8 il tuo alleato nel mondo della raccolta fondi senza scopo di lucro. Una piattaforma fluida che gestisce facilmente qualsiasi cosa, dall&#8217;organizzazione di eventi al coinvolgimento dei donatori e al lancio di campagne di raccolta fondi, tutto in un unico posto. Tieni traccia delle sovvenzioni e delle donazioni, coltiva le relazioni con i donatori ed esegui campagne mirate senza sforzo.<\/p>\n","protected":false},"author":19,"featured_media":77805,"parent":35419,"menu_order":0,"comment_status":"open","ping_status":"closed","template":"g1_template_page_review_new.php","meta":{"_acf_changed":false,"cwp_meta_box_check":"No","cwp_rev_product_name":"","cwp_rev_product_image":"","wppr_links":[],"cwp_rev_price":"","wppr_options":[],"wppr_pros":[],"wppr_cons":[],"_monsterinsights_skip_tracking":false,"_monsterinsights_sitenote_active":false,"_monsterinsights_sitenote_note":"","_monsterinsights_sitenote_category":0,"footnotes":""},"categories":[4851],"tags":[15168,4852,4878,4855,4877,4859,4854,4875,4909,4876],"features":[],"class_list":{"0":"post-77800","1":"page","2":"type-page","3":"status-publish","4":"has-post-thumbnail","6":"category-piattaforme-per-fundraising-categoria","7":"tag-donorview","8":"tag-piattaforma-per-fundraising","9":"tag-piattaforma-raccolta-fondi","10":"tag-programma-per-fundraising","11":"tag-programma-raccolta-fondi","12":"tag-raccolta-fondi","13":"tag-software-per-fundraising","14":"tag-software-raccolta-fondi","15":"tag-soluzione-per-fundraising","16":"tag-soluzione-raccolta-fondi"},"wppr_data":{"cwp_meta_box_check":"No"},"acf":[],"yoast_head":"<!-- This site is optimized with the Yoast SEO plugin v27.4 - https:\/\/yoast.com\/product\/yoast-seo-wordpress\/ -->\n<title>DonorView: recensione software per raccolta fondi - Accurate Reviews<\/title>\n<meta name=\"description\" content=\"DonorView: recensione del programma per la raccolta fondi senza scopo di lucro potente, flessibile ed efficace.\" \/>\n<meta name=\"robots\" content=\"index, follow, max-snippet:-1, max-image-preview:large, max-video-preview:-1\" \/>\n<link rel=\"canonical\" href=\"https:\/\/www.accuratereviews.com\/it\/piattaforme-per-fundraising\/donorview-recensione\/\" \/>\n<meta property=\"og:locale\" content=\"it_IT\" \/>\n<meta property=\"og:type\" content=\"article\" \/>\n<meta property=\"og:title\" content=\"DonorView: recensione software per raccolta fondi - Accurate Reviews\" \/>\n<meta property=\"og:description\" content=\"DonorView: recensione del programma per la raccolta fondi senza scopo di lucro potente, flessibile ed efficace.\" \/>\n<meta property=\"og:url\" content=\"https:\/\/www.accuratereviews.com\/it\/piattaforme-per-fundraising\/donorview-recensione\/\" \/>\n<meta property=\"og:site_name\" content=\"Accurate Reviews\" \/>\n<meta property=\"article:modified_time\" content=\"2024-07-12T09:59:08+00:00\" \/>\n<meta property=\"og:image\" content=\"https:\/\/www.accuratereviews.com\/wp-content\/uploads\/2024\/07\/Screenshot-2024-07-11-alle-11.06.57.png\" \/>\n\t<meta property=\"og:image:width\" content=\"1030\" \/>\n\t<meta property=\"og:image:height\" content=\"408\" \/>\n\t<meta property=\"og:image:type\" content=\"image\/png\" \/>\n<meta name=\"twitter:card\" content=\"summary_large_image\" \/>\n<meta name=\"twitter:label1\" content=\"Tempo di lettura stimato\" \/>\n\t<meta name=\"twitter:data1\" content=\"5 minuti\" \/>\n<script type=\"application\/ld+json\" class=\"yoast-schema-graph\">{\"@context\":\"https:\\\/\\\/schema.org\",\"@graph\":[{\"@type\":\"WebPage\",\"@id\":\"https:\\\/\\\/www.accuratereviews.com\\\/it\\\/piattaforme-per-fundraising\\\/donorview-recensione\\\/\",\"url\":\"https:\\\/\\\/www.accuratereviews.com\\\/it\\\/piattaforme-per-fundraising\\\/donorview-recensione\\\/\",\"name\":\"DonorView: recensione software per raccolta fondi - Accurate Reviews\",\"isPartOf\":{\"@id\":\"https:\\\/\\\/www.accuratereviews.com\\\/it\\\/#website\"},\"primaryImageOfPage\":{\"@id\":\"https:\\\/\\\/www.accuratereviews.com\\\/it\\\/piattaforme-per-fundraising\\\/donorview-recensione\\\/#primaryimage\"},\"image\":{\"@id\":\"https:\\\/\\\/www.accuratereviews.com\\\/it\\\/piattaforme-per-fundraising\\\/donorview-recensione\\\/#primaryimage\"},\"thumbnailUrl\":\"https:\\\/\\\/www.accuratereviews.com\\\/wp-content\\\/uploads\\\/2024\\\/07\\\/Screenshot-2024-07-11-alle-11.06.57.png\",\"datePublished\":\"2024-07-11T14:56:58+00:00\",\"dateModified\":\"2024-07-12T09:59:08+00:00\",\"description\":\"DonorView: recensione del programma per la raccolta fondi senza scopo di lucro potente, flessibile ed efficace.\",\"breadcrumb\":{\"@id\":\"https:\\\/\\\/www.accuratereviews.com\\\/it\\\/piattaforme-per-fundraising\\\/donorview-recensione\\\/#breadcrumb\"},\"inLanguage\":\"it-IT\",\"potentialAction\":[{\"@type\":\"ReadAction\",\"target\":[\"https:\\\/\\\/www.accuratereviews.com\\\/it\\\/piattaforme-per-fundraising\\\/donorview-recensione\\\/\"]}]},{\"@type\":\"ImageObject\",\"inLanguage\":\"it-IT\",\"@id\":\"https:\\\/\\\/www.accuratereviews.com\\\/it\\\/piattaforme-per-fundraising\\\/donorview-recensione\\\/#primaryimage\",\"url\":\"https:\\\/\\\/www.accuratereviews.com\\\/wp-content\\\/uploads\\\/2024\\\/07\\\/Screenshot-2024-07-11-alle-11.06.57.png\",\"contentUrl\":\"https:\\\/\\\/www.accuratereviews.com\\\/wp-content\\\/uploads\\\/2024\\\/07\\\/Screenshot-2024-07-11-alle-11.06.57.png\",\"width\":1030,\"height\":408},{\"@type\":\"BreadcrumbList\",\"@id\":\"https:\\\/\\\/www.accuratereviews.com\\\/it\\\/piattaforme-per-fundraising\\\/donorview-recensione\\\/#breadcrumb\",\"itemListElement\":[{\"@type\":\"ListItem\",\"position\":1,\"name\":\"Home\",\"item\":\"https:\\\/\\\/www.accuratereviews.com\\\/it\\\/\"},{\"@type\":\"ListItem\",\"position\":2,\"name\":\"Piattaforme per fundraising\",\"item\":\"https:\\\/\\\/www.accuratereviews.com\\\/it\\\/piattaforme-per-fundraising\\\/\"},{\"@type\":\"ListItem\",\"position\":3,\"name\":\"DonorView\"}]},{\"@type\":\"WebSite\",\"@id\":\"https:\\\/\\\/www.accuratereviews.com\\\/it\\\/#website\",\"url\":\"https:\\\/\\\/www.accuratereviews.com\\\/it\\\/\",\"name\":\"Accurate Reviews\",\"description\":\"\",\"potentialAction\":[{\"@type\":\"SearchAction\",\"target\":{\"@type\":\"EntryPoint\",\"urlTemplate\":\"https:\\\/\\\/www.accuratereviews.com\\\/it\\\/?s={search_term_string}\"},\"query-input\":{\"@type\":\"PropertyValueSpecification\",\"valueRequired\":true,\"valueName\":\"search_term_string\"}}],\"inLanguage\":\"it-IT\"}]}<\/script>\n<!-- \/ Yoast SEO plugin. -->","yoast_head_json":{"title":"DonorView: recensione software per raccolta fondi - Accurate Reviews","description":"DonorView: recensione del programma per la raccolta fondi senza scopo di lucro potente, flessibile ed efficace.","robots":{"index":"index","follow":"follow","max-snippet":"max-snippet:-1","max-image-preview":"max-image-preview:large","max-video-preview":"max-video-preview:-1"},"canonical":"https:\/\/www.accuratereviews.com\/it\/piattaforme-per-fundraising\/donorview-recensione\/","og_locale":"it_IT","og_type":"article","og_title":"DonorView: recensione software per raccolta fondi - Accurate Reviews","og_description":"DonorView: recensione del programma per la raccolta fondi senza scopo di lucro potente, flessibile ed efficace.","og_url":"https:\/\/www.accuratereviews.com\/it\/piattaforme-per-fundraising\/donorview-recensione\/","og_site_name":"Accurate Reviews","article_modified_time":"2024-07-12T09:59:08+00:00","og_image":[{"width":1030,"height":408,"url":"https:\/\/www.accuratereviews.com\/wp-content\/uploads\/2024\/07\/Screenshot-2024-07-11-alle-11.06.57.png","type":"image\/png"}],"twitter_card":"summary_large_image","twitter_misc":{"Tempo di lettura stimato":"5 minuti"},"schema":{"@context":"https:\/\/schema.org","@graph":[{"@type":"WebPage","@id":"https:\/\/www.accuratereviews.com\/it\/piattaforme-per-fundraising\/donorview-recensione\/","url":"https:\/\/www.accuratereviews.com\/it\/piattaforme-per-fundraising\/donorview-recensione\/","name":"DonorView: recensione software per raccolta fondi - Accurate Reviews","isPartOf":{"@id":"https:\/\/www.accuratereviews.com\/it\/#website"},"primaryImageOfPage":{"@id":"https:\/\/www.accuratereviews.com\/it\/piattaforme-per-fundraising\/donorview-recensione\/#primaryimage"},"image":{"@id":"https:\/\/www.accuratereviews.com\/it\/piattaforme-per-fundraising\/donorview-recensione\/#primaryimage"},"thumbnailUrl":"https:\/\/www.accuratereviews.com\/wp-content\/uploads\/2024\/07\/Screenshot-2024-07-11-alle-11.06.57.png","datePublished":"2024-07-11T14:56:58+00:00","dateModified":"2024-07-12T09:59:08+00:00","description":"DonorView: recensione del programma per la raccolta fondi senza scopo di lucro potente, flessibile ed efficace.","breadcrumb":{"@id":"https:\/\/www.accuratereviews.com\/it\/piattaforme-per-fundraising\/donorview-recensione\/#breadcrumb"},"inLanguage":"it-IT","potentialAction":[{"@type":"ReadAction","target":["https:\/\/www.accuratereviews.com\/it\/piattaforme-per-fundraising\/donorview-recensione\/"]}]},{"@type":"ImageObject","inLanguage":"it-IT","@id":"https:\/\/www.accuratereviews.com\/it\/piattaforme-per-fundraising\/donorview-recensione\/#primaryimage","url":"https:\/\/www.accuratereviews.com\/wp-content\/uploads\/2024\/07\/Screenshot-2024-07-11-alle-11.06.57.png","contentUrl":"https:\/\/www.accuratereviews.com\/wp-content\/uploads\/2024\/07\/Screenshot-2024-07-11-alle-11.06.57.png","width":1030,"height":408},{"@type":"BreadcrumbList","@id":"https:\/\/www.accuratereviews.com\/it\/piattaforme-per-fundraising\/donorview-recensione\/#breadcrumb","itemListElement":[{"@type":"ListItem","position":1,"name":"Home","item":"https:\/\/www.accuratereviews.com\/it\/"},{"@type":"ListItem","position":2,"name":"Piattaforme per fundraising","item":"https:\/\/www.accuratereviews.com\/it\/piattaforme-per-fundraising\/"},{"@type":"ListItem","position":3,"name":"DonorView"}]},{"@type":"WebSite","@id":"https:\/\/www.accuratereviews.com\/it\/#website","url":"https:\/\/www.accuratereviews.com\/it\/","name":"Accurate Reviews","description":"","potentialAction":[{"@type":"SearchAction","target":{"@type":"EntryPoint","urlTemplate":"https:\/\/www.accuratereviews.com\/it\/?s={search_term_string}"},"query-input":{"@type":"PropertyValueSpecification","valueRequired":true,"valueName":"search_term_string"}}],"inLanguage":"it-IT"}]}},"_links":{"self":[{"href":"https:\/\/www.accuratereviews.com\/it\/wp-json\/wp\/v2\/pages\/77800","targetHints":{"allow":["GET"]}}],"collection":[{"href":"https:\/\/www.accuratereviews.com\/it\/wp-json\/wp\/v2\/pages"}],"about":[{"href":"https:\/\/www.accuratereviews.com\/it\/wp-json\/wp\/v2\/types\/page"}],"author":[{"embeddable":true,"href":"https:\/\/www.accuratereviews.com\/it\/wp-json\/wp\/v2\/users\/19"}],"replies":[{"embeddable":true,"href":"https:\/\/www.accuratereviews.com\/it\/wp-json\/wp\/v2\/comments?post=77800"}],"version-history":[{"count":12,"href":"https:\/\/www.accuratereviews.com\/it\/wp-json\/wp\/v2\/pages\/77800\/revisions"}],"predecessor-version":[{"id":77847,"href":"https:\/\/www.accuratereviews.com\/it\/wp-json\/wp\/v2\/pages\/77800\/revisions\/77847"}],"up":[{"embeddable":true,"href":"https:\/\/www.accuratereviews.com\/it\/wp-json\/wp\/v2\/pages\/35419"}],"wp:featuredmedia":[{"embeddable":true,"href":"https:\/\/www.accuratereviews.com\/it\/wp-json\/wp\/v2\/media\/77805"}],"wp:attachment":[{"href":"https:\/\/www.accuratereviews.com\/it\/wp-json\/wp\/v2\/media?parent=77800"}],"wp:term":[{"taxonomy":"category","embeddable":true,"href":"https:\/\/www.accuratereviews.com\/it\/wp-json\/wp\/v2\/categories?post=77800"},{"taxonomy":"post_tag","embeddable":true,"href":"https:\/\/www.accuratereviews.com\/it\/wp-json\/wp\/v2\/tags?post=77800"},{"taxonomy":"features","embeddable":true,"href":"https:\/\/www.accuratereviews.com\/it\/wp-json\/wp\/v2\/features?post=77800"}],"curies":[{"name":"wp","href":"https:\/\/api.w.org\/{rel}","templated":true}]}}