{"id":77852,"date":"2024-07-15T17:39:14","date_gmt":"2024-07-15T17:39:14","guid":{"rendered":"https:\/\/www.accuratereviews.com\/?page_id=77852"},"modified":"2024-07-15T17:39:14","modified_gmt":"2024-07-15T17:39:14","slug":"biddingowl-recensione","status":"publish","type":"page","link":"https:\/\/www.accuratereviews.com\/it\/piattaforme-per-fundraising\/biddingowl-recensione\/","title":{"rendered":"BiddingOwl"},"content":{"rendered":"<p><strong>BiddingOwl<\/strong> \u00e8 un<strong> software di raccolta fondi open source<\/strong> che aiuta le organizzazioni a progettare siti web personalizzati con loghi, colori, temi, immagini e informazioni sugli eventi per eseguire e gestire aste online. La piattaforma consente agli amministratori di vendere biglietti della lotteria, stampare fogli di offerta e cataloghi, visualizzare in anteprima gli articoli dell&#8217;asta, promuovere sponsor e accettare donazioni online.<br \/>\n<strong>BiddingOwl<\/strong> consente agli offerenti di partecipare alle aste utilizzando dispositivi mobili, registrare offerte d&#8217;asta silenziose e dal vivo e ricevere notifiche per vincite o offerte superate. Offre una serie di funzionalit\u00e0 come la community degli offerenti, la gestione dei pagamenti, la registrazione online, le offerte in camera, il monitoraggio dei volontari, la stampa di buoni regalo e altro ancora. Le organizzazioni non profit possono anche gestire le informazioni relative a donatori e articoli e accettare pagamenti tramite carte di credito e debito, contanti, assegni o altre modalit\u00e0.<\/p>\n<h2>BIDDINGOWL &#8211; TUTORIAL<\/h2>\n<div id=\"fluid-wrapper-counter-1\" class=\"g1-fluid-wrapper \" style=\"width:686px;\">\n<div style=\"padding-bottom:56.268221574344%;\"><iframe loading=\"lazy\" title=\"How to Use The BiddingOwl Auction Website\" width=\"686\" height=\"386\" src=\"https:\/\/www.youtube.com\/embed\/tqL8wBKUoXQ?feature=oembed&amp;wmode=transparent&amp;autohide=1&amp;autoplay=0&amp;disablekb=0&amp;fs=1&amp;loop=0&amp;enablejsapi=1&amp;rel=0&amp;controls=2&amp;showinfo=0&amp;wmode=transparent&amp;autohide=2&amp;autoplay=0&amp;disablekb=0&amp;fs=1&amp;loop=0&amp;enablejsapi=1&amp;rel=0&amp;controls=2&amp;showinfo=1\" frameborder=\"0\" allow=\"accelerometer; autoplay; clipboard-write; encrypted-media; gyroscope; picture-in-picture; web-share\" referrerpolicy=\"strict-origin-when-cross-origin\" allowfullscreen><\/iframe><\/div>\n<\/div>\n<h3>BIDDINGOWL &#8211; CARATTERISTICHE<\/h3>\n<ul>\n<li><strong>Eventi virtuali e live da qualsiasi schermo<\/strong>: \u00e8 completamente ottimizzato per dispositivi mobili, cos\u00ec puoi raggiungere i tuoi sostenitori ovunque si trovino. Raccogli fondi per la tua causa attraverso la piattaforma di aste o semplicemente raccogli donazioni.<\/li>\n<li><strong>Donazioni<\/strong>: raccogli donazioni. Utilizza gli importi suggeriti o inserisci i tuoi valori di donazione. Le donazioni sono un ottimo modo per convertire sostenitori indecisi. I valori pre-suggeriti rappresentano un modo efficace per raccogliere pi\u00f9 fondi rispetto al fatto che il donatore inserisca il proprio valore di contributo. L&#8217;integrazione con Stripe e PayPal (opzionale) rende la raccolta fondi un gioco da ragazzi.<\/li>\n<li><strong>Fund-a-Need, Paddle-Raises, Crowd Funding<\/strong>: questi strumenti sono efficaci per fare finanziamenti. Dai ai tuoi sostenitori la possibilit\u00e0 di scegliere dove dovrebbero andare i loro soldi. Potrebbe trattarsi di un nuovo laboratorio informatico scolastico o di una raccolta di cibo per il tuo rifugio per animali. Le possibilit\u00e0 sono infinite. Questi strumenti possono essere utilizzati anche per la vendita dei biglietti della lotteria.<\/li>\n<li><strong>Vendita biglietti:<\/strong> semplifica la vendita dei biglietti per il tuo evento. Aggiungi diverse opzioni, inclusi livelli di prezzo, scelte alimentari e altro ancora.<\/li>\n<li><strong>Notifiche istantanee<\/strong>: i tuoi offerenti e sostenitori ricevono notifiche istantanee via sms ed email se hanno ricevuto un&#8217;offerta superiore o hanno vinto un oggetto. I collegamenti forniti li riportano direttamente all&#8217;articolo per aumentare la loro offerta.<\/li>\n<li><strong>Comunicare<\/strong>: coinvolgere i tuoi sostenitori \u00e8 essenziale. La soluzione ti offre gli strumenti giusti. Invia email o notifiche sms ai tuoi donatori e aggiornali sugli eventi o incoraggiali a donare per la tua causa.<\/li>\n<li><strong>Offerte proxy e watchlist<\/strong>: contrassegna i tuoi articoli preferiti e salvali nella tua Watchlist. Monitora le tue offerte in tempo reale. Imposta un&#8217;offerta proxy e il sistema far\u00e0 un&#8217;offerta per tuo conto fino all&#8217;importo impostato come offerta massima.<\/li>\n<li><strong>Raccogli pagamenti:<\/strong> a seconda della tua configurazione, i tuoi sostenitori possono pagare con tutte le principali carte di credito (Stripe o PayPal) oppure pagarti direttamente in contanti o tramite assegno al di fuori del sistema. Il sistema gestisce i rimborsi e incoraggia donazioni extra durante il pagamento.<\/li>\n<li><strong>Supporto<\/strong>: l&#8217;orario d&#8217;ufficio regolare \u00e8 dal luned\u00ec al venerd\u00ec dalle 9:00 alle 17:00 nel fuso orario orientale. Fornisce supporto telefonico di emergenza 24 ore su 24, 7 giorni su 7. E puoi parlare con una persona reale.<\/li>\n<\/ul>\n<h4>LE RECENSIONI DEGLI UTENTI<\/h4>\n<p><strong>Courtney &#8220;Recensione dell&#8217;asta Orca K8 PTSA&#8221;<\/strong><br \/>\n<strong>Commenti<\/strong>: Abbiamo ricevuto molto aiuto nella transizione dal vecchio sito Bidding Owl, rendendo la nostra asta attuale eccellente e ogni scambio con il servizio clienti \u00e8 stato rapido, professionale e positivo.<br \/>\n<strong>Pro<\/strong>: Il servizio clienti e il sito web sono stati facilissimi da configurare e utilizzare per la nostra asta scolastica.<br \/>\n<strong>Contro<\/strong>: Abbiamo avuto un&#8217;ottima esperienza. Direi che forse l&#8217;unica cosa che sarebbe stata utile \u00e8 se avessi addebitato automaticamente gli offerenti e chiesto le carte di credito in anticipo. Ci\u00f2 renderebbe pi\u00f9 facile l\u2019adempimento.<\/p>\n<p><strong>Donna &#8220;Kayak 2024 per l&#8217;asta dei Warriors&#8221;<\/strong><br \/>\n<strong>Commenti<\/strong>: Nel complesso la nostra esperienza con biddingowl \u00e8 positiva. Siamo stati in grado di aumentare i ricavi delle nostre aste senza vincolarci a una quota annuale, poich\u00e9 organizziamo solo un evento all&#8217;anno. Il supporto \u00e8 stato tempestivo ed efficiente. Il processore di pagamento \u00e8 stato abbastanza semplice da consentire semplicemente ai membri del nostro team di intervenire e aiutarci ad accettare i pagamenti durante il nostro evento. Aiuta a tenere traccia dei nostri articoli durante il processo di acquisizione dell&#8217;asta e facilita la facile riconciliazione dei pagamenti.<br \/>\n<strong>Pro<\/strong>: Biddingowl ci ha attratti inizialmente perch\u00e9 non sono previste commissioni annuali. Siamo un&#8217;organizzazione di beneficenza che cerca di massimizzare il denaro donato alla nostra causa. La struttura tariffaria del 5% delle offerte pi\u00f9 alte \u00e8 in linea con altre procedure di aste competitive.<br \/>\n<strong>Contro<\/strong>: Sono state apportate alcune modifiche di cui inizialmente non eravamo soddisfatti. Abbiamo contattato il loro supporto e abbiamo apprezzato la rapida risposta. Per alcune cose sono stati in grado di aiutarci subito, altre sono state inserite come miglioramenti nelle versioni future. Apprezziamo che abbiano ascoltato e preso in considerazione le nostre opinioni<\/p>\n<p><strong>Kieran &#8220;Facile da usare&#8221;<\/strong><br \/>\n<strong>Commenti<\/strong>: Nel complesso \u00e8 stato molto intuitivo ed efficiente da usare.<br \/>\n<strong>Pro<\/strong>: BiddingOwl \u00e8 stato facile da configurare e aggiungere articoli. Non vedo l&#8217;ora di organizzare l&#8217;asta e il suo svolgimento.<br \/>\n<strong>Contro<\/strong>: Niente finora. BiddingOwl ha soddisfatto tutte le mie esigenze.,<\/p>\n","protected":false},"excerpt":{"rendered":"<p>BiddingOwl \u00e8 un software di raccolta fondi open source che aiuta le organizzazioni a progettare siti web personalizzati con loghi, colori, temi, immagini e informazioni sugli eventi per eseguire e gestire aste online. La piattaforma consente agli amministratori di vendere biglietti della lotteria, stampare fogli di offerta e cataloghi, visualizzare in anteprima gli articoli dell&#8217;asta, promuovere sponsor e accettare donazioni online.<\/p>\n","protected":false},"author":19,"featured_media":77855,"parent":35419,"menu_order":0,"comment_status":"open","ping_status":"closed","template":"g1_template_page_review_new.php","meta":{"_acf_changed":false,"cwp_meta_box_check":"Yes","cwp_rev_product_name":"","cwp_rev_product_image":"","wppr_links":[],"cwp_rev_price":"0.00","wppr_options":[{"name":"Usability","value":"0"},{"name":"Speed","value":"0"},{"name":"Features","value":"0"},{"name":"Support","value":"0"},{"name":"Pricing","value":"0"}],"wppr_pros":["","","","",""],"wppr_cons":["","","","",""],"_monsterinsights_skip_tracking":false,"_monsterinsights_sitenote_active":false,"_monsterinsights_sitenote_note":"","_monsterinsights_sitenote_category":0,"footnotes":""},"categories":[4851],"tags":[15170,4852,4878,4855,4877,4859,4854,4875,4909,4876],"features":[],"class_list":{"0":"post-77852","1":"page","2":"type-page","3":"status-publish","4":"has-post-thumbnail","6":"category-piattaforme-per-fundraising-categoria","7":"tag-biddingowl","8":"tag-piattaforma-per-fundraising","9":"tag-piattaforma-raccolta-fondi","10":"tag-programma-per-fundraising","11":"tag-programma-raccolta-fondi","12":"tag-raccolta-fondi","13":"tag-software-per-fundraising","14":"tag-software-raccolta-fondi","15":"tag-soluzione-per-fundraising","16":"tag-soluzione-raccolta-fondi"},"wppr_data":{"cwp_meta_box_check":"Yes","_wppr_review_template":"default","cwp_rev_product_image":"","cwp_image_link":"image","wppr_links":[],"cwp_rev_price":"0.00","wppr_pros":["","","","",""],"wppr_cons":["","","","",""],"wppr_rating":"0.00","wppr_options":{"1":{"name":"Usability","value":"0"},"2":{"name":"Speed","value":"0"},"3":{"name":"Features","value":"0"},"4":{"name":"Support","value":"0"},"5":{"name":"Pricing","value":"0"}},"wppr_review_type":"Product","wppr_review_custom_fields":{"additionalProperty":"","additionalType":"","aggregateRating":"","alternateName":"","audience":"","award":"","awards":"","brand":"","color":"","depth":"","description":"","disambiguatingDescription":"","gtin12":"","gtin13":"","gtin14":"","gtin8":"","height":"","identifier":"","image":"","isAccessoryOrSparePartFor":"","isConsumableFor":"","isRelatedTo":"","isSimilarTo":"","itemCondition":"","logo":"","mainEntityOfPage":"","manufacturer":"","material":"","model":"","mpn":"","name":"","offers":"","potentialAction":"","productID":"","productionDate":"","purchaseDate":"","releaseDate":"","review":"","reviews":"","sameAs":"","sku":"","slogan":"","subjectOf":"","url":"","weight":"","width":""}},"acf":[],"yoast_head":"<!-- This site is optimized with the Yoast SEO plugin v27.4 - https:\/\/yoast.com\/product\/yoast-seo-wordpress\/ -->\n<title>BiddingOwl: recensione software raccolta fondi - Accurate Reviews<\/title>\n<meta name=\"description\" content=\"BiddingOwl: recensione software di raccolta fondi open source che aiuta a progettare siti web personalizzati con loghi, colori e temi.\" \/>\n<meta name=\"robots\" content=\"index, follow, max-snippet:-1, max-image-preview:large, max-video-preview:-1\" \/>\n<link rel=\"canonical\" href=\"https:\/\/www.accuratereviews.com\/it\/piattaforme-per-fundraising\/biddingowl-recensione\/\" \/>\n<meta property=\"og:locale\" content=\"it_IT\" \/>\n<meta property=\"og:type\" content=\"article\" \/>\n<meta property=\"og:title\" content=\"BiddingOwl: recensione software raccolta fondi - Accurate Reviews\" \/>\n<meta property=\"og:description\" content=\"BiddingOwl: recensione software di raccolta fondi open source che aiuta a progettare siti web personalizzati con loghi, colori e temi.\" \/>\n<meta property=\"og:url\" content=\"https:\/\/www.accuratereviews.com\/it\/piattaforme-per-fundraising\/biddingowl-recensione\/\" \/>\n<meta property=\"og:site_name\" content=\"Accurate Reviews\" \/>\n<meta property=\"og:image\" content=\"https:\/\/www.accuratereviews.com\/wp-content\/uploads\/2024\/07\/BiddingOwl.jpeg\" \/>\n\t<meta property=\"og:image:width\" content=\"256\" \/>\n\t<meta property=\"og:image:height\" content=\"256\" \/>\n\t<meta property=\"og:image:type\" content=\"image\/jpeg\" \/>\n<meta name=\"twitter:card\" content=\"summary_large_image\" \/>\n<meta name=\"twitter:label1\" content=\"Tempo di lettura stimato\" \/>\n\t<meta name=\"twitter:data1\" content=\"6 minuti\" \/>\n<script type=\"application\/ld+json\" class=\"yoast-schema-graph\">{\"@context\":\"https:\\\/\\\/schema.org\",\"@graph\":[{\"@type\":\"WebPage\",\"@id\":\"https:\\\/\\\/www.accuratereviews.com\\\/it\\\/piattaforme-per-fundraising\\\/biddingowl-recensione\\\/\",\"url\":\"https:\\\/\\\/www.accuratereviews.com\\\/it\\\/piattaforme-per-fundraising\\\/biddingowl-recensione\\\/\",\"name\":\"BiddingOwl: recensione software raccolta fondi - Accurate Reviews\",\"isPartOf\":{\"@id\":\"https:\\\/\\\/www.accuratereviews.com\\\/it\\\/#website\"},\"primaryImageOfPage\":{\"@id\":\"https:\\\/\\\/www.accuratereviews.com\\\/it\\\/piattaforme-per-fundraising\\\/biddingowl-recensione\\\/#primaryimage\"},\"image\":{\"@id\":\"https:\\\/\\\/www.accuratereviews.com\\\/it\\\/piattaforme-per-fundraising\\\/biddingowl-recensione\\\/#primaryimage\"},\"thumbnailUrl\":\"https:\\\/\\\/www.accuratereviews.com\\\/wp-content\\\/uploads\\\/2024\\\/07\\\/BiddingOwl.jpeg\",\"datePublished\":\"2024-07-15T17:39:14+00:00\",\"description\":\"BiddingOwl: recensione software di raccolta fondi open source che aiuta a progettare siti web personalizzati con loghi, colori e temi.\",\"breadcrumb\":{\"@id\":\"https:\\\/\\\/www.accuratereviews.com\\\/it\\\/piattaforme-per-fundraising\\\/biddingowl-recensione\\\/#breadcrumb\"},\"inLanguage\":\"it-IT\",\"potentialAction\":[{\"@type\":\"ReadAction\",\"target\":[\"https:\\\/\\\/www.accuratereviews.com\\\/it\\\/piattaforme-per-fundraising\\\/biddingowl-recensione\\\/\"]}]},{\"@type\":\"ImageObject\",\"inLanguage\":\"it-IT\",\"@id\":\"https:\\\/\\\/www.accuratereviews.com\\\/it\\\/piattaforme-per-fundraising\\\/biddingowl-recensione\\\/#primaryimage\",\"url\":\"https:\\\/\\\/www.accuratereviews.com\\\/wp-content\\\/uploads\\\/2024\\\/07\\\/BiddingOwl.jpeg\",\"contentUrl\":\"https:\\\/\\\/www.accuratereviews.com\\\/wp-content\\\/uploads\\\/2024\\\/07\\\/BiddingOwl.jpeg\",\"width\":256,\"height\":256},{\"@type\":\"BreadcrumbList\",\"@id\":\"https:\\\/\\\/www.accuratereviews.com\\\/it\\\/piattaforme-per-fundraising\\\/biddingowl-recensione\\\/#breadcrumb\",\"itemListElement\":[{\"@type\":\"ListItem\",\"position\":1,\"name\":\"Home\",\"item\":\"https:\\\/\\\/www.accuratereviews.com\\\/it\\\/\"},{\"@type\":\"ListItem\",\"position\":2,\"name\":\"Piattaforme per fundraising\",\"item\":\"https:\\\/\\\/www.accuratereviews.com\\\/it\\\/piattaforme-per-fundraising\\\/\"},{\"@type\":\"ListItem\",\"position\":3,\"name\":\"BiddingOwl\"}]},{\"@type\":\"WebSite\",\"@id\":\"https:\\\/\\\/www.accuratereviews.com\\\/it\\\/#website\",\"url\":\"https:\\\/\\\/www.accuratereviews.com\\\/it\\\/\",\"name\":\"Accurate Reviews\",\"description\":\"\",\"potentialAction\":[{\"@type\":\"SearchAction\",\"target\":{\"@type\":\"EntryPoint\",\"urlTemplate\":\"https:\\\/\\\/www.accuratereviews.com\\\/it\\\/?s={search_term_string}\"},\"query-input\":{\"@type\":\"PropertyValueSpecification\",\"valueRequired\":true,\"valueName\":\"search_term_string\"}}],\"inLanguage\":\"it-IT\"}]}<\/script>\n<!-- \/ Yoast SEO plugin. -->","yoast_head_json":{"title":"BiddingOwl: recensione software raccolta fondi - Accurate Reviews","description":"BiddingOwl: recensione software di raccolta fondi open source che aiuta a progettare siti web personalizzati con loghi, colori e temi.","robots":{"index":"index","follow":"follow","max-snippet":"max-snippet:-1","max-image-preview":"max-image-preview:large","max-video-preview":"max-video-preview:-1"},"canonical":"https:\/\/www.accuratereviews.com\/it\/piattaforme-per-fundraising\/biddingowl-recensione\/","og_locale":"it_IT","og_type":"article","og_title":"BiddingOwl: recensione software raccolta fondi - Accurate Reviews","og_description":"BiddingOwl: recensione software di raccolta fondi open source che aiuta a progettare siti web personalizzati con loghi, colori e temi.","og_url":"https:\/\/www.accuratereviews.com\/it\/piattaforme-per-fundraising\/biddingowl-recensione\/","og_site_name":"Accurate Reviews","og_image":[{"width":256,"height":256,"url":"https:\/\/www.accuratereviews.com\/wp-content\/uploads\/2024\/07\/BiddingOwl.jpeg","type":"image\/jpeg"}],"twitter_card":"summary_large_image","twitter_misc":{"Tempo di lettura stimato":"6 minuti"},"schema":{"@context":"https:\/\/schema.org","@graph":[{"@type":"WebPage","@id":"https:\/\/www.accuratereviews.com\/it\/piattaforme-per-fundraising\/biddingowl-recensione\/","url":"https:\/\/www.accuratereviews.com\/it\/piattaforme-per-fundraising\/biddingowl-recensione\/","name":"BiddingOwl: recensione software raccolta fondi - Accurate Reviews","isPartOf":{"@id":"https:\/\/www.accuratereviews.com\/it\/#website"},"primaryImageOfPage":{"@id":"https:\/\/www.accuratereviews.com\/it\/piattaforme-per-fundraising\/biddingowl-recensione\/#primaryimage"},"image":{"@id":"https:\/\/www.accuratereviews.com\/it\/piattaforme-per-fundraising\/biddingowl-recensione\/#primaryimage"},"thumbnailUrl":"https:\/\/www.accuratereviews.com\/wp-content\/uploads\/2024\/07\/BiddingOwl.jpeg","datePublished":"2024-07-15T17:39:14+00:00","description":"BiddingOwl: recensione software di raccolta fondi open source che aiuta a progettare siti web personalizzati con loghi, colori e temi.","breadcrumb":{"@id":"https:\/\/www.accuratereviews.com\/it\/piattaforme-per-fundraising\/biddingowl-recensione\/#breadcrumb"},"inLanguage":"it-IT","potentialAction":[{"@type":"ReadAction","target":["https:\/\/www.accuratereviews.com\/it\/piattaforme-per-fundraising\/biddingowl-recensione\/"]}]},{"@type":"ImageObject","inLanguage":"it-IT","@id":"https:\/\/www.accuratereviews.com\/it\/piattaforme-per-fundraising\/biddingowl-recensione\/#primaryimage","url":"https:\/\/www.accuratereviews.com\/wp-content\/uploads\/2024\/07\/BiddingOwl.jpeg","contentUrl":"https:\/\/www.accuratereviews.com\/wp-content\/uploads\/2024\/07\/BiddingOwl.jpeg","width":256,"height":256},{"@type":"BreadcrumbList","@id":"https:\/\/www.accuratereviews.com\/it\/piattaforme-per-fundraising\/biddingowl-recensione\/#breadcrumb","itemListElement":[{"@type":"ListItem","position":1,"name":"Home","item":"https:\/\/www.accuratereviews.com\/it\/"},{"@type":"ListItem","position":2,"name":"Piattaforme per fundraising","item":"https:\/\/www.accuratereviews.com\/it\/piattaforme-per-fundraising\/"},{"@type":"ListItem","position":3,"name":"BiddingOwl"}]},{"@type":"WebSite","@id":"https:\/\/www.accuratereviews.com\/it\/#website","url":"https:\/\/www.accuratereviews.com\/it\/","name":"Accurate Reviews","description":"","potentialAction":[{"@type":"SearchAction","target":{"@type":"EntryPoint","urlTemplate":"https:\/\/www.accuratereviews.com\/it\/?s={search_term_string}"},"query-input":{"@type":"PropertyValueSpecification","valueRequired":true,"valueName":"search_term_string"}}],"inLanguage":"it-IT"}]}},"_links":{"self":[{"href":"https:\/\/www.accuratereviews.com\/it\/wp-json\/wp\/v2\/pages\/77852","targetHints":{"allow":["GET"]}}],"collection":[{"href":"https:\/\/www.accuratereviews.com\/it\/wp-json\/wp\/v2\/pages"}],"about":[{"href":"https:\/\/www.accuratereviews.com\/it\/wp-json\/wp\/v2\/types\/page"}],"author":[{"embeddable":true,"href":"https:\/\/www.accuratereviews.com\/it\/wp-json\/wp\/v2\/users\/19"}],"replies":[{"embeddable":true,"href":"https:\/\/www.accuratereviews.com\/it\/wp-json\/wp\/v2\/comments?post=77852"}],"version-history":[{"count":13,"href":"https:\/\/www.accuratereviews.com\/it\/wp-json\/wp\/v2\/pages\/77852\/revisions"}],"predecessor-version":[{"id":77870,"href":"https:\/\/www.accuratereviews.com\/it\/wp-json\/wp\/v2\/pages\/77852\/revisions\/77870"}],"up":[{"embeddable":true,"href":"https:\/\/www.accuratereviews.com\/it\/wp-json\/wp\/v2\/pages\/35419"}],"wp:featuredmedia":[{"embeddable":true,"href":"https:\/\/www.accuratereviews.com\/it\/wp-json\/wp\/v2\/media\/77855"}],"wp:attachment":[{"href":"https:\/\/www.accuratereviews.com\/it\/wp-json\/wp\/v2\/media?parent=77852"}],"wp:term":[{"taxonomy":"category","embeddable":true,"href":"https:\/\/www.accuratereviews.com\/it\/wp-json\/wp\/v2\/categories?post=77852"},{"taxonomy":"post_tag","embeddable":true,"href":"https:\/\/www.accuratereviews.com\/it\/wp-json\/wp\/v2\/tags?post=77852"},{"taxonomy":"features","embeddable":true,"href":"https:\/\/www.accuratereviews.com\/it\/wp-json\/wp\/v2\/features?post=77852"}],"curies":[{"name":"wp","href":"https:\/\/api.w.org\/{rel}","templated":true}]}}