{"id":77914,"date":"2024-07-18T15:57:41","date_gmt":"2024-07-18T15:57:41","guid":{"rendered":"https:\/\/www.accuratereviews.com\/?page_id=77914"},"modified":"2024-07-18T15:57:41","modified_gmt":"2024-07-18T15:57:41","slug":"txt2give-recensione","status":"publish","type":"page","link":"https:\/\/www.accuratereviews.com\/it\/piattaforme-per-fundraising\/txt2give-recensione\/","title":{"rendered":"Txt2Give"},"content":{"rendered":"<p><strong>Txt2Give<\/strong> \u00e8 una <strong>soluzione di gestione delle donazioni<\/strong> basata su <strong>cloud <\/strong>che offre donazioni ricorrenti, promemoria, gestione dei donatori, funzionalit\u00e0 di marketing e reporting all&#8217;interno di una suite. Presenta moduli di gestione dei donatori, che consentono agli utenti di creare moduli online e basati su dispositivi mobili per i donatori alle prime armi. Gli utenti possono anche personalizzare i moduli con loghi per riflettere il marchio dell&#8217;organizzazione.<br \/>\n<strong>Txt2Give<\/strong> offre donazioni ricorrenti, che consentono agli utenti di raccogliere donazioni utilizzando email e promemoria sms. I donatori possono selezionare opzioni di donazione settimanali, mensili o trimestrali. La soluzione invia anche promemoria automatici per le donazioni in sospeso.<\/p>\n<h2>TXT2GIVE &#8211; TUTORIAL<\/h2>\n<div id=\"fluid-wrapper-counter-1\" class=\"g1-fluid-wrapper \" style=\"width:686px;\">\n<div style=\"padding-bottom:56.268221574344%;\"><iframe loading=\"lazy\" title=\"Txt2Give makes accepting mobile donations easy!\" width=\"686\" height=\"386\" src=\"https:\/\/www.youtube.com\/embed\/uIcHjcOOFDA?feature=oembed&amp;wmode=transparent&amp;autohide=1&amp;autoplay=0&amp;disablekb=0&amp;fs=1&amp;loop=0&amp;enablejsapi=1&amp;rel=0&amp;controls=2&amp;showinfo=0&amp;wmode=transparent&amp;autohide=2&amp;autoplay=0&amp;disablekb=0&amp;fs=1&amp;loop=0&amp;enablejsapi=1&amp;rel=0&amp;controls=2&amp;showinfo=1\" frameborder=\"0\" allow=\"accelerometer; autoplay; clipboard-write; encrypted-media; gyroscope; picture-in-picture; web-share\" referrerpolicy=\"strict-origin-when-cross-origin\" allowfullscreen><\/iframe><\/div>\n<\/div>\n<h3>TXT2GIVE &#8211; CARATTERISTICHE<\/h3>\n<ul>\n<li><strong>Nessun contratto e installazione<\/strong>: rende semplice per i membri donare in pochi minuti. Riceverai anche un pacchetto di lancio con immagini personalizzate che potrai utilizzare per pubblicizzare la nuova opzione di donazione della tua chiesa.<\/li>\n<li><strong>Donazioni online gratuite e brandizzate<\/strong>: la piattaforma offre alla tua congregazione o ai membri della tua chiesa un modo semplice per donare in modo sicuro, sia tramite sms che direttamente dal tuo sito web con le donazioni online gratuite.<\/li>\n<li><strong>Reportistica semplificata<\/strong>: visualizza tutti i tuoi regali in tempo reale in un unico comodo posto. Ordina, filtra ed esporta tutte le informazioni di cui hai bisogno.<\/li>\n<li><strong>Donazioni ricorrenti<\/strong>: aumenta le donazioni della tua chiesa in media del 42% a persona con donazioni ricorrenti. I membri possono scegliere tra pi\u00f9 opzioni di donazioni ricorrenti e possono gestire facilmente i propri profili individuali in qualsiasi momento.<\/li>\n<li><strong>Piattaforma versatile per la raccolta fondi:<\/strong> che si tratti di una raccolta fondi una tantum o di una raccolta fondi tutto l&#8217;anno, la piattaforma semplifica per la tua scuola la raccolta fondi per pi\u00f9 aree contemporaneamente con parole chiave e cause personalizzabili illimitate.<\/li>\n<li><strong>Donazioni basate su eventi<\/strong>: offre eventi una tantum a prezzi accessibili, offrendo piani adatti a qualsiasi budget. Il tabellone dei punteggi e i report in tempo reale ti aiutano a sapere quanto sei vicino all&#8217;obiettivo della raccolta fondi.<\/li>\n<li><strong>Nessun impegno a lungo termine<\/strong>: \u00a0le opzioni flessibili ti consentono di utilizzare il nostro servizio quando e dove ne hai bisogno durante la tua campagna senza essere vincolato.<\/li>\n<li><strong>Ricevute automatiche<\/strong>: non appena il tuo donatore completa la donazione, ricever\u00e0 una ricevuta via email personalizzabile per il suo contributo da utilizzare per la rendicontazione fiscale.<\/li>\n<\/ul>\n<h4>LE RECENSIONI DEGLI UTENTI<\/h4>\n<p><strong>Irene &#8220;Ottimo software per la trasmissione di testi&#8221;<\/strong><br \/>\n<strong>Commenti<\/strong>: Il programma ha tantissime funzionalit\u00e0 e ci aiuta con le varie campagne che abbiamo nella nostra chiesa. La facilit\u00e0 di donare per i nostri donatori \u00e8 un grande vantaggio!<br \/>\n<strong>Pro<\/strong>: La configurazione di questo prodotto \u00e8 stata estremamente semplice. La nostra congregazione lo trova facile da usare.<br \/>\n<strong>Contro<\/strong>: Sarebbe bello che funzionasse con Quickbooks<\/p>\n<p><strong>Wendy &#8220;Prodotto eccellente e servizio clienti eccezionale&#8221;<\/strong><br \/>\n<strong>Commenti<\/strong>: Il servizio clienti che stiamo ricevendo \u00e8 senza dubbio uno dei migliori! Molto accomodante, cordiale e veloce nella risposta!<br \/>\n<strong>Pro<\/strong>: Il team di Txt2Give \u00e8 stato molto utile con tutte le mie domande.<br \/>\n<strong>Contro<\/strong>: Se la causa non \u00e8 impostata correttamente nel front-end, non consentir\u00e0 ai membri di contribuire in alcun modo. Abbiamo scoperto che si confondono e poi si arrendono, il che significa una perdita di entrate. Per quanto riguarda i report finanziari, mi ci sono volute circa tre settimane per capire la personalizzazione.<\/p>\n<p><strong>Trivinia &#8220;Adoriamo assolutamente TEXT2GIVE&#8221;<\/strong><br \/>\nCommenti: Grande<br \/>\n<strong>Pro<\/strong>: Facile da usare, funziona alla grande, ottimo servizio clienti<br \/>\n<strong>Contro<\/strong>: vorrei vedere eventuali aggiornamenti via email. niente di nuovo con il programma, il che non \u00e8 una brutta cosa. ma se c&#8217;\u00e8 qualcosa di aggiornato o nuovo, inviaci un&#8217;e-mail. Onestamente, potresti averlo fatto e potrei averlo perso se ci fossero nuove funzionalit\u00e0<\/p>\n","protected":false},"excerpt":{"rendered":"<p>Txt2Give \u00e8 una soluzione di gestione delle donazioni basata su cloud che offre donazioni ricorrenti, promemoria, gestione dei donatori, funzionalit\u00e0 di marketing e reporting all&#8217;interno di una suite. Presenta moduli di gestione dei donatori, che consentono agli utenti di creare moduli online e basati su dispositivi mobili per i donatori alle prime armi.<\/p>\n","protected":false},"author":19,"featured_media":77916,"parent":35419,"menu_order":0,"comment_status":"open","ping_status":"closed","template":"g1_template_page_review_new.php","meta":{"_acf_changed":false,"cwp_meta_box_check":"No","cwp_rev_product_name":"","cwp_rev_product_image":"","wppr_links":[],"cwp_rev_price":"","wppr_options":[],"wppr_pros":[],"wppr_cons":[],"_monsterinsights_skip_tracking":false,"_monsterinsights_sitenote_active":false,"_monsterinsights_sitenote_note":"","_monsterinsights_sitenote_category":0,"footnotes":""},"categories":[4851],"tags":[4852,4878,4855,4877,4859,4854,4875,4909,4876,15175],"features":[],"class_list":{"0":"post-77914","1":"page","2":"type-page","3":"status-publish","4":"has-post-thumbnail","6":"category-piattaforme-per-fundraising-categoria","7":"tag-piattaforma-per-fundraising","8":"tag-piattaforma-raccolta-fondi","9":"tag-programma-per-fundraising","10":"tag-programma-raccolta-fondi","11":"tag-raccolta-fondi","12":"tag-software-per-fundraising","13":"tag-software-raccolta-fondi","14":"tag-soluzione-per-fundraising","15":"tag-soluzione-raccolta-fondi","16":"tag-txt2give"},"wppr_data":{"cwp_meta_box_check":"No"},"acf":[],"yoast_head":"<!-- This site is optimized with the Yoast SEO plugin v27.4 - https:\/\/yoast.com\/product\/yoast-seo-wordpress\/ -->\n<title>Txt2Give: recensione software raccolta fondi - Accurate Reviews<\/title>\n<meta name=\"description\" content=\"Txt2Give: recensione soluzione di gestione delle donazioni basata su cloud che offre donazioni ricorrenti, promemoria e gestione dei donatori\" \/>\n<meta name=\"robots\" content=\"index, follow, max-snippet:-1, max-image-preview:large, max-video-preview:-1\" \/>\n<link rel=\"canonical\" href=\"https:\/\/www.accuratereviews.com\/it\/piattaforme-per-fundraising\/txt2give-recensione\/\" \/>\n<meta property=\"og:locale\" content=\"it_IT\" \/>\n<meta property=\"og:type\" content=\"article\" \/>\n<meta property=\"og:title\" content=\"Txt2Give: recensione software raccolta fondi - Accurate Reviews\" \/>\n<meta property=\"og:description\" content=\"Txt2Give: recensione soluzione di gestione delle donazioni basata su cloud che offre donazioni ricorrenti, promemoria e gestione dei donatori\" \/>\n<meta property=\"og:url\" content=\"https:\/\/www.accuratereviews.com\/it\/piattaforme-per-fundraising\/txt2give-recensione\/\" \/>\n<meta property=\"og:site_name\" content=\"Accurate Reviews\" \/>\n<meta property=\"og:image\" content=\"https:\/\/www.accuratereviews.com\/wp-content\/uploads\/2024\/07\/Txt2Give.png\" \/>\n\t<meta property=\"og:image:width\" content=\"646\" \/>\n\t<meta property=\"og:image:height\" content=\"217\" \/>\n\t<meta property=\"og:image:type\" content=\"image\/png\" \/>\n<meta name=\"twitter:card\" content=\"summary_large_image\" \/>\n<meta name=\"twitter:label1\" content=\"Tempo di lettura stimato\" \/>\n\t<meta name=\"twitter:data1\" content=\"5 minuti\" \/>\n<script type=\"application\/ld+json\" class=\"yoast-schema-graph\">{\"@context\":\"https:\\\/\\\/schema.org\",\"@graph\":[{\"@type\":\"WebPage\",\"@id\":\"https:\\\/\\\/www.accuratereviews.com\\\/it\\\/piattaforme-per-fundraising\\\/txt2give-recensione\\\/\",\"url\":\"https:\\\/\\\/www.accuratereviews.com\\\/it\\\/piattaforme-per-fundraising\\\/txt2give-recensione\\\/\",\"name\":\"Txt2Give: recensione software raccolta fondi - Accurate Reviews\",\"isPartOf\":{\"@id\":\"https:\\\/\\\/www.accuratereviews.com\\\/it\\\/#website\"},\"primaryImageOfPage\":{\"@id\":\"https:\\\/\\\/www.accuratereviews.com\\\/it\\\/piattaforme-per-fundraising\\\/txt2give-recensione\\\/#primaryimage\"},\"image\":{\"@id\":\"https:\\\/\\\/www.accuratereviews.com\\\/it\\\/piattaforme-per-fundraising\\\/txt2give-recensione\\\/#primaryimage\"},\"thumbnailUrl\":\"https:\\\/\\\/www.accuratereviews.com\\\/wp-content\\\/uploads\\\/2024\\\/07\\\/Txt2Give.png\",\"datePublished\":\"2024-07-18T15:57:41+00:00\",\"description\":\"Txt2Give: recensione soluzione di gestione delle donazioni basata su cloud che offre donazioni ricorrenti, promemoria e gestione dei donatori\",\"breadcrumb\":{\"@id\":\"https:\\\/\\\/www.accuratereviews.com\\\/it\\\/piattaforme-per-fundraising\\\/txt2give-recensione\\\/#breadcrumb\"},\"inLanguage\":\"it-IT\",\"potentialAction\":[{\"@type\":\"ReadAction\",\"target\":[\"https:\\\/\\\/www.accuratereviews.com\\\/it\\\/piattaforme-per-fundraising\\\/txt2give-recensione\\\/\"]}]},{\"@type\":\"ImageObject\",\"inLanguage\":\"it-IT\",\"@id\":\"https:\\\/\\\/www.accuratereviews.com\\\/it\\\/piattaforme-per-fundraising\\\/txt2give-recensione\\\/#primaryimage\",\"url\":\"https:\\\/\\\/www.accuratereviews.com\\\/wp-content\\\/uploads\\\/2024\\\/07\\\/Txt2Give.png\",\"contentUrl\":\"https:\\\/\\\/www.accuratereviews.com\\\/wp-content\\\/uploads\\\/2024\\\/07\\\/Txt2Give.png\",\"width\":646,\"height\":217},{\"@type\":\"BreadcrumbList\",\"@id\":\"https:\\\/\\\/www.accuratereviews.com\\\/it\\\/piattaforme-per-fundraising\\\/txt2give-recensione\\\/#breadcrumb\",\"itemListElement\":[{\"@type\":\"ListItem\",\"position\":1,\"name\":\"Home\",\"item\":\"https:\\\/\\\/www.accuratereviews.com\\\/it\\\/\"},{\"@type\":\"ListItem\",\"position\":2,\"name\":\"Piattaforme per fundraising\",\"item\":\"https:\\\/\\\/www.accuratereviews.com\\\/it\\\/piattaforme-per-fundraising\\\/\"},{\"@type\":\"ListItem\",\"position\":3,\"name\":\"Txt2Give\"}]},{\"@type\":\"WebSite\",\"@id\":\"https:\\\/\\\/www.accuratereviews.com\\\/it\\\/#website\",\"url\":\"https:\\\/\\\/www.accuratereviews.com\\\/it\\\/\",\"name\":\"Accurate Reviews\",\"description\":\"\",\"potentialAction\":[{\"@type\":\"SearchAction\",\"target\":{\"@type\":\"EntryPoint\",\"urlTemplate\":\"https:\\\/\\\/www.accuratereviews.com\\\/it\\\/?s={search_term_string}\"},\"query-input\":{\"@type\":\"PropertyValueSpecification\",\"valueRequired\":true,\"valueName\":\"search_term_string\"}}],\"inLanguage\":\"it-IT\"}]}<\/script>\n<!-- \/ Yoast SEO plugin. -->","yoast_head_json":{"title":"Txt2Give: recensione software raccolta fondi - Accurate Reviews","description":"Txt2Give: recensione soluzione di gestione delle donazioni basata su cloud che offre donazioni ricorrenti, promemoria e gestione dei donatori","robots":{"index":"index","follow":"follow","max-snippet":"max-snippet:-1","max-image-preview":"max-image-preview:large","max-video-preview":"max-video-preview:-1"},"canonical":"https:\/\/www.accuratereviews.com\/it\/piattaforme-per-fundraising\/txt2give-recensione\/","og_locale":"it_IT","og_type":"article","og_title":"Txt2Give: recensione software raccolta fondi - Accurate Reviews","og_description":"Txt2Give: recensione soluzione di gestione delle donazioni basata su cloud che offre donazioni ricorrenti, promemoria e gestione dei donatori","og_url":"https:\/\/www.accuratereviews.com\/it\/piattaforme-per-fundraising\/txt2give-recensione\/","og_site_name":"Accurate Reviews","og_image":[{"width":646,"height":217,"url":"https:\/\/www.accuratereviews.com\/wp-content\/uploads\/2024\/07\/Txt2Give.png","type":"image\/png"}],"twitter_card":"summary_large_image","twitter_misc":{"Tempo di lettura stimato":"5 minuti"},"schema":{"@context":"https:\/\/schema.org","@graph":[{"@type":"WebPage","@id":"https:\/\/www.accuratereviews.com\/it\/piattaforme-per-fundraising\/txt2give-recensione\/","url":"https:\/\/www.accuratereviews.com\/it\/piattaforme-per-fundraising\/txt2give-recensione\/","name":"Txt2Give: recensione software raccolta fondi - Accurate Reviews","isPartOf":{"@id":"https:\/\/www.accuratereviews.com\/it\/#website"},"primaryImageOfPage":{"@id":"https:\/\/www.accuratereviews.com\/it\/piattaforme-per-fundraising\/txt2give-recensione\/#primaryimage"},"image":{"@id":"https:\/\/www.accuratereviews.com\/it\/piattaforme-per-fundraising\/txt2give-recensione\/#primaryimage"},"thumbnailUrl":"https:\/\/www.accuratereviews.com\/wp-content\/uploads\/2024\/07\/Txt2Give.png","datePublished":"2024-07-18T15:57:41+00:00","description":"Txt2Give: recensione soluzione di gestione delle donazioni basata su cloud che offre donazioni ricorrenti, promemoria e gestione dei donatori","breadcrumb":{"@id":"https:\/\/www.accuratereviews.com\/it\/piattaforme-per-fundraising\/txt2give-recensione\/#breadcrumb"},"inLanguage":"it-IT","potentialAction":[{"@type":"ReadAction","target":["https:\/\/www.accuratereviews.com\/it\/piattaforme-per-fundraising\/txt2give-recensione\/"]}]},{"@type":"ImageObject","inLanguage":"it-IT","@id":"https:\/\/www.accuratereviews.com\/it\/piattaforme-per-fundraising\/txt2give-recensione\/#primaryimage","url":"https:\/\/www.accuratereviews.com\/wp-content\/uploads\/2024\/07\/Txt2Give.png","contentUrl":"https:\/\/www.accuratereviews.com\/wp-content\/uploads\/2024\/07\/Txt2Give.png","width":646,"height":217},{"@type":"BreadcrumbList","@id":"https:\/\/www.accuratereviews.com\/it\/piattaforme-per-fundraising\/txt2give-recensione\/#breadcrumb","itemListElement":[{"@type":"ListItem","position":1,"name":"Home","item":"https:\/\/www.accuratereviews.com\/it\/"},{"@type":"ListItem","position":2,"name":"Piattaforme per fundraising","item":"https:\/\/www.accuratereviews.com\/it\/piattaforme-per-fundraising\/"},{"@type":"ListItem","position":3,"name":"Txt2Give"}]},{"@type":"WebSite","@id":"https:\/\/www.accuratereviews.com\/it\/#website","url":"https:\/\/www.accuratereviews.com\/it\/","name":"Accurate Reviews","description":"","potentialAction":[{"@type":"SearchAction","target":{"@type":"EntryPoint","urlTemplate":"https:\/\/www.accuratereviews.com\/it\/?s={search_term_string}"},"query-input":{"@type":"PropertyValueSpecification","valueRequired":true,"valueName":"search_term_string"}}],"inLanguage":"it-IT"}]}},"_links":{"self":[{"href":"https:\/\/www.accuratereviews.com\/it\/wp-json\/wp\/v2\/pages\/77914","targetHints":{"allow":["GET"]}}],"collection":[{"href":"https:\/\/www.accuratereviews.com\/it\/wp-json\/wp\/v2\/pages"}],"about":[{"href":"https:\/\/www.accuratereviews.com\/it\/wp-json\/wp\/v2\/types\/page"}],"author":[{"embeddable":true,"href":"https:\/\/www.accuratereviews.com\/it\/wp-json\/wp\/v2\/users\/19"}],"replies":[{"embeddable":true,"href":"https:\/\/www.accuratereviews.com\/it\/wp-json\/wp\/v2\/comments?post=77914"}],"version-history":[{"count":9,"href":"https:\/\/www.accuratereviews.com\/it\/wp-json\/wp\/v2\/pages\/77914\/revisions"}],"predecessor-version":[{"id":77950,"href":"https:\/\/www.accuratereviews.com\/it\/wp-json\/wp\/v2\/pages\/77914\/revisions\/77950"}],"up":[{"embeddable":true,"href":"https:\/\/www.accuratereviews.com\/it\/wp-json\/wp\/v2\/pages\/35419"}],"wp:featuredmedia":[{"embeddable":true,"href":"https:\/\/www.accuratereviews.com\/it\/wp-json\/wp\/v2\/media\/77916"}],"wp:attachment":[{"href":"https:\/\/www.accuratereviews.com\/it\/wp-json\/wp\/v2\/media?parent=77914"}],"wp:term":[{"taxonomy":"category","embeddable":true,"href":"https:\/\/www.accuratereviews.com\/it\/wp-json\/wp\/v2\/categories?post=77914"},{"taxonomy":"post_tag","embeddable":true,"href":"https:\/\/www.accuratereviews.com\/it\/wp-json\/wp\/v2\/tags?post=77914"},{"taxonomy":"features","embeddable":true,"href":"https:\/\/www.accuratereviews.com\/it\/wp-json\/wp\/v2\/features?post=77914"}],"curies":[{"name":"wp","href":"https:\/\/api.w.org\/{rel}","templated":true}]}}