{"id":77951,"date":"2024-07-22T17:31:14","date_gmt":"2024-07-22T17:31:14","guid":{"rendered":"https:\/\/www.accuratereviews.com\/?page_id=77951"},"modified":"2024-07-22T17:31:14","modified_gmt":"2024-07-22T17:31:14","slug":"eleo-recensione","status":"publish","type":"page","link":"https:\/\/www.accuratereviews.com\/it\/piattaforme-per-fundraising\/eleo-recensione\/","title":{"rendered":"Eleo"},"content":{"rendered":"<p><strong>Eleo<\/strong> \u00e8 un <strong>software di raccolta fondi<\/strong> e gestione dei donatori, basato sul <strong>cloud, <\/strong>sviluppato per organizzazioni no-profit. Il sistema include strumenti per tenere traccia dei donatori, registrare le donazioni, creare email di riconoscimento, gestire eventi e altro ancora. Gli utenti possono registrare le informazioni sui contatti e sui donatori in profili dettagliati e inserire e tenere traccia dei regali. I campi dati possono essere personalizzati ed \u00e8 possibile memorizzare un numero illimitato di numeri di telefono, indirizzi postali, email e note. Gli utenti possono visualizzare gli interessi dei donatori, la cronologia e le statistiche delle donazioni, i riepiloghi grafici delle donazioni, le informazioni sulle promesse, la cronologia degli invii e altro ancora. L&#8217;elaborazione della carta di credito consente la donazione online e la dashboard di posta garantisce che i riconoscimenti dei regali e le lettere di ringraziamento vengano elaborati. \u00c8 possibile creare una serie di invii tramite il processo passo passo nella procedura guidata di invio, come newsletter, sollecitazioni, promemoria di impegni, rinnovi di abbonamenti, ricevute e lettere di ringraziamento, e possono essere personalizzati con i dettagli dei donatori.<\/p>\n<h2>ELEO &#8211; TUTORIAL<\/h2>\n<div id=\"fluid-wrapper-counter-1\" class=\"g1-fluid-wrapper \" style=\"width:686px;\">\n<div style=\"padding-bottom:56.268221574344%;\"><iframe loading=\"lazy\" title=\"ELEO Online Donor Management Software Demo\" width=\"686\" height=\"386\" src=\"https:\/\/www.youtube.com\/embed\/g489Tkd6Ack?feature=oembed&amp;wmode=transparent&amp;autohide=1&amp;autoplay=0&amp;disablekb=0&amp;fs=1&amp;loop=0&amp;enablejsapi=1&amp;rel=0&amp;controls=2&amp;showinfo=0&amp;wmode=transparent&amp;autohide=2&amp;autoplay=0&amp;disablekb=0&amp;fs=1&amp;loop=0&amp;enablejsapi=1&amp;rel=0&amp;controls=2&amp;showinfo=1\" frameborder=\"0\" allow=\"accelerometer; autoplay; clipboard-write; encrypted-media; gyroscope; picture-in-picture; web-share\" referrerpolicy=\"strict-origin-when-cross-origin\" allowfullscreen><\/iframe><\/div>\n<\/div>\n<h2>ELEO &#8211; CARATTERISTICHE<\/h2>\n<ul>\n<li>Accesso su tutti i dispositivi<\/li>\n<li>Scegli le preferenze di comunicazione del donatore, ad esempio anonimato, saluti formali e informali e le opzioni &#8220;non contattare&#8221;.<\/li>\n<li>Aggiungi campi personalizzati al record del contatto standard<\/li>\n<li>Utilizza il calendario per tenere traccia della gestione e delle attivit\u00e0 dei donatori<\/li>\n<li>Visualizza la cronologia cronologica delle interazioni con i donatori, della raccolta fondi e della partecipazione ai contatti<\/li>\n<li>Registro dei contatti di facile lettura con immissione rapida e semplice del donatore<\/li>\n<li>Assegna i donatori a un membro specifico del team<\/li>\n<li>Crea elenchi dinamici e fissi dei tuoi sostenitori<\/li>\n<li>Accedi alle funzionalit\u00e0 del software CRM di grandi dimensioni a prezzi piccoli per le organizzazioni non profit<\/li>\n<li>Tieni traccia di doni, promesse e tributi corrispondenti<\/li>\n<li>Accetta donazioni ricorrenti<\/li>\n<li>Assegnare i donatori allo staff e ai volontari<\/li>\n<li>Gestisci i livelli di abbonamento, i pagamenti e i rinnovi<\/li>\n<li>Personalizza, automatizza e monitora i ringraziamenti<\/li>\n<li>Elaborazione estratti conto e ricevute di fine anno<\/li>\n<li>Tieni traccia dei donatori e delle donazioni anonimi<\/li>\n<li>Inserisci automaticamente le informazioni sui contatti e sui regali nel tuo database utilizzando i moduli Web integrati.<\/li>\n<li>Crea mailing ed email personalizzate<\/li>\n<li>Pianifica e assegna attivit\u00e0 con il calendario di gestione dei donatori<\/li>\n<li>Genera elenchi dinamici e segmentati dei tuoi sostenitori<\/li>\n<li>Invia automaticamente ricevute e ringraziamenti utilizzando i moduli Web integrati<\/li>\n<li>Controlla la cronologia degli invii di ringraziamenti, ricorsi, note, attivit\u00e0 e altro ancora<\/li>\n<li>Invia estratti conto e ricevute di fine anno personalizzate<\/li>\n<li>Crea modelli di posta illimitati per e-mail, stampa unione e lettere<\/li>\n<li>Si integra con Constant Contact, Mail Chimp e Microsoft Word<\/li>\n<li>Filtra facilmente i rapporti sui contatti e sui regali<\/li>\n<li>Tieni traccia della fidelizzazione dei donatori, dei nuovi donatori, dei donatori decaduti, delle donazioni principali e altro ancora<\/li>\n<li>Crea estratti conto e ricevute di fine anno personalizzati<\/li>\n<li>Salva i report preferiti nella dashboard dei report sulla raccolta fondi<\/li>\n<li>Genera report illimitati per eventi, sovvenzioni, iscrizioni e gestione dei volontari<\/li>\n<li>Crea report personalizzati per le organizzazioni non profit per contatti, regali e sovvenzioni<\/li>\n<li>Si integra con QuickBook Online, Microsoft Word ed Excel<\/li>\n<li>Accesso a una suite completa di report standard<\/li>\n<li>Crea elenchi di invitati e monitora la partecipazione<\/li>\n<li>Gestire i dettagli della registrazione dei partecipanti<\/li>\n<li>Coordina il tuo team di raccolta fondi utilizzando le attivit\u00e0 e il calendario della soluzione<\/li>\n<li>Invia mailing personalizzati e comunicazioni di eventi<\/li>\n<li>Progetta moduli di registrazione per eventi brandizzati<\/li>\n<li>Organizza i partecipanti all&#8217;evento in squadre, gruppi, tavoli e altro ancora<\/li>\n<li>Automatizza le conferme di registrazione e i ringraziamenti<\/li>\n<li>Tieni traccia delle attivit\u00e0, delle spese e dei documenti relativi agli eventi<\/li>\n<\/ul>\n<h4>LE RECENSIONI DEGLI UTENTI<\/h4>\n<p><strong>Karen &#8220;Altamente raccomandato&#8221;<\/strong><br \/>\n<strong>Commenti<\/strong>: Non avevo mai usato questo programma o uno simile quando ho iniziato nella mia posizione. Non posso che elogiare quanto sia facile da usare; la disponibilit\u00e0 di autoformazione attraverso le eccellenti guide di formazione passo passo nella libreria e nei video; webinar e formazione personalizzata; e un&#8217;assistenza clienti superiore. La mia esperienza complessiva \u00e8 stata fantastica!<br \/>\n<strong>Pro<\/strong>: Facilit\u00e0 d&#8217;uso, materiali di formazione e assistenza clienti di ELEO.<br \/>\n<strong>Contro<\/strong>: Nel breve periodo di tempo in cui ho utilizzato il prodotto, non posso parlare di nulla che non mi sia piaciuto di ELEO.<\/p>\n<p><strong>Emily &#8220;Il miglior servizio clienti l\u00e0 fuori!!&#8221;<\/strong><br \/>\n<strong>Commenti<\/strong>: Eleo \u00e8 conveniente e soddisfa tutte le nostre esigenze aziendali. Hanno il miglior servizio clienti in circolazione e posso facilmente parlare con una persona o ricevere una rapida risposta via email se ho un problema! Lo consiglio vivamente.<br \/>\n<strong>Pro<\/strong>: Eleo \u00e8 molto conveniente, soprattutto per una piccola organizzazione no-profit come noi! Hanno sempre il miglior servizio clienti. Se mai dovessi avere un problema, ti risponder\u00f2 entro un&#8217;ora con l&#8217;aiuto di cui ho bisogno e anche con tutorial!<br \/>\n<strong>Contro<\/strong>: Eleo funziona meglio su Google Chrome. Preferisco usare Mozilla Firefox, quindi questo \u00e8 il mio pi\u00f9 grande svantaggio; tuttavia, \u00e8 una soluzione semplice e non \u00e8 un problema da risolvere!<\/p>\n<p><strong>Rosalie &#8220;Servizio eccellente&#8221;<\/strong><br \/>\n<strong>Pro<\/strong>: Servizio clienti meraviglioso, rispondi sempre rapidamente alle mie domande.<br \/>\n<strong>Contro<\/strong>: Il software a volte sembra un po&#8217; goffo, le mie domande principali riguardano sempre come scaricare elenchi specifici di informazioni, ma con l&#8217;eccellente servizio clienti la confusione viene sempre risolta rapidamente.<\/p>\n","protected":false},"excerpt":{"rendered":"<p>Eleo \u00e8 un software di raccolta fondi e gestione dei donatori, basato sul cloud, sviluppato per organizzazioni no-profit. Il sistema include strumenti per tenere traccia dei donatori, registrare le donazioni, creare email di riconoscimento, gestire eventi e altro ancora. Gli utenti possono registrare le informazioni sui contatti e sui donatori in profili dettagliati e inserire e tenere traccia dei regali.<\/p>\n","protected":false},"author":19,"featured_media":77956,"parent":35419,"menu_order":0,"comment_status":"open","ping_status":"closed","template":"g1_template_page_review_new.php","meta":{"_acf_changed":false,"cwp_meta_box_check":"Yes","cwp_rev_product_name":"","cwp_rev_product_image":"","wppr_links":[],"cwp_rev_price":"0.00","wppr_options":[{"name":"Usability","value":"0"},{"name":"Speed","value":"0"},{"name":"Features","value":"0"},{"name":"Support","value":"0"},{"name":"Pricing","value":"0"}],"wppr_pros":["","","","",""],"wppr_cons":["","","","",""],"_monsterinsights_skip_tracking":false,"_monsterinsights_sitenote_active":false,"_monsterinsights_sitenote_note":"","_monsterinsights_sitenote_category":0,"footnotes":""},"categories":[4851],"tags":[15176,4852,4878,4855,4877,4859,4854,4875,4909,4876],"features":[],"class_list":{"0":"post-77951","1":"page","2":"type-page","3":"status-publish","4":"has-post-thumbnail","6":"category-piattaforme-per-fundraising-categoria","7":"tag-eleo","8":"tag-piattaforma-per-fundraising","9":"tag-piattaforma-raccolta-fondi","10":"tag-programma-per-fundraising","11":"tag-programma-raccolta-fondi","12":"tag-raccolta-fondi","13":"tag-software-per-fundraising","14":"tag-software-raccolta-fondi","15":"tag-soluzione-per-fundraising","16":"tag-soluzione-raccolta-fondi"},"wppr_data":{"cwp_meta_box_check":"Yes","_wppr_review_template":"default","cwp_rev_product_image":"","cwp_image_link":"image","wppr_links":[],"cwp_rev_price":"0.00","wppr_pros":["","","","",""],"wppr_cons":["","","","",""],"wppr_rating":"0.00","wppr_options":{"1":{"name":"Usability","value":"0"},"2":{"name":"Speed","value":"0"},"3":{"name":"Features","value":"0"},"4":{"name":"Support","value":"0"},"5":{"name":"Pricing","value":"0"}},"wppr_review_type":"Product","wppr_review_custom_fields":{"additionalProperty":"","additionalType":"","aggregateRating":"","alternateName":"","audience":"","award":"","awards":"","brand":"","color":"","depth":"","description":"","disambiguatingDescription":"","gtin12":"","gtin13":"","gtin14":"","gtin8":"","height":"","identifier":"","image":"","isAccessoryOrSparePartFor":"","isConsumableFor":"","isRelatedTo":"","isSimilarTo":"","itemCondition":"","logo":"","mainEntityOfPage":"","manufacturer":"","material":"","model":"","mpn":"","name":"","offers":"","potentialAction":"","productID":"","productionDate":"","purchaseDate":"","releaseDate":"","review":"","reviews":"","sameAs":"","sku":"","slogan":"","subjectOf":"","url":"","weight":"","width":""}},"acf":[],"yoast_head":"<!-- This site is optimized with the Yoast SEO plugin v27.4 - https:\/\/yoast.com\/product\/yoast-seo-wordpress\/ -->\n<title>Eleo: recensione software raccolta fondi - Accurate Reviews<\/title>\n<meta name=\"description\" content=\"Eleo: recensione software di raccolta fondi e gestione dei donatori, basato sul cloud, sviluppato per organizzazioni no-profit.\" \/>\n<meta name=\"robots\" content=\"index, follow, max-snippet:-1, max-image-preview:large, max-video-preview:-1\" \/>\n<link rel=\"canonical\" href=\"https:\/\/www.accuratereviews.com\/it\/piattaforme-per-fundraising\/eleo-recensione\/\" \/>\n<meta property=\"og:locale\" content=\"it_IT\" \/>\n<meta property=\"og:type\" content=\"article\" \/>\n<meta property=\"og:title\" content=\"Eleo: recensione software raccolta fondi - Accurate Reviews\" \/>\n<meta property=\"og:description\" content=\"Eleo: recensione software di raccolta fondi e gestione dei donatori, basato sul cloud, sviluppato per organizzazioni no-profit.\" \/>\n<meta property=\"og:url\" content=\"https:\/\/www.accuratereviews.com\/it\/piattaforme-per-fundraising\/eleo-recensione\/\" \/>\n<meta property=\"og:site_name\" content=\"Accurate Reviews\" \/>\n<meta property=\"og:image\" content=\"https:\/\/www.accuratereviews.com\/wp-content\/uploads\/2024\/07\/eleo-logo.webp\" \/>\n\t<meta property=\"og:image:width\" content=\"200\" \/>\n\t<meta property=\"og:image:height\" content=\"200\" \/>\n\t<meta property=\"og:image:type\" content=\"image\/webp\" \/>\n<meta name=\"twitter:card\" content=\"summary_large_image\" \/>\n<meta name=\"twitter:label1\" content=\"Tempo di lettura stimato\" \/>\n\t<meta name=\"twitter:data1\" content=\"6 minuti\" \/>\n<script type=\"application\/ld+json\" class=\"yoast-schema-graph\">{\"@context\":\"https:\\\/\\\/schema.org\",\"@graph\":[{\"@type\":\"WebPage\",\"@id\":\"https:\\\/\\\/www.accuratereviews.com\\\/it\\\/piattaforme-per-fundraising\\\/eleo-recensione\\\/\",\"url\":\"https:\\\/\\\/www.accuratereviews.com\\\/it\\\/piattaforme-per-fundraising\\\/eleo-recensione\\\/\",\"name\":\"Eleo: recensione software raccolta fondi - Accurate Reviews\",\"isPartOf\":{\"@id\":\"https:\\\/\\\/www.accuratereviews.com\\\/it\\\/#website\"},\"primaryImageOfPage\":{\"@id\":\"https:\\\/\\\/www.accuratereviews.com\\\/it\\\/piattaforme-per-fundraising\\\/eleo-recensione\\\/#primaryimage\"},\"image\":{\"@id\":\"https:\\\/\\\/www.accuratereviews.com\\\/it\\\/piattaforme-per-fundraising\\\/eleo-recensione\\\/#primaryimage\"},\"thumbnailUrl\":\"https:\\\/\\\/www.accuratereviews.com\\\/wp-content\\\/uploads\\\/2024\\\/07\\\/eleo-logo.webp\",\"datePublished\":\"2024-07-22T17:31:14+00:00\",\"description\":\"Eleo: recensione software di raccolta fondi e gestione dei donatori, basato sul cloud, sviluppato per organizzazioni no-profit.\",\"breadcrumb\":{\"@id\":\"https:\\\/\\\/www.accuratereviews.com\\\/it\\\/piattaforme-per-fundraising\\\/eleo-recensione\\\/#breadcrumb\"},\"inLanguage\":\"it-IT\",\"potentialAction\":[{\"@type\":\"ReadAction\",\"target\":[\"https:\\\/\\\/www.accuratereviews.com\\\/it\\\/piattaforme-per-fundraising\\\/eleo-recensione\\\/\"]}]},{\"@type\":\"ImageObject\",\"inLanguage\":\"it-IT\",\"@id\":\"https:\\\/\\\/www.accuratereviews.com\\\/it\\\/piattaforme-per-fundraising\\\/eleo-recensione\\\/#primaryimage\",\"url\":\"https:\\\/\\\/www.accuratereviews.com\\\/wp-content\\\/uploads\\\/2024\\\/07\\\/eleo-logo.webp\",\"contentUrl\":\"https:\\\/\\\/www.accuratereviews.com\\\/wp-content\\\/uploads\\\/2024\\\/07\\\/eleo-logo.webp\",\"width\":200,\"height\":200},{\"@type\":\"BreadcrumbList\",\"@id\":\"https:\\\/\\\/www.accuratereviews.com\\\/it\\\/piattaforme-per-fundraising\\\/eleo-recensione\\\/#breadcrumb\",\"itemListElement\":[{\"@type\":\"ListItem\",\"position\":1,\"name\":\"Home\",\"item\":\"https:\\\/\\\/www.accuratereviews.com\\\/it\\\/\"},{\"@type\":\"ListItem\",\"position\":2,\"name\":\"Piattaforme per fundraising\",\"item\":\"https:\\\/\\\/www.accuratereviews.com\\\/it\\\/piattaforme-per-fundraising\\\/\"},{\"@type\":\"ListItem\",\"position\":3,\"name\":\"Eleo\"}]},{\"@type\":\"WebSite\",\"@id\":\"https:\\\/\\\/www.accuratereviews.com\\\/it\\\/#website\",\"url\":\"https:\\\/\\\/www.accuratereviews.com\\\/it\\\/\",\"name\":\"Accurate Reviews\",\"description\":\"\",\"potentialAction\":[{\"@type\":\"SearchAction\",\"target\":{\"@type\":\"EntryPoint\",\"urlTemplate\":\"https:\\\/\\\/www.accuratereviews.com\\\/it\\\/?s={search_term_string}\"},\"query-input\":{\"@type\":\"PropertyValueSpecification\",\"valueRequired\":true,\"valueName\":\"search_term_string\"}}],\"inLanguage\":\"it-IT\"}]}<\/script>\n<!-- \/ Yoast SEO plugin. -->","yoast_head_json":{"title":"Eleo: recensione software raccolta fondi - Accurate Reviews","description":"Eleo: recensione software di raccolta fondi e gestione dei donatori, basato sul cloud, sviluppato per organizzazioni no-profit.","robots":{"index":"index","follow":"follow","max-snippet":"max-snippet:-1","max-image-preview":"max-image-preview:large","max-video-preview":"max-video-preview:-1"},"canonical":"https:\/\/www.accuratereviews.com\/it\/piattaforme-per-fundraising\/eleo-recensione\/","og_locale":"it_IT","og_type":"article","og_title":"Eleo: recensione software raccolta fondi - Accurate Reviews","og_description":"Eleo: recensione software di raccolta fondi e gestione dei donatori, basato sul cloud, sviluppato per organizzazioni no-profit.","og_url":"https:\/\/www.accuratereviews.com\/it\/piattaforme-per-fundraising\/eleo-recensione\/","og_site_name":"Accurate Reviews","og_image":[{"width":200,"height":200,"url":"https:\/\/www.accuratereviews.com\/wp-content\/uploads\/2024\/07\/eleo-logo.webp","type":"image\/webp"}],"twitter_card":"summary_large_image","twitter_misc":{"Tempo di lettura stimato":"6 minuti"},"schema":{"@context":"https:\/\/schema.org","@graph":[{"@type":"WebPage","@id":"https:\/\/www.accuratereviews.com\/it\/piattaforme-per-fundraising\/eleo-recensione\/","url":"https:\/\/www.accuratereviews.com\/it\/piattaforme-per-fundraising\/eleo-recensione\/","name":"Eleo: recensione software raccolta fondi - Accurate Reviews","isPartOf":{"@id":"https:\/\/www.accuratereviews.com\/it\/#website"},"primaryImageOfPage":{"@id":"https:\/\/www.accuratereviews.com\/it\/piattaforme-per-fundraising\/eleo-recensione\/#primaryimage"},"image":{"@id":"https:\/\/www.accuratereviews.com\/it\/piattaforme-per-fundraising\/eleo-recensione\/#primaryimage"},"thumbnailUrl":"https:\/\/www.accuratereviews.com\/wp-content\/uploads\/2024\/07\/eleo-logo.webp","datePublished":"2024-07-22T17:31:14+00:00","description":"Eleo: recensione software di raccolta fondi e gestione dei donatori, basato sul cloud, sviluppato per organizzazioni no-profit.","breadcrumb":{"@id":"https:\/\/www.accuratereviews.com\/it\/piattaforme-per-fundraising\/eleo-recensione\/#breadcrumb"},"inLanguage":"it-IT","potentialAction":[{"@type":"ReadAction","target":["https:\/\/www.accuratereviews.com\/it\/piattaforme-per-fundraising\/eleo-recensione\/"]}]},{"@type":"ImageObject","inLanguage":"it-IT","@id":"https:\/\/www.accuratereviews.com\/it\/piattaforme-per-fundraising\/eleo-recensione\/#primaryimage","url":"https:\/\/www.accuratereviews.com\/wp-content\/uploads\/2024\/07\/eleo-logo.webp","contentUrl":"https:\/\/www.accuratereviews.com\/wp-content\/uploads\/2024\/07\/eleo-logo.webp","width":200,"height":200},{"@type":"BreadcrumbList","@id":"https:\/\/www.accuratereviews.com\/it\/piattaforme-per-fundraising\/eleo-recensione\/#breadcrumb","itemListElement":[{"@type":"ListItem","position":1,"name":"Home","item":"https:\/\/www.accuratereviews.com\/it\/"},{"@type":"ListItem","position":2,"name":"Piattaforme per fundraising","item":"https:\/\/www.accuratereviews.com\/it\/piattaforme-per-fundraising\/"},{"@type":"ListItem","position":3,"name":"Eleo"}]},{"@type":"WebSite","@id":"https:\/\/www.accuratereviews.com\/it\/#website","url":"https:\/\/www.accuratereviews.com\/it\/","name":"Accurate Reviews","description":"","potentialAction":[{"@type":"SearchAction","target":{"@type":"EntryPoint","urlTemplate":"https:\/\/www.accuratereviews.com\/it\/?s={search_term_string}"},"query-input":{"@type":"PropertyValueSpecification","valueRequired":true,"valueName":"search_term_string"}}],"inLanguage":"it-IT"}]}},"_links":{"self":[{"href":"https:\/\/www.accuratereviews.com\/it\/wp-json\/wp\/v2\/pages\/77951","targetHints":{"allow":["GET"]}}],"collection":[{"href":"https:\/\/www.accuratereviews.com\/it\/wp-json\/wp\/v2\/pages"}],"about":[{"href":"https:\/\/www.accuratereviews.com\/it\/wp-json\/wp\/v2\/types\/page"}],"author":[{"embeddable":true,"href":"https:\/\/www.accuratereviews.com\/it\/wp-json\/wp\/v2\/users\/19"}],"replies":[{"embeddable":true,"href":"https:\/\/www.accuratereviews.com\/it\/wp-json\/wp\/v2\/comments?post=77951"}],"version-history":[{"count":15,"href":"https:\/\/www.accuratereviews.com\/it\/wp-json\/wp\/v2\/pages\/77951\/revisions"}],"predecessor-version":[{"id":78002,"href":"https:\/\/www.accuratereviews.com\/it\/wp-json\/wp\/v2\/pages\/77951\/revisions\/78002"}],"up":[{"embeddable":true,"href":"https:\/\/www.accuratereviews.com\/it\/wp-json\/wp\/v2\/pages\/35419"}],"wp:featuredmedia":[{"embeddable":true,"href":"https:\/\/www.accuratereviews.com\/it\/wp-json\/wp\/v2\/media\/77956"}],"wp:attachment":[{"href":"https:\/\/www.accuratereviews.com\/it\/wp-json\/wp\/v2\/media?parent=77951"}],"wp:term":[{"taxonomy":"category","embeddable":true,"href":"https:\/\/www.accuratereviews.com\/it\/wp-json\/wp\/v2\/categories?post=77951"},{"taxonomy":"post_tag","embeddable":true,"href":"https:\/\/www.accuratereviews.com\/it\/wp-json\/wp\/v2\/tags?post=77951"},{"taxonomy":"features","embeddable":true,"href":"https:\/\/www.accuratereviews.com\/it\/wp-json\/wp\/v2\/features?post=77951"}],"curies":[{"name":"wp","href":"https:\/\/api.w.org\/{rel}","templated":true}]}}