{"id":78003,"date":"2024-08-01T07:49:35","date_gmt":"2024-08-01T07:49:35","guid":{"rendered":"https:\/\/www.accuratereviews.com\/?page_id=78003"},"modified":"2024-08-01T07:54:31","modified_gmt":"2024-08-01T07:54:31","slug":"dynamics-billing-recensione","status":"publish","type":"page","link":"https:\/\/www.accuratereviews.com\/it\/programmi-per-bollette\/dynamics-billing-recensione\/","title":{"rendered":"Dynamics Billing"},"content":{"rendered":"<p><strong>Dynamics Billing<\/strong> \u00e8 una soluzione che consente la <strong>gestione dei dati<\/strong> di utilizzo, dei piani tariffari, regole di prezzo, fatturazione, pagamenti e incassi. Puoi generare report su qualsiasi elemento del sistema e utilizzare l&#8217;analisi per determinare i prezzi e la massimizzazione delle entrate. Il modulo del catalogo prodotti permette agli utenti di gestire qualsiasi tipo di servizio, contratto, piano o pacchetto, con supporto per le gerarchie di prodotti. Gli utenti possono creare un singolo piano tariffario per un raggruppamento di prodotti specifico e la fatturazione pu\u00f2 gestire automaticamente l&#8217;assegnazione dei piani tariffari a prodotti simili all&#8217;interno della gerarchia. Questa funzionalit\u00e0 \u00e8 progettata per ridurre al minimo i piani tariffari, ridurre i costi operativi, aumentare la precisione del piano e consentire promozioni di marketing e nuovi piani pi\u00f9 rapidi. I pagamenti possono essere automatizzati tramite l&#8217;integrazione con ACH, banca o gateway di pagamento online di tua scelta.<\/p>\n<h2>DYNAMICS BILLING &#8211; TUTORIAL<\/h2>\n<div id=\"fluid-wrapper-counter-1\" class=\"g1-fluid-wrapper \" style=\"width:686px;\">\n<div style=\"padding-bottom:56.268221574344%;\"><iframe loading=\"lazy\" title=\"Dynamics Billing Introduction\" width=\"686\" height=\"386\" src=\"https:\/\/www.youtube.com\/embed\/CscI1OgMER0?start=32&#038;feature=oembed&amp;wmode=transparent&amp;autohide=1&amp;autoplay=0&amp;disablekb=0&amp;fs=1&amp;loop=0&amp;enablejsapi=1&amp;rel=0&amp;controls=2&amp;showinfo=0&amp;wmode=transparent&amp;autohide=2&amp;autoplay=0&amp;disablekb=0&amp;fs=1&amp;loop=0&amp;enablejsapi=1&amp;rel=0&amp;controls=2&amp;showinfo=1\" frameborder=\"0\" allow=\"accelerometer; autoplay; clipboard-write; encrypted-media; gyroscope; picture-in-picture; web-share\" referrerpolicy=\"strict-origin-when-cross-origin\" allowfullscreen><\/iframe><\/div>\n<\/div>\n<h3>DYNAMICS BILLING &#8211; CARATTERISTICHE<\/h3>\n<ul>\n<li>Crea, archivia e modifica con facilit\u00e0 qualsiasi tipo di offerta di prodotto o servizio<\/li>\n<li>Implementa gerarchie di prodotti senza limitazioni di derivazione<\/li>\n<li>Sincronizza con il tuo catalogo prodotti esistenti<\/li>\n<li>Assegna attributi per creare fattori di addebito unici per ciascun prodotto<br \/>\nControllo dei prezzi gestito dall&#8217;utente<\/li>\n<li>Progettato per gestire tutti i modelli di prezzo: sconti su abbonamento, basati sull&#8217;utilizzo, una tantum e sul volume<\/li>\n<li>Crea gerarchie di prezzi per ciascun prodotto senza limitazioni<\/li>\n<li>Presenta opzioni di prezzo per ciascun prodotto con un numero illimitato di opzioni di addebito<\/li>\n<li>Cattura tutte le informazioni sui clienti nel modulo degli account di fatturazione<\/li>\n<li>Crea gerarchie di account per gestire rami e sottogruppi senza limitazioni di derivazione<\/li>\n<li>Visualizza riepiloghi dei clienti in un unico posto<\/li>\n<li>Pianificare la frequenza dei report<\/li>\n<li>Integrazione perfetta con applicazioni di terze parti: elaborazione dei pagamenti, GL, tassazione e altro ancora<\/li>\n<li>Tutte le informazioni di fatturazione sono centralizzate<\/li>\n<li>Integrazione del portale clienti<\/li>\n<li>Crea modelli di prezzo complessi tramite la configurazione, senza bisogno di codifica<\/li>\n<li>Interfaccia comune per tutti i tipi di utenti: marketing delle vendite, operazioni, servizio clienti<\/li>\n<li>Definire le autorizzazioni a livello di utente e gruppo<\/li>\n<li>Tieni traccia di tutte le modifiche apportate ai record all&#8217;interno del sistema per il controllo<\/li>\n<li>Ospitato in Microsoft Azure<\/li>\n<\/ul>\n<h4>LE RECENSIONI DEGLI UTENTI<\/h4>\n<p><strong>Terri&#8221;Perch\u00e9 dovresti utilizzare la fatturazione Dynamics&#8221;<\/strong><br \/>\n<strong>Commenti<\/strong>: Nel complesso sono soddisfatto del sistema e di tutti gli utenti<br \/>\n<strong>Pro<\/strong>: La facilit\u00e0 d&#8217;uso e la formazione dei dipendenti. L&#8217;aiuto di Dynamics perch\u00e9 cerchiamo sempre di cambiare con i tempi e stare al passo con le ultime novit\u00e0.<br \/>\n<strong>Contro<\/strong>: Ci sono piccoli elementi nell&#8217;applicazione e nella copia dei pagamenti durante l&#8217;impostazione dei clienti, ma sono molto migliori di altri sistemi che abbiamo esaminato<\/p>\n<p><strong>Roberto&#8221;Lo consiglierei ogni giorno&#8221;<\/strong><br \/>\n<strong>Commenti<\/strong>: L&#8217;elaborazione dei pagamenti, la fatturazione e la fatturazione a volte sono state difficili per la nostra azienda, ma una volta che abbiamo iniziato a utilizzare Dynamics Billing, l&#8217;esperienza \u00e8 stata fluida e anche i nostri dipendenti e clienti apprezzano i nostri servizi.<br \/>\n<strong>Pro<\/strong>: Le funzionalit\u00e0 sono facili da personalizzare per adattarsi alle esigenze della nostra azienda, rendendoci cos\u00ec visibili al potenziale cliente<br \/>\n<strong>Contro<\/strong>: Ha una curva di apprendimento ma una volta che sai come usarlo, \u00e8 il pi\u00f9 semplice di tutti.<\/p>\n<p><strong>Diane&#8221;Piattaforma di fatturazione robusta, personalizzabile ed espandibile&#8221;<\/strong><br \/>\n<strong>Commenti<\/strong>: Eccellente. Grande cultura aziendale, apertura alle sfide, risposta rapida ai problemi.<br \/>\n<strong>Pro<\/strong>: Facile migrazione da un altro fornitore. Questo software ci ha dato la possibilit\u00e0 di personalizzare la nostra fatturazione e differenziarci dalla concorrenza.<br \/>\n<strong>Contro<\/strong>: Sicuramente una curva di apprendimento impegnativa, ma vale la pena passare a questo prodotto.<\/p>\n","protected":false},"excerpt":{"rendered":"<p>Dynamics Billing \u00e8 una soluzione che consente la gestione dei dati di utilizzo, dei piani tariffari, regole di prezzo, fatturazione, pagamenti e incassi. Puoi generare report su qualsiasi elemento del sistema e utilizzare l&#8217;analisi per determinare i prezzi e la massimizzazione delle entrate.<\/p>\n","protected":false},"author":19,"featured_media":78004,"parent":37528,"menu_order":0,"comment_status":"open","ping_status":"closed","template":"g1_template_page_review_new.php","meta":{"_acf_changed":false,"cwp_meta_box_check":"Yes","cwp_rev_product_name":"","cwp_rev_product_image":"","wppr_links":[],"cwp_rev_price":"0.00","wppr_options":[{"name":"Usability","value":"0"},{"name":"Speed","value":"0"},{"name":"Features","value":"0"},{"name":"Support","value":"0"},{"name":"Pricing","value":"0"}],"wppr_pros":["","","","",""],"wppr_cons":["","","","",""],"_monsterinsights_skip_tracking":false,"_monsterinsights_sitenote_active":false,"_monsterinsights_sitenote_note":"","_monsterinsights_sitenote_category":0,"footnotes":""},"categories":[5020],"tags":[15181,5122,5119,5121,5124],"features":[],"class_list":{"0":"post-78003","1":"page","2":"type-page","3":"status-publish","4":"has-post-thumbnail","6":"category-programmi-per-bollette-categoria","7":"tag-dynamics-billing","8":"tag-piattaforma-per-bollette","9":"tag-programmi-per-bollette","10":"tag-software-per-bollette","11":"tag-soluzione-per-bollette"},"wppr_data":{"cwp_meta_box_check":"Yes","_wppr_review_template":"default","cwp_rev_product_image":"","cwp_image_link":"image","wppr_links":[],"cwp_rev_price":"0.00","wppr_pros":["","","","",""],"wppr_cons":["","","","",""],"wppr_rating":"0.00","wppr_options":{"1":{"name":"Usability","value":"0"},"2":{"name":"Speed","value":"0"},"3":{"name":"Features","value":"0"},"4":{"name":"Support","value":"0"},"5":{"name":"Pricing","value":"0"}},"wppr_review_type":"Product","wppr_review_custom_fields":{"additionalProperty":"","additionalType":"","aggregateRating":"","alternateName":"","audience":"","award":"","awards":"","brand":"","color":"","depth":"","description":"","disambiguatingDescription":"","gtin12":"","gtin13":"","gtin14":"","gtin8":"","height":"","identifier":"","image":"","isAccessoryOrSparePartFor":"","isConsumableFor":"","isRelatedTo":"","isSimilarTo":"","itemCondition":"","logo":"","mainEntityOfPage":"","manufacturer":"","material":"","model":"","mpn":"","name":"","offers":"","potentialAction":"","productID":"","productionDate":"","purchaseDate":"","releaseDate":"","review":"","reviews":"","sameAs":"","sku":"","slogan":"","subjectOf":"","url":"","weight":"","width":""}},"acf":[],"yoast_head":"<!-- This site is optimized with the Yoast SEO plugin v27.4 - https:\/\/yoast.com\/product\/yoast-seo-wordpress\/ -->\n<title>Dynamics Billing: recensione programmi per bollette - Accurate Reviews<\/title>\n<meta name=\"description\" content=\"Dynamics Billing: recensione soluzione che consente la gestione dei dati di utilizzo, dei piani tariffari, regole di prezzo e fatturazione.\" \/>\n<meta name=\"robots\" content=\"index, follow, max-snippet:-1, max-image-preview:large, max-video-preview:-1\" \/>\n<link rel=\"canonical\" href=\"https:\/\/www.accuratereviews.com\/it\/programmi-per-bollette\/dynamics-billing-recensione\/\" \/>\n<meta property=\"og:locale\" content=\"it_IT\" \/>\n<meta property=\"og:type\" content=\"article\" \/>\n<meta property=\"og:title\" content=\"Dynamics Billing: recensione programmi per bollette - Accurate Reviews\" \/>\n<meta property=\"og:description\" content=\"Dynamics Billing: recensione soluzione che consente la gestione dei dati di utilizzo, dei piani tariffari, regole di prezzo e fatturazione.\" \/>\n<meta property=\"og:url\" content=\"https:\/\/www.accuratereviews.com\/it\/programmi-per-bollette\/dynamics-billing-recensione\/\" \/>\n<meta property=\"og:site_name\" content=\"Accurate Reviews\" \/>\n<meta property=\"article:modified_time\" content=\"2024-08-01T07:54:31+00:00\" \/>\n<meta property=\"og:image\" content=\"https:\/\/www.accuratereviews.com\/wp-content\/uploads\/2024\/07\/omniware_logo.jpeg\" \/>\n\t<meta property=\"og:image:width\" content=\"200\" \/>\n\t<meta property=\"og:image:height\" content=\"200\" \/>\n\t<meta property=\"og:image:type\" content=\"image\/jpeg\" \/>\n<meta name=\"twitter:card\" content=\"summary_large_image\" \/>\n<meta name=\"twitter:label1\" content=\"Tempo di lettura stimato\" \/>\n\t<meta name=\"twitter:data1\" content=\"4 minuti\" \/>\n<script type=\"application\/ld+json\" class=\"yoast-schema-graph\">{\"@context\":\"https:\\\/\\\/schema.org\",\"@graph\":[{\"@type\":\"WebPage\",\"@id\":\"https:\\\/\\\/www.accuratereviews.com\\\/it\\\/programmi-per-bollette\\\/dynamics-billing-recensione\\\/\",\"url\":\"https:\\\/\\\/www.accuratereviews.com\\\/it\\\/programmi-per-bollette\\\/dynamics-billing-recensione\\\/\",\"name\":\"Dynamics Billing: recensione programmi per bollette - Accurate Reviews\",\"isPartOf\":{\"@id\":\"https:\\\/\\\/www.accuratereviews.com\\\/it\\\/#website\"},\"primaryImageOfPage\":{\"@id\":\"https:\\\/\\\/www.accuratereviews.com\\\/it\\\/programmi-per-bollette\\\/dynamics-billing-recensione\\\/#primaryimage\"},\"image\":{\"@id\":\"https:\\\/\\\/www.accuratereviews.com\\\/it\\\/programmi-per-bollette\\\/dynamics-billing-recensione\\\/#primaryimage\"},\"thumbnailUrl\":\"https:\\\/\\\/www.accuratereviews.com\\\/wp-content\\\/uploads\\\/2024\\\/07\\\/omniware_logo.jpeg\",\"datePublished\":\"2024-08-01T07:49:35+00:00\",\"dateModified\":\"2024-08-01T07:54:31+00:00\",\"description\":\"Dynamics Billing: recensione soluzione che consente la gestione dei dati di utilizzo, dei piani tariffari, regole di prezzo e fatturazione.\",\"breadcrumb\":{\"@id\":\"https:\\\/\\\/www.accuratereviews.com\\\/it\\\/programmi-per-bollette\\\/dynamics-billing-recensione\\\/#breadcrumb\"},\"inLanguage\":\"it-IT\",\"potentialAction\":[{\"@type\":\"ReadAction\",\"target\":[\"https:\\\/\\\/www.accuratereviews.com\\\/it\\\/programmi-per-bollette\\\/dynamics-billing-recensione\\\/\"]}]},{\"@type\":\"ImageObject\",\"inLanguage\":\"it-IT\",\"@id\":\"https:\\\/\\\/www.accuratereviews.com\\\/it\\\/programmi-per-bollette\\\/dynamics-billing-recensione\\\/#primaryimage\",\"url\":\"https:\\\/\\\/www.accuratereviews.com\\\/wp-content\\\/uploads\\\/2024\\\/07\\\/omniware_logo.jpeg\",\"contentUrl\":\"https:\\\/\\\/www.accuratereviews.com\\\/wp-content\\\/uploads\\\/2024\\\/07\\\/omniware_logo.jpeg\",\"width\":200,\"height\":200},{\"@type\":\"BreadcrumbList\",\"@id\":\"https:\\\/\\\/www.accuratereviews.com\\\/it\\\/programmi-per-bollette\\\/dynamics-billing-recensione\\\/#breadcrumb\",\"itemListElement\":[{\"@type\":\"ListItem\",\"position\":1,\"name\":\"Home\",\"item\":\"https:\\\/\\\/www.accuratereviews.com\\\/it\\\/\"},{\"@type\":\"ListItem\",\"position\":2,\"name\":\"Programmi per bollette\",\"item\":\"https:\\\/\\\/www.accuratereviews.com\\\/it\\\/programmi-per-bollette\\\/\"},{\"@type\":\"ListItem\",\"position\":3,\"name\":\"Dynamics Billing\"}]},{\"@type\":\"WebSite\",\"@id\":\"https:\\\/\\\/www.accuratereviews.com\\\/it\\\/#website\",\"url\":\"https:\\\/\\\/www.accuratereviews.com\\\/it\\\/\",\"name\":\"Accurate Reviews\",\"description\":\"\",\"potentialAction\":[{\"@type\":\"SearchAction\",\"target\":{\"@type\":\"EntryPoint\",\"urlTemplate\":\"https:\\\/\\\/www.accuratereviews.com\\\/it\\\/?s={search_term_string}\"},\"query-input\":{\"@type\":\"PropertyValueSpecification\",\"valueRequired\":true,\"valueName\":\"search_term_string\"}}],\"inLanguage\":\"it-IT\"}]}<\/script>\n<!-- \/ Yoast SEO plugin. -->","yoast_head_json":{"title":"Dynamics Billing: recensione programmi per bollette - Accurate Reviews","description":"Dynamics Billing: recensione soluzione che consente la gestione dei dati di utilizzo, dei piani tariffari, regole di prezzo e fatturazione.","robots":{"index":"index","follow":"follow","max-snippet":"max-snippet:-1","max-image-preview":"max-image-preview:large","max-video-preview":"max-video-preview:-1"},"canonical":"https:\/\/www.accuratereviews.com\/it\/programmi-per-bollette\/dynamics-billing-recensione\/","og_locale":"it_IT","og_type":"article","og_title":"Dynamics Billing: recensione programmi per bollette - Accurate Reviews","og_description":"Dynamics Billing: recensione soluzione che consente la gestione dei dati di utilizzo, dei piani tariffari, regole di prezzo e fatturazione.","og_url":"https:\/\/www.accuratereviews.com\/it\/programmi-per-bollette\/dynamics-billing-recensione\/","og_site_name":"Accurate Reviews","article_modified_time":"2024-08-01T07:54:31+00:00","og_image":[{"width":200,"height":200,"url":"https:\/\/www.accuratereviews.com\/wp-content\/uploads\/2024\/07\/omniware_logo.jpeg","type":"image\/jpeg"}],"twitter_card":"summary_large_image","twitter_misc":{"Tempo di lettura stimato":"4 minuti"},"schema":{"@context":"https:\/\/schema.org","@graph":[{"@type":"WebPage","@id":"https:\/\/www.accuratereviews.com\/it\/programmi-per-bollette\/dynamics-billing-recensione\/","url":"https:\/\/www.accuratereviews.com\/it\/programmi-per-bollette\/dynamics-billing-recensione\/","name":"Dynamics Billing: recensione programmi per bollette - Accurate Reviews","isPartOf":{"@id":"https:\/\/www.accuratereviews.com\/it\/#website"},"primaryImageOfPage":{"@id":"https:\/\/www.accuratereviews.com\/it\/programmi-per-bollette\/dynamics-billing-recensione\/#primaryimage"},"image":{"@id":"https:\/\/www.accuratereviews.com\/it\/programmi-per-bollette\/dynamics-billing-recensione\/#primaryimage"},"thumbnailUrl":"https:\/\/www.accuratereviews.com\/wp-content\/uploads\/2024\/07\/omniware_logo.jpeg","datePublished":"2024-08-01T07:49:35+00:00","dateModified":"2024-08-01T07:54:31+00:00","description":"Dynamics Billing: recensione soluzione che consente la gestione dei dati di utilizzo, dei piani tariffari, regole di prezzo e fatturazione.","breadcrumb":{"@id":"https:\/\/www.accuratereviews.com\/it\/programmi-per-bollette\/dynamics-billing-recensione\/#breadcrumb"},"inLanguage":"it-IT","potentialAction":[{"@type":"ReadAction","target":["https:\/\/www.accuratereviews.com\/it\/programmi-per-bollette\/dynamics-billing-recensione\/"]}]},{"@type":"ImageObject","inLanguage":"it-IT","@id":"https:\/\/www.accuratereviews.com\/it\/programmi-per-bollette\/dynamics-billing-recensione\/#primaryimage","url":"https:\/\/www.accuratereviews.com\/wp-content\/uploads\/2024\/07\/omniware_logo.jpeg","contentUrl":"https:\/\/www.accuratereviews.com\/wp-content\/uploads\/2024\/07\/omniware_logo.jpeg","width":200,"height":200},{"@type":"BreadcrumbList","@id":"https:\/\/www.accuratereviews.com\/it\/programmi-per-bollette\/dynamics-billing-recensione\/#breadcrumb","itemListElement":[{"@type":"ListItem","position":1,"name":"Home","item":"https:\/\/www.accuratereviews.com\/it\/"},{"@type":"ListItem","position":2,"name":"Programmi per bollette","item":"https:\/\/www.accuratereviews.com\/it\/programmi-per-bollette\/"},{"@type":"ListItem","position":3,"name":"Dynamics Billing"}]},{"@type":"WebSite","@id":"https:\/\/www.accuratereviews.com\/it\/#website","url":"https:\/\/www.accuratereviews.com\/it\/","name":"Accurate Reviews","description":"","potentialAction":[{"@type":"SearchAction","target":{"@type":"EntryPoint","urlTemplate":"https:\/\/www.accuratereviews.com\/it\/?s={search_term_string}"},"query-input":{"@type":"PropertyValueSpecification","valueRequired":true,"valueName":"search_term_string"}}],"inLanguage":"it-IT"}]}},"_links":{"self":[{"href":"https:\/\/www.accuratereviews.com\/it\/wp-json\/wp\/v2\/pages\/78003","targetHints":{"allow":["GET"]}}],"collection":[{"href":"https:\/\/www.accuratereviews.com\/it\/wp-json\/wp\/v2\/pages"}],"about":[{"href":"https:\/\/www.accuratereviews.com\/it\/wp-json\/wp\/v2\/types\/page"}],"author":[{"embeddable":true,"href":"https:\/\/www.accuratereviews.com\/it\/wp-json\/wp\/v2\/users\/19"}],"replies":[{"embeddable":true,"href":"https:\/\/www.accuratereviews.com\/it\/wp-json\/wp\/v2\/comments?post=78003"}],"version-history":[{"count":9,"href":"https:\/\/www.accuratereviews.com\/it\/wp-json\/wp\/v2\/pages\/78003\/revisions"}],"predecessor-version":[{"id":78164,"href":"https:\/\/www.accuratereviews.com\/it\/wp-json\/wp\/v2\/pages\/78003\/revisions\/78164"}],"up":[{"embeddable":true,"href":"https:\/\/www.accuratereviews.com\/it\/wp-json\/wp\/v2\/pages\/37528"}],"wp:featuredmedia":[{"embeddable":true,"href":"https:\/\/www.accuratereviews.com\/it\/wp-json\/wp\/v2\/media\/78004"}],"wp:attachment":[{"href":"https:\/\/www.accuratereviews.com\/it\/wp-json\/wp\/v2\/media?parent=78003"}],"wp:term":[{"taxonomy":"category","embeddable":true,"href":"https:\/\/www.accuratereviews.com\/it\/wp-json\/wp\/v2\/categories?post=78003"},{"taxonomy":"post_tag","embeddable":true,"href":"https:\/\/www.accuratereviews.com\/it\/wp-json\/wp\/v2\/tags?post=78003"},{"taxonomy":"features","embeddable":true,"href":"https:\/\/www.accuratereviews.com\/it\/wp-json\/wp\/v2\/features?post=78003"}],"curies":[{"name":"wp","href":"https:\/\/api.w.org\/{rel}","templated":true}]}}