{"id":78056,"date":"2024-07-26T14:41:55","date_gmt":"2024-07-26T14:41:55","guid":{"rendered":"https:\/\/www.accuratereviews.com\/?page_id=78056"},"modified":"2024-08-01T08:29:18","modified_gmt":"2024-08-01T08:29:18","slug":"safehr-recensione","status":"publish","type":"page","link":"https:\/\/www.accuratereviews.com\/it\/programmi-buste-paga\/safehr-recensione\/","title":{"rendered":"SafeHR"},"content":{"rendered":"<p><strong>SafeHR<\/strong> \u00e8 una <strong>soluzione per le buste paga<\/strong> che rimuove gli attriti dalla gestione quotidiana della tua attivit\u00e0. Ecco perch\u00e9 la piattaforma si concentra su un self-service di facile utilizzo delle attivit\u00e0 chiave delle risorse umane come la gestione delle ferie, delle assenze e del tempo, le buste paga\/spese e l&#8217;inserimento\/sviluppo del personale. Queste funzionalit\u00e0 fanno risparmiare tempo a te e al tuo team ogni settimana sull&#8217;amministrazione delle risorse umane e sono supportate da potenti funzionalit\u00e0 di reporting e misure di sicurezza complete che mantengono al sicuro i dati dei tuoi dipendenti.<\/p>\n<h2>SAFEHR &#8211; TUTORIAL<\/h2>\n<div id=\"fluid-wrapper-counter-1\" class=\"g1-fluid-wrapper \" style=\"width:686px;\">\n<div style=\"padding-bottom:56.268221574344%;\"><iframe loading=\"lazy\" title=\"citrus HR Demo Jan 23\" src=\"https:\/\/player.vimeo.com\/video\/787644558?dnt=1&amp;app_id=122963?title=0&amp;byline=0&amp;portrait=0\" width=\"686\" height=\"386\" frameborder=\"0\" allow=\"autoplay; fullscreen; picture-in-picture; clipboard-write\"><\/iframe><\/div>\n<\/div>\n<h3>SAFEHR &#8211; CARATTERISTICHE<\/h3>\n<ul>\n<li>Gestisci le buste paga in meno di cinque minuti<\/li>\n<li>Previeni gli errori<\/li>\n<li>Invia automaticamente buste paga online sicure<\/li>\n<li>Genera il tuo registro delle buste paga in pochi secondi e sincronizzalo con il tuo software di contabilit\u00e0<\/li>\n<li>Non \u00e8 pi\u00f9 necessario raccogliere e immettere manualmente i dati<\/li>\n<li>Elabora i P11D in modo rapido e semplice<\/li>\n<li>Mantieni sincronizzati i registri delle buste paga e delle risorse umane<\/li>\n<li>Assegna facilmente il personale ai centri di costo<\/li>\n<li>Integrazione perfetta con Xero e QuickBooks Online<\/li>\n<li>Utilizza le guide per fare le cose per bene al primo tentativo, che si tratti di buste paga o di inviare dati al tuo fornitore<\/li>\n<li>Ottieni informazioni sul profilo dal software SafeHR per un rapido calcolo delle buste paga<\/li>\n<li>Calcola stipendi, ferie e indennit\u00e0 di ferie part-time<\/li>\n<li>Invia i report richiesti all&#8217;HMRC all&#8217;interno del software<\/li>\n<li>Genera buste paga e pubblicale sui profili<\/li>\n<li>Ottieni supporto P11D e genera P45 e P60<\/li>\n<li>Importazione in blocco di ore lavorate, dati su buste paga e pensioni<\/li>\n<li>Visualizza tutte le tue posizioni vacanti su un&#8217;unica dashboard<\/li>\n<li>Esamina CV, lettere di presentazione e candidature con un clic<\/li>\n<li>Attiva e disattiva facilmente gli annunci di lavoro in base alle tue esigenze di reclutamento<\/li>\n<li>Applica sezioni predefinite come &#8220;Chi siamo&#8221; a pi\u00f9 annunci di lavoro<\/li>\n<li>Conserva i dettagli delle posizioni vacanti e le candidature in un unico posto<\/li>\n<li>Trascina e rilascia i candidati in diverse fasi di reclutamento<\/li>\n<li>Adatta le domande di selezione a ogni ruolo<\/li>\n<li>Salva note sui candidati e sui colloqui<\/li>\n<li>Collabora con il tuo team all&#8217;interno del software<\/li>\n<li>Invia messaggi direttamente ai candidati<\/li>\n<li>Condividi gli annunci di lavoro sui social media e Indeed<\/li>\n<li>Tieni una banca dati di candidati per quando si presentano nuovi ruoli<\/li>\n<li>Inserisci i candidati di successo direttamente nel tuo software HR<\/li>\n<li>Una visualizzazione immediata delle informazioni chiave sui dipendenti della tua azienda.<\/li>\n<li>Accedi a tutte le informazioni necessarie per gestire le buste paga ed esportarle in CSV.<\/li>\n<li>Visualizza un organigramma semplice e chiaro della tua attivit\u00e0.<\/li>\n<li>Combina i campi dati per creare potenti report personalizzati. Fornisce una panoramica di dove viene impiegato il tempo del tuo team.<\/li>\n<li>Traccia le assenze del personale, con Bradford Factor incluso.<\/li>\n<\/ul>\n<h4>LE RECENSIONI DEGLI UTENTI<\/h4>\n<p><strong>Sheila &#8220;Servizio brillante&#8221;<\/strong><br \/>\n<strong>Commenti<\/strong>: Adoro usare la soluzione. Lo uso principalmente per il supporto delle risorse umane e sono sempre stupito dalla conoscenza e dall&#8217;aiuto forniti.<br \/>\n<strong>Pro<\/strong>: L\u2019ampio supporto da parte del team \u00e8 eccellente.<br \/>\n<strong>Contro<\/strong>: Penso che sarebbe fantastico avere un pulsante di ricerca.<\/p>\n<p><strong>Peter &#8220;Valutazione delle risorse umane&#8221;<\/strong><br \/>\n<strong>Commenti<\/strong>: Ottimi consigli su questioni complesse relative alle risorse umane. Documentazione completa sulle risorse umane<br \/>\n<strong>Pro<\/strong>: Il sistema \u00e8 completo e generalmente facile da seguire. Il supporto \u00e8 eccezionale<br \/>\n<strong>Contro<\/strong>: Inizialmente l\u2019accesso alle diverse funzionalit\u00e0 non sembrava intuitivo, ma la logica risulta presto evidente.<\/p>\n<p><strong>Helene &#8220;Ottimo supporto delle risorse umane&#8221;<\/strong><br \/>\n<strong>Commenti<\/strong>: Facile da usare e salvavita in situazioni difficili.<br \/>\n<strong>Pro<\/strong>: Consulenti molto disponibili che ti supporteranno passo dopo passo in situazioni difficili. Sono proattivi e si offriranno di inviarti modelli senza che tu lo chieda.<br \/>\n<strong>Contro<\/strong>: La funzione di ricerca. Potresti non trovare quello che stai cercando, ma invia una breve e-mail all&#8217;help desk e riceverai una guida passo passo su come eseguire le operazioni nel software.<\/p>\n","protected":false},"excerpt":{"rendered":"<p>SafeHR \u00e8 una soluzione per le buste paga che rimuove le difficolt\u00e0 dalla gestione quotidiana della tua attivit\u00e0. Ecco perch\u00e9 la piattaforma si concentra su un self-service di facile utilizzo delle attivit\u00e0 chiave delle risorse umane come la gestione delle ferie, delle assenze e del tempo, le buste paga\/spese e l&#8217;inserimento\/sviluppo del personale.<\/p>\n","protected":false},"author":19,"featured_media":78058,"parent":38170,"menu_order":0,"comment_status":"open","ping_status":"closed","template":"g1_template_page_review_new.php","meta":{"_acf_changed":false,"cwp_meta_box_check":"Yes","cwp_rev_product_name":"","cwp_rev_product_image":"","wppr_links":[],"cwp_rev_price":"0.00","wppr_options":[{"name":"Usability","value":"0"},{"name":"Speed","value":"0"},{"name":"Features","value":"0"},{"name":"Support","value":"0"},{"name":"Pricing","value":"0"}],"wppr_pros":["","","","",""],"wppr_cons":["","","","",""],"_monsterinsights_skip_tracking":false,"_monsterinsights_sitenote_active":false,"_monsterinsights_sitenote_note":"","_monsterinsights_sitenote_category":0,"footnotes":""},"categories":[5273],"tags":[4499,5363,5289,15188,5288,5287],"features":[],"class_list":{"0":"post-78056","1":"page","2":"type-page","3":"status-publish","4":"has-post-thumbnail","6":"category-programmi-buste-paga-categoria","7":"tag-buste-paga","8":"tag-piattaforma-busta-paga","9":"tag-programma-buste-paga","10":"tag-safehr","11":"tag-software-buste-paga","12":"tag-soluzione-buste-paga"},"wppr_data":{"cwp_meta_box_check":"Yes","_wppr_review_template":"default","cwp_rev_product_image":"","cwp_image_link":"image","wppr_links":[],"cwp_rev_price":"0.00","wppr_pros":["","","","",""],"wppr_cons":["","","","",""],"wppr_rating":"0.00","wppr_options":{"1":{"name":"Usability","value":"0"},"2":{"name":"Speed","value":"0"},"3":{"name":"Features","value":"0"},"4":{"name":"Support","value":"0"},"5":{"name":"Pricing","value":"0"}},"wppr_review_type":"Product","wppr_review_custom_fields":{"additionalProperty":"","additionalType":"","aggregateRating":"","alternateName":"","audience":"","award":"","awards":"","brand":"","color":"","depth":"","description":"","disambiguatingDescription":"","gtin12":"","gtin13":"","gtin14":"","gtin8":"","height":"","identifier":"","image":"","isAccessoryOrSparePartFor":"","isConsumableFor":"","isRelatedTo":"","isSimilarTo":"","itemCondition":"","logo":"","mainEntityOfPage":"","manufacturer":"","material":"","model":"","mpn":"","name":"","offers":"","potentialAction":"","productID":"","productionDate":"","purchaseDate":"","releaseDate":"","review":"","reviews":"","sameAs":"","sku":"","slogan":"","subjectOf":"","url":"","weight":"","width":""}},"acf":[],"yoast_head":"<!-- This site is optimized with the Yoast SEO plugin v27.4 - https:\/\/yoast.com\/product\/yoast-seo-wordpress\/ -->\n<title>SafeHR: recensione programma per buste paga - Accurate Reviews<\/title>\n<meta name=\"description\" content=\"SafeHR: recensione soluzione per le buste paga che rimuove le difficolt\u00e0 dalla gestione quotidiana della tua attivit\u00e0.\" \/>\n<meta name=\"robots\" content=\"index, follow, max-snippet:-1, max-image-preview:large, max-video-preview:-1\" \/>\n<link rel=\"canonical\" href=\"https:\/\/www.accuratereviews.com\/it\/programmi-buste-paga\/safehr-recensione\/\" \/>\n<meta property=\"og:locale\" content=\"it_IT\" \/>\n<meta property=\"og:type\" content=\"article\" \/>\n<meta property=\"og:title\" content=\"SafeHR: recensione programma per buste paga - Accurate Reviews\" \/>\n<meta property=\"og:description\" content=\"SafeHR: recensione soluzione per le buste paga che rimuove le difficolt\u00e0 dalla gestione quotidiana della tua attivit\u00e0.\" \/>\n<meta property=\"og:url\" content=\"https:\/\/www.accuratereviews.com\/it\/programmi-buste-paga\/safehr-recensione\/\" \/>\n<meta property=\"og:site_name\" content=\"Accurate Reviews\" \/>\n<meta property=\"article:modified_time\" content=\"2024-08-01T08:29:18+00:00\" \/>\n<meta property=\"og:image\" content=\"https:\/\/www.accuratereviews.com\/wp-content\/uploads\/2024\/07\/safeHR.webp\" \/>\n\t<meta property=\"og:image:width\" content=\"659\" \/>\n\t<meta property=\"og:image:height\" content=\"219\" \/>\n\t<meta property=\"og:image:type\" content=\"image\/webp\" \/>\n<meta name=\"twitter:card\" content=\"summary_large_image\" \/>\n<meta name=\"twitter:label1\" content=\"Tempo di lettura stimato\" \/>\n\t<meta name=\"twitter:data1\" content=\"5 minuti\" \/>\n<script type=\"application\/ld+json\" class=\"yoast-schema-graph\">{\"@context\":\"https:\\\/\\\/schema.org\",\"@graph\":[{\"@type\":\"WebPage\",\"@id\":\"https:\\\/\\\/www.accuratereviews.com\\\/it\\\/programmi-buste-paga\\\/safehr-recensione\\\/\",\"url\":\"https:\\\/\\\/www.accuratereviews.com\\\/it\\\/programmi-buste-paga\\\/safehr-recensione\\\/\",\"name\":\"SafeHR: recensione programma per buste paga - Accurate Reviews\",\"isPartOf\":{\"@id\":\"https:\\\/\\\/www.accuratereviews.com\\\/it\\\/#website\"},\"primaryImageOfPage\":{\"@id\":\"https:\\\/\\\/www.accuratereviews.com\\\/it\\\/programmi-buste-paga\\\/safehr-recensione\\\/#primaryimage\"},\"image\":{\"@id\":\"https:\\\/\\\/www.accuratereviews.com\\\/it\\\/programmi-buste-paga\\\/safehr-recensione\\\/#primaryimage\"},\"thumbnailUrl\":\"https:\\\/\\\/www.accuratereviews.com\\\/wp-content\\\/uploads\\\/2024\\\/07\\\/safeHR.webp\",\"datePublished\":\"2024-07-26T14:41:55+00:00\",\"dateModified\":\"2024-08-01T08:29:18+00:00\",\"description\":\"SafeHR: recensione soluzione per le buste paga che rimuove le difficolt\u00e0 dalla gestione quotidiana della tua attivit\u00e0.\",\"breadcrumb\":{\"@id\":\"https:\\\/\\\/www.accuratereviews.com\\\/it\\\/programmi-buste-paga\\\/safehr-recensione\\\/#breadcrumb\"},\"inLanguage\":\"it-IT\",\"potentialAction\":[{\"@type\":\"ReadAction\",\"target\":[\"https:\\\/\\\/www.accuratereviews.com\\\/it\\\/programmi-buste-paga\\\/safehr-recensione\\\/\"]}]},{\"@type\":\"ImageObject\",\"inLanguage\":\"it-IT\",\"@id\":\"https:\\\/\\\/www.accuratereviews.com\\\/it\\\/programmi-buste-paga\\\/safehr-recensione\\\/#primaryimage\",\"url\":\"https:\\\/\\\/www.accuratereviews.com\\\/wp-content\\\/uploads\\\/2024\\\/07\\\/safeHR.webp\",\"contentUrl\":\"https:\\\/\\\/www.accuratereviews.com\\\/wp-content\\\/uploads\\\/2024\\\/07\\\/safeHR.webp\",\"width\":659,\"height\":219},{\"@type\":\"BreadcrumbList\",\"@id\":\"https:\\\/\\\/www.accuratereviews.com\\\/it\\\/programmi-buste-paga\\\/safehr-recensione\\\/#breadcrumb\",\"itemListElement\":[{\"@type\":\"ListItem\",\"position\":1,\"name\":\"Home\",\"item\":\"https:\\\/\\\/www.accuratereviews.com\\\/it\\\/\"},{\"@type\":\"ListItem\",\"position\":2,\"name\":\"Programmi per buste paga\",\"item\":\"https:\\\/\\\/www.accuratereviews.com\\\/it\\\/programmi-buste-paga\\\/\"},{\"@type\":\"ListItem\",\"position\":3,\"name\":\"SafeHR\"}]},{\"@type\":\"WebSite\",\"@id\":\"https:\\\/\\\/www.accuratereviews.com\\\/it\\\/#website\",\"url\":\"https:\\\/\\\/www.accuratereviews.com\\\/it\\\/\",\"name\":\"Accurate Reviews\",\"description\":\"\",\"potentialAction\":[{\"@type\":\"SearchAction\",\"target\":{\"@type\":\"EntryPoint\",\"urlTemplate\":\"https:\\\/\\\/www.accuratereviews.com\\\/it\\\/?s={search_term_string}\"},\"query-input\":{\"@type\":\"PropertyValueSpecification\",\"valueRequired\":true,\"valueName\":\"search_term_string\"}}],\"inLanguage\":\"it-IT\"}]}<\/script>\n<!-- \/ Yoast SEO plugin. -->","yoast_head_json":{"title":"SafeHR: recensione programma per buste paga - Accurate Reviews","description":"SafeHR: recensione soluzione per le buste paga che rimuove le difficolt\u00e0 dalla gestione quotidiana della tua attivit\u00e0.","robots":{"index":"index","follow":"follow","max-snippet":"max-snippet:-1","max-image-preview":"max-image-preview:large","max-video-preview":"max-video-preview:-1"},"canonical":"https:\/\/www.accuratereviews.com\/it\/programmi-buste-paga\/safehr-recensione\/","og_locale":"it_IT","og_type":"article","og_title":"SafeHR: recensione programma per buste paga - Accurate Reviews","og_description":"SafeHR: recensione soluzione per le buste paga che rimuove le difficolt\u00e0 dalla gestione quotidiana della tua attivit\u00e0.","og_url":"https:\/\/www.accuratereviews.com\/it\/programmi-buste-paga\/safehr-recensione\/","og_site_name":"Accurate Reviews","article_modified_time":"2024-08-01T08:29:18+00:00","og_image":[{"width":659,"height":219,"url":"https:\/\/www.accuratereviews.com\/wp-content\/uploads\/2024\/07\/safeHR.webp","type":"image\/webp"}],"twitter_card":"summary_large_image","twitter_misc":{"Tempo di lettura stimato":"5 minuti"},"schema":{"@context":"https:\/\/schema.org","@graph":[{"@type":"WebPage","@id":"https:\/\/www.accuratereviews.com\/it\/programmi-buste-paga\/safehr-recensione\/","url":"https:\/\/www.accuratereviews.com\/it\/programmi-buste-paga\/safehr-recensione\/","name":"SafeHR: recensione programma per buste paga - Accurate Reviews","isPartOf":{"@id":"https:\/\/www.accuratereviews.com\/it\/#website"},"primaryImageOfPage":{"@id":"https:\/\/www.accuratereviews.com\/it\/programmi-buste-paga\/safehr-recensione\/#primaryimage"},"image":{"@id":"https:\/\/www.accuratereviews.com\/it\/programmi-buste-paga\/safehr-recensione\/#primaryimage"},"thumbnailUrl":"https:\/\/www.accuratereviews.com\/wp-content\/uploads\/2024\/07\/safeHR.webp","datePublished":"2024-07-26T14:41:55+00:00","dateModified":"2024-08-01T08:29:18+00:00","description":"SafeHR: recensione soluzione per le buste paga che rimuove le difficolt\u00e0 dalla gestione quotidiana della tua attivit\u00e0.","breadcrumb":{"@id":"https:\/\/www.accuratereviews.com\/it\/programmi-buste-paga\/safehr-recensione\/#breadcrumb"},"inLanguage":"it-IT","potentialAction":[{"@type":"ReadAction","target":["https:\/\/www.accuratereviews.com\/it\/programmi-buste-paga\/safehr-recensione\/"]}]},{"@type":"ImageObject","inLanguage":"it-IT","@id":"https:\/\/www.accuratereviews.com\/it\/programmi-buste-paga\/safehr-recensione\/#primaryimage","url":"https:\/\/www.accuratereviews.com\/wp-content\/uploads\/2024\/07\/safeHR.webp","contentUrl":"https:\/\/www.accuratereviews.com\/wp-content\/uploads\/2024\/07\/safeHR.webp","width":659,"height":219},{"@type":"BreadcrumbList","@id":"https:\/\/www.accuratereviews.com\/it\/programmi-buste-paga\/safehr-recensione\/#breadcrumb","itemListElement":[{"@type":"ListItem","position":1,"name":"Home","item":"https:\/\/www.accuratereviews.com\/it\/"},{"@type":"ListItem","position":2,"name":"Programmi per buste paga","item":"https:\/\/www.accuratereviews.com\/it\/programmi-buste-paga\/"},{"@type":"ListItem","position":3,"name":"SafeHR"}]},{"@type":"WebSite","@id":"https:\/\/www.accuratereviews.com\/it\/#website","url":"https:\/\/www.accuratereviews.com\/it\/","name":"Accurate Reviews","description":"","potentialAction":[{"@type":"SearchAction","target":{"@type":"EntryPoint","urlTemplate":"https:\/\/www.accuratereviews.com\/it\/?s={search_term_string}"},"query-input":{"@type":"PropertyValueSpecification","valueRequired":true,"valueName":"search_term_string"}}],"inLanguage":"it-IT"}]}},"_links":{"self":[{"href":"https:\/\/www.accuratereviews.com\/it\/wp-json\/wp\/v2\/pages\/78056","targetHints":{"allow":["GET"]}}],"collection":[{"href":"https:\/\/www.accuratereviews.com\/it\/wp-json\/wp\/v2\/pages"}],"about":[{"href":"https:\/\/www.accuratereviews.com\/it\/wp-json\/wp\/v2\/types\/page"}],"author":[{"embeddable":true,"href":"https:\/\/www.accuratereviews.com\/it\/wp-json\/wp\/v2\/users\/19"}],"replies":[{"embeddable":true,"href":"https:\/\/www.accuratereviews.com\/it\/wp-json\/wp\/v2\/comments?post=78056"}],"version-history":[{"count":11,"href":"https:\/\/www.accuratereviews.com\/it\/wp-json\/wp\/v2\/pages\/78056\/revisions"}],"predecessor-version":[{"id":78181,"href":"https:\/\/www.accuratereviews.com\/it\/wp-json\/wp\/v2\/pages\/78056\/revisions\/78181"}],"up":[{"embeddable":true,"href":"https:\/\/www.accuratereviews.com\/it\/wp-json\/wp\/v2\/pages\/38170"}],"wp:featuredmedia":[{"embeddable":true,"href":"https:\/\/www.accuratereviews.com\/it\/wp-json\/wp\/v2\/media\/78058"}],"wp:attachment":[{"href":"https:\/\/www.accuratereviews.com\/it\/wp-json\/wp\/v2\/media?parent=78056"}],"wp:term":[{"taxonomy":"category","embeddable":true,"href":"https:\/\/www.accuratereviews.com\/it\/wp-json\/wp\/v2\/categories?post=78056"},{"taxonomy":"post_tag","embeddable":true,"href":"https:\/\/www.accuratereviews.com\/it\/wp-json\/wp\/v2\/tags?post=78056"},{"taxonomy":"features","embeddable":true,"href":"https:\/\/www.accuratereviews.com\/it\/wp-json\/wp\/v2\/features?post=78056"}],"curies":[{"name":"wp","href":"https:\/\/api.w.org\/{rel}","templated":true}]}}