{"id":78099,"date":"2024-07-30T15:47:24","date_gmt":"2024-07-30T15:47:24","guid":{"rendered":"https:\/\/www.accuratereviews.com\/?page_id=78099"},"modified":"2024-07-31T11:26:31","modified_gmt":"2024-07-31T11:26:31","slug":"fingercheck-recensione","status":"publish","type":"page","link":"https:\/\/www.accuratereviews.com\/it\/programmi-buste-paga\/fingercheck-recensione\/","title":{"rendered":"Fingercheck"},"content":{"rendered":"<p><strong>Fingercheck<\/strong> \u00e8 una <strong>piattaforma di gestione delle risorse umane (HR)<\/strong> che aiuta le aziende a gestire le buste paga, i benefit o l&#8217;assicurazione dei dipendenti e a semplificare l&#8217;intero ciclo di vita del reclutamento, dal monitoraggio dei candidati all&#8217;inserimento. I manager possono monitorare le presenze e le ore di lavoro dei dipendenti utilizzando orologi marcatempo, <strong>impronte digitali biometriche,<\/strong> applicazioni mobili, timbrature tramite sms o web e tecnologia di riconoscimento facciale.<br \/>\nI professionisti possono utilizzare l&#8217;interfaccia drag-and-drop per creare, assegnare e condividere programmi di lavoro con i membri del team, migliorando i flussi di lavoro in tutta l&#8217;organizzazione. Le aziende possono proteggere le informazioni riservate tramite crittografia dei dati e informare i candidati sullo stato della domanda tramite email. Altre funzionalit\u00e0 del software includono la gestione dei benefit, il monitoraggio delle spese, la collaborazione, la gestione dei certificati, i rinnovi delle iscrizioni, un portale self-service, la firma elettronica e la generazione di contratti.<\/p>\n<h2>FINGERCHECK &#8211; TUTORIAL<\/h2>\n<div id=\"fluid-wrapper-counter-1\" class=\"g1-fluid-wrapper \" style=\"width:686px;\">\n<div style=\"padding-bottom:56.268221574344%;\"><iframe loading=\"lazy\" title=\"Deskless workers, boundless potential\" width=\"686\" height=\"386\" src=\"https:\/\/www.youtube.com\/embed\/yVrJzWXhTaY?feature=oembed&amp;wmode=transparent&amp;autohide=1&amp;autoplay=0&amp;disablekb=0&amp;fs=1&amp;loop=0&amp;enablejsapi=1&amp;rel=0&amp;controls=2&amp;showinfo=0&amp;wmode=transparent&amp;autohide=2&amp;autoplay=0&amp;disablekb=0&amp;fs=1&amp;loop=0&amp;enablejsapi=1&amp;rel=0&amp;controls=2&amp;showinfo=1\" frameborder=\"0\" allow=\"accelerometer; autoplay; clipboard-write; encrypted-media; gyroscope; picture-in-picture; web-share\" referrerpolicy=\"strict-origin-when-cross-origin\" allowfullscreen><\/iframe><\/div>\n<\/div>\n<h3>FINGERCHECK &#8211; CARATTERISTICHE<\/h3>\n<ul>\n<li><strong>Multi-State Payroll<\/strong>: semplifica l&#8217;elaborazione delle buste paga e i calcoli delle imposte tra stati, all&#8217;interno dello stesso ciclo di pagamento.<\/li>\n<li><strong>Conformit\u00e0 senza errori:<\/strong> utilizza la soluzione per evitare errori e garantire che la tua azienda rispetti i codici fiscali a ogni livello.<\/li>\n<li><strong>Supporto completo<\/strong>: ottieni supporto ogni volta che ne hai bisogno, supportato dalla tecnologia AI per aiutare la tua azienda a muoversi pi\u00f9 velocemente.<\/li>\n<li><strong>Maggiore flessibilit\u00e0 finanziaria<\/strong>: non dovrai pi\u00f9 aspettare le buste paga. I dipendenti possono richiedere fino al 50% dei loro stipendi guadagnati prima del giorno di paga.<\/li>\n<li><strong>Miglior benessere finanziario<\/strong>: i dipendenti ottengono un maggiore controllo finanziario. In questo modo possono evitare penali per ritardo e gestire meglio il loro flusso di cassa.<\/li>\n<li><strong>Budget semplice<\/strong>: con Pay On-Demand, i dipendenti possono creare budget migliori, pianificare le spese e prepararsi per eventi imprevisti.<\/li>\n<li><strong>Monitoraggio automatico del tempo<\/strong>: con l&#8217;integrazione diretta, puoi automatizzare il monitoraggio del tempo e ridurre il rischio di errori manuali.<\/li>\n<li><strong>Integrazione perfetta con la busta paga<\/strong>: sincronizza automaticamente i dati di monitoraggio del tempo dei dipendenti con il tuo sistema di busta paga ed evita costosi errori il giorno della paga.<\/li>\n<li><strong>Report in tempo reale<\/strong>: utilizza la nostra dashboard completa per valutare i report in tempo reale sulle presenze e sugli straordinari, in modo da poter prendere decisioni pi\u00f9 consapevoli.<\/li>\n<li><strong>Pianificazione rapida e semplice<\/strong>: crea pianificazioni, assegna e modifica le ore e trascina e rilascia i turni con il nostro intuitivo strumento di pianificazione dei dipendenti.<\/li>\n<li><strong>Recupera pi\u00f9 ore nella giornata<\/strong>: gestisci le ore del personale e approva i permessi con facilit\u00e0. Riduci costosi errori e sappi di avere sempre il personale adeguato.<\/li>\n<li><strong>Comunicazione rapida per i tuoi dipendenti:<\/strong> condividi le pianificazioni, invia promemoria e ricevi notifiche quando le pianificazioni vengono confermate da qualsiasi luogo, su qualsiasi dispositivo.<\/li>\n<li><strong>Pubblicazione di lavori semplificata<\/strong>: pubblica i ruoli aperti su pi\u00f9 bacheche di lavoro, inoltre, gestisci e monitora tutti i tuoi annunci di lavoro in un unico posto.<\/li>\n<li><strong>Onboarding senza soluzione di continuit\u00e0<\/strong>: dai ai nuovi assunti la giusta prima impressione. Dalle firme elettroniche ai video di formazione, integra i dipendenti con flussi efficienti e facili da usare.<\/li>\n<li><strong>Monitoraggio automatico dei candidati<\/strong>: gestisci facilmente la tua pipeline di candidati. Tieni traccia e comunica con i candidati, esamina i curriculum, programma colloqui e altro ancora.<\/li>\n<li><strong>Verifiche dei precedenti integrate<\/strong>: esegui e rivedi verifiche dei precedenti complete per assicurarti di assumere le persone giuste per il lavoro.<\/li>\n<li><strong>Onboarding semplificato<\/strong>: crea moduli digitali o usa modelli predefiniti, aggiungi colori e loghi del marchio e altro ancora.<\/li>\n<li><strong>Flussi di lavoro automatizzati:<\/strong> attiva attivit\u00e0 e notifiche in modo che i nuovi dipendenti possano iniziare subito.<\/li>\n<\/ul>\n<h4>LE RECENSIONI DEGLI UTENTI<\/h4>\n<p><strong>Scott &#8220;Funziona come previsto&#8221;<\/strong><br \/>\n<strong>Commenti<\/strong>: il cronometraggio accurato di un gran numero di dipendenti \u00e8 diventato semplice!<br \/>\n<strong>Pro<\/strong>: \u00c8 molto facile tenere traccia degli orari dei dipendenti con l&#8217;interfaccia utente online. Nel complesso \u00e8 stato un ottimo programma per mantenere il tempo, lo consiglio vivamente.<br \/>\n<strong>Contro<\/strong>: Occasionalmente mancano i colpi, quando sembrerebbe che l&#8217;impronta digitale sia stata letta correttamente. A parte questo ottimo programma.<\/p>\n<p><strong>Jason &#8220;Scanner per impronte digitali alto&#8221;<\/strong><br \/>\n<strong>Pro<\/strong>: Modo fantastico per accedere al telefono. Semplifica la vita e ricorda la password in modo molto pi\u00f9 semplice e sicuro<br \/>\n<strong>Contro<\/strong>: La posizione \u00e8 troppo in alto sul dispositivo e per accedere a siti come quelli bancari non \u00e8 previsto un numero massimo di tentativi prima di essere bloccati.<\/p>\n<p><strong>david &#8220;Fa il suo lavoro!&#8221;<\/strong><br \/>\n<strong>Pro<\/strong>: Fa quello che deve! Funziona su dispositivi mobili e desktop Facile da imparare!<br \/>\n<strong>Contro<\/strong>: Vorrei un layout pi\u00f9 ordinato, sembra che ci siano un po&#8217; troppe opzioni e impostazioni visibili. Creare report personalizzati non \u00e8 cos\u00ec semplice.<\/p>\n","protected":false},"excerpt":{"rendered":"<p>Fingercheck \u00e8 una piattaforma di gestione delle risorse umane (HR) che aiuta le aziende a gestire le buste paga, i benefit o l&#8217;assicurazione dei dipendenti e a semplificare l&#8217;intero ciclo di vita del reclutamento, dal monitoraggio dei candidati all&#8217;inserimento. I manager possono monitorare le presenze e le ore di lavoro dei dipendenti utilizzando orologi marcatempo, impronte digitali biometriche, applicazioni mobili, timbrature tramite sms o web.<\/p>\n","protected":false},"author":19,"featured_media":78109,"parent":38170,"menu_order":0,"comment_status":"open","ping_status":"closed","template":"g1_template_page_review_new.php","meta":{"_acf_changed":false,"cwp_meta_box_check":"No","cwp_rev_product_name":"","cwp_rev_product_image":"","wppr_links":[],"cwp_rev_price":"","wppr_options":[],"wppr_pros":[],"wppr_cons":[],"_monsterinsights_skip_tracking":false,"_monsterinsights_sitenote_active":false,"_monsterinsights_sitenote_note":"","_monsterinsights_sitenote_category":0,"footnotes":""},"categories":[5273],"tags":[4499,15185,15195,5363,5289,5288,5287],"features":[],"class_list":{"0":"post-78099","1":"page","2":"type-page","3":"status-publish","4":"has-post-thumbnail","6":"category-programmi-buste-paga-categoria","7":"tag-buste-paga","8":"tag-cedolini-paga","9":"tag-fingercheck","10":"tag-piattaforma-busta-paga","11":"tag-programma-buste-paga","12":"tag-software-buste-paga","13":"tag-soluzione-buste-paga"},"wppr_data":{"cwp_meta_box_check":"No"},"acf":[],"yoast_head":"<!-- This site is optimized with the Yoast SEO plugin v27.4 - https:\/\/yoast.com\/product\/yoast-seo-wordpress\/ -->\n<title>Fingercheck: recensione programma per buste paga - Accurate Reviews<\/title>\n<meta name=\"description\" content=\"Fingercheck: soluzione gestione delle risorse umane che aiuta le aziende a gestire le buste paga, i benefit e altro dei dipendenti.\" \/>\n<meta name=\"robots\" content=\"index, follow, max-snippet:-1, max-image-preview:large, max-video-preview:-1\" \/>\n<link rel=\"canonical\" href=\"https:\/\/www.accuratereviews.com\/it\/programmi-buste-paga\/fingercheck-recensione\/\" \/>\n<meta property=\"og:locale\" content=\"it_IT\" \/>\n<meta property=\"og:type\" content=\"article\" \/>\n<meta property=\"og:title\" content=\"Fingercheck: recensione programma per buste paga - Accurate Reviews\" \/>\n<meta property=\"og:description\" content=\"Fingercheck: soluzione gestione delle risorse umane che aiuta le aziende a gestire le buste paga, i benefit e altro dei dipendenti.\" \/>\n<meta property=\"og:url\" content=\"https:\/\/www.accuratereviews.com\/it\/programmi-buste-paga\/fingercheck-recensione\/\" \/>\n<meta property=\"og:site_name\" content=\"Accurate Reviews\" \/>\n<meta property=\"article:modified_time\" content=\"2024-07-31T11:26:31+00:00\" \/>\n<meta property=\"og:image\" content=\"https:\/\/www.accuratereviews.com\/wp-content\/uploads\/2024\/07\/Fingercheck.webp\" \/>\n\t<meta property=\"og:image:width\" content=\"200\" \/>\n\t<meta property=\"og:image:height\" content=\"200\" \/>\n\t<meta property=\"og:image:type\" content=\"image\/webp\" \/>\n<meta name=\"twitter:card\" content=\"summary_large_image\" \/>\n<meta name=\"twitter:label1\" content=\"Tempo di lettura stimato\" \/>\n\t<meta name=\"twitter:data1\" content=\"6 minuti\" \/>\n<script type=\"application\/ld+json\" class=\"yoast-schema-graph\">{\"@context\":\"https:\\\/\\\/schema.org\",\"@graph\":[{\"@type\":\"WebPage\",\"@id\":\"https:\\\/\\\/www.accuratereviews.com\\\/it\\\/programmi-buste-paga\\\/fingercheck-recensione\\\/\",\"url\":\"https:\\\/\\\/www.accuratereviews.com\\\/it\\\/programmi-buste-paga\\\/fingercheck-recensione\\\/\",\"name\":\"Fingercheck: recensione programma per buste paga - Accurate Reviews\",\"isPartOf\":{\"@id\":\"https:\\\/\\\/www.accuratereviews.com\\\/it\\\/#website\"},\"primaryImageOfPage\":{\"@id\":\"https:\\\/\\\/www.accuratereviews.com\\\/it\\\/programmi-buste-paga\\\/fingercheck-recensione\\\/#primaryimage\"},\"image\":{\"@id\":\"https:\\\/\\\/www.accuratereviews.com\\\/it\\\/programmi-buste-paga\\\/fingercheck-recensione\\\/#primaryimage\"},\"thumbnailUrl\":\"https:\\\/\\\/www.accuratereviews.com\\\/wp-content\\\/uploads\\\/2024\\\/07\\\/Fingercheck.webp\",\"datePublished\":\"2024-07-30T15:47:24+00:00\",\"dateModified\":\"2024-07-31T11:26:31+00:00\",\"description\":\"Fingercheck: soluzione gestione delle risorse umane che aiuta le aziende a gestire le buste paga, i benefit e altro dei dipendenti.\",\"breadcrumb\":{\"@id\":\"https:\\\/\\\/www.accuratereviews.com\\\/it\\\/programmi-buste-paga\\\/fingercheck-recensione\\\/#breadcrumb\"},\"inLanguage\":\"it-IT\",\"potentialAction\":[{\"@type\":\"ReadAction\",\"target\":[\"https:\\\/\\\/www.accuratereviews.com\\\/it\\\/programmi-buste-paga\\\/fingercheck-recensione\\\/\"]}]},{\"@type\":\"ImageObject\",\"inLanguage\":\"it-IT\",\"@id\":\"https:\\\/\\\/www.accuratereviews.com\\\/it\\\/programmi-buste-paga\\\/fingercheck-recensione\\\/#primaryimage\",\"url\":\"https:\\\/\\\/www.accuratereviews.com\\\/wp-content\\\/uploads\\\/2024\\\/07\\\/Fingercheck.webp\",\"contentUrl\":\"https:\\\/\\\/www.accuratereviews.com\\\/wp-content\\\/uploads\\\/2024\\\/07\\\/Fingercheck.webp\",\"width\":200,\"height\":200},{\"@type\":\"BreadcrumbList\",\"@id\":\"https:\\\/\\\/www.accuratereviews.com\\\/it\\\/programmi-buste-paga\\\/fingercheck-recensione\\\/#breadcrumb\",\"itemListElement\":[{\"@type\":\"ListItem\",\"position\":1,\"name\":\"Home\",\"item\":\"https:\\\/\\\/www.accuratereviews.com\\\/it\\\/\"},{\"@type\":\"ListItem\",\"position\":2,\"name\":\"Programmi per buste paga\",\"item\":\"https:\\\/\\\/www.accuratereviews.com\\\/it\\\/programmi-buste-paga\\\/\"},{\"@type\":\"ListItem\",\"position\":3,\"name\":\"Fingercheck\"}]},{\"@type\":\"WebSite\",\"@id\":\"https:\\\/\\\/www.accuratereviews.com\\\/it\\\/#website\",\"url\":\"https:\\\/\\\/www.accuratereviews.com\\\/it\\\/\",\"name\":\"Accurate Reviews\",\"description\":\"\",\"potentialAction\":[{\"@type\":\"SearchAction\",\"target\":{\"@type\":\"EntryPoint\",\"urlTemplate\":\"https:\\\/\\\/www.accuratereviews.com\\\/it\\\/?s={search_term_string}\"},\"query-input\":{\"@type\":\"PropertyValueSpecification\",\"valueRequired\":true,\"valueName\":\"search_term_string\"}}],\"inLanguage\":\"it-IT\"}]}<\/script>\n<!-- \/ Yoast SEO plugin. -->","yoast_head_json":{"title":"Fingercheck: recensione programma per buste paga - Accurate Reviews","description":"Fingercheck: soluzione gestione delle risorse umane che aiuta le aziende a gestire le buste paga, i benefit e altro dei dipendenti.","robots":{"index":"index","follow":"follow","max-snippet":"max-snippet:-1","max-image-preview":"max-image-preview:large","max-video-preview":"max-video-preview:-1"},"canonical":"https:\/\/www.accuratereviews.com\/it\/programmi-buste-paga\/fingercheck-recensione\/","og_locale":"it_IT","og_type":"article","og_title":"Fingercheck: recensione programma per buste paga - Accurate Reviews","og_description":"Fingercheck: soluzione gestione delle risorse umane che aiuta le aziende a gestire le buste paga, i benefit e altro dei dipendenti.","og_url":"https:\/\/www.accuratereviews.com\/it\/programmi-buste-paga\/fingercheck-recensione\/","og_site_name":"Accurate Reviews","article_modified_time":"2024-07-31T11:26:31+00:00","og_image":[{"width":200,"height":200,"url":"https:\/\/www.accuratereviews.com\/wp-content\/uploads\/2024\/07\/Fingercheck.webp","type":"image\/webp"}],"twitter_card":"summary_large_image","twitter_misc":{"Tempo di lettura stimato":"6 minuti"},"schema":{"@context":"https:\/\/schema.org","@graph":[{"@type":"WebPage","@id":"https:\/\/www.accuratereviews.com\/it\/programmi-buste-paga\/fingercheck-recensione\/","url":"https:\/\/www.accuratereviews.com\/it\/programmi-buste-paga\/fingercheck-recensione\/","name":"Fingercheck: recensione programma per buste paga - Accurate Reviews","isPartOf":{"@id":"https:\/\/www.accuratereviews.com\/it\/#website"},"primaryImageOfPage":{"@id":"https:\/\/www.accuratereviews.com\/it\/programmi-buste-paga\/fingercheck-recensione\/#primaryimage"},"image":{"@id":"https:\/\/www.accuratereviews.com\/it\/programmi-buste-paga\/fingercheck-recensione\/#primaryimage"},"thumbnailUrl":"https:\/\/www.accuratereviews.com\/wp-content\/uploads\/2024\/07\/Fingercheck.webp","datePublished":"2024-07-30T15:47:24+00:00","dateModified":"2024-07-31T11:26:31+00:00","description":"Fingercheck: soluzione gestione delle risorse umane che aiuta le aziende a gestire le buste paga, i benefit e altro dei dipendenti.","breadcrumb":{"@id":"https:\/\/www.accuratereviews.com\/it\/programmi-buste-paga\/fingercheck-recensione\/#breadcrumb"},"inLanguage":"it-IT","potentialAction":[{"@type":"ReadAction","target":["https:\/\/www.accuratereviews.com\/it\/programmi-buste-paga\/fingercheck-recensione\/"]}]},{"@type":"ImageObject","inLanguage":"it-IT","@id":"https:\/\/www.accuratereviews.com\/it\/programmi-buste-paga\/fingercheck-recensione\/#primaryimage","url":"https:\/\/www.accuratereviews.com\/wp-content\/uploads\/2024\/07\/Fingercheck.webp","contentUrl":"https:\/\/www.accuratereviews.com\/wp-content\/uploads\/2024\/07\/Fingercheck.webp","width":200,"height":200},{"@type":"BreadcrumbList","@id":"https:\/\/www.accuratereviews.com\/it\/programmi-buste-paga\/fingercheck-recensione\/#breadcrumb","itemListElement":[{"@type":"ListItem","position":1,"name":"Home","item":"https:\/\/www.accuratereviews.com\/it\/"},{"@type":"ListItem","position":2,"name":"Programmi per buste paga","item":"https:\/\/www.accuratereviews.com\/it\/programmi-buste-paga\/"},{"@type":"ListItem","position":3,"name":"Fingercheck"}]},{"@type":"WebSite","@id":"https:\/\/www.accuratereviews.com\/it\/#website","url":"https:\/\/www.accuratereviews.com\/it\/","name":"Accurate Reviews","description":"","potentialAction":[{"@type":"SearchAction","target":{"@type":"EntryPoint","urlTemplate":"https:\/\/www.accuratereviews.com\/it\/?s={search_term_string}"},"query-input":{"@type":"PropertyValueSpecification","valueRequired":true,"valueName":"search_term_string"}}],"inLanguage":"it-IT"}]}},"_links":{"self":[{"href":"https:\/\/www.accuratereviews.com\/it\/wp-json\/wp\/v2\/pages\/78099","targetHints":{"allow":["GET"]}}],"collection":[{"href":"https:\/\/www.accuratereviews.com\/it\/wp-json\/wp\/v2\/pages"}],"about":[{"href":"https:\/\/www.accuratereviews.com\/it\/wp-json\/wp\/v2\/types\/page"}],"author":[{"embeddable":true,"href":"https:\/\/www.accuratereviews.com\/it\/wp-json\/wp\/v2\/users\/19"}],"replies":[{"embeddable":true,"href":"https:\/\/www.accuratereviews.com\/it\/wp-json\/wp\/v2\/comments?post=78099"}],"version-history":[{"count":10,"href":"https:\/\/www.accuratereviews.com\/it\/wp-json\/wp\/v2\/pages\/78099\/revisions"}],"predecessor-version":[{"id":78156,"href":"https:\/\/www.accuratereviews.com\/it\/wp-json\/wp\/v2\/pages\/78099\/revisions\/78156"}],"up":[{"embeddable":true,"href":"https:\/\/www.accuratereviews.com\/it\/wp-json\/wp\/v2\/pages\/38170"}],"wp:featuredmedia":[{"embeddable":true,"href":"https:\/\/www.accuratereviews.com\/it\/wp-json\/wp\/v2\/media\/78109"}],"wp:attachment":[{"href":"https:\/\/www.accuratereviews.com\/it\/wp-json\/wp\/v2\/media?parent=78099"}],"wp:term":[{"taxonomy":"category","embeddable":true,"href":"https:\/\/www.accuratereviews.com\/it\/wp-json\/wp\/v2\/categories?post=78099"},{"taxonomy":"post_tag","embeddable":true,"href":"https:\/\/www.accuratereviews.com\/it\/wp-json\/wp\/v2\/tags?post=78099"},{"taxonomy":"features","embeddable":true,"href":"https:\/\/www.accuratereviews.com\/it\/wp-json\/wp\/v2\/features?post=78099"}],"curies":[{"name":"wp","href":"https:\/\/api.w.org\/{rel}","templated":true}]}}