{"id":78144,"date":"2024-07-31T15:45:43","date_gmt":"2024-07-31T15:45:43","guid":{"rendered":"https:\/\/www.accuratereviews.com\/?page_id=78144"},"modified":"2025-10-24T07:15:49","modified_gmt":"2025-10-24T07:15:49","slug":"everee-recensione","status":"publish","type":"page","link":"https:\/\/www.accuratereviews.com\/it\/programmi-buste-paga\/everee-recensione\/","title":{"rendered":"Everee"},"content":{"rendered":"<p><strong>Everee<\/strong> \u00e8 uno <strong>strumento di gestione delle buste paga<\/strong>, basato su <strong>cloud<\/strong>, che aiuta le aziende a semplificare i cedolini tramite monitoraggio del tempo incorporato, notifiche di problemi e approvazioni mobili. Il software consente ai manager di monitorare gli orari di entrata\/uscita dei dipendenti e approvare le ore prima che i pagamenti vengano elaborati. Consente alle aziende di tenere traccia delle presenze dei dipendenti e generare report per operazioni amministrative o contabili.<br \/>\nI dipendenti possono configurare le proprie impostazioni per essere pagati giornalmente, settimanalmente o bimestralmente. I manager sono in grado di verificare le <strong>ore di lavoro dei dipendenti<\/strong> con dettagli tra cui nome, data e orari dei turni sulle schede attivit\u00e0 integrate. La piattaforma fornisce un database centralizzato per la conservazione sicura dei documenti delle risorse umane, dei moduli 1099 e W2 per le dichiarazioni dei redditi, l&#8217;assicurazione contro la disoccupazione statale e federale e il deposito diretto.<\/p>\n<h2>EVEREE &#8211; TUTORIAL<\/h2>\n<div id=\"fluid-wrapper-counter-1\" class=\"g1-fluid-wrapper \" style=\"width:686px;\">\n<div style=\"padding-bottom:56.268221574344%;\"><iframe loading=\"lazy\" title=\"What is Everee?\" width=\"686\" height=\"386\" src=\"https:\/\/www.youtube.com\/embed\/c5mhEmFltnA?feature=oembed&amp;wmode=transparent&amp;autohide=1&amp;autoplay=0&amp;disablekb=0&amp;fs=1&amp;loop=0&amp;enablejsapi=1&amp;rel=0&amp;controls=2&amp;showinfo=0&amp;wmode=transparent&amp;autohide=2&amp;autoplay=0&amp;disablekb=0&amp;fs=1&amp;loop=0&amp;enablejsapi=1&amp;rel=0&amp;controls=2&amp;showinfo=1\" frameborder=\"0\" allow=\"accelerometer; autoplay; clipboard-write; encrypted-media; gyroscope; picture-in-picture; web-share\" referrerpolicy=\"strict-origin-when-cross-origin\" allowfullscreen><\/iframe><\/div>\n<\/div>\n<h3>EVEREE &#8211; CARATTERISTICHE<\/h3>\n<ul>\n<li><strong>Accelera il reclutamento e rendi l&#8217;onboarding fluido<\/strong>: elenca le commissioni in giornata nelle descrizioni dei lavori per attrarre i migliori performer nella tua attivit\u00e0. Se hai un&#8217;app o un&#8217;esperienza web in cui gestisci i rappresentanti, puoi integrare parti di tecnologia nel flusso di lavoro di onboarding per acquisire i dettagli del deposito diretto, la verifica I-9 e le informazioni sulla ritenuta fiscale.<\/li>\n<li><strong>Offri alle persone la libert\u00e0 finanziaria di cui hanno bisogno<\/strong>: mostra ai tuoi rappresentanti che tieni alla loro salute finanziaria pagandoli lo stesso giorno in cui concludono un affare senza alcun costo per loro. Possono anche ricevere fondi ovunque ne abbiano bisogno, che sia sul loro conto bancario o su app come Venmo.<\/li>\n<li><strong>Non stressarti pi\u00f9 per la conformit\u00e0 o per le dichiarazioni 1099<\/strong>: supporta i tipi di lavoratori 1099 e W2, offrendo la stessa esperienza di pagamento rapido per entrambi, cos\u00ec puoi scegliere la classificazione che protegge meglio la tua attivit\u00e0. Gestisce anche cose come le dichiarazioni fiscali e i 1099 di fine anno.<\/li>\n<li><strong>Migliora il flusso di cassa con il finanziamento delle buste paga:<\/strong> offre il finanziamento delle buste paga a una frazione del costo dei servizi di factoring, dandoti un fornitore in meno da gestire.<\/li>\n<li><strong>Espandi ad altri stati senza preoccupazioni<\/strong>: paga i lavoratori in pi\u00f9 sedi; gestisce pignoramenti, calcoli delle tasse, rimesse e dichiarazioni (per tutti i 50 stati), oltre ai 1099 di fine anno e ai W2.<\/li>\n<li><strong>Risparmia tempo importando i dati sui turni e sui pagamenti:<\/strong> il caricatore di tempo in blocco funziona bene con gli strumenti di monitoraggio e pianificazione del tempo che utilizzi gi\u00e0. Puoi importare il tempo in minuti e tenere conto di diverse tariffe di pagamento per turno, se necessario.<\/li>\n<li><strong>Automatizza i flussi di lavoro integrandoli con la tua app<\/strong>: se hai la tua app o piattaforma, usa le API per inviare dati su lavoratori, pagamenti e orari. Gli strumenti incorporati e le interfacce utente white-label semplificano il pagamento dei tuoi lavoratori all&#8217;interno della tua app.<\/li>\n<\/ul>\n<h4>LE RECENSIONI DEGLI UTENTI<\/h4>\n<p><strong>Angelica &#8220;Facile da usare con supporto reattivo&#8221;<\/strong><br \/>\n<strong>Pro<\/strong>: Essere in grado di emettere buste paga tramite deposito diretto per i miei team in 60 secondi \u00e8 stato un punto di svolta. Il personale \u00e8 stato molto disponibile e reattivo (e PAZIENTE!) nel renderci operativi. Grazie<br \/>\n<strong>Contro<\/strong>: Non essere passati a everee prima!<\/p>\n<p><strong>Michael &#8220;Ottima risorsa per i contabili!&#8221;<\/strong><br \/>\n<strong>Commenti<\/strong>: Ottima piattaforma e ottimo servizio clienti.<br \/>\n<strong>Pro<\/strong>: Everee \u00e8 una piattaforma semplice e facile da usare. La caratteristica pi\u00f9 importante \u00e8 la possibilit\u00e0 di elaborare le buste paga al mattino e di depositarle sui conti bancari dei dipendenti quel pomeriggio! Questo \u00e8 incredibilmente utile per le commissioni e per correggere gli errori sui salari.<br \/>\n<strong>Contro<\/strong>: Non \u00e8 possibile mappare i dipendenti in base ai conti di contabilit\u00e0 generale. In questo momento, se voglio eseguire la mappatura in base ai conti di contabilit\u00e0 generale, devo farlo manualmente, il che richiede molto tempo. Questa caratteristica ha portato alcuni dei miei clienti pi\u00f9 grandi a utilizzare ADP o altre piattaforme invece di Everee. Qualsiasi azienda che si occupa della contabilit\u00e0 dei costi non pu\u00f2 ragionevolmente utilizzare Everee per questo motivo.<\/p>\n<p><strong>Meghan &#8220;Everee era ci\u00f2 di cui avevamo bisogno.&#8221;<\/strong><br \/>\n<strong>Commenti<\/strong>: Finora \u00e8 stato fantastico e ha funzionato esattamente nel modo in cui ne avevamo bisogno.<br \/>\n<strong>Pro<\/strong>: Offrivano una struttura tariffaria ragionevole che molti altri software da noi esaminati non fornivano.<br \/>\n<strong>Contro<\/strong>: Ci sarebbe piaciuto vedere pi\u00f9 funzionalit\u00e0 di comunicazione all&#8217;interno della piattaforma. Avevano anche un problema tecnico durante l&#8217;onboarding che ha richiesto un po&#8217; di tempo per essere corretto.<\/p>\n","protected":false},"excerpt":{"rendered":"<p>Everee \u00e8 uno strumento di gestione delle buste paga basato su cloud che aiuta le aziende a semplificare i cedolini tramite monitoraggio del tempo incorporato, notifiche di problemi e approvazioni mobili. Il software consente ai manager di monitorare gli orari di entrata\/uscita dei dipendenti e approvare le ore prima che i pagamenti vengano elaborati.<\/p>\n","protected":false},"author":19,"featured_media":78145,"parent":38170,"menu_order":0,"comment_status":"open","ping_status":"closed","template":"g1_template_page_review_new.php","meta":{"_acf_changed":false,"cwp_meta_box_check":"Yes","cwp_rev_product_name":"","cwp_rev_product_image":"","wppr_links":[],"cwp_rev_price":"0.00","wppr_options":[{"name":"Usability","value":"0"},{"name":"Speed","value":"0"},{"name":"Features","value":"0"},{"name":"Support","value":"0"},{"name":"Pricing","value":"0"}],"wppr_pros":["","","","",""],"wppr_cons":["","","","",""],"_monsterinsights_skip_tracking":false,"_monsterinsights_sitenote_active":false,"_monsterinsights_sitenote_note":"","_monsterinsights_sitenote_category":0,"footnotes":""},"categories":[5273],"tags":[4499,15185,15198,5290,15199,5288,5287],"features":[],"class_list":{"0":"post-78144","1":"page","2":"type-page","3":"status-publish","4":"has-post-thumbnail","6":"category-programmi-buste-paga-categoria","7":"tag-buste-paga","8":"tag-cedolini-paga","9":"tag-everee","10":"tag-piattaforma-buste-paga","11":"tag-programma-busta-paga","12":"tag-software-buste-paga","13":"tag-soluzione-buste-paga"},"wppr_data":{"cwp_meta_box_check":"Yes","_wppr_review_template":"default","cwp_rev_product_image":"","cwp_image_link":"image","wppr_links":[],"cwp_rev_price":"0.00","wppr_pros":["","","","",""],"wppr_cons":["","","","",""],"wppr_rating":"0.00","wppr_options":{"1":{"name":"Usability","value":"0"},"2":{"name":"Speed","value":"0"},"3":{"name":"Features","value":"0"},"4":{"name":"Support","value":"0"},"5":{"name":"Pricing","value":"0"}},"wppr_review_type":"Product","wppr_review_custom_fields":{"additionalProperty":"","additionalType":"","aggregateRating":"","alternateName":"","audience":"","award":"","awards":"","brand":"","color":"","depth":"","description":"","disambiguatingDescription":"","gtin12":"","gtin13":"","gtin14":"","gtin8":"","height":"","identifier":"","image":"","isAccessoryOrSparePartFor":"","isConsumableFor":"","isRelatedTo":"","isSimilarTo":"","itemCondition":"","logo":"","mainEntityOfPage":"","manufacturer":"","material":"","model":"","mpn":"","name":"","offers":"","potentialAction":"","productID":"","productionDate":"","purchaseDate":"","releaseDate":"","review":"","reviews":"","sameAs":"","sku":"","slogan":"","subjectOf":"","url":"","weight":"","width":""}},"acf":[],"yoast_head":"<!-- This site is optimized with the Yoast SEO plugin v27.4 - https:\/\/yoast.com\/product\/yoast-seo-wordpress\/ -->\n<title>Everee: recensione software buste paga - Accurate Reviews<\/title>\n<meta name=\"description\" content=\"Everee: recensione strumento di gestione delle buste paga, basato su cloud, che aiuta a semplificare l&#039;emissione di cedolini paga.\" \/>\n<meta name=\"robots\" content=\"index, follow, max-snippet:-1, max-image-preview:large, max-video-preview:-1\" \/>\n<link rel=\"canonical\" href=\"https:\/\/www.accuratereviews.com\/it\/programmi-buste-paga\/everee-recensione\/\" \/>\n<meta property=\"og:locale\" content=\"it_IT\" \/>\n<meta property=\"og:type\" content=\"article\" \/>\n<meta property=\"og:title\" content=\"Everee: recensione software buste paga - Accurate Reviews\" \/>\n<meta property=\"og:description\" content=\"Everee: recensione strumento di gestione delle buste paga, basato su cloud, che aiuta a semplificare l&#039;emissione di cedolini paga.\" \/>\n<meta property=\"og:url\" content=\"https:\/\/www.accuratereviews.com\/it\/programmi-buste-paga\/everee-recensione\/\" \/>\n<meta property=\"og:site_name\" content=\"Accurate Reviews\" \/>\n<meta property=\"article:modified_time\" content=\"2025-10-24T07:15:49+00:00\" \/>\n<meta property=\"og:image\" content=\"https:\/\/www.accuratereviews.com\/wp-content\/uploads\/2024\/07\/Everee.png\" \/>\n\t<meta property=\"og:image:width\" content=\"225\" \/>\n\t<meta property=\"og:image:height\" content=\"225\" \/>\n\t<meta property=\"og:image:type\" content=\"image\/png\" \/>\n<meta name=\"twitter:card\" content=\"summary_large_image\" \/>\n<meta name=\"twitter:label1\" content=\"Tempo di lettura stimato\" \/>\n\t<meta name=\"twitter:data1\" content=\"5 minuti\" \/>\n<script type=\"application\/ld+json\" class=\"yoast-schema-graph\">{\"@context\":\"https:\\\/\\\/schema.org\",\"@graph\":[{\"@type\":\"WebPage\",\"@id\":\"https:\\\/\\\/www.accuratereviews.com\\\/it\\\/programmi-buste-paga\\\/everee-recensione\\\/\",\"url\":\"https:\\\/\\\/www.accuratereviews.com\\\/it\\\/programmi-buste-paga\\\/everee-recensione\\\/\",\"name\":\"Everee: recensione software buste paga - Accurate Reviews\",\"isPartOf\":{\"@id\":\"https:\\\/\\\/www.accuratereviews.com\\\/it\\\/#website\"},\"primaryImageOfPage\":{\"@id\":\"https:\\\/\\\/www.accuratereviews.com\\\/it\\\/programmi-buste-paga\\\/everee-recensione\\\/#primaryimage\"},\"image\":{\"@id\":\"https:\\\/\\\/www.accuratereviews.com\\\/it\\\/programmi-buste-paga\\\/everee-recensione\\\/#primaryimage\"},\"thumbnailUrl\":\"https:\\\/\\\/www.accuratereviews.com\\\/wp-content\\\/uploads\\\/2024\\\/07\\\/Everee.png\",\"datePublished\":\"2024-07-31T15:45:43+00:00\",\"dateModified\":\"2025-10-24T07:15:49+00:00\",\"description\":\"Everee: recensione strumento di gestione delle buste paga, basato su cloud, che aiuta a semplificare l'emissione di cedolini paga.\",\"breadcrumb\":{\"@id\":\"https:\\\/\\\/www.accuratereviews.com\\\/it\\\/programmi-buste-paga\\\/everee-recensione\\\/#breadcrumb\"},\"inLanguage\":\"it-IT\",\"potentialAction\":[{\"@type\":\"ReadAction\",\"target\":[\"https:\\\/\\\/www.accuratereviews.com\\\/it\\\/programmi-buste-paga\\\/everee-recensione\\\/\"]}]},{\"@type\":\"ImageObject\",\"inLanguage\":\"it-IT\",\"@id\":\"https:\\\/\\\/www.accuratereviews.com\\\/it\\\/programmi-buste-paga\\\/everee-recensione\\\/#primaryimage\",\"url\":\"https:\\\/\\\/www.accuratereviews.com\\\/wp-content\\\/uploads\\\/2024\\\/07\\\/Everee.png\",\"contentUrl\":\"https:\\\/\\\/www.accuratereviews.com\\\/wp-content\\\/uploads\\\/2024\\\/07\\\/Everee.png\",\"width\":225,\"height\":225},{\"@type\":\"BreadcrumbList\",\"@id\":\"https:\\\/\\\/www.accuratereviews.com\\\/it\\\/programmi-buste-paga\\\/everee-recensione\\\/#breadcrumb\",\"itemListElement\":[{\"@type\":\"ListItem\",\"position\":1,\"name\":\"Home\",\"item\":\"https:\\\/\\\/www.accuratereviews.com\\\/it\\\/\"},{\"@type\":\"ListItem\",\"position\":2,\"name\":\"Programmi per buste paga\",\"item\":\"https:\\\/\\\/www.accuratereviews.com\\\/it\\\/programmi-buste-paga\\\/\"},{\"@type\":\"ListItem\",\"position\":3,\"name\":\"Everee\"}]},{\"@type\":\"WebSite\",\"@id\":\"https:\\\/\\\/www.accuratereviews.com\\\/it\\\/#website\",\"url\":\"https:\\\/\\\/www.accuratereviews.com\\\/it\\\/\",\"name\":\"Accurate Reviews\",\"description\":\"\",\"potentialAction\":[{\"@type\":\"SearchAction\",\"target\":{\"@type\":\"EntryPoint\",\"urlTemplate\":\"https:\\\/\\\/www.accuratereviews.com\\\/it\\\/?s={search_term_string}\"},\"query-input\":{\"@type\":\"PropertyValueSpecification\",\"valueRequired\":true,\"valueName\":\"search_term_string\"}}],\"inLanguage\":\"it-IT\"}]}<\/script>\n<!-- \/ Yoast SEO plugin. -->","yoast_head_json":{"title":"Everee: recensione software buste paga - Accurate Reviews","description":"Everee: recensione strumento di gestione delle buste paga, basato su cloud, che aiuta a semplificare l'emissione di cedolini paga.","robots":{"index":"index","follow":"follow","max-snippet":"max-snippet:-1","max-image-preview":"max-image-preview:large","max-video-preview":"max-video-preview:-1"},"canonical":"https:\/\/www.accuratereviews.com\/it\/programmi-buste-paga\/everee-recensione\/","og_locale":"it_IT","og_type":"article","og_title":"Everee: recensione software buste paga - Accurate Reviews","og_description":"Everee: recensione strumento di gestione delle buste paga, basato su cloud, che aiuta a semplificare l'emissione di cedolini paga.","og_url":"https:\/\/www.accuratereviews.com\/it\/programmi-buste-paga\/everee-recensione\/","og_site_name":"Accurate Reviews","article_modified_time":"2025-10-24T07:15:49+00:00","og_image":[{"width":225,"height":225,"url":"https:\/\/www.accuratereviews.com\/wp-content\/uploads\/2024\/07\/Everee.png","type":"image\/png"}],"twitter_card":"summary_large_image","twitter_misc":{"Tempo di lettura stimato":"5 minuti"},"schema":{"@context":"https:\/\/schema.org","@graph":[{"@type":"WebPage","@id":"https:\/\/www.accuratereviews.com\/it\/programmi-buste-paga\/everee-recensione\/","url":"https:\/\/www.accuratereviews.com\/it\/programmi-buste-paga\/everee-recensione\/","name":"Everee: recensione software buste paga - Accurate Reviews","isPartOf":{"@id":"https:\/\/www.accuratereviews.com\/it\/#website"},"primaryImageOfPage":{"@id":"https:\/\/www.accuratereviews.com\/it\/programmi-buste-paga\/everee-recensione\/#primaryimage"},"image":{"@id":"https:\/\/www.accuratereviews.com\/it\/programmi-buste-paga\/everee-recensione\/#primaryimage"},"thumbnailUrl":"https:\/\/www.accuratereviews.com\/wp-content\/uploads\/2024\/07\/Everee.png","datePublished":"2024-07-31T15:45:43+00:00","dateModified":"2025-10-24T07:15:49+00:00","description":"Everee: recensione strumento di gestione delle buste paga, basato su cloud, che aiuta a semplificare l'emissione di cedolini paga.","breadcrumb":{"@id":"https:\/\/www.accuratereviews.com\/it\/programmi-buste-paga\/everee-recensione\/#breadcrumb"},"inLanguage":"it-IT","potentialAction":[{"@type":"ReadAction","target":["https:\/\/www.accuratereviews.com\/it\/programmi-buste-paga\/everee-recensione\/"]}]},{"@type":"ImageObject","inLanguage":"it-IT","@id":"https:\/\/www.accuratereviews.com\/it\/programmi-buste-paga\/everee-recensione\/#primaryimage","url":"https:\/\/www.accuratereviews.com\/wp-content\/uploads\/2024\/07\/Everee.png","contentUrl":"https:\/\/www.accuratereviews.com\/wp-content\/uploads\/2024\/07\/Everee.png","width":225,"height":225},{"@type":"BreadcrumbList","@id":"https:\/\/www.accuratereviews.com\/it\/programmi-buste-paga\/everee-recensione\/#breadcrumb","itemListElement":[{"@type":"ListItem","position":1,"name":"Home","item":"https:\/\/www.accuratereviews.com\/it\/"},{"@type":"ListItem","position":2,"name":"Programmi per buste paga","item":"https:\/\/www.accuratereviews.com\/it\/programmi-buste-paga\/"},{"@type":"ListItem","position":3,"name":"Everee"}]},{"@type":"WebSite","@id":"https:\/\/www.accuratereviews.com\/it\/#website","url":"https:\/\/www.accuratereviews.com\/it\/","name":"Accurate Reviews","description":"","potentialAction":[{"@type":"SearchAction","target":{"@type":"EntryPoint","urlTemplate":"https:\/\/www.accuratereviews.com\/it\/?s={search_term_string}"},"query-input":{"@type":"PropertyValueSpecification","valueRequired":true,"valueName":"search_term_string"}}],"inLanguage":"it-IT"}]}},"_links":{"self":[{"href":"https:\/\/www.accuratereviews.com\/it\/wp-json\/wp\/v2\/pages\/78144","targetHints":{"allow":["GET"]}}],"collection":[{"href":"https:\/\/www.accuratereviews.com\/it\/wp-json\/wp\/v2\/pages"}],"about":[{"href":"https:\/\/www.accuratereviews.com\/it\/wp-json\/wp\/v2\/types\/page"}],"author":[{"embeddable":true,"href":"https:\/\/www.accuratereviews.com\/it\/wp-json\/wp\/v2\/users\/19"}],"replies":[{"embeddable":true,"href":"https:\/\/www.accuratereviews.com\/it\/wp-json\/wp\/v2\/comments?post=78144"}],"version-history":[{"count":8,"href":"https:\/\/www.accuratereviews.com\/it\/wp-json\/wp\/v2\/pages\/78144\/revisions"}],"predecessor-version":[{"id":104606,"href":"https:\/\/www.accuratereviews.com\/it\/wp-json\/wp\/v2\/pages\/78144\/revisions\/104606"}],"up":[{"embeddable":true,"href":"https:\/\/www.accuratereviews.com\/it\/wp-json\/wp\/v2\/pages\/38170"}],"wp:featuredmedia":[{"embeddable":true,"href":"https:\/\/www.accuratereviews.com\/it\/wp-json\/wp\/v2\/media\/78145"}],"wp:attachment":[{"href":"https:\/\/www.accuratereviews.com\/it\/wp-json\/wp\/v2\/media?parent=78144"}],"wp:term":[{"taxonomy":"category","embeddable":true,"href":"https:\/\/www.accuratereviews.com\/it\/wp-json\/wp\/v2\/categories?post=78144"},{"taxonomy":"post_tag","embeddable":true,"href":"https:\/\/www.accuratereviews.com\/it\/wp-json\/wp\/v2\/tags?post=78144"},{"taxonomy":"features","embeddable":true,"href":"https:\/\/www.accuratereviews.com\/it\/wp-json\/wp\/v2\/features?post=78144"}],"curies":[{"name":"wp","href":"https:\/\/api.w.org\/{rel}","templated":true}]}}