{"id":78175,"date":"2024-08-01T14:44:10","date_gmt":"2024-08-01T14:44:10","guid":{"rendered":"https:\/\/www.accuratereviews.com\/?page_id=78175"},"modified":"2024-08-02T09:50:37","modified_gmt":"2024-08-02T09:50:37","slug":"compensationxl-recensione","status":"publish","type":"page","link":"https:\/\/www.accuratereviews.com\/it\/programmi-buste-paga\/compensationxl-recensione\/","title":{"rendered":"CompensationXL"},"content":{"rendered":"<p><strong>CompensationXL<\/strong> \u00e8 una <strong>soluzione cloud-based<\/strong> per le risorse umane (HR). Consente agli utenti di creare cartelle di lavoro, a cui possono accedere online. La soluzione memorizza le regole aziendali e i dati vengono immessi automaticamente nei sistemi informativi delle risorse umane (HRIS). Permette ai manager di utilizzare dashboard self-service in cui possono fare raccomandazioni, <strong>approvare azioni e generare report<\/strong>.<br \/>\nIl sistema aiuta, inoltre, gli utenti a stabilire e mantenere strategie di pagamento in base alle prestazioni. I processi di compensazione nel sistema possono anche essere modificati per adattarsi ai processi esistenti. Consente ai dirigenti di allineare i premi alle prestazioni organizzative o individuali e di gestire incentivi come azioni e bonus.<\/p>\n<h2>COMPENSATIONXL &#8211; TUTORIAL<\/h2>\n<div id=\"fluid-wrapper-counter-1\" class=\"g1-fluid-wrapper \" style=\"width:686px;\">\n<div style=\"padding-bottom:56.268221574344%;\"><iframe loading=\"lazy\" title=\"CompXL | ADP Workforce Now | Complex Compensation Planning\" width=\"686\" height=\"386\" src=\"https:\/\/www.youtube.com\/embed\/B8QW18Jb7Ys?feature=oembed&amp;wmode=transparent&amp;autohide=1&amp;autoplay=0&amp;disablekb=0&amp;fs=1&amp;loop=0&amp;enablejsapi=1&amp;rel=0&amp;controls=2&amp;showinfo=0&amp;wmode=transparent&amp;autohide=2&amp;autoplay=0&amp;disablekb=0&amp;fs=1&amp;loop=0&amp;enablejsapi=1&amp;rel=0&amp;controls=2&amp;showinfo=1\" frameborder=\"0\" allow=\"accelerometer; autoplay; clipboard-write; encrypted-media; gyroscope; picture-in-picture; web-share\" referrerpolicy=\"strict-origin-when-cross-origin\" allowfullscreen><\/iframe><\/div>\n<\/div>\n<h3>COMPENSATIONXL &#8211; CARATTERISTICHE<\/h3>\n<ul>\n<li>Allinea perfettamente le strategie di compensazione con gli obiettivi organizzativi, migliorando la fidelizzazione e la motivazione dei talenti.<\/li>\n<li>Retribuzione al merito ai premi azionari, gestisci tutti gli elementi di compensazione in un&#8217;unica piattaforma solida.<\/li>\n<li>Con funzionalit\u00e0 multivaluta, adatta facilmente le forze lavoro e le strategie di compensazione globali.<\/li>\n<li>Personalizza ogni aspetto del tuo processo di compensazione con la soluzione configurabile per riflettere la cultura e gli obiettivi unici della tua organizzazione.<\/li>\n<li>Sfrutta l&#8217;interfaccia familiare di Excel combinata con la potenza dell&#8217;efficienza e della sicurezza SaaS per ottimizzare la pianificazione e l&#8217;esecuzione della compensazione.<\/li>\n<li>Riduci la durata dei cicli di pianificazione<\/li>\n<li>Fornisci ai manager una vista completa per la pianificazione, meno clic, decisioni informate!<\/li>\n<li>Importazione e visualizzazione della cronologia degli stipendi per il supporto alle decisioni dei manager<\/li>\n<li>Instradamento flessibile delle approvazioni in modo da poter spingere la discrezionalit\u00e0 fino in fondo<\/li>\n<li>Dichiarazioni di fine ciclo da semplici lettere di adeguamento a dichiarazioni di premi totali multipagina<\/li>\n<\/ul>\n<h4>LE RECENSIONI DEGLI UTENTI<\/h4>\n<p><strong>Lorna &#8220;Recensione di CompXL&#8221;<\/strong><br \/>\n<strong>Pro<\/strong>: La facilit\u00e0 d&#8217;uso: molto semplice e sono in grado di utilizzare e rispecchiare il mio attuale foglio di lavoro Excel per la compensazione che conosco. \u00c8 flessibile e molto conveniente.<br \/>\n<strong>Contro<\/strong>: Non ho davvero nulla da dire che non mi piace del prodotto. La mia esperienza \u00e8 stata nel complesso fantastica!<\/p>\n<p><strong>Michelle &#8220;Ottimo prodotto per aiutarti a risolvere i tuoi problemi complessi. sfide&#8221;<\/strong><br \/>\n<strong>Pro<\/strong>: CompXL ci ha permesso di gestire in modo efficiente il nostro processo di pianificazione dei compensi annuali e altro ancora!<br \/>\n<strong>Contro<\/strong>: Niente da sottolineare. La soluzione \u00e8 facile da usare e continua ad aggiornarsi con nuove funzionalit\u00e0.<\/p>\n<p><strong>Susan &#8220;Facile da implementare e facile da usare&#8221;<\/strong><br \/>\n<strong>Commenti<\/strong>: Facile da implementare; il partner per l&#8217;implementazione \u00e8 stato molto collaborativo. Nessun bug. Il processo di pianificazione del comp \u00e8 andato molto bene. Il caricamento nella pianificazione finanziaria \u00e8 stato un gioco da ragazzi.<br \/>\n<strong>Pro<\/strong>: Facilit\u00e0 d&#8217;uso per i nostri manager abituati a eccellere nella funzionalit\u00e0<br \/>\n<strong>Contro<\/strong>: Impossibile aprire direttamente su Google Drive senza interrompere le visualizzazioni protette.<\/p>\n","protected":false},"excerpt":{"rendered":"<p>CompensationXL \u00e8 una soluzione cloud-based per le risorse umane (HR). Consente agli utenti di creare cartelle di lavoro, a cui possono accedere online. La soluzione memorizza le regole aziendali e i dati vengono immessi automaticamente nei sistemi informativi delle risorse umane (HRIS).<\/p>\n","protected":false},"author":19,"featured_media":78176,"parent":38170,"menu_order":0,"comment_status":"open","ping_status":"closed","template":"g1_template_page_review_new.php","meta":{"_acf_changed":false,"cwp_meta_box_check":"Yes","cwp_rev_product_name":"","cwp_rev_product_image":"","wppr_links":[],"cwp_rev_price":"0.00","wppr_options":[{"name":"Usability","value":"0"},{"name":"Speed","value":"0"},{"name":"Features","value":"0"},{"name":"Support","value":"0"},{"name":"Pricing","value":"0"}],"wppr_pros":["","","","",""],"wppr_cons":["","","","",""],"_monsterinsights_skip_tracking":false,"_monsterinsights_sitenote_active":false,"_monsterinsights_sitenote_note":"","_monsterinsights_sitenote_category":0,"footnotes":""},"categories":[5273],"tags":[4499,15204,5290,5289,5288,5287],"features":[],"class_list":{"0":"post-78175","1":"page","2":"type-page","3":"status-publish","4":"has-post-thumbnail","6":"category-programmi-buste-paga-categoria","7":"tag-buste-paga","8":"tag-compensationxl","9":"tag-piattaforma-buste-paga","10":"tag-programma-buste-paga","11":"tag-software-buste-paga","12":"tag-soluzione-buste-paga"},"wppr_data":{"cwp_meta_box_check":"Yes","_wppr_review_template":"default","cwp_rev_product_image":"","cwp_image_link":"image","wppr_links":[],"cwp_rev_price":"0.00","wppr_pros":["","","","",""],"wppr_cons":["","","","",""],"wppr_rating":"0.00","wppr_options":{"1":{"name":"Usability","value":"0"},"2":{"name":"Speed","value":"0"},"3":{"name":"Features","value":"0"},"4":{"name":"Support","value":"0"},"5":{"name":"Pricing","value":"0"}},"wppr_review_type":"Product","wppr_review_custom_fields":{"additionalProperty":"","additionalType":"","aggregateRating":"","alternateName":"","audience":"","award":"","awards":"","brand":"","color":"","depth":"","description":"","disambiguatingDescription":"","gtin12":"","gtin13":"","gtin14":"","gtin8":"","height":"","identifier":"","image":"","isAccessoryOrSparePartFor":"","isConsumableFor":"","isRelatedTo":"","isSimilarTo":"","itemCondition":"","logo":"","mainEntityOfPage":"","manufacturer":"","material":"","model":"","mpn":"","name":"","offers":"","potentialAction":"","productID":"","productionDate":"","purchaseDate":"","releaseDate":"","review":"","reviews":"","sameAs":"","sku":"","slogan":"","subjectOf":"","url":"","weight":"","width":""}},"acf":[],"yoast_head":"<!-- This site is optimized with the Yoast SEO plugin v27.4 - https:\/\/yoast.com\/product\/yoast-seo-wordpress\/ -->\n<title>CompensationXL: recensione software - Accurate Reviews<\/title>\n<meta name=\"description\" content=\"CompensationXL: recensione soluzione per le risorse umane che consente agli utenti di creare cartelle di lavoro a cui possono accedere online.\" \/>\n<meta name=\"robots\" content=\"index, follow, max-snippet:-1, max-image-preview:large, max-video-preview:-1\" \/>\n<link rel=\"canonical\" href=\"https:\/\/www.accuratereviews.com\/it\/programmi-buste-paga\/compensationxl-recensione\/\" \/>\n<meta property=\"og:locale\" content=\"it_IT\" \/>\n<meta property=\"og:type\" content=\"article\" \/>\n<meta property=\"og:title\" content=\"CompensationXL: recensione software - Accurate Reviews\" \/>\n<meta property=\"og:description\" content=\"CompensationXL: recensione soluzione per le risorse umane che consente agli utenti di creare cartelle di lavoro a cui possono accedere online.\" \/>\n<meta property=\"og:url\" content=\"https:\/\/www.accuratereviews.com\/it\/programmi-buste-paga\/compensationxl-recensione\/\" \/>\n<meta property=\"og:site_name\" content=\"Accurate Reviews\" \/>\n<meta property=\"article:modified_time\" content=\"2024-08-02T09:50:37+00:00\" \/>\n<meta property=\"og:image\" content=\"https:\/\/www.accuratereviews.com\/wp-content\/uploads\/2024\/08\/CompensationXL.png\" \/>\n\t<meta property=\"og:image:width\" content=\"400\" \/>\n\t<meta property=\"og:image:height\" content=\"400\" \/>\n\t<meta property=\"og:image:type\" content=\"image\/png\" \/>\n<meta name=\"twitter:card\" content=\"summary_large_image\" \/>\n<meta name=\"twitter:label1\" content=\"Tempo di lettura stimato\" \/>\n\t<meta name=\"twitter:data1\" content=\"4 minuti\" \/>\n<script type=\"application\/ld+json\" class=\"yoast-schema-graph\">{\"@context\":\"https:\\\/\\\/schema.org\",\"@graph\":[{\"@type\":\"WebPage\",\"@id\":\"https:\\\/\\\/www.accuratereviews.com\\\/it\\\/programmi-buste-paga\\\/compensationxl-recensione\\\/\",\"url\":\"https:\\\/\\\/www.accuratereviews.com\\\/it\\\/programmi-buste-paga\\\/compensationxl-recensione\\\/\",\"name\":\"CompensationXL: recensione software - Accurate Reviews\",\"isPartOf\":{\"@id\":\"https:\\\/\\\/www.accuratereviews.com\\\/it\\\/#website\"},\"primaryImageOfPage\":{\"@id\":\"https:\\\/\\\/www.accuratereviews.com\\\/it\\\/programmi-buste-paga\\\/compensationxl-recensione\\\/#primaryimage\"},\"image\":{\"@id\":\"https:\\\/\\\/www.accuratereviews.com\\\/it\\\/programmi-buste-paga\\\/compensationxl-recensione\\\/#primaryimage\"},\"thumbnailUrl\":\"https:\\\/\\\/www.accuratereviews.com\\\/wp-content\\\/uploads\\\/2024\\\/08\\\/CompensationXL.png\",\"datePublished\":\"2024-08-01T14:44:10+00:00\",\"dateModified\":\"2024-08-02T09:50:37+00:00\",\"description\":\"CompensationXL: recensione soluzione per le risorse umane che consente agli utenti di creare cartelle di lavoro a cui possono accedere online.\",\"breadcrumb\":{\"@id\":\"https:\\\/\\\/www.accuratereviews.com\\\/it\\\/programmi-buste-paga\\\/compensationxl-recensione\\\/#breadcrumb\"},\"inLanguage\":\"it-IT\",\"potentialAction\":[{\"@type\":\"ReadAction\",\"target\":[\"https:\\\/\\\/www.accuratereviews.com\\\/it\\\/programmi-buste-paga\\\/compensationxl-recensione\\\/\"]}]},{\"@type\":\"ImageObject\",\"inLanguage\":\"it-IT\",\"@id\":\"https:\\\/\\\/www.accuratereviews.com\\\/it\\\/programmi-buste-paga\\\/compensationxl-recensione\\\/#primaryimage\",\"url\":\"https:\\\/\\\/www.accuratereviews.com\\\/wp-content\\\/uploads\\\/2024\\\/08\\\/CompensationXL.png\",\"contentUrl\":\"https:\\\/\\\/www.accuratereviews.com\\\/wp-content\\\/uploads\\\/2024\\\/08\\\/CompensationXL.png\",\"width\":400,\"height\":400},{\"@type\":\"BreadcrumbList\",\"@id\":\"https:\\\/\\\/www.accuratereviews.com\\\/it\\\/programmi-buste-paga\\\/compensationxl-recensione\\\/#breadcrumb\",\"itemListElement\":[{\"@type\":\"ListItem\",\"position\":1,\"name\":\"Home\",\"item\":\"https:\\\/\\\/www.accuratereviews.com\\\/it\\\/\"},{\"@type\":\"ListItem\",\"position\":2,\"name\":\"Programmi per buste paga\",\"item\":\"https:\\\/\\\/www.accuratereviews.com\\\/it\\\/programmi-buste-paga\\\/\"},{\"@type\":\"ListItem\",\"position\":3,\"name\":\"CompensationXL\"}]},{\"@type\":\"WebSite\",\"@id\":\"https:\\\/\\\/www.accuratereviews.com\\\/it\\\/#website\",\"url\":\"https:\\\/\\\/www.accuratereviews.com\\\/it\\\/\",\"name\":\"Accurate Reviews\",\"description\":\"\",\"potentialAction\":[{\"@type\":\"SearchAction\",\"target\":{\"@type\":\"EntryPoint\",\"urlTemplate\":\"https:\\\/\\\/www.accuratereviews.com\\\/it\\\/?s={search_term_string}\"},\"query-input\":{\"@type\":\"PropertyValueSpecification\",\"valueRequired\":true,\"valueName\":\"search_term_string\"}}],\"inLanguage\":\"it-IT\"}]}<\/script>\n<!-- \/ Yoast SEO plugin. -->","yoast_head_json":{"title":"CompensationXL: recensione software - Accurate Reviews","description":"CompensationXL: recensione soluzione per le risorse umane che consente agli utenti di creare cartelle di lavoro a cui possono accedere online.","robots":{"index":"index","follow":"follow","max-snippet":"max-snippet:-1","max-image-preview":"max-image-preview:large","max-video-preview":"max-video-preview:-1"},"canonical":"https:\/\/www.accuratereviews.com\/it\/programmi-buste-paga\/compensationxl-recensione\/","og_locale":"it_IT","og_type":"article","og_title":"CompensationXL: recensione software - Accurate Reviews","og_description":"CompensationXL: recensione soluzione per le risorse umane che consente agli utenti di creare cartelle di lavoro a cui possono accedere online.","og_url":"https:\/\/www.accuratereviews.com\/it\/programmi-buste-paga\/compensationxl-recensione\/","og_site_name":"Accurate Reviews","article_modified_time":"2024-08-02T09:50:37+00:00","og_image":[{"width":400,"height":400,"url":"https:\/\/www.accuratereviews.com\/wp-content\/uploads\/2024\/08\/CompensationXL.png","type":"image\/png"}],"twitter_card":"summary_large_image","twitter_misc":{"Tempo di lettura stimato":"4 minuti"},"schema":{"@context":"https:\/\/schema.org","@graph":[{"@type":"WebPage","@id":"https:\/\/www.accuratereviews.com\/it\/programmi-buste-paga\/compensationxl-recensione\/","url":"https:\/\/www.accuratereviews.com\/it\/programmi-buste-paga\/compensationxl-recensione\/","name":"CompensationXL: recensione software - Accurate Reviews","isPartOf":{"@id":"https:\/\/www.accuratereviews.com\/it\/#website"},"primaryImageOfPage":{"@id":"https:\/\/www.accuratereviews.com\/it\/programmi-buste-paga\/compensationxl-recensione\/#primaryimage"},"image":{"@id":"https:\/\/www.accuratereviews.com\/it\/programmi-buste-paga\/compensationxl-recensione\/#primaryimage"},"thumbnailUrl":"https:\/\/www.accuratereviews.com\/wp-content\/uploads\/2024\/08\/CompensationXL.png","datePublished":"2024-08-01T14:44:10+00:00","dateModified":"2024-08-02T09:50:37+00:00","description":"CompensationXL: recensione soluzione per le risorse umane che consente agli utenti di creare cartelle di lavoro a cui possono accedere online.","breadcrumb":{"@id":"https:\/\/www.accuratereviews.com\/it\/programmi-buste-paga\/compensationxl-recensione\/#breadcrumb"},"inLanguage":"it-IT","potentialAction":[{"@type":"ReadAction","target":["https:\/\/www.accuratereviews.com\/it\/programmi-buste-paga\/compensationxl-recensione\/"]}]},{"@type":"ImageObject","inLanguage":"it-IT","@id":"https:\/\/www.accuratereviews.com\/it\/programmi-buste-paga\/compensationxl-recensione\/#primaryimage","url":"https:\/\/www.accuratereviews.com\/wp-content\/uploads\/2024\/08\/CompensationXL.png","contentUrl":"https:\/\/www.accuratereviews.com\/wp-content\/uploads\/2024\/08\/CompensationXL.png","width":400,"height":400},{"@type":"BreadcrumbList","@id":"https:\/\/www.accuratereviews.com\/it\/programmi-buste-paga\/compensationxl-recensione\/#breadcrumb","itemListElement":[{"@type":"ListItem","position":1,"name":"Home","item":"https:\/\/www.accuratereviews.com\/it\/"},{"@type":"ListItem","position":2,"name":"Programmi per buste paga","item":"https:\/\/www.accuratereviews.com\/it\/programmi-buste-paga\/"},{"@type":"ListItem","position":3,"name":"CompensationXL"}]},{"@type":"WebSite","@id":"https:\/\/www.accuratereviews.com\/it\/#website","url":"https:\/\/www.accuratereviews.com\/it\/","name":"Accurate Reviews","description":"","potentialAction":[{"@type":"SearchAction","target":{"@type":"EntryPoint","urlTemplate":"https:\/\/www.accuratereviews.com\/it\/?s={search_term_string}"},"query-input":{"@type":"PropertyValueSpecification","valueRequired":true,"valueName":"search_term_string"}}],"inLanguage":"it-IT"}]}},"_links":{"self":[{"href":"https:\/\/www.accuratereviews.com\/it\/wp-json\/wp\/v2\/pages\/78175","targetHints":{"allow":["GET"]}}],"collection":[{"href":"https:\/\/www.accuratereviews.com\/it\/wp-json\/wp\/v2\/pages"}],"about":[{"href":"https:\/\/www.accuratereviews.com\/it\/wp-json\/wp\/v2\/types\/page"}],"author":[{"embeddable":true,"href":"https:\/\/www.accuratereviews.com\/it\/wp-json\/wp\/v2\/users\/19"}],"replies":[{"embeddable":true,"href":"https:\/\/www.accuratereviews.com\/it\/wp-json\/wp\/v2\/comments?post=78175"}],"version-history":[{"count":8,"href":"https:\/\/www.accuratereviews.com\/it\/wp-json\/wp\/v2\/pages\/78175\/revisions"}],"predecessor-version":[{"id":78227,"href":"https:\/\/www.accuratereviews.com\/it\/wp-json\/wp\/v2\/pages\/78175\/revisions\/78227"}],"up":[{"embeddable":true,"href":"https:\/\/www.accuratereviews.com\/it\/wp-json\/wp\/v2\/pages\/38170"}],"wp:featuredmedia":[{"embeddable":true,"href":"https:\/\/www.accuratereviews.com\/it\/wp-json\/wp\/v2\/media\/78176"}],"wp:attachment":[{"href":"https:\/\/www.accuratereviews.com\/it\/wp-json\/wp\/v2\/media?parent=78175"}],"wp:term":[{"taxonomy":"category","embeddable":true,"href":"https:\/\/www.accuratereviews.com\/it\/wp-json\/wp\/v2\/categories?post=78175"},{"taxonomy":"post_tag","embeddable":true,"href":"https:\/\/www.accuratereviews.com\/it\/wp-json\/wp\/v2\/tags?post=78175"},{"taxonomy":"features","embeddable":true,"href":"https:\/\/www.accuratereviews.com\/it\/wp-json\/wp\/v2\/features?post=78175"}],"curies":[{"name":"wp","href":"https:\/\/api.w.org\/{rel}","templated":true}]}}