{"id":78216,"date":"2024-08-02T13:15:24","date_gmt":"2024-08-02T13:15:24","guid":{"rendered":"https:\/\/www.accuratereviews.com\/?page_id=78216"},"modified":"2024-08-02T13:15:24","modified_gmt":"2024-08-02T13:15:24","slug":"workperks-recensione","status":"publish","type":"page","link":"https:\/\/www.accuratereviews.com\/it\/programmi-buste-paga\/workperks-recensione\/","title":{"rendered":"WorkPerks"},"content":{"rendered":"<div class=\"n4sEPd\">\n<div class=\"FFpbKc\">\n<div class=\"xMmqsf\">\n<div class=\"nidPne\">\n<div data-show-delay-ms=\"250\" data-append-to-body=\"true\" data-propagate-tooltip-mouseover-events=\"true\" data-anchor-corner=\"bottom-left\" data-enable-skip-handler=\"false\" data-popup-corner=\"top-left\">\n<div class=\"dig2sb\">\n<div class=\"scLCMd\">\n<div id=\"itamenu\"><span class=\"jCAhz ChMk0b\"><span class=\"ryNqvb\"><strong>WorkPerks<\/strong> \u00e8 un <strong>fornitore di servizi HR<\/strong> che offre soluzioni complete di gestione paghe, benefit e conformit\u00e0 per piccole e medie imprese.<\/span><\/span> <span class=\"jCAhz ChMk0b\"><span class=\"ryNqvb\">Il portale intuitivo per i clienti e i dipendenti consente agli utenti di gestire attivit\u00e0 HR non complesse,<\/span><\/span><span class=\"jCAhz ChMk0b\"><span class=\"ryNqvb\">\u00a0Le funzionalit\u00e0 di <strong>WorkPerks<\/strong> per le paghe includono pagamenti fiscali, depositi diretti, monitoraggio dei permessi e indennit\u00e0 per infortuni sul lavoro a consumo.<\/span><\/span> <span class=\"jCAhz ChMk0b\"><span class=\"ryNqvb\">Per la conformit\u00e0 HR, il software pu\u00f2 verificare le policy HR e creare un piano d&#8217;azione strategico per aiutare le aziende a conformarsi alle normative HR standard. <\/span><\/span><span class=\"jCAhz ChMk0b\"><span class=\"ryNqvb\"><strong>WorkPerks<\/strong> include integrazione 401k, onboarding di nuovi assunti, funzionalit\u00e0 HRIS standard e conformit\u00e0 ACA.<\/span><\/span><\/div>\n<\/div>\n<\/div>\n<h2>WORKPERKS &#8211; TUTORIAL<\/h2>\n<div id=\"fluid-wrapper-counter-1\" class=\"g1-fluid-wrapper \" style=\"width:686px;\">\n<div style=\"padding-bottom:56.268221574344%;\"><iframe loading=\"lazy\" title=\"WorkPerks v1 0\" width=\"686\" height=\"386\" src=\"https:\/\/www.youtube.com\/embed\/TyI_7QCFgnU?feature=oembed&amp;wmode=transparent&amp;autohide=1&amp;autoplay=0&amp;disablekb=0&amp;fs=1&amp;loop=0&amp;enablejsapi=1&amp;rel=0&amp;controls=2&amp;showinfo=0&amp;wmode=transparent&amp;autohide=2&amp;autoplay=0&amp;disablekb=0&amp;fs=1&amp;loop=0&amp;enablejsapi=1&amp;rel=0&amp;controls=2&amp;showinfo=1\" frameborder=\"0\" allow=\"accelerometer; autoplay; clipboard-write; encrypted-media; gyroscope; picture-in-picture; web-share\" referrerpolicy=\"strict-origin-when-cross-origin\" allowfullscreen><\/iframe><\/div>\n<\/div>\n<h3>WORKPERKS &#8211; CARATTERISTICHE<\/h3>\n<ul>\n<li>Supporto di esperti HR certificati<\/li>\n<li>Integrazione 401(k) e assicurazione<\/li>\n<li>Manifesti di diritto del lavoro<\/li>\n<li>Modelli e risorse HR<\/li>\n<li>Elaborazione dei pagamenti<\/li>\n<li>Orologi personalizzati e integrazione eTime Card<\/li>\n<li>Lettere di offerta e onboarding elettronici per i dipendenti<\/li>\n<li>Pay-Go Workers\u2019 Comp<\/li>\n<li>Monitoraggio delle spese dei dipendenti<\/li>\n<li>Paghe certificate<\/li>\n<li>Monitoraggio dei candidati per nuove posizioni<\/li>\n<li>Reporting ACA<\/li>\n<li>Paghe a servizio completo<\/li>\n<li>Piattaforma basata sul Web di facile utilizzo<\/li>\n<li>Dichiarazione fiscale automatizzata (trimestrale e annuale)<\/li>\n<li>Depositi diretti illimitati<\/li>\n<li>Redattore di report personalizzati illimitati<\/li>\n<li>Archiviazione dati online sicura<\/li>\n<li>Reporting sulle paghe multi-stato<\/li>\n<li>Portale self-service per i dipendenti<\/li>\n<li>Monitoraggio dei permessi e delle ferie<\/li>\n<li>Integrazione QuickBooks<\/li>\n<li>Funzioni HRM di base<\/li>\n<li>Inoltro promemoria e aggiornamenti delle paghe<\/li>\n<li>Generazione di report sulle paghe automatizzata<\/li>\n<li>Opzioni di elaborazione automatica delle paghe programmate<\/li>\n<li>W2 e 1099 (Contraente) Capacit\u00e0 di pagamento<\/li>\n<\/ul>\n<h4>LE RECENSIONE DEGLI UTENTI<\/h4>\n<p><strong>Adeeb &#8220;Ottima azienda di gestione buste paga!&#8221;<\/strong><br \/>\n<strong>Commenti<\/strong>: Proprietario di una piccola impresa e aveva bisogno di un deposito diretto e di un servizio di gestione buste paga senza problemi. Il servizio clienti ha reso molto semplice e veloce la configurazione e l&#8217;utilizzo. Sono sempre molto disponibili e rispondono a qualsiasi domanda\/dubbio in modo molto tempestivo.<br \/>\n<strong>Pro<\/strong>: Ottimo servizio clienti e funzionalit\u00e0 generale.<br \/>\n<strong>Contro<\/strong>: Niente finora. Sto ancora familiarizzando con il software<\/p>\n<p><strong>Matt &#8220;Ottima azienda di gestione paghe&#8221;<\/strong><br \/>\n<strong>Pro<\/strong>: Adoro quanto sia facile contattare il team quando ho domande e ricevo risposte. Altre societ\u00e0 di gestione stipendi potrei ritrovarmi con una persona di call center a caso che dovrebbe aggiornarsi sulla mia azienda prima di poter rispondere alla mia domanda. Mi \u00e8 stata assegnata una persona per gestire tutto qui ed \u00e8 stato fantastico.<br \/>\n<strong>Contro<\/strong>: Mi piace tutto! Non ho trovato alcun motivo per cercare altrove.<\/p>\n<p><strong>Debora &#8220;Software perfetto e team straordinario!&#8221;<\/strong><br \/>\n<strong>Pro<\/strong>: Tutto su WorkPerks \u00e8 fantastico! Il software \u00e8 facile da usare ed efficiente, non ho mai avuto problemi tecnici durante l&#8217;utilizzo. Il team \u00e8 SEMPRE disponibile se hai bisogno di aiuto, sono disponibili, efficienti e amichevoli. Rispondono sempre immediatamente alle mie domande o preoccupazioni. Non sei mai lasciato solo, fanno sicuramente contare il cliente\/utente ed \u00e8 per questo che non andr\u00f2 mai altrove. Consiglio vivamente di utilizzare WorkPerks!<br \/>\n<strong>Contro<\/strong>: Non ho nulla di negativo da dire su WorkPerks.<\/p>\n<\/div>\n<\/div>\n<\/div>\n<\/div>\n<\/div>\n","protected":false},"excerpt":{"rendered":"<p>WorkPerks \u00e8 un fornitore di servizi HR che offre soluzioni complete di gestione paghe, benefit e conformit\u00e0 per piccole e medie imprese. Il portale intuitivo per i clienti e i dipendenti consente agli utenti di gestire attivit\u00e0 HR non complesse,\u00a0Le funzionalit\u00e0 di WorkPerks per le paghe includono pagamenti fiscali, depositi diretti, monitoraggio dei permessi e indennit\u00e0 per infortuni sul lavoro a consumo.<\/p>\n","protected":false},"author":19,"featured_media":78219,"parent":38170,"menu_order":0,"comment_status":"open","ping_status":"closed","template":"g1_template_page_review_new.php","meta":{"_acf_changed":false,"cwp_meta_box_check":"Yes","cwp_rev_product_name":"","cwp_rev_product_image":"","wppr_links":[],"cwp_rev_price":"0.00","wppr_options":[{"name":"Usability","value":"0"},{"name":"Speed","value":"0"},{"name":"Features","value":"0"},{"name":"Support","value":"0"},{"name":"Pricing","value":"0"}],"wppr_pros":["","","","",""],"wppr_cons":["","","","",""],"_monsterinsights_skip_tracking":false,"_monsterinsights_sitenote_active":false,"_monsterinsights_sitenote_note":"","_monsterinsights_sitenote_category":0,"footnotes":""},"categories":[5273],"tags":[4499,15185,5290,5289,5288,5287,15205],"features":[],"class_list":{"0":"post-78216","1":"page","2":"type-page","3":"status-publish","4":"has-post-thumbnail","6":"category-programmi-buste-paga-categoria","7":"tag-buste-paga","8":"tag-cedolini-paga","9":"tag-piattaforma-buste-paga","10":"tag-programma-buste-paga","11":"tag-software-buste-paga","12":"tag-soluzione-buste-paga","13":"tag-workperks"},"wppr_data":{"cwp_meta_box_check":"Yes","_wppr_review_template":"default","cwp_rev_product_image":"","cwp_image_link":"image","wppr_links":[],"cwp_rev_price":"0.00","wppr_pros":["","","","",""],"wppr_cons":["","","","",""],"wppr_rating":"0.00","wppr_options":{"1":{"name":"Usability","value":"0"},"2":{"name":"Speed","value":"0"},"3":{"name":"Features","value":"0"},"4":{"name":"Support","value":"0"},"5":{"name":"Pricing","value":"0"}},"wppr_review_type":"Product","wppr_review_custom_fields":{"additionalProperty":"","additionalType":"","aggregateRating":"","alternateName":"","audience":"","award":"","awards":"","brand":"","color":"","depth":"","description":"","disambiguatingDescription":"","gtin12":"","gtin13":"","gtin14":"","gtin8":"","height":"","identifier":"","image":"","isAccessoryOrSparePartFor":"","isConsumableFor":"","isRelatedTo":"","isSimilarTo":"","itemCondition":"","logo":"","mainEntityOfPage":"","manufacturer":"","material":"","model":"","mpn":"","name":"","offers":"","potentialAction":"","productID":"","productionDate":"","purchaseDate":"","releaseDate":"","review":"","reviews":"","sameAs":"","sku":"","slogan":"","subjectOf":"","url":"","weight":"","width":""}},"acf":[],"yoast_head":"<!-- This site is optimized with the Yoast SEO plugin v27.4 - https:\/\/yoast.com\/product\/yoast-seo-wordpress\/ -->\n<title>WorkPerks: recensione software buste paga - Accurate Reviews<\/title>\n<meta name=\"description\" content=\"WorkPerks: recensione software che offre soluzioni complete di gestione paghe, benefit e conformit\u00e0 per piccole e medie imprese.\" \/>\n<meta name=\"robots\" content=\"index, follow, max-snippet:-1, max-image-preview:large, max-video-preview:-1\" \/>\n<link rel=\"canonical\" href=\"https:\/\/www.accuratereviews.com\/it\/programmi-buste-paga\/workperks-recensione\/\" \/>\n<meta property=\"og:locale\" content=\"it_IT\" \/>\n<meta property=\"og:type\" content=\"article\" \/>\n<meta property=\"og:title\" content=\"WorkPerks: recensione software buste paga - Accurate Reviews\" \/>\n<meta property=\"og:description\" content=\"WorkPerks: recensione software che offre soluzioni complete di gestione paghe, benefit e conformit\u00e0 per piccole e medie imprese.\" \/>\n<meta property=\"og:url\" content=\"https:\/\/www.accuratereviews.com\/it\/programmi-buste-paga\/workperks-recensione\/\" \/>\n<meta property=\"og:site_name\" content=\"Accurate Reviews\" \/>\n<meta property=\"og:image\" content=\"https:\/\/www.accuratereviews.com\/wp-content\/uploads\/2024\/08\/WorkPerks.jpeg\" \/>\n\t<meta property=\"og:image:width\" content=\"245\" \/>\n\t<meta property=\"og:image:height\" content=\"206\" \/>\n\t<meta property=\"og:image:type\" content=\"image\/jpeg\" \/>\n<meta name=\"twitter:card\" content=\"summary_large_image\" \/>\n<meta name=\"twitter:label1\" content=\"Tempo di lettura stimato\" \/>\n\t<meta name=\"twitter:data1\" content=\"4 minuti\" \/>\n<script type=\"application\/ld+json\" class=\"yoast-schema-graph\">{\"@context\":\"https:\\\/\\\/schema.org\",\"@graph\":[{\"@type\":\"WebPage\",\"@id\":\"https:\\\/\\\/www.accuratereviews.com\\\/it\\\/programmi-buste-paga\\\/workperks-recensione\\\/\",\"url\":\"https:\\\/\\\/www.accuratereviews.com\\\/it\\\/programmi-buste-paga\\\/workperks-recensione\\\/\",\"name\":\"WorkPerks: recensione software buste paga - Accurate Reviews\",\"isPartOf\":{\"@id\":\"https:\\\/\\\/www.accuratereviews.com\\\/it\\\/#website\"},\"primaryImageOfPage\":{\"@id\":\"https:\\\/\\\/www.accuratereviews.com\\\/it\\\/programmi-buste-paga\\\/workperks-recensione\\\/#primaryimage\"},\"image\":{\"@id\":\"https:\\\/\\\/www.accuratereviews.com\\\/it\\\/programmi-buste-paga\\\/workperks-recensione\\\/#primaryimage\"},\"thumbnailUrl\":\"https:\\\/\\\/www.accuratereviews.com\\\/wp-content\\\/uploads\\\/2024\\\/08\\\/WorkPerks.jpeg\",\"datePublished\":\"2024-08-02T13:15:24+00:00\",\"description\":\"WorkPerks: recensione software che offre soluzioni complete di gestione paghe, benefit e conformit\u00e0 per piccole e medie imprese.\",\"breadcrumb\":{\"@id\":\"https:\\\/\\\/www.accuratereviews.com\\\/it\\\/programmi-buste-paga\\\/workperks-recensione\\\/#breadcrumb\"},\"inLanguage\":\"it-IT\",\"potentialAction\":[{\"@type\":\"ReadAction\",\"target\":[\"https:\\\/\\\/www.accuratereviews.com\\\/it\\\/programmi-buste-paga\\\/workperks-recensione\\\/\"]}]},{\"@type\":\"ImageObject\",\"inLanguage\":\"it-IT\",\"@id\":\"https:\\\/\\\/www.accuratereviews.com\\\/it\\\/programmi-buste-paga\\\/workperks-recensione\\\/#primaryimage\",\"url\":\"https:\\\/\\\/www.accuratereviews.com\\\/wp-content\\\/uploads\\\/2024\\\/08\\\/WorkPerks.jpeg\",\"contentUrl\":\"https:\\\/\\\/www.accuratereviews.com\\\/wp-content\\\/uploads\\\/2024\\\/08\\\/WorkPerks.jpeg\",\"width\":245,\"height\":206},{\"@type\":\"BreadcrumbList\",\"@id\":\"https:\\\/\\\/www.accuratereviews.com\\\/it\\\/programmi-buste-paga\\\/workperks-recensione\\\/#breadcrumb\",\"itemListElement\":[{\"@type\":\"ListItem\",\"position\":1,\"name\":\"Home\",\"item\":\"https:\\\/\\\/www.accuratereviews.com\\\/it\\\/\"},{\"@type\":\"ListItem\",\"position\":2,\"name\":\"Programmi per buste paga\",\"item\":\"https:\\\/\\\/www.accuratereviews.com\\\/it\\\/programmi-buste-paga\\\/\"},{\"@type\":\"ListItem\",\"position\":3,\"name\":\"WorkPerks\"}]},{\"@type\":\"WebSite\",\"@id\":\"https:\\\/\\\/www.accuratereviews.com\\\/it\\\/#website\",\"url\":\"https:\\\/\\\/www.accuratereviews.com\\\/it\\\/\",\"name\":\"Accurate Reviews\",\"description\":\"\",\"potentialAction\":[{\"@type\":\"SearchAction\",\"target\":{\"@type\":\"EntryPoint\",\"urlTemplate\":\"https:\\\/\\\/www.accuratereviews.com\\\/it\\\/?s={search_term_string}\"},\"query-input\":{\"@type\":\"PropertyValueSpecification\",\"valueRequired\":true,\"valueName\":\"search_term_string\"}}],\"inLanguage\":\"it-IT\"}]}<\/script>\n<!-- \/ Yoast SEO plugin. -->","yoast_head_json":{"title":"WorkPerks: recensione software buste paga - Accurate Reviews","description":"WorkPerks: recensione software che offre soluzioni complete di gestione paghe, benefit e conformit\u00e0 per piccole e medie imprese.","robots":{"index":"index","follow":"follow","max-snippet":"max-snippet:-1","max-image-preview":"max-image-preview:large","max-video-preview":"max-video-preview:-1"},"canonical":"https:\/\/www.accuratereviews.com\/it\/programmi-buste-paga\/workperks-recensione\/","og_locale":"it_IT","og_type":"article","og_title":"WorkPerks: recensione software buste paga - Accurate Reviews","og_description":"WorkPerks: recensione software che offre soluzioni complete di gestione paghe, benefit e conformit\u00e0 per piccole e medie imprese.","og_url":"https:\/\/www.accuratereviews.com\/it\/programmi-buste-paga\/workperks-recensione\/","og_site_name":"Accurate Reviews","og_image":[{"width":245,"height":206,"url":"https:\/\/www.accuratereviews.com\/wp-content\/uploads\/2024\/08\/WorkPerks.jpeg","type":"image\/jpeg"}],"twitter_card":"summary_large_image","twitter_misc":{"Tempo di lettura stimato":"4 minuti"},"schema":{"@context":"https:\/\/schema.org","@graph":[{"@type":"WebPage","@id":"https:\/\/www.accuratereviews.com\/it\/programmi-buste-paga\/workperks-recensione\/","url":"https:\/\/www.accuratereviews.com\/it\/programmi-buste-paga\/workperks-recensione\/","name":"WorkPerks: recensione software buste paga - Accurate Reviews","isPartOf":{"@id":"https:\/\/www.accuratereviews.com\/it\/#website"},"primaryImageOfPage":{"@id":"https:\/\/www.accuratereviews.com\/it\/programmi-buste-paga\/workperks-recensione\/#primaryimage"},"image":{"@id":"https:\/\/www.accuratereviews.com\/it\/programmi-buste-paga\/workperks-recensione\/#primaryimage"},"thumbnailUrl":"https:\/\/www.accuratereviews.com\/wp-content\/uploads\/2024\/08\/WorkPerks.jpeg","datePublished":"2024-08-02T13:15:24+00:00","description":"WorkPerks: recensione software che offre soluzioni complete di gestione paghe, benefit e conformit\u00e0 per piccole e medie imprese.","breadcrumb":{"@id":"https:\/\/www.accuratereviews.com\/it\/programmi-buste-paga\/workperks-recensione\/#breadcrumb"},"inLanguage":"it-IT","potentialAction":[{"@type":"ReadAction","target":["https:\/\/www.accuratereviews.com\/it\/programmi-buste-paga\/workperks-recensione\/"]}]},{"@type":"ImageObject","inLanguage":"it-IT","@id":"https:\/\/www.accuratereviews.com\/it\/programmi-buste-paga\/workperks-recensione\/#primaryimage","url":"https:\/\/www.accuratereviews.com\/wp-content\/uploads\/2024\/08\/WorkPerks.jpeg","contentUrl":"https:\/\/www.accuratereviews.com\/wp-content\/uploads\/2024\/08\/WorkPerks.jpeg","width":245,"height":206},{"@type":"BreadcrumbList","@id":"https:\/\/www.accuratereviews.com\/it\/programmi-buste-paga\/workperks-recensione\/#breadcrumb","itemListElement":[{"@type":"ListItem","position":1,"name":"Home","item":"https:\/\/www.accuratereviews.com\/it\/"},{"@type":"ListItem","position":2,"name":"Programmi per buste paga","item":"https:\/\/www.accuratereviews.com\/it\/programmi-buste-paga\/"},{"@type":"ListItem","position":3,"name":"WorkPerks"}]},{"@type":"WebSite","@id":"https:\/\/www.accuratereviews.com\/it\/#website","url":"https:\/\/www.accuratereviews.com\/it\/","name":"Accurate Reviews","description":"","potentialAction":[{"@type":"SearchAction","target":{"@type":"EntryPoint","urlTemplate":"https:\/\/www.accuratereviews.com\/it\/?s={search_term_string}"},"query-input":{"@type":"PropertyValueSpecification","valueRequired":true,"valueName":"search_term_string"}}],"inLanguage":"it-IT"}]}},"_links":{"self":[{"href":"https:\/\/www.accuratereviews.com\/it\/wp-json\/wp\/v2\/pages\/78216","targetHints":{"allow":["GET"]}}],"collection":[{"href":"https:\/\/www.accuratereviews.com\/it\/wp-json\/wp\/v2\/pages"}],"about":[{"href":"https:\/\/www.accuratereviews.com\/it\/wp-json\/wp\/v2\/types\/page"}],"author":[{"embeddable":true,"href":"https:\/\/www.accuratereviews.com\/it\/wp-json\/wp\/v2\/users\/19"}],"replies":[{"embeddable":true,"href":"https:\/\/www.accuratereviews.com\/it\/wp-json\/wp\/v2\/comments?post=78216"}],"version-history":[{"count":9,"href":"https:\/\/www.accuratereviews.com\/it\/wp-json\/wp\/v2\/pages\/78216\/revisions"}],"predecessor-version":[{"id":78231,"href":"https:\/\/www.accuratereviews.com\/it\/wp-json\/wp\/v2\/pages\/78216\/revisions\/78231"}],"up":[{"embeddable":true,"href":"https:\/\/www.accuratereviews.com\/it\/wp-json\/wp\/v2\/pages\/38170"}],"wp:featuredmedia":[{"embeddable":true,"href":"https:\/\/www.accuratereviews.com\/it\/wp-json\/wp\/v2\/media\/78219"}],"wp:attachment":[{"href":"https:\/\/www.accuratereviews.com\/it\/wp-json\/wp\/v2\/media?parent=78216"}],"wp:term":[{"taxonomy":"category","embeddable":true,"href":"https:\/\/www.accuratereviews.com\/it\/wp-json\/wp\/v2\/categories?post=78216"},{"taxonomy":"post_tag","embeddable":true,"href":"https:\/\/www.accuratereviews.com\/it\/wp-json\/wp\/v2\/tags?post=78216"},{"taxonomy":"features","embeddable":true,"href":"https:\/\/www.accuratereviews.com\/it\/wp-json\/wp\/v2\/features?post=78216"}],"curies":[{"name":"wp","href":"https:\/\/api.w.org\/{rel}","templated":true}]}}