{"id":7822,"date":"2017-02-06T15:56:09","date_gmt":"2017-02-06T15:56:09","guid":{"rendered":"http:\/\/www.accuratereviews.com\/i-migliori-text-editor-lista\/sublime-text\/"},"modified":"2017-05-03T07:55:26","modified_gmt":"2017-05-03T07:55:26","slug":"sublime-text","status":"publish","type":"page","link":"https:\/\/www.accuratereviews.com\/it\/i-migliori-text-editor-lista\/sublime-text\/","title":{"rendered":"Sublime Text"},"content":{"rendered":"<p><img loading=\"lazy\" decoding=\"async\" class=\"alignnone size-full wp-image-7643\" src=\"http:\/\/www.accuratereviews.com\/wp-content\/uploads\/2017\/01\/Sublime-text-2-screenshot.png\" alt=\"sublime text\" width=\"640\" height=\"361\" srcset=\"https:\/\/www.accuratereviews.com\/wp-content\/uploads\/2017\/01\/Sublime-text-2-screenshot.png 640w, https:\/\/www.accuratereviews.com\/wp-content\/uploads\/2017\/01\/Sublime-text-2-screenshot-300x169.png 300w, https:\/\/www.accuratereviews.com\/wp-content\/uploads\/2017\/01\/Sublime-text-2-screenshot-222x125.png 222w, https:\/\/www.accuratereviews.com\/wp-content\/uploads\/2017\/01\/Sublime-text-2-screenshot-50x28.png 50w, https:\/\/www.accuratereviews.com\/wp-content\/uploads\/2017\/01\/Sublime-text-2-screenshot-636x359.png 636w, https:\/\/www.accuratereviews.com\/wp-content\/uploads\/2017\/01\/Sublime-text-2-screenshot-482x271.png 482w, https:\/\/www.accuratereviews.com\/wp-content\/uploads\/2017\/01\/Sublime-text-2-screenshot-320x181.png 320w, https:\/\/www.accuratereviews.com\/wp-content\/uploads\/2017\/01\/Sublime-text-2-screenshot-239x135.png 239w\" sizes=\"auto, (max-width: 640px) 100vw, 640px\" \/><\/p>\n<p>Considerando la quantit\u00e0 di concorrenti, <strong>Sublime Text<\/strong> se l\u2019\u00e8 cavata bene: <strong>\u00e8 stato votato come il pi\u00f9 diffuso ambiente di sviluppo nel sondaggio per programmatori di Stack Overflow<\/strong>. Lo aiuta la longevit\u00e0 (esiste dal 2007), ma anche per un gran numero di funzionalit\u00e0 utili e creative che sono preinstallate. La feature \u201cGoto Anything\u201drende l\u2019apertura dei file una sciocchezza. \u00c8 sufficiente digitare una parte del nome di un file perch\u00e9 sia aperto, e le scorciatoie da tastiera vi porteranno direttamente al punto del file di cui avete bisogno. <strong>Lo split editing vi permette di modificare pi\u00f9 file alla volta l\u2019uno accanto all\u2019altro<\/strong>, e lo sviluppatore del software ha pensato che spesso i programmatori lavorano con pi\u00f9 di un monitor. Suddividere un file su pi\u00f9 schermi vi permetter\u00e0 di controllare meglio parti differenti di uno stesso progetto.<\/p>\n<p><strong>Effettuare delle modifiche \u00e8 altrettanto semplice<\/strong>. Le scorciatoie vi permettono di modificare pi\u00f9 elementi allo stesso tempo, cambiare progetto con facilit\u00e0, e in pi\u00f9 Sublime Text ha incluso un sistema di plugin basato su Python molto potente.<\/p>\n<p>Due caratteristiche saltano all\u2019occhio immediatamente. La prima \u00e8<strong> la possibilit\u00e0 di personalizzare il software<\/strong>. Come <a href=\"https:\/\/www.accuratereviews.com\/best-text-editor-reviews-list\/atom-2\/\" target=\"_blank\">Atom<\/a>, Sublime Text utilizza delle estensioni per aumentare le sue funzionalit\u00e0, pertanto il primo passo dovrebbe essere installare il plugin Sublime Package Control. \u00c8 un po\u2019 complicato, ma \u00e8 un passaggio obbligato per ottenere il massimo dal programma.<\/p>\n<p>L\u2019altra caratteristica \u00e8 <strong>la modalit\u00e0 \u201cdistraction-free\u201d<\/strong>: potete usare il programma a tutto schermo senza fargli mostrare altro che non il testo &#8211; per quanto potrete ovviamente richiamare l\u2019interfaccia alla bisogna. Pu\u00f2 non sembrare come una cosa importante, ma il concorrente pi\u00f9 importante di Sublime \u00e8 Atom, che ha ancora pi\u00f9 possibilit\u00e0 di personalizzazione ed \u00e8 incline a riempire lo schermo con un mucchio di extra inutili. L\u2019opportunit\u00e0 di togliere tutto \u00e8 un\u2019ottima differenziazione.<\/p>\n<p><strong>Sublime inoltre ha un ottimo supporto clienti di tipo professionale<\/strong>, senza dipendere da forum e community. Deve, in un certo senso, offrire quest\u2019aiuto, perch\u00e9 al contrario della maggior parte degli editor, Atom incluso, <strong>Sublime non \u00e8 gratuito. Costa 70$<\/strong>, ed \u00e8 meglio vi studiate bene il sfotware per caprie se li merita o meno.<\/p>\n","protected":false},"excerpt":{"rendered":"<p>Considerando la quantit\u00e0 di concorrenti, Sublime Text se l\u2019\u00e8 cavata bene: \u00e8 stato votato come il pi\u00f9 diffuso ambiente di sviluppo nel sondaggio per programmatori di Stack Overflow. Lo aiuta la longevit\u00e0 (esiste dal 2007), ma anche per un gran numero di funzionalit\u00e0 utili e creative che sono preinstallate.<\/p>\n","protected":false},"author":16,"featured_media":0,"parent":7660,"menu_order":1,"comment_status":"open","ping_status":"closed","template":"g1_template_page_review_new.php","meta":{"_acf_changed":false,"cwp_meta_box_check":"Yes","cwp_rev_product_name":"","cwp_rev_product_image":"","wppr_links":[],"cwp_rev_price":"","wppr_options":[],"wppr_pros":[],"wppr_cons":[],"_monsterinsights_skip_tracking":false,"_monsterinsights_sitenote_active":false,"_monsterinsights_sitenote_note":"","_monsterinsights_sitenote_category":0,"footnotes":""},"categories":[171],"tags":[],"features":[],"class_list":{"0":"post-7822","1":"page","2":"type-page","3":"status-publish","5":"category-text-editor-it"},"wppr_data":{"cwp_meta_box_check":"Yes","cwp_rev_product_name":"","cwp_rev_product_image":"","cwp_image_link":"image","cwp_rev_price":"","wppr_rating":"0.00"},"acf":[],"yoast_head":"<!-- This site is optimized with the Yoast SEO plugin v27.4 - https:\/\/yoast.com\/product\/yoast-seo-wordpress\/ -->\n<title>Sublime Text recensione del miglior text editor per sviluppatori | Accurat Reviews<\/title>\n<meta name=\"description\" content=\"Sublime Text \u00e8 uno dei migliori text editor per programmatori del settore: \u00e8 semplice, affidabile, ed \u00e8 un ottimo ambiente di sviluppo.\" \/>\n<meta name=\"robots\" content=\"index, follow, max-snippet:-1, max-image-preview:large, max-video-preview:-1\" \/>\n<link rel=\"canonical\" href=\"https:\/\/www.accuratereviews.com\/it\/i-migliori-text-editor-lista\/sublime-text\/\" \/>\n<meta property=\"og:locale\" content=\"it_IT\" \/>\n<meta property=\"og:type\" content=\"article\" \/>\n<meta property=\"og:title\" content=\"Sublime Text recensione del miglior text editor per sviluppatori | Accurat Reviews\" \/>\n<meta property=\"og:description\" content=\"Sublime Text \u00e8 uno dei migliori text editor per programmatori del settore: \u00e8 semplice, affidabile, ed \u00e8 un ottimo ambiente di sviluppo.\" \/>\n<meta property=\"og:url\" content=\"https:\/\/www.accuratereviews.com\/it\/i-migliori-text-editor-lista\/sublime-text\/\" \/>\n<meta property=\"og:site_name\" content=\"Accurate Reviews\" \/>\n<meta property=\"article:modified_time\" content=\"2017-05-03T07:55:26+00:00\" \/>\n<meta property=\"og:image\" content=\"http:\/\/www.accuratereviews.com\/wp-content\/uploads\/2017\/01\/Sublime-text-2-screenshot.png\" \/>\n<meta name=\"twitter:card\" content=\"summary_large_image\" \/>\n<meta name=\"twitter:label1\" content=\"Tempo di lettura stimato\" \/>\n\t<meta name=\"twitter:data1\" content=\"2 minuti\" \/>\n<script type=\"application\/ld+json\" class=\"yoast-schema-graph\">{\"@context\":\"https:\\\/\\\/schema.org\",\"@graph\":[{\"@type\":\"WebPage\",\"@id\":\"https:\\\/\\\/www.accuratereviews.com\\\/it\\\/i-migliori-text-editor-lista\\\/sublime-text\\\/\",\"url\":\"https:\\\/\\\/www.accuratereviews.com\\\/it\\\/i-migliori-text-editor-lista\\\/sublime-text\\\/\",\"name\":\"Sublime Text recensione del miglior text editor per sviluppatori | Accurat Reviews\",\"isPartOf\":{\"@id\":\"https:\\\/\\\/www.accuratereviews.com\\\/it\\\/#website\"},\"primaryImageOfPage\":{\"@id\":\"https:\\\/\\\/www.accuratereviews.com\\\/it\\\/i-migliori-text-editor-lista\\\/sublime-text\\\/#primaryimage\"},\"image\":{\"@id\":\"https:\\\/\\\/www.accuratereviews.com\\\/it\\\/i-migliori-text-editor-lista\\\/sublime-text\\\/#primaryimage\"},\"thumbnailUrl\":\"http:\\\/\\\/www.accuratereviews.com\\\/wp-content\\\/uploads\\\/2017\\\/01\\\/Sublime-text-2-screenshot.png\",\"datePublished\":\"2017-02-06T15:56:09+00:00\",\"dateModified\":\"2017-05-03T07:55:26+00:00\",\"description\":\"Sublime Text \u00e8 uno dei migliori text editor per programmatori del settore: \u00e8 semplice, affidabile, ed \u00e8 un ottimo ambiente di sviluppo.\",\"breadcrumb\":{\"@id\":\"https:\\\/\\\/www.accuratereviews.com\\\/it\\\/i-migliori-text-editor-lista\\\/sublime-text\\\/#breadcrumb\"},\"inLanguage\":\"it-IT\",\"potentialAction\":[{\"@type\":\"ReadAction\",\"target\":[\"https:\\\/\\\/www.accuratereviews.com\\\/it\\\/i-migliori-text-editor-lista\\\/sublime-text\\\/\"]}]},{\"@type\":\"ImageObject\",\"inLanguage\":\"it-IT\",\"@id\":\"https:\\\/\\\/www.accuratereviews.com\\\/it\\\/i-migliori-text-editor-lista\\\/sublime-text\\\/#primaryimage\",\"url\":\"http:\\\/\\\/www.accuratereviews.com\\\/wp-content\\\/uploads\\\/2017\\\/01\\\/Sublime-text-2-screenshot.png\",\"contentUrl\":\"http:\\\/\\\/www.accuratereviews.com\\\/wp-content\\\/uploads\\\/2017\\\/01\\\/Sublime-text-2-screenshot.png\"},{\"@type\":\"BreadcrumbList\",\"@id\":\"https:\\\/\\\/www.accuratereviews.com\\\/it\\\/i-migliori-text-editor-lista\\\/sublime-text\\\/#breadcrumb\",\"itemListElement\":[{\"@type\":\"ListItem\",\"position\":1,\"name\":\"Home\",\"item\":\"https:\\\/\\\/www.accuratereviews.com\\\/it\\\/\"},{\"@type\":\"ListItem\",\"position\":2,\"name\":\"I migliori text editor\",\"item\":\"https:\\\/\\\/www.accuratereviews.com\\\/it\\\/i-migliori-text-editor-lista\\\/\"},{\"@type\":\"ListItem\",\"position\":3,\"name\":\"Sublime Text\"}]},{\"@type\":\"WebSite\",\"@id\":\"https:\\\/\\\/www.accuratereviews.com\\\/it\\\/#website\",\"url\":\"https:\\\/\\\/www.accuratereviews.com\\\/it\\\/\",\"name\":\"Accurate Reviews\",\"description\":\"\",\"potentialAction\":[{\"@type\":\"SearchAction\",\"target\":{\"@type\":\"EntryPoint\",\"urlTemplate\":\"https:\\\/\\\/www.accuratereviews.com\\\/it\\\/?s={search_term_string}\"},\"query-input\":{\"@type\":\"PropertyValueSpecification\",\"valueRequired\":true,\"valueName\":\"search_term_string\"}}],\"inLanguage\":\"it-IT\"}]}<\/script>\n<!-- \/ Yoast SEO plugin. -->","yoast_head_json":{"title":"Sublime Text recensione del miglior text editor per sviluppatori | Accurat Reviews","description":"Sublime Text \u00e8 uno dei migliori text editor per programmatori del settore: \u00e8 semplice, affidabile, ed \u00e8 un ottimo ambiente di sviluppo.","robots":{"index":"index","follow":"follow","max-snippet":"max-snippet:-1","max-image-preview":"max-image-preview:large","max-video-preview":"max-video-preview:-1"},"canonical":"https:\/\/www.accuratereviews.com\/it\/i-migliori-text-editor-lista\/sublime-text\/","og_locale":"it_IT","og_type":"article","og_title":"Sublime Text recensione del miglior text editor per sviluppatori | Accurat Reviews","og_description":"Sublime Text \u00e8 uno dei migliori text editor per programmatori del settore: \u00e8 semplice, affidabile, ed \u00e8 un ottimo ambiente di sviluppo.","og_url":"https:\/\/www.accuratereviews.com\/it\/i-migliori-text-editor-lista\/sublime-text\/","og_site_name":"Accurate Reviews","article_modified_time":"2017-05-03T07:55:26+00:00","og_image":[{"url":"http:\/\/www.accuratereviews.com\/wp-content\/uploads\/2017\/01\/Sublime-text-2-screenshot.png","type":"","width":"","height":""}],"twitter_card":"summary_large_image","twitter_misc":{"Tempo di lettura stimato":"2 minuti"},"schema":{"@context":"https:\/\/schema.org","@graph":[{"@type":"WebPage","@id":"https:\/\/www.accuratereviews.com\/it\/i-migliori-text-editor-lista\/sublime-text\/","url":"https:\/\/www.accuratereviews.com\/it\/i-migliori-text-editor-lista\/sublime-text\/","name":"Sublime Text recensione del miglior text editor per sviluppatori | Accurat Reviews","isPartOf":{"@id":"https:\/\/www.accuratereviews.com\/it\/#website"},"primaryImageOfPage":{"@id":"https:\/\/www.accuratereviews.com\/it\/i-migliori-text-editor-lista\/sublime-text\/#primaryimage"},"image":{"@id":"https:\/\/www.accuratereviews.com\/it\/i-migliori-text-editor-lista\/sublime-text\/#primaryimage"},"thumbnailUrl":"http:\/\/www.accuratereviews.com\/wp-content\/uploads\/2017\/01\/Sublime-text-2-screenshot.png","datePublished":"2017-02-06T15:56:09+00:00","dateModified":"2017-05-03T07:55:26+00:00","description":"Sublime Text \u00e8 uno dei migliori text editor per programmatori del settore: \u00e8 semplice, affidabile, ed \u00e8 un ottimo ambiente di sviluppo.","breadcrumb":{"@id":"https:\/\/www.accuratereviews.com\/it\/i-migliori-text-editor-lista\/sublime-text\/#breadcrumb"},"inLanguage":"it-IT","potentialAction":[{"@type":"ReadAction","target":["https:\/\/www.accuratereviews.com\/it\/i-migliori-text-editor-lista\/sublime-text\/"]}]},{"@type":"ImageObject","inLanguage":"it-IT","@id":"https:\/\/www.accuratereviews.com\/it\/i-migliori-text-editor-lista\/sublime-text\/#primaryimage","url":"http:\/\/www.accuratereviews.com\/wp-content\/uploads\/2017\/01\/Sublime-text-2-screenshot.png","contentUrl":"http:\/\/www.accuratereviews.com\/wp-content\/uploads\/2017\/01\/Sublime-text-2-screenshot.png"},{"@type":"BreadcrumbList","@id":"https:\/\/www.accuratereviews.com\/it\/i-migliori-text-editor-lista\/sublime-text\/#breadcrumb","itemListElement":[{"@type":"ListItem","position":1,"name":"Home","item":"https:\/\/www.accuratereviews.com\/it\/"},{"@type":"ListItem","position":2,"name":"I migliori text editor","item":"https:\/\/www.accuratereviews.com\/it\/i-migliori-text-editor-lista\/"},{"@type":"ListItem","position":3,"name":"Sublime Text"}]},{"@type":"WebSite","@id":"https:\/\/www.accuratereviews.com\/it\/#website","url":"https:\/\/www.accuratereviews.com\/it\/","name":"Accurate Reviews","description":"","potentialAction":[{"@type":"SearchAction","target":{"@type":"EntryPoint","urlTemplate":"https:\/\/www.accuratereviews.com\/it\/?s={search_term_string}"},"query-input":{"@type":"PropertyValueSpecification","valueRequired":true,"valueName":"search_term_string"}}],"inLanguage":"it-IT"}]}},"_links":{"self":[{"href":"https:\/\/www.accuratereviews.com\/it\/wp-json\/wp\/v2\/pages\/7822","targetHints":{"allow":["GET"]}}],"collection":[{"href":"https:\/\/www.accuratereviews.com\/it\/wp-json\/wp\/v2\/pages"}],"about":[{"href":"https:\/\/www.accuratereviews.com\/it\/wp-json\/wp\/v2\/types\/page"}],"author":[{"embeddable":true,"href":"https:\/\/www.accuratereviews.com\/it\/wp-json\/wp\/v2\/users\/16"}],"replies":[{"embeddable":true,"href":"https:\/\/www.accuratereviews.com\/it\/wp-json\/wp\/v2\/comments?post=7822"}],"version-history":[{"count":3,"href":"https:\/\/www.accuratereviews.com\/it\/wp-json\/wp\/v2\/pages\/7822\/revisions"}],"predecessor-version":[{"id":9243,"href":"https:\/\/www.accuratereviews.com\/it\/wp-json\/wp\/v2\/pages\/7822\/revisions\/9243"}],"up":[{"embeddable":true,"href":"https:\/\/www.accuratereviews.com\/it\/wp-json\/wp\/v2\/pages\/7660"}],"wp:attachment":[{"href":"https:\/\/www.accuratereviews.com\/it\/wp-json\/wp\/v2\/media?parent=7822"}],"wp:term":[{"taxonomy":"category","embeddable":true,"href":"https:\/\/www.accuratereviews.com\/it\/wp-json\/wp\/v2\/categories?post=7822"},{"taxonomy":"post_tag","embeddable":true,"href":"https:\/\/www.accuratereviews.com\/it\/wp-json\/wp\/v2\/tags?post=7822"},{"taxonomy":"features","embeddable":true,"href":"https:\/\/www.accuratereviews.com\/it\/wp-json\/wp\/v2\/features?post=7822"}],"curies":[{"name":"wp","href":"https:\/\/api.w.org\/{rel}","templated":true}]}}