{"id":78245,"date":"2024-08-05T15:15:58","date_gmt":"2024-08-05T15:15:58","guid":{"rendered":"https:\/\/www.accuratereviews.com\/?page_id=78245"},"modified":"2024-08-07T10:13:28","modified_gmt":"2024-08-07T10:13:28","slug":"papaya-global-recensione","status":"publish","type":"page","link":"https:\/\/www.accuratereviews.com\/it\/programmi-buste-paga\/papaya-global-recensione\/","title":{"rendered":"Papaya Global"},"content":{"rendered":"<p><strong>Papaya Global<\/strong> \u00e8 una societ\u00e0 fintech SaaS che fornisce tecnologia di <strong>elaborazione paghe globale<\/strong> ed \u00e8 l&#8217;unica con una piattaforma di pagamenti incorporata progettata per le esigenze della forza lavoro delle aziende mondiali. La tecnologia complet,a nota come <strong>Papaya Payroll OS<\/strong>, fornisce elaborazione paghe con automazione, conformit\u00e0, flessibilit\u00e0 e sicurezza. La piattaforma offre ai team finanziari la visibilit\u00e0 e il controllo per gestire le spese e i pagamenti della forza lavoro, con piena responsabilit\u00e0 in caso di problemi.<br \/>\nL&#8217;approccio integrato di <strong>Papaya<\/strong> collega i punti dell&#8217;elaborazione paghe, unificando e standardizzando dati e processi da strumenti HCM ed ERP per creare un&#8217;unica fonte di verit\u00e0. Trasforma l&#8217;elaborazione paghe, la spesa e la passivit\u00e0 di ogni azienda in un asset strategico, potenziando la crescita su larga scala. Tra i molti riconoscimenti, <strong>Papaya<\/strong> \u00e8 stata inclusa nella classifica Forbes Cloud 100 e nella classifica Top Startups for the Enterprise della CNBC.<\/p>\n<h2>PAPAYA GLOBAL &#8211; TUTORIAL<\/h2>\n<div id=\"fluid-wrapper-counter-1\" class=\"g1-fluid-wrapper \" style=\"width:686px;\">\n<div style=\"padding-bottom:56.268221574344%;\"><iframe loading=\"lazy\" title=\"How to add beneficiaries to your Papaya account\" width=\"686\" height=\"386\" src=\"https:\/\/www.youtube.com\/embed\/QQ-TjO-9l7Q?feature=oembed&amp;wmode=transparent&amp;autohide=1&amp;autoplay=0&amp;disablekb=0&amp;fs=1&amp;loop=0&amp;enablejsapi=1&amp;rel=0&amp;controls=2&amp;showinfo=0&amp;wmode=transparent&amp;autohide=2&amp;autoplay=0&amp;disablekb=0&amp;fs=1&amp;loop=0&amp;enablejsapi=1&amp;rel=0&amp;controls=2&amp;showinfo=1\" frameborder=\"0\" allow=\"accelerometer; autoplay; clipboard-write; encrypted-media; gyroscope; picture-in-picture; web-share\" referrerpolicy=\"strict-origin-when-cross-origin\" allowfullscreen><\/iframe><\/div>\n<\/div>\n<h3>PAPAYA GLOBAL &#8211; CARATTERISTICHE<\/h3>\n<ul>\n<li><strong>Pagamenti ottimizzati per la forza lavoro<\/strong>: effettua depositi diretti globali a tutti gli stakeholder e per tutte le categorie di impiego in oltre 160 paesi, da una sede centralizzata, su sistemi di pagamento progettati per essere consegnati il \u200b\u200bgiorno della paga.<\/li>\n<li><strong>Autorizzato e regolamentato<\/strong>: con le licenze internazionali per detenere e trasferire fondi, il programma \u00e8 un istituto finanziario regolamentato che utilizza infrastrutture e sistemi di pagamento di banche di livello 1, mantenendo i tuoi fondi separati e protetti.<\/li>\n<li><strong>Dai potere ai tuoi dipendenti<\/strong>: le risorse e gli strumenti di cui i tuoi dipendenti hanno bisogno per gestire la loro vita lavorativa in modo indipendente.<\/li>\n<li><strong>Supporto a portata di mano<\/strong>: I dipendenti possono porre domande e ottenere risposte direttamente dalla soluzione. Non c&#8217;\u00e8 bisogno di intermediari.<\/li>\n<li><strong>Scelta di app o browser<\/strong>: disponibile su iOS, Android o sul Web. I dipendenti ottengono tutto ci\u00f2 di cui hanno bisogno, ovunque si trovino. Una volta approvato il ciclo, il JE viene generato all&#8217;istante<\/li>\n<li><strong>Piattaforma ERP Agnostica<\/strong>: il programma genera il tuo JE per qualsiasi sistema ERP seguito da un processo di mappatura una tantum<\/li>\n<li><strong>Esperti certificati<\/strong>: gli esperti del settore sono contabili pubblici certificati con anni di esperienza che parlano la lingua locale e conoscono la cultura. Risolvono problemi complessi di buste paga e tengono traccia delle normative in continua evoluzione.<\/li>\n<li><strong>Supporto senza pari<\/strong>: responsabili account dedicati e CPA locali rispondono rapidamente a tutte le richieste, fornendo risposte accurate e personalizzate.<\/li>\n<\/ul>\n<h4>LE RECENSIONI DEGLI UTENTI<\/h4>\n<p><strong>Idan &#8220;Soluzione eccezionale per la gestione delle retribuzioni per team globali&#8221;<\/strong><br \/>\n<strong>Commenti<\/strong>: Nel complesso, la mia esperienza con Papaya Global \u00e8 stata eccezionale. La piattaforma ha semplificato i nostri processi di gestione delle buste paga e ha garantito la conformit\u00e0 in pi\u00f9 paesi, il che \u00e8 stato prezioso per il nostro team globale. La facilit\u00e0 d&#8217;uso e le funzionalit\u00e0 complete lo rendono una scelta eccellente per qualsiasi organizzazione con esigenze di gestione stipendi internazionali. Consiglio vivamente Papaya Global a tutte le aziende che desiderano semplificare e proteggere le proprie operazioni relative alle buste paga<br \/>\n<strong>Pro<\/strong>: Papaya Global eccelle nella gestione delle buste paga multivaluta, che \u00e8 fondamentale per le nostre operazioni internazionali. Le funzionalit\u00e0 di conformit\u00e0 ci garantiscono il rispetto di tutte le leggi e i regolamenti locali, garantendoci la massima tranquillit\u00e0. L&#8217;interfaccia intuitiva della piattaforma e le robuste funzionalit\u00e0 di automazione riducono significativamente il nostro carico di lavoro amministrativo. Anche il team di supporto \u00e8 di prim&#8217;ordine: reattivo, competente e sempre pronto ad aiutare.<br \/>\n<strong>Contro<\/strong>: Il processo di configurazione iniziale \u00e8 stato un po\u2019 complesso e ha richiesto del tempo, ma il team di assistenza clienti \u00e8 stato molto utile durante tutto il processo. Inoltre, mi piacerebbe vedere pi\u00f9 opzioni di personalizzazione nelle funzionalit\u00e0 di reporting.<\/p>\n<p><strong>Tito &#8220;La facilit\u00e0 di fare affari con Papaya.&#8221;<\/strong><br \/>\n<strong>Commenti<\/strong>: Siamo soddisfatti del loro servizio e della loro professionalit\u00e0 e speriamo di avere pi\u00f9 affari con loro in futuro.<br \/>\n<strong>Pro<\/strong>: Ogni volta che inviamo qualcosa via e-mail (una domanda o altro), c&#8217;\u00e8 sempre qualcuno che gestir\u00e0 la domanda. La risposta o il risultato sono sempre tempestivi. Il nostro outsourcing del libro paga sarebbe stato un grattacapo se non ci fossimo impegnati con Papaya. Grazie a Papaya!<br \/>\n<strong>Contro<\/strong>: Il singhiozzo nel coordinarsi con l&#8217;altra parte del contratto. So che non \u00e8 colpa di Papaya, ma dell&#8217;altra parte. Ma possiamo sentire che Papaya sta facendo del suo meglio per coordinarsi adeguatamente e risolvere i problemi. Grazie per questo.<\/p>\n<p><strong>Hardev &#8220;Azienda fantastica, in continuo miglioramento&#8221;<\/strong><br \/>\n<strong>Commenti<\/strong>: Ho sempre trovato una soluzione per le domande pi\u00f9 impegnative con una rapida svolta. Molto professionali nel loro servizio.<br \/>\n<strong>Pro<\/strong>: Molto veloce nella risposta. Super conforme alle normative globali. Sa esattamente come interagire con i partner nazionali. Facilmente raggiungibile Affidabile<br \/>\n<strong>Contro<\/strong>: Posizioni limitate. Vorrei che avessero pi\u00f9 sedi in Medio Oriente.<\/p>\n","protected":false},"excerpt":{"rendered":"<p>Papaya Global \u00e8 una societ\u00e0 fintech SaaS che fornisce tecnologia di elaborazione paghe globale ed \u00e8 l&#8217;unica con una piattaforma di pagamenti incorporata progettata per le esigenze della forza lavoro delle aziende mondiali. La tecnologia completa nota come Papaya Payroll OS, fornisce elaborazione paghe con automazione, conformit\u00e0, flessibilit\u00e0 e sicurezza.<\/p>\n","protected":false},"author":19,"featured_media":78247,"parent":38170,"menu_order":0,"comment_status":"open","ping_status":"closed","template":"g1_template_page_review_new.php","meta":{"_acf_changed":false,"cwp_meta_box_check":"No","cwp_rev_product_name":"","cwp_rev_product_image":"","wppr_links":[],"cwp_rev_price":"","wppr_options":[],"wppr_pros":[],"wppr_cons":[],"_monsterinsights_skip_tracking":false,"_monsterinsights_sitenote_active":false,"_monsterinsights_sitenote_note":"","_monsterinsights_sitenote_category":0,"footnotes":""},"categories":[5273],"tags":[4499,15185,15209,15208,5290,5289,5288,5287],"features":[],"class_list":{"0":"post-78245","1":"page","2":"type-page","3":"status-publish","4":"has-post-thumbnail","6":"category-programmi-buste-paga-categoria","7":"tag-buste-paga","8":"tag-cedolini-paga","9":"tag-elaborazione-paghe","10":"tag-papaya-global","11":"tag-piattaforma-buste-paga","12":"tag-programma-buste-paga","13":"tag-software-buste-paga","14":"tag-soluzione-buste-paga"},"wppr_data":{"cwp_meta_box_check":"No"},"acf":[],"yoast_head":"<!-- This site is optimized with the Yoast SEO plugin v27.4 - https:\/\/yoast.com\/product\/yoast-seo-wordpress\/ -->\n<title>Papaya Global: recensione software per busta paga - Accurate Reviews<\/title>\n<meta name=\"description\" content=\"Papaya Global: recensione software che fornisce tecnologia di elaborazione paghe globale con strumenti di pagamenti incorporati.\" \/>\n<meta name=\"robots\" content=\"index, follow, max-snippet:-1, max-image-preview:large, max-video-preview:-1\" \/>\n<link rel=\"canonical\" href=\"https:\/\/www.accuratereviews.com\/it\/programmi-buste-paga\/papaya-global-recensione\/\" \/>\n<meta property=\"og:locale\" content=\"it_IT\" \/>\n<meta property=\"og:type\" content=\"article\" \/>\n<meta property=\"og:title\" content=\"Papaya Global: recensione software per busta paga - Accurate Reviews\" \/>\n<meta property=\"og:description\" content=\"Papaya Global: recensione software che fornisce tecnologia di elaborazione paghe globale con strumenti di pagamenti incorporati.\" \/>\n<meta property=\"og:url\" content=\"https:\/\/www.accuratereviews.com\/it\/programmi-buste-paga\/papaya-global-recensione\/\" \/>\n<meta property=\"og:site_name\" content=\"Accurate Reviews\" \/>\n<meta property=\"article:modified_time\" content=\"2024-08-07T10:13:28+00:00\" \/>\n<meta property=\"og:image\" content=\"https:\/\/www.accuratereviews.com\/wp-content\/uploads\/2024\/08\/Papaya-Global.png\" \/>\n\t<meta property=\"og:image:width\" content=\"225\" \/>\n\t<meta property=\"og:image:height\" content=\"225\" \/>\n\t<meta property=\"og:image:type\" content=\"image\/png\" \/>\n<meta name=\"twitter:card\" content=\"summary_large_image\" \/>\n<meta name=\"twitter:label1\" content=\"Tempo di lettura stimato\" \/>\n\t<meta name=\"twitter:data1\" content=\"6 minuti\" \/>\n<script type=\"application\/ld+json\" class=\"yoast-schema-graph\">{\"@context\":\"https:\\\/\\\/schema.org\",\"@graph\":[{\"@type\":\"WebPage\",\"@id\":\"https:\\\/\\\/www.accuratereviews.com\\\/it\\\/programmi-buste-paga\\\/papaya-global-recensione\\\/\",\"url\":\"https:\\\/\\\/www.accuratereviews.com\\\/it\\\/programmi-buste-paga\\\/papaya-global-recensione\\\/\",\"name\":\"Papaya Global: recensione software per busta paga - Accurate Reviews\",\"isPartOf\":{\"@id\":\"https:\\\/\\\/www.accuratereviews.com\\\/it\\\/#website\"},\"primaryImageOfPage\":{\"@id\":\"https:\\\/\\\/www.accuratereviews.com\\\/it\\\/programmi-buste-paga\\\/papaya-global-recensione\\\/#primaryimage\"},\"image\":{\"@id\":\"https:\\\/\\\/www.accuratereviews.com\\\/it\\\/programmi-buste-paga\\\/papaya-global-recensione\\\/#primaryimage\"},\"thumbnailUrl\":\"https:\\\/\\\/www.accuratereviews.com\\\/wp-content\\\/uploads\\\/2024\\\/08\\\/Papaya-Global.png\",\"datePublished\":\"2024-08-05T15:15:58+00:00\",\"dateModified\":\"2024-08-07T10:13:28+00:00\",\"description\":\"Papaya Global: recensione software che fornisce tecnologia di elaborazione paghe globale con strumenti di pagamenti incorporati.\",\"breadcrumb\":{\"@id\":\"https:\\\/\\\/www.accuratereviews.com\\\/it\\\/programmi-buste-paga\\\/papaya-global-recensione\\\/#breadcrumb\"},\"inLanguage\":\"it-IT\",\"potentialAction\":[{\"@type\":\"ReadAction\",\"target\":[\"https:\\\/\\\/www.accuratereviews.com\\\/it\\\/programmi-buste-paga\\\/papaya-global-recensione\\\/\"]}]},{\"@type\":\"ImageObject\",\"inLanguage\":\"it-IT\",\"@id\":\"https:\\\/\\\/www.accuratereviews.com\\\/it\\\/programmi-buste-paga\\\/papaya-global-recensione\\\/#primaryimage\",\"url\":\"https:\\\/\\\/www.accuratereviews.com\\\/wp-content\\\/uploads\\\/2024\\\/08\\\/Papaya-Global.png\",\"contentUrl\":\"https:\\\/\\\/www.accuratereviews.com\\\/wp-content\\\/uploads\\\/2024\\\/08\\\/Papaya-Global.png\",\"width\":225,\"height\":225},{\"@type\":\"BreadcrumbList\",\"@id\":\"https:\\\/\\\/www.accuratereviews.com\\\/it\\\/programmi-buste-paga\\\/papaya-global-recensione\\\/#breadcrumb\",\"itemListElement\":[{\"@type\":\"ListItem\",\"position\":1,\"name\":\"Home\",\"item\":\"https:\\\/\\\/www.accuratereviews.com\\\/it\\\/\"},{\"@type\":\"ListItem\",\"position\":2,\"name\":\"Programmi per buste paga\",\"item\":\"https:\\\/\\\/www.accuratereviews.com\\\/it\\\/programmi-buste-paga\\\/\"},{\"@type\":\"ListItem\",\"position\":3,\"name\":\"Papaya Global\"}]},{\"@type\":\"WebSite\",\"@id\":\"https:\\\/\\\/www.accuratereviews.com\\\/it\\\/#website\",\"url\":\"https:\\\/\\\/www.accuratereviews.com\\\/it\\\/\",\"name\":\"Accurate Reviews\",\"description\":\"\",\"potentialAction\":[{\"@type\":\"SearchAction\",\"target\":{\"@type\":\"EntryPoint\",\"urlTemplate\":\"https:\\\/\\\/www.accuratereviews.com\\\/it\\\/?s={search_term_string}\"},\"query-input\":{\"@type\":\"PropertyValueSpecification\",\"valueRequired\":true,\"valueName\":\"search_term_string\"}}],\"inLanguage\":\"it-IT\"}]}<\/script>\n<!-- \/ Yoast SEO plugin. -->","yoast_head_json":{"title":"Papaya Global: recensione software per busta paga - Accurate Reviews","description":"Papaya Global: recensione software che fornisce tecnologia di elaborazione paghe globale con strumenti di pagamenti incorporati.","robots":{"index":"index","follow":"follow","max-snippet":"max-snippet:-1","max-image-preview":"max-image-preview:large","max-video-preview":"max-video-preview:-1"},"canonical":"https:\/\/www.accuratereviews.com\/it\/programmi-buste-paga\/papaya-global-recensione\/","og_locale":"it_IT","og_type":"article","og_title":"Papaya Global: recensione software per busta paga - Accurate Reviews","og_description":"Papaya Global: recensione software che fornisce tecnologia di elaborazione paghe globale con strumenti di pagamenti incorporati.","og_url":"https:\/\/www.accuratereviews.com\/it\/programmi-buste-paga\/papaya-global-recensione\/","og_site_name":"Accurate Reviews","article_modified_time":"2024-08-07T10:13:28+00:00","og_image":[{"width":225,"height":225,"url":"https:\/\/www.accuratereviews.com\/wp-content\/uploads\/2024\/08\/Papaya-Global.png","type":"image\/png"}],"twitter_card":"summary_large_image","twitter_misc":{"Tempo di lettura stimato":"6 minuti"},"schema":{"@context":"https:\/\/schema.org","@graph":[{"@type":"WebPage","@id":"https:\/\/www.accuratereviews.com\/it\/programmi-buste-paga\/papaya-global-recensione\/","url":"https:\/\/www.accuratereviews.com\/it\/programmi-buste-paga\/papaya-global-recensione\/","name":"Papaya Global: recensione software per busta paga - Accurate Reviews","isPartOf":{"@id":"https:\/\/www.accuratereviews.com\/it\/#website"},"primaryImageOfPage":{"@id":"https:\/\/www.accuratereviews.com\/it\/programmi-buste-paga\/papaya-global-recensione\/#primaryimage"},"image":{"@id":"https:\/\/www.accuratereviews.com\/it\/programmi-buste-paga\/papaya-global-recensione\/#primaryimage"},"thumbnailUrl":"https:\/\/www.accuratereviews.com\/wp-content\/uploads\/2024\/08\/Papaya-Global.png","datePublished":"2024-08-05T15:15:58+00:00","dateModified":"2024-08-07T10:13:28+00:00","description":"Papaya Global: recensione software che fornisce tecnologia di elaborazione paghe globale con strumenti di pagamenti incorporati.","breadcrumb":{"@id":"https:\/\/www.accuratereviews.com\/it\/programmi-buste-paga\/papaya-global-recensione\/#breadcrumb"},"inLanguage":"it-IT","potentialAction":[{"@type":"ReadAction","target":["https:\/\/www.accuratereviews.com\/it\/programmi-buste-paga\/papaya-global-recensione\/"]}]},{"@type":"ImageObject","inLanguage":"it-IT","@id":"https:\/\/www.accuratereviews.com\/it\/programmi-buste-paga\/papaya-global-recensione\/#primaryimage","url":"https:\/\/www.accuratereviews.com\/wp-content\/uploads\/2024\/08\/Papaya-Global.png","contentUrl":"https:\/\/www.accuratereviews.com\/wp-content\/uploads\/2024\/08\/Papaya-Global.png","width":225,"height":225},{"@type":"BreadcrumbList","@id":"https:\/\/www.accuratereviews.com\/it\/programmi-buste-paga\/papaya-global-recensione\/#breadcrumb","itemListElement":[{"@type":"ListItem","position":1,"name":"Home","item":"https:\/\/www.accuratereviews.com\/it\/"},{"@type":"ListItem","position":2,"name":"Programmi per buste paga","item":"https:\/\/www.accuratereviews.com\/it\/programmi-buste-paga\/"},{"@type":"ListItem","position":3,"name":"Papaya Global"}]},{"@type":"WebSite","@id":"https:\/\/www.accuratereviews.com\/it\/#website","url":"https:\/\/www.accuratereviews.com\/it\/","name":"Accurate Reviews","description":"","potentialAction":[{"@type":"SearchAction","target":{"@type":"EntryPoint","urlTemplate":"https:\/\/www.accuratereviews.com\/it\/?s={search_term_string}"},"query-input":{"@type":"PropertyValueSpecification","valueRequired":true,"valueName":"search_term_string"}}],"inLanguage":"it-IT"}]}},"_links":{"self":[{"href":"https:\/\/www.accuratereviews.com\/it\/wp-json\/wp\/v2\/pages\/78245","targetHints":{"allow":["GET"]}}],"collection":[{"href":"https:\/\/www.accuratereviews.com\/it\/wp-json\/wp\/v2\/pages"}],"about":[{"href":"https:\/\/www.accuratereviews.com\/it\/wp-json\/wp\/v2\/types\/page"}],"author":[{"embeddable":true,"href":"https:\/\/www.accuratereviews.com\/it\/wp-json\/wp\/v2\/users\/19"}],"replies":[{"embeddable":true,"href":"https:\/\/www.accuratereviews.com\/it\/wp-json\/wp\/v2\/comments?post=78245"}],"version-history":[{"count":9,"href":"https:\/\/www.accuratereviews.com\/it\/wp-json\/wp\/v2\/pages\/78245\/revisions"}],"predecessor-version":[{"id":78282,"href":"https:\/\/www.accuratereviews.com\/it\/wp-json\/wp\/v2\/pages\/78245\/revisions\/78282"}],"up":[{"embeddable":true,"href":"https:\/\/www.accuratereviews.com\/it\/wp-json\/wp\/v2\/pages\/38170"}],"wp:featuredmedia":[{"embeddable":true,"href":"https:\/\/www.accuratereviews.com\/it\/wp-json\/wp\/v2\/media\/78247"}],"wp:attachment":[{"href":"https:\/\/www.accuratereviews.com\/it\/wp-json\/wp\/v2\/media?parent=78245"}],"wp:term":[{"taxonomy":"category","embeddable":true,"href":"https:\/\/www.accuratereviews.com\/it\/wp-json\/wp\/v2\/categories?post=78245"},{"taxonomy":"post_tag","embeddable":true,"href":"https:\/\/www.accuratereviews.com\/it\/wp-json\/wp\/v2\/tags?post=78245"},{"taxonomy":"features","embeddable":true,"href":"https:\/\/www.accuratereviews.com\/it\/wp-json\/wp\/v2\/features?post=78245"}],"curies":[{"name":"wp","href":"https:\/\/api.w.org\/{rel}","templated":true}]}}