{"id":78264,"date":"2024-08-06T10:29:10","date_gmt":"2024-08-06T10:29:10","guid":{"rendered":"https:\/\/www.accuratereviews.com\/?page_id=78264"},"modified":"2024-08-06T10:29:10","modified_gmt":"2024-08-06T10:29:10","slug":"agrello-recensione","status":"publish","type":"page","link":"https:\/\/www.accuratereviews.com\/it\/software-creare-firme-email\/agrello-recensione\/","title":{"rendered":"Agrello"},"content":{"rendered":"<p><strong>Agrello<\/strong> \u00e8 una piattaforma all&#8217;avanguardia che offre soluzioni di <strong>firma digitale<\/strong> e gestione dei contratti basate sulla tecnologia blockchain. Fondata con l&#8217;obiettivo di semplificare i processi legali e contrattuali, consente agli utenti di <strong>creare, firmare e gestire documenti legali<\/strong> in modo sicuro e trasparente. La piattaforma sfrutta la tecnologia avanzata per garantire l&#8217;autenticit\u00e0 e l&#8217;integrit\u00e0 dei documenti, riducendo al contempo i rischi di frode e migliorando la conformit\u00e0.<br \/>\nCon un&#8217;interfaccia intuitiva e funzionalit\u00e0 di automazione, <strong>Agrello<\/strong> si propone come una soluzione ideale per aziende, professionisti legali e individui che necessitano di gestire documenti legali in modo efficiente e sicuro.<\/p>\n<h2>AGRELLO &#8211; TUTORIAL<\/h2>\n<div id=\"fluid-wrapper-counter-1\" class=\"g1-fluid-wrapper \" style=\"width:686px;\">\n<div style=\"padding-bottom:56.268221574344%;\"><iframe loading=\"lazy\" title=\"Introduction to Agrello - a smart contract management and digital signing platform\" width=\"686\" height=\"386\" src=\"https:\/\/www.youtube.com\/embed\/Nr3bfaD693c?feature=oembed&amp;wmode=transparent&amp;autohide=1&amp;autoplay=0&amp;disablekb=0&amp;fs=1&amp;loop=0&amp;enablejsapi=1&amp;rel=0&amp;controls=2&amp;showinfo=0&amp;wmode=transparent&amp;autohide=2&amp;autoplay=0&amp;disablekb=0&amp;fs=1&amp;loop=0&amp;enablejsapi=1&amp;rel=0&amp;controls=2&amp;showinfo=1\" frameborder=\"0\" allow=\"accelerometer; autoplay; clipboard-write; encrypted-media; gyroscope; picture-in-picture; web-share\" referrerpolicy=\"strict-origin-when-cross-origin\" allowfullscreen><\/iframe><\/div>\n<\/div>\n<h3>AGRELLO &#8211; CARATTERISTICHE<\/h3>\n<ul>\n<li><strong>Firma digitale<\/strong>: permette di firmare documenti digitali con piena validit\u00e0 legale utilizzando la tecnologia blockchain.<\/li>\n<li><strong>Gestione dei contratti<\/strong>: organizza, archivia e gestisce contratti e documenti legali in un&#8217;unica piattaforma centralizzata.<\/li>\n<li><strong>Tracciamento delle modifiche<\/strong>: tiene traccia di tutte le modifiche apportate ai documenti, garantendo trasparenza e integrit\u00e0.<\/li>\n<li><strong>Automazione dei flussi di lavoro<\/strong>: automatizza il processo di creazione, firma e archiviazione dei documenti legali.<\/li>\n<li><strong>Integrazione API<\/strong>: consente l&#8217;integrazione con altri strumenti e piattaforme aziendali per un flusso di lavoro senza interruzioni.<\/li>\n<li><strong>Notifiche automatiche<\/strong>: invia promemoria e aggiornamenti ai firmatari per completare le firme richieste.<\/li>\n<li><strong>Audit trail<\/strong>: fornisce una traccia dettagliata delle attivit\u00e0 legate ai documenti per garantire sicurezza e conformit\u00e0.<\/li>\n<li><strong>Conformit\u00e0 normativa<\/strong>: assicura che i documenti rispettino le normative legali internazionali.<\/li>\n<li><strong>Verifica dell&#8217;identit\u00e0<\/strong>: utilizza metodi avanzati per verificare l&#8217;identit\u00e0 dei firmatari, garantendo la sicurezza del processo di firma.<\/li>\n<\/ul>\n<h4>LE RECENSIONI DEGLI UTENTI<\/h4>\n<p><strong>Ilirim &#8220;Il miglior software per firmare contratti e organizzare i documenti con pi\u00f9 fornitori&#8221;.<\/strong><br \/>\nPro: \u00c8 cos\u00ec facile creare, firmare e tenere traccia dei contratti con pochi clic. La parte migliore: potete estrarre i dati da un foglio Excel e lasciare che Agrello faccia il resto.<br \/>\nContro: \u00c8 la migliore app in circolazione. Nessun aspetto negativo.<\/p>\n<p><strong>Lisa &#8220;.ID SIGNATURES &#8211; facile e senza problemi&#8221;<\/strong><br \/>\nCommenti: E&#8217; semplice e comodo da usare. Soprattutto fa risparmiare tempo.<br \/>\nPro: Rende la firma dei documenti cos\u00ec facile. \u00c8 facile da usare e di facile accesso.<br \/>\nContro: Penso che abbia bisogno di migliori opzioni e funzioni di sicurezza.<\/p>\n<p><strong>Zakari &#8220;Zakari Muhammad Alkali .ID Firma recensione&#8221;<\/strong><br \/>\nPro: Mi piace il modo in cui aiuta a proteggere le informazioni personali.<br \/>\nContro: Le sue caratteristiche, la sicurezza e anche la sua accessibilit\u00e0.<\/p>\n","protected":false},"excerpt":{"rendered":"<p>Agrello \u00e8 una piattaforma all&#8217;avanguardia che offre soluzioni di firma digitale e gestione dei contratti basate sulla tecnologia blockchain. Fondata con l&#8217;obiettivo di semplificare i processi legali e contrattuali, consente agli utenti di creare, firmare e gestire documenti legali in modo sicuro e trasparente.<\/p>\n","protected":false},"author":17,"featured_media":78265,"parent":57751,"menu_order":0,"comment_status":"open","ping_status":"closed","template":"g1_template_page_review_new.php","meta":{"_acf_changed":false,"cwp_meta_box_check":"Yes","cwp_rev_product_name":"","cwp_rev_product_image":"","wppr_links":[],"cwp_rev_price":"0.00","wppr_options":[{"name":"Usability","value":"0"},{"name":"Speed","value":"0"},{"name":"Features","value":"0"},{"name":"Support","value":"0"},{"name":"Pricing","value":"0"}],"wppr_pros":["","","","",""],"wppr_cons":["","","","",""],"_monsterinsights_skip_tracking":false,"_monsterinsights_sitenote_active":false,"_monsterinsights_sitenote_note":"","_monsterinsights_sitenote_category":0,"footnotes":""},"categories":[12645],"tags":[15212,374,15210,15187,15151,15196],"features":[],"class_list":{"0":"post-78264","1":"page","2":"type-page","3":"status-publish","4":"has-post-thumbnail","6":"category-software-firme-email-cat","7":"tag-app-firma-digitale","8":"tag-firma-digitale","9":"tag-firma-digitale-email","10":"tag-programma-firma-digitale","11":"tag-software-firma-digitale","12":"tag-soluzione-firma-digitale"},"wppr_data":{"cwp_meta_box_check":"Yes","_wppr_review_template":"default","cwp_rev_product_image":"","cwp_image_link":"image","wppr_links":[],"cwp_rev_price":"0.00","wppr_pros":["","","","",""],"wppr_cons":["","","","",""],"wppr_rating":"0.00","wppr_options":{"1":{"name":"Usability","value":"0"},"2":{"name":"Speed","value":"0"},"3":{"name":"Features","value":"0"},"4":{"name":"Support","value":"0"},"5":{"name":"Pricing","value":"0"}},"wppr_review_type":"Product","wppr_review_custom_fields":{"additionalProperty":"","additionalType":"","aggregateRating":"","alternateName":"","audience":"","award":"","awards":"","brand":"","color":"","depth":"","description":"","disambiguatingDescription":"","gtin12":"","gtin13":"","gtin14":"","gtin8":"","height":"","identifier":"","image":"","isAccessoryOrSparePartFor":"","isConsumableFor":"","isRelatedTo":"","isSimilarTo":"","itemCondition":"","logo":"","mainEntityOfPage":"","manufacturer":"","material":"","model":"","mpn":"","name":"","offers":"","potentialAction":"","productID":"","productionDate":"","purchaseDate":"","releaseDate":"","review":"","reviews":"","sameAs":"","sku":"","slogan":"","subjectOf":"","url":"","weight":"","width":""}},"acf":[],"yoast_head":"<!-- This site is optimized with the Yoast SEO plugin v27.4 - https:\/\/yoast.com\/product\/yoast-seo-wordpress\/ -->\n<title>Agrello: recensione software firma digitale - Accurate Reviews<\/title>\n<meta name=\"description\" content=\"Agrello: piattaforma all&#039;avanguardia che offre soluzioni di firma digitale e gestione dei contratti basate sulla tecnologia blockchain.\" \/>\n<meta name=\"robots\" content=\"index, follow, max-snippet:-1, max-image-preview:large, max-video-preview:-1\" \/>\n<link rel=\"canonical\" href=\"https:\/\/www.accuratereviews.com\/it\/software-creare-firme-email\/agrello-recensione\/\" \/>\n<meta property=\"og:locale\" content=\"it_IT\" \/>\n<meta property=\"og:type\" content=\"article\" \/>\n<meta property=\"og:title\" content=\"Agrello: recensione software firma digitale - Accurate Reviews\" \/>\n<meta property=\"og:description\" content=\"Agrello: piattaforma all&#039;avanguardia che offre soluzioni di firma digitale e gestione dei contratti basate sulla tecnologia blockchain.\" \/>\n<meta property=\"og:url\" content=\"https:\/\/www.accuratereviews.com\/it\/software-creare-firme-email\/agrello-recensione\/\" \/>\n<meta property=\"og:site_name\" content=\"Accurate Reviews\" \/>\n<meta property=\"og:image\" content=\"https:\/\/www.accuratereviews.com\/wp-content\/uploads\/2024\/08\/agrello-vector-logo.png\" \/>\n\t<meta property=\"og:image:width\" content=\"900\" \/>\n\t<meta property=\"og:image:height\" content=\"500\" \/>\n\t<meta property=\"og:image:type\" content=\"image\/png\" \/>\n<meta name=\"twitter:card\" content=\"summary_large_image\" \/>\n<meta name=\"twitter:label1\" content=\"Tempo di lettura stimato\" \/>\n\t<meta name=\"twitter:data1\" content=\"3 minuti\" \/>\n<script type=\"application\/ld+json\" class=\"yoast-schema-graph\">{\"@context\":\"https:\\\/\\\/schema.org\",\"@graph\":[{\"@type\":\"WebPage\",\"@id\":\"https:\\\/\\\/www.accuratereviews.com\\\/it\\\/software-creare-firme-email\\\/agrello-recensione\\\/\",\"url\":\"https:\\\/\\\/www.accuratereviews.com\\\/it\\\/software-creare-firme-email\\\/agrello-recensione\\\/\",\"name\":\"Agrello: recensione software firma digitale - Accurate Reviews\",\"isPartOf\":{\"@id\":\"https:\\\/\\\/www.accuratereviews.com\\\/it\\\/#website\"},\"primaryImageOfPage\":{\"@id\":\"https:\\\/\\\/www.accuratereviews.com\\\/it\\\/software-creare-firme-email\\\/agrello-recensione\\\/#primaryimage\"},\"image\":{\"@id\":\"https:\\\/\\\/www.accuratereviews.com\\\/it\\\/software-creare-firme-email\\\/agrello-recensione\\\/#primaryimage\"},\"thumbnailUrl\":\"https:\\\/\\\/www.accuratereviews.com\\\/wp-content\\\/uploads\\\/2024\\\/08\\\/agrello-vector-logo.png\",\"datePublished\":\"2024-08-06T10:29:10+00:00\",\"description\":\"Agrello: piattaforma all'avanguardia che offre soluzioni di firma digitale e gestione dei contratti basate sulla tecnologia blockchain.\",\"breadcrumb\":{\"@id\":\"https:\\\/\\\/www.accuratereviews.com\\\/it\\\/software-creare-firme-email\\\/agrello-recensione\\\/#breadcrumb\"},\"inLanguage\":\"it-IT\",\"potentialAction\":[{\"@type\":\"ReadAction\",\"target\":[\"https:\\\/\\\/www.accuratereviews.com\\\/it\\\/software-creare-firme-email\\\/agrello-recensione\\\/\"]}]},{\"@type\":\"ImageObject\",\"inLanguage\":\"it-IT\",\"@id\":\"https:\\\/\\\/www.accuratereviews.com\\\/it\\\/software-creare-firme-email\\\/agrello-recensione\\\/#primaryimage\",\"url\":\"https:\\\/\\\/www.accuratereviews.com\\\/wp-content\\\/uploads\\\/2024\\\/08\\\/agrello-vector-logo.png\",\"contentUrl\":\"https:\\\/\\\/www.accuratereviews.com\\\/wp-content\\\/uploads\\\/2024\\\/08\\\/agrello-vector-logo.png\",\"width\":900,\"height\":500},{\"@type\":\"BreadcrumbList\",\"@id\":\"https:\\\/\\\/www.accuratereviews.com\\\/it\\\/software-creare-firme-email\\\/agrello-recensione\\\/#breadcrumb\",\"itemListElement\":[{\"@type\":\"ListItem\",\"position\":1,\"name\":\"Home\",\"item\":\"https:\\\/\\\/www.accuratereviews.com\\\/it\\\/\"},{\"@type\":\"ListItem\",\"position\":2,\"name\":\"Software per creare firme per email\",\"item\":\"https:\\\/\\\/www.accuratereviews.com\\\/it\\\/software-creare-firme-email\\\/\"},{\"@type\":\"ListItem\",\"position\":3,\"name\":\"Agrello\"}]},{\"@type\":\"WebSite\",\"@id\":\"https:\\\/\\\/www.accuratereviews.com\\\/it\\\/#website\",\"url\":\"https:\\\/\\\/www.accuratereviews.com\\\/it\\\/\",\"name\":\"Accurate Reviews\",\"description\":\"\",\"potentialAction\":[{\"@type\":\"SearchAction\",\"target\":{\"@type\":\"EntryPoint\",\"urlTemplate\":\"https:\\\/\\\/www.accuratereviews.com\\\/it\\\/?s={search_term_string}\"},\"query-input\":{\"@type\":\"PropertyValueSpecification\",\"valueRequired\":true,\"valueName\":\"search_term_string\"}}],\"inLanguage\":\"it-IT\"}]}<\/script>\n<!-- \/ Yoast SEO plugin. -->","yoast_head_json":{"title":"Agrello: recensione software firma digitale - Accurate Reviews","description":"Agrello: piattaforma all'avanguardia che offre soluzioni di firma digitale e gestione dei contratti basate sulla tecnologia blockchain.","robots":{"index":"index","follow":"follow","max-snippet":"max-snippet:-1","max-image-preview":"max-image-preview:large","max-video-preview":"max-video-preview:-1"},"canonical":"https:\/\/www.accuratereviews.com\/it\/software-creare-firme-email\/agrello-recensione\/","og_locale":"it_IT","og_type":"article","og_title":"Agrello: recensione software firma digitale - Accurate Reviews","og_description":"Agrello: piattaforma all'avanguardia che offre soluzioni di firma digitale e gestione dei contratti basate sulla tecnologia blockchain.","og_url":"https:\/\/www.accuratereviews.com\/it\/software-creare-firme-email\/agrello-recensione\/","og_site_name":"Accurate Reviews","og_image":[{"width":900,"height":500,"url":"https:\/\/www.accuratereviews.com\/wp-content\/uploads\/2024\/08\/agrello-vector-logo.png","type":"image\/png"}],"twitter_card":"summary_large_image","twitter_misc":{"Tempo di lettura stimato":"3 minuti"},"schema":{"@context":"https:\/\/schema.org","@graph":[{"@type":"WebPage","@id":"https:\/\/www.accuratereviews.com\/it\/software-creare-firme-email\/agrello-recensione\/","url":"https:\/\/www.accuratereviews.com\/it\/software-creare-firme-email\/agrello-recensione\/","name":"Agrello: recensione software firma digitale - Accurate Reviews","isPartOf":{"@id":"https:\/\/www.accuratereviews.com\/it\/#website"},"primaryImageOfPage":{"@id":"https:\/\/www.accuratereviews.com\/it\/software-creare-firme-email\/agrello-recensione\/#primaryimage"},"image":{"@id":"https:\/\/www.accuratereviews.com\/it\/software-creare-firme-email\/agrello-recensione\/#primaryimage"},"thumbnailUrl":"https:\/\/www.accuratereviews.com\/wp-content\/uploads\/2024\/08\/agrello-vector-logo.png","datePublished":"2024-08-06T10:29:10+00:00","description":"Agrello: piattaforma all'avanguardia che offre soluzioni di firma digitale e gestione dei contratti basate sulla tecnologia blockchain.","breadcrumb":{"@id":"https:\/\/www.accuratereviews.com\/it\/software-creare-firme-email\/agrello-recensione\/#breadcrumb"},"inLanguage":"it-IT","potentialAction":[{"@type":"ReadAction","target":["https:\/\/www.accuratereviews.com\/it\/software-creare-firme-email\/agrello-recensione\/"]}]},{"@type":"ImageObject","inLanguage":"it-IT","@id":"https:\/\/www.accuratereviews.com\/it\/software-creare-firme-email\/agrello-recensione\/#primaryimage","url":"https:\/\/www.accuratereviews.com\/wp-content\/uploads\/2024\/08\/agrello-vector-logo.png","contentUrl":"https:\/\/www.accuratereviews.com\/wp-content\/uploads\/2024\/08\/agrello-vector-logo.png","width":900,"height":500},{"@type":"BreadcrumbList","@id":"https:\/\/www.accuratereviews.com\/it\/software-creare-firme-email\/agrello-recensione\/#breadcrumb","itemListElement":[{"@type":"ListItem","position":1,"name":"Home","item":"https:\/\/www.accuratereviews.com\/it\/"},{"@type":"ListItem","position":2,"name":"Software per creare firme per email","item":"https:\/\/www.accuratereviews.com\/it\/software-creare-firme-email\/"},{"@type":"ListItem","position":3,"name":"Agrello"}]},{"@type":"WebSite","@id":"https:\/\/www.accuratereviews.com\/it\/#website","url":"https:\/\/www.accuratereviews.com\/it\/","name":"Accurate Reviews","description":"","potentialAction":[{"@type":"SearchAction","target":{"@type":"EntryPoint","urlTemplate":"https:\/\/www.accuratereviews.com\/it\/?s={search_term_string}"},"query-input":{"@type":"PropertyValueSpecification","valueRequired":true,"valueName":"search_term_string"}}],"inLanguage":"it-IT"}]}},"_links":{"self":[{"href":"https:\/\/www.accuratereviews.com\/it\/wp-json\/wp\/v2\/pages\/78264","targetHints":{"allow":["GET"]}}],"collection":[{"href":"https:\/\/www.accuratereviews.com\/it\/wp-json\/wp\/v2\/pages"}],"about":[{"href":"https:\/\/www.accuratereviews.com\/it\/wp-json\/wp\/v2\/types\/page"}],"author":[{"embeddable":true,"href":"https:\/\/www.accuratereviews.com\/it\/wp-json\/wp\/v2\/users\/17"}],"replies":[{"embeddable":true,"href":"https:\/\/www.accuratereviews.com\/it\/wp-json\/wp\/v2\/comments?post=78264"}],"version-history":[{"count":1,"href":"https:\/\/www.accuratereviews.com\/it\/wp-json\/wp\/v2\/pages\/78264\/revisions"}],"predecessor-version":[{"id":78270,"href":"https:\/\/www.accuratereviews.com\/it\/wp-json\/wp\/v2\/pages\/78264\/revisions\/78270"}],"up":[{"embeddable":true,"href":"https:\/\/www.accuratereviews.com\/it\/wp-json\/wp\/v2\/pages\/57751"}],"wp:featuredmedia":[{"embeddable":true,"href":"https:\/\/www.accuratereviews.com\/it\/wp-json\/wp\/v2\/media\/78265"}],"wp:attachment":[{"href":"https:\/\/www.accuratereviews.com\/it\/wp-json\/wp\/v2\/media?parent=78264"}],"wp:term":[{"taxonomy":"category","embeddable":true,"href":"https:\/\/www.accuratereviews.com\/it\/wp-json\/wp\/v2\/categories?post=78264"},{"taxonomy":"post_tag","embeddable":true,"href":"https:\/\/www.accuratereviews.com\/it\/wp-json\/wp\/v2\/tags?post=78264"},{"taxonomy":"features","embeddable":true,"href":"https:\/\/www.accuratereviews.com\/it\/wp-json\/wp\/v2\/features?post=78264"}],"curies":[{"name":"wp","href":"https:\/\/api.w.org\/{rel}","templated":true}]}}