{"id":78289,"date":"2024-08-08T15:44:29","date_gmt":"2024-08-08T15:44:29","guid":{"rendered":"https:\/\/www.accuratereviews.com\/?page_id=78289"},"modified":"2024-08-09T11:34:57","modified_gmt":"2024-08-09T11:34:57","slug":"breathe-recensione","status":"publish","type":"page","link":"https:\/\/www.accuratereviews.com\/it\/programmi-buste-paga\/breathe-recensione\/","title":{"rendered":"Breathe"},"content":{"rendered":"<p><strong>Breathe<\/strong>\u00a0offre un software semplice e conveniente che semplifica la<strong> gestione<\/strong> di un massimo di 250 dipendenti. Dai dati dei dipendenti, alle ferie, alle malattie e ai documenti delle risorse umane, alla formazione e alle prestazioni, alle spese, al reclutamento, alla programmazione dei turni e all&#8217;e-learning.<br \/>\n<strong>Breathe<\/strong> aiuta gi\u00e0 oltre 15.000 PMI del Regno Unito a lasciarsi alle spalle attivit\u00e0 che richiedono molto tempo, senza spendere una fortuna. Sviluppato per \u00a0liberare le PMI dall&#8217;amministrazione delle risorse umane che possano concentrarsi sulle proprie persone, creare solide culture aziendali e far progredire le proprie organizzazioni.<\/p>\n<h2>BREATHE &#8211; TUTORIAL<\/h2>\n<div id=\"fluid-wrapper-counter-1\" class=\"g1-fluid-wrapper \" style=\"width:686px;\">\n<div style=\"padding-bottom:56.268221574344%;\"><iframe loading=\"lazy\" title=\"This is Breathe - Cloud HR software\" width=\"686\" height=\"386\" src=\"https:\/\/www.youtube.com\/embed\/me3VUmI5_mI?feature=oembed&amp;wmode=transparent&amp;autohide=1&amp;autoplay=0&amp;disablekb=0&amp;fs=1&amp;loop=0&amp;enablejsapi=1&amp;rel=0&amp;controls=2&amp;showinfo=0&amp;wmode=transparent&amp;autohide=2&amp;autoplay=0&amp;disablekb=0&amp;fs=1&amp;loop=0&amp;enablejsapi=1&amp;rel=0&amp;controls=2&amp;showinfo=1\" frameborder=\"0\" allow=\"accelerometer; autoplay; clipboard-write; encrypted-media; gyroscope; picture-in-picture; web-share\" referrerpolicy=\"strict-origin-when-cross-origin\" allowfullscreen><\/iframe><\/div>\n<\/div>\n<h3>\u00a0BREATHE &#8211; CARATTERISTICHE<\/h3>\n<ul>\n<li><strong>Risparmia tempo prezioso nella gestione delle ferie<\/strong>: la soluzione semplifica la richiesta e l&#8217;approvazione dei permessi sia per i dipendenti che per le aziende, fornendo una semplice panoramica di chi \u00e8 in ferie e quando.<\/li>\n<li><strong>Assumi la piena responsabilit\u00e0 del processo di reclutamento<\/strong>: ogni fase del processo di reclutamento avviene in un unico posto, semplificando la creazione e la condivisione di posti vacanti illimitati, l&#8217;assegnazione dei candidati ai reclutatori e molto altro.<\/li>\n<li><strong>Tieni traccia delle assenze e migliora la produttivit\u00e0:<\/strong> il software di gestione delle assenze online facile da usare, ti d\u00e0 la possibilit\u00e0 di comprendere meglio il tuo record di assenze, identificare i problemi di assenza e iniziare a risolverli.<\/li>\n<li><strong>Premia il tuo personale per il duro lavoro<\/strong>: ti aiuta a monitorare facilmente le prestazioni dei dipendenti, organizzare incontri individuali, gestire riunioni di valutazione annuali e stabilire obiettivi o traguardi per i dipendenti.<\/li>\n<li><strong>Gestisci i turni e le rotazioni dei dipendenti in un lampo<\/strong>: il software di rotazione basato su cloud di Breathe ti consente di creare e condividere i turni del team, registrare e approvare le schede attivit\u00e0 all&#8217;istante e creare una comunicazione fluida all&#8217;interno del tuo team.<\/li>\n<li><strong>Crea e pubblica<\/strong> il tuo programma in un attimo<\/li>\n<li><strong>Ricevi<\/strong> notifiche email e in-app utili<\/li>\n<li><strong>Registra<\/strong> senza sforzo gli orari di inizio\/fine con Timeclock<\/li>\n<li><strong>Archivia<\/strong> le schede attivit\u00e0 in modo sicuro nel cloud<\/li>\n<li><strong>Visualizza<\/strong> il tuo personale e i loro turni a colpo d&#8217;occhio<\/li>\n<li><strong>Condividi<\/strong> il calendario del tuo team in un istante<\/li>\n<li><strong>Accetta, rifiuta e scambia<\/strong> i turni con la tua dashboard personale<\/li>\n<li><strong>Pianifica<\/strong> eventi e visualizza i budget del personale in un unico posto<\/li>\n<li><strong>Crea<\/strong> report automatici personalizzabili<\/li>\n<\/ul>\n<h4>LE RECENSIONI DEGLI UTENTI<\/h4>\n<p><strong>Benjamin &#8220;Intuitivo ed efficace&#8221;<\/strong><br \/>\n<strong>Commenti<\/strong>: Molto positivo. Dal punto di vista dell&#8217;utente non vedo alcun motivo per cambiare per qualcos&#8217;altro.<br \/>\n<strong>Pro<\/strong>: Il layout molto chiaro e logico ha reso facile tenere traccia di chi era fuori quando era garantito che ci fosse abbastanza personale in qualsiasi momento. Puoi prenotare orari e periodi specifici, utile per appuntamenti e per trasferire le ferie, senza perdere tempo.<br \/>\n<strong>Contro<\/strong>: Lo abbiamo utilizzato solo per prenotare le ferie e monitorare le assenze e non riuscivo a immaginare un modo per migliorarlo. Forse altre funzionalit\u00e0 non sono altrettanto valide, ma non posso commentarle.<\/p>\n<p><strong>Karl &#8220;Buon sistema HR a tutto tondo&#8221;<\/strong><br \/>\n<strong>Commenti<\/strong>: Facile da configurare e trasferire dal vecchio sistema. Grande funzionalit\u00e0 del sistema e funzionalit\u00e0 in abbondanza. Molto pi\u00f9 robusto dei nostri precedenti sistemi HR, ha effettivamente sostituito per noi 2 software separati.<br \/>\n<strong>Pro<\/strong>: Sistema robusto con tutte le funzionalit\u00e0 che potresti chiedere a una piattaforma HR. Ottimo rapporto qualit\u00e0 prezzo e offre una soluzione tutto in uno sia per la gestione del tempo che per le risorse umane aziendali. Offre anche l&#8217;integrazione in diversi pacchetti di buste paga.<br \/>\n<strong>Contro<\/strong>: Ad essere onesti, finora non riesco a pensare a nessun contro! Dovr\u00f2 fare un&#8217;altra revisione tra altri 6 mesi per vedere se la situazione cambia!<\/p>\n<p><strong>Charlie &#8220;Eccellente piattaforma HR economicamente vantaggiosa&#8221;<\/strong><br \/>\n<strong>Commenti<\/strong>: L&#8217;utilizzo di Breathe ha avuto un impatto positivo sulla nostra attivit\u00e0, garantendo semplicit\u00e0 d&#8217;uso e coerenza dei processi.<br \/>\n<strong>Pro<\/strong>: Breathe \u00e8 una piattaforma HR online a prezzi competitivi che ci aiuta a gestire in modo efficace documenti, ferie, assenze e registri dei dipendenti. Le funzioni di reporting sono facili da utilizzare e offrono preziose informazioni di gestione. La piattaforma \u00e8 apprezzata dai nostri dipendenti ed \u00e8 ampiamente utilizzata per acquisire e organizzare le richieste di ferie.<br \/>\n<strong>Contro<\/strong>: Il processo di inserimento di un nuovo dipendente pu\u00f2 richiedere un po&#8217; di tempo; sarebbe pi\u00f9 semplice se potessimo inserire tutte le informazioni rilevanti in un unico modulo.<\/p>\n","protected":false},"excerpt":{"rendered":"<p>Breathe,\u00a0offre un software semplice e conveniente che semplifica la gestione di un massimo di 250 dipendenti. Dai dati dei dipendenti, alle ferie, alle malattie e ai documenti delle risorse umane, alla formazione e alle prestazioni, alle spese, al reclutamento, alla programmazione dei turni e all&#8217;e-learning<\/p>\n","protected":false},"author":19,"featured_media":78291,"parent":38170,"menu_order":0,"comment_status":"open","ping_status":"closed","template":"g1_template_page_review_new.php","meta":{"_acf_changed":false,"cwp_meta_box_check":"No","cwp_rev_product_name":"","cwp_rev_product_image":"","wppr_links":[],"cwp_rev_price":"","wppr_options":[],"wppr_pros":[],"wppr_cons":[],"_monsterinsights_skip_tracking":false,"_monsterinsights_sitenote_active":false,"_monsterinsights_sitenote_note":"","_monsterinsights_sitenote_category":0,"footnotes":""},"categories":[5273],"tags":[15214,4499,15185,5290,5289,5288,5287],"features":[],"class_list":{"0":"post-78289","1":"page","2":"type-page","3":"status-publish","4":"has-post-thumbnail","6":"category-programmi-buste-paga-categoria","7":"tag-breathe","8":"tag-buste-paga","9":"tag-cedolini-paga","10":"tag-piattaforma-buste-paga","11":"tag-programma-buste-paga","12":"tag-software-buste-paga","13":"tag-soluzione-buste-paga"},"wppr_data":{"cwp_meta_box_check":"No"},"acf":[],"yoast_head":"<!-- This site is optimized with the Yoast SEO plugin v27.4 - https:\/\/yoast.com\/product\/yoast-seo-wordpress\/ -->\n<title>Breathe: recensione software buste paga - Accurate Reviews<\/title>\n<meta name=\"description\" content=\"Breathe: recensione software semplice e conveniente che semplifica la gestione di un massimo di 250 dipendenti.\" \/>\n<meta name=\"robots\" content=\"index, follow, max-snippet:-1, max-image-preview:large, max-video-preview:-1\" \/>\n<link rel=\"canonical\" href=\"https:\/\/www.accuratereviews.com\/it\/programmi-buste-paga\/breathe-recensione\/\" \/>\n<meta property=\"og:locale\" content=\"it_IT\" \/>\n<meta property=\"og:type\" content=\"article\" \/>\n<meta property=\"og:title\" content=\"Breathe: recensione software buste paga - Accurate Reviews\" \/>\n<meta property=\"og:description\" content=\"Breathe: recensione software semplice e conveniente che semplifica la gestione di un massimo di 250 dipendenti.\" \/>\n<meta property=\"og:url\" content=\"https:\/\/www.accuratereviews.com\/it\/programmi-buste-paga\/breathe-recensione\/\" \/>\n<meta property=\"og:site_name\" content=\"Accurate Reviews\" \/>\n<meta property=\"article:modified_time\" content=\"2024-08-09T11:34:57+00:00\" \/>\n<meta property=\"og:image\" content=\"https:\/\/www.accuratereviews.com\/wp-content\/uploads\/2024\/08\/Screenshot-2024-08-08-alle-10.28.00.png\" \/>\n\t<meta property=\"og:image:width\" content=\"1022\" \/>\n\t<meta property=\"og:image:height\" content=\"440\" \/>\n\t<meta property=\"og:image:type\" content=\"image\/png\" \/>\n<meta name=\"twitter:card\" content=\"summary_large_image\" \/>\n<meta name=\"twitter:label1\" content=\"Tempo di lettura stimato\" \/>\n\t<meta name=\"twitter:data1\" content=\"5 minuti\" \/>\n<script type=\"application\/ld+json\" class=\"yoast-schema-graph\">{\"@context\":\"https:\\\/\\\/schema.org\",\"@graph\":[{\"@type\":\"WebPage\",\"@id\":\"https:\\\/\\\/www.accuratereviews.com\\\/it\\\/programmi-buste-paga\\\/breathe-recensione\\\/\",\"url\":\"https:\\\/\\\/www.accuratereviews.com\\\/it\\\/programmi-buste-paga\\\/breathe-recensione\\\/\",\"name\":\"Breathe: recensione software buste paga - Accurate Reviews\",\"isPartOf\":{\"@id\":\"https:\\\/\\\/www.accuratereviews.com\\\/it\\\/#website\"},\"primaryImageOfPage\":{\"@id\":\"https:\\\/\\\/www.accuratereviews.com\\\/it\\\/programmi-buste-paga\\\/breathe-recensione\\\/#primaryimage\"},\"image\":{\"@id\":\"https:\\\/\\\/www.accuratereviews.com\\\/it\\\/programmi-buste-paga\\\/breathe-recensione\\\/#primaryimage\"},\"thumbnailUrl\":\"https:\\\/\\\/www.accuratereviews.com\\\/wp-content\\\/uploads\\\/2024\\\/08\\\/Screenshot-2024-08-08-alle-10.28.00.png\",\"datePublished\":\"2024-08-08T15:44:29+00:00\",\"dateModified\":\"2024-08-09T11:34:57+00:00\",\"description\":\"Breathe: recensione software semplice e conveniente che semplifica la gestione di un massimo di 250 dipendenti.\",\"breadcrumb\":{\"@id\":\"https:\\\/\\\/www.accuratereviews.com\\\/it\\\/programmi-buste-paga\\\/breathe-recensione\\\/#breadcrumb\"},\"inLanguage\":\"it-IT\",\"potentialAction\":[{\"@type\":\"ReadAction\",\"target\":[\"https:\\\/\\\/www.accuratereviews.com\\\/it\\\/programmi-buste-paga\\\/breathe-recensione\\\/\"]}]},{\"@type\":\"ImageObject\",\"inLanguage\":\"it-IT\",\"@id\":\"https:\\\/\\\/www.accuratereviews.com\\\/it\\\/programmi-buste-paga\\\/breathe-recensione\\\/#primaryimage\",\"url\":\"https:\\\/\\\/www.accuratereviews.com\\\/wp-content\\\/uploads\\\/2024\\\/08\\\/Screenshot-2024-08-08-alle-10.28.00.png\",\"contentUrl\":\"https:\\\/\\\/www.accuratereviews.com\\\/wp-content\\\/uploads\\\/2024\\\/08\\\/Screenshot-2024-08-08-alle-10.28.00.png\",\"width\":1022,\"height\":440},{\"@type\":\"BreadcrumbList\",\"@id\":\"https:\\\/\\\/www.accuratereviews.com\\\/it\\\/programmi-buste-paga\\\/breathe-recensione\\\/#breadcrumb\",\"itemListElement\":[{\"@type\":\"ListItem\",\"position\":1,\"name\":\"Home\",\"item\":\"https:\\\/\\\/www.accuratereviews.com\\\/it\\\/\"},{\"@type\":\"ListItem\",\"position\":2,\"name\":\"Programmi per buste paga\",\"item\":\"https:\\\/\\\/www.accuratereviews.com\\\/it\\\/programmi-buste-paga\\\/\"},{\"@type\":\"ListItem\",\"position\":3,\"name\":\"Breathe\"}]},{\"@type\":\"WebSite\",\"@id\":\"https:\\\/\\\/www.accuratereviews.com\\\/it\\\/#website\",\"url\":\"https:\\\/\\\/www.accuratereviews.com\\\/it\\\/\",\"name\":\"Accurate Reviews\",\"description\":\"\",\"potentialAction\":[{\"@type\":\"SearchAction\",\"target\":{\"@type\":\"EntryPoint\",\"urlTemplate\":\"https:\\\/\\\/www.accuratereviews.com\\\/it\\\/?s={search_term_string}\"},\"query-input\":{\"@type\":\"PropertyValueSpecification\",\"valueRequired\":true,\"valueName\":\"search_term_string\"}}],\"inLanguage\":\"it-IT\"}]}<\/script>\n<!-- \/ Yoast SEO plugin. -->","yoast_head_json":{"title":"Breathe: recensione software buste paga - Accurate Reviews","description":"Breathe: recensione software semplice e conveniente che semplifica la gestione di un massimo di 250 dipendenti.","robots":{"index":"index","follow":"follow","max-snippet":"max-snippet:-1","max-image-preview":"max-image-preview:large","max-video-preview":"max-video-preview:-1"},"canonical":"https:\/\/www.accuratereviews.com\/it\/programmi-buste-paga\/breathe-recensione\/","og_locale":"it_IT","og_type":"article","og_title":"Breathe: recensione software buste paga - Accurate Reviews","og_description":"Breathe: recensione software semplice e conveniente che semplifica la gestione di un massimo di 250 dipendenti.","og_url":"https:\/\/www.accuratereviews.com\/it\/programmi-buste-paga\/breathe-recensione\/","og_site_name":"Accurate Reviews","article_modified_time":"2024-08-09T11:34:57+00:00","og_image":[{"width":1022,"height":440,"url":"https:\/\/www.accuratereviews.com\/wp-content\/uploads\/2024\/08\/Screenshot-2024-08-08-alle-10.28.00.png","type":"image\/png"}],"twitter_card":"summary_large_image","twitter_misc":{"Tempo di lettura stimato":"5 minuti"},"schema":{"@context":"https:\/\/schema.org","@graph":[{"@type":"WebPage","@id":"https:\/\/www.accuratereviews.com\/it\/programmi-buste-paga\/breathe-recensione\/","url":"https:\/\/www.accuratereviews.com\/it\/programmi-buste-paga\/breathe-recensione\/","name":"Breathe: recensione software buste paga - Accurate Reviews","isPartOf":{"@id":"https:\/\/www.accuratereviews.com\/it\/#website"},"primaryImageOfPage":{"@id":"https:\/\/www.accuratereviews.com\/it\/programmi-buste-paga\/breathe-recensione\/#primaryimage"},"image":{"@id":"https:\/\/www.accuratereviews.com\/it\/programmi-buste-paga\/breathe-recensione\/#primaryimage"},"thumbnailUrl":"https:\/\/www.accuratereviews.com\/wp-content\/uploads\/2024\/08\/Screenshot-2024-08-08-alle-10.28.00.png","datePublished":"2024-08-08T15:44:29+00:00","dateModified":"2024-08-09T11:34:57+00:00","description":"Breathe: recensione software semplice e conveniente che semplifica la gestione di un massimo di 250 dipendenti.","breadcrumb":{"@id":"https:\/\/www.accuratereviews.com\/it\/programmi-buste-paga\/breathe-recensione\/#breadcrumb"},"inLanguage":"it-IT","potentialAction":[{"@type":"ReadAction","target":["https:\/\/www.accuratereviews.com\/it\/programmi-buste-paga\/breathe-recensione\/"]}]},{"@type":"ImageObject","inLanguage":"it-IT","@id":"https:\/\/www.accuratereviews.com\/it\/programmi-buste-paga\/breathe-recensione\/#primaryimage","url":"https:\/\/www.accuratereviews.com\/wp-content\/uploads\/2024\/08\/Screenshot-2024-08-08-alle-10.28.00.png","contentUrl":"https:\/\/www.accuratereviews.com\/wp-content\/uploads\/2024\/08\/Screenshot-2024-08-08-alle-10.28.00.png","width":1022,"height":440},{"@type":"BreadcrumbList","@id":"https:\/\/www.accuratereviews.com\/it\/programmi-buste-paga\/breathe-recensione\/#breadcrumb","itemListElement":[{"@type":"ListItem","position":1,"name":"Home","item":"https:\/\/www.accuratereviews.com\/it\/"},{"@type":"ListItem","position":2,"name":"Programmi per buste paga","item":"https:\/\/www.accuratereviews.com\/it\/programmi-buste-paga\/"},{"@type":"ListItem","position":3,"name":"Breathe"}]},{"@type":"WebSite","@id":"https:\/\/www.accuratereviews.com\/it\/#website","url":"https:\/\/www.accuratereviews.com\/it\/","name":"Accurate Reviews","description":"","potentialAction":[{"@type":"SearchAction","target":{"@type":"EntryPoint","urlTemplate":"https:\/\/www.accuratereviews.com\/it\/?s={search_term_string}"},"query-input":{"@type":"PropertyValueSpecification","valueRequired":true,"valueName":"search_term_string"}}],"inLanguage":"it-IT"}]}},"_links":{"self":[{"href":"https:\/\/www.accuratereviews.com\/it\/wp-json\/wp\/v2\/pages\/78289","targetHints":{"allow":["GET"]}}],"collection":[{"href":"https:\/\/www.accuratereviews.com\/it\/wp-json\/wp\/v2\/pages"}],"about":[{"href":"https:\/\/www.accuratereviews.com\/it\/wp-json\/wp\/v2\/types\/page"}],"author":[{"embeddable":true,"href":"https:\/\/www.accuratereviews.com\/it\/wp-json\/wp\/v2\/users\/19"}],"replies":[{"embeddable":true,"href":"https:\/\/www.accuratereviews.com\/it\/wp-json\/wp\/v2\/comments?post=78289"}],"version-history":[{"count":10,"href":"https:\/\/www.accuratereviews.com\/it\/wp-json\/wp\/v2\/pages\/78289\/revisions"}],"predecessor-version":[{"id":78316,"href":"https:\/\/www.accuratereviews.com\/it\/wp-json\/wp\/v2\/pages\/78289\/revisions\/78316"}],"up":[{"embeddable":true,"href":"https:\/\/www.accuratereviews.com\/it\/wp-json\/wp\/v2\/pages\/38170"}],"wp:featuredmedia":[{"embeddable":true,"href":"https:\/\/www.accuratereviews.com\/it\/wp-json\/wp\/v2\/media\/78291"}],"wp:attachment":[{"href":"https:\/\/www.accuratereviews.com\/it\/wp-json\/wp\/v2\/media?parent=78289"}],"wp:term":[{"taxonomy":"category","embeddable":true,"href":"https:\/\/www.accuratereviews.com\/it\/wp-json\/wp\/v2\/categories?post=78289"},{"taxonomy":"post_tag","embeddable":true,"href":"https:\/\/www.accuratereviews.com\/it\/wp-json\/wp\/v2\/tags?post=78289"},{"taxonomy":"features","embeddable":true,"href":"https:\/\/www.accuratereviews.com\/it\/wp-json\/wp\/v2\/features?post=78289"}],"curies":[{"name":"wp","href":"https:\/\/api.w.org\/{rel}","templated":true}]}}