{"id":78373,"date":"2024-08-17T07:50:04","date_gmt":"2024-08-17T07:50:04","guid":{"rendered":"https:\/\/www.accuratereviews.com\/?page_id=78373"},"modified":"2024-10-01T17:05:35","modified_gmt":"2024-10-01T17:05:35","slug":"push-operations-recensione","status":"publish","type":"page","link":"https:\/\/www.accuratereviews.com\/it\/programmi-buste-paga\/push-operations-recensione\/","title":{"rendered":"Push Operations"},"content":{"rendered":"<p><strong>Push Operations<\/strong> \u00e8 una <strong>piattaforma di gestione del lavoro<\/strong> per ristoranti basata su <strong>cloud<\/strong> progettata per aiutare i responsabili delle risorse umane e i reclutatori ad automatizzare i processi per semplificare buste paga, monitoraggio del tempo e pianificazione delle attivit\u00e0. Le funzionalit\u00e0 principali includono onboarding, accesso remoto, previsioni di vendita, comunicazione con il personale, accesso basato sui ruoli e conformit\u00e0 normativa.<br \/>\nI team che utilizzano <strong>Push Operations<\/strong> possono gestire calcoli automatizzati di ferie, retribuzione oraria e retribuzione maggiorata dei dipendenti, compresi gli straordinari, insieme alle imposte provinciali, statali o federali applicabili per garantire la conformit\u00e0 normativa. \u00c8 dotato di una funzionalit\u00e0 di rilevazione delle presenze tramite telecamera che consente agli utenti di monitorare le ore dei dipendenti, nonch\u00e9 di avvisare i responsabili del periodo di riposo, degli inizi in ritardo, delle timbrature anticipate o della permanenza oltre l&#8217;orario programmato. Sono inoltre offerte applicazioni mobili per dispositivi Android e iOS.<\/p>\n<h2>PUSH OPERATIONS &#8211; TUTORIAL<\/h2>\n<div id=\"fluid-wrapper-counter-1\" class=\"g1-fluid-wrapper \" style=\"width:686px;\">\n<div style=\"padding-bottom:56.268221574344%;\"><iframe loading=\"lazy\" title=\"How Push Transformed People Management for Dovetail and Kokomo\" width=\"686\" height=\"386\" src=\"https:\/\/www.youtube.com\/embed\/Bmlj4PWXn5s?feature=oembed&amp;wmode=transparent&amp;autohide=1&amp;autoplay=0&amp;disablekb=0&amp;fs=1&amp;loop=0&amp;enablejsapi=1&amp;rel=0&amp;controls=2&amp;showinfo=0&amp;wmode=transparent&amp;autohide=2&amp;autoplay=0&amp;disablekb=0&amp;fs=1&amp;loop=0&amp;enablejsapi=1&amp;rel=0&amp;controls=2&amp;showinfo=1\" frameborder=\"0\" allow=\"accelerometer; autoplay; clipboard-write; encrypted-media; gyroscope; picture-in-picture; web-share\" referrerpolicy=\"strict-origin-when-cross-origin\" allowfullscreen><\/iframe><\/div>\n<\/div>\n<h3>PUSH OPERATIONS &#8211; CARATTERISTICHE<\/h3>\n<ul>\n<li>Risparmia pagando i dipendenti in modo pi\u00f9 accurato.<\/li>\n<li>Utilizza la soluzione come funzionalit\u00e0 autonoma o come suite di gestione dei dipendenti all-in-one.<\/li>\n<li>CDN: retribuzione dei dipendenti, calcoli automatici delle festivit\u00e0 legali, T4 e altro.<\/li>\n<li>Interrompi i processi manuali e incanala automaticamente le ore verso la busta paga<\/li>\n<li>Completiamo tutte le dichiarazioni fiscali, i report delle nuove assunzioni e le retribuzioni dei dipendenti<\/li>\n<li>Automatizza la retribuzione oraria, la marcature delle ferie, la retribuzione premium e le imposte applicabili<\/li>\n<li>Organizza e suddividi automaticamente i report in base alle tue preferenze per una rendicontazione accurata<\/li>\n<li>Elimina l&#8217;imprecisione di pi\u00f9 sistemi e trasferimenti di dati<\/li>\n<li>Monitoraggio semplice dei calcoli minimi, suddivisione dei premi per i turni e delle mance minime.<\/li>\n<li>Semplifica la documentazione dei dipendenti con l&#8217;accesso online a buste paga, moduli fiscali e altro<\/li>\n<li>Connettiti con esperti di risorse umane e accedi a una libreria di risorse<\/li>\n<li>Rimani conforme alle mutevoli leggi sul lavoro con avvisi proattivi e aggiornamenti in tempo reale<\/li>\n<li>Assumi in modo intelligente con Job Description Builder e Salary Compare Tool<\/li>\n<li>Crea un manuale personalizzabile per i dipendenti conforme allo stato con aggiornamenti e avvisi in tempo reale<\/li>\n<li>Semplifica la conformit\u00e0 e la formazione sulla sicurezza sul posto di lavoro con un hub centralizzato<\/li>\n<li>Gli aggiornamenti delle politiche in tempo reale vengono inviati direttamente ai dipendenti<\/li>\n<li>Esplora le scale retributive in base al ruolo con lo strumento di confronto degli stipendi integrato<\/li>\n<li>Determina il costo medio per assunzione e il turnover dei dipendenti con calcolatrici automatiche<\/li>\n<li>La mappa interattiva del salario minimo mostra le informazioni salariali stato per stato<\/li>\n<li>Rimani al passo con la conformit\u00e0 con notifiche proattive e avvisi di modifica della legge<\/li>\n<li>Accedi a una libreria di video di formazione per apprendere i fondamenti, i suggerimenti e le best practice delle risorse umane<\/li>\n<li>Webinar guidati da esperti per una guida approfondita su argomenti di tendenza e aggiornamenti sulla conformit\u00e0<\/li>\n<li>Scarica guide, checklist e grafici per una guida passo passo su qualsiasi sfida delle risorse umane che potresti incontrare<\/li>\n<\/ul>\n<h4>LE RECENSIONI DEGLI UTENTI<\/h4>\n<p><strong>Jackie &#8220;Sicuro, chiaro e intuitivo!&#8221;<\/strong><br \/>\n<strong>Commenti<\/strong>: Non ho alcun desiderio di usare altre operazioni simili. Consiglio questo 10\/10<br \/>\n<strong>Pro<\/strong>: Ho utilizzato Push per 5-10 anni con diverse aziende e mi sento estremamente protetto e sicuro su questa piattaforma. So che le mie informazioni sono protette e il layout \u00e8 pulito, nitido e facile da usare. Trovo che includa molti pi\u00f9 dettagli sui dipendenti di quanti ne abbia visti su altre piattaforme, con informazioni visualizzate in modo ponderato e chiaro.<br \/>\n<strong>Contro<\/strong>: Onestamente non ho mai avuto problemi con Push Operations. Attualmente lo uso per recuperare e rivedere le buste paga e posso farlo in modo efficiente e senza problemi con Push.<\/p>\n<p><strong>Joseph &#8220;Cambiamenti positivi&#8221;<\/strong><br \/>\n<strong>Commenti<\/strong>: Raccomanderemo push ad altri!<br \/>\n<strong>Pro<\/strong>: Il passaggio dal nostro vecchio provider a Push \u00e8 stato semplice ed efficiente. Il software \u00e8 molto pi\u00f9 intuitivo rispetto all&#8217;ultimo provider che avevamo, il che velocizza notevolmente il processo di apprendimento.<br \/>\n<strong>Contro<\/strong>: L&#8217;unico problema che abbiamo riscontrato finora \u00e8 la lentezza del supporto live.<\/p>\n<p><strong>Andrew &#8220;Semplice facile da usare&#8221;<\/strong><br \/>\n<strong>Pro<\/strong>: \u00c8 semplice. Per programmare, stilare un budget per il lavoro, assicurarmi che tutti abbiano timbrato e pagato. Inoltre, formo altri a usare il programma e anche questo \u00e8 semplice.<br \/>\n<strong>Contro<\/strong>: Si potrebbero apportare alcuni cambiamenti alla qualit\u00e0 della vita. Ma niente di cos\u00ec importante da farmelo venire in mente a memoria<\/p>\n","protected":false},"excerpt":{"rendered":"<p>Push Operations \u00e8 una piattaforma di gestione del lavoro per ristoranti basata su cloud progettata per aiutare i responsabili delle risorse umane e i reclutatori ad automatizzare i processi per semplificare buste paga, monitoraggio del tempo e pianificazione delle attivit\u00e0. Le funzionalit\u00e0 principali includono onboarding, accesso remoto, previsioni di vendita, comunicazione con il personale, accesso basato sui ruoli e conformit\u00e0 normativa.<\/p>\n","protected":false},"author":19,"featured_media":78383,"parent":38170,"menu_order":0,"comment_status":"open","ping_status":"closed","template":"g1_template_page_review_new.php","meta":{"_acf_changed":false,"cwp_meta_box_check":"Yes","cwp_rev_product_name":"","cwp_rev_product_image":"","wppr_links":[],"cwp_rev_price":"0.00","wppr_options":[{"name":"Usability","value":"0"},{"name":"Speed","value":"0"},{"name":"Features","value":"0"},{"name":"Support","value":"0"},{"name":"Pricing","value":"0"}],"wppr_pros":["","","","",""],"wppr_cons":["","","","",""],"_monsterinsights_skip_tracking":false,"_monsterinsights_sitenote_active":false,"_monsterinsights_sitenote_note":"","_monsterinsights_sitenote_category":0,"footnotes":""},"categories":[5273],"tags":[4499,15224,5365,5353,15222,15223,5286],"features":[],"class_list":{"0":"post-78373","1":"page","2":"type-page","3":"status-publish","4":"has-post-thumbnail","6":"category-programmi-buste-paga-categoria","7":"tag-buste-paga","8":"tag-cedolino-paga","9":"tag-piattaforma-per-buste-paga","10":"tag-programma-per-buste-paga","11":"tag-push-operations","12":"tag-software-per-busta-paga","13":"tag-soluzione-per-buste-paga"},"wppr_data":{"cwp_meta_box_check":"Yes","_wppr_review_template":"default","cwp_rev_product_image":"","cwp_image_link":"image","wppr_links":[],"cwp_rev_price":"0.00","wppr_pros":["","","","",""],"wppr_cons":["","","","",""],"wppr_rating":"0.00","wppr_options":{"1":{"name":"Usability","value":"0"},"2":{"name":"Speed","value":"0"},"3":{"name":"Features","value":"0"},"4":{"name":"Support","value":"0"},"5":{"name":"Pricing","value":"0"}},"wppr_review_type":"Product","wppr_review_custom_fields":{"additionalProperty":"","additionalType":"","aggregateRating":"","alternateName":"","audience":"","award":"","awards":"","brand":"","color":"","depth":"","description":"","disambiguatingDescription":"","gtin12":"","gtin13":"","gtin14":"","gtin8":"","height":"","identifier":"","image":"","isAccessoryOrSparePartFor":"","isConsumableFor":"","isRelatedTo":"","isSimilarTo":"","itemCondition":"","logo":"","mainEntityOfPage":"","manufacturer":"","material":"","model":"","mpn":"","name":"","offers":"","potentialAction":"","productID":"","productionDate":"","purchaseDate":"","releaseDate":"","review":"","reviews":"","sameAs":"","sku":"","slogan":"","subjectOf":"","url":"","weight":"","width":""}},"acf":[],"yoast_head":"<!-- This site is optimized with the Yoast SEO plugin v27.4 - https:\/\/yoast.com\/product\/yoast-seo-wordpress\/ -->\n<title>Push Operations: recensione software buste paga - Accurate Reviews<\/title>\n<meta name=\"description\" content=\"Push Operations: recensione soluzione di gestione del lavoro per ristoranti basata su cloud progettata per aiutare i responsabili delle risorse umane.\" \/>\n<meta name=\"robots\" content=\"index, follow, max-snippet:-1, max-image-preview:large, max-video-preview:-1\" \/>\n<link rel=\"canonical\" href=\"https:\/\/www.accuratereviews.com\/it\/programmi-buste-paga\/push-operations-recensione\/\" \/>\n<meta property=\"og:locale\" content=\"it_IT\" \/>\n<meta property=\"og:type\" content=\"article\" \/>\n<meta property=\"og:title\" content=\"Push Operations: recensione software buste paga - Accurate Reviews\" \/>\n<meta property=\"og:description\" content=\"Push Operations: recensione soluzione di gestione del lavoro per ristoranti basata su cloud progettata per aiutare i responsabili delle risorse umane.\" \/>\n<meta property=\"og:url\" content=\"https:\/\/www.accuratereviews.com\/it\/programmi-buste-paga\/push-operations-recensione\/\" \/>\n<meta property=\"og:site_name\" content=\"Accurate Reviews\" \/>\n<meta property=\"article:modified_time\" content=\"2024-10-01T17:05:35+00:00\" \/>\n<meta property=\"og:image\" content=\"https:\/\/www.accuratereviews.com\/wp-content\/uploads\/2024\/08\/Push-Operations2.png\" \/>\n\t<meta property=\"og:image:width\" content=\"225\" \/>\n\t<meta property=\"og:image:height\" content=\"225\" \/>\n\t<meta property=\"og:image:type\" content=\"image\/png\" \/>\n<meta name=\"twitter:card\" content=\"summary_large_image\" \/>\n<meta name=\"twitter:label1\" content=\"Tempo di lettura stimato\" \/>\n\t<meta name=\"twitter:data1\" content=\"5 minuti\" \/>\n<script type=\"application\/ld+json\" class=\"yoast-schema-graph\">{\"@context\":\"https:\\\/\\\/schema.org\",\"@graph\":[{\"@type\":\"WebPage\",\"@id\":\"https:\\\/\\\/www.accuratereviews.com\\\/it\\\/programmi-buste-paga\\\/push-operations-recensione\\\/\",\"url\":\"https:\\\/\\\/www.accuratereviews.com\\\/it\\\/programmi-buste-paga\\\/push-operations-recensione\\\/\",\"name\":\"Push Operations: recensione software buste paga - Accurate Reviews\",\"isPartOf\":{\"@id\":\"https:\\\/\\\/www.accuratereviews.com\\\/it\\\/#website\"},\"primaryImageOfPage\":{\"@id\":\"https:\\\/\\\/www.accuratereviews.com\\\/it\\\/programmi-buste-paga\\\/push-operations-recensione\\\/#primaryimage\"},\"image\":{\"@id\":\"https:\\\/\\\/www.accuratereviews.com\\\/it\\\/programmi-buste-paga\\\/push-operations-recensione\\\/#primaryimage\"},\"thumbnailUrl\":\"https:\\\/\\\/www.accuratereviews.com\\\/wp-content\\\/uploads\\\/2024\\\/08\\\/Push-Operations2.png\",\"datePublished\":\"2024-08-17T07:50:04+00:00\",\"dateModified\":\"2024-10-01T17:05:35+00:00\",\"description\":\"Push Operations: recensione soluzione di gestione del lavoro per ristoranti basata su cloud progettata per aiutare i responsabili delle risorse umane.\",\"breadcrumb\":{\"@id\":\"https:\\\/\\\/www.accuratereviews.com\\\/it\\\/programmi-buste-paga\\\/push-operations-recensione\\\/#breadcrumb\"},\"inLanguage\":\"it-IT\",\"potentialAction\":[{\"@type\":\"ReadAction\",\"target\":[\"https:\\\/\\\/www.accuratereviews.com\\\/it\\\/programmi-buste-paga\\\/push-operations-recensione\\\/\"]}]},{\"@type\":\"ImageObject\",\"inLanguage\":\"it-IT\",\"@id\":\"https:\\\/\\\/www.accuratereviews.com\\\/it\\\/programmi-buste-paga\\\/push-operations-recensione\\\/#primaryimage\",\"url\":\"https:\\\/\\\/www.accuratereviews.com\\\/wp-content\\\/uploads\\\/2024\\\/08\\\/Push-Operations2.png\",\"contentUrl\":\"https:\\\/\\\/www.accuratereviews.com\\\/wp-content\\\/uploads\\\/2024\\\/08\\\/Push-Operations2.png\",\"width\":225,\"height\":225},{\"@type\":\"BreadcrumbList\",\"@id\":\"https:\\\/\\\/www.accuratereviews.com\\\/it\\\/programmi-buste-paga\\\/push-operations-recensione\\\/#breadcrumb\",\"itemListElement\":[{\"@type\":\"ListItem\",\"position\":1,\"name\":\"Home\",\"item\":\"https:\\\/\\\/www.accuratereviews.com\\\/it\\\/\"},{\"@type\":\"ListItem\",\"position\":2,\"name\":\"Programmi per buste paga\",\"item\":\"https:\\\/\\\/www.accuratereviews.com\\\/it\\\/programmi-buste-paga\\\/\"},{\"@type\":\"ListItem\",\"position\":3,\"name\":\"Push Operations\"}]},{\"@type\":\"WebSite\",\"@id\":\"https:\\\/\\\/www.accuratereviews.com\\\/it\\\/#website\",\"url\":\"https:\\\/\\\/www.accuratereviews.com\\\/it\\\/\",\"name\":\"Accurate Reviews\",\"description\":\"\",\"potentialAction\":[{\"@type\":\"SearchAction\",\"target\":{\"@type\":\"EntryPoint\",\"urlTemplate\":\"https:\\\/\\\/www.accuratereviews.com\\\/it\\\/?s={search_term_string}\"},\"query-input\":{\"@type\":\"PropertyValueSpecification\",\"valueRequired\":true,\"valueName\":\"search_term_string\"}}],\"inLanguage\":\"it-IT\"}]}<\/script>\n<!-- \/ Yoast SEO plugin. -->","yoast_head_json":{"title":"Push Operations: recensione software buste paga - Accurate Reviews","description":"Push Operations: recensione soluzione di gestione del lavoro per ristoranti basata su cloud progettata per aiutare i responsabili delle risorse umane.","robots":{"index":"index","follow":"follow","max-snippet":"max-snippet:-1","max-image-preview":"max-image-preview:large","max-video-preview":"max-video-preview:-1"},"canonical":"https:\/\/www.accuratereviews.com\/it\/programmi-buste-paga\/push-operations-recensione\/","og_locale":"it_IT","og_type":"article","og_title":"Push Operations: recensione software buste paga - Accurate Reviews","og_description":"Push Operations: recensione soluzione di gestione del lavoro per ristoranti basata su cloud progettata per aiutare i responsabili delle risorse umane.","og_url":"https:\/\/www.accuratereviews.com\/it\/programmi-buste-paga\/push-operations-recensione\/","og_site_name":"Accurate Reviews","article_modified_time":"2024-10-01T17:05:35+00:00","og_image":[{"width":225,"height":225,"url":"https:\/\/www.accuratereviews.com\/wp-content\/uploads\/2024\/08\/Push-Operations2.png","type":"image\/png"}],"twitter_card":"summary_large_image","twitter_misc":{"Tempo di lettura stimato":"5 minuti"},"schema":{"@context":"https:\/\/schema.org","@graph":[{"@type":"WebPage","@id":"https:\/\/www.accuratereviews.com\/it\/programmi-buste-paga\/push-operations-recensione\/","url":"https:\/\/www.accuratereviews.com\/it\/programmi-buste-paga\/push-operations-recensione\/","name":"Push Operations: recensione software buste paga - Accurate Reviews","isPartOf":{"@id":"https:\/\/www.accuratereviews.com\/it\/#website"},"primaryImageOfPage":{"@id":"https:\/\/www.accuratereviews.com\/it\/programmi-buste-paga\/push-operations-recensione\/#primaryimage"},"image":{"@id":"https:\/\/www.accuratereviews.com\/it\/programmi-buste-paga\/push-operations-recensione\/#primaryimage"},"thumbnailUrl":"https:\/\/www.accuratereviews.com\/wp-content\/uploads\/2024\/08\/Push-Operations2.png","datePublished":"2024-08-17T07:50:04+00:00","dateModified":"2024-10-01T17:05:35+00:00","description":"Push Operations: recensione soluzione di gestione del lavoro per ristoranti basata su cloud progettata per aiutare i responsabili delle risorse umane.","breadcrumb":{"@id":"https:\/\/www.accuratereviews.com\/it\/programmi-buste-paga\/push-operations-recensione\/#breadcrumb"},"inLanguage":"it-IT","potentialAction":[{"@type":"ReadAction","target":["https:\/\/www.accuratereviews.com\/it\/programmi-buste-paga\/push-operations-recensione\/"]}]},{"@type":"ImageObject","inLanguage":"it-IT","@id":"https:\/\/www.accuratereviews.com\/it\/programmi-buste-paga\/push-operations-recensione\/#primaryimage","url":"https:\/\/www.accuratereviews.com\/wp-content\/uploads\/2024\/08\/Push-Operations2.png","contentUrl":"https:\/\/www.accuratereviews.com\/wp-content\/uploads\/2024\/08\/Push-Operations2.png","width":225,"height":225},{"@type":"BreadcrumbList","@id":"https:\/\/www.accuratereviews.com\/it\/programmi-buste-paga\/push-operations-recensione\/#breadcrumb","itemListElement":[{"@type":"ListItem","position":1,"name":"Home","item":"https:\/\/www.accuratereviews.com\/it\/"},{"@type":"ListItem","position":2,"name":"Programmi per buste paga","item":"https:\/\/www.accuratereviews.com\/it\/programmi-buste-paga\/"},{"@type":"ListItem","position":3,"name":"Push Operations"}]},{"@type":"WebSite","@id":"https:\/\/www.accuratereviews.com\/it\/#website","url":"https:\/\/www.accuratereviews.com\/it\/","name":"Accurate Reviews","description":"","potentialAction":[{"@type":"SearchAction","target":{"@type":"EntryPoint","urlTemplate":"https:\/\/www.accuratereviews.com\/it\/?s={search_term_string}"},"query-input":{"@type":"PropertyValueSpecification","valueRequired":true,"valueName":"search_term_string"}}],"inLanguage":"it-IT"}]}},"_links":{"self":[{"href":"https:\/\/www.accuratereviews.com\/it\/wp-json\/wp\/v2\/pages\/78373","targetHints":{"allow":["GET"]}}],"collection":[{"href":"https:\/\/www.accuratereviews.com\/it\/wp-json\/wp\/v2\/pages"}],"about":[{"href":"https:\/\/www.accuratereviews.com\/it\/wp-json\/wp\/v2\/types\/page"}],"author":[{"embeddable":true,"href":"https:\/\/www.accuratereviews.com\/it\/wp-json\/wp\/v2\/users\/19"}],"replies":[{"embeddable":true,"href":"https:\/\/www.accuratereviews.com\/it\/wp-json\/wp\/v2\/comments?post=78373"}],"version-history":[{"count":10,"href":"https:\/\/www.accuratereviews.com\/it\/wp-json\/wp\/v2\/pages\/78373\/revisions"}],"predecessor-version":[{"id":79245,"href":"https:\/\/www.accuratereviews.com\/it\/wp-json\/wp\/v2\/pages\/78373\/revisions\/79245"}],"up":[{"embeddable":true,"href":"https:\/\/www.accuratereviews.com\/it\/wp-json\/wp\/v2\/pages\/38170"}],"wp:featuredmedia":[{"embeddable":true,"href":"https:\/\/www.accuratereviews.com\/it\/wp-json\/wp\/v2\/media\/78383"}],"wp:attachment":[{"href":"https:\/\/www.accuratereviews.com\/it\/wp-json\/wp\/v2\/media?parent=78373"}],"wp:term":[{"taxonomy":"category","embeddable":true,"href":"https:\/\/www.accuratereviews.com\/it\/wp-json\/wp\/v2\/categories?post=78373"},{"taxonomy":"post_tag","embeddable":true,"href":"https:\/\/www.accuratereviews.com\/it\/wp-json\/wp\/v2\/tags?post=78373"},{"taxonomy":"features","embeddable":true,"href":"https:\/\/www.accuratereviews.com\/it\/wp-json\/wp\/v2\/features?post=78373"}],"curies":[{"name":"wp","href":"https:\/\/api.w.org\/{rel}","templated":true}]}}