{"id":78401,"date":"2024-08-17T08:25:11","date_gmt":"2024-08-17T08:25:11","guid":{"rendered":"https:\/\/www.accuratereviews.com\/?page_id=78401"},"modified":"2024-08-17T09:57:42","modified_gmt":"2024-08-17T09:57:42","slug":"activityhd-recensione","status":"publish","type":"page","link":"https:\/\/www.accuratereviews.com\/it\/programmi-buste-paga\/activityhd-recensione\/","title":{"rendered":"ActivityHD"},"content":{"rendered":"<p><strong>ActivityHD<\/strong> \u00e8 una <strong>soluzione di pianificazione delle risorse aziendali (ERP)<\/strong> basata sul Web e on-premise progettata per aziende di tutte le dimensioni in vari settori. Fornisce assistenza per la contabilit\u00e0, la gestione delle <strong>buste paga<\/strong> e dei dati finanziari. Il programma ha un sistema di automazione che si integra con vari software, tra cui punti vendita (<strong>POS<\/strong>), sistemi di gestione delle prestazioni (<strong>PMS<\/strong>), inventario, cronometraggio, gestione dei pazienti, biglietteria, servizi di buste paga, software di gestione dei debiti e altri software di monitoraggio delle entrate. Fornisce strumenti personalizzabili che sono unici per l&#8217;azienda senza le limitazioni che altre soluzioni potrebbero avere. Offre\u00a0il monitoraggio delle fatture e un&#8217;operazione di elaborazione delle ricevute dettagliata per una fatturazione efficiente.<\/p>\n<h2>ACTIVITYHD &#8211; TUTORIAL<\/h2>\n<div id=\"fluid-wrapper-counter-1\" class=\"g1-fluid-wrapper \" style=\"width:686px;\">\n<div style=\"padding-bottom:56.268221574344%;\"><iframe loading=\"lazy\" title=\"How Tessitura Integrates into ActivityHD, ERP Software\" width=\"686\" height=\"386\" src=\"https:\/\/www.youtube.com\/embed\/hXzYkcGYpgc?feature=oembed&amp;wmode=transparent&amp;autohide=1&amp;autoplay=0&amp;disablekb=0&amp;fs=1&amp;loop=0&amp;enablejsapi=1&amp;rel=0&amp;controls=2&amp;showinfo=0&amp;wmode=transparent&amp;autohide=2&amp;autoplay=0&amp;disablekb=0&amp;fs=1&amp;loop=0&amp;enablejsapi=1&amp;rel=0&amp;controls=2&amp;showinfo=1\" frameborder=\"0\" allow=\"accelerometer; autoplay; clipboard-write; encrypted-media; gyroscope; picture-in-picture; web-share\" referrerpolicy=\"strict-origin-when-cross-origin\" allowfullscreen><\/iframe><\/div>\n<\/div>\n<h3>ACTIVITYHD &#8211; CARATTERISTICHE<\/h3>\n<ul>\n<li>Tieni traccia delle spese per la tua attivit\u00e0, gestisci tutte le fatture e pianifica i pagamenti in un modulo che cresce con la tua attivit\u00e0. Mantieni visibilit\u00e0 e controllo diretti con viste senza precedenti sui tuoi dati.<\/li>\n<li>Il programma rende il processo di riscossione della tua azienda semplice e rapido con il monitoraggio delle fatture e un&#8217;operazione di elaborazione delle ricevute dettagliata, cos\u00ec puoi emettere le fatture in tempo ogni volta.<\/li>\n<li>Riconcilia tutte le transazioni che desideri contemporaneamente con un modulo che mostra tutti gli assegni, i moduli annullati e gli estratti conto bancari in un unico modulo completo.<\/li>\n<li>Prendi decisioni migliori sugli acquisti di asset futuri e visualizza la distribuzione dei costi nella tua azienda in base a posizione, reparto o tipo di asset.<\/li>\n<li>Pacchetto finanziario completamente flessibile che si adatta alla contabilit\u00e0 per le strutture organizzative pi\u00f9 complesse. Si adatta facilmente alla tua attivit\u00e0 con modifiche complete e consente analisi in tempo reale.<\/li>\n<li>Tieniti sempre aggiornato sulle mutevoli normative governative, gestionali e sindacali in materia di busta paga e non affidarti pi\u00f9 a sistemi collaterali per integrare i calcoli contabili.<\/li>\n<\/ul>\n<h4>LE RECENSIONI DEGLI UTENTI<\/h4>\n<p><strong>May&#8221;Amo Activity; software di contabilit\u00e0 molto intuitivo e facile da usare&#8221;<\/strong><br \/>\n<strong>Commenti<\/strong>: Penso che Activity HD sia un ottimo software di contabilit\u00e0 da utilizzare.<br \/>\n<strong>Pro<\/strong>: Mi piace molto il modo in cui Excel \u00e8 integrato in Activity HD, dalla progettazione finanziaria alle importazioni e alle esportazioni.<br \/>\n<strong>Contro<\/strong>: Non posso dire che non mi piaccia niente perch\u00e9 ci sono ancora cos\u00ec tante funzionalit\u00e0 in Activity che non ho ancora usato. Ho problemi con il design finanziario che \u00e8 troppo lento per salvare. Potrebbe essere dovuto a problemi di connessione a Internet o di rete.<\/p>\n<p><strong>Renee&#8221;Il miglior software di contabilit\u00e0 del settore&#8221;<\/strong><br \/>\n<strong>Pro<\/strong>: Utilizzo il software di contabilit\u00e0 di Accounting Ware dal 2004. Questo software \u00e8 intuitivo e facile da usare. Utilizzo altri prodotti di contabilit\u00e0 a un livello diverso, in confronto, Activity HD, non c&#8217;\u00e8 paragone.<br \/>\n<strong>Contro<\/strong>: Un programma di gestione delle paghe \u00e8 utile quando non si hanno conoscenze di programmazione.<\/p>\n<p><strong>Kevin&#8221;Sistema ERP facile da usare&#8221;<\/strong><br \/>\n<strong>Commenti<\/strong>: La mia esperienza complessiva con ActivityHD \u00e8 stata positiva. Mi piace il download su Excel e la possibilit\u00e0 di manipolare i dati in molte forme. Mi piace anche il processo di Financial Design, in cui puoi tornare indietro in Activity per vedere i dettagli direttamente da Excel.<br \/>\n<strong>Pro<\/strong>: Il processo di creazione di W2, moduli ACA e 1099 per la rendicontazione di fine anno \u00e8 una parte semplice da usare del programma. Essere in grado di creare automaticamente un allegato PDF del documento generato al record che deve essere creato \u00e8 un enorme risparmio di tempo e rende molto facile riprodurre quel documento in un secondo momento su richiesta.<br \/>\n<strong>Contro<\/strong>: La cosa che mi piace meno \u00e8 che quando guardo il mio Bilancio di verifica non ho la possibilit\u00e0 di approfondire l&#8217;attivit\u00e0 di quel conto. Poter fare questo mi farebbe risparmiare tempo quando esamino i dati GL.<\/p>\n","protected":false},"excerpt":{"rendered":"<p>ActivityHD \u00e8 una soluzione di pianificazione delle risorse aziendali (ERP) basata sul Web e on-premise progettata per aziende di tutte le dimensioni in vari settori. Fornisce assistenza per la contabilit\u00e0, la gestione delle buste paga e dei dati finanziari.<\/p>\n","protected":false},"author":19,"featured_media":78422,"parent":38170,"menu_order":0,"comment_status":"open","ping_status":"closed","template":"g1_template_page_review_new.php","meta":{"_acf_changed":false,"cwp_meta_box_check":"No","cwp_rev_product_name":"","cwp_rev_product_image":"","wppr_links":[],"cwp_rev_price":"","wppr_options":[],"wppr_pros":[],"wppr_cons":[],"_monsterinsights_skip_tracking":false,"_monsterinsights_sitenote_active":false,"_monsterinsights_sitenote_note":"","_monsterinsights_sitenote_category":0,"footnotes":""},"categories":[5273],"tags":[15225,4499,15185,5290,5289,5288,5287],"features":[],"class_list":{"0":"post-78401","1":"page","2":"type-page","3":"status-publish","4":"has-post-thumbnail","6":"category-programmi-buste-paga-categoria","7":"tag-activityhd","8":"tag-buste-paga","9":"tag-cedolini-paga","10":"tag-piattaforma-buste-paga","11":"tag-programma-buste-paga","12":"tag-software-buste-paga","13":"tag-soluzione-buste-paga"},"wppr_data":{"cwp_meta_box_check":"No"},"acf":[],"yoast_head":"<!-- This site is optimized with the Yoast SEO plugin v27.4 - https:\/\/yoast.com\/product\/yoast-seo-wordpress\/ -->\n<title>ActivityHD: recensione software buste paga - Accurate Reviews<\/title>\n<meta name=\"description\" content=\"ActivityHD: recensione soluzione di pianificazione delle risorse aziendali progettata per imprese di tutte le dimensioni e in vari settori.\" \/>\n<meta name=\"robots\" content=\"index, follow, max-snippet:-1, max-image-preview:large, max-video-preview:-1\" \/>\n<link rel=\"canonical\" href=\"https:\/\/www.accuratereviews.com\/it\/programmi-buste-paga\/activityhd-recensione\/\" \/>\n<meta property=\"og:locale\" content=\"it_IT\" \/>\n<meta property=\"og:type\" content=\"article\" \/>\n<meta property=\"og:title\" content=\"ActivityHD: recensione software buste paga - Accurate Reviews\" \/>\n<meta property=\"og:description\" content=\"ActivityHD: recensione soluzione di pianificazione delle risorse aziendali progettata per imprese di tutte le dimensioni e in vari settori.\" \/>\n<meta property=\"og:url\" content=\"https:\/\/www.accuratereviews.com\/it\/programmi-buste-paga\/activityhd-recensione\/\" \/>\n<meta property=\"og:site_name\" content=\"Accurate Reviews\" \/>\n<meta property=\"article:modified_time\" content=\"2024-08-17T09:57:42+00:00\" \/>\n<meta property=\"og:image\" content=\"https:\/\/www.accuratereviews.com\/wp-content\/uploads\/2024\/08\/Screenshot-2024-08-14-alle-17.21.07.png\" \/>\n\t<meta property=\"og:image:width\" content=\"1906\" \/>\n\t<meta property=\"og:image:height\" content=\"548\" \/>\n\t<meta property=\"og:image:type\" content=\"image\/png\" \/>\n<meta name=\"twitter:card\" content=\"summary_large_image\" \/>\n<meta name=\"twitter:label1\" content=\"Tempo di lettura stimato\" \/>\n\t<meta name=\"twitter:data1\" content=\"5 minuti\" \/>\n<script type=\"application\/ld+json\" class=\"yoast-schema-graph\">{\"@context\":\"https:\\\/\\\/schema.org\",\"@graph\":[{\"@type\":\"WebPage\",\"@id\":\"https:\\\/\\\/www.accuratereviews.com\\\/it\\\/programmi-buste-paga\\\/activityhd-recensione\\\/\",\"url\":\"https:\\\/\\\/www.accuratereviews.com\\\/it\\\/programmi-buste-paga\\\/activityhd-recensione\\\/\",\"name\":\"ActivityHD: recensione software buste paga - Accurate Reviews\",\"isPartOf\":{\"@id\":\"https:\\\/\\\/www.accuratereviews.com\\\/it\\\/#website\"},\"primaryImageOfPage\":{\"@id\":\"https:\\\/\\\/www.accuratereviews.com\\\/it\\\/programmi-buste-paga\\\/activityhd-recensione\\\/#primaryimage\"},\"image\":{\"@id\":\"https:\\\/\\\/www.accuratereviews.com\\\/it\\\/programmi-buste-paga\\\/activityhd-recensione\\\/#primaryimage\"},\"thumbnailUrl\":\"https:\\\/\\\/www.accuratereviews.com\\\/wp-content\\\/uploads\\\/2024\\\/08\\\/Screenshot-2024-08-14-alle-17.21.07.png\",\"datePublished\":\"2024-08-17T08:25:11+00:00\",\"dateModified\":\"2024-08-17T09:57:42+00:00\",\"description\":\"ActivityHD: recensione soluzione di pianificazione delle risorse aziendali progettata per imprese di tutte le dimensioni e in vari settori.\",\"breadcrumb\":{\"@id\":\"https:\\\/\\\/www.accuratereviews.com\\\/it\\\/programmi-buste-paga\\\/activityhd-recensione\\\/#breadcrumb\"},\"inLanguage\":\"it-IT\",\"potentialAction\":[{\"@type\":\"ReadAction\",\"target\":[\"https:\\\/\\\/www.accuratereviews.com\\\/it\\\/programmi-buste-paga\\\/activityhd-recensione\\\/\"]}]},{\"@type\":\"ImageObject\",\"inLanguage\":\"it-IT\",\"@id\":\"https:\\\/\\\/www.accuratereviews.com\\\/it\\\/programmi-buste-paga\\\/activityhd-recensione\\\/#primaryimage\",\"url\":\"https:\\\/\\\/www.accuratereviews.com\\\/wp-content\\\/uploads\\\/2024\\\/08\\\/Screenshot-2024-08-14-alle-17.21.07.png\",\"contentUrl\":\"https:\\\/\\\/www.accuratereviews.com\\\/wp-content\\\/uploads\\\/2024\\\/08\\\/Screenshot-2024-08-14-alle-17.21.07.png\",\"width\":1906,\"height\":548},{\"@type\":\"BreadcrumbList\",\"@id\":\"https:\\\/\\\/www.accuratereviews.com\\\/it\\\/programmi-buste-paga\\\/activityhd-recensione\\\/#breadcrumb\",\"itemListElement\":[{\"@type\":\"ListItem\",\"position\":1,\"name\":\"Home\",\"item\":\"https:\\\/\\\/www.accuratereviews.com\\\/it\\\/\"},{\"@type\":\"ListItem\",\"position\":2,\"name\":\"Programmi per buste paga\",\"item\":\"https:\\\/\\\/www.accuratereviews.com\\\/it\\\/programmi-buste-paga\\\/\"},{\"@type\":\"ListItem\",\"position\":3,\"name\":\"ActivityHD\"}]},{\"@type\":\"WebSite\",\"@id\":\"https:\\\/\\\/www.accuratereviews.com\\\/it\\\/#website\",\"url\":\"https:\\\/\\\/www.accuratereviews.com\\\/it\\\/\",\"name\":\"Accurate Reviews\",\"description\":\"\",\"potentialAction\":[{\"@type\":\"SearchAction\",\"target\":{\"@type\":\"EntryPoint\",\"urlTemplate\":\"https:\\\/\\\/www.accuratereviews.com\\\/it\\\/?s={search_term_string}\"},\"query-input\":{\"@type\":\"PropertyValueSpecification\",\"valueRequired\":true,\"valueName\":\"search_term_string\"}}],\"inLanguage\":\"it-IT\"}]}<\/script>\n<!-- \/ Yoast SEO plugin. -->","yoast_head_json":{"title":"ActivityHD: recensione software buste paga - Accurate Reviews","description":"ActivityHD: recensione soluzione di pianificazione delle risorse aziendali progettata per imprese di tutte le dimensioni e in vari settori.","robots":{"index":"index","follow":"follow","max-snippet":"max-snippet:-1","max-image-preview":"max-image-preview:large","max-video-preview":"max-video-preview:-1"},"canonical":"https:\/\/www.accuratereviews.com\/it\/programmi-buste-paga\/activityhd-recensione\/","og_locale":"it_IT","og_type":"article","og_title":"ActivityHD: recensione software buste paga - Accurate Reviews","og_description":"ActivityHD: recensione soluzione di pianificazione delle risorse aziendali progettata per imprese di tutte le dimensioni e in vari settori.","og_url":"https:\/\/www.accuratereviews.com\/it\/programmi-buste-paga\/activityhd-recensione\/","og_site_name":"Accurate Reviews","article_modified_time":"2024-08-17T09:57:42+00:00","og_image":[{"width":1906,"height":548,"url":"https:\/\/www.accuratereviews.com\/wp-content\/uploads\/2024\/08\/Screenshot-2024-08-14-alle-17.21.07.png","type":"image\/png"}],"twitter_card":"summary_large_image","twitter_misc":{"Tempo di lettura stimato":"5 minuti"},"schema":{"@context":"https:\/\/schema.org","@graph":[{"@type":"WebPage","@id":"https:\/\/www.accuratereviews.com\/it\/programmi-buste-paga\/activityhd-recensione\/","url":"https:\/\/www.accuratereviews.com\/it\/programmi-buste-paga\/activityhd-recensione\/","name":"ActivityHD: recensione software buste paga - Accurate Reviews","isPartOf":{"@id":"https:\/\/www.accuratereviews.com\/it\/#website"},"primaryImageOfPage":{"@id":"https:\/\/www.accuratereviews.com\/it\/programmi-buste-paga\/activityhd-recensione\/#primaryimage"},"image":{"@id":"https:\/\/www.accuratereviews.com\/it\/programmi-buste-paga\/activityhd-recensione\/#primaryimage"},"thumbnailUrl":"https:\/\/www.accuratereviews.com\/wp-content\/uploads\/2024\/08\/Screenshot-2024-08-14-alle-17.21.07.png","datePublished":"2024-08-17T08:25:11+00:00","dateModified":"2024-08-17T09:57:42+00:00","description":"ActivityHD: recensione soluzione di pianificazione delle risorse aziendali progettata per imprese di tutte le dimensioni e in vari settori.","breadcrumb":{"@id":"https:\/\/www.accuratereviews.com\/it\/programmi-buste-paga\/activityhd-recensione\/#breadcrumb"},"inLanguage":"it-IT","potentialAction":[{"@type":"ReadAction","target":["https:\/\/www.accuratereviews.com\/it\/programmi-buste-paga\/activityhd-recensione\/"]}]},{"@type":"ImageObject","inLanguage":"it-IT","@id":"https:\/\/www.accuratereviews.com\/it\/programmi-buste-paga\/activityhd-recensione\/#primaryimage","url":"https:\/\/www.accuratereviews.com\/wp-content\/uploads\/2024\/08\/Screenshot-2024-08-14-alle-17.21.07.png","contentUrl":"https:\/\/www.accuratereviews.com\/wp-content\/uploads\/2024\/08\/Screenshot-2024-08-14-alle-17.21.07.png","width":1906,"height":548},{"@type":"BreadcrumbList","@id":"https:\/\/www.accuratereviews.com\/it\/programmi-buste-paga\/activityhd-recensione\/#breadcrumb","itemListElement":[{"@type":"ListItem","position":1,"name":"Home","item":"https:\/\/www.accuratereviews.com\/it\/"},{"@type":"ListItem","position":2,"name":"Programmi per buste paga","item":"https:\/\/www.accuratereviews.com\/it\/programmi-buste-paga\/"},{"@type":"ListItem","position":3,"name":"ActivityHD"}]},{"@type":"WebSite","@id":"https:\/\/www.accuratereviews.com\/it\/#website","url":"https:\/\/www.accuratereviews.com\/it\/","name":"Accurate Reviews","description":"","potentialAction":[{"@type":"SearchAction","target":{"@type":"EntryPoint","urlTemplate":"https:\/\/www.accuratereviews.com\/it\/?s={search_term_string}"},"query-input":{"@type":"PropertyValueSpecification","valueRequired":true,"valueName":"search_term_string"}}],"inLanguage":"it-IT"}]}},"_links":{"self":[{"href":"https:\/\/www.accuratereviews.com\/it\/wp-json\/wp\/v2\/pages\/78401","targetHints":{"allow":["GET"]}}],"collection":[{"href":"https:\/\/www.accuratereviews.com\/it\/wp-json\/wp\/v2\/pages"}],"about":[{"href":"https:\/\/www.accuratereviews.com\/it\/wp-json\/wp\/v2\/types\/page"}],"author":[{"embeddable":true,"href":"https:\/\/www.accuratereviews.com\/it\/wp-json\/wp\/v2\/users\/19"}],"replies":[{"embeddable":true,"href":"https:\/\/www.accuratereviews.com\/it\/wp-json\/wp\/v2\/comments?post=78401"}],"version-history":[{"count":8,"href":"https:\/\/www.accuratereviews.com\/it\/wp-json\/wp\/v2\/pages\/78401\/revisions"}],"predecessor-version":[{"id":78449,"href":"https:\/\/www.accuratereviews.com\/it\/wp-json\/wp\/v2\/pages\/78401\/revisions\/78449"}],"up":[{"embeddable":true,"href":"https:\/\/www.accuratereviews.com\/it\/wp-json\/wp\/v2\/pages\/38170"}],"wp:featuredmedia":[{"embeddable":true,"href":"https:\/\/www.accuratereviews.com\/it\/wp-json\/wp\/v2\/media\/78422"}],"wp:attachment":[{"href":"https:\/\/www.accuratereviews.com\/it\/wp-json\/wp\/v2\/media?parent=78401"}],"wp:term":[{"taxonomy":"category","embeddable":true,"href":"https:\/\/www.accuratereviews.com\/it\/wp-json\/wp\/v2\/categories?post=78401"},{"taxonomy":"post_tag","embeddable":true,"href":"https:\/\/www.accuratereviews.com\/it\/wp-json\/wp\/v2\/tags?post=78401"},{"taxonomy":"features","embeddable":true,"href":"https:\/\/www.accuratereviews.com\/it\/wp-json\/wp\/v2\/features?post=78401"}],"curies":[{"name":"wp","href":"https:\/\/api.w.org\/{rel}","templated":true}]}}