{"id":78403,"date":"2024-08-16T12:00:34","date_gmt":"2024-08-16T12:00:34","guid":{"rendered":"https:\/\/www.accuratereviews.com\/?page_id=78403"},"modified":"2024-10-15T20:59:57","modified_gmt":"2024-10-15T20:59:57","slug":"surfly-recensione","status":"publish","type":"page","link":"https:\/\/www.accuratereviews.com\/it\/software-creare-firme-email\/surfly-recensione\/","title":{"rendered":"Surfly"},"content":{"rendered":"<p><strong>Surfly<\/strong> \u00e8 una piattaforma innovativa progettata per offrire esperienze di navigazione collaborativa in tempo reale, consentendo alle aziende di interagire con i propri clienti in modo pi\u00f9 diretto e coinvolgente. Utilizzata principalmente per il co-browsing, <strong>Surfly<\/strong> permette a un operatore di supporto di vedere esattamente ci\u00f2 che il cliente vede sul proprio schermo e di guidarlo attraverso varie operazioni senza la necessit\u00e0 di installare alcun software aggiuntivo. Questa funzionalit\u00e0 \u00e8 particolarmente utile in settori come l\u2019assistenza clienti, le vendite online e i servizi bancari, dove la necessit\u00e0 di una guida dettagliata e personalizzata pu\u00f2 fare la differenza tra un\u2019esperienza cliente soddisfacente e una frustrante.<\/p>\n<h2>SURFLY &#8211; TUTORIAL<\/h2>\n<div id=\"fluid-wrapper-counter-1\" class=\"g1-fluid-wrapper \" style=\"width:686px;\">\n<div style=\"padding-bottom:56.268221574344%;\"><iframe loading=\"lazy\" title=\"Co-Browsing vs. Screen Sharing: compared in 3 mins\" width=\"686\" height=\"386\" src=\"https:\/\/www.youtube.com\/embed\/sAIDe5DVqa0?feature=oembed&amp;wmode=transparent&amp;autohide=1&amp;autoplay=0&amp;disablekb=0&amp;fs=1&amp;loop=0&amp;enablejsapi=1&amp;rel=0&amp;controls=2&amp;showinfo=0&amp;wmode=transparent&amp;autohide=2&amp;autoplay=0&amp;disablekb=0&amp;fs=1&amp;loop=0&amp;enablejsapi=1&amp;rel=0&amp;controls=2&amp;showinfo=1\" frameborder=\"0\" allow=\"accelerometer; autoplay; clipboard-write; encrypted-media; gyroscope; picture-in-picture; web-share\" referrerpolicy=\"strict-origin-when-cross-origin\" allowfullscreen><\/iframe><\/div>\n<\/div>\n<h3>SURFLY &#8211; CARATTERISTICHE<\/h3>\n<ul>\n<li><strong>Co-browsing<\/strong>: permette di navigare insieme al cliente sullo stesso sito web in tempo reale.<\/li>\n<li><strong>Video chat integrata<\/strong>: consente di avviare videochiamate direttamente durante la sessione di co-browsing.<\/li>\n<li><strong>Condivisione schermo<\/strong>: l\u2019operatore pu\u00f2 vedere e interagire con il contenuto del browser del cliente.<\/li>\n<li><strong>Annotazioni in tempo reale<\/strong>: permette di evidenziare, disegnare o annotare direttamente sullo schermo del cliente.<\/li>\n<li><strong>Sicurezza e conformit\u00e0<\/strong>: garantisce la protezione dei dati e la conformit\u00e0 alle normative come GDPR.<\/li>\n<li><strong>Integrazione API<\/strong>: offre la possibilit\u00e0 di integrare la soluzione con altri strumenti e piattaforme tramite API.<\/li>\n<li><strong>Registrazione sessioni<\/strong>: registra le sessioni di co-browsing per revisioni e formazione.<\/li>\n<li><strong>Personalizzazione<\/strong>: consente di personalizzare l&#8217;interfaccia utente per allinearla al brand aziendale.<\/li>\n<li><strong>Multi-sessione<\/strong>: supporta l\u2019esecuzione di pi\u00f9 sessioni di co-browsing contemporaneamente.<\/li>\n<\/ul>\n<h4>LE RECENSIONI DEGLI UTENTI<\/h4>\n<p><strong>Franco \u201c Strumento di vendita di prossimo livello\u201d<\/strong><br \/>\nPro: &#8211; facile integrazione &#8211; buon set di funzionalit\u00e0 &#8211; facilmente configurabile<br \/>\nContro: &#8211; al momento non saprei dire, ma il prezzo \u00e8 abbastanza alto ma lo strumento d\u00e0 un alto valore.<\/p>\n<p><strong>Whitney \u201c Qualcosa a cui abituarsi!\u201d<\/strong><br \/>\nPro: All&#8217;inizio non ero un grande fan di provare qualcosa di nuovo, come Surfly. Tuttavia, sono piacevolmente sorpresa da quanto Surfly sia semplice e facile da usare. Mi piace molto la facilit\u00e0 con cui \u00e8 possibile condividere lo schermo e collaborare con i colleghi attraverso il programma.<br \/>\nContro: Ci\u00f2 che mi piace di meno di Surfly \u00e8 la confusione dell&#8217;interfaccia. Vorrei qualcosa di semplice per garantire che tutti siano in grado di accedere e visualizzare la riunione e ci\u00f2 che viene condiviso.<\/p>\n<p><strong>Sergey \u201c Surfly \u00e8 un ottimo prodotto per la navigazione in rete\u201d<\/strong><br \/>\nCommenti: Prodotto, assistenza clienti e stabilit\u00e0 hanno un discreto numero di buone caratteristiche. Se si fa impresa, si possono avere funzionalit\u00e0 aggiuntive e un cloud privato per la gestione delle versioni.<br \/>\nPro: Utilizziamo Surfly come API e costruiamo un flusso di lavoro interno per le nostre unit\u00e0 commerciali. Siamo riusciti a ridurre del 40% il tempo di chiamata dei rappresentanti delle vendite. La funzione di co-browsing ci aiuta anche a migliorare il coinvolgimento dei clienti nel processo.<br \/>\nContro: Non abbiamo il supporto per la lingua locale (lingua RTL).<\/p>\n","protected":false},"excerpt":{"rendered":"<p>Surfly \u00e8 una piattaforma innovativa progettata per offrire esperienze di navigazione collaborativa in tempo reale, consentendo alle aziende di interagire con i propri clienti in modo pi\u00f9 diretto e coinvolgente. Utilizzata principalmente per il co-browsing, Surfly permette a un operatore di supporto di vedere esattamente ci\u00f2 che il cliente vede sul proprio schermo e di guidarlo attraverso varie operazioni senza la necessit\u00e0 di installare alcun software aggiuntivo.<\/p>\n","protected":false},"author":17,"featured_media":78405,"parent":57751,"menu_order":0,"comment_status":"open","ping_status":"closed","template":"g1_template_page_review_new.php","meta":{"_acf_changed":false,"cwp_meta_box_check":"No","cwp_rev_product_name":"","cwp_rev_product_image":"","wppr_links":[],"cwp_rev_price":"","wppr_options":[],"wppr_pros":[],"wppr_cons":[],"_monsterinsights_skip_tracking":false,"_monsterinsights_sitenote_active":false,"_monsterinsights_sitenote_note":"","_monsterinsights_sitenote_category":0,"footnotes":""},"categories":[12645],"tags":[15212,374,15187,15151,15196,15226],"features":[],"class_list":{"0":"post-78403","1":"page","2":"type-page","3":"status-publish","4":"has-post-thumbnail","6":"category-software-firme-email-cat","7":"tag-app-firma-digitale","8":"tag-firma-digitale","9":"tag-programma-firma-digitale","10":"tag-software-firma-digitale","11":"tag-soluzione-firma-digitale","12":"tag-surfly"},"wppr_data":{"cwp_meta_box_check":"No"},"acf":[],"yoast_head":"<!-- This site is optimized with the Yoast SEO plugin v27.4 - https:\/\/yoast.com\/product\/yoast-seo-wordpress\/ -->\n<title>Surfly: recensione software firma digitale - Accurate Reviews<\/title>\n<meta name=\"description\" content=\"Surfly: recensione della piattaforma innovativa progettata per offrire esperienze di navigazione collaborativa in tempo reale.\" \/>\n<meta name=\"robots\" content=\"index, follow, max-snippet:-1, max-image-preview:large, max-video-preview:-1\" \/>\n<link rel=\"canonical\" href=\"https:\/\/www.accuratereviews.com\/it\/software-creare-firme-email\/surfly-recensione\/\" \/>\n<meta property=\"og:locale\" content=\"it_IT\" \/>\n<meta property=\"og:type\" content=\"article\" \/>\n<meta property=\"og:title\" content=\"Surfly: recensione software firma digitale - Accurate Reviews\" \/>\n<meta property=\"og:description\" content=\"Surfly: recensione della piattaforma innovativa progettata per offrire esperienze di navigazione collaborativa in tempo reale.\" \/>\n<meta property=\"og:url\" content=\"https:\/\/www.accuratereviews.com\/it\/software-creare-firme-email\/surfly-recensione\/\" \/>\n<meta property=\"og:site_name\" content=\"Accurate Reviews\" \/>\n<meta property=\"article:modified_time\" content=\"2024-10-15T20:59:57+00:00\" \/>\n<meta property=\"og:image\" content=\"https:\/\/www.accuratereviews.com\/wp-content\/uploads\/2024\/08\/surfly.png\" \/>\n\t<meta property=\"og:image:width\" content=\"337\" \/>\n\t<meta property=\"og:image:height\" content=\"150\" \/>\n\t<meta property=\"og:image:type\" content=\"image\/png\" \/>\n<meta name=\"twitter:card\" content=\"summary_large_image\" \/>\n<meta name=\"twitter:label1\" content=\"Tempo di lettura stimato\" \/>\n\t<meta name=\"twitter:data1\" content=\"4 minuti\" \/>\n<script type=\"application\/ld+json\" class=\"yoast-schema-graph\">{\"@context\":\"https:\\\/\\\/schema.org\",\"@graph\":[{\"@type\":\"WebPage\",\"@id\":\"https:\\\/\\\/www.accuratereviews.com\\\/it\\\/software-creare-firme-email\\\/surfly-recensione\\\/\",\"url\":\"https:\\\/\\\/www.accuratereviews.com\\\/it\\\/software-creare-firme-email\\\/surfly-recensione\\\/\",\"name\":\"Surfly: recensione software firma digitale - Accurate Reviews\",\"isPartOf\":{\"@id\":\"https:\\\/\\\/www.accuratereviews.com\\\/it\\\/#website\"},\"primaryImageOfPage\":{\"@id\":\"https:\\\/\\\/www.accuratereviews.com\\\/it\\\/software-creare-firme-email\\\/surfly-recensione\\\/#primaryimage\"},\"image\":{\"@id\":\"https:\\\/\\\/www.accuratereviews.com\\\/it\\\/software-creare-firme-email\\\/surfly-recensione\\\/#primaryimage\"},\"thumbnailUrl\":\"https:\\\/\\\/www.accuratereviews.com\\\/wp-content\\\/uploads\\\/2024\\\/08\\\/surfly.png\",\"datePublished\":\"2024-08-16T12:00:34+00:00\",\"dateModified\":\"2024-10-15T20:59:57+00:00\",\"description\":\"Surfly: recensione della piattaforma innovativa progettata per offrire esperienze di navigazione collaborativa in tempo reale.\",\"breadcrumb\":{\"@id\":\"https:\\\/\\\/www.accuratereviews.com\\\/it\\\/software-creare-firme-email\\\/surfly-recensione\\\/#breadcrumb\"},\"inLanguage\":\"it-IT\",\"potentialAction\":[{\"@type\":\"ReadAction\",\"target\":[\"https:\\\/\\\/www.accuratereviews.com\\\/it\\\/software-creare-firme-email\\\/surfly-recensione\\\/\"]}]},{\"@type\":\"ImageObject\",\"inLanguage\":\"it-IT\",\"@id\":\"https:\\\/\\\/www.accuratereviews.com\\\/it\\\/software-creare-firme-email\\\/surfly-recensione\\\/#primaryimage\",\"url\":\"https:\\\/\\\/www.accuratereviews.com\\\/wp-content\\\/uploads\\\/2024\\\/08\\\/surfly.png\",\"contentUrl\":\"https:\\\/\\\/www.accuratereviews.com\\\/wp-content\\\/uploads\\\/2024\\\/08\\\/surfly.png\",\"width\":337,\"height\":150},{\"@type\":\"BreadcrumbList\",\"@id\":\"https:\\\/\\\/www.accuratereviews.com\\\/it\\\/software-creare-firme-email\\\/surfly-recensione\\\/#breadcrumb\",\"itemListElement\":[{\"@type\":\"ListItem\",\"position\":1,\"name\":\"Home\",\"item\":\"https:\\\/\\\/www.accuratereviews.com\\\/it\\\/\"},{\"@type\":\"ListItem\",\"position\":2,\"name\":\"Software per creare firme per email\",\"item\":\"https:\\\/\\\/www.accuratereviews.com\\\/it\\\/software-creare-firme-email\\\/\"},{\"@type\":\"ListItem\",\"position\":3,\"name\":\"Surfly\"}]},{\"@type\":\"WebSite\",\"@id\":\"https:\\\/\\\/www.accuratereviews.com\\\/it\\\/#website\",\"url\":\"https:\\\/\\\/www.accuratereviews.com\\\/it\\\/\",\"name\":\"Accurate Reviews\",\"description\":\"\",\"potentialAction\":[{\"@type\":\"SearchAction\",\"target\":{\"@type\":\"EntryPoint\",\"urlTemplate\":\"https:\\\/\\\/www.accuratereviews.com\\\/it\\\/?s={search_term_string}\"},\"query-input\":{\"@type\":\"PropertyValueSpecification\",\"valueRequired\":true,\"valueName\":\"search_term_string\"}}],\"inLanguage\":\"it-IT\"}]}<\/script>\n<!-- \/ Yoast SEO plugin. -->","yoast_head_json":{"title":"Surfly: recensione software firma digitale - Accurate Reviews","description":"Surfly: recensione della piattaforma innovativa progettata per offrire esperienze di navigazione collaborativa in tempo reale.","robots":{"index":"index","follow":"follow","max-snippet":"max-snippet:-1","max-image-preview":"max-image-preview:large","max-video-preview":"max-video-preview:-1"},"canonical":"https:\/\/www.accuratereviews.com\/it\/software-creare-firme-email\/surfly-recensione\/","og_locale":"it_IT","og_type":"article","og_title":"Surfly: recensione software firma digitale - Accurate Reviews","og_description":"Surfly: recensione della piattaforma innovativa progettata per offrire esperienze di navigazione collaborativa in tempo reale.","og_url":"https:\/\/www.accuratereviews.com\/it\/software-creare-firme-email\/surfly-recensione\/","og_site_name":"Accurate Reviews","article_modified_time":"2024-10-15T20:59:57+00:00","og_image":[{"width":337,"height":150,"url":"https:\/\/www.accuratereviews.com\/wp-content\/uploads\/2024\/08\/surfly.png","type":"image\/png"}],"twitter_card":"summary_large_image","twitter_misc":{"Tempo di lettura stimato":"4 minuti"},"schema":{"@context":"https:\/\/schema.org","@graph":[{"@type":"WebPage","@id":"https:\/\/www.accuratereviews.com\/it\/software-creare-firme-email\/surfly-recensione\/","url":"https:\/\/www.accuratereviews.com\/it\/software-creare-firme-email\/surfly-recensione\/","name":"Surfly: recensione software firma digitale - Accurate Reviews","isPartOf":{"@id":"https:\/\/www.accuratereviews.com\/it\/#website"},"primaryImageOfPage":{"@id":"https:\/\/www.accuratereviews.com\/it\/software-creare-firme-email\/surfly-recensione\/#primaryimage"},"image":{"@id":"https:\/\/www.accuratereviews.com\/it\/software-creare-firme-email\/surfly-recensione\/#primaryimage"},"thumbnailUrl":"https:\/\/www.accuratereviews.com\/wp-content\/uploads\/2024\/08\/surfly.png","datePublished":"2024-08-16T12:00:34+00:00","dateModified":"2024-10-15T20:59:57+00:00","description":"Surfly: recensione della piattaforma innovativa progettata per offrire esperienze di navigazione collaborativa in tempo reale.","breadcrumb":{"@id":"https:\/\/www.accuratereviews.com\/it\/software-creare-firme-email\/surfly-recensione\/#breadcrumb"},"inLanguage":"it-IT","potentialAction":[{"@type":"ReadAction","target":["https:\/\/www.accuratereviews.com\/it\/software-creare-firme-email\/surfly-recensione\/"]}]},{"@type":"ImageObject","inLanguage":"it-IT","@id":"https:\/\/www.accuratereviews.com\/it\/software-creare-firme-email\/surfly-recensione\/#primaryimage","url":"https:\/\/www.accuratereviews.com\/wp-content\/uploads\/2024\/08\/surfly.png","contentUrl":"https:\/\/www.accuratereviews.com\/wp-content\/uploads\/2024\/08\/surfly.png","width":337,"height":150},{"@type":"BreadcrumbList","@id":"https:\/\/www.accuratereviews.com\/it\/software-creare-firme-email\/surfly-recensione\/#breadcrumb","itemListElement":[{"@type":"ListItem","position":1,"name":"Home","item":"https:\/\/www.accuratereviews.com\/it\/"},{"@type":"ListItem","position":2,"name":"Software per creare firme per email","item":"https:\/\/www.accuratereviews.com\/it\/software-creare-firme-email\/"},{"@type":"ListItem","position":3,"name":"Surfly"}]},{"@type":"WebSite","@id":"https:\/\/www.accuratereviews.com\/it\/#website","url":"https:\/\/www.accuratereviews.com\/it\/","name":"Accurate Reviews","description":"","potentialAction":[{"@type":"SearchAction","target":{"@type":"EntryPoint","urlTemplate":"https:\/\/www.accuratereviews.com\/it\/?s={search_term_string}"},"query-input":{"@type":"PropertyValueSpecification","valueRequired":true,"valueName":"search_term_string"}}],"inLanguage":"it-IT"}]}},"_links":{"self":[{"href":"https:\/\/www.accuratereviews.com\/it\/wp-json\/wp\/v2\/pages\/78403","targetHints":{"allow":["GET"]}}],"collection":[{"href":"https:\/\/www.accuratereviews.com\/it\/wp-json\/wp\/v2\/pages"}],"about":[{"href":"https:\/\/www.accuratereviews.com\/it\/wp-json\/wp\/v2\/types\/page"}],"author":[{"embeddable":true,"href":"https:\/\/www.accuratereviews.com\/it\/wp-json\/wp\/v2\/users\/17"}],"replies":[{"embeddable":true,"href":"https:\/\/www.accuratereviews.com\/it\/wp-json\/wp\/v2\/comments?post=78403"}],"version-history":[{"count":8,"href":"https:\/\/www.accuratereviews.com\/it\/wp-json\/wp\/v2\/pages\/78403\/revisions"}],"predecessor-version":[{"id":79523,"href":"https:\/\/www.accuratereviews.com\/it\/wp-json\/wp\/v2\/pages\/78403\/revisions\/79523"}],"up":[{"embeddable":true,"href":"https:\/\/www.accuratereviews.com\/it\/wp-json\/wp\/v2\/pages\/57751"}],"wp:featuredmedia":[{"embeddable":true,"href":"https:\/\/www.accuratereviews.com\/it\/wp-json\/wp\/v2\/media\/78405"}],"wp:attachment":[{"href":"https:\/\/www.accuratereviews.com\/it\/wp-json\/wp\/v2\/media?parent=78403"}],"wp:term":[{"taxonomy":"category","embeddable":true,"href":"https:\/\/www.accuratereviews.com\/it\/wp-json\/wp\/v2\/categories?post=78403"},{"taxonomy":"post_tag","embeddable":true,"href":"https:\/\/www.accuratereviews.com\/it\/wp-json\/wp\/v2\/tags?post=78403"},{"taxonomy":"features","embeddable":true,"href":"https:\/\/www.accuratereviews.com\/it\/wp-json\/wp\/v2\/features?post=78403"}],"curies":[{"name":"wp","href":"https:\/\/api.w.org\/{rel}","templated":true}]}}