{"id":78465,"date":"2024-08-19T15:55:13","date_gmt":"2024-08-19T15:55:13","guid":{"rendered":"https:\/\/www.accuratereviews.com\/?page_id=78465"},"modified":"2024-08-20T09:35:51","modified_gmt":"2024-08-20T09:35:51","slug":"msb-docs-recensione","status":"publish","type":"page","link":"https:\/\/www.accuratereviews.com\/it\/software-creare-firme-email\/msb-docs-recensione\/","title":{"rendered":"MSB Docs"},"content":{"rendered":"<p class=\"h3 mb-2\"><strong>MSB Docs<\/strong> \u00e8 una piattaforma avanzata di <strong>gestione dei documenti e firma elettronica<\/strong> progettata per soddisfare le esigenze di aziende di ogni dimensione, con un focus particolare su settori regolamentati come la sanit\u00e0, i servizi legali, la pubblica amministrazione e le istituzioni finanziarie. La piattaforma offre una vasta gamma di funzionalit\u00e0 per la digitalizzazione e l&#8217;automazione dei flussi di lavoro, rendendo la gestione dei documenti pi\u00f9 efficiente, sicura e conforme alle normative.<br \/>\n<strong>MSB Docs<\/strong> \u00e8 conosciuto per la sua facilit\u00e0 d&#8217;uso e per la capacit\u00e0 di integrarsi con numerosi sistemi aziendali esistenti, consentendo alle organizzazioni di adottare rapidamente soluzioni digitali senza interrompere i processi operativi esistenti.<\/p>\n<h2>MSB DOCS &#8211; TUTORIAL<\/h2>\n<div id=\"fluid-wrapper-counter-1\" class=\"g1-fluid-wrapper \" style=\"width:686px;\">\n<div style=\"padding-bottom:56.268221574344%;\"><iframe loading=\"lazy\" title=\"How to sign a document using QES\" width=\"686\" height=\"386\" src=\"https:\/\/www.youtube.com\/embed\/LRj4kZJbaTk?feature=oembed&amp;wmode=transparent&amp;autohide=1&amp;autoplay=0&amp;disablekb=0&amp;fs=1&amp;loop=0&amp;enablejsapi=1&amp;rel=0&amp;controls=2&amp;showinfo=0&amp;wmode=transparent&amp;autohide=2&amp;autoplay=0&amp;disablekb=0&amp;fs=1&amp;loop=0&amp;enablejsapi=1&amp;rel=0&amp;controls=2&amp;showinfo=1\" frameborder=\"0\" allow=\"accelerometer; autoplay; clipboard-write; encrypted-media; gyroscope; picture-in-picture; web-share\" referrerpolicy=\"strict-origin-when-cross-origin\" allowfullscreen><\/iframe><\/div>\n<\/div>\n<h3>MSB DOCS &#8211; CARATTERISTICHE<\/h3>\n<ul>\n<li><strong>Firma digitale<\/strong>: consente di apporre firme elettroniche legalmente vincolanti su documenti digitali.<\/li>\n<li><strong>Gestione documentale<\/strong>: offre strumenti per l&#8217;archiviazione, l&#8217;organizzazione e la ricerca di documenti.<\/li>\n<li><strong>Automazione dei flussi di lavoro<\/strong>: automatizza i processi di approvazione e gestione dei documenti.<\/li>\n<li><strong>Integrazione API<\/strong>: si integra facilmente con altre piattaforme e software aziendali tramite API.<\/li>\n<li><strong>Sicurezza dei dati<\/strong>: garantisce la protezione dei dati attraverso crittografia e conformit\u00e0 alle normative.<\/li>\n<li><strong>Tracciabilit\u00e0 e audit trail<\/strong>: registra tutte le azioni eseguite sui documenti per garantire la trasparenza.<\/li>\n<li><strong>Collaborazione in tempo reale<\/strong>: consente a pi\u00f9 utenti di lavorare contemporaneamente sullo stesso documento.<\/li>\n<li><strong>Modelli di documenti<\/strong>: permette di creare e utilizzare modelli di documenti personalizzati per velocizzare i processi.<\/li>\n<\/ul>\n<h4>LE RECENSIONI DEGLI UTENTI<\/h4>\n<p><strong>Anmol \u201c Recensione MSB\u201d<\/strong><br \/>\nPro: Prima di MSB Docs, spesso seguivamo le persone per dimettere le pagine o i campi dei contratti che avevano tralasciato durante le firme a umido. Questo ritarda le chiusure e talvolta le discrepanze. Con MSB Docs c&#8217;\u00e8 meno spazio per errori, ritardi e frustrazione. Felice di aver scelto MSB Docs come fornitore di firme elettroniche.<br \/>\nContro: Non ho riscontrato alcun problema di rilievo nell&#8217;utilizzo di MSB Docs.<\/p>\n<p><strong>Nikhil \u201c Esperienza estremamente positiva\u201d.<\/strong><br \/>\nCommenti: Nel complesso, siamo molto soddisfatti dei servizi offerti da MSB Docs. Siamo in grado di ridurre al minimo i costi di carta e di stampa e di aumentare la produttivit\u00e0. Un semplice audit trail ci mostra ogni dettaglio del documento firmato, compreso il nome del firmatario, l&#8217;ora e il luogo. Alcuni membri del nostro team erano un po&#8217; insicuri all&#8217;inizio, ma una volta iniziato a usarlo, non ci sono state lamentele.<br \/>\nPro: Facilit\u00e0 di tracciabilit\u00e0 e rintracciabilit\u00e0, economicit\u00e0, facile da navigare e da firmare<br \/>\nContro: Non c&#8217;\u00e8 molto da ridire su questo prodotto.<\/p>\n<p><strong>A. \u201c Recensione per MSB Docs\u201d<\/strong><br \/>\nCommenti: L&#8217;app funziona come previsto. Utile e di grande utilit\u00e0 soprattutto per i suoi utenti target.<br \/>\nPro: L&#8217;applicazione offre abbastanza contenuti che possono aiutare l&#8217;utente nella documentazione. L&#8217;interfaccia utente \u00e8 facile da navigare e utilizza pulsanti familiari. L&#8217;applicazione dispone di un numero sufficiente di funzioni per svolgere la sua funzione principale. Inoltre, dispone di altre funzioni, come la firma elettronica, molto utile soprattutto nell&#8217;era digitale. L&#8217;applicazione ha una versione di prova gratuita che consente all&#8217;utente di testare l&#8217;usabilit\u00e0 dell&#8217;applicazione.<br \/>\nContro: L&#8217;app potrebbe aggiungere ulteriori funzioni per coinvolgere un maggior numero di utenti.<\/p>\n","protected":false},"excerpt":{"rendered":"<p>MSB Docs \u00e8 una piattaforma avanzata di gestione dei documenti e firma elettronica progettata per soddisfare le esigenze di aziende di ogni dimensione, con un focus particolare su settori regolamentati come la sanit\u00e0, i servizi legali, la pubblica amministrazione e le istituzioni finanziarie.<\/p>\n","protected":false},"author":17,"featured_media":78481,"parent":57751,"menu_order":0,"comment_status":"open","ping_status":"closed","template":"g1_template_page_review_new.php","meta":{"_acf_changed":false,"cwp_meta_box_check":"No","cwp_rev_product_name":"","cwp_rev_product_image":"","wppr_links":[],"cwp_rev_price":"","wppr_options":[],"wppr_pros":[],"wppr_cons":[],"_monsterinsights_skip_tracking":false,"_monsterinsights_sitenote_active":false,"_monsterinsights_sitenote_note":"","_monsterinsights_sitenote_category":0,"footnotes":""},"categories":[12645],"tags":[374,15231,15230,15187,15151,15196],"features":[],"class_list":{"0":"post-78465","1":"page","2":"type-page","3":"status-publish","4":"has-post-thumbnail","6":"category-software-firme-email-cat","7":"tag-firma-digitale","8":"tag-msb-docs","9":"tag-piattaforma-firma-digitale","10":"tag-programma-firma-digitale","11":"tag-software-firma-digitale","12":"tag-soluzione-firma-digitale"},"wppr_data":{"cwp_meta_box_check":"No"},"acf":[],"yoast_head":"<!-- This site is optimized with the Yoast SEO plugin v27.4 - https:\/\/yoast.com\/product\/yoast-seo-wordpress\/ -->\n<title>MSB Docs: recensione software firma digitale - Accurate Reviews<\/title>\n<meta name=\"description\" content=\"MSB Docs: recensione della piattaforma avanzata di gestione dei documenti e firma elettronica progettata per aziende di ogni dimensione.\" \/>\n<meta name=\"robots\" content=\"index, follow, max-snippet:-1, max-image-preview:large, max-video-preview:-1\" \/>\n<link rel=\"canonical\" href=\"https:\/\/www.accuratereviews.com\/it\/software-creare-firme-email\/msb-docs-recensione\/\" \/>\n<meta property=\"og:locale\" content=\"it_IT\" \/>\n<meta property=\"og:type\" content=\"article\" \/>\n<meta property=\"og:title\" content=\"MSB Docs: recensione software firma digitale - Accurate Reviews\" \/>\n<meta property=\"og:description\" content=\"MSB Docs: recensione della piattaforma avanzata di gestione dei documenti e firma elettronica progettata per aziende di ogni dimensione.\" \/>\n<meta property=\"og:url\" content=\"https:\/\/www.accuratereviews.com\/it\/software-creare-firme-email\/msb-docs-recensione\/\" \/>\n<meta property=\"og:site_name\" content=\"Accurate Reviews\" \/>\n<meta property=\"article:modified_time\" content=\"2024-08-20T09:35:51+00:00\" \/>\n<meta property=\"og:image\" content=\"https:\/\/www.accuratereviews.com\/wp-content\/uploads\/2024\/08\/hqdefault-3.jpg\" \/>\n\t<meta property=\"og:image:width\" content=\"733\" \/>\n\t<meta property=\"og:image:height\" content=\"200\" \/>\n\t<meta property=\"og:image:type\" content=\"image\/jpeg\" \/>\n<meta name=\"twitter:card\" content=\"summary_large_image\" \/>\n<meta name=\"twitter:label1\" content=\"Tempo di lettura stimato\" \/>\n\t<meta name=\"twitter:data1\" content=\"4 minuti\" \/>\n<script type=\"application\/ld+json\" class=\"yoast-schema-graph\">{\"@context\":\"https:\\\/\\\/schema.org\",\"@graph\":[{\"@type\":\"WebPage\",\"@id\":\"https:\\\/\\\/www.accuratereviews.com\\\/it\\\/software-creare-firme-email\\\/msb-docs-recensione\\\/\",\"url\":\"https:\\\/\\\/www.accuratereviews.com\\\/it\\\/software-creare-firme-email\\\/msb-docs-recensione\\\/\",\"name\":\"MSB Docs: recensione software firma digitale - Accurate Reviews\",\"isPartOf\":{\"@id\":\"https:\\\/\\\/www.accuratereviews.com\\\/it\\\/#website\"},\"primaryImageOfPage\":{\"@id\":\"https:\\\/\\\/www.accuratereviews.com\\\/it\\\/software-creare-firme-email\\\/msb-docs-recensione\\\/#primaryimage\"},\"image\":{\"@id\":\"https:\\\/\\\/www.accuratereviews.com\\\/it\\\/software-creare-firme-email\\\/msb-docs-recensione\\\/#primaryimage\"},\"thumbnailUrl\":\"https:\\\/\\\/www.accuratereviews.com\\\/wp-content\\\/uploads\\\/2024\\\/08\\\/hqdefault-3.jpg\",\"datePublished\":\"2024-08-19T15:55:13+00:00\",\"dateModified\":\"2024-08-20T09:35:51+00:00\",\"description\":\"MSB Docs: recensione della piattaforma avanzata di gestione dei documenti e firma elettronica progettata per aziende di ogni dimensione.\",\"breadcrumb\":{\"@id\":\"https:\\\/\\\/www.accuratereviews.com\\\/it\\\/software-creare-firme-email\\\/msb-docs-recensione\\\/#breadcrumb\"},\"inLanguage\":\"it-IT\",\"potentialAction\":[{\"@type\":\"ReadAction\",\"target\":[\"https:\\\/\\\/www.accuratereviews.com\\\/it\\\/software-creare-firme-email\\\/msb-docs-recensione\\\/\"]}]},{\"@type\":\"ImageObject\",\"inLanguage\":\"it-IT\",\"@id\":\"https:\\\/\\\/www.accuratereviews.com\\\/it\\\/software-creare-firme-email\\\/msb-docs-recensione\\\/#primaryimage\",\"url\":\"https:\\\/\\\/www.accuratereviews.com\\\/wp-content\\\/uploads\\\/2024\\\/08\\\/hqdefault-3.jpg\",\"contentUrl\":\"https:\\\/\\\/www.accuratereviews.com\\\/wp-content\\\/uploads\\\/2024\\\/08\\\/hqdefault-3.jpg\",\"width\":733,\"height\":200},{\"@type\":\"BreadcrumbList\",\"@id\":\"https:\\\/\\\/www.accuratereviews.com\\\/it\\\/software-creare-firme-email\\\/msb-docs-recensione\\\/#breadcrumb\",\"itemListElement\":[{\"@type\":\"ListItem\",\"position\":1,\"name\":\"Home\",\"item\":\"https:\\\/\\\/www.accuratereviews.com\\\/it\\\/\"},{\"@type\":\"ListItem\",\"position\":2,\"name\":\"Software per creare firme per email\",\"item\":\"https:\\\/\\\/www.accuratereviews.com\\\/it\\\/software-creare-firme-email\\\/\"},{\"@type\":\"ListItem\",\"position\":3,\"name\":\"MSB Docs\"}]},{\"@type\":\"WebSite\",\"@id\":\"https:\\\/\\\/www.accuratereviews.com\\\/it\\\/#website\",\"url\":\"https:\\\/\\\/www.accuratereviews.com\\\/it\\\/\",\"name\":\"Accurate Reviews\",\"description\":\"\",\"potentialAction\":[{\"@type\":\"SearchAction\",\"target\":{\"@type\":\"EntryPoint\",\"urlTemplate\":\"https:\\\/\\\/www.accuratereviews.com\\\/it\\\/?s={search_term_string}\"},\"query-input\":{\"@type\":\"PropertyValueSpecification\",\"valueRequired\":true,\"valueName\":\"search_term_string\"}}],\"inLanguage\":\"it-IT\"}]}<\/script>\n<!-- \/ Yoast SEO plugin. -->","yoast_head_json":{"title":"MSB Docs: recensione software firma digitale - Accurate Reviews","description":"MSB Docs: recensione della piattaforma avanzata di gestione dei documenti e firma elettronica progettata per aziende di ogni dimensione.","robots":{"index":"index","follow":"follow","max-snippet":"max-snippet:-1","max-image-preview":"max-image-preview:large","max-video-preview":"max-video-preview:-1"},"canonical":"https:\/\/www.accuratereviews.com\/it\/software-creare-firme-email\/msb-docs-recensione\/","og_locale":"it_IT","og_type":"article","og_title":"MSB Docs: recensione software firma digitale - Accurate Reviews","og_description":"MSB Docs: recensione della piattaforma avanzata di gestione dei documenti e firma elettronica progettata per aziende di ogni dimensione.","og_url":"https:\/\/www.accuratereviews.com\/it\/software-creare-firme-email\/msb-docs-recensione\/","og_site_name":"Accurate Reviews","article_modified_time":"2024-08-20T09:35:51+00:00","og_image":[{"width":733,"height":200,"url":"https:\/\/www.accuratereviews.com\/wp-content\/uploads\/2024\/08\/hqdefault-3.jpg","type":"image\/jpeg"}],"twitter_card":"summary_large_image","twitter_misc":{"Tempo di lettura stimato":"4 minuti"},"schema":{"@context":"https:\/\/schema.org","@graph":[{"@type":"WebPage","@id":"https:\/\/www.accuratereviews.com\/it\/software-creare-firme-email\/msb-docs-recensione\/","url":"https:\/\/www.accuratereviews.com\/it\/software-creare-firme-email\/msb-docs-recensione\/","name":"MSB Docs: recensione software firma digitale - Accurate Reviews","isPartOf":{"@id":"https:\/\/www.accuratereviews.com\/it\/#website"},"primaryImageOfPage":{"@id":"https:\/\/www.accuratereviews.com\/it\/software-creare-firme-email\/msb-docs-recensione\/#primaryimage"},"image":{"@id":"https:\/\/www.accuratereviews.com\/it\/software-creare-firme-email\/msb-docs-recensione\/#primaryimage"},"thumbnailUrl":"https:\/\/www.accuratereviews.com\/wp-content\/uploads\/2024\/08\/hqdefault-3.jpg","datePublished":"2024-08-19T15:55:13+00:00","dateModified":"2024-08-20T09:35:51+00:00","description":"MSB Docs: recensione della piattaforma avanzata di gestione dei documenti e firma elettronica progettata per aziende di ogni dimensione.","breadcrumb":{"@id":"https:\/\/www.accuratereviews.com\/it\/software-creare-firme-email\/msb-docs-recensione\/#breadcrumb"},"inLanguage":"it-IT","potentialAction":[{"@type":"ReadAction","target":["https:\/\/www.accuratereviews.com\/it\/software-creare-firme-email\/msb-docs-recensione\/"]}]},{"@type":"ImageObject","inLanguage":"it-IT","@id":"https:\/\/www.accuratereviews.com\/it\/software-creare-firme-email\/msb-docs-recensione\/#primaryimage","url":"https:\/\/www.accuratereviews.com\/wp-content\/uploads\/2024\/08\/hqdefault-3.jpg","contentUrl":"https:\/\/www.accuratereviews.com\/wp-content\/uploads\/2024\/08\/hqdefault-3.jpg","width":733,"height":200},{"@type":"BreadcrumbList","@id":"https:\/\/www.accuratereviews.com\/it\/software-creare-firme-email\/msb-docs-recensione\/#breadcrumb","itemListElement":[{"@type":"ListItem","position":1,"name":"Home","item":"https:\/\/www.accuratereviews.com\/it\/"},{"@type":"ListItem","position":2,"name":"Software per creare firme per email","item":"https:\/\/www.accuratereviews.com\/it\/software-creare-firme-email\/"},{"@type":"ListItem","position":3,"name":"MSB Docs"}]},{"@type":"WebSite","@id":"https:\/\/www.accuratereviews.com\/it\/#website","url":"https:\/\/www.accuratereviews.com\/it\/","name":"Accurate Reviews","description":"","potentialAction":[{"@type":"SearchAction","target":{"@type":"EntryPoint","urlTemplate":"https:\/\/www.accuratereviews.com\/it\/?s={search_term_string}"},"query-input":{"@type":"PropertyValueSpecification","valueRequired":true,"valueName":"search_term_string"}}],"inLanguage":"it-IT"}]}},"_links":{"self":[{"href":"https:\/\/www.accuratereviews.com\/it\/wp-json\/wp\/v2\/pages\/78465","targetHints":{"allow":["GET"]}}],"collection":[{"href":"https:\/\/www.accuratereviews.com\/it\/wp-json\/wp\/v2\/pages"}],"about":[{"href":"https:\/\/www.accuratereviews.com\/it\/wp-json\/wp\/v2\/types\/page"}],"author":[{"embeddable":true,"href":"https:\/\/www.accuratereviews.com\/it\/wp-json\/wp\/v2\/users\/17"}],"replies":[{"embeddable":true,"href":"https:\/\/www.accuratereviews.com\/it\/wp-json\/wp\/v2\/comments?post=78465"}],"version-history":[{"count":1,"href":"https:\/\/www.accuratereviews.com\/it\/wp-json\/wp\/v2\/pages\/78465\/revisions"}],"predecessor-version":[{"id":78486,"href":"https:\/\/www.accuratereviews.com\/it\/wp-json\/wp\/v2\/pages\/78465\/revisions\/78486"}],"up":[{"embeddable":true,"href":"https:\/\/www.accuratereviews.com\/it\/wp-json\/wp\/v2\/pages\/57751"}],"wp:featuredmedia":[{"embeddable":true,"href":"https:\/\/www.accuratereviews.com\/it\/wp-json\/wp\/v2\/media\/78481"}],"wp:attachment":[{"href":"https:\/\/www.accuratereviews.com\/it\/wp-json\/wp\/v2\/media?parent=78465"}],"wp:term":[{"taxonomy":"category","embeddable":true,"href":"https:\/\/www.accuratereviews.com\/it\/wp-json\/wp\/v2\/categories?post=78465"},{"taxonomy":"post_tag","embeddable":true,"href":"https:\/\/www.accuratereviews.com\/it\/wp-json\/wp\/v2\/tags?post=78465"},{"taxonomy":"features","embeddable":true,"href":"https:\/\/www.accuratereviews.com\/it\/wp-json\/wp\/v2\/features?post=78465"}],"curies":[{"name":"wp","href":"https:\/\/api.w.org\/{rel}","templated":true}]}}