{"id":78591,"date":"2024-08-27T09:37:32","date_gmt":"2024-08-27T09:37:32","guid":{"rendered":"https:\/\/www.accuratereviews.com\/?page_id=78591"},"modified":"2024-09-23T16:16:00","modified_gmt":"2024-09-23T16:16:00","slug":"knit-recensione","status":"publish","type":"page","link":"https:\/\/www.accuratereviews.com\/it\/programmi-buste-paga\/knit-recensione\/","title":{"rendered":"Knit"},"content":{"rendered":"<p><strong>Knit<\/strong> \u00e8 una<strong> soluzione completa per la gestione delle buste paga<\/strong> e delle risorse umane che offre strumenti per la gestione delle buste paga dei dipendenti, richieste di ferie, registri dei dipendenti e altro ancora. La piattaforma basata su <strong>cloud<\/strong> automatizza attivit\u00e0 come la busta paga e il monitoraggio del tempo per far risparmiare tempo ai team delle risorse umane. Offre l&#8217;auto-inserimento dei dipendenti, calcoli delle imposte, depositi diretti, acquisizione di firme elettroniche e altro ancora, in modo che gli utenti possano digitalizzare i propri flussi di lavoro e garantire la conformit\u00e0.<br \/>\nL&#8217;intero processo di buste paga pu\u00f2 anche essere completamente automatizzato e il sistema <strong>Knit<\/strong> \u00e8 in grado di calcolare le detrazioni alla fonte, emettere depositi diretti e generare e inviare documenti di buste paga ai dipendenti. I dipendenti possono effettuare richieste di ferie tramite il portale self-service, e il processo di approvazione e le policy sulle ferie possono essere definite all&#8217;interno del sistema. Altre funzionalit\u00e0 della piattaforma includono l&#8217;onboarding dei dipendenti, la gestione dei benefit, la gestione delle comunicazioni e la gestione della conformit\u00e0.<\/p>\n<h2>KNIT &#8211; TUTORIAL<\/h2>\n<div id=\"fluid-wrapper-counter-1\" class=\"g1-fluid-wrapper \" style=\"width:686px;\">\n<div style=\"padding-bottom:56.268221574344%;\"><iframe loading=\"lazy\" title=\"How to Create New Income and Deduction Types in Knit\" width=\"686\" height=\"386\" src=\"https:\/\/www.youtube.com\/embed\/bZLrJ9IaNYs?feature=oembed&amp;wmode=transparent&amp;autohide=1&amp;autoplay=0&amp;disablekb=0&amp;fs=1&amp;loop=0&amp;enablejsapi=1&amp;rel=0&amp;controls=2&amp;showinfo=0&amp;wmode=transparent&amp;autohide=2&amp;autoplay=0&amp;disablekb=0&amp;fs=1&amp;loop=0&amp;enablejsapi=1&amp;rel=0&amp;controls=2&amp;showinfo=1\" frameborder=\"0\" allow=\"accelerometer; autoplay; clipboard-write; encrypted-media; gyroscope; picture-in-picture; web-share\" referrerpolicy=\"strict-origin-when-cross-origin\" allowfullscreen><\/iframe><\/div>\n<\/div>\n<h3>KNIT &#8211; CARATTERISTICHE<\/h3>\n<ul>\n<li><strong>Database dipendenti<\/strong>: archivia tutte le informazioni importanti sui dipendenti, come aumenti di stipendio, note e altro.<\/li>\n<li><strong>Archivia documenti<\/strong>: archivia in modo sicuro i documenti delle risorse umane e crea autorizzazioni in modo che solo chi deve accedervi possa farlo.<\/li>\n<li><strong>Calendario ferie:<\/strong> monitora facilmente le ferie retribuite con un calendario ferie aziendale.<\/li>\n<li><strong>Livelli di accesso personalizzati<\/strong>: proteggi i dati sensibili e fornisci alle persone giuste l&#8217;accesso alle informazioni necessarie.<\/li>\n<li><strong>Avvisi e promemoria via email<\/strong>: ricevi promemoria automatici su dati importanti come compleanni e anniversari di lavoro.<\/li>\n<li><strong>Profili dipendenti personalizzabili<\/strong>: aggiungi campi personalizzati a ciascun profilo dipendente per tenere traccia delle informazioni di cui hai bisogno.<\/li>\n<li><strong>Calcoli automatici delle ferie:<\/strong> la soluzione calcola automaticamente i saldi e gli accantonamenti delle ferie, cos\u00ec puoi tenere traccia delle ferie retribuite.<\/li>\n<li><strong>Politiche sulle ferie personalizzate:<\/strong> monitora qualsiasi tipo di congedo, dal lavoro da casa ai giorni personali, e crea livelli di accantonamento personalizzati.<\/li>\n<li><strong>Approvazioni dei responsabili:<\/strong> delega le approvazioni ai responsabili e ai dipendenti e fai in modo che tutto funzioni con notifiche automatiche.<\/li>\n<li><strong>Dipendenti<\/strong>: gestisci i dati dei dipendenti, tra cui informazioni di contatto, dati di deposito diretto e benefit.<\/li>\n<li><strong>Prestazioni<\/strong>: tieni traccia delle prestazioni del tuo team e tieni tutti sulla stessa pagina tramite la definizione degli obiettivi e le revisioni delle prestazioni.<\/li>\n<li><strong>Reporting<\/strong>: rimani aggiornato sulle normative legali tenendo traccia del PTO mentre generi report sui dati e le analisi dei dipendenti.<\/li>\n<\/ul>\n<h4>LE RECENSIONI DEGLI UTENTI<\/h4>\n<p><strong>Alana &#8220;Sono felice di aver cambiato!&#8221;<\/strong><br \/>\n<strong>Commenti<\/strong>: Di recente siamo passati da ADP a Knit e la transizione \u00e8 stata fantastica! Il team di supporto \u00e8 il migliore e molto competente. Ogni volta che ho chiamato per una domanda, ho sempre ricevuto una risposta sensata. Il nostro primo libro paga \u00e8 andato liscio come l&#8217;olio!<br \/>\n<strong>Pro<\/strong>: La piattaforma \u00e8 intuitiva e moderna, la facilit\u00e0 di aggiornamento delle informazioni sui dipendenti \u00e8 sbalorditiva. I report sono molto facili da usare e leggere.<br \/>\n<strong>Contro<\/strong>: Non riesco a trovare nulla di negativo da dire su Knit.<\/p>\n<p><strong>Abdul &#8220;Il software di gestione paghe semplice da usare&#8221;<\/strong><br \/>\n<strong>Commenti<\/strong>: Ottimo! L&#8217;aspetto e la sensazione del sito sono molto moderni, le funzionalit\u00e0 sono facili da trovare e utilizzare. I report sono facili da leggere e comprendere. Anche l&#8217;integrazione con altre piattaforme (QuickBooks, ad esempio) \u00e8 molto comoda e ha fatto risparmiare molto tempo per la rendicontazione delle buste paga.<br \/>\n<strong>Pro<\/strong>: Molto facile da configurare e usare il software. L&#8217;automazione \u00e8 molto utile per i titolari di attivit\u00e0 che non possono dedicare troppo tempo a compiti amministrativi come la busta paga. La piattaforma \u00e8 strutturata molto bene, rendendola molto intuitiva per la maggior parte delle funzioni utili.<br \/>\n<strong>Contro<\/strong>: Non c&#8217;\u00e8 molto da non apprezzare. Se qualcosa va storto, il servizio clienti \u00e8 semprepronto ad aiutarti.<\/p>\n<p><strong>Rich &#8220;Sistema di gestione delle risorse umane a prezzi competitivi e facile da usare&#8221;<\/strong><br \/>\n<strong>Commenti<\/strong>: Ottimo rapporto qualit\u00e0-prezzo e supporto amichevole disponibile quando necessario. Vale la pena cambiare per una piccola azienda stanca delle soluzioni aziendali pi\u00f9 grandi e costose.<br \/>\n<strong>Pro<\/strong>: Prezzi, gestione semplice e diretta delle buste paga\/dei dipendenti per le piccole imprese<br \/>\n<strong>Contro<\/strong>: \u00c8 necessaria una migliore rendicontazione, sia dal lato del datore di lavoro che da quello del dipendente<\/p>\n","protected":false},"excerpt":{"rendered":"<p>Knit \u00e8 una soluzione completa per la gestione delle buste paga e delle risorse umane che offre strumenti per la gestione delle buste paga dei dipendenti, richieste di ferie, registri dei dipendenti e altro ancora. La piattaforma basata su cloud automatizza attivit\u00e0 come la busta paga e il monitoraggio del tempo per far risparmiare tempo ai team delle risorse umane.<\/p>\n","protected":false},"author":19,"featured_media":78596,"parent":38170,"menu_order":0,"comment_status":"open","ping_status":"closed","template":"g1_template_page_review_new.php","meta":{"_acf_changed":false,"cwp_meta_box_check":"Yes","cwp_rev_product_name":"","cwp_rev_product_image":"","wppr_links":[],"cwp_rev_price":"0.00","wppr_options":[{"name":"Usability","value":"0"},{"name":"Speed","value":"0"},{"name":"Features","value":"0"},{"name":"Support","value":"0"},{"name":"Pricing","value":"0"}],"wppr_pros":["","","","",""],"wppr_cons":["","","","",""],"_monsterinsights_skip_tracking":false,"_monsterinsights_sitenote_active":false,"_monsterinsights_sitenote_note":"","_monsterinsights_sitenote_category":0,"footnotes":""},"categories":[5273],"tags":[4499,15185,15234,5290,5289,5288,5287],"features":[],"class_list":{"0":"post-78591","1":"page","2":"type-page","3":"status-publish","4":"has-post-thumbnail","6":"category-programmi-buste-paga-categoria","7":"tag-buste-paga","8":"tag-cedolini-paga","9":"tag-knit","10":"tag-piattaforma-buste-paga","11":"tag-programma-buste-paga","12":"tag-software-buste-paga","13":"tag-soluzione-buste-paga"},"wppr_data":{"cwp_meta_box_check":"Yes","_wppr_review_template":"default","cwp_rev_product_image":"","cwp_image_link":"image","wppr_links":[],"cwp_rev_price":"0.00","wppr_pros":["","","","",""],"wppr_cons":["","","","",""],"wppr_rating":"0.00","wppr_options":{"1":{"name":"Usability","value":"0"},"2":{"name":"Speed","value":"0"},"3":{"name":"Features","value":"0"},"4":{"name":"Support","value":"0"},"5":{"name":"Pricing","value":"0"}},"wppr_review_type":"Product","wppr_review_custom_fields":{"additionalProperty":"","additionalType":"","aggregateRating":"","alternateName":"","audience":"","award":"","awards":"","brand":"","color":"","depth":"","description":"","disambiguatingDescription":"","gtin12":"","gtin13":"","gtin14":"","gtin8":"","height":"","identifier":"","image":"","isAccessoryOrSparePartFor":"","isConsumableFor":"","isRelatedTo":"","isSimilarTo":"","itemCondition":"","logo":"","mainEntityOfPage":"","manufacturer":"","material":"","model":"","mpn":"","name":"","offers":"","potentialAction":"","productID":"","productionDate":"","purchaseDate":"","releaseDate":"","review":"","reviews":"","sameAs":"","sku":"","slogan":"","subjectOf":"","url":"","weight":"","width":""}},"acf":[],"yoast_head":"<!-- This site is optimized with the Yoast SEO plugin v27.4 - https:\/\/yoast.com\/product\/yoast-seo-wordpress\/ -->\n<title>Knit: recensione software buste paga - Accurate Reviews<\/title>\n<meta name=\"description\" content=\"Knit: recensione soluzione per la gestione delle buste paga e delle risorse umane che offre strumenti per la gestione dei dipendenti.\" \/>\n<meta name=\"robots\" content=\"index, follow, max-snippet:-1, max-image-preview:large, max-video-preview:-1\" \/>\n<link rel=\"canonical\" href=\"https:\/\/www.accuratereviews.com\/it\/programmi-buste-paga\/knit-recensione\/\" \/>\n<meta property=\"og:locale\" content=\"it_IT\" \/>\n<meta property=\"og:type\" content=\"article\" \/>\n<meta property=\"og:title\" content=\"Knit: recensione software buste paga - Accurate Reviews\" \/>\n<meta property=\"og:description\" content=\"Knit: recensione soluzione per la gestione delle buste paga e delle risorse umane che offre strumenti per la gestione dei dipendenti.\" \/>\n<meta property=\"og:url\" content=\"https:\/\/www.accuratereviews.com\/it\/programmi-buste-paga\/knit-recensione\/\" \/>\n<meta property=\"og:site_name\" content=\"Accurate Reviews\" \/>\n<meta property=\"article:modified_time\" content=\"2024-09-23T16:16:00+00:00\" \/>\n<meta property=\"og:image\" content=\"https:\/\/www.accuratereviews.com\/wp-content\/uploads\/2024\/08\/knitpeople.com_.png\" \/>\n\t<meta property=\"og:image:width\" content=\"1600\" \/>\n\t<meta property=\"og:image:height\" content=\"550\" \/>\n\t<meta property=\"og:image:type\" content=\"image\/png\" \/>\n<meta name=\"twitter:card\" content=\"summary_large_image\" \/>\n<meta name=\"twitter:label1\" content=\"Tempo di lettura stimato\" \/>\n\t<meta name=\"twitter:data1\" content=\"5 minuti\" \/>\n<script type=\"application\/ld+json\" class=\"yoast-schema-graph\">{\"@context\":\"https:\\\/\\\/schema.org\",\"@graph\":[{\"@type\":\"WebPage\",\"@id\":\"https:\\\/\\\/www.accuratereviews.com\\\/it\\\/programmi-buste-paga\\\/knit-recensione\\\/\",\"url\":\"https:\\\/\\\/www.accuratereviews.com\\\/it\\\/programmi-buste-paga\\\/knit-recensione\\\/\",\"name\":\"Knit: recensione software buste paga - Accurate Reviews\",\"isPartOf\":{\"@id\":\"https:\\\/\\\/www.accuratereviews.com\\\/it\\\/#website\"},\"primaryImageOfPage\":{\"@id\":\"https:\\\/\\\/www.accuratereviews.com\\\/it\\\/programmi-buste-paga\\\/knit-recensione\\\/#primaryimage\"},\"image\":{\"@id\":\"https:\\\/\\\/www.accuratereviews.com\\\/it\\\/programmi-buste-paga\\\/knit-recensione\\\/#primaryimage\"},\"thumbnailUrl\":\"https:\\\/\\\/www.accuratereviews.com\\\/wp-content\\\/uploads\\\/2024\\\/08\\\/knitpeople.com_.png\",\"datePublished\":\"2024-08-27T09:37:32+00:00\",\"dateModified\":\"2024-09-23T16:16:00+00:00\",\"description\":\"Knit: recensione soluzione per la gestione delle buste paga e delle risorse umane che offre strumenti per la gestione dei dipendenti.\",\"breadcrumb\":{\"@id\":\"https:\\\/\\\/www.accuratereviews.com\\\/it\\\/programmi-buste-paga\\\/knit-recensione\\\/#breadcrumb\"},\"inLanguage\":\"it-IT\",\"potentialAction\":[{\"@type\":\"ReadAction\",\"target\":[\"https:\\\/\\\/www.accuratereviews.com\\\/it\\\/programmi-buste-paga\\\/knit-recensione\\\/\"]}]},{\"@type\":\"ImageObject\",\"inLanguage\":\"it-IT\",\"@id\":\"https:\\\/\\\/www.accuratereviews.com\\\/it\\\/programmi-buste-paga\\\/knit-recensione\\\/#primaryimage\",\"url\":\"https:\\\/\\\/www.accuratereviews.com\\\/wp-content\\\/uploads\\\/2024\\\/08\\\/knitpeople.com_.png\",\"contentUrl\":\"https:\\\/\\\/www.accuratereviews.com\\\/wp-content\\\/uploads\\\/2024\\\/08\\\/knitpeople.com_.png\",\"width\":1600,\"height\":550},{\"@type\":\"BreadcrumbList\",\"@id\":\"https:\\\/\\\/www.accuratereviews.com\\\/it\\\/programmi-buste-paga\\\/knit-recensione\\\/#breadcrumb\",\"itemListElement\":[{\"@type\":\"ListItem\",\"position\":1,\"name\":\"Home\",\"item\":\"https:\\\/\\\/www.accuratereviews.com\\\/it\\\/\"},{\"@type\":\"ListItem\",\"position\":2,\"name\":\"Programmi per buste paga\",\"item\":\"https:\\\/\\\/www.accuratereviews.com\\\/it\\\/programmi-buste-paga\\\/\"},{\"@type\":\"ListItem\",\"position\":3,\"name\":\"Knit\"}]},{\"@type\":\"WebSite\",\"@id\":\"https:\\\/\\\/www.accuratereviews.com\\\/it\\\/#website\",\"url\":\"https:\\\/\\\/www.accuratereviews.com\\\/it\\\/\",\"name\":\"Accurate Reviews\",\"description\":\"\",\"potentialAction\":[{\"@type\":\"SearchAction\",\"target\":{\"@type\":\"EntryPoint\",\"urlTemplate\":\"https:\\\/\\\/www.accuratereviews.com\\\/it\\\/?s={search_term_string}\"},\"query-input\":{\"@type\":\"PropertyValueSpecification\",\"valueRequired\":true,\"valueName\":\"search_term_string\"}}],\"inLanguage\":\"it-IT\"}]}<\/script>\n<!-- \/ Yoast SEO plugin. -->","yoast_head_json":{"title":"Knit: recensione software buste paga - Accurate Reviews","description":"Knit: recensione soluzione per la gestione delle buste paga e delle risorse umane che offre strumenti per la gestione dei dipendenti.","robots":{"index":"index","follow":"follow","max-snippet":"max-snippet:-1","max-image-preview":"max-image-preview:large","max-video-preview":"max-video-preview:-1"},"canonical":"https:\/\/www.accuratereviews.com\/it\/programmi-buste-paga\/knit-recensione\/","og_locale":"it_IT","og_type":"article","og_title":"Knit: recensione software buste paga - Accurate Reviews","og_description":"Knit: recensione soluzione per la gestione delle buste paga e delle risorse umane che offre strumenti per la gestione dei dipendenti.","og_url":"https:\/\/www.accuratereviews.com\/it\/programmi-buste-paga\/knit-recensione\/","og_site_name":"Accurate Reviews","article_modified_time":"2024-09-23T16:16:00+00:00","og_image":[{"width":1600,"height":550,"url":"https:\/\/www.accuratereviews.com\/wp-content\/uploads\/2024\/08\/knitpeople.com_.png","type":"image\/png"}],"twitter_card":"summary_large_image","twitter_misc":{"Tempo di lettura stimato":"5 minuti"},"schema":{"@context":"https:\/\/schema.org","@graph":[{"@type":"WebPage","@id":"https:\/\/www.accuratereviews.com\/it\/programmi-buste-paga\/knit-recensione\/","url":"https:\/\/www.accuratereviews.com\/it\/programmi-buste-paga\/knit-recensione\/","name":"Knit: recensione software buste paga - Accurate Reviews","isPartOf":{"@id":"https:\/\/www.accuratereviews.com\/it\/#website"},"primaryImageOfPage":{"@id":"https:\/\/www.accuratereviews.com\/it\/programmi-buste-paga\/knit-recensione\/#primaryimage"},"image":{"@id":"https:\/\/www.accuratereviews.com\/it\/programmi-buste-paga\/knit-recensione\/#primaryimage"},"thumbnailUrl":"https:\/\/www.accuratereviews.com\/wp-content\/uploads\/2024\/08\/knitpeople.com_.png","datePublished":"2024-08-27T09:37:32+00:00","dateModified":"2024-09-23T16:16:00+00:00","description":"Knit: recensione soluzione per la gestione delle buste paga e delle risorse umane che offre strumenti per la gestione dei dipendenti.","breadcrumb":{"@id":"https:\/\/www.accuratereviews.com\/it\/programmi-buste-paga\/knit-recensione\/#breadcrumb"},"inLanguage":"it-IT","potentialAction":[{"@type":"ReadAction","target":["https:\/\/www.accuratereviews.com\/it\/programmi-buste-paga\/knit-recensione\/"]}]},{"@type":"ImageObject","inLanguage":"it-IT","@id":"https:\/\/www.accuratereviews.com\/it\/programmi-buste-paga\/knit-recensione\/#primaryimage","url":"https:\/\/www.accuratereviews.com\/wp-content\/uploads\/2024\/08\/knitpeople.com_.png","contentUrl":"https:\/\/www.accuratereviews.com\/wp-content\/uploads\/2024\/08\/knitpeople.com_.png","width":1600,"height":550},{"@type":"BreadcrumbList","@id":"https:\/\/www.accuratereviews.com\/it\/programmi-buste-paga\/knit-recensione\/#breadcrumb","itemListElement":[{"@type":"ListItem","position":1,"name":"Home","item":"https:\/\/www.accuratereviews.com\/it\/"},{"@type":"ListItem","position":2,"name":"Programmi per buste paga","item":"https:\/\/www.accuratereviews.com\/it\/programmi-buste-paga\/"},{"@type":"ListItem","position":3,"name":"Knit"}]},{"@type":"WebSite","@id":"https:\/\/www.accuratereviews.com\/it\/#website","url":"https:\/\/www.accuratereviews.com\/it\/","name":"Accurate Reviews","description":"","potentialAction":[{"@type":"SearchAction","target":{"@type":"EntryPoint","urlTemplate":"https:\/\/www.accuratereviews.com\/it\/?s={search_term_string}"},"query-input":{"@type":"PropertyValueSpecification","valueRequired":true,"valueName":"search_term_string"}}],"inLanguage":"it-IT"}]}},"_links":{"self":[{"href":"https:\/\/www.accuratereviews.com\/it\/wp-json\/wp\/v2\/pages\/78591","targetHints":{"allow":["GET"]}}],"collection":[{"href":"https:\/\/www.accuratereviews.com\/it\/wp-json\/wp\/v2\/pages"}],"about":[{"href":"https:\/\/www.accuratereviews.com\/it\/wp-json\/wp\/v2\/types\/page"}],"author":[{"embeddable":true,"href":"https:\/\/www.accuratereviews.com\/it\/wp-json\/wp\/v2\/users\/19"}],"replies":[{"embeddable":true,"href":"https:\/\/www.accuratereviews.com\/it\/wp-json\/wp\/v2\/comments?post=78591"}],"version-history":[{"count":6,"href":"https:\/\/www.accuratereviews.com\/it\/wp-json\/wp\/v2\/pages\/78591\/revisions"}],"predecessor-version":[{"id":79040,"href":"https:\/\/www.accuratereviews.com\/it\/wp-json\/wp\/v2\/pages\/78591\/revisions\/79040"}],"up":[{"embeddable":true,"href":"https:\/\/www.accuratereviews.com\/it\/wp-json\/wp\/v2\/pages\/38170"}],"wp:featuredmedia":[{"embeddable":true,"href":"https:\/\/www.accuratereviews.com\/it\/wp-json\/wp\/v2\/media\/78596"}],"wp:attachment":[{"href":"https:\/\/www.accuratereviews.com\/it\/wp-json\/wp\/v2\/media?parent=78591"}],"wp:term":[{"taxonomy":"category","embeddable":true,"href":"https:\/\/www.accuratereviews.com\/it\/wp-json\/wp\/v2\/categories?post=78591"},{"taxonomy":"post_tag","embeddable":true,"href":"https:\/\/www.accuratereviews.com\/it\/wp-json\/wp\/v2\/tags?post=78591"},{"taxonomy":"features","embeddable":true,"href":"https:\/\/www.accuratereviews.com\/it\/wp-json\/wp\/v2\/features?post=78591"}],"curies":[{"name":"wp","href":"https:\/\/api.w.org\/{rel}","templated":true}]}}