{"id":78618,"date":"2024-08-29T09:30:40","date_gmt":"2024-08-29T09:30:40","guid":{"rendered":"https:\/\/www.accuratereviews.com\/?page_id=78618"},"modified":"2024-09-23T15:46:59","modified_gmt":"2024-09-23T15:46:59","slug":"avionte-recensione","status":"publish","type":"page","link":"https:\/\/www.accuratereviews.com\/it\/programmi-buste-paga\/avionte-recensione\/","title":{"rendered":"Aviont\u00e9"},"content":{"rendered":"<p><strong>Aviont\u00e9<\/strong> offre un sistema di tracciamento dei candidati e una<strong> soluzione di gestione delle paghe<\/strong> front- e back-office, una solida app mobile per i talenti e un sistema di gestione dei fornitori specializzato per la gestione della forza lavoro contingente. La sua piattaforma completa basata su <strong>cloud<\/strong> guida una crescita e una scalabilit\u00e0 senza pari per i clienti. Automatizzando l&#8217;intero processo di personale, <strong>Aviont\u00e9<\/strong> crea un flusso di lavoro fluido dal datore di lavoro all&#8217;agenzia al talento e ritorno. Attualmente elabora oltre 15 miliardi di dollari in buste paga e ha stabilito partnership con oltre 80 fornitori del settore attraverso il suo programma di integrazione e servizi API. Il suo impegno per la sicurezza \u00e8 dimostrato dalla sua certificazione SOC 2 Type 2, che garantisce la massima protezione e conformit\u00e0 dei dati. Ci\u00f2 consente ai clienti di utilizzare con sicurezza la piattaforma end-to-end facilitando una rapida crescita aziendale, una maggiore produttivit\u00e0 dei reclutatori e una migliore redditivit\u00e0.<\/p>\n<h2>AVIONTE&#8217; &#8211; TUTORIAL<\/h2>\n<div id=\"fluid-wrapper-counter-1\" class=\"g1-fluid-wrapper \" style=\"width:686px;\">\n<div style=\"padding-bottom:56.268221574344%;\"><iframe loading=\"lazy\" title=\"Get to Know Aviont\u00e9\" width=\"686\" height=\"386\" src=\"https:\/\/www.youtube.com\/embed\/71BKBciOeCw?feature=oembed&amp;wmode=transparent&amp;autohide=1&amp;autoplay=0&amp;disablekb=0&amp;fs=1&amp;loop=0&amp;enablejsapi=1&amp;rel=0&amp;controls=2&amp;showinfo=0&amp;wmode=transparent&amp;autohide=2&amp;autoplay=0&amp;disablekb=0&amp;fs=1&amp;loop=0&amp;enablejsapi=1&amp;rel=0&amp;controls=2&amp;showinfo=1\" frameborder=\"0\" allow=\"accelerometer; autoplay; clipboard-write; encrypted-media; gyroscope; picture-in-picture; web-share\" referrerpolicy=\"strict-origin-when-cross-origin\" allowfullscreen><\/iframe><\/div>\n<\/div>\n<h3>AVIONTE&#8217; &#8211; CARATTERISTICHE<\/h3>\n<ul>\n<li><strong>CRM\/ATS<\/strong>: trova e colloca i talenti pi\u00f9 adatti. Gli strumenti di sourcing, matching e ricerca di ultima generazione non solo aumentano il coinvolgimento dei talenti, ma migliorano anche la produttivit\u00e0 dei reclutatori e il servizio clienti. A<\/li>\n<li><strong>Paghe\/Fatturazione<\/strong>: semplifica le attivit\u00e0 dettagliate e dispendiose in termini di tempo associate a paghe e fatturazione. Con il software di gestione del personale, avrai un flusso di dati fluido dai dettagli dei dipendenti e degli ordini all&#8217;acquisizione del tempo fino al pagamento tramite dispositivi mobili.<\/li>\n<li><strong>Coinvolgimento dei talenti tramite dispositivi mobili<\/strong>: attrai, recluta e coinvolgi i talenti tramite un&#8217;unica app mobile. Dalla candidatura iniziale al pagamento in giornata, il tuo personale e i tuoi talenti trarranno vantaggio da un&#8217;esperienza mobile fluida.<\/li>\n<li><strong>Gestione della forza lavoro temporanea<\/strong>: aiuta i datori di lavoro a creare una catena di fornitura di manodopera affidabile con un sistema di gestione dei fornitori (VMS) basato sul Web sviluppato e supportato da veterani del settore del personale.<\/li>\n<li><strong>Business Intelligence<\/strong>: ottieni un quadro completo dell&#8217;attivit\u00e0 aziendale analizzando i dati di front office, back office e talenti per valutare efficienza, redditivit\u00e0 e opportunit\u00e0 di crescita, il tutto in un&#8217;interfaccia visiva di facile utilizzo.<\/li>\n<li><strong>Retribuzione<\/strong>: assicurati una retribuzione tempestiva e accurata, offrendo ai dipendenti un accesso rapido e semplice alle informazioni sulla retribuzione. Massimizza l&#8217;efficienza semplificando i requisiti di buste paga, conformit\u00e0 e reporting all&#8217;interno di un&#8217;unica piattaforma software automatizzata.<\/li>\n<li><strong>Integrazioni e API:<\/strong> semplifica i flussi di lavoro e unisci i tuoi team, la tecnologia e i dati con tecnologie innovative e all&#8217;avanguardia e potenti integrazioni software per il personale.<\/li>\n<\/ul>\n<h4>LE RECENSIONI DEGLI UTENTI<\/h4>\n<p><strong>Andrea &#8220;Recensione di Avionte&#8221;<\/strong><br \/>\n<strong>Commenti<\/strong>: \u00c8 stata un&#8217;esperienza positiva e, se abbiamo domande, il team di assistenza clienti \u00e8 fantastico.<br \/>\n<strong>Pro<\/strong>: Facile pubblicare lavori sul nostro sito web Veloce creare un nuovo ticket Facile impostare pi\u00f9 reparti per la fatturazione Facile visualizzare i nuovi candidati online Facile tenere traccia degli ordini aperti ed eseguire report speciali<br \/>\n<strong>Contro<\/strong>: L&#8217;unico contro che mi viene in mente al momento \u00e8 che una volta creato un gruppo di preferiti, non \u00e8 pi\u00f9 possibile eliminarlo.<\/p>\n<p><strong>Casey &#8220;Ottimo per il monitoraggio dei candidati&#8221;<\/strong><br \/>\n<strong>Pro<\/strong>: Penso che sia uno strumento molto facile da usare e da insegnare.<br \/>\n<strong>Contro<\/strong>: Vorrei che le capacit\u00e0 di reporting fossero migliori.<\/p>\n<p><strong>Emerson &#8220;Buono ma proibitivamente costoso per un negozio da una sola persona&#8221;<\/strong><br \/>\n<strong>Commenti<\/strong>: Sto passando a un&#8217;altra piattaforma, poich\u00e9 non posso permettermi il minimo di 2 utenti<br \/>\n<strong>Pro<\/strong>: Buona funzionalit\u00e0, assistenza clienti reattiva, buona integrazione con LinkedIn<br \/>\n<strong>Contro<\/strong>: Costoso, e hanno preso suggerimenti ma raramente li hanno implementati<\/p>\n","protected":false},"excerpt":{"rendered":"<p>Aviont\u00e9 offre un sistema di tracciamento dei candidati e una soluzione di gestione delle paghe front- e back-office, una solida app mobile per i talenti e un sistema di gestione dei fornitori specializzato per la gestione della forza lavoro contingente. La sua piattaforma completa basata su cloud guida una crescita e una scalabilit\u00e0 senza pari per i clienti.<\/p>\n","protected":false},"author":19,"featured_media":78621,"parent":38170,"menu_order":0,"comment_status":"open","ping_status":"closed","template":"g1_template_page_review_new.php","meta":{"_acf_changed":false,"cwp_meta_box_check":"Yes","cwp_rev_product_name":"","cwp_rev_product_image":"","wppr_links":[],"cwp_rev_price":"0.00","wppr_options":[{"name":"Usability","value":"0"},{"name":"Speed","value":"0"},{"name":"Features","value":"0"},{"name":"Support","value":"0"},{"name":"Pricing","value":"0"}],"wppr_pros":["","","","",""],"wppr_cons":["","","","",""],"_monsterinsights_skip_tracking":false,"_monsterinsights_sitenote_active":false,"_monsterinsights_sitenote_note":"","_monsterinsights_sitenote_category":0,"footnotes":""},"categories":[5273],"tags":[15237,4499,15185,5290,5289,5288,5287],"features":[],"class_list":{"0":"post-78618","1":"page","2":"type-page","3":"status-publish","4":"has-post-thumbnail","6":"category-programmi-buste-paga-categoria","7":"tag-avionte","8":"tag-buste-paga","9":"tag-cedolini-paga","10":"tag-piattaforma-buste-paga","11":"tag-programma-buste-paga","12":"tag-software-buste-paga","13":"tag-soluzione-buste-paga"},"wppr_data":{"cwp_meta_box_check":"Yes","_wppr_review_template":"default","cwp_rev_product_image":"","cwp_image_link":"image","wppr_links":[],"cwp_rev_price":"0.00","wppr_pros":["","","","",""],"wppr_cons":["","","","",""],"wppr_rating":"0.00","wppr_options":{"1":{"name":"Usability","value":"0"},"2":{"name":"Speed","value":"0"},"3":{"name":"Features","value":"0"},"4":{"name":"Support","value":"0"},"5":{"name":"Pricing","value":"0"}},"wppr_review_type":"Product","wppr_review_custom_fields":{"additionalProperty":"","additionalType":"","aggregateRating":"","alternateName":"","audience":"","award":"","awards":"","brand":"","color":"","depth":"","description":"","disambiguatingDescription":"","gtin12":"","gtin13":"","gtin14":"","gtin8":"","height":"","identifier":"","image":"","isAccessoryOrSparePartFor":"","isConsumableFor":"","isRelatedTo":"","isSimilarTo":"","itemCondition":"","logo":"","mainEntityOfPage":"","manufacturer":"","material":"","model":"","mpn":"","name":"","offers":"","potentialAction":"","productID":"","productionDate":"","purchaseDate":"","releaseDate":"","review":"","reviews":"","sameAs":"","sku":"","slogan":"","subjectOf":"","url":"","weight":"","width":""}},"acf":[],"yoast_head":"<!-- This site is optimized with the Yoast SEO plugin v27.4 - https:\/\/yoast.com\/product\/yoast-seo-wordpress\/ -->\n<title>Aviont\u00e9: recensione software buste paga - Accurate Reviews<\/title>\n<meta name=\"description\" content=\"Aviont\u00e9: recensione sistema di tracciamento dei candidati e una soluzione di gestione delle paghe front- e back-office.\" \/>\n<meta name=\"robots\" content=\"index, follow, max-snippet:-1, max-image-preview:large, max-video-preview:-1\" \/>\n<link rel=\"canonical\" href=\"https:\/\/www.accuratereviews.com\/it\/programmi-buste-paga\/avionte-recensione\/\" \/>\n<meta property=\"og:locale\" content=\"it_IT\" \/>\n<meta property=\"og:type\" content=\"article\" \/>\n<meta property=\"og:title\" content=\"Aviont\u00e9: recensione software buste paga - Accurate Reviews\" \/>\n<meta property=\"og:description\" content=\"Aviont\u00e9: recensione sistema di tracciamento dei candidati e una soluzione di gestione delle paghe front- e back-office.\" \/>\n<meta property=\"og:url\" content=\"https:\/\/www.accuratereviews.com\/it\/programmi-buste-paga\/avionte-recensione\/\" \/>\n<meta property=\"og:site_name\" content=\"Accurate Reviews\" \/>\n<meta property=\"article:modified_time\" content=\"2024-09-23T15:46:59+00:00\" \/>\n<meta property=\"og:image\" content=\"https:\/\/www.accuratereviews.com\/wp-content\/uploads\/2024\/08\/Avionte.jpeg\" \/>\n\t<meta property=\"og:image:width\" content=\"1024\" \/>\n\t<meta property=\"og:image:height\" content=\"512\" \/>\n\t<meta property=\"og:image:type\" content=\"image\/jpeg\" \/>\n<meta name=\"twitter:card\" content=\"summary_large_image\" \/>\n<meta name=\"twitter:label1\" content=\"Tempo di lettura stimato\" \/>\n\t<meta name=\"twitter:data1\" content=\"4 minuti\" \/>\n<script type=\"application\/ld+json\" class=\"yoast-schema-graph\">{\"@context\":\"https:\\\/\\\/schema.org\",\"@graph\":[{\"@type\":\"WebPage\",\"@id\":\"https:\\\/\\\/www.accuratereviews.com\\\/it\\\/programmi-buste-paga\\\/avionte-recensione\\\/\",\"url\":\"https:\\\/\\\/www.accuratereviews.com\\\/it\\\/programmi-buste-paga\\\/avionte-recensione\\\/\",\"name\":\"Aviont\u00e9: recensione software buste paga - Accurate Reviews\",\"isPartOf\":{\"@id\":\"https:\\\/\\\/www.accuratereviews.com\\\/it\\\/#website\"},\"primaryImageOfPage\":{\"@id\":\"https:\\\/\\\/www.accuratereviews.com\\\/it\\\/programmi-buste-paga\\\/avionte-recensione\\\/#primaryimage\"},\"image\":{\"@id\":\"https:\\\/\\\/www.accuratereviews.com\\\/it\\\/programmi-buste-paga\\\/avionte-recensione\\\/#primaryimage\"},\"thumbnailUrl\":\"https:\\\/\\\/www.accuratereviews.com\\\/wp-content\\\/uploads\\\/2024\\\/08\\\/Avionte.jpeg\",\"datePublished\":\"2024-08-29T09:30:40+00:00\",\"dateModified\":\"2024-09-23T15:46:59+00:00\",\"description\":\"Aviont\u00e9: recensione sistema di tracciamento dei candidati e una soluzione di gestione delle paghe front- e back-office.\",\"breadcrumb\":{\"@id\":\"https:\\\/\\\/www.accuratereviews.com\\\/it\\\/programmi-buste-paga\\\/avionte-recensione\\\/#breadcrumb\"},\"inLanguage\":\"it-IT\",\"potentialAction\":[{\"@type\":\"ReadAction\",\"target\":[\"https:\\\/\\\/www.accuratereviews.com\\\/it\\\/programmi-buste-paga\\\/avionte-recensione\\\/\"]}]},{\"@type\":\"ImageObject\",\"inLanguage\":\"it-IT\",\"@id\":\"https:\\\/\\\/www.accuratereviews.com\\\/it\\\/programmi-buste-paga\\\/avionte-recensione\\\/#primaryimage\",\"url\":\"https:\\\/\\\/www.accuratereviews.com\\\/wp-content\\\/uploads\\\/2024\\\/08\\\/Avionte.jpeg\",\"contentUrl\":\"https:\\\/\\\/www.accuratereviews.com\\\/wp-content\\\/uploads\\\/2024\\\/08\\\/Avionte.jpeg\",\"width\":1024,\"height\":512},{\"@type\":\"BreadcrumbList\",\"@id\":\"https:\\\/\\\/www.accuratereviews.com\\\/it\\\/programmi-buste-paga\\\/avionte-recensione\\\/#breadcrumb\",\"itemListElement\":[{\"@type\":\"ListItem\",\"position\":1,\"name\":\"Home\",\"item\":\"https:\\\/\\\/www.accuratereviews.com\\\/it\\\/\"},{\"@type\":\"ListItem\",\"position\":2,\"name\":\"Programmi per buste paga\",\"item\":\"https:\\\/\\\/www.accuratereviews.com\\\/it\\\/programmi-buste-paga\\\/\"},{\"@type\":\"ListItem\",\"position\":3,\"name\":\"Aviont\u00e9\"}]},{\"@type\":\"WebSite\",\"@id\":\"https:\\\/\\\/www.accuratereviews.com\\\/it\\\/#website\",\"url\":\"https:\\\/\\\/www.accuratereviews.com\\\/it\\\/\",\"name\":\"Accurate Reviews\",\"description\":\"\",\"potentialAction\":[{\"@type\":\"SearchAction\",\"target\":{\"@type\":\"EntryPoint\",\"urlTemplate\":\"https:\\\/\\\/www.accuratereviews.com\\\/it\\\/?s={search_term_string}\"},\"query-input\":{\"@type\":\"PropertyValueSpecification\",\"valueRequired\":true,\"valueName\":\"search_term_string\"}}],\"inLanguage\":\"it-IT\"}]}<\/script>\n<!-- \/ Yoast SEO plugin. -->","yoast_head_json":{"title":"Aviont\u00e9: recensione software buste paga - Accurate Reviews","description":"Aviont\u00e9: recensione sistema di tracciamento dei candidati e una soluzione di gestione delle paghe front- e back-office.","robots":{"index":"index","follow":"follow","max-snippet":"max-snippet:-1","max-image-preview":"max-image-preview:large","max-video-preview":"max-video-preview:-1"},"canonical":"https:\/\/www.accuratereviews.com\/it\/programmi-buste-paga\/avionte-recensione\/","og_locale":"it_IT","og_type":"article","og_title":"Aviont\u00e9: recensione software buste paga - Accurate Reviews","og_description":"Aviont\u00e9: recensione sistema di tracciamento dei candidati e una soluzione di gestione delle paghe front- e back-office.","og_url":"https:\/\/www.accuratereviews.com\/it\/programmi-buste-paga\/avionte-recensione\/","og_site_name":"Accurate Reviews","article_modified_time":"2024-09-23T15:46:59+00:00","og_image":[{"width":1024,"height":512,"url":"https:\/\/www.accuratereviews.com\/wp-content\/uploads\/2024\/08\/Avionte.jpeg","type":"image\/jpeg"}],"twitter_card":"summary_large_image","twitter_misc":{"Tempo di lettura stimato":"4 minuti"},"schema":{"@context":"https:\/\/schema.org","@graph":[{"@type":"WebPage","@id":"https:\/\/www.accuratereviews.com\/it\/programmi-buste-paga\/avionte-recensione\/","url":"https:\/\/www.accuratereviews.com\/it\/programmi-buste-paga\/avionte-recensione\/","name":"Aviont\u00e9: recensione software buste paga - Accurate Reviews","isPartOf":{"@id":"https:\/\/www.accuratereviews.com\/it\/#website"},"primaryImageOfPage":{"@id":"https:\/\/www.accuratereviews.com\/it\/programmi-buste-paga\/avionte-recensione\/#primaryimage"},"image":{"@id":"https:\/\/www.accuratereviews.com\/it\/programmi-buste-paga\/avionte-recensione\/#primaryimage"},"thumbnailUrl":"https:\/\/www.accuratereviews.com\/wp-content\/uploads\/2024\/08\/Avionte.jpeg","datePublished":"2024-08-29T09:30:40+00:00","dateModified":"2024-09-23T15:46:59+00:00","description":"Aviont\u00e9: recensione sistema di tracciamento dei candidati e una soluzione di gestione delle paghe front- e back-office.","breadcrumb":{"@id":"https:\/\/www.accuratereviews.com\/it\/programmi-buste-paga\/avionte-recensione\/#breadcrumb"},"inLanguage":"it-IT","potentialAction":[{"@type":"ReadAction","target":["https:\/\/www.accuratereviews.com\/it\/programmi-buste-paga\/avionte-recensione\/"]}]},{"@type":"ImageObject","inLanguage":"it-IT","@id":"https:\/\/www.accuratereviews.com\/it\/programmi-buste-paga\/avionte-recensione\/#primaryimage","url":"https:\/\/www.accuratereviews.com\/wp-content\/uploads\/2024\/08\/Avionte.jpeg","contentUrl":"https:\/\/www.accuratereviews.com\/wp-content\/uploads\/2024\/08\/Avionte.jpeg","width":1024,"height":512},{"@type":"BreadcrumbList","@id":"https:\/\/www.accuratereviews.com\/it\/programmi-buste-paga\/avionte-recensione\/#breadcrumb","itemListElement":[{"@type":"ListItem","position":1,"name":"Home","item":"https:\/\/www.accuratereviews.com\/it\/"},{"@type":"ListItem","position":2,"name":"Programmi per buste paga","item":"https:\/\/www.accuratereviews.com\/it\/programmi-buste-paga\/"},{"@type":"ListItem","position":3,"name":"Aviont\u00e9"}]},{"@type":"WebSite","@id":"https:\/\/www.accuratereviews.com\/it\/#website","url":"https:\/\/www.accuratereviews.com\/it\/","name":"Accurate Reviews","description":"","potentialAction":[{"@type":"SearchAction","target":{"@type":"EntryPoint","urlTemplate":"https:\/\/www.accuratereviews.com\/it\/?s={search_term_string}"},"query-input":{"@type":"PropertyValueSpecification","valueRequired":true,"valueName":"search_term_string"}}],"inLanguage":"it-IT"}]}},"_links":{"self":[{"href":"https:\/\/www.accuratereviews.com\/it\/wp-json\/wp\/v2\/pages\/78618","targetHints":{"allow":["GET"]}}],"collection":[{"href":"https:\/\/www.accuratereviews.com\/it\/wp-json\/wp\/v2\/pages"}],"about":[{"href":"https:\/\/www.accuratereviews.com\/it\/wp-json\/wp\/v2\/types\/page"}],"author":[{"embeddable":true,"href":"https:\/\/www.accuratereviews.com\/it\/wp-json\/wp\/v2\/users\/19"}],"replies":[{"embeddable":true,"href":"https:\/\/www.accuratereviews.com\/it\/wp-json\/wp\/v2\/comments?post=78618"}],"version-history":[{"count":7,"href":"https:\/\/www.accuratereviews.com\/it\/wp-json\/wp\/v2\/pages\/78618\/revisions"}],"predecessor-version":[{"id":79026,"href":"https:\/\/www.accuratereviews.com\/it\/wp-json\/wp\/v2\/pages\/78618\/revisions\/79026"}],"up":[{"embeddable":true,"href":"https:\/\/www.accuratereviews.com\/it\/wp-json\/wp\/v2\/pages\/38170"}],"wp:featuredmedia":[{"embeddable":true,"href":"https:\/\/www.accuratereviews.com\/it\/wp-json\/wp\/v2\/media\/78621"}],"wp:attachment":[{"href":"https:\/\/www.accuratereviews.com\/it\/wp-json\/wp\/v2\/media?parent=78618"}],"wp:term":[{"taxonomy":"category","embeddable":true,"href":"https:\/\/www.accuratereviews.com\/it\/wp-json\/wp\/v2\/categories?post=78618"},{"taxonomy":"post_tag","embeddable":true,"href":"https:\/\/www.accuratereviews.com\/it\/wp-json\/wp\/v2\/tags?post=78618"},{"taxonomy":"features","embeddable":true,"href":"https:\/\/www.accuratereviews.com\/it\/wp-json\/wp\/v2\/features?post=78618"}],"curies":[{"name":"wp","href":"https:\/\/api.w.org\/{rel}","templated":true}]}}