{"id":78630,"date":"2024-08-30T11:18:58","date_gmt":"2024-08-30T11:18:58","guid":{"rendered":"https:\/\/www.accuratereviews.com\/?page_id=78630"},"modified":"2024-09-19T09:00:08","modified_gmt":"2024-09-19T09:00:08","slug":"cezanne-hr-recensione","status":"publish","type":"page","link":"https:\/\/www.accuratereviews.com\/it\/programmi-buste-paga\/cezanne-hr-recensione\/","title":{"rendered":"Cezanne HR"},"content":{"rendered":"<p><strong>Cezanne HR<\/strong> \u00e8 un\u00a0<strong>software per buste \u00a0paga<\/strong> che unisce funzionalit\u00e0 intelligenti per risparmiare tempo a una buona facile integrazione, cos\u00ec puoi adattare il tuo sistema al modo in cui vuoi lavorare. Con flussi di lavoro e automazione integrati, self-service intuitivo e un team di esperti di supporto interno focalizzato sul tuo successo, scoprirai che ogni aspetto delle risorse umane, dal coinvolgimento dei dipendenti all&#8217;amministrazione e alla conformit\u00e0 quotidiana, funzioner\u00e0 in modo fluido.<br \/>\nLa suite modulare di <strong>Cezanne HR<\/strong> comprende; risorse umane di base (inclusi formazione, gestione dei documenti e riconoscimento dei dipendenti), onboarding, gestione delle assenze, gestione delle prestazioni, sondaggi a impulsi, schede attivit\u00e0, reclutamento, pianificazione della carriera e della successione e analisi delle risorse umane.<\/p>\n<h2>CEZANNE HR &#8211; TUTORIAL<\/h2>\n<div id=\"fluid-wrapper-counter-1\" class=\"g1-fluid-wrapper \" style=\"width:686px;\">\n<div style=\"padding-bottom:56.268221574344%;\"><iframe loading=\"lazy\" title=\"Say hello to Cezanne HR | HR Software\" width=\"686\" height=\"386\" src=\"https:\/\/www.youtube.com\/embed\/BDEspnwfghk?feature=oembed&amp;wmode=transparent&amp;autohide=1&amp;autoplay=0&amp;disablekb=0&amp;fs=1&amp;loop=0&amp;enablejsapi=1&amp;rel=0&amp;controls=2&amp;showinfo=0&amp;wmode=transparent&amp;autohide=2&amp;autoplay=0&amp;disablekb=0&amp;fs=1&amp;loop=0&amp;enablejsapi=1&amp;rel=0&amp;controls=2&amp;showinfo=1\" frameborder=\"0\" allow=\"accelerometer; autoplay; clipboard-write; encrypted-media; gyroscope; picture-in-picture; web-share\" referrerpolicy=\"strict-origin-when-cross-origin\" allowfullscreen><\/iframe><\/div>\n<\/div>\n<h3>CEZANNE HR &#8211; CARATTERISTICHE<\/h3>\n<ul>\n<li><strong>Salute e sicurezza<\/strong>: registra incidenti o infortuni sul posto di lavoro, registra indagini di follow-up e risultati e genera report.<\/li>\n<li><strong>Disciplinari e reclami<\/strong>: documenta ogni fase di un reclamo o di un processo disciplinare e cattura le informazioni rilevanti, tra cui date chiave e parti coinvolte, risultati e date di follow-up.<\/li>\n<li><strong>Formazione e qualifiche obbligatorie<\/strong>: tieni traccia della formazione o delle certificazioni che devono essere aggiornate, con la possibilit\u00e0 di definire chi deve essere informato quando sono dovuti rinnovi o riqualificazioni.<\/li>\n<li><strong>Firme elettroniche<\/strong>: assicurati che le informazioni chiave siano ricevute, lette e registrate in modo centralizzato e sicuro con firme elettroniche integrate e tracciamento dei documenti.<\/li>\n<li><strong>Conformit\u00e0 al GDPR<\/strong>: abilita una conformit\u00e0 al GDPR pi\u00f9 semplice riunendo tutti i tuoi dati HR in un unico sistema sicuro e conforme al GDPR e beneficiando di self-service sicuro, tracciamento dei documenti e strumenti intelligenti che ti consentono di automatizzare l&#8217;eliminazione e dati anonimi in linea con i tuoi requisiti.<\/li>\n<li><strong>Diritto al lavoro<\/strong>: conserva copie di documenti chiave, come passaporti e visti; imposta notifiche per rimanere aggiornato sulle date di rinnovo e traccia dove vivono i dipendenti e quando si trasferiscono.<\/li>\n<li><strong>Stato pensionistico<\/strong>: registra lo stato di opt-in\/opt-out e traccia le date chiave in modo da poter attivare la documentazione richiesta.<\/li>\n<li><strong>Documentazione<\/strong>: carica documenti chiave o usa la funzionalit\u00e0 di gestione documenti integrata per generare qualsiasi tipo di documento, dai contratti alle notifiche TUPE con tracciamento e firma elettronica.<\/li>\n<li><strong>Eventi chiave<\/strong>: annota gli eventi chiave nei record dei dipendenti, come le richieste di lavoro part-time, e registra quanto concordato.<\/li>\n<li><strong>Congedo parentale<\/strong>: sfrutta il modulo di gestione delle assenze integrato per gestire maternit\u00e0, paternit\u00e0 e altri congedi parentali.<\/li>\n<li><strong>Personalizza i ruoli di sicurezza<\/strong>: aggiungi ai ruoli di sicurezza esistenti e imposta autorizzazioni che riflettano le esigenze della tua organizzazione.<\/li>\n<\/ul>\n<h4>LE RECENSIONI DEGLI UTENTI<\/h4>\n<p><strong>Claire Louise &#8220;10\/10 Lo consiglierei!&#8221;<\/strong><br \/>\n<strong>Commenti<\/strong>: Nel complesso penso che sia un sistema fantastico e, come ho detto, il servizio clienti \u00e8 eccellente: se ho un problema o non capisco qualcosa e apro un ticket, la risposta \u00e8 estremamente rapida.<br \/>\n<strong>Pro<\/strong>: Molto facile da usare. Il servizio clienti \u00e8 eccellente. Come pu\u00f2 essere personalizzato.<br \/>\n<strong>Contro<\/strong>: A volte trovo che i report siano difficili da usare.<\/p>\n<p><strong>Nicola &#8220;Un ottimo HRIS&#8221;<\/strong><br \/>\n<strong>Pro<\/strong>: A tutti piace usare Cezanne. Dall&#8217;utente base che prenota le vacanze agli amministratori che creano report e automazioni. La funzione assenza \u00e8 fantastica e fa tutto ci\u00f2 di cui hai bisogno.<br \/>\n<strong>Contro<\/strong>: Ottenere tutte le informazioni necessarie in un unico report pu\u00f2 essere difficile.<\/p>\n<p><strong>Emily &#8220;Un sistema tecnico, in grado di contenere molte forme diverse di dati, ma non cos\u00ec focalizzato sulla facilit\u00e0 d&#8217;uso come altri&#8221;<\/strong><br \/>\n<strong>Pro<\/strong>: Il sistema ha l&#8217;opzione di contenere un grande volume di diverse forme di dati e la funzionalit\u00e0 di reporting sembra buona. Siamo a met\u00e0 dell&#8217;implementazione e il nostro responsabile dell&#8217;implementazione \u00e8 stato utile.<br \/>\n<strong>Contro<\/strong>: Poich\u00e9 il sistema \u00e8 in grado di contenere cos\u00ec tanti dati, non \u00e8 facile da usare per gli utenti come altri sistemi che ho usato in passato. I dati che possiamo trasferire tramite l&#8217;integrazione con Pinpoint ATS sembrano molto limitati.<\/p>\n","protected":false},"excerpt":{"rendered":"<p>Cezanne HR \u00e8 un\u00a0software per buste \u00a0paga che unisce funzionalit\u00e0 intelligenti per risparmiare tempo a una buona facile integrazione, cos\u00ec puoi adattare il tuo sistema al modo in cui vuoi lavorare. Con flussi di lavoro e automazione integrati, self-service intuitivo e un team di esperti di supporto interno focalizzato sul tuo successo, scoprirai che ogni aspetto delle risorse umane, dal coinvolgimento dei dipendenti all&#8217;amministrazione e alla conformit\u00e0 quotidiana, funzioner\u00e0 in modo fluido.<\/p>\n","protected":false},"author":19,"featured_media":78631,"parent":38170,"menu_order":0,"comment_status":"open","ping_status":"closed","template":"g1_template_page_review_new.php","meta":{"_acf_changed":false,"cwp_meta_box_check":"Yes","cwp_rev_product_name":"","cwp_rev_product_image":"","wppr_links":[],"cwp_rev_price":"0.00","wppr_options":[{"name":"Usability","value":"0"},{"name":"Speed","value":"0"},{"name":"Features","value":"0"},{"name":"Support","value":"0"},{"name":"Pricing","value":"0"}],"wppr_pros":["","","","",""],"wppr_cons":["","","","",""],"_monsterinsights_skip_tracking":false,"_monsterinsights_sitenote_active":false,"_monsterinsights_sitenote_note":"","_monsterinsights_sitenote_category":0,"footnotes":""},"categories":[5273],"tags":[4499,15185,15238,5290,5289,5288,5287],"features":[],"class_list":{"0":"post-78630","1":"page","2":"type-page","3":"status-publish","4":"has-post-thumbnail","6":"category-programmi-buste-paga-categoria","7":"tag-buste-paga","8":"tag-cedolini-paga","9":"tag-cezanne-hr","10":"tag-piattaforma-buste-paga","11":"tag-programma-buste-paga","12":"tag-software-buste-paga","13":"tag-soluzione-buste-paga"},"wppr_data":{"cwp_meta_box_check":"Yes","_wppr_review_template":"default","cwp_rev_product_image":"","cwp_image_link":"image","wppr_links":[],"cwp_rev_price":"0.00","wppr_pros":["","","","",""],"wppr_cons":["","","","",""],"wppr_rating":"0.00","wppr_options":{"1":{"name":"Usability","value":"0"},"2":{"name":"Speed","value":"0"},"3":{"name":"Features","value":"0"},"4":{"name":"Support","value":"0"},"5":{"name":"Pricing","value":"0"}},"wppr_review_type":"Product","wppr_review_custom_fields":{"additionalProperty":"","additionalType":"","aggregateRating":"","alternateName":"","audience":"","award":"","awards":"","brand":"","color":"","depth":"","description":"","disambiguatingDescription":"","gtin12":"","gtin13":"","gtin14":"","gtin8":"","height":"","identifier":"","image":"","isAccessoryOrSparePartFor":"","isConsumableFor":"","isRelatedTo":"","isSimilarTo":"","itemCondition":"","logo":"","mainEntityOfPage":"","manufacturer":"","material":"","model":"","mpn":"","name":"","offers":"","potentialAction":"","productID":"","productionDate":"","purchaseDate":"","releaseDate":"","review":"","reviews":"","sameAs":"","sku":"","slogan":"","subjectOf":"","url":"","weight":"","width":""}},"acf":[],"yoast_head":"<!-- This site is optimized with the Yoast SEO plugin v27.4 - https:\/\/yoast.com\/product\/yoast-seo-wordpress\/ -->\n<title>Cezanne HR: recensione software buste paga - Accurate Reviews<\/title>\n<meta name=\"description\" content=\"Cezanne HR: recensione software per buste \u00a0paga che unisce funzionalit\u00e0 intelligenti per risparmiare tempo a una buona e facile integrazione.\" \/>\n<meta name=\"robots\" content=\"index, follow, max-snippet:-1, max-image-preview:large, max-video-preview:-1\" \/>\n<link rel=\"canonical\" href=\"https:\/\/www.accuratereviews.com\/it\/programmi-buste-paga\/cezanne-hr-recensione\/\" \/>\n<meta property=\"og:locale\" content=\"it_IT\" \/>\n<meta property=\"og:type\" content=\"article\" \/>\n<meta property=\"og:title\" content=\"Cezanne HR: recensione software buste paga - Accurate Reviews\" \/>\n<meta property=\"og:description\" content=\"Cezanne HR: recensione software per buste \u00a0paga che unisce funzionalit\u00e0 intelligenti per risparmiare tempo a una buona e facile integrazione.\" \/>\n<meta property=\"og:url\" content=\"https:\/\/www.accuratereviews.com\/it\/programmi-buste-paga\/cezanne-hr-recensione\/\" \/>\n<meta property=\"og:site_name\" content=\"Accurate Reviews\" \/>\n<meta property=\"article:modified_time\" content=\"2024-09-19T09:00:08+00:00\" \/>\n<meta property=\"og:image\" content=\"https:\/\/www.accuratereviews.com\/wp-content\/uploads\/2024\/08\/Cezanne-HR.webp\" \/>\n\t<meta property=\"og:image:width\" content=\"660\" \/>\n\t<meta property=\"og:image:height\" content=\"264\" \/>\n\t<meta property=\"og:image:type\" content=\"image\/webp\" \/>\n<meta name=\"twitter:card\" content=\"summary_large_image\" \/>\n<meta name=\"twitter:label1\" content=\"Tempo di lettura stimato\" \/>\n\t<meta name=\"twitter:data1\" content=\"5 minuti\" \/>\n<script type=\"application\/ld+json\" class=\"yoast-schema-graph\">{\"@context\":\"https:\\\/\\\/schema.org\",\"@graph\":[{\"@type\":\"WebPage\",\"@id\":\"https:\\\/\\\/www.accuratereviews.com\\\/it\\\/programmi-buste-paga\\\/cezanne-hr-recensione\\\/\",\"url\":\"https:\\\/\\\/www.accuratereviews.com\\\/it\\\/programmi-buste-paga\\\/cezanne-hr-recensione\\\/\",\"name\":\"Cezanne HR: recensione software buste paga - Accurate Reviews\",\"isPartOf\":{\"@id\":\"https:\\\/\\\/www.accuratereviews.com\\\/it\\\/#website\"},\"primaryImageOfPage\":{\"@id\":\"https:\\\/\\\/www.accuratereviews.com\\\/it\\\/programmi-buste-paga\\\/cezanne-hr-recensione\\\/#primaryimage\"},\"image\":{\"@id\":\"https:\\\/\\\/www.accuratereviews.com\\\/it\\\/programmi-buste-paga\\\/cezanne-hr-recensione\\\/#primaryimage\"},\"thumbnailUrl\":\"https:\\\/\\\/www.accuratereviews.com\\\/wp-content\\\/uploads\\\/2024\\\/08\\\/Cezanne-HR.webp\",\"datePublished\":\"2024-08-30T11:18:58+00:00\",\"dateModified\":\"2024-09-19T09:00:08+00:00\",\"description\":\"Cezanne HR: recensione software per buste \u00a0paga che unisce funzionalit\u00e0 intelligenti per risparmiare tempo a una buona e facile integrazione.\",\"breadcrumb\":{\"@id\":\"https:\\\/\\\/www.accuratereviews.com\\\/it\\\/programmi-buste-paga\\\/cezanne-hr-recensione\\\/#breadcrumb\"},\"inLanguage\":\"it-IT\",\"potentialAction\":[{\"@type\":\"ReadAction\",\"target\":[\"https:\\\/\\\/www.accuratereviews.com\\\/it\\\/programmi-buste-paga\\\/cezanne-hr-recensione\\\/\"]}]},{\"@type\":\"ImageObject\",\"inLanguage\":\"it-IT\",\"@id\":\"https:\\\/\\\/www.accuratereviews.com\\\/it\\\/programmi-buste-paga\\\/cezanne-hr-recensione\\\/#primaryimage\",\"url\":\"https:\\\/\\\/www.accuratereviews.com\\\/wp-content\\\/uploads\\\/2024\\\/08\\\/Cezanne-HR.webp\",\"contentUrl\":\"https:\\\/\\\/www.accuratereviews.com\\\/wp-content\\\/uploads\\\/2024\\\/08\\\/Cezanne-HR.webp\",\"width\":660,\"height\":264},{\"@type\":\"BreadcrumbList\",\"@id\":\"https:\\\/\\\/www.accuratereviews.com\\\/it\\\/programmi-buste-paga\\\/cezanne-hr-recensione\\\/#breadcrumb\",\"itemListElement\":[{\"@type\":\"ListItem\",\"position\":1,\"name\":\"Home\",\"item\":\"https:\\\/\\\/www.accuratereviews.com\\\/it\\\/\"},{\"@type\":\"ListItem\",\"position\":2,\"name\":\"Programmi per buste paga\",\"item\":\"https:\\\/\\\/www.accuratereviews.com\\\/it\\\/programmi-buste-paga\\\/\"},{\"@type\":\"ListItem\",\"position\":3,\"name\":\"Cezanne HR\"}]},{\"@type\":\"WebSite\",\"@id\":\"https:\\\/\\\/www.accuratereviews.com\\\/it\\\/#website\",\"url\":\"https:\\\/\\\/www.accuratereviews.com\\\/it\\\/\",\"name\":\"Accurate Reviews\",\"description\":\"\",\"potentialAction\":[{\"@type\":\"SearchAction\",\"target\":{\"@type\":\"EntryPoint\",\"urlTemplate\":\"https:\\\/\\\/www.accuratereviews.com\\\/it\\\/?s={search_term_string}\"},\"query-input\":{\"@type\":\"PropertyValueSpecification\",\"valueRequired\":true,\"valueName\":\"search_term_string\"}}],\"inLanguage\":\"it-IT\"}]}<\/script>\n<!-- \/ Yoast SEO plugin. -->","yoast_head_json":{"title":"Cezanne HR: recensione software buste paga - Accurate Reviews","description":"Cezanne HR: recensione software per buste \u00a0paga che unisce funzionalit\u00e0 intelligenti per risparmiare tempo a una buona e facile integrazione.","robots":{"index":"index","follow":"follow","max-snippet":"max-snippet:-1","max-image-preview":"max-image-preview:large","max-video-preview":"max-video-preview:-1"},"canonical":"https:\/\/www.accuratereviews.com\/it\/programmi-buste-paga\/cezanne-hr-recensione\/","og_locale":"it_IT","og_type":"article","og_title":"Cezanne HR: recensione software buste paga - Accurate Reviews","og_description":"Cezanne HR: recensione software per buste \u00a0paga che unisce funzionalit\u00e0 intelligenti per risparmiare tempo a una buona e facile integrazione.","og_url":"https:\/\/www.accuratereviews.com\/it\/programmi-buste-paga\/cezanne-hr-recensione\/","og_site_name":"Accurate Reviews","article_modified_time":"2024-09-19T09:00:08+00:00","og_image":[{"width":660,"height":264,"url":"https:\/\/www.accuratereviews.com\/wp-content\/uploads\/2024\/08\/Cezanne-HR.webp","type":"image\/webp"}],"twitter_card":"summary_large_image","twitter_misc":{"Tempo di lettura stimato":"5 minuti"},"schema":{"@context":"https:\/\/schema.org","@graph":[{"@type":"WebPage","@id":"https:\/\/www.accuratereviews.com\/it\/programmi-buste-paga\/cezanne-hr-recensione\/","url":"https:\/\/www.accuratereviews.com\/it\/programmi-buste-paga\/cezanne-hr-recensione\/","name":"Cezanne HR: recensione software buste paga - Accurate Reviews","isPartOf":{"@id":"https:\/\/www.accuratereviews.com\/it\/#website"},"primaryImageOfPage":{"@id":"https:\/\/www.accuratereviews.com\/it\/programmi-buste-paga\/cezanne-hr-recensione\/#primaryimage"},"image":{"@id":"https:\/\/www.accuratereviews.com\/it\/programmi-buste-paga\/cezanne-hr-recensione\/#primaryimage"},"thumbnailUrl":"https:\/\/www.accuratereviews.com\/wp-content\/uploads\/2024\/08\/Cezanne-HR.webp","datePublished":"2024-08-30T11:18:58+00:00","dateModified":"2024-09-19T09:00:08+00:00","description":"Cezanne HR: recensione software per buste \u00a0paga che unisce funzionalit\u00e0 intelligenti per risparmiare tempo a una buona e facile integrazione.","breadcrumb":{"@id":"https:\/\/www.accuratereviews.com\/it\/programmi-buste-paga\/cezanne-hr-recensione\/#breadcrumb"},"inLanguage":"it-IT","potentialAction":[{"@type":"ReadAction","target":["https:\/\/www.accuratereviews.com\/it\/programmi-buste-paga\/cezanne-hr-recensione\/"]}]},{"@type":"ImageObject","inLanguage":"it-IT","@id":"https:\/\/www.accuratereviews.com\/it\/programmi-buste-paga\/cezanne-hr-recensione\/#primaryimage","url":"https:\/\/www.accuratereviews.com\/wp-content\/uploads\/2024\/08\/Cezanne-HR.webp","contentUrl":"https:\/\/www.accuratereviews.com\/wp-content\/uploads\/2024\/08\/Cezanne-HR.webp","width":660,"height":264},{"@type":"BreadcrumbList","@id":"https:\/\/www.accuratereviews.com\/it\/programmi-buste-paga\/cezanne-hr-recensione\/#breadcrumb","itemListElement":[{"@type":"ListItem","position":1,"name":"Home","item":"https:\/\/www.accuratereviews.com\/it\/"},{"@type":"ListItem","position":2,"name":"Programmi per buste paga","item":"https:\/\/www.accuratereviews.com\/it\/programmi-buste-paga\/"},{"@type":"ListItem","position":3,"name":"Cezanne HR"}]},{"@type":"WebSite","@id":"https:\/\/www.accuratereviews.com\/it\/#website","url":"https:\/\/www.accuratereviews.com\/it\/","name":"Accurate Reviews","description":"","potentialAction":[{"@type":"SearchAction","target":{"@type":"EntryPoint","urlTemplate":"https:\/\/www.accuratereviews.com\/it\/?s={search_term_string}"},"query-input":{"@type":"PropertyValueSpecification","valueRequired":true,"valueName":"search_term_string"}}],"inLanguage":"it-IT"}]}},"_links":{"self":[{"href":"https:\/\/www.accuratereviews.com\/it\/wp-json\/wp\/v2\/pages\/78630","targetHints":{"allow":["GET"]}}],"collection":[{"href":"https:\/\/www.accuratereviews.com\/it\/wp-json\/wp\/v2\/pages"}],"about":[{"href":"https:\/\/www.accuratereviews.com\/it\/wp-json\/wp\/v2\/types\/page"}],"author":[{"embeddable":true,"href":"https:\/\/www.accuratereviews.com\/it\/wp-json\/wp\/v2\/users\/19"}],"replies":[{"embeddable":true,"href":"https:\/\/www.accuratereviews.com\/it\/wp-json\/wp\/v2\/comments?post=78630"}],"version-history":[{"count":10,"href":"https:\/\/www.accuratereviews.com\/it\/wp-json\/wp\/v2\/pages\/78630\/revisions"}],"predecessor-version":[{"id":78967,"href":"https:\/\/www.accuratereviews.com\/it\/wp-json\/wp\/v2\/pages\/78630\/revisions\/78967"}],"up":[{"embeddable":true,"href":"https:\/\/www.accuratereviews.com\/it\/wp-json\/wp\/v2\/pages\/38170"}],"wp:featuredmedia":[{"embeddable":true,"href":"https:\/\/www.accuratereviews.com\/it\/wp-json\/wp\/v2\/media\/78631"}],"wp:attachment":[{"href":"https:\/\/www.accuratereviews.com\/it\/wp-json\/wp\/v2\/media?parent=78630"}],"wp:term":[{"taxonomy":"category","embeddable":true,"href":"https:\/\/www.accuratereviews.com\/it\/wp-json\/wp\/v2\/categories?post=78630"},{"taxonomy":"post_tag","embeddable":true,"href":"https:\/\/www.accuratereviews.com\/it\/wp-json\/wp\/v2\/tags?post=78630"},{"taxonomy":"features","embeddable":true,"href":"https:\/\/www.accuratereviews.com\/it\/wp-json\/wp\/v2\/features?post=78630"}],"curies":[{"name":"wp","href":"https:\/\/api.w.org\/{rel}","templated":true}]}}