{"id":78694,"date":"2024-09-05T11:51:06","date_gmt":"2024-09-05T11:51:06","guid":{"rendered":"https:\/\/www.accuratereviews.com\/?page_id=78694"},"modified":"2024-09-17T07:37:59","modified_gmt":"2024-09-17T07:37:59","slug":"explain-everything-recensione","status":"publish","type":"page","link":"https:\/\/www.accuratereviews.com\/it\/software-universita\/explain-everything-recensione\/","title":{"rendered":"Explain Everything"},"content":{"rendered":"<p><strong>Explain Everything<\/strong> Whiteboard \u00e8 un software facile da usare per gli insegnanti. Consente agli insegnanti di creare, digitalizzare e organizzare materiali didattici per video, lezioni in diretta e attivit\u00e0 in classe per coinvolgere meglio gli studenti. Supportando gli insegnanti in tutto il mondo, <strong>Explain Everything<\/strong> \u00e8 stato riconosciuto come Apple App Store Best of 2020: Leading the Classroom nella categoria Helpfulness.<br \/>\nL&#8217;app \u00e8 perfetta per qualsiasi scenario di insegnamento: apprendimento a distanza, lezioni di persona o insegnamento ibrido. Disponibile su iOS, Android e sul Web. L&#8217;app \u00e8 integrata con gli strumenti di comunicazione video e LMS pi\u00f9 popolari: Google Classroom, Schoology, Canvas, Microsoft Teams e Webex. Per aumentarne ulteriormente l&#8217;efficacia, la soluzione \u00e8 anche integrata con strumenti di aggregazione come Google Drive o Dropbox. Le funzionalit\u00e0 grafiche sono supportate da Unsplash, Sketchfab e Giphy.<\/p>\n<h2>EXPLAIN EVERYTHING &#8211; TUTORIAL<\/h2>\n<div id=\"fluid-wrapper-counter-1\" class=\"g1-fluid-wrapper \" style=\"width:686px;\">\n<div style=\"padding-bottom:56.268221574344%;\"><iframe loading=\"lazy\" title=\"Record a tutorial video for students | Explain Everything\" width=\"686\" height=\"386\" src=\"https:\/\/www.youtube.com\/embed\/8-bEgJSEBJY?feature=oembed&amp;wmode=transparent&amp;autohide=1&amp;autoplay=0&amp;disablekb=0&amp;fs=1&amp;loop=0&amp;enablejsapi=1&amp;rel=0&amp;controls=2&amp;showinfo=0&amp;wmode=transparent&amp;autohide=2&amp;autoplay=0&amp;disablekb=0&amp;fs=1&amp;loop=0&amp;enablejsapi=1&amp;rel=0&amp;controls=2&amp;showinfo=1\" frameborder=\"0\" allow=\"accelerometer; autoplay; clipboard-write; encrypted-media; gyroscope; picture-in-picture; web-share\" referrerpolicy=\"strict-origin-when-cross-origin\" allowfullscreen><\/iframe><\/div>\n<\/div>\n<h3>EXPLAIN EVERYTHING &#8211; CARATTERISTICHE<\/h3>\n<ul>\n<li><strong>Tutto interattivo<\/strong>: Vai oltre i limiti di una lavagna fisica. Tutto ci\u00f2 che aggiungi alla tua lavagna \u00e8 facile da spostare, animare e con cui interagire, indipendentemente dal fatto che si tratti di un video, un documento o un file audio.<\/li>\n<li><strong>Registralo sullo schermo<\/strong>: registra ci\u00f2 che accade sulla lavagna e aggiungi la tua narrazione. Quindi, condividilo come video in pochissimo tempo.<\/li>\n<li><strong>Invita altri e trasformala in una lavagna collaborativa<\/strong>: quando le parole o persino i video non bastano, invita qualcuno alla tua lavagna e personalizza il tuo messaggio in modo che sia cristallino.<\/li>\n<li><strong>Controllo completo del colore<\/strong>: accedi alla tavolozza completa di colori con l&#8217;impostazione di opacit\u00e0. Ottieni un colore dalla tua tela con il contagocce o inserisci il suo codice HEX o RGB. Mantieni il tuo set di colori in 4 selettori per un accesso veloce.<\/li>\n<li><strong>Penne, evidenziatori, matite e colori:<\/strong> lo strumento Disegno \u00e8 disponibile in due forme: Penna e Matita. Passa a Evidenziatore per l&#8217;opacit\u00e0 automatica. Due modalit\u00e0 di riempimento ti aiutano a creare schizzi colorati in modo rapido e semplice.<\/li>\n<li><strong>Mescola, abbina e riorganizza<\/strong>: sposta, ridimensiona e ruota i tuoi disegni come preferisci. Controlla l&#8217;ordine dei livelli e dei gruppi di disegni con precisione.<\/li>\n<li><strong>Tavolo da disegno illimitato:<\/strong> non esaurisci mai lo spazio di disegno basta ridurre lo zoom per aggiungerne altro.<\/li>\n<li><strong>Immagini e foto<\/strong>: scatta una foto veloce e aggiungila alla tela, oppure selezionane una dal tuo dispositivo o dal cloud. Utilizza l&#8217;editor per ritagliare l&#8217;immagine o rimuovere i colori.<\/li>\n<li><strong>Presentazioni, documenti e fogli di calcolo<\/strong>: non devi dire addio ai tuoi documenti quando lavori sulla lavagna. Importali e riutilizzali in un ambiente visivo live.<\/li>\n<li><strong>Video e audio<\/strong>: riproduci, guarda, ascolta, riavvolgi e ripeti. Tutto ci\u00f2 che eri solito fare con video o audio, ora puoi farlo su una lavagna. Inoltre, puoi anche annotarlo e mescolarlo con altri media! Registra tutto in modo intuitivo<\/li>\n<li><strong>Salva il tuo video nel cloud:<\/strong> non devi pi\u00f9 appesantire il tuo dispositivo con il rendering video. Invia il tuo progetto al cloud in modo che possa fare tutto il lavoro pesante per te.<\/li>\n<li><strong>Condivisione facile con link o CODICI<\/strong>: invita le persone con un link web o un CODICE di accesso univoco. Non devono possedere l&#8217;app se sei nel progetto.<\/li>\n<li><strong>Chat vocale integrata<\/strong>: parla delle immagini con i tuoi studenti o con il tuo team remoto. Non c&#8217;\u00e8 bisogno di un software di videoconferenza esterno.<\/li>\n<li><strong>Esplora il contenuto da solo<\/strong>: ogni partecipante pu\u00f2 avere la propria prospettiva durante una sessione. La vista Zoom personale ti consente di muoverti facilmente sulla tela.<\/li>\n<\/ul>\n<h4>LE RECENSIONI DEGLI UTENTI<\/h4>\n<p><strong>Emelda &#8220;Strumento lavagna ideale&#8221;<\/strong><br \/>\n<strong>Pro<\/strong>: Mi piace il fatto che sia stato semplice e facile da implementare. \u00c8 anche un grande vantaggio poterlo utilizzare sul mio telefono e poter abbozzare rapidamente idee quando e come le ricevo<br \/>\n<strong>Contro<\/strong>: Ancora niente, sto ancora godendo di tutte le funzionalit\u00e0 e la comodit\u00e0 di avere questo strumento<\/p>\n<p><strong>Theresa &#8220;Strumento fantastico per la presentazione&#8221;<\/strong><br \/>\n<strong>Pro<\/strong>: Facilit\u00e0 d&#8217;uso. Pu\u00f2 facilmente importare documenti (pdf) e annotare sul documento. Pu\u00f2 esportare su Google Drive per condividere.<br \/>\n<strong>Contro<\/strong>: Funzionalit\u00e0 di base, ma non manca nulla che uso regolarmente.<\/p>\n<p><strong>Esther &#8220;Amo Explain Everything!&#8221;<\/strong><br \/>\n<strong>Commenti<\/strong>: Ho detto che amo Explain Everything? Dico sul serio, \u00e8 fantastico ed \u00e8 divertente da usare. Provalo e prova il corso di certificazione gratuito che forniscono.<br \/>\n<strong>Pro<\/strong>: Sono davvero entusiasta di scrivere questa recensione. Amo spiegare tutto cos\u00ec tanto! \u00c8 uno strumento straordinario. Ho familiarit\u00e0 con l&#8217;EE nell&#8217;insegnamento da molti anni e l&#8217;ho visto evolversi. Nella sua attuale versione ricca di funzionalit\u00e0 (dir poco), \u00e8 possibile per chi non ha studiato graphic design o editing video (io!) realizzare contenuti accattivanti e informativi. \u00c8 accessibile a qualcuno che non ha molta formazione e pu\u00f2 fare cos\u00ec tante cose, ma allo stesso tempo non finisco per creare contenuti con lo stampino.<br \/>\n<strong>Contro<\/strong>: Parte dell&#8217;utilizzo di Explain Everything consiste nel dedicare del tempo all&#8217;apprendimento. Non \u00e8 cos\u00ec difficile da imparare come qualcosa come Photoshop, ma non \u00e8 cos\u00ec facile come, diciamo, i siti di Google. Spiega Tutto vale il tempo. E i creatori hanno creato un sacco di nuove risorse didattiche (realizzate con Explain Everything, ovviamente) che mi hanno aiutato a raggiungere un livello in cui mi sento pi\u00f9 fluente con gli strumenti.<\/p>\n","protected":false},"excerpt":{"rendered":"<p>Explain Everything Whiteboard \u00e8 un software facile da usare per gli insegnanti. Consente agli insegnanti di creare, digitalizzare e organizzare materiali didattici per video, lezioni in diretta e attivit\u00e0 in classe per coinvolgere meglio gli studenti.<\/p>\n","protected":false},"author":19,"featured_media":78696,"parent":38766,"menu_order":0,"comment_status":"open","ping_status":"closed","template":"g1_template_page_review_new.php","meta":{"_acf_changed":false,"cwp_meta_box_check":"No","cwp_rev_product_name":"","cwp_rev_product_image":"","wppr_links":[],"cwp_rev_price":"","wppr_options":[],"wppr_pros":[],"wppr_cons":[],"_monsterinsights_skip_tracking":false,"_monsterinsights_sitenote_active":false,"_monsterinsights_sitenote_note":"","_monsterinsights_sitenote_category":0,"footnotes":""},"categories":[5417],"tags":[15243,15244,5447,5421,5420,5422],"features":[],"class_list":{"0":"post-78694","1":"page","2":"type-page","3":"status-publish","4":"has-post-thumbnail","6":"category-software-universita-categoria","7":"tag-explain-everything","8":"tag-gestione-universita","9":"tag-piattaforma-per-universita","10":"tag-programma-per-universita","11":"tag-software-per-universita","12":"tag-soluzione-per-universita"},"wppr_data":{"cwp_meta_box_check":"No"},"acf":[],"yoast_head":"<!-- This site is optimized with the Yoast SEO plugin v27.4 - https:\/\/yoast.com\/product\/yoast-seo-wordpress\/ -->\n<title>Explain Everything: recensione software universit\u00e0- Accurate Reviews<\/title>\n<meta name=\"description\" content=\"Explain Everything: recensione software sviluppato per gli insegnanti per creare, digitalizzare e organizzare materiali didattici.\" \/>\n<meta name=\"robots\" content=\"index, follow, max-snippet:-1, max-image-preview:large, max-video-preview:-1\" \/>\n<link rel=\"canonical\" href=\"https:\/\/www.accuratereviews.com\/it\/software-universita\/explain-everything-recensione\/\" \/>\n<meta property=\"og:locale\" content=\"it_IT\" \/>\n<meta property=\"og:type\" content=\"article\" \/>\n<meta property=\"og:title\" content=\"Explain Everything: recensione software universit\u00e0- Accurate Reviews\" \/>\n<meta property=\"og:description\" content=\"Explain Everything: recensione software sviluppato per gli insegnanti per creare, digitalizzare e organizzare materiali didattici.\" \/>\n<meta property=\"og:url\" content=\"https:\/\/www.accuratereviews.com\/it\/software-universita\/explain-everything-recensione\/\" \/>\n<meta property=\"og:site_name\" content=\"Accurate Reviews\" \/>\n<meta property=\"article:modified_time\" content=\"2024-09-17T07:37:59+00:00\" \/>\n<meta property=\"og:image\" content=\"https:\/\/www.accuratereviews.com\/wp-content\/uploads\/2024\/09\/explain-everything.png\" \/>\n\t<meta property=\"og:image:width\" content=\"600\" \/>\n\t<meta property=\"og:image:height\" content=\"315\" \/>\n\t<meta property=\"og:image:type\" content=\"image\/png\" \/>\n<meta name=\"twitter:card\" content=\"summary_large_image\" \/>\n<meta name=\"twitter:label1\" content=\"Tempo di lettura stimato\" \/>\n\t<meta name=\"twitter:data1\" content=\"6 minuti\" \/>\n<script type=\"application\/ld+json\" class=\"yoast-schema-graph\">{\"@context\":\"https:\\\/\\\/schema.org\",\"@graph\":[{\"@type\":\"WebPage\",\"@id\":\"https:\\\/\\\/www.accuratereviews.com\\\/it\\\/software-universita\\\/explain-everything-recensione\\\/\",\"url\":\"https:\\\/\\\/www.accuratereviews.com\\\/it\\\/software-universita\\\/explain-everything-recensione\\\/\",\"name\":\"Explain Everything: recensione software universit\u00e0- Accurate Reviews\",\"isPartOf\":{\"@id\":\"https:\\\/\\\/www.accuratereviews.com\\\/it\\\/#website\"},\"primaryImageOfPage\":{\"@id\":\"https:\\\/\\\/www.accuratereviews.com\\\/it\\\/software-universita\\\/explain-everything-recensione\\\/#primaryimage\"},\"image\":{\"@id\":\"https:\\\/\\\/www.accuratereviews.com\\\/it\\\/software-universita\\\/explain-everything-recensione\\\/#primaryimage\"},\"thumbnailUrl\":\"https:\\\/\\\/www.accuratereviews.com\\\/wp-content\\\/uploads\\\/2024\\\/09\\\/explain-everything.png\",\"datePublished\":\"2024-09-05T11:51:06+00:00\",\"dateModified\":\"2024-09-17T07:37:59+00:00\",\"description\":\"Explain Everything: recensione software sviluppato per gli insegnanti per creare, digitalizzare e organizzare materiali didattici.\",\"breadcrumb\":{\"@id\":\"https:\\\/\\\/www.accuratereviews.com\\\/it\\\/software-universita\\\/explain-everything-recensione\\\/#breadcrumb\"},\"inLanguage\":\"it-IT\",\"potentialAction\":[{\"@type\":\"ReadAction\",\"target\":[\"https:\\\/\\\/www.accuratereviews.com\\\/it\\\/software-universita\\\/explain-everything-recensione\\\/\"]}]},{\"@type\":\"ImageObject\",\"inLanguage\":\"it-IT\",\"@id\":\"https:\\\/\\\/www.accuratereviews.com\\\/it\\\/software-universita\\\/explain-everything-recensione\\\/#primaryimage\",\"url\":\"https:\\\/\\\/www.accuratereviews.com\\\/wp-content\\\/uploads\\\/2024\\\/09\\\/explain-everything.png\",\"contentUrl\":\"https:\\\/\\\/www.accuratereviews.com\\\/wp-content\\\/uploads\\\/2024\\\/09\\\/explain-everything.png\",\"width\":600,\"height\":315},{\"@type\":\"BreadcrumbList\",\"@id\":\"https:\\\/\\\/www.accuratereviews.com\\\/it\\\/software-universita\\\/explain-everything-recensione\\\/#breadcrumb\",\"itemListElement\":[{\"@type\":\"ListItem\",\"position\":1,\"name\":\"Home\",\"item\":\"https:\\\/\\\/www.accuratereviews.com\\\/it\\\/\"},{\"@type\":\"ListItem\",\"position\":2,\"name\":\"Software per universit\u00e0\",\"item\":\"https:\\\/\\\/www.accuratereviews.com\\\/it\\\/software-universita\\\/\"},{\"@type\":\"ListItem\",\"position\":3,\"name\":\"Explain Everything\"}]},{\"@type\":\"WebSite\",\"@id\":\"https:\\\/\\\/www.accuratereviews.com\\\/it\\\/#website\",\"url\":\"https:\\\/\\\/www.accuratereviews.com\\\/it\\\/\",\"name\":\"Accurate Reviews\",\"description\":\"\",\"potentialAction\":[{\"@type\":\"SearchAction\",\"target\":{\"@type\":\"EntryPoint\",\"urlTemplate\":\"https:\\\/\\\/www.accuratereviews.com\\\/it\\\/?s={search_term_string}\"},\"query-input\":{\"@type\":\"PropertyValueSpecification\",\"valueRequired\":true,\"valueName\":\"search_term_string\"}}],\"inLanguage\":\"it-IT\"}]}<\/script>\n<!-- \/ Yoast SEO plugin. -->","yoast_head_json":{"title":"Explain Everything: recensione software universit\u00e0- Accurate Reviews","description":"Explain Everything: recensione software sviluppato per gli insegnanti per creare, digitalizzare e organizzare materiali didattici.","robots":{"index":"index","follow":"follow","max-snippet":"max-snippet:-1","max-image-preview":"max-image-preview:large","max-video-preview":"max-video-preview:-1"},"canonical":"https:\/\/www.accuratereviews.com\/it\/software-universita\/explain-everything-recensione\/","og_locale":"it_IT","og_type":"article","og_title":"Explain Everything: recensione software universit\u00e0- Accurate Reviews","og_description":"Explain Everything: recensione software sviluppato per gli insegnanti per creare, digitalizzare e organizzare materiali didattici.","og_url":"https:\/\/www.accuratereviews.com\/it\/software-universita\/explain-everything-recensione\/","og_site_name":"Accurate Reviews","article_modified_time":"2024-09-17T07:37:59+00:00","og_image":[{"width":600,"height":315,"url":"https:\/\/www.accuratereviews.com\/wp-content\/uploads\/2024\/09\/explain-everything.png","type":"image\/png"}],"twitter_card":"summary_large_image","twitter_misc":{"Tempo di lettura stimato":"6 minuti"},"schema":{"@context":"https:\/\/schema.org","@graph":[{"@type":"WebPage","@id":"https:\/\/www.accuratereviews.com\/it\/software-universita\/explain-everything-recensione\/","url":"https:\/\/www.accuratereviews.com\/it\/software-universita\/explain-everything-recensione\/","name":"Explain Everything: recensione software universit\u00e0- Accurate Reviews","isPartOf":{"@id":"https:\/\/www.accuratereviews.com\/it\/#website"},"primaryImageOfPage":{"@id":"https:\/\/www.accuratereviews.com\/it\/software-universita\/explain-everything-recensione\/#primaryimage"},"image":{"@id":"https:\/\/www.accuratereviews.com\/it\/software-universita\/explain-everything-recensione\/#primaryimage"},"thumbnailUrl":"https:\/\/www.accuratereviews.com\/wp-content\/uploads\/2024\/09\/explain-everything.png","datePublished":"2024-09-05T11:51:06+00:00","dateModified":"2024-09-17T07:37:59+00:00","description":"Explain Everything: recensione software sviluppato per gli insegnanti per creare, digitalizzare e organizzare materiali didattici.","breadcrumb":{"@id":"https:\/\/www.accuratereviews.com\/it\/software-universita\/explain-everything-recensione\/#breadcrumb"},"inLanguage":"it-IT","potentialAction":[{"@type":"ReadAction","target":["https:\/\/www.accuratereviews.com\/it\/software-universita\/explain-everything-recensione\/"]}]},{"@type":"ImageObject","inLanguage":"it-IT","@id":"https:\/\/www.accuratereviews.com\/it\/software-universita\/explain-everything-recensione\/#primaryimage","url":"https:\/\/www.accuratereviews.com\/wp-content\/uploads\/2024\/09\/explain-everything.png","contentUrl":"https:\/\/www.accuratereviews.com\/wp-content\/uploads\/2024\/09\/explain-everything.png","width":600,"height":315},{"@type":"BreadcrumbList","@id":"https:\/\/www.accuratereviews.com\/it\/software-universita\/explain-everything-recensione\/#breadcrumb","itemListElement":[{"@type":"ListItem","position":1,"name":"Home","item":"https:\/\/www.accuratereviews.com\/it\/"},{"@type":"ListItem","position":2,"name":"Software per universit\u00e0","item":"https:\/\/www.accuratereviews.com\/it\/software-universita\/"},{"@type":"ListItem","position":3,"name":"Explain Everything"}]},{"@type":"WebSite","@id":"https:\/\/www.accuratereviews.com\/it\/#website","url":"https:\/\/www.accuratereviews.com\/it\/","name":"Accurate Reviews","description":"","potentialAction":[{"@type":"SearchAction","target":{"@type":"EntryPoint","urlTemplate":"https:\/\/www.accuratereviews.com\/it\/?s={search_term_string}"},"query-input":{"@type":"PropertyValueSpecification","valueRequired":true,"valueName":"search_term_string"}}],"inLanguage":"it-IT"}]}},"_links":{"self":[{"href":"https:\/\/www.accuratereviews.com\/it\/wp-json\/wp\/v2\/pages\/78694","targetHints":{"allow":["GET"]}}],"collection":[{"href":"https:\/\/www.accuratereviews.com\/it\/wp-json\/wp\/v2\/pages"}],"about":[{"href":"https:\/\/www.accuratereviews.com\/it\/wp-json\/wp\/v2\/types\/page"}],"author":[{"embeddable":true,"href":"https:\/\/www.accuratereviews.com\/it\/wp-json\/wp\/v2\/users\/19"}],"replies":[{"embeddable":true,"href":"https:\/\/www.accuratereviews.com\/it\/wp-json\/wp\/v2\/comments?post=78694"}],"version-history":[{"count":9,"href":"https:\/\/www.accuratereviews.com\/it\/wp-json\/wp\/v2\/pages\/78694\/revisions"}],"predecessor-version":[{"id":78893,"href":"https:\/\/www.accuratereviews.com\/it\/wp-json\/wp\/v2\/pages\/78694\/revisions\/78893"}],"up":[{"embeddable":true,"href":"https:\/\/www.accuratereviews.com\/it\/wp-json\/wp\/v2\/pages\/38766"}],"wp:featuredmedia":[{"embeddable":true,"href":"https:\/\/www.accuratereviews.com\/it\/wp-json\/wp\/v2\/media\/78696"}],"wp:attachment":[{"href":"https:\/\/www.accuratereviews.com\/it\/wp-json\/wp\/v2\/media?parent=78694"}],"wp:term":[{"taxonomy":"category","embeddable":true,"href":"https:\/\/www.accuratereviews.com\/it\/wp-json\/wp\/v2\/categories?post=78694"},{"taxonomy":"post_tag","embeddable":true,"href":"https:\/\/www.accuratereviews.com\/it\/wp-json\/wp\/v2\/tags?post=78694"},{"taxonomy":"features","embeddable":true,"href":"https:\/\/www.accuratereviews.com\/it\/wp-json\/wp\/v2\/features?post=78694"}],"curies":[{"name":"wp","href":"https:\/\/api.w.org\/{rel}","templated":true}]}}