{"id":78739,"date":"2024-09-11T15:50:36","date_gmt":"2024-09-11T15:50:36","guid":{"rendered":"https:\/\/www.accuratereviews.com\/?page_id=78739"},"modified":"2024-09-11T15:50:36","modified_gmt":"2024-09-11T15:50:36","slug":"fieldmotion-recensione","status":"publish","type":"page","link":"https:\/\/www.accuratereviews.com\/it\/software-disinfestazioni\/fieldmotion-recensione\/","title":{"rendered":"Fieldmotion"},"content":{"rendered":"<p><strong>Fieldmotion<\/strong> \u00e8 un <strong>software di gestione dei servizi sul campo<\/strong>, basato su <strong>cloud<\/strong>, che offre una soluzione digitale per i lavoratori sul campo con pianificazione online, appuntamenti e fatture, nonch\u00e9 gestione delle relazioni con i clienti, risorse e tecnologia di gestione delle scorte. Il programma fornisce un accesso rapido e centralizzato a tutte le informazioni importanti sui servizi sul campo, tra cui finanze, moduli e report.<br \/>\nGli strumenti di gestione degli appuntamenti di <strong>Fieldmotion<\/strong> consentono agli utenti di creare, inviare e organizzare lavori basati sul campo utilizzando modelli di moduli di lavoro e tecnologia di monitoraggio di tempo e posizione. Le app mobili native per iOS e Android offrono agli utenti la flessibilit\u00e0 di creare lavori in movimento. Gli strumenti di gestione delle fatture aiutano gli utenti a generare e inviare fatture dettagliate ai clienti entro pochi istanti dal completamento di un lavoro.<\/p>\n<h2>FIELDMOTION &#8211; TUTORIAL<\/h2>\n<div id=\"fluid-wrapper-counter-1\" class=\"g1-fluid-wrapper \" style=\"width:686px;\">\n<div style=\"padding-bottom:56.268221574344%;\"><iframe loading=\"lazy\" title=\"Workflow In Fieldmotion\" width=\"686\" height=\"386\" src=\"https:\/\/www.youtube.com\/embed\/VmuNYJ7XcaE?feature=oembed&amp;wmode=transparent&amp;autohide=1&amp;autoplay=0&amp;disablekb=0&amp;fs=1&amp;loop=0&amp;enablejsapi=1&amp;rel=0&amp;controls=2&amp;showinfo=0&amp;wmode=transparent&amp;autohide=2&amp;autoplay=0&amp;disablekb=0&amp;fs=1&amp;loop=0&amp;enablejsapi=1&amp;rel=0&amp;controls=2&amp;showinfo=1\" frameborder=\"0\" allow=\"accelerometer; autoplay; clipboard-write; encrypted-media; gyroscope; picture-in-picture; web-share\" referrerpolicy=\"strict-origin-when-cross-origin\" allowfullscreen><\/iframe><\/div>\n<\/div>\n<h3>FIELDMOTION &#8211; CARATTERISTICHE<\/h3>\n<ul>\n<li>Monitora i livelli di stock con aggiornamenti in tempo reale<\/li>\n<li>Assegna lo stock ai lavoratori sul campo in modo efficiente<\/li>\n<li>Ricevi avvisi via email per bassi livelli di stock in magazzino e stock utente<\/li>\n<li>I lavoratori sul campo possono visualizzare lo stock disponibile tramite app mobile<\/li>\n<li>Personalizza le categorie di articoli in stock per una facile allocazione<\/li>\n<li>Facilita l&#8217;identificazione e la gestione rapida degli articoli<\/li>\n<li>Sincronizza quantit\u00e0 e valori con software di contabilit\u00e0 come Xero e QuickBooks<\/li>\n<li>Assegna lo stock direttamente ai lavori<\/li>\n<li>Gestisci la distribuzione dello stock ai lavoratori sul campo e ai veicoli<\/li>\n<li>Genera report<\/li>\n<li>Esporta i dati in formato CSV<\/li>\n<li>Visualizza facilmente quale stock viene utilizzato per un particolare cliente<\/li>\n<li>Imposta budget monetari e di ore di lavoro per i contratti<\/li>\n<li>Raggruppa tutti i lavori correlati in contratti specifici<\/li>\n<li>Ripartizione dettagliata di manodopera, chilometraggio e costi vari associati a ciascun contratto<\/li>\n<li>Chiara visibilit\u00e0 sullo stato e sulle spese del contratto<\/li>\n<li>Monitora l&#8217;avanzamento del contratto e identifica i problemi di spesa eccessiva<\/li>\n<li>Tieni traccia delle ore di lavoro assegnate a ciascun contratto<\/li>\n<li>Confronta i costi effettivi con gli importi preventivati<\/li>\n<li>Genera report sulle prestazioni e le spese del contratto<\/li>\n<li>Gestisci e aggiorna facilmente i dettagli del contratto<\/li>\n<li>Visualizza una cronologia completa dei lavori per ogni cliente o sito<\/li>\n<li>Aggiungi campi personalizzati per includere informazioni aggiuntive sul cliente<\/li>\n<li>Accedi a una cronologia completa di opportunit\u00e0, preventivi e fatture associate al cliente<\/li>\n<li>Esamina le ripartizioni delle risorse e la cronologia delle risorse relative al tuo cliente<\/li>\n<li>Funzionalit\u00e0 di ricerca clienti semplice<\/li>\n<li>Distingui tra potenziali lead e account esistenti<\/li>\n<li>Imposta date di richiamata per un follow-up efficiente da parte dei team di vendita e amministrazione<\/li>\n<li>Genera report finanziari per una ripartizione di tutti i lavori. Visualizza cronologia lavori, preventivi, fatture e risorse associate<\/li>\n<li>Tieni traccia dello stato dei lavori in corso e completati<\/li>\n<li>Richiedi servizi e pianifica appuntamenti online<\/li>\n<li>Migliora la comunicazione e la trasparenza con i clienti<\/li>\n<li>Interfaccia intuitiva per una navigazione e un utilizzo semplici<\/li>\n<li>Accesso sicuro con autorizzazioni personalizzabili per diversi clienti<\/li>\n<li>Incorpora il portale sul tuo sito Web<\/li>\n<li>Consenti ai tuoi clienti di accedere ai file condivisi<\/li>\n<li>Disponibile per il download su dispositivi Android e Apple<\/li>\n<li>Compila qualsiasi modulo personalizzato, inclusi fogli di lavoro, report di servizio, valutazioni dei rischi, certificati, controlli dei veicoli e schede attivit\u00e0<\/li>\n<li>Integra perfettamente con Xero e QuickBooks per la sincronizzazione automatica<\/li>\n<li>Esporta fatture per l&#8217;importazione in altri software di contabilit\u00e0 come Sage 50<\/li>\n<li>Personalizza modelli di fattura con il tuo marchio e i tuoi loghi<\/li>\n<li>Genera report di fatture dettagliati per il monitoraggio finanziario<\/li>\n<\/ul>\n<h4>LE RECENSIONI DEGLI UTENTI<\/h4>\n<p><strong>Martyn &#8220;Attivit\u00e0 di vendita e assistenza di ascensori.&#8221;<\/strong><br \/>\n<strong>Commenti<\/strong>: Non posso criticare l&#8217;accessibilit\u00e0 e la disponibilit\u00e0 del personale. La formazione \u00e8 stata fantastica e ci ha permesso di sfruttare davvero la personalizzazione disponibile all&#8217;interno dello strumento. Mi hanno anche formato come amministratore per guidare davvero l&#8217;azienda in futuro.<br \/>\n<strong>Pro<\/strong>: L&#8217;implementazione di questo prodotto \u00e8 stata un vero catalizzatore per il miglioramento dei processi. L&#8217;impatto \u00e8 stato immediato e il miglioramento della qualit\u00e0 dei dati \u00e8 stato notevole. Abbiamo davvero pensato molto e migliorato e portato struttura a questa parte della nostra attivit\u00e0.<br \/>\n<strong>Contro<\/strong>: Non ci sono stati problemi e lo sviluppo futuro pianificato si adatta alla nostra attivit\u00e0.<\/p>\n<p><strong>David &#8220;Recensione di Fieldmotion&#8221;<\/strong><br \/>\n<strong>Pro<\/strong>: Avere lavori programmati per gli ingegneri direttamente sull&#8217;app sul loro telefono \u00e8 impagabile. L&#8217;integrazione nei nostri sistemi \u00e8 stata semplice. L&#8217;aggiunta di immagini alle schede di lavoro \u00e8 un plus.<br \/>\n<strong>Contro<\/strong>: Sarebbe molto utile aggiungere video per dimostrare guasti ai sistemi\/funzionamenti dopo la riparazione o l&#8217;installazione. Sarebbero utili anche le notifiche push dei lavori inviati ai tecnici.<\/p>\n<p><strong>Joshua &#8220;Grazie per aver modificato il sistema Fieldmotion&#8221;<\/strong><br \/>\n<strong>Commenti<\/strong>: Il vantaggio pi\u00f9 grande per noi come azienda \u00e8 l&#8217;adattabilit\u00e0\/modifica del sistema Fieldmotion e la registrazione efficiente e accurata della cronologia e dei dati.<br \/>\n<strong>Pro<\/strong>: la sua efficienza operativa e la sua accuratezza. Inoltre, essendo in grado di modificare il sistema Fieldmotion per tenere traccia di tutti i trasferimenti di gas dei Cryotank.<br \/>\n<strong>Contro<\/strong>: Per ogni problema che abbiamo riscontrato, Aodhan ha saputo fare di tutto per garantire la migliore soluzione possibile.<\/p>\n","protected":false},"excerpt":{"rendered":"<p>Fieldmotion \u00e8 un software di gestione dei servizi sul campo basato su cloud che offre una soluzione digitale per i lavoratori sul campo con pianificazione online, appuntamenti e fatture, nonch\u00e9 gestione delle relazioni con i clienti, risorse e tecnologia di gestione delle scorte. Il programma fornisce un accesso rapido e centralizzato a tutte le informazioni importanti sui servizi sul campo, tra cui finanze, moduli e report.<\/p>\n","protected":false},"author":19,"featured_media":78744,"parent":39847,"menu_order":0,"comment_status":"open","ping_status":"closed","template":"g1_template_page_review_new.php","meta":{"_acf_changed":false,"cwp_meta_box_check":"Yes","cwp_rev_product_name":"","cwp_rev_product_image":"","wppr_links":[],"cwp_rev_price":"0.00","wppr_options":[{"name":"Usability","value":"0"},{"name":"Speed","value":"0"},{"name":"Features","value":"0"},{"name":"Support","value":"0"},{"name":"Pricing","value":"0"}],"wppr_pros":["","","","",""],"wppr_cons":["","","","",""],"_monsterinsights_skip_tracking":false,"_monsterinsights_sitenote_active":false,"_monsterinsights_sitenote_note":"","_monsterinsights_sitenote_category":0,"footnotes":""},"categories":[5626],"tags":[5917,15247,5658,5649,5647,5648],"features":[],"class_list":{"0":"post-78739","1":"page","2":"type-page","3":"status-publish","4":"has-post-thumbnail","6":"category-software-disinfestazioni-categoria","7":"tag-disinfestazione","8":"tag-fieldmotion","9":"tag-piattaforma-per-disinfestazione","10":"tag-programma-per-disinfestazione","11":"tag-software-per-disinfestazione","12":"tag-soluzione-per-disinfestazione"},"wppr_data":{"cwp_meta_box_check":"Yes","_wppr_review_template":"default","cwp_rev_product_image":"","cwp_image_link":"image","wppr_links":[],"cwp_rev_price":"0.00","wppr_pros":["","","","",""],"wppr_cons":["","","","",""],"wppr_rating":"0.00","wppr_options":{"1":{"name":"Usability","value":"0"},"2":{"name":"Speed","value":"0"},"3":{"name":"Features","value":"0"},"4":{"name":"Support","value":"0"},"5":{"name":"Pricing","value":"0"}},"wppr_review_type":"Product","wppr_review_custom_fields":{"additionalProperty":"","additionalType":"","aggregateRating":"","alternateName":"","audience":"","award":"","awards":"","brand":"","color":"","depth":"","description":"","disambiguatingDescription":"","gtin12":"","gtin13":"","gtin14":"","gtin8":"","height":"","identifier":"","image":"","isAccessoryOrSparePartFor":"","isConsumableFor":"","isRelatedTo":"","isSimilarTo":"","itemCondition":"","logo":"","mainEntityOfPage":"","manufacturer":"","material":"","model":"","mpn":"","name":"","offers":"","potentialAction":"","productID":"","productionDate":"","purchaseDate":"","releaseDate":"","review":"","reviews":"","sameAs":"","sku":"","slogan":"","subjectOf":"","url":"","weight":"","width":""}},"acf":[],"yoast_head":"<!-- This site is optimized with the Yoast SEO plugin v27.4 - https:\/\/yoast.com\/product\/yoast-seo-wordpress\/ -->\n<title>Fieldmotion: recensione software per disinfestazione - Accurate Reviews<\/title>\n<meta name=\"description\" content=\"Fieldmotion: recensione software di gestione dei servizi basato su cloud, che offre una soluzione digitale per lavoratori di diversi settori.\" \/>\n<meta name=\"robots\" content=\"index, follow, max-snippet:-1, max-image-preview:large, max-video-preview:-1\" \/>\n<link rel=\"canonical\" href=\"https:\/\/www.accuratereviews.com\/it\/software-disinfestazioni\/fieldmotion-recensione\/\" \/>\n<meta property=\"og:locale\" content=\"it_IT\" \/>\n<meta property=\"og:type\" content=\"article\" \/>\n<meta property=\"og:title\" content=\"Fieldmotion: recensione software per disinfestazione - Accurate Reviews\" \/>\n<meta property=\"og:description\" content=\"Fieldmotion: recensione software di gestione dei servizi basato su cloud, che offre una soluzione digitale per lavoratori di diversi settori.\" \/>\n<meta property=\"og:url\" content=\"https:\/\/www.accuratereviews.com\/it\/software-disinfestazioni\/fieldmotion-recensione\/\" \/>\n<meta property=\"og:site_name\" content=\"Accurate Reviews\" \/>\n<meta property=\"og:image\" content=\"https:\/\/www.accuratereviews.com\/wp-content\/uploads\/2024\/09\/Screenshot-2024-09-10-alle-09.21.34.png\" \/>\n\t<meta property=\"og:image:width\" content=\"2420\" \/>\n\t<meta property=\"og:image:height\" content=\"616\" \/>\n\t<meta property=\"og:image:type\" content=\"image\/png\" \/>\n<meta name=\"twitter:card\" content=\"summary_large_image\" \/>\n<meta name=\"twitter:label1\" content=\"Tempo di lettura stimato\" \/>\n\t<meta name=\"twitter:data1\" content=\"6 minuti\" \/>\n<script type=\"application\/ld+json\" class=\"yoast-schema-graph\">{\"@context\":\"https:\\\/\\\/schema.org\",\"@graph\":[{\"@type\":\"WebPage\",\"@id\":\"https:\\\/\\\/www.accuratereviews.com\\\/it\\\/software-disinfestazioni\\\/fieldmotion-recensione\\\/\",\"url\":\"https:\\\/\\\/www.accuratereviews.com\\\/it\\\/software-disinfestazioni\\\/fieldmotion-recensione\\\/\",\"name\":\"Fieldmotion: recensione software per disinfestazione - Accurate Reviews\",\"isPartOf\":{\"@id\":\"https:\\\/\\\/www.accuratereviews.com\\\/it\\\/#website\"},\"primaryImageOfPage\":{\"@id\":\"https:\\\/\\\/www.accuratereviews.com\\\/it\\\/software-disinfestazioni\\\/fieldmotion-recensione\\\/#primaryimage\"},\"image\":{\"@id\":\"https:\\\/\\\/www.accuratereviews.com\\\/it\\\/software-disinfestazioni\\\/fieldmotion-recensione\\\/#primaryimage\"},\"thumbnailUrl\":\"https:\\\/\\\/www.accuratereviews.com\\\/wp-content\\\/uploads\\\/2024\\\/09\\\/Screenshot-2024-09-10-alle-09.21.34.png\",\"datePublished\":\"2024-09-11T15:50:36+00:00\",\"description\":\"Fieldmotion: recensione software di gestione dei servizi basato su cloud, che offre una soluzione digitale per lavoratori di diversi settori.\",\"breadcrumb\":{\"@id\":\"https:\\\/\\\/www.accuratereviews.com\\\/it\\\/software-disinfestazioni\\\/fieldmotion-recensione\\\/#breadcrumb\"},\"inLanguage\":\"it-IT\",\"potentialAction\":[{\"@type\":\"ReadAction\",\"target\":[\"https:\\\/\\\/www.accuratereviews.com\\\/it\\\/software-disinfestazioni\\\/fieldmotion-recensione\\\/\"]}]},{\"@type\":\"ImageObject\",\"inLanguage\":\"it-IT\",\"@id\":\"https:\\\/\\\/www.accuratereviews.com\\\/it\\\/software-disinfestazioni\\\/fieldmotion-recensione\\\/#primaryimage\",\"url\":\"https:\\\/\\\/www.accuratereviews.com\\\/wp-content\\\/uploads\\\/2024\\\/09\\\/Screenshot-2024-09-10-alle-09.21.34.png\",\"contentUrl\":\"https:\\\/\\\/www.accuratereviews.com\\\/wp-content\\\/uploads\\\/2024\\\/09\\\/Screenshot-2024-09-10-alle-09.21.34.png\",\"width\":2420,\"height\":616},{\"@type\":\"BreadcrumbList\",\"@id\":\"https:\\\/\\\/www.accuratereviews.com\\\/it\\\/software-disinfestazioni\\\/fieldmotion-recensione\\\/#breadcrumb\",\"itemListElement\":[{\"@type\":\"ListItem\",\"position\":1,\"name\":\"Home\",\"item\":\"https:\\\/\\\/www.accuratereviews.com\\\/it\\\/\"},{\"@type\":\"ListItem\",\"position\":2,\"name\":\"Software per le disinfestazioni\",\"item\":\"https:\\\/\\\/www.accuratereviews.com\\\/it\\\/software-disinfestazioni\\\/\"},{\"@type\":\"ListItem\",\"position\":3,\"name\":\"Fieldmotion\"}]},{\"@type\":\"WebSite\",\"@id\":\"https:\\\/\\\/www.accuratereviews.com\\\/it\\\/#website\",\"url\":\"https:\\\/\\\/www.accuratereviews.com\\\/it\\\/\",\"name\":\"Accurate Reviews\",\"description\":\"\",\"potentialAction\":[{\"@type\":\"SearchAction\",\"target\":{\"@type\":\"EntryPoint\",\"urlTemplate\":\"https:\\\/\\\/www.accuratereviews.com\\\/it\\\/?s={search_term_string}\"},\"query-input\":{\"@type\":\"PropertyValueSpecification\",\"valueRequired\":true,\"valueName\":\"search_term_string\"}}],\"inLanguage\":\"it-IT\"}]}<\/script>\n<!-- \/ Yoast SEO plugin. -->","yoast_head_json":{"title":"Fieldmotion: recensione software per disinfestazione - Accurate Reviews","description":"Fieldmotion: recensione software di gestione dei servizi basato su cloud, che offre una soluzione digitale per lavoratori di diversi settori.","robots":{"index":"index","follow":"follow","max-snippet":"max-snippet:-1","max-image-preview":"max-image-preview:large","max-video-preview":"max-video-preview:-1"},"canonical":"https:\/\/www.accuratereviews.com\/it\/software-disinfestazioni\/fieldmotion-recensione\/","og_locale":"it_IT","og_type":"article","og_title":"Fieldmotion: recensione software per disinfestazione - Accurate Reviews","og_description":"Fieldmotion: recensione software di gestione dei servizi basato su cloud, che offre una soluzione digitale per lavoratori di diversi settori.","og_url":"https:\/\/www.accuratereviews.com\/it\/software-disinfestazioni\/fieldmotion-recensione\/","og_site_name":"Accurate Reviews","og_image":[{"width":2420,"height":616,"url":"https:\/\/www.accuratereviews.com\/wp-content\/uploads\/2024\/09\/Screenshot-2024-09-10-alle-09.21.34.png","type":"image\/png"}],"twitter_card":"summary_large_image","twitter_misc":{"Tempo di lettura stimato":"6 minuti"},"schema":{"@context":"https:\/\/schema.org","@graph":[{"@type":"WebPage","@id":"https:\/\/www.accuratereviews.com\/it\/software-disinfestazioni\/fieldmotion-recensione\/","url":"https:\/\/www.accuratereviews.com\/it\/software-disinfestazioni\/fieldmotion-recensione\/","name":"Fieldmotion: recensione software per disinfestazione - Accurate Reviews","isPartOf":{"@id":"https:\/\/www.accuratereviews.com\/it\/#website"},"primaryImageOfPage":{"@id":"https:\/\/www.accuratereviews.com\/it\/software-disinfestazioni\/fieldmotion-recensione\/#primaryimage"},"image":{"@id":"https:\/\/www.accuratereviews.com\/it\/software-disinfestazioni\/fieldmotion-recensione\/#primaryimage"},"thumbnailUrl":"https:\/\/www.accuratereviews.com\/wp-content\/uploads\/2024\/09\/Screenshot-2024-09-10-alle-09.21.34.png","datePublished":"2024-09-11T15:50:36+00:00","description":"Fieldmotion: recensione software di gestione dei servizi basato su cloud, che offre una soluzione digitale per lavoratori di diversi settori.","breadcrumb":{"@id":"https:\/\/www.accuratereviews.com\/it\/software-disinfestazioni\/fieldmotion-recensione\/#breadcrumb"},"inLanguage":"it-IT","potentialAction":[{"@type":"ReadAction","target":["https:\/\/www.accuratereviews.com\/it\/software-disinfestazioni\/fieldmotion-recensione\/"]}]},{"@type":"ImageObject","inLanguage":"it-IT","@id":"https:\/\/www.accuratereviews.com\/it\/software-disinfestazioni\/fieldmotion-recensione\/#primaryimage","url":"https:\/\/www.accuratereviews.com\/wp-content\/uploads\/2024\/09\/Screenshot-2024-09-10-alle-09.21.34.png","contentUrl":"https:\/\/www.accuratereviews.com\/wp-content\/uploads\/2024\/09\/Screenshot-2024-09-10-alle-09.21.34.png","width":2420,"height":616},{"@type":"BreadcrumbList","@id":"https:\/\/www.accuratereviews.com\/it\/software-disinfestazioni\/fieldmotion-recensione\/#breadcrumb","itemListElement":[{"@type":"ListItem","position":1,"name":"Home","item":"https:\/\/www.accuratereviews.com\/it\/"},{"@type":"ListItem","position":2,"name":"Software per le disinfestazioni","item":"https:\/\/www.accuratereviews.com\/it\/software-disinfestazioni\/"},{"@type":"ListItem","position":3,"name":"Fieldmotion"}]},{"@type":"WebSite","@id":"https:\/\/www.accuratereviews.com\/it\/#website","url":"https:\/\/www.accuratereviews.com\/it\/","name":"Accurate Reviews","description":"","potentialAction":[{"@type":"SearchAction","target":{"@type":"EntryPoint","urlTemplate":"https:\/\/www.accuratereviews.com\/it\/?s={search_term_string}"},"query-input":{"@type":"PropertyValueSpecification","valueRequired":true,"valueName":"search_term_string"}}],"inLanguage":"it-IT"}]}},"_links":{"self":[{"href":"https:\/\/www.accuratereviews.com\/it\/wp-json\/wp\/v2\/pages\/78739","targetHints":{"allow":["GET"]}}],"collection":[{"href":"https:\/\/www.accuratereviews.com\/it\/wp-json\/wp\/v2\/pages"}],"about":[{"href":"https:\/\/www.accuratereviews.com\/it\/wp-json\/wp\/v2\/types\/page"}],"author":[{"embeddable":true,"href":"https:\/\/www.accuratereviews.com\/it\/wp-json\/wp\/v2\/users\/19"}],"replies":[{"embeddable":true,"href":"https:\/\/www.accuratereviews.com\/it\/wp-json\/wp\/v2\/comments?post=78739"}],"version-history":[{"count":13,"href":"https:\/\/www.accuratereviews.com\/it\/wp-json\/wp\/v2\/pages\/78739\/revisions"}],"predecessor-version":[{"id":78774,"href":"https:\/\/www.accuratereviews.com\/it\/wp-json\/wp\/v2\/pages\/78739\/revisions\/78774"}],"up":[{"embeddable":true,"href":"https:\/\/www.accuratereviews.com\/it\/wp-json\/wp\/v2\/pages\/39847"}],"wp:featuredmedia":[{"embeddable":true,"href":"https:\/\/www.accuratereviews.com\/it\/wp-json\/wp\/v2\/media\/78744"}],"wp:attachment":[{"href":"https:\/\/www.accuratereviews.com\/it\/wp-json\/wp\/v2\/media?parent=78739"}],"wp:term":[{"taxonomy":"category","embeddable":true,"href":"https:\/\/www.accuratereviews.com\/it\/wp-json\/wp\/v2\/categories?post=78739"},{"taxonomy":"post_tag","embeddable":true,"href":"https:\/\/www.accuratereviews.com\/it\/wp-json\/wp\/v2\/tags?post=78739"},{"taxonomy":"features","embeddable":true,"href":"https:\/\/www.accuratereviews.com\/it\/wp-json\/wp\/v2\/features?post=78739"}],"curies":[{"name":"wp","href":"https:\/\/api.w.org\/{rel}","templated":true}]}}