{"id":78757,"date":"2024-09-11T15:53:38","date_gmt":"2024-09-11T15:53:38","guid":{"rendered":"https:\/\/www.accuratereviews.com\/?page_id=78757"},"modified":"2024-09-12T08:55:30","modified_gmt":"2024-09-12T08:55:30","slug":"joblogic-recensione","status":"publish","type":"page","link":"https:\/\/www.accuratereviews.com\/it\/software-disinfestazioni\/joblogic-recensione\/","title":{"rendered":"Joblogic"},"content":{"rendered":"<p><strong>Joblogic<\/strong> \u00e8 una <strong>soluzione di gestione dei lavori<\/strong>, basata sul <strong>web<\/strong>, progettata per l&#8217;uso in qualsiasi settore di servizi e manutenzione. Offre strumenti per la gestione dei lavori, la pianificazione degli ingegneri, la quotazione, la determinazione dei costi, la fatturazione e il monitoraggio delle risorse. Il software offre anche 2 applicazioni ingegneristiche progettate esclusivamente per dispositivi<strong> iOS e Android<\/strong>, che possono essere utilizzate offline.<br \/>\nL&#8217;applicazione mobile, appositamente progettata, consente agli utenti di inviare i dettagli del lavoro ai propri ingegneri, inclusi indirizzi, note del sito, commenti dell&#8217;ufficio, dettagli delle risorse del sito e informazioni di assistenza precedenti. Gli ingegneri possono quindi registrare in tempo reale tutte le spese, il chilometraggio, le parti utilizzate e raccogliere le firme dei clienti da inviare agli utenti dell&#8217;ufficio. Il <strong>monitoraggio GPS<\/strong> pu\u00f2 anche essere utilizzato per verificare le posizioni degli ingegneri e i registri di viaggio con l&#8217;integrazione di Google Maps tramite il portale clienti.<\/p>\n<h2>JOBLOGIC &#8211; TUTORIAL<\/h2>\n<div id=\"fluid-wrapper-counter-1\" class=\"g1-fluid-wrapper \" style=\"width:686px;\">\n<div style=\"padding-bottom:56.268221574344%;\"><iframe loading=\"lazy\" title=\"How-To Guide | Customer Grouped Invoicing | Joblogic\u00ae\" width=\"686\" height=\"386\" src=\"https:\/\/www.youtube.com\/embed\/LNqdBvtCOyw?feature=oembed&amp;wmode=transparent&amp;autohide=1&amp;autoplay=0&amp;disablekb=0&amp;fs=1&amp;loop=0&amp;enablejsapi=1&amp;rel=0&amp;controls=2&amp;showinfo=0&amp;wmode=transparent&amp;autohide=2&amp;autoplay=0&amp;disablekb=0&amp;fs=1&amp;loop=0&amp;enablejsapi=1&amp;rel=0&amp;controls=2&amp;showinfo=1\" frameborder=\"0\" allow=\"accelerometer; autoplay; clipboard-write; encrypted-media; gyroscope; picture-in-picture; web-share\" referrerpolicy=\"strict-origin-when-cross-origin\" allowfullscreen><\/iframe><\/div>\n<\/div>\n<h3>JOBLOGIC &#8211; CARATTERISTICHE<\/h3>\n<ul>\n<li>Pianifica, gestisci e ottimizza i percorsi giornalieri dei tuoi tecnici sul campo.<\/li>\n<li>Automatizza l&#8217;assegnazione dei lavori<\/li>\n<li>Riduci i costi di viaggio<\/li>\n<li>Dai priorit\u00e0 al lavoro redditizio<\/li>\n<li>Visualizza, archivia e accedi facilmente alle informazioni sui tuoi lavori sempre e ovunque.<\/li>\n<li>Crea nuovi lavori<\/li>\n<li>Assegna lavori ai tecnici<\/li>\n<li>Aggiungi checklist ai tuoi fogli di lavoro<\/li>\n<li>Crea automaticamente fatture<\/li>\n<li>Gestisci, archivia e condividi i tuoi certificati del gas con facilit\u00e0.<\/li>\n<li>Documenti centralizzati e senza carta<\/li>\n<li>Archivia tutti i certificati in un unico sistema<\/li>\n<li>Risparmia tempo nell&#8217;amministrazione<\/li>\n<li>Condividi i certificati del gas<\/li>\n<li>Un sistema di messaggistica automatizzato per tenere aggiornati i tuoi clienti in tempo reale.<\/li>\n<li>Visualizza notifiche e avvisi<\/li>\n<li>Aggiornamenti sullo stato in tempo reale<\/li>\n<li>Visualizza preventivi e fatture<\/li>\n<li>Velocizza la fatturazione e migliora il flusso di cassa.<\/li>\n<li>Pianifica i tecnici sul campo in un ambiente di manutenzione intenso.<\/li>\n<li>Pianificatore drag &amp; drop<\/li>\n<li>Aggiornamenti visivi sullo stato<\/li>\n<li>Tracciamento GPS in tempo reale<\/li>\n<li>Traccia le richieste in preventivi e passa ai lavori con un clic di un pulsante.<\/li>\n<li>Integra la soluzione con il tuo sistema di contabilit\u00e0 per evitare il doppio inserimento di dati.<\/li>\n<li>App offline per iOS e Android che collega il tuo back office e la forza lavoro mobile in tempo reale.<\/li>\n<\/ul>\n<h4>LE RECENSIONI DEGLI UTENTI<\/h4>\n<p><strong>Kate &#8220;Facile da usare&#8221;<\/strong><br \/>\n<strong>Pro<\/strong>: Utilizziamo Joblogic per pianificare, inviare e monitorare l&#8217;avanzamento delle installazioni di lavoro. \u00c8 facile creare preventivi e poi inviare fatture, il che ci aiuta a tenere tutto in un unico posto.<br \/>\n<strong>Contro<\/strong>: Per quello per cui utilizziamo Joblogic, ha fatto tutto ci\u00f2 di cui avevamo bisogno. Il supporto clienti \u00e8 fantastico per qualsiasi cosa per cui abbiamo bisogno di aiuto.<\/p>\n<p><strong>Matthew &#8220;Prodotto eccellente. Servizio eccellente. Altamente consigliato&#8221;<\/strong><br \/>\n<strong>Commenti<\/strong>: Eccellente brillante. Soddisfatto al cento per cento<br \/>\n<strong>Pro<\/strong>: La facilit\u00e0 d&#8217;uso. La qualit\u00e0 assoluta del prodotto.<br \/>\n<strong>Contro<\/strong>: Niente Niente. Questo prodotto \u00e8 geniale<\/p>\n<p><strong>Robin &#8220;Servizio eccellente&#8221;<\/strong><br \/>\n<strong>Commenti<\/strong>: Eccellente<br \/>\n<strong>Pro<\/strong>: Il servizio, i team tecnici e di supporto sono fantastici, sono sempre disponibili, 24 ore al giorno per fornire supporto. Ognuno di loro va oltre ogni limite.<br \/>\n<strong>Contro<\/strong>: Costo, integrazione con software di contabilit\u00e0 (pi\u00f9 a causa delle limitazioni del QB e non per colpa di JL) Vorrei davvero avere la possibilit\u00e0 di trasferire il numero JL INV al QB e non dover cercare il messaggio di rendiconto<\/p>\n","protected":false},"excerpt":{"rendered":"<p>Joblogic \u00e8 una soluzione di gestione dei lavori, basata sul web, progettata per l&#8217;uso in qualsiasi settore di servizi e manutenzione. Offre strumenti per la gestione dei lavori, la pianificazione degli ingegneri, la quotazione, la determinazione dei costi, la fatturazione e il monitoraggio delle risorse.<\/p>\n","protected":false},"author":19,"featured_media":78760,"parent":39847,"menu_order":0,"comment_status":"open","ping_status":"closed","template":"g1_template_page_review_new.php","meta":{"_acf_changed":false,"cwp_meta_box_check":"Yes","cwp_rev_product_name":"","cwp_rev_product_image":"","wppr_links":[],"cwp_rev_price":"0.00","wppr_options":[{"name":"Usability","value":"0"},{"name":"Speed","value":"0"},{"name":"Features","value":"0"},{"name":"Support","value":"0"},{"name":"Pricing","value":"0"}],"wppr_pros":["","","","",""],"wppr_cons":["","","","",""],"_monsterinsights_skip_tracking":false,"_monsterinsights_sitenote_active":false,"_monsterinsights_sitenote_note":"","_monsterinsights_sitenote_category":0,"footnotes":""},"categories":[5626],"tags":[5917,15248,5658,5649,5647,5648],"features":[],"class_list":{"0":"post-78757","1":"page","2":"type-page","3":"status-publish","4":"has-post-thumbnail","6":"category-software-disinfestazioni-categoria","7":"tag-disinfestazione","8":"tag-joblogic","9":"tag-piattaforma-per-disinfestazione","10":"tag-programma-per-disinfestazione","11":"tag-software-per-disinfestazione","12":"tag-soluzione-per-disinfestazione"},"wppr_data":{"cwp_meta_box_check":"Yes","_wppr_review_template":"default","cwp_rev_product_image":"","cwp_image_link":"image","wppr_links":[],"cwp_rev_price":"0.00","wppr_pros":["","","","",""],"wppr_cons":["","","","",""],"wppr_rating":"0.00","wppr_options":{"1":{"name":"Usability","value":"0"},"2":{"name":"Speed","value":"0"},"3":{"name":"Features","value":"0"},"4":{"name":"Support","value":"0"},"5":{"name":"Pricing","value":"0"}},"wppr_review_type":"Product","wppr_review_custom_fields":{"additionalProperty":"","additionalType":"","aggregateRating":"","alternateName":"","audience":"","award":"","awards":"","brand":"","color":"","depth":"","description":"","disambiguatingDescription":"","gtin12":"","gtin13":"","gtin14":"","gtin8":"","height":"","identifier":"","image":"","isAccessoryOrSparePartFor":"","isConsumableFor":"","isRelatedTo":"","isSimilarTo":"","itemCondition":"","logo":"","mainEntityOfPage":"","manufacturer":"","material":"","model":"","mpn":"","name":"","offers":"","potentialAction":"","productID":"","productionDate":"","purchaseDate":"","releaseDate":"","review":"","reviews":"","sameAs":"","sku":"","slogan":"","subjectOf":"","url":"","weight":"","width":""}},"acf":[],"yoast_head":"<!-- This site is optimized with the Yoast SEO plugin v27.4 - https:\/\/yoast.com\/product\/yoast-seo-wordpress\/ -->\n<title>Joblogic: recensione software per disinfestazione - Accurate Reviews<\/title>\n<meta name=\"description\" content=\"Joblogic: recensione soluzione di gestione dei lavori, basata sul web, progettata per l&#039;uso in qualsiasi settore di servizi e manutenzione.\" \/>\n<meta name=\"robots\" content=\"index, follow, max-snippet:-1, max-image-preview:large, max-video-preview:-1\" \/>\n<link rel=\"canonical\" href=\"https:\/\/www.accuratereviews.com\/it\/software-disinfestazioni\/joblogic-recensione\/\" \/>\n<meta property=\"og:locale\" content=\"it_IT\" \/>\n<meta property=\"og:type\" content=\"article\" \/>\n<meta property=\"og:title\" content=\"Joblogic: recensione software per disinfestazione - Accurate Reviews\" \/>\n<meta property=\"og:description\" content=\"Joblogic: recensione soluzione di gestione dei lavori, basata sul web, progettata per l&#039;uso in qualsiasi settore di servizi e manutenzione.\" \/>\n<meta property=\"og:url\" content=\"https:\/\/www.accuratereviews.com\/it\/software-disinfestazioni\/joblogic-recensione\/\" \/>\n<meta property=\"og:site_name\" content=\"Accurate Reviews\" \/>\n<meta property=\"article:modified_time\" content=\"2024-09-12T08:55:30+00:00\" \/>\n<meta property=\"og:image\" content=\"https:\/\/www.accuratereviews.com\/wp-content\/uploads\/2024\/09\/Joblogic.webp\" \/>\n\t<meta property=\"og:image:width\" content=\"240\" \/>\n\t<meta property=\"og:image:height\" content=\"240\" \/>\n\t<meta property=\"og:image:type\" content=\"image\/webp\" \/>\n<meta name=\"twitter:card\" content=\"summary_large_image\" \/>\n<meta name=\"twitter:label1\" content=\"Tempo di lettura stimato\" \/>\n\t<meta name=\"twitter:data1\" content=\"5 minuti\" \/>\n<script type=\"application\/ld+json\" class=\"yoast-schema-graph\">{\"@context\":\"https:\\\/\\\/schema.org\",\"@graph\":[{\"@type\":\"WebPage\",\"@id\":\"https:\\\/\\\/www.accuratereviews.com\\\/it\\\/software-disinfestazioni\\\/joblogic-recensione\\\/\",\"url\":\"https:\\\/\\\/www.accuratereviews.com\\\/it\\\/software-disinfestazioni\\\/joblogic-recensione\\\/\",\"name\":\"Joblogic: recensione software per disinfestazione - Accurate Reviews\",\"isPartOf\":{\"@id\":\"https:\\\/\\\/www.accuratereviews.com\\\/it\\\/#website\"},\"primaryImageOfPage\":{\"@id\":\"https:\\\/\\\/www.accuratereviews.com\\\/it\\\/software-disinfestazioni\\\/joblogic-recensione\\\/#primaryimage\"},\"image\":{\"@id\":\"https:\\\/\\\/www.accuratereviews.com\\\/it\\\/software-disinfestazioni\\\/joblogic-recensione\\\/#primaryimage\"},\"thumbnailUrl\":\"https:\\\/\\\/www.accuratereviews.com\\\/wp-content\\\/uploads\\\/2024\\\/09\\\/Joblogic.webp\",\"datePublished\":\"2024-09-11T15:53:38+00:00\",\"dateModified\":\"2024-09-12T08:55:30+00:00\",\"description\":\"Joblogic: recensione soluzione di gestione dei lavori, basata sul web, progettata per l'uso in qualsiasi settore di servizi e manutenzione.\",\"breadcrumb\":{\"@id\":\"https:\\\/\\\/www.accuratereviews.com\\\/it\\\/software-disinfestazioni\\\/joblogic-recensione\\\/#breadcrumb\"},\"inLanguage\":\"it-IT\",\"potentialAction\":[{\"@type\":\"ReadAction\",\"target\":[\"https:\\\/\\\/www.accuratereviews.com\\\/it\\\/software-disinfestazioni\\\/joblogic-recensione\\\/\"]}]},{\"@type\":\"ImageObject\",\"inLanguage\":\"it-IT\",\"@id\":\"https:\\\/\\\/www.accuratereviews.com\\\/it\\\/software-disinfestazioni\\\/joblogic-recensione\\\/#primaryimage\",\"url\":\"https:\\\/\\\/www.accuratereviews.com\\\/wp-content\\\/uploads\\\/2024\\\/09\\\/Joblogic.webp\",\"contentUrl\":\"https:\\\/\\\/www.accuratereviews.com\\\/wp-content\\\/uploads\\\/2024\\\/09\\\/Joblogic.webp\",\"width\":240,\"height\":240},{\"@type\":\"BreadcrumbList\",\"@id\":\"https:\\\/\\\/www.accuratereviews.com\\\/it\\\/software-disinfestazioni\\\/joblogic-recensione\\\/#breadcrumb\",\"itemListElement\":[{\"@type\":\"ListItem\",\"position\":1,\"name\":\"Home\",\"item\":\"https:\\\/\\\/www.accuratereviews.com\\\/it\\\/\"},{\"@type\":\"ListItem\",\"position\":2,\"name\":\"Software per le disinfestazioni\",\"item\":\"https:\\\/\\\/www.accuratereviews.com\\\/it\\\/software-disinfestazioni\\\/\"},{\"@type\":\"ListItem\",\"position\":3,\"name\":\"Joblogic\"}]},{\"@type\":\"WebSite\",\"@id\":\"https:\\\/\\\/www.accuratereviews.com\\\/it\\\/#website\",\"url\":\"https:\\\/\\\/www.accuratereviews.com\\\/it\\\/\",\"name\":\"Accurate Reviews\",\"description\":\"\",\"potentialAction\":[{\"@type\":\"SearchAction\",\"target\":{\"@type\":\"EntryPoint\",\"urlTemplate\":\"https:\\\/\\\/www.accuratereviews.com\\\/it\\\/?s={search_term_string}\"},\"query-input\":{\"@type\":\"PropertyValueSpecification\",\"valueRequired\":true,\"valueName\":\"search_term_string\"}}],\"inLanguage\":\"it-IT\"}]}<\/script>\n<!-- \/ Yoast SEO plugin. -->","yoast_head_json":{"title":"Joblogic: recensione software per disinfestazione - Accurate Reviews","description":"Joblogic: recensione soluzione di gestione dei lavori, basata sul web, progettata per l'uso in qualsiasi settore di servizi e manutenzione.","robots":{"index":"index","follow":"follow","max-snippet":"max-snippet:-1","max-image-preview":"max-image-preview:large","max-video-preview":"max-video-preview:-1"},"canonical":"https:\/\/www.accuratereviews.com\/it\/software-disinfestazioni\/joblogic-recensione\/","og_locale":"it_IT","og_type":"article","og_title":"Joblogic: recensione software per disinfestazione - Accurate Reviews","og_description":"Joblogic: recensione soluzione di gestione dei lavori, basata sul web, progettata per l'uso in qualsiasi settore di servizi e manutenzione.","og_url":"https:\/\/www.accuratereviews.com\/it\/software-disinfestazioni\/joblogic-recensione\/","og_site_name":"Accurate Reviews","article_modified_time":"2024-09-12T08:55:30+00:00","og_image":[{"width":240,"height":240,"url":"https:\/\/www.accuratereviews.com\/wp-content\/uploads\/2024\/09\/Joblogic.webp","type":"image\/webp"}],"twitter_card":"summary_large_image","twitter_misc":{"Tempo di lettura stimato":"5 minuti"},"schema":{"@context":"https:\/\/schema.org","@graph":[{"@type":"WebPage","@id":"https:\/\/www.accuratereviews.com\/it\/software-disinfestazioni\/joblogic-recensione\/","url":"https:\/\/www.accuratereviews.com\/it\/software-disinfestazioni\/joblogic-recensione\/","name":"Joblogic: recensione software per disinfestazione - Accurate Reviews","isPartOf":{"@id":"https:\/\/www.accuratereviews.com\/it\/#website"},"primaryImageOfPage":{"@id":"https:\/\/www.accuratereviews.com\/it\/software-disinfestazioni\/joblogic-recensione\/#primaryimage"},"image":{"@id":"https:\/\/www.accuratereviews.com\/it\/software-disinfestazioni\/joblogic-recensione\/#primaryimage"},"thumbnailUrl":"https:\/\/www.accuratereviews.com\/wp-content\/uploads\/2024\/09\/Joblogic.webp","datePublished":"2024-09-11T15:53:38+00:00","dateModified":"2024-09-12T08:55:30+00:00","description":"Joblogic: recensione soluzione di gestione dei lavori, basata sul web, progettata per l'uso in qualsiasi settore di servizi e manutenzione.","breadcrumb":{"@id":"https:\/\/www.accuratereviews.com\/it\/software-disinfestazioni\/joblogic-recensione\/#breadcrumb"},"inLanguage":"it-IT","potentialAction":[{"@type":"ReadAction","target":["https:\/\/www.accuratereviews.com\/it\/software-disinfestazioni\/joblogic-recensione\/"]}]},{"@type":"ImageObject","inLanguage":"it-IT","@id":"https:\/\/www.accuratereviews.com\/it\/software-disinfestazioni\/joblogic-recensione\/#primaryimage","url":"https:\/\/www.accuratereviews.com\/wp-content\/uploads\/2024\/09\/Joblogic.webp","contentUrl":"https:\/\/www.accuratereviews.com\/wp-content\/uploads\/2024\/09\/Joblogic.webp","width":240,"height":240},{"@type":"BreadcrumbList","@id":"https:\/\/www.accuratereviews.com\/it\/software-disinfestazioni\/joblogic-recensione\/#breadcrumb","itemListElement":[{"@type":"ListItem","position":1,"name":"Home","item":"https:\/\/www.accuratereviews.com\/it\/"},{"@type":"ListItem","position":2,"name":"Software per le disinfestazioni","item":"https:\/\/www.accuratereviews.com\/it\/software-disinfestazioni\/"},{"@type":"ListItem","position":3,"name":"Joblogic"}]},{"@type":"WebSite","@id":"https:\/\/www.accuratereviews.com\/it\/#website","url":"https:\/\/www.accuratereviews.com\/it\/","name":"Accurate Reviews","description":"","potentialAction":[{"@type":"SearchAction","target":{"@type":"EntryPoint","urlTemplate":"https:\/\/www.accuratereviews.com\/it\/?s={search_term_string}"},"query-input":{"@type":"PropertyValueSpecification","valueRequired":true,"valueName":"search_term_string"}}],"inLanguage":"it-IT"}]}},"_links":{"self":[{"href":"https:\/\/www.accuratereviews.com\/it\/wp-json\/wp\/v2\/pages\/78757","targetHints":{"allow":["GET"]}}],"collection":[{"href":"https:\/\/www.accuratereviews.com\/it\/wp-json\/wp\/v2\/pages"}],"about":[{"href":"https:\/\/www.accuratereviews.com\/it\/wp-json\/wp\/v2\/types\/page"}],"author":[{"embeddable":true,"href":"https:\/\/www.accuratereviews.com\/it\/wp-json\/wp\/v2\/users\/19"}],"replies":[{"embeddable":true,"href":"https:\/\/www.accuratereviews.com\/it\/wp-json\/wp\/v2\/comments?post=78757"}],"version-history":[{"count":12,"href":"https:\/\/www.accuratereviews.com\/it\/wp-json\/wp\/v2\/pages\/78757\/revisions"}],"predecessor-version":[{"id":78802,"href":"https:\/\/www.accuratereviews.com\/it\/wp-json\/wp\/v2\/pages\/78757\/revisions\/78802"}],"up":[{"embeddable":true,"href":"https:\/\/www.accuratereviews.com\/it\/wp-json\/wp\/v2\/pages\/39847"}],"wp:featuredmedia":[{"embeddable":true,"href":"https:\/\/www.accuratereviews.com\/it\/wp-json\/wp\/v2\/media\/78760"}],"wp:attachment":[{"href":"https:\/\/www.accuratereviews.com\/it\/wp-json\/wp\/v2\/media?parent=78757"}],"wp:term":[{"taxonomy":"category","embeddable":true,"href":"https:\/\/www.accuratereviews.com\/it\/wp-json\/wp\/v2\/categories?post=78757"},{"taxonomy":"post_tag","embeddable":true,"href":"https:\/\/www.accuratereviews.com\/it\/wp-json\/wp\/v2\/tags?post=78757"},{"taxonomy":"features","embeddable":true,"href":"https:\/\/www.accuratereviews.com\/it\/wp-json\/wp\/v2\/features?post=78757"}],"curies":[{"name":"wp","href":"https:\/\/api.w.org\/{rel}","templated":true}]}}