{"id":78794,"date":"2024-09-12T12:36:35","date_gmt":"2024-09-12T12:36:35","guid":{"rendered":"https:\/\/www.accuratereviews.com\/?page_id=78794"},"modified":"2024-09-12T12:36:35","modified_gmt":"2024-09-12T12:36:35","slug":"tradify-recensione","status":"publish","type":"page","link":"https:\/\/www.accuratereviews.com\/it\/software-disinfestazioni\/tradify-recensione\/","title":{"rendered":"Tradify"},"content":{"rendered":"<p><strong>Tradify<\/strong> \u00e8 un <strong>software di gestione dei lavori<\/strong> che aiuta le organizzazioni a monitorare e gestire i lavori, dal preventivo alla fattura, in tempo reale. Fornisce alle organizzazioni una panoramica completa del loro carico di lavoro, consentendo agli utenti di monitorare e stabilire le priorit\u00e0 dei lavori e di rimanere aggiornati su quali lavori sono in scadenza, in ritardo o in arrivo. Tutte le informazioni sui lavori sono accessibili al personale sul campo e in ufficio tramite qualsiasi dispositivo desktop o mobile.<br \/>\nLe<strong> funzionalit\u00e0 di pianificazione<\/strong> dei dipendenti aiutano a gestire la forza lavoro, tra cui un rilevatore di tempo, la scheda attivit\u00e0, la distribuzione e la riprogrammazione. Le<strong> funzionalit\u00e0 di quotazione<\/strong> consentono agli utenti di importare listini prezzi dei fornitori per i costi correnti e confrontare i costi di lavoro preventivati \u200b\u200be quelli effettivi. Sono disponibili modelli personalizzabili per vari lavori o clienti, tra cui la creazione di kit per una rapida quotazione di lavori simili. Gli utenti possono fatturare subito dopo il lavoro e trasformare automaticamente le schede attivit\u00e0 o le ricevute in fatture.<\/p>\n<h2>TRADIFY &#8211; TUTORIAL<\/h2>\n<div id=\"fluid-wrapper-counter-1\" class=\"g1-fluid-wrapper \" style=\"width:686px;\">\n<div style=\"padding-bottom:56.268221574344%;\"><iframe loading=\"lazy\" title=\"Quick Quoting - How Tradify Helps Your Trade Business\" width=\"686\" height=\"386\" src=\"https:\/\/www.youtube.com\/embed\/1-2gT81Dc5M?feature=oembed&amp;wmode=transparent&amp;autohide=1&amp;autoplay=0&amp;disablekb=0&amp;fs=1&amp;loop=0&amp;enablejsapi=1&amp;rel=0&amp;controls=2&amp;showinfo=0&amp;wmode=transparent&amp;autohide=2&amp;autoplay=0&amp;disablekb=0&amp;fs=1&amp;loop=0&amp;enablejsapi=1&amp;rel=0&amp;controls=2&amp;showinfo=1\" frameborder=\"0\" allow=\"accelerometer; autoplay; clipboard-write; encrypted-media; gyroscope; picture-in-picture; web-share\" referrerpolicy=\"strict-origin-when-cross-origin\" allowfullscreen><\/iframe><\/div>\n<\/div>\n<h3>TRADIFY &#8211; CARATTERISTICHE<\/h3>\n<ul>\n<li><strong>Semplifica i tuoi processi aziendali fin dall&#8217;inizio<\/strong>: la soluzione pu\u00f2 aiutarti ad acquisire facilmente richieste, archiviare profili clienti e trasformare rapidamente le richieste in preventivi, lavori e fatture.<\/li>\n<li><strong>Ottieni lavori quotando pi\u00f9 velocemente che ma<\/strong>i: utilizza modelli di preventivo con marchio professionale, temi personalizzabili, listini prezzi importati e follow-up email automatizzati.<\/li>\n<li><strong>Visualizza lavori attivi e posizioni del personale in tempo reale<\/strong>: pianifica lavori pi\u00f9 velocemente, distribuisci con facilit\u00e0 e comunica rapidamente con i clienti e il tuo team. Guarda cosa sta succedendo a colpo d&#8217;occhio sincronizzando il programma con il tuo Google Calendar.<\/li>\n<li><strong>Migliora la gestione dei tuoi progetti<\/strong>: tieni traccia di tutto con dashboard di lavoro, una mappa interattiva e funzionalit\u00e0 di reporting. Aggiungi rapidamente foto, video e note ai lavori e gestisci pi\u00f9 progetti con facilit\u00e0.<\/li>\n<li><strong>Risparmia ore di fatturazione<\/strong>: crea fatture con marchio professionale con temi e modelli personalizzabili per diversi tipi di lavoro. Smetti di gestire due volte e di immettere manualmente i dati sincronizzando le fatture con il tuo software di contabilit\u00e0 preferito (Xero o QuickBooks).<\/li>\n<li><strong>Ricevi i pagamenti<\/strong> : abilita promemoria automatici di pagamento e offri pagamenti online con carta di credito collegandoti a Stripe. Controlla se i clienti hanno visualizzato la tua fattura e monitora i pagamenti in movimento, in loco o in ufficio.<\/li>\n<li><strong>Tieni tutto in un&#8217;unica app<\/strong>: passa facilmente dalla stima alla quotazione con i temi di documenti. Quindi, trasforma i tuoi preventivi in \u200b\u200bfatture e lavori con pochi clic.<\/li>\n<li><strong>Stabilisci il prezzo di un lavoro in movimento<\/strong>: non aspettare di tornare in ufficio. Risparmia tempo creando e inviando preventivi o stime in loco o dal furgone.<\/li>\n<li><strong>Salva richieste e contatti:<\/strong> tieni i lead (telefonate, email, conversazioni) in un unico posto con il motore di richieste, evitandoti di gestirli due volte.<\/li>\n<li><strong>Crea documenti professionali in pochi minuti:<\/strong> la piattaforma ti consente di salvare modelli personalizzabili, listini prezzi e kit, aiutandoti a quotare rapidamente e a rimanere coerente con i tuoi prezzi. Importa facilmente elenchi di magazzino e crea livelli di prezzo personalizzati per gestire il tuo flusso di cassa.<\/li>\n<li><strong>Semplifica il flusso di lavoro del tuo team<\/strong>: pianifica e inizia a monitorare il lavoro con un semplice tocco di un pulsante. Trasforma il tuo preventivo in un lavoro o in una fattura e condividilo all&#8217;istante con tutto il team.<\/li>\n<\/ul>\n<h4>LE RECENSIONI DEGLI UTENTI<\/h4>\n<p><strong>Micheal &#8220;Adoro la precisione e l&#8217;affidabilit\u00e0 di questa soluzione di pianificazione&#8221;<\/strong><br \/>\n<strong>Pro<\/strong>: Tradify \u00e8 una soluzione di pianificazione economica adatta a tutti. Mi piace la facilit\u00e0 d&#8217;uso di Tradify.<br \/>\n<strong>Contro<\/strong>: Tradify non ha difetti. Tradify ha funzionato cos\u00ec bene per noi.<\/p>\n<p><strong>Mbiuki &#8220;Tradify \u00e8 stata una soluzione semplice ed efficace da utilizzare&#8221;<\/strong><br \/>\n<strong>Pro<\/strong>: Mi piace quanto Tradify sia affidabile ed efficace. Tradify funziona cos\u00ec bene perch\u00e9 ha delle ottime funzionalit\u00e0.<br \/>\n<strong>Contro<\/strong>: Nessun problema con Tradify. Tradify soddisfa le aspettative della nostra azienda.<\/p>\n<p><strong>Emmanuel &#8220;Software di monitoraggio e gestione&#8221;<\/strong><br \/>\n<strong>Pro<\/strong>: Tradify \u00e8 un software facile da usare e dotato di molteplici funzionalit\u00e0 Non possiamo criticare questo software poich\u00e9 \u00e8 perfettamente progettato per le nostre operazioni aziendali e garantisce che i nostri tecnici sul campo possano riportare il loro tempo e i loro materiali al lavoro e che il nostro team dell&#8217;ufficio sia. molto pi\u00f9 veloce nella fatturazione ai clienti. Possiamo ancora utilizzare questo software per localizzare il personale in modo rapido ed efficiente<br \/>\n<strong>Contro<\/strong>: Non ho problemi con l&#8217;utilizzo di questo software.<\/p>\n","protected":false},"excerpt":{"rendered":"<p>Tradify \u00e8 un software di gestione dei lavori che aiuta le organizzazioni a monitorare e gestire i lavori, dal preventivo alla fattura, in tempo reale. Fornisce alle organizzazioni una panoramica completa del loro carico di lavoro, consentendo agli utenti di monitorare e stabilire le priorit\u00e0 dei lavori e di rimanere aggiornati su quali lavori sono in scadenza, in ritardo o in arrivo.<\/p>\n","protected":false},"author":19,"featured_media":78795,"parent":39847,"menu_order":0,"comment_status":"open","ping_status":"closed","template":"g1_template_page_review_new.php","meta":{"_acf_changed":false,"cwp_meta_box_check":"Yes","cwp_rev_product_name":"","cwp_rev_product_image":"","wppr_links":[],"cwp_rev_price":"0.00","wppr_options":[{"name":"Usability","value":"0"},{"name":"Speed","value":"0"},{"name":"Features","value":"0"},{"name":"Support","value":"0"},{"name":"Pricing","value":"0"}],"wppr_pros":["","","","",""],"wppr_cons":["","","","",""],"_monsterinsights_skip_tracking":false,"_monsterinsights_sitenote_active":false,"_monsterinsights_sitenote_note":"","_monsterinsights_sitenote_category":0,"footnotes":""},"categories":[5626],"tags":[5917,5658,5649,5647,5648,15255],"features":[],"class_list":{"0":"post-78794","1":"page","2":"type-page","3":"status-publish","4":"has-post-thumbnail","6":"category-software-disinfestazioni-categoria","7":"tag-disinfestazione","8":"tag-piattaforma-per-disinfestazione","9":"tag-programma-per-disinfestazione","10":"tag-software-per-disinfestazione","11":"tag-soluzione-per-disinfestazione","12":"tag-tradify"},"wppr_data":{"cwp_meta_box_check":"Yes","_wppr_review_template":"default","cwp_rev_product_image":"","cwp_image_link":"image","wppr_links":[],"cwp_rev_price":"0.00","wppr_pros":["","","","",""],"wppr_cons":["","","","",""],"wppr_rating":"0.00","wppr_options":{"1":{"name":"Usability","value":"0"},"2":{"name":"Speed","value":"0"},"3":{"name":"Features","value":"0"},"4":{"name":"Support","value":"0"},"5":{"name":"Pricing","value":"0"}},"wppr_review_type":"Product","wppr_review_custom_fields":{"additionalProperty":"","additionalType":"","aggregateRating":"","alternateName":"","audience":"","award":"","awards":"","brand":"","color":"","depth":"","description":"","disambiguatingDescription":"","gtin12":"","gtin13":"","gtin14":"","gtin8":"","height":"","identifier":"","image":"","isAccessoryOrSparePartFor":"","isConsumableFor":"","isRelatedTo":"","isSimilarTo":"","itemCondition":"","logo":"","mainEntityOfPage":"","manufacturer":"","material":"","model":"","mpn":"","name":"","offers":"","potentialAction":"","productID":"","productionDate":"","purchaseDate":"","releaseDate":"","review":"","reviews":"","sameAs":"","sku":"","slogan":"","subjectOf":"","url":"","weight":"","width":""}},"acf":[],"yoast_head":"<!-- This site is optimized with the Yoast SEO plugin v27.4 - https:\/\/yoast.com\/product\/yoast-seo-wordpress\/ -->\n<title>Tradify: recensione software per disinfestazione - Accurate Reviews<\/title>\n<meta name=\"description\" content=\"Tradify: recensione software di gestione dei lavori che aiuta a monitorare e gestire i lavori dal preventivo alla fattura, in tempo reale.\" \/>\n<meta name=\"robots\" content=\"index, follow, max-snippet:-1, max-image-preview:large, max-video-preview:-1\" \/>\n<link rel=\"canonical\" href=\"https:\/\/www.accuratereviews.com\/it\/software-disinfestazioni\/tradify-recensione\/\" \/>\n<meta property=\"og:locale\" content=\"it_IT\" \/>\n<meta property=\"og:type\" content=\"article\" \/>\n<meta property=\"og:title\" content=\"Tradify: recensione software per disinfestazione - Accurate Reviews\" \/>\n<meta property=\"og:description\" content=\"Tradify: recensione software di gestione dei lavori che aiuta a monitorare e gestire i lavori dal preventivo alla fattura, in tempo reale.\" \/>\n<meta property=\"og:url\" content=\"https:\/\/www.accuratereviews.com\/it\/software-disinfestazioni\/tradify-recensione\/\" \/>\n<meta property=\"og:site_name\" content=\"Accurate Reviews\" \/>\n<meta property=\"og:image\" content=\"https:\/\/www.accuratereviews.com\/wp-content\/uploads\/2024\/09\/tradify.webp\" \/>\n\t<meta property=\"og:image:width\" content=\"240\" \/>\n\t<meta property=\"og:image:height\" content=\"240\" \/>\n\t<meta property=\"og:image:type\" content=\"image\/webp\" \/>\n<meta name=\"twitter:card\" content=\"summary_large_image\" \/>\n<meta name=\"twitter:label1\" content=\"Tempo di lettura stimato\" \/>\n\t<meta name=\"twitter:data1\" content=\"6 minuti\" \/>\n<script type=\"application\/ld+json\" class=\"yoast-schema-graph\">{\"@context\":\"https:\\\/\\\/schema.org\",\"@graph\":[{\"@type\":\"WebPage\",\"@id\":\"https:\\\/\\\/www.accuratereviews.com\\\/it\\\/software-disinfestazioni\\\/tradify-recensione\\\/\",\"url\":\"https:\\\/\\\/www.accuratereviews.com\\\/it\\\/software-disinfestazioni\\\/tradify-recensione\\\/\",\"name\":\"Tradify: recensione software per disinfestazione - Accurate Reviews\",\"isPartOf\":{\"@id\":\"https:\\\/\\\/www.accuratereviews.com\\\/it\\\/#website\"},\"primaryImageOfPage\":{\"@id\":\"https:\\\/\\\/www.accuratereviews.com\\\/it\\\/software-disinfestazioni\\\/tradify-recensione\\\/#primaryimage\"},\"image\":{\"@id\":\"https:\\\/\\\/www.accuratereviews.com\\\/it\\\/software-disinfestazioni\\\/tradify-recensione\\\/#primaryimage\"},\"thumbnailUrl\":\"https:\\\/\\\/www.accuratereviews.com\\\/wp-content\\\/uploads\\\/2024\\\/09\\\/tradify.webp\",\"datePublished\":\"2024-09-12T12:36:35+00:00\",\"description\":\"Tradify: recensione software di gestione dei lavori che aiuta a monitorare e gestire i lavori dal preventivo alla fattura, in tempo reale.\",\"breadcrumb\":{\"@id\":\"https:\\\/\\\/www.accuratereviews.com\\\/it\\\/software-disinfestazioni\\\/tradify-recensione\\\/#breadcrumb\"},\"inLanguage\":\"it-IT\",\"potentialAction\":[{\"@type\":\"ReadAction\",\"target\":[\"https:\\\/\\\/www.accuratereviews.com\\\/it\\\/software-disinfestazioni\\\/tradify-recensione\\\/\"]}]},{\"@type\":\"ImageObject\",\"inLanguage\":\"it-IT\",\"@id\":\"https:\\\/\\\/www.accuratereviews.com\\\/it\\\/software-disinfestazioni\\\/tradify-recensione\\\/#primaryimage\",\"url\":\"https:\\\/\\\/www.accuratereviews.com\\\/wp-content\\\/uploads\\\/2024\\\/09\\\/tradify.webp\",\"contentUrl\":\"https:\\\/\\\/www.accuratereviews.com\\\/wp-content\\\/uploads\\\/2024\\\/09\\\/tradify.webp\",\"width\":240,\"height\":240},{\"@type\":\"BreadcrumbList\",\"@id\":\"https:\\\/\\\/www.accuratereviews.com\\\/it\\\/software-disinfestazioni\\\/tradify-recensione\\\/#breadcrumb\",\"itemListElement\":[{\"@type\":\"ListItem\",\"position\":1,\"name\":\"Home\",\"item\":\"https:\\\/\\\/www.accuratereviews.com\\\/it\\\/\"},{\"@type\":\"ListItem\",\"position\":2,\"name\":\"Software per le disinfestazioni\",\"item\":\"https:\\\/\\\/www.accuratereviews.com\\\/it\\\/software-disinfestazioni\\\/\"},{\"@type\":\"ListItem\",\"position\":3,\"name\":\"Tradify\"}]},{\"@type\":\"WebSite\",\"@id\":\"https:\\\/\\\/www.accuratereviews.com\\\/it\\\/#website\",\"url\":\"https:\\\/\\\/www.accuratereviews.com\\\/it\\\/\",\"name\":\"Accurate Reviews\",\"description\":\"\",\"potentialAction\":[{\"@type\":\"SearchAction\",\"target\":{\"@type\":\"EntryPoint\",\"urlTemplate\":\"https:\\\/\\\/www.accuratereviews.com\\\/it\\\/?s={search_term_string}\"},\"query-input\":{\"@type\":\"PropertyValueSpecification\",\"valueRequired\":true,\"valueName\":\"search_term_string\"}}],\"inLanguage\":\"it-IT\"}]}<\/script>\n<!-- \/ Yoast SEO plugin. -->","yoast_head_json":{"title":"Tradify: recensione software per disinfestazione - Accurate Reviews","description":"Tradify: recensione software di gestione dei lavori che aiuta a monitorare e gestire i lavori dal preventivo alla fattura, in tempo reale.","robots":{"index":"index","follow":"follow","max-snippet":"max-snippet:-1","max-image-preview":"max-image-preview:large","max-video-preview":"max-video-preview:-1"},"canonical":"https:\/\/www.accuratereviews.com\/it\/software-disinfestazioni\/tradify-recensione\/","og_locale":"it_IT","og_type":"article","og_title":"Tradify: recensione software per disinfestazione - Accurate Reviews","og_description":"Tradify: recensione software di gestione dei lavori che aiuta a monitorare e gestire i lavori dal preventivo alla fattura, in tempo reale.","og_url":"https:\/\/www.accuratereviews.com\/it\/software-disinfestazioni\/tradify-recensione\/","og_site_name":"Accurate Reviews","og_image":[{"width":240,"height":240,"url":"https:\/\/www.accuratereviews.com\/wp-content\/uploads\/2024\/09\/tradify.webp","type":"image\/webp"}],"twitter_card":"summary_large_image","twitter_misc":{"Tempo di lettura stimato":"6 minuti"},"schema":{"@context":"https:\/\/schema.org","@graph":[{"@type":"WebPage","@id":"https:\/\/www.accuratereviews.com\/it\/software-disinfestazioni\/tradify-recensione\/","url":"https:\/\/www.accuratereviews.com\/it\/software-disinfestazioni\/tradify-recensione\/","name":"Tradify: recensione software per disinfestazione - Accurate Reviews","isPartOf":{"@id":"https:\/\/www.accuratereviews.com\/it\/#website"},"primaryImageOfPage":{"@id":"https:\/\/www.accuratereviews.com\/it\/software-disinfestazioni\/tradify-recensione\/#primaryimage"},"image":{"@id":"https:\/\/www.accuratereviews.com\/it\/software-disinfestazioni\/tradify-recensione\/#primaryimage"},"thumbnailUrl":"https:\/\/www.accuratereviews.com\/wp-content\/uploads\/2024\/09\/tradify.webp","datePublished":"2024-09-12T12:36:35+00:00","description":"Tradify: recensione software di gestione dei lavori che aiuta a monitorare e gestire i lavori dal preventivo alla fattura, in tempo reale.","breadcrumb":{"@id":"https:\/\/www.accuratereviews.com\/it\/software-disinfestazioni\/tradify-recensione\/#breadcrumb"},"inLanguage":"it-IT","potentialAction":[{"@type":"ReadAction","target":["https:\/\/www.accuratereviews.com\/it\/software-disinfestazioni\/tradify-recensione\/"]}]},{"@type":"ImageObject","inLanguage":"it-IT","@id":"https:\/\/www.accuratereviews.com\/it\/software-disinfestazioni\/tradify-recensione\/#primaryimage","url":"https:\/\/www.accuratereviews.com\/wp-content\/uploads\/2024\/09\/tradify.webp","contentUrl":"https:\/\/www.accuratereviews.com\/wp-content\/uploads\/2024\/09\/tradify.webp","width":240,"height":240},{"@type":"BreadcrumbList","@id":"https:\/\/www.accuratereviews.com\/it\/software-disinfestazioni\/tradify-recensione\/#breadcrumb","itemListElement":[{"@type":"ListItem","position":1,"name":"Home","item":"https:\/\/www.accuratereviews.com\/it\/"},{"@type":"ListItem","position":2,"name":"Software per le disinfestazioni","item":"https:\/\/www.accuratereviews.com\/it\/software-disinfestazioni\/"},{"@type":"ListItem","position":3,"name":"Tradify"}]},{"@type":"WebSite","@id":"https:\/\/www.accuratereviews.com\/it\/#website","url":"https:\/\/www.accuratereviews.com\/it\/","name":"Accurate Reviews","description":"","potentialAction":[{"@type":"SearchAction","target":{"@type":"EntryPoint","urlTemplate":"https:\/\/www.accuratereviews.com\/it\/?s={search_term_string}"},"query-input":{"@type":"PropertyValueSpecification","valueRequired":true,"valueName":"search_term_string"}}],"inLanguage":"it-IT"}]}},"_links":{"self":[{"href":"https:\/\/www.accuratereviews.com\/it\/wp-json\/wp\/v2\/pages\/78794","targetHints":{"allow":["GET"]}}],"collection":[{"href":"https:\/\/www.accuratereviews.com\/it\/wp-json\/wp\/v2\/pages"}],"about":[{"href":"https:\/\/www.accuratereviews.com\/it\/wp-json\/wp\/v2\/types\/page"}],"author":[{"embeddable":true,"href":"https:\/\/www.accuratereviews.com\/it\/wp-json\/wp\/v2\/users\/19"}],"replies":[{"embeddable":true,"href":"https:\/\/www.accuratereviews.com\/it\/wp-json\/wp\/v2\/comments?post=78794"}],"version-history":[{"count":10,"href":"https:\/\/www.accuratereviews.com\/it\/wp-json\/wp\/v2\/pages\/78794\/revisions"}],"predecessor-version":[{"id":78810,"href":"https:\/\/www.accuratereviews.com\/it\/wp-json\/wp\/v2\/pages\/78794\/revisions\/78810"}],"up":[{"embeddable":true,"href":"https:\/\/www.accuratereviews.com\/it\/wp-json\/wp\/v2\/pages\/39847"}],"wp:featuredmedia":[{"embeddable":true,"href":"https:\/\/www.accuratereviews.com\/it\/wp-json\/wp\/v2\/media\/78795"}],"wp:attachment":[{"href":"https:\/\/www.accuratereviews.com\/it\/wp-json\/wp\/v2\/media?parent=78794"}],"wp:term":[{"taxonomy":"category","embeddable":true,"href":"https:\/\/www.accuratereviews.com\/it\/wp-json\/wp\/v2\/categories?post=78794"},{"taxonomy":"post_tag","embeddable":true,"href":"https:\/\/www.accuratereviews.com\/it\/wp-json\/wp\/v2\/tags?post=78794"},{"taxonomy":"features","embeddable":true,"href":"https:\/\/www.accuratereviews.com\/it\/wp-json\/wp\/v2\/features?post=78794"}],"curies":[{"name":"wp","href":"https:\/\/api.w.org\/{rel}","templated":true}]}}