{"id":78821,"date":"2024-09-13T14:52:54","date_gmt":"2024-09-13T14:52:54","guid":{"rendered":"https:\/\/www.accuratereviews.com\/?page_id=78821"},"modified":"2024-09-16T09:39:34","modified_gmt":"2024-09-16T09:39:34","slug":"lawnpro-recensione","status":"publish","type":"page","link":"https:\/\/www.accuratereviews.com\/it\/software-disinfestazioni\/lawnpro-recensione\/","title":{"rendered":"LawnPro"},"content":{"rendered":"<p><strong>LawnPro<\/strong> \u00e8 un <strong>software per la cura del prato e per la disinfestazione,<\/strong> basato su <strong>cloud,<\/strong> che aiuta le aziende a gestire le operazioni amministrative e a comunicare con clienti e dipendenti tramite messaggi di testo. Consente agli utenti di gestire pi\u00f9 propriet\u00e0, stampare fatture, ricevere pagamenti online dai clienti tramite carte di credito e monitorare la manutenzione delle attrezzature impostando promemoria di servizio.<br \/>\n<strong>LawnPro<\/strong> supporta le aziende di giardinaggio a monitorare le spese una tantum o ricorrenti in una piattaforma unificata, visualizzare le spese in base a data, categoria, fornitore, attrezzatura e altri filtri, stampare report di fine anno e aggiungere i dettagli dei clienti ai programmi di invio dei dipendenti. Gli utenti possono notificare ai membri dello staff le modifiche ai programmi di lavoro e utilizzare <strong>l&#8217;interfaccia drag-and-drop<\/strong> per organizzare e visualizzare le visite in loco sul calendario. Gli amministratori possono creare pi\u00f9 account utente per i dipendenti, fornire credenziali di accesso, configurare le autorizzazioni di accesso in base ai ruoli lavorativi e inviare automaticamente fatture ai clienti tramite e-mail o messaggi di testo.<\/p>\n<h2>LAWNPRO &#8211; TUTORIAL<\/h2>\n<div id=\"fluid-wrapper-counter-1\" class=\"g1-fluid-wrapper \" style=\"width:686px;\">\n<div style=\"padding-bottom:56.268221574344%;\"><iframe loading=\"lazy\" title=\"1A   LAWNPRO LAYOUT + MODULES A\" width=\"686\" height=\"386\" src=\"https:\/\/www.youtube.com\/embed\/gytR9hip4ZE?list=PLySffZ7YBnOUpirSyDtx9_aSQK2dYnyFw\" frameborder=\"0\" allow=\"accelerometer; autoplay; clipboard-write; encrypted-media; gyroscope; picture-in-picture; web-share\" referrerpolicy=\"strict-origin-when-cross-origin\" allowfullscreen><\/iframe><\/div>\n<\/div>\n<h3>LAWNPRO &#8211; CARATTERISTICHE<\/h3>\n<ul>\n<li><strong>Dashboard informativa<\/strong>: guarda a colpo d&#8217;occhio quanto guadagnerai nei prossimi 7 giorni, quanti nuovi clienti hai aggiunto e molto altro.<\/li>\n<li><strong>Fatture e preventivi<\/strong>: inserisci il logo della tua attivit\u00e0 su fatture e preventivi. Aggiungi un messaggio personalizzato a fatture e preventivi, come termini di pagamento o una nota rapida.<\/li>\n<li><strong>Trasforma i preventivi in \u200b\u200bfatture con un clic<\/strong>: pianifica una visita automaticamente quando un preventivo viene accettato. Invia automaticamente messaggi di testo o e-mail di follow-up se un cliente non ha risposto a un preventivo.<\/li>\n<li><strong>Ricevi i pagamenti pi\u00f9 velocemente online<\/strong>: salva e addebita le carte di credito dei clienti, tutto in un&#8217;unica schermata. Accetta pagamenti online per le fatture. I tuoi clienti possono pagare depositi per il lavoro da svolgere e altro ancora. Salva le informazioni della carta di credito del cliente sul suo profilo. Ci\u00f2 ti consente di addebitare la sua carta ogni mese o non appena il lavoro \u00e8 completato.<\/li>\n<li><strong>Misura e stima i prezzi per qualsiasi propriet\u00e0<\/strong>: salva le dimensioni e i prezzi nel profilo della propriet\u00e0! Misura qualsiasi propriet\u00e0 in pochi secondi senza doverla visitare! Salva le misure della propriet\u00e0, dei letti di pacciamatura, della recinzione e altro ancora.<\/li>\n<li><strong>Allega immagini prima e dopo le visite<\/strong>: grazie alla possibilit\u00e0 di allegare immagini e qualsiasi documento, puoi aggiungere foto a una fattura per i clienti che richiedono una prova di manodopera. Questa \u00e8 diventata una necessit\u00e0 crescente con le propriet\u00e0 delle banche. Puoi anche allegare coupon, carte regalo o qualsiasi altra immagine\/documento che scegli di caricare&#8230;<\/li>\n<li><strong>Portale clienti e area di accesso<\/strong>: i clienti possono visualizzare e pagare fatture online, visualizzare e approvare preventivi, richiedere un servizio presso la loro propriet\u00e0 e altro ancora. Accedono semplicemente cliccando su un collegamento sul tuo sito Web o utilizzando un collegamento incluso in tutte le fatture che invii loro tramite email o sms.<\/li>\n<li><strong>Invia sms a clienti, squadre e dipendenti<\/strong>: crea elenchi personalizzati di clienti a cui inviare sms in base ai giorni in cui sarai l\u00ec, ai servizi che offri e altro ancora.<\/li>\n<li><strong>Mappe e percorsi<\/strong>: il tuo programma e i tuoi percorsi vengono aggiornati in tempo reale. Fai clic su qualsiasi evento per ottenere indicazioni stradali passo passo o fai clic per chiamare il cliente.<\/li>\n<li><strong>Clienti e propriet\u00e0<\/strong>: la soluzione tiene traccia di ogni propriet\u00e0 separatamente! Imposta un servizio o un servizio predefinito con il suo prezzo per ogni propriet\u00e0. Scegli di fatturare le propriet\u00e0 separatamente o tutte in un&#8217;unica fattura.<\/li>\n<\/ul>\n<h4>LE RECENSIONI DEGLI UTENTI<\/h4>\n<p><strong>Geoff &#8220;Fantastico per le piccole imprese che non possono permettersi un sistema completo&#8221;<\/strong><br \/>\n<strong>Commenti<\/strong>: L&#8217;esperienza \u00e8 stata fantastica, la curva di apprendimento non \u00e8 stata male<br \/>\n<strong>Pro<\/strong>: L&#8217;opzione gratuita \u00e8 fantastica per la nostra piccola azienda, un vero punto di svolta che apprezziamo immensamente<br \/>\n<strong>Contro<\/strong>: Vorrei che potessimo inviare le fatture a un&#8217;email diversa da quella associata all&#8217;account cliente per gli avvisi di pianificazione. Alcuni clienti hanno pi\u00f9 propriet\u00e0 che necessitano di un avviso di pianificazione email separato.<\/p>\n<p><strong>Elizabeth &#8220;Ottimo software&#8221;<\/strong><br \/>\n<strong>Commenti<\/strong>: Ho avuto un&#8217;esperienza complessivamente ottima utilizzando LawnPro<br \/>\n<strong>Pro<\/strong>: La funzione di fatturazione \u00e8 la migliore. Quando abbiamo iniziato, cercavamo qualcosa per fatturare i nostri clienti, ma non troppo costoso. LawnPro offriva una versione gratuita. Ero grato per questa offerta perch\u00e9 quando abbiamo iniziato non avevamo grandi entrate in entrata. Ci ha aiutato a rimetterci in piedi senza preoccuparci di una bolletta extra.<br \/>\n<strong>Contro<\/strong>: A volte devo capire come usare la funzionalit\u00e0. Per lo pi\u00f9 \u00e8 intuitiva, ma a volte ci vuole un minuto per capire la funzionalit\u00e0.<\/p>\n<p><strong>Chris &#8220;Ottimo programma&#8221;<\/strong><br \/>\n<strong>Commenti<\/strong>: Ottimo, il servizio clienti \u00e8 stato ottimo<br \/>\n<strong>Pro<\/strong>: Adoro tutte le diverse funzionalit\u00e0 del programma, molto facile da usare<br \/>\n<strong>Contro<\/strong>: Una cosa che vorrei vedere cambiata \u00e8 la pagina dell&#8217;applicazione (per le propriet\u00e0 di spruzzatura): se non dovessimo inserire la propriet\u00e0 e potessimo farlo solo tramite il nome del cliente, sarebbe pi\u00f9 facile.<\/p>\n","protected":false},"excerpt":{"rendered":"<p>LawnPro \u00e8 un software per la cura del prato e per la disinfestazione, basato su cloud, che aiuta le aziende a gestire le operazioni amministrative e a comunicare con clienti e dipendenti tramite messaggi di testo. Consente agli utenti di gestire pi\u00f9 propriet\u00e0, stampare fatture, ricevere pagamenti online dai clienti tramite carte di credito e monitorare la manutenzione delle attrezzature impostando promemoria di servizio.<\/p>\n","protected":false},"author":19,"featured_media":78823,"parent":39847,"menu_order":0,"comment_status":"open","ping_status":"closed","template":"g1_template_page_review_new.php","meta":{"_acf_changed":false,"cwp_meta_box_check":"No","cwp_rev_product_name":"","cwp_rev_product_image":"","wppr_links":[],"cwp_rev_price":"","wppr_options":[],"wppr_pros":[],"wppr_cons":[],"_monsterinsights_skip_tracking":false,"_monsterinsights_sitenote_active":false,"_monsterinsights_sitenote_note":"","_monsterinsights_sitenote_category":0,"footnotes":""},"categories":[5626],"tags":[5917,15257,5658,5649,5647,5648],"features":[],"class_list":{"0":"post-78821","1":"page","2":"type-page","3":"status-publish","4":"has-post-thumbnail","6":"category-software-disinfestazioni-categoria","7":"tag-disinfestazione","8":"tag-lawnpro","9":"tag-piattaforma-per-disinfestazione","10":"tag-programma-per-disinfestazione","11":"tag-software-per-disinfestazione","12":"tag-soluzione-per-disinfestazione"},"wppr_data":{"cwp_meta_box_check":"No"},"acf":[],"yoast_head":"<!-- This site is optimized with the Yoast SEO plugin v27.4 - https:\/\/yoast.com\/product\/yoast-seo-wordpress\/ -->\n<title>LawnPro: recensione software per disinfestazione - Accurate Reviews<\/title>\n<meta name=\"description\" content=\"LawnPro: recensione software che aiuta le aziende a gestire le operazioni amministrative e a comunicare con i clienti.\" \/>\n<meta name=\"robots\" content=\"index, follow, max-snippet:-1, max-image-preview:large, max-video-preview:-1\" \/>\n<link rel=\"canonical\" href=\"https:\/\/www.accuratereviews.com\/it\/software-disinfestazioni\/lawnpro-recensione\/\" \/>\n<meta property=\"og:locale\" content=\"it_IT\" \/>\n<meta property=\"og:type\" content=\"article\" \/>\n<meta property=\"og:title\" content=\"LawnPro: recensione software per disinfestazione - Accurate Reviews\" \/>\n<meta property=\"og:description\" content=\"LawnPro: recensione software che aiuta le aziende a gestire le operazioni amministrative e a comunicare con i clienti.\" \/>\n<meta property=\"og:url\" content=\"https:\/\/www.accuratereviews.com\/it\/software-disinfestazioni\/lawnpro-recensione\/\" \/>\n<meta property=\"og:site_name\" content=\"Accurate Reviews\" \/>\n<meta property=\"article:modified_time\" content=\"2024-09-16T09:39:34+00:00\" \/>\n<meta property=\"og:image\" content=\"https:\/\/www.accuratereviews.com\/wp-content\/uploads\/2024\/09\/LawnPro.png\" \/>\n\t<meta property=\"og:image:width\" content=\"561\" \/>\n\t<meta property=\"og:image:height\" content=\"238\" \/>\n\t<meta property=\"og:image:type\" content=\"image\/png\" \/>\n<meta name=\"twitter:card\" content=\"summary_large_image\" \/>\n<meta name=\"twitter:label1\" content=\"Tempo di lettura stimato\" \/>\n\t<meta name=\"twitter:data1\" content=\"6 minuti\" \/>\n<script type=\"application\/ld+json\" class=\"yoast-schema-graph\">{\"@context\":\"https:\\\/\\\/schema.org\",\"@graph\":[{\"@type\":\"WebPage\",\"@id\":\"https:\\\/\\\/www.accuratereviews.com\\\/it\\\/software-disinfestazioni\\\/lawnpro-recensione\\\/\",\"url\":\"https:\\\/\\\/www.accuratereviews.com\\\/it\\\/software-disinfestazioni\\\/lawnpro-recensione\\\/\",\"name\":\"LawnPro: recensione software per disinfestazione - Accurate Reviews\",\"isPartOf\":{\"@id\":\"https:\\\/\\\/www.accuratereviews.com\\\/it\\\/#website\"},\"primaryImageOfPage\":{\"@id\":\"https:\\\/\\\/www.accuratereviews.com\\\/it\\\/software-disinfestazioni\\\/lawnpro-recensione\\\/#primaryimage\"},\"image\":{\"@id\":\"https:\\\/\\\/www.accuratereviews.com\\\/it\\\/software-disinfestazioni\\\/lawnpro-recensione\\\/#primaryimage\"},\"thumbnailUrl\":\"https:\\\/\\\/www.accuratereviews.com\\\/wp-content\\\/uploads\\\/2024\\\/09\\\/LawnPro.png\",\"datePublished\":\"2024-09-13T14:52:54+00:00\",\"dateModified\":\"2024-09-16T09:39:34+00:00\",\"description\":\"LawnPro: recensione software che aiuta le aziende a gestire le operazioni amministrative e a comunicare con i clienti.\",\"breadcrumb\":{\"@id\":\"https:\\\/\\\/www.accuratereviews.com\\\/it\\\/software-disinfestazioni\\\/lawnpro-recensione\\\/#breadcrumb\"},\"inLanguage\":\"it-IT\",\"potentialAction\":[{\"@type\":\"ReadAction\",\"target\":[\"https:\\\/\\\/www.accuratereviews.com\\\/it\\\/software-disinfestazioni\\\/lawnpro-recensione\\\/\"]}]},{\"@type\":\"ImageObject\",\"inLanguage\":\"it-IT\",\"@id\":\"https:\\\/\\\/www.accuratereviews.com\\\/it\\\/software-disinfestazioni\\\/lawnpro-recensione\\\/#primaryimage\",\"url\":\"https:\\\/\\\/www.accuratereviews.com\\\/wp-content\\\/uploads\\\/2024\\\/09\\\/LawnPro.png\",\"contentUrl\":\"https:\\\/\\\/www.accuratereviews.com\\\/wp-content\\\/uploads\\\/2024\\\/09\\\/LawnPro.png\",\"width\":561,\"height\":238},{\"@type\":\"BreadcrumbList\",\"@id\":\"https:\\\/\\\/www.accuratereviews.com\\\/it\\\/software-disinfestazioni\\\/lawnpro-recensione\\\/#breadcrumb\",\"itemListElement\":[{\"@type\":\"ListItem\",\"position\":1,\"name\":\"Home\",\"item\":\"https:\\\/\\\/www.accuratereviews.com\\\/it\\\/\"},{\"@type\":\"ListItem\",\"position\":2,\"name\":\"Software per le disinfestazioni\",\"item\":\"https:\\\/\\\/www.accuratereviews.com\\\/it\\\/software-disinfestazioni\\\/\"},{\"@type\":\"ListItem\",\"position\":3,\"name\":\"LawnPro\"}]},{\"@type\":\"WebSite\",\"@id\":\"https:\\\/\\\/www.accuratereviews.com\\\/it\\\/#website\",\"url\":\"https:\\\/\\\/www.accuratereviews.com\\\/it\\\/\",\"name\":\"Accurate Reviews\",\"description\":\"\",\"potentialAction\":[{\"@type\":\"SearchAction\",\"target\":{\"@type\":\"EntryPoint\",\"urlTemplate\":\"https:\\\/\\\/www.accuratereviews.com\\\/it\\\/?s={search_term_string}\"},\"query-input\":{\"@type\":\"PropertyValueSpecification\",\"valueRequired\":true,\"valueName\":\"search_term_string\"}}],\"inLanguage\":\"it-IT\"}]}<\/script>\n<!-- \/ Yoast SEO plugin. -->","yoast_head_json":{"title":"LawnPro: recensione software per disinfestazione - Accurate Reviews","description":"LawnPro: recensione software che aiuta le aziende a gestire le operazioni amministrative e a comunicare con i clienti.","robots":{"index":"index","follow":"follow","max-snippet":"max-snippet:-1","max-image-preview":"max-image-preview:large","max-video-preview":"max-video-preview:-1"},"canonical":"https:\/\/www.accuratereviews.com\/it\/software-disinfestazioni\/lawnpro-recensione\/","og_locale":"it_IT","og_type":"article","og_title":"LawnPro: recensione software per disinfestazione - Accurate Reviews","og_description":"LawnPro: recensione software che aiuta le aziende a gestire le operazioni amministrative e a comunicare con i clienti.","og_url":"https:\/\/www.accuratereviews.com\/it\/software-disinfestazioni\/lawnpro-recensione\/","og_site_name":"Accurate Reviews","article_modified_time":"2024-09-16T09:39:34+00:00","og_image":[{"width":561,"height":238,"url":"https:\/\/www.accuratereviews.com\/wp-content\/uploads\/2024\/09\/LawnPro.png","type":"image\/png"}],"twitter_card":"summary_large_image","twitter_misc":{"Tempo di lettura stimato":"6 minuti"},"schema":{"@context":"https:\/\/schema.org","@graph":[{"@type":"WebPage","@id":"https:\/\/www.accuratereviews.com\/it\/software-disinfestazioni\/lawnpro-recensione\/","url":"https:\/\/www.accuratereviews.com\/it\/software-disinfestazioni\/lawnpro-recensione\/","name":"LawnPro: recensione software per disinfestazione - Accurate Reviews","isPartOf":{"@id":"https:\/\/www.accuratereviews.com\/it\/#website"},"primaryImageOfPage":{"@id":"https:\/\/www.accuratereviews.com\/it\/software-disinfestazioni\/lawnpro-recensione\/#primaryimage"},"image":{"@id":"https:\/\/www.accuratereviews.com\/it\/software-disinfestazioni\/lawnpro-recensione\/#primaryimage"},"thumbnailUrl":"https:\/\/www.accuratereviews.com\/wp-content\/uploads\/2024\/09\/LawnPro.png","datePublished":"2024-09-13T14:52:54+00:00","dateModified":"2024-09-16T09:39:34+00:00","description":"LawnPro: recensione software che aiuta le aziende a gestire le operazioni amministrative e a comunicare con i clienti.","breadcrumb":{"@id":"https:\/\/www.accuratereviews.com\/it\/software-disinfestazioni\/lawnpro-recensione\/#breadcrumb"},"inLanguage":"it-IT","potentialAction":[{"@type":"ReadAction","target":["https:\/\/www.accuratereviews.com\/it\/software-disinfestazioni\/lawnpro-recensione\/"]}]},{"@type":"ImageObject","inLanguage":"it-IT","@id":"https:\/\/www.accuratereviews.com\/it\/software-disinfestazioni\/lawnpro-recensione\/#primaryimage","url":"https:\/\/www.accuratereviews.com\/wp-content\/uploads\/2024\/09\/LawnPro.png","contentUrl":"https:\/\/www.accuratereviews.com\/wp-content\/uploads\/2024\/09\/LawnPro.png","width":561,"height":238},{"@type":"BreadcrumbList","@id":"https:\/\/www.accuratereviews.com\/it\/software-disinfestazioni\/lawnpro-recensione\/#breadcrumb","itemListElement":[{"@type":"ListItem","position":1,"name":"Home","item":"https:\/\/www.accuratereviews.com\/it\/"},{"@type":"ListItem","position":2,"name":"Software per le disinfestazioni","item":"https:\/\/www.accuratereviews.com\/it\/software-disinfestazioni\/"},{"@type":"ListItem","position":3,"name":"LawnPro"}]},{"@type":"WebSite","@id":"https:\/\/www.accuratereviews.com\/it\/#website","url":"https:\/\/www.accuratereviews.com\/it\/","name":"Accurate Reviews","description":"","potentialAction":[{"@type":"SearchAction","target":{"@type":"EntryPoint","urlTemplate":"https:\/\/www.accuratereviews.com\/it\/?s={search_term_string}"},"query-input":{"@type":"PropertyValueSpecification","valueRequired":true,"valueName":"search_term_string"}}],"inLanguage":"it-IT"}]}},"_links":{"self":[{"href":"https:\/\/www.accuratereviews.com\/it\/wp-json\/wp\/v2\/pages\/78821","targetHints":{"allow":["GET"]}}],"collection":[{"href":"https:\/\/www.accuratereviews.com\/it\/wp-json\/wp\/v2\/pages"}],"about":[{"href":"https:\/\/www.accuratereviews.com\/it\/wp-json\/wp\/v2\/types\/page"}],"author":[{"embeddable":true,"href":"https:\/\/www.accuratereviews.com\/it\/wp-json\/wp\/v2\/users\/19"}],"replies":[{"embeddable":true,"href":"https:\/\/www.accuratereviews.com\/it\/wp-json\/wp\/v2\/comments?post=78821"}],"version-history":[{"count":10,"href":"https:\/\/www.accuratereviews.com\/it\/wp-json\/wp\/v2\/pages\/78821\/revisions"}],"predecessor-version":[{"id":78860,"href":"https:\/\/www.accuratereviews.com\/it\/wp-json\/wp\/v2\/pages\/78821\/revisions\/78860"}],"up":[{"embeddable":true,"href":"https:\/\/www.accuratereviews.com\/it\/wp-json\/wp\/v2\/pages\/39847"}],"wp:featuredmedia":[{"embeddable":true,"href":"https:\/\/www.accuratereviews.com\/it\/wp-json\/wp\/v2\/media\/78823"}],"wp:attachment":[{"href":"https:\/\/www.accuratereviews.com\/it\/wp-json\/wp\/v2\/media?parent=78821"}],"wp:term":[{"taxonomy":"category","embeddable":true,"href":"https:\/\/www.accuratereviews.com\/it\/wp-json\/wp\/v2\/categories?post=78821"},{"taxonomy":"post_tag","embeddable":true,"href":"https:\/\/www.accuratereviews.com\/it\/wp-json\/wp\/v2\/tags?post=78821"},{"taxonomy":"features","embeddable":true,"href":"https:\/\/www.accuratereviews.com\/it\/wp-json\/wp\/v2\/features?post=78821"}],"curies":[{"name":"wp","href":"https:\/\/api.w.org\/{rel}","templated":true}]}}