{"id":78845,"date":"2024-09-16T11:35:44","date_gmt":"2024-09-16T11:35:44","guid":{"rendered":"https:\/\/www.accuratereviews.com\/?page_id=78845"},"modified":"2024-09-16T11:35:44","modified_gmt":"2024-09-16T11:35:44","slug":"commusoft-recensione","status":"publish","type":"page","link":"https:\/\/www.accuratereviews.com\/it\/software-disinfestazioni\/commusoft-recensione\/","title":{"rendered":"Commusoft"},"content":{"rendered":"<p><strong>Commusoft<\/strong> \u00e8 una <strong>piattaforma gestionale<\/strong> che rafforza il tuo team offrendo licenze giornaliere per subappaltatori, contratti di servizio avanzati, PPM e una buona capacit\u00e0 SLA. Il portale self-service personalizzato offre ai clienti accesso in tempo reale a preventivi, fatture e report di lavoro, riducendo le attivit\u00e0 amministrative. La fatturazione personalizzata e le soluzioni di pagamento integrate accelerano il tuo flusso di cassa.<br \/>\n<strong>Commusoft <\/strong>consente agli utenti di archiviare e gestire i contatti dei clienti, inclusi i dettagli delle loro risorse come marca, modello, numero di serie e altro ancora. Gli utenti possono impostare email di promemoria automatiche, messaggi SMS e lettere da inviare ogni volta che \u00e8 necessario un intervento.<\/p>\n<h2>COMMUSOFT &#8211; TUTORIAL<\/h2>\n<div id=\"fluid-wrapper-counter-1\" class=\"g1-fluid-wrapper \" style=\"width:686px;\">\n<div style=\"padding-bottom:56.268221574344%;\"><iframe loading=\"lazy\" title=\"Simplify Payment for Your Customers!\" width=\"686\" height=\"386\" src=\"https:\/\/www.youtube.com\/embed\/o2Ka5zwvAwg?feature=oembed&amp;wmode=transparent&amp;autohide=1&amp;autoplay=0&amp;disablekb=0&amp;fs=1&amp;loop=0&amp;enablejsapi=1&amp;rel=0&amp;controls=2&amp;showinfo=0&amp;wmode=transparent&amp;autohide=2&amp;autoplay=0&amp;disablekb=0&amp;fs=1&amp;loop=0&amp;enablejsapi=1&amp;rel=0&amp;controls=2&amp;showinfo=1\" frameborder=\"0\" allow=\"accelerometer; autoplay; clipboard-write; encrypted-media; gyroscope; picture-in-picture; web-share\" referrerpolicy=\"strict-origin-when-cross-origin\" allowfullscreen><\/iframe><\/div>\n<\/div>\n<h3>COMMUSOFT &#8211; CARATTERISTICHE<\/h3>\n<ul>\n<li><strong>Ordini di lavoro<\/strong>: gestisci gli ordini di lavoro dalla prenotazione al completamento.<\/li>\n<li><strong>Programmazione dei lavori<\/strong>: pianifica gli appuntamenti con un trascinamento della selezione e un&#8217;ottimizzazione intelligente del percorso.<\/li>\n<li><strong>Prenotazione online<\/strong>: consenti ai clienti di prenotare lavori e servizi online e di inviarli al tuo team.<\/li>\n<li><strong>Gestisci delle risorse<\/strong>: tieni un registro di tutte le risorse in una propriet\u00e0, inclusi tipo, modello e cronologia.<\/li>\n<li><strong>Contratti di assistenza<\/strong>: organizza contratti di assistenza, PPM e SLA per rimanere organizzato e conforme.<\/li>\n<li><strong>App mobile<\/strong>: l&#8217;app iOS e Android mette la gestione dei lavori nelle mani dei tuoi tecnici.<\/li>\n<li><strong>Tracciamento dei veicoli<\/strong>: guarda dove stanno andando i tuoi veicoli e dove sono stati, tutto in tempo reale.<\/li>\n<li><strong>Moduli personalizzati<\/strong>: genera certificati con marchio e moduli personalizzati per una variet\u00e0 di utilizzi.<\/li>\n<li><strong>Fogli presenze<\/strong>: consenti ai tecnici di registrare l&#8217;ingresso e l&#8217;uscita per registrare fogli presenze precisi.<\/li>\n<li><strong>Database clienti<\/strong>: organizza i record dei clienti in un unico database per una vista a 360\u00b0.<\/li>\n<li><strong>Promemoria di assistenza<\/strong>: invia automaticamente promemoria di assistenza per aumentare le entrate ricorrenti.<\/li>\n<li><strong>Avvisi e notifiche<\/strong>: tieni aggiornati i clienti con avvisi e notifiche automatizzati.<\/li>\n<li><strong>Portale di monitoraggio tecnico<\/strong>: consenti ai clienti di monitorare la posizione dei tecnici che si recano a un lavoro.<\/li>\n<li><strong>Portale clienti<\/strong>: offri ai clienti accesso 24 ore su 24, 7 giorni su 7 ad appuntamenti, fatture e moduli.<\/li>\n<li><strong>Sistema VOIP (Beta)<\/strong>: collega il tuo attuale sistema telefonico VoIP per offrire un servizio clienti migliore.<\/li>\n<li><strong>Gestione dei componenti:<\/strong> registra ogni componente utilizzato dal tuo team con dettagli chiave come foto e prezzi.<\/li>\n<li><strong>Fornitori e ordini di acquisto<\/strong>: crea un database di fornitori, crea ordini di acquisto e monitora i pagamenti.<\/li>\n<li><strong>Inventario:<\/strong> un sistema multi-sede ti fornisce lo stato e la quantit\u00e0 del tuo stock.<\/li>\n<li><strong>Fatturazione<\/strong>: le fatture professionali possono essere generate dai tecnici, dall&#8217;ufficio o automaticamente.<\/li>\n<li><strong>Pagamenti:<\/strong> riscuoti facilmente i pagamenti online, sul campo e dall&#8217;ufficio.<\/li>\n<li><strong>Report e dashboard<\/strong>: tieni traccia dei dati e delle metriche aziendali per aiutare la tua attivit\u00e0 a crescere.<\/li>\n<li><strong>Costi del lavoro<\/strong>: assegna un prezzo accurato monitorando i costi per lavoro per manodopera, viaggi e componenti.<\/li>\n<\/ul>\n<h4>LE RECENSIONI DEGLI UTENTI<\/h4>\n<p><strong>Sam &#8220;Porta la tua attivit\u00e0 al livello successivo&#8221;<\/strong><br \/>\n<strong>Commenti<\/strong>: Commusoft ha trasformato la mia attivit\u00e0 e ci ha fatto risparmiare innumerevoli ore di tempo amministrativo. Senza dubbio questo software ci ha fatto risparmiare denaro e ci ha persino aiutato a espanderci come attivit\u00e0. \u00c8 anche emozionante perch\u00e9 si sforzano sempre di migliorare il software con nuove funzionalit\u00e0 e aggiornamenti, quindi \u00e8 davvero bello far parte anche del loro percorso.<br \/>\n<strong>Pro<\/strong>: Un software intuitivo che, una volta installato e funzionante, consente di avere tutto in un unico posto, il che \u00e8 di grande aiuto per rimanere organizzati e poter accedere alla cronologia dei lavori con pochi clic.<br \/>\n<strong>Contro<\/strong>: La mia unica lamentela \u00e8 che non abbiamo assistenza telefonica per il nostro pacchetto e penso che dovrebbe essere disponibile per tutti i clienti, ma abbiamo solo assistenza via email e, a meno che non ci fossero problemi pi\u00f9 complicati, prendono accordi per chiamarci.<\/p>\n<p><strong>Dominic &#8220;Clienti soddisfatti e fa il suo lavoro&#8221;<\/strong><br \/>\n<strong>Pro<\/strong>: Facile da usare, in grado di inserire molte informazioni, tra cui allegare file PDF e file JPEG ai record. Invia e-mail direttamente dal sistema e registra tutte le informazioni inviate. In grado di inviare messaggi di testo a ingegneri e clienti. Pu\u00f2 vedere vecchi record di lavori precedenti.<br \/>\n<strong>Contro<\/strong>: Alcune funzionalit\u00e0 non vengono visualizzate nei fogli di lavoro, ad esempio la posizione di determinati elettrodomestici, l&#8217;impossibilit\u00e0 di aggiungere certificati se la fattura \u00e8 gi\u00e0 stata emessa. Impossibile chiamare qualcuno al supporto Commosoft perch\u00e9 tutto viene fatto via e-mail a meno che non ti chiamino, ma di solito rispondono lo stesso giorno. Non sono problemi davvero enormi.<\/p>\n<p><strong>Ali &#8220;Recensione utente del software Commusoft&#8221;<\/strong><br \/>\n<strong>Pro<\/strong>: 5 stelle! Questo software \u00e8 una salvezza! Mantiene la nostra attivit\u00e0 fluida. Possiamo fare tutto ci\u00f2 di cui abbiamo bisogno in un unico posto: fatture, programmazione e monitoraggio degli ingegneri. Inoltre, le fatture hanno un bell&#8217;aspetto e i promemoria sulle fatture e PPM significano niente pi\u00f9 pagamenti in ritardo o manutenzione! Un grande risparmio di tempo. Il servizio clienti \u00e8 fantastico, sempre pronto a rispondere rapidamente alle nostre domande. Altamente consigliato!<br \/>\n<strong>Contro<\/strong>: Nel profilo dei clienti, preferirei avere un&#8217;opzione in cui possiamo selezionare se i clienti hanno un contratto con noi o meno. In tal caso, ci consentirebbe di inserire la durata del periodo contrattuale. Ci\u00f2 ci consentir\u00e0 di tenere traccia di quali clienti hanno contratti con noi e per quanto tempo.<\/p>\n","protected":false},"excerpt":{"rendered":"<p>Commusoft \u00e8 una piattaforma gestionale che rafforza il tuo team con la soluzione che include licenze giornaliere per subappaltatori, contratti di servizio avanzati, PPM e capacit\u00e0 SLA, assicurando che possano gestire qualsiasi sfida. Il portale self-service personalizzato offre ai clienti accesso in tempo reale a preventivi, fatture e report di lavoro, riducendo le attivit\u00e0 amministrative.<\/p>\n","protected":false},"author":19,"featured_media":78851,"parent":39847,"menu_order":0,"comment_status":"open","ping_status":"closed","template":"g1_template_page_review_new.php","meta":{"_acf_changed":false,"cwp_meta_box_check":"Yes","cwp_rev_product_name":"","cwp_rev_product_image":"","wppr_links":[],"cwp_rev_price":"0.00","wppr_options":[{"name":"Usability","value":"0"},{"name":"Speed","value":"0"},{"name":"Features","value":"0"},{"name":"Support","value":"0"},{"name":"Pricing","value":"0"}],"wppr_pros":["","","","",""],"wppr_cons":["","","","",""],"_monsterinsights_skip_tracking":false,"_monsterinsights_sitenote_active":false,"_monsterinsights_sitenote_note":"","_monsterinsights_sitenote_category":0,"footnotes":""},"categories":[5626],"tags":[15258,5917,15262,15261,15260,15259],"features":[],"class_list":{"0":"post-78845","1":"page","2":"type-page","3":"status-publish","4":"has-post-thumbnail","6":"category-software-disinfestazioni-categoria","7":"tag-commusoft","8":"tag-disinfestazione","9":"tag-piattaforma-di-disinfestazione","10":"tag-programma-di-disinfestazione","11":"tag-software-di-disinfestazione","12":"tag-soluzione-di-disinfestazione"},"wppr_data":{"cwp_meta_box_check":"Yes","_wppr_review_template":"default","cwp_rev_product_image":"","cwp_image_link":"image","wppr_links":[],"cwp_rev_price":"0.00","wppr_pros":["","","","",""],"wppr_cons":["","","","",""],"wppr_rating":"0.00","wppr_options":{"1":{"name":"Usability","value":"0"},"2":{"name":"Speed","value":"0"},"3":{"name":"Features","value":"0"},"4":{"name":"Support","value":"0"},"5":{"name":"Pricing","value":"0"}},"wppr_review_type":"Product","wppr_review_custom_fields":{"additionalProperty":"","additionalType":"","aggregateRating":"","alternateName":"","audience":"","award":"","awards":"","brand":"","color":"","depth":"","description":"","disambiguatingDescription":"","gtin12":"","gtin13":"","gtin14":"","gtin8":"","height":"","identifier":"","image":"","isAccessoryOrSparePartFor":"","isConsumableFor":"","isRelatedTo":"","isSimilarTo":"","itemCondition":"","logo":"","mainEntityOfPage":"","manufacturer":"","material":"","model":"","mpn":"","name":"","offers":"","potentialAction":"","productID":"","productionDate":"","purchaseDate":"","releaseDate":"","review":"","reviews":"","sameAs":"","sku":"","slogan":"","subjectOf":"","url":"","weight":"","width":""}},"acf":[],"yoast_head":"<!-- This site is optimized with the Yoast SEO plugin v27.4 - https:\/\/yoast.com\/product\/yoast-seo-wordpress\/ -->\n<title>Commusoft: recensione software per disinfestazione - Accurate Reviews<\/title>\n<meta name=\"description\" content=\"Commusoft: recensione software per la disinfestazione che tiene traccia degli ordini di lavoro completati e tieni aggiornati i clienti.\" \/>\n<meta name=\"robots\" content=\"index, follow, max-snippet:-1, max-image-preview:large, max-video-preview:-1\" \/>\n<link rel=\"canonical\" href=\"https:\/\/www.accuratereviews.com\/it\/software-disinfestazioni\/commusoft-recensione\/\" \/>\n<meta property=\"og:locale\" content=\"it_IT\" \/>\n<meta property=\"og:type\" content=\"article\" \/>\n<meta property=\"og:title\" content=\"Commusoft: recensione software per disinfestazione - Accurate Reviews\" \/>\n<meta property=\"og:description\" content=\"Commusoft: recensione software per la disinfestazione che tiene traccia degli ordini di lavoro completati e tieni aggiornati i clienti.\" \/>\n<meta property=\"og:url\" content=\"https:\/\/www.accuratereviews.com\/it\/software-disinfestazioni\/commusoft-recensione\/\" \/>\n<meta property=\"og:site_name\" content=\"Accurate Reviews\" \/>\n<meta property=\"og:image\" content=\"https:\/\/www.accuratereviews.com\/wp-content\/uploads\/2024\/09\/Commusoft-1.png\" \/>\n\t<meta property=\"og:image:width\" content=\"512\" \/>\n\t<meta property=\"og:image:height\" content=\"512\" \/>\n\t<meta property=\"og:image:type\" content=\"image\/png\" \/>\n<meta name=\"twitter:card\" content=\"summary_large_image\" \/>\n<meta name=\"twitter:label1\" content=\"Tempo di lettura stimato\" \/>\n\t<meta name=\"twitter:data1\" content=\"6 minuti\" \/>\n<script type=\"application\/ld+json\" class=\"yoast-schema-graph\">{\"@context\":\"https:\\\/\\\/schema.org\",\"@graph\":[{\"@type\":\"WebPage\",\"@id\":\"https:\\\/\\\/www.accuratereviews.com\\\/it\\\/software-disinfestazioni\\\/commusoft-recensione\\\/\",\"url\":\"https:\\\/\\\/www.accuratereviews.com\\\/it\\\/software-disinfestazioni\\\/commusoft-recensione\\\/\",\"name\":\"Commusoft: recensione software per disinfestazione - Accurate Reviews\",\"isPartOf\":{\"@id\":\"https:\\\/\\\/www.accuratereviews.com\\\/it\\\/#website\"},\"primaryImageOfPage\":{\"@id\":\"https:\\\/\\\/www.accuratereviews.com\\\/it\\\/software-disinfestazioni\\\/commusoft-recensione\\\/#primaryimage\"},\"image\":{\"@id\":\"https:\\\/\\\/www.accuratereviews.com\\\/it\\\/software-disinfestazioni\\\/commusoft-recensione\\\/#primaryimage\"},\"thumbnailUrl\":\"https:\\\/\\\/www.accuratereviews.com\\\/wp-content\\\/uploads\\\/2024\\\/09\\\/Commusoft-1.png\",\"datePublished\":\"2024-09-16T11:35:44+00:00\",\"description\":\"Commusoft: recensione software per la disinfestazione che tiene traccia degli ordini di lavoro completati e tieni aggiornati i clienti.\",\"breadcrumb\":{\"@id\":\"https:\\\/\\\/www.accuratereviews.com\\\/it\\\/software-disinfestazioni\\\/commusoft-recensione\\\/#breadcrumb\"},\"inLanguage\":\"it-IT\",\"potentialAction\":[{\"@type\":\"ReadAction\",\"target\":[\"https:\\\/\\\/www.accuratereviews.com\\\/it\\\/software-disinfestazioni\\\/commusoft-recensione\\\/\"]}]},{\"@type\":\"ImageObject\",\"inLanguage\":\"it-IT\",\"@id\":\"https:\\\/\\\/www.accuratereviews.com\\\/it\\\/software-disinfestazioni\\\/commusoft-recensione\\\/#primaryimage\",\"url\":\"https:\\\/\\\/www.accuratereviews.com\\\/wp-content\\\/uploads\\\/2024\\\/09\\\/Commusoft-1.png\",\"contentUrl\":\"https:\\\/\\\/www.accuratereviews.com\\\/wp-content\\\/uploads\\\/2024\\\/09\\\/Commusoft-1.png\",\"width\":512,\"height\":512},{\"@type\":\"BreadcrumbList\",\"@id\":\"https:\\\/\\\/www.accuratereviews.com\\\/it\\\/software-disinfestazioni\\\/commusoft-recensione\\\/#breadcrumb\",\"itemListElement\":[{\"@type\":\"ListItem\",\"position\":1,\"name\":\"Home\",\"item\":\"https:\\\/\\\/www.accuratereviews.com\\\/it\\\/\"},{\"@type\":\"ListItem\",\"position\":2,\"name\":\"Software per le disinfestazioni\",\"item\":\"https:\\\/\\\/www.accuratereviews.com\\\/it\\\/software-disinfestazioni\\\/\"},{\"@type\":\"ListItem\",\"position\":3,\"name\":\"Commusoft\"}]},{\"@type\":\"WebSite\",\"@id\":\"https:\\\/\\\/www.accuratereviews.com\\\/it\\\/#website\",\"url\":\"https:\\\/\\\/www.accuratereviews.com\\\/it\\\/\",\"name\":\"Accurate Reviews\",\"description\":\"\",\"potentialAction\":[{\"@type\":\"SearchAction\",\"target\":{\"@type\":\"EntryPoint\",\"urlTemplate\":\"https:\\\/\\\/www.accuratereviews.com\\\/it\\\/?s={search_term_string}\"},\"query-input\":{\"@type\":\"PropertyValueSpecification\",\"valueRequired\":true,\"valueName\":\"search_term_string\"}}],\"inLanguage\":\"it-IT\"}]}<\/script>\n<!-- \/ Yoast SEO plugin. -->","yoast_head_json":{"title":"Commusoft: recensione software per disinfestazione - Accurate Reviews","description":"Commusoft: recensione software per la disinfestazione che tiene traccia degli ordini di lavoro completati e tieni aggiornati i clienti.","robots":{"index":"index","follow":"follow","max-snippet":"max-snippet:-1","max-image-preview":"max-image-preview:large","max-video-preview":"max-video-preview:-1"},"canonical":"https:\/\/www.accuratereviews.com\/it\/software-disinfestazioni\/commusoft-recensione\/","og_locale":"it_IT","og_type":"article","og_title":"Commusoft: recensione software per disinfestazione - Accurate Reviews","og_description":"Commusoft: recensione software per la disinfestazione che tiene traccia degli ordini di lavoro completati e tieni aggiornati i clienti.","og_url":"https:\/\/www.accuratereviews.com\/it\/software-disinfestazioni\/commusoft-recensione\/","og_site_name":"Accurate Reviews","og_image":[{"width":512,"height":512,"url":"https:\/\/www.accuratereviews.com\/wp-content\/uploads\/2024\/09\/Commusoft-1.png","type":"image\/png"}],"twitter_card":"summary_large_image","twitter_misc":{"Tempo di lettura stimato":"6 minuti"},"schema":{"@context":"https:\/\/schema.org","@graph":[{"@type":"WebPage","@id":"https:\/\/www.accuratereviews.com\/it\/software-disinfestazioni\/commusoft-recensione\/","url":"https:\/\/www.accuratereviews.com\/it\/software-disinfestazioni\/commusoft-recensione\/","name":"Commusoft: recensione software per disinfestazione - Accurate Reviews","isPartOf":{"@id":"https:\/\/www.accuratereviews.com\/it\/#website"},"primaryImageOfPage":{"@id":"https:\/\/www.accuratereviews.com\/it\/software-disinfestazioni\/commusoft-recensione\/#primaryimage"},"image":{"@id":"https:\/\/www.accuratereviews.com\/it\/software-disinfestazioni\/commusoft-recensione\/#primaryimage"},"thumbnailUrl":"https:\/\/www.accuratereviews.com\/wp-content\/uploads\/2024\/09\/Commusoft-1.png","datePublished":"2024-09-16T11:35:44+00:00","description":"Commusoft: recensione software per la disinfestazione che tiene traccia degli ordini di lavoro completati e tieni aggiornati i clienti.","breadcrumb":{"@id":"https:\/\/www.accuratereviews.com\/it\/software-disinfestazioni\/commusoft-recensione\/#breadcrumb"},"inLanguage":"it-IT","potentialAction":[{"@type":"ReadAction","target":["https:\/\/www.accuratereviews.com\/it\/software-disinfestazioni\/commusoft-recensione\/"]}]},{"@type":"ImageObject","inLanguage":"it-IT","@id":"https:\/\/www.accuratereviews.com\/it\/software-disinfestazioni\/commusoft-recensione\/#primaryimage","url":"https:\/\/www.accuratereviews.com\/wp-content\/uploads\/2024\/09\/Commusoft-1.png","contentUrl":"https:\/\/www.accuratereviews.com\/wp-content\/uploads\/2024\/09\/Commusoft-1.png","width":512,"height":512},{"@type":"BreadcrumbList","@id":"https:\/\/www.accuratereviews.com\/it\/software-disinfestazioni\/commusoft-recensione\/#breadcrumb","itemListElement":[{"@type":"ListItem","position":1,"name":"Home","item":"https:\/\/www.accuratereviews.com\/it\/"},{"@type":"ListItem","position":2,"name":"Software per le disinfestazioni","item":"https:\/\/www.accuratereviews.com\/it\/software-disinfestazioni\/"},{"@type":"ListItem","position":3,"name":"Commusoft"}]},{"@type":"WebSite","@id":"https:\/\/www.accuratereviews.com\/it\/#website","url":"https:\/\/www.accuratereviews.com\/it\/","name":"Accurate Reviews","description":"","potentialAction":[{"@type":"SearchAction","target":{"@type":"EntryPoint","urlTemplate":"https:\/\/www.accuratereviews.com\/it\/?s={search_term_string}"},"query-input":{"@type":"PropertyValueSpecification","valueRequired":true,"valueName":"search_term_string"}}],"inLanguage":"it-IT"}]}},"_links":{"self":[{"href":"https:\/\/www.accuratereviews.com\/it\/wp-json\/wp\/v2\/pages\/78845","targetHints":{"allow":["GET"]}}],"collection":[{"href":"https:\/\/www.accuratereviews.com\/it\/wp-json\/wp\/v2\/pages"}],"about":[{"href":"https:\/\/www.accuratereviews.com\/it\/wp-json\/wp\/v2\/types\/page"}],"author":[{"embeddable":true,"href":"https:\/\/www.accuratereviews.com\/it\/wp-json\/wp\/v2\/users\/19"}],"replies":[{"embeddable":true,"href":"https:\/\/www.accuratereviews.com\/it\/wp-json\/wp\/v2\/comments?post=78845"}],"version-history":[{"count":9,"href":"https:\/\/www.accuratereviews.com\/it\/wp-json\/wp\/v2\/pages\/78845\/revisions"}],"predecessor-version":[{"id":78869,"href":"https:\/\/www.accuratereviews.com\/it\/wp-json\/wp\/v2\/pages\/78845\/revisions\/78869"}],"up":[{"embeddable":true,"href":"https:\/\/www.accuratereviews.com\/it\/wp-json\/wp\/v2\/pages\/39847"}],"wp:featuredmedia":[{"embeddable":true,"href":"https:\/\/www.accuratereviews.com\/it\/wp-json\/wp\/v2\/media\/78851"}],"wp:attachment":[{"href":"https:\/\/www.accuratereviews.com\/it\/wp-json\/wp\/v2\/media?parent=78845"}],"wp:term":[{"taxonomy":"category","embeddable":true,"href":"https:\/\/www.accuratereviews.com\/it\/wp-json\/wp\/v2\/categories?post=78845"},{"taxonomy":"post_tag","embeddable":true,"href":"https:\/\/www.accuratereviews.com\/it\/wp-json\/wp\/v2\/tags?post=78845"},{"taxonomy":"features","embeddable":true,"href":"https:\/\/www.accuratereviews.com\/it\/wp-json\/wp\/v2\/features?post=78845"}],"curies":[{"name":"wp","href":"https:\/\/api.w.org\/{rel}","templated":true}]}}