{"id":78919,"date":"2024-09-18T13:42:49","date_gmt":"2024-09-18T13:42:49","guid":{"rendered":"https:\/\/www.accuratereviews.com\/?page_id=78919"},"modified":"2024-09-19T08:19:22","modified_gmt":"2024-09-19T08:19:22","slug":"oneorder-recensione","status":"publish","type":"page","link":"https:\/\/www.accuratereviews.com\/it\/software-immissione-ordini\/oneorder-recensione\/","title":{"rendered":"OneOrder"},"content":{"rendered":"<p><strong>OneOrder<\/strong> \u00e8 un <strong>software di gestione degli ordini<\/strong> e delle relazioni con i clienti, basato su <strong>cloud<\/strong>, che aiuta a raccogliere ordini da cataloghi digitali, gestire team di vendita e clienti e altro ancora. Il catalogo prodotti digitale del software con immagini ottimizza l&#8217;acquisizione degli ordini.<br \/>\nLe caratteristiche principali di <strong>OneOrder<\/strong> includono moduli d&#8217;ordine personalizzabili, PDF, listini prezzi, mappe GPS e altro ancora. Lo strumento aiuta anche con la raccolta degli ordini e la gestione della rete di vendita. Aiuta a gestire la rete di vendita e consente ai clienti di effettuare ordini.<\/p>\n<h2>ONEORDER &#8211; TUTORIAL<\/h2>\n<div id=\"fluid-wrapper-counter-1\" class=\"g1-fluid-wrapper \" style=\"width:686px;\">\n<div style=\"padding-bottom:56.268221574344%;\"><iframe loading=\"lazy\" title=\"Raccolta Ordini da Catalogo per l&#039;Azienda con OneOrder\" width=\"686\" height=\"386\" src=\"https:\/\/www.youtube.com\/embed\/uCEqsa441F4?feature=oembed&amp;wmode=transparent&amp;autohide=1&amp;autoplay=0&amp;disablekb=0&amp;fs=1&amp;loop=0&amp;enablejsapi=1&amp;rel=0&amp;controls=2&amp;showinfo=0&amp;wmode=transparent&amp;autohide=2&amp;autoplay=0&amp;disablekb=0&amp;fs=1&amp;loop=0&amp;enablejsapi=1&amp;rel=0&amp;controls=2&amp;showinfo=1\" frameborder=\"0\" allow=\"accelerometer; autoplay; clipboard-write; encrypted-media; gyroscope; picture-in-picture; web-share\" referrerpolicy=\"strict-origin-when-cross-origin\" allowfullscreen><\/iframe><\/div>\n<\/div>\n<h3>ONEORDER &#8211; CARATTERISTICHE<\/h3>\n<ul>\n<li><strong>Modulo ordine su misura<\/strong>: aggiunta nuovi campi e sistema drag &amp; drop per adattare e personalizzare l&#8217;App e il Programma ti garantiscono la digitalizzazione del modulo d&#8217;Ordine cartaceo.<\/li>\n<li><strong>Catalogo visuale con foto<\/strong>: la scheda prodotto completamente personalizzabile, rende veloce la digitalizzazione dei tuoi cataloghi stampati, impossibili da aggiornare nei prezzi e nelle foto, consultabile ovunque anche offline.<\/li>\n<li><strong>Variante, taglie e colori:<\/strong> specifiche per il prodotto in vendita, gestisci le varianti che vuoi proporre: taglia, colore, materiale, finitura, formato, dimensione, imballo, con inserimento della quantit\u00e0, prezzo e sconto per ogni variante.<\/li>\n<li><strong>Agenda appuntamenti e pianificazioni<\/strong>: funzioni su misura per gli agenti sul campo permettono pianificare gli appuntamenti in maniera rapida e gestire le visite clienti al meglio segnando appunti e promemoria relativi agli accordi presi.<\/li>\n<li><strong>Gestione listini prezzi personalizzati<\/strong>: definizione e implementazione di campi su misura per gestire gli sconti e i listini prezzi su singoli prodotti o su tutti gli articoli e anche per singolo cliente, oltre alla gestione dello sconto libero sul totale ordine.<\/li>\n<li><strong>Agenti che lavorano solo con i loro clienti<\/strong>: settaggi avanzati integrati nelle opzioni della versione desktop della soluzione, per definire e personalizzare per ogni agente il suo elenco dei clienti assegnati e impostare i permessi per le categorie utenti inserite.<\/li>\n<li><strong>Disponibilit\u00e0 di magazzino<\/strong>: le funzioni integrate di carico e scarico delle quantit\u00e0 a magazzino o il collegamento al sistema gestionale, permettono all&#8217;agente e al tuo Cliente di sapere in tempo reale quali prodotti sono disponibili anche per singola variante.<\/li>\n<li><strong>Home B2B ecommerce personalizzabile<\/strong>: in autonomia puoi personalizzare dal punto di vista stilistico la home con un look and feel sintonizzato con le peculiarit\u00e0 del tuo Brand.<\/li>\n<li><strong>Ordini e OMS in una sola piattaforma<\/strong>: gestisci in mobilit\u00e0 gli Ordini in modo professionale e lato Desktop sfrutta le funzioni di pre-processing e lo stato dell&#8217;ordine prima di trasferirli al tuo ERP tramite i sistemi di integrazione.<\/li>\n<li><strong>Calcolo personalizzato delle provvigioni<\/strong>: sistema di calcolo delle provvigioni personalizzabile dedicato agli Agenti e anche all&#8217; Azienda, per verificare e controllare, in ogni momento, qual \u00e8 il guadagno sulle vendite.<\/li>\n<\/ul>\n<h4>LE RECENSIONI DEGLI UTENTI<\/h4>\n<p><strong>Ivano &#8220;Ottima scelta&#8221;<\/strong><br \/>\n<strong>Commenti<\/strong>: ottima, ancora molta strada da fare per arrivare ad avere tutto in controllo ma con tecnici e commerciali sempre molto disponibili sono certo che arriver\u00f2 ad avere uno strumento completo per lavorare.<br \/>\n<strong>Pro<\/strong>: la possibilit\u00e0 di personalizzare a seconda delle proprie necessit\u00e0 e la possibilit\u00e0 di ordinare direttamente dal catalogo prodottti.<br \/>\n<strong>Contro<\/strong>: inizialmente, vista la mia poca dimestichezza con i software, non riuscivo a personalizzare in autonomia<\/p>\n<p><strong>Mario &#8220;Ottimo programma&#8221;<\/strong><br \/>\n<strong>Commenti<\/strong>: Ci ho messo tanto per decidermi, prima ho voluto valutare attentamente la versione di prova. Tempo speso bene<br \/>\n<strong>Pro<\/strong>: E&#8217; veramente un programma completo. Nonostante ci\u00f2 sono possibili le personalizzazioni del caso per avere una gestione ordini su misura.<br \/>\n<strong>Contro<\/strong>: Al momento non ho negativit\u00e0 da segnalare.<\/p>\n","protected":false},"excerpt":{"rendered":"<p>OneOrder \u00e8 un software di gestione degli ordini e delle relazioni con i clienti, basato su cloud, che aiuta a raccogliere ordini da cataloghi digitali, gestire team di vendita e clienti e altro ancora. Il catalogo prodotti digitale del software con immagini ottimizza l&#8217;acquisizione degli ordini.<\/p>\n","protected":false},"author":19,"featured_media":78923,"parent":42766,"menu_order":0,"comment_status":"open","ping_status":"closed","template":"g1_template_page_review_new.php","meta":{"_acf_changed":false,"cwp_meta_box_check":"Yes","cwp_rev_product_name":"","cwp_rev_product_image":"","wppr_links":[],"cwp_rev_price":"0.00","wppr_options":[{"name":"Usability","value":"0"},{"name":"Speed","value":"0"},{"name":"Features","value":"0"},{"name":"Support","value":"0"},{"name":"Pricing","value":"0"}],"wppr_pros":["","","","",""],"wppr_cons":["","","","",""],"_monsterinsights_skip_tracking":false,"_monsterinsights_sitenote_active":false,"_monsterinsights_sitenote_note":"","_monsterinsights_sitenote_category":0,"footnotes":""},"categories":[5815],"tags":[15277,5942,5840,5839,5837,5838],"features":[],"class_list":{"0":"post-78919","1":"page","2":"type-page","3":"status-publish","4":"has-post-thumbnail","6":"category-software-per-erogazione-prestiti-categoria","7":"tag-crowdsofts","8":"tag-erogazione-prestiti","9":"tag-piattaforma-erogazione-prestiti","10":"tag-programma-erogazione-prestiti","11":"tag-software-erogazione-prestiti","12":"tag-soluzione-erogazione-prestiti"},"wppr_data":{"cwp_meta_box_check":"Yes","_wppr_review_template":"default","cwp_rev_product_image":"","cwp_image_link":"image","wppr_links":[],"cwp_rev_price":"0.00","wppr_pros":["","","","",""],"wppr_cons":["","","","",""],"wppr_rating":"0.00","wppr_options":{"1":{"name":"Usability","value":"0"},"2":{"name":"Speed","value":"0"},"3":{"name":"Features","value":"0"},"4":{"name":"Support","value":"0"},"5":{"name":"Pricing","value":"0"}},"wppr_review_type":"Product","wppr_review_custom_fields":{"additionalProperty":"","additionalType":"","aggregateRating":"","alternateName":"","audience":"","award":"","awards":"","brand":"","color":"","depth":"","description":"","disambiguatingDescription":"","gtin12":"","gtin13":"","gtin14":"","gtin8":"","height":"","identifier":"","image":"","isAccessoryOrSparePartFor":"","isConsumableFor":"","isRelatedTo":"","isSimilarTo":"","itemCondition":"","logo":"","mainEntityOfPage":"","manufacturer":"","material":"","model":"","mpn":"","name":"","offers":"","potentialAction":"","productID":"","productionDate":"","purchaseDate":"","releaseDate":"","review":"","reviews":"","sameAs":"","sku":"","slogan":"","subjectOf":"","url":"","weight":"","width":""}},"acf":[],"yoast_head":"<!-- This site is optimized with the Yoast SEO plugin v27.4 - https:\/\/yoast.com\/product\/yoast-seo-wordpress\/ -->\n<title>OneOrder: recensione software per immissione ordini - Accurate Reviews<\/title>\n<meta name=\"description\" content=\"OneOrder: recensione software per l&#039;immissione di ordini con il quale gli utenti possono gestire varianti di prodotto complesse.\" \/>\n<meta name=\"robots\" content=\"index, follow, max-snippet:-1, max-image-preview:large, max-video-preview:-1\" \/>\n<link rel=\"canonical\" href=\"https:\/\/www.accuratereviews.com\/it\/software-immissione-ordini\/oneorder-recensione\/\" \/>\n<meta property=\"og:locale\" content=\"it_IT\" \/>\n<meta property=\"og:type\" content=\"article\" \/>\n<meta property=\"og:title\" content=\"OneOrder: recensione software per immissione ordini - Accurate Reviews\" \/>\n<meta property=\"og:description\" content=\"OneOrder: recensione software per l&#039;immissione di ordini con il quale gli utenti possono gestire varianti di prodotto complesse.\" \/>\n<meta property=\"og:url\" content=\"https:\/\/www.accuratereviews.com\/it\/software-immissione-ordini\/oneorder-recensione\/\" \/>\n<meta property=\"og:site_name\" content=\"Accurate Reviews\" \/>\n<meta property=\"article:modified_time\" content=\"2024-09-19T08:19:22+00:00\" \/>\n<meta property=\"og:image\" content=\"https:\/\/www.accuratereviews.com\/wp-content\/uploads\/2024\/09\/Screenshot-2024-09-18-alle-10.35.52.png\" \/>\n\t<meta property=\"og:image:width\" content=\"850\" \/>\n\t<meta property=\"og:image:height\" content=\"386\" \/>\n\t<meta property=\"og:image:type\" content=\"image\/png\" \/>\n<meta name=\"twitter:card\" content=\"summary_large_image\" \/>\n<meta name=\"twitter:label1\" content=\"Tempo di lettura stimato\" \/>\n\t<meta name=\"twitter:data1\" content=\"4 minuti\" \/>\n<script type=\"application\/ld+json\" class=\"yoast-schema-graph\">{\"@context\":\"https:\\\/\\\/schema.org\",\"@graph\":[{\"@type\":\"WebPage\",\"@id\":\"https:\\\/\\\/www.accuratereviews.com\\\/it\\\/software-immissione-ordini\\\/oneorder-recensione\\\/\",\"url\":\"https:\\\/\\\/www.accuratereviews.com\\\/it\\\/software-immissione-ordini\\\/oneorder-recensione\\\/\",\"name\":\"OneOrder: recensione software per immissione ordini - Accurate Reviews\",\"isPartOf\":{\"@id\":\"https:\\\/\\\/www.accuratereviews.com\\\/it\\\/#website\"},\"primaryImageOfPage\":{\"@id\":\"https:\\\/\\\/www.accuratereviews.com\\\/it\\\/software-immissione-ordini\\\/oneorder-recensione\\\/#primaryimage\"},\"image\":{\"@id\":\"https:\\\/\\\/www.accuratereviews.com\\\/it\\\/software-immissione-ordini\\\/oneorder-recensione\\\/#primaryimage\"},\"thumbnailUrl\":\"https:\\\/\\\/www.accuratereviews.com\\\/wp-content\\\/uploads\\\/2024\\\/09\\\/Screenshot-2024-09-18-alle-10.35.52.png\",\"datePublished\":\"2024-09-18T13:42:49+00:00\",\"dateModified\":\"2024-09-19T08:19:22+00:00\",\"description\":\"OneOrder: recensione software per l'immissione di ordini con il quale gli utenti possono gestire varianti di prodotto complesse.\",\"breadcrumb\":{\"@id\":\"https:\\\/\\\/www.accuratereviews.com\\\/it\\\/software-immissione-ordini\\\/oneorder-recensione\\\/#breadcrumb\"},\"inLanguage\":\"it-IT\",\"potentialAction\":[{\"@type\":\"ReadAction\",\"target\":[\"https:\\\/\\\/www.accuratereviews.com\\\/it\\\/software-immissione-ordini\\\/oneorder-recensione\\\/\"]}]},{\"@type\":\"ImageObject\",\"inLanguage\":\"it-IT\",\"@id\":\"https:\\\/\\\/www.accuratereviews.com\\\/it\\\/software-immissione-ordini\\\/oneorder-recensione\\\/#primaryimage\",\"url\":\"https:\\\/\\\/www.accuratereviews.com\\\/wp-content\\\/uploads\\\/2024\\\/09\\\/Screenshot-2024-09-18-alle-10.35.52.png\",\"contentUrl\":\"https:\\\/\\\/www.accuratereviews.com\\\/wp-content\\\/uploads\\\/2024\\\/09\\\/Screenshot-2024-09-18-alle-10.35.52.png\",\"width\":850,\"height\":386},{\"@type\":\"BreadcrumbList\",\"@id\":\"https:\\\/\\\/www.accuratereviews.com\\\/it\\\/software-immissione-ordini\\\/oneorder-recensione\\\/#breadcrumb\",\"itemListElement\":[{\"@type\":\"ListItem\",\"position\":1,\"name\":\"Home\",\"item\":\"https:\\\/\\\/www.accuratereviews.com\\\/it\\\/\"},{\"@type\":\"ListItem\",\"position\":2,\"name\":\"Software per immissione di ordini\",\"item\":\"https:\\\/\\\/www.accuratereviews.com\\\/it\\\/software-immissione-ordini\\\/\"},{\"@type\":\"ListItem\",\"position\":3,\"name\":\"OneOrder\"}]},{\"@type\":\"WebSite\",\"@id\":\"https:\\\/\\\/www.accuratereviews.com\\\/it\\\/#website\",\"url\":\"https:\\\/\\\/www.accuratereviews.com\\\/it\\\/\",\"name\":\"Accurate Reviews\",\"description\":\"\",\"potentialAction\":[{\"@type\":\"SearchAction\",\"target\":{\"@type\":\"EntryPoint\",\"urlTemplate\":\"https:\\\/\\\/www.accuratereviews.com\\\/it\\\/?s={search_term_string}\"},\"query-input\":{\"@type\":\"PropertyValueSpecification\",\"valueRequired\":true,\"valueName\":\"search_term_string\"}}],\"inLanguage\":\"it-IT\"}]}<\/script>\n<!-- \/ Yoast SEO plugin. -->","yoast_head_json":{"title":"OneOrder: recensione software per immissione ordini - Accurate Reviews","description":"OneOrder: recensione software per l'immissione di ordini con il quale gli utenti possono gestire varianti di prodotto complesse.","robots":{"index":"index","follow":"follow","max-snippet":"max-snippet:-1","max-image-preview":"max-image-preview:large","max-video-preview":"max-video-preview:-1"},"canonical":"https:\/\/www.accuratereviews.com\/it\/software-immissione-ordini\/oneorder-recensione\/","og_locale":"it_IT","og_type":"article","og_title":"OneOrder: recensione software per immissione ordini - Accurate Reviews","og_description":"OneOrder: recensione software per l'immissione di ordini con il quale gli utenti possono gestire varianti di prodotto complesse.","og_url":"https:\/\/www.accuratereviews.com\/it\/software-immissione-ordini\/oneorder-recensione\/","og_site_name":"Accurate Reviews","article_modified_time":"2024-09-19T08:19:22+00:00","og_image":[{"width":850,"height":386,"url":"https:\/\/www.accuratereviews.com\/wp-content\/uploads\/2024\/09\/Screenshot-2024-09-18-alle-10.35.52.png","type":"image\/png"}],"twitter_card":"summary_large_image","twitter_misc":{"Tempo di lettura stimato":"4 minuti"},"schema":{"@context":"https:\/\/schema.org","@graph":[{"@type":"WebPage","@id":"https:\/\/www.accuratereviews.com\/it\/software-immissione-ordini\/oneorder-recensione\/","url":"https:\/\/www.accuratereviews.com\/it\/software-immissione-ordini\/oneorder-recensione\/","name":"OneOrder: recensione software per immissione ordini - Accurate Reviews","isPartOf":{"@id":"https:\/\/www.accuratereviews.com\/it\/#website"},"primaryImageOfPage":{"@id":"https:\/\/www.accuratereviews.com\/it\/software-immissione-ordini\/oneorder-recensione\/#primaryimage"},"image":{"@id":"https:\/\/www.accuratereviews.com\/it\/software-immissione-ordini\/oneorder-recensione\/#primaryimage"},"thumbnailUrl":"https:\/\/www.accuratereviews.com\/wp-content\/uploads\/2024\/09\/Screenshot-2024-09-18-alle-10.35.52.png","datePublished":"2024-09-18T13:42:49+00:00","dateModified":"2024-09-19T08:19:22+00:00","description":"OneOrder: recensione software per l'immissione di ordini con il quale gli utenti possono gestire varianti di prodotto complesse.","breadcrumb":{"@id":"https:\/\/www.accuratereviews.com\/it\/software-immissione-ordini\/oneorder-recensione\/#breadcrumb"},"inLanguage":"it-IT","potentialAction":[{"@type":"ReadAction","target":["https:\/\/www.accuratereviews.com\/it\/software-immissione-ordini\/oneorder-recensione\/"]}]},{"@type":"ImageObject","inLanguage":"it-IT","@id":"https:\/\/www.accuratereviews.com\/it\/software-immissione-ordini\/oneorder-recensione\/#primaryimage","url":"https:\/\/www.accuratereviews.com\/wp-content\/uploads\/2024\/09\/Screenshot-2024-09-18-alle-10.35.52.png","contentUrl":"https:\/\/www.accuratereviews.com\/wp-content\/uploads\/2024\/09\/Screenshot-2024-09-18-alle-10.35.52.png","width":850,"height":386},{"@type":"BreadcrumbList","@id":"https:\/\/www.accuratereviews.com\/it\/software-immissione-ordini\/oneorder-recensione\/#breadcrumb","itemListElement":[{"@type":"ListItem","position":1,"name":"Home","item":"https:\/\/www.accuratereviews.com\/it\/"},{"@type":"ListItem","position":2,"name":"Software per immissione di ordini","item":"https:\/\/www.accuratereviews.com\/it\/software-immissione-ordini\/"},{"@type":"ListItem","position":3,"name":"OneOrder"}]},{"@type":"WebSite","@id":"https:\/\/www.accuratereviews.com\/it\/#website","url":"https:\/\/www.accuratereviews.com\/it\/","name":"Accurate Reviews","description":"","potentialAction":[{"@type":"SearchAction","target":{"@type":"EntryPoint","urlTemplate":"https:\/\/www.accuratereviews.com\/it\/?s={search_term_string}"},"query-input":{"@type":"PropertyValueSpecification","valueRequired":true,"valueName":"search_term_string"}}],"inLanguage":"it-IT"}]}},"_links":{"self":[{"href":"https:\/\/www.accuratereviews.com\/it\/wp-json\/wp\/v2\/pages\/78919","targetHints":{"allow":["GET"]}}],"collection":[{"href":"https:\/\/www.accuratereviews.com\/it\/wp-json\/wp\/v2\/pages"}],"about":[{"href":"https:\/\/www.accuratereviews.com\/it\/wp-json\/wp\/v2\/types\/page"}],"author":[{"embeddable":true,"href":"https:\/\/www.accuratereviews.com\/it\/wp-json\/wp\/v2\/users\/19"}],"replies":[{"embeddable":true,"href":"https:\/\/www.accuratereviews.com\/it\/wp-json\/wp\/v2\/comments?post=78919"}],"version-history":[{"count":12,"href":"https:\/\/www.accuratereviews.com\/it\/wp-json\/wp\/v2\/pages\/78919\/revisions"}],"predecessor-version":[{"id":78952,"href":"https:\/\/www.accuratereviews.com\/it\/wp-json\/wp\/v2\/pages\/78919\/revisions\/78952"}],"up":[{"embeddable":true,"href":"https:\/\/www.accuratereviews.com\/it\/wp-json\/wp\/v2\/pages\/42766"}],"wp:featuredmedia":[{"embeddable":true,"href":"https:\/\/www.accuratereviews.com\/it\/wp-json\/wp\/v2\/media\/78923"}],"wp:attachment":[{"href":"https:\/\/www.accuratereviews.com\/it\/wp-json\/wp\/v2\/media?parent=78919"}],"wp:term":[{"taxonomy":"category","embeddable":true,"href":"https:\/\/www.accuratereviews.com\/it\/wp-json\/wp\/v2\/categories?post=78919"},{"taxonomy":"post_tag","embeddable":true,"href":"https:\/\/www.accuratereviews.com\/it\/wp-json\/wp\/v2\/tags?post=78919"},{"taxonomy":"features","embeddable":true,"href":"https:\/\/www.accuratereviews.com\/it\/wp-json\/wp\/v2\/features?post=78919"}],"curies":[{"name":"wp","href":"https:\/\/api.w.org\/{rel}","templated":true}]}}